{"id":860,"date":"2021-11-27T20:49:53","date_gmt":"2021-11-28T02:49:53","guid":{"rendered":"https:\/\/www2.iepcjalisco.org.mx\/consulta-popular-pacto-fiscal-2021\/?page_id=860"},"modified":"2021-12-21T17:17:49","modified_gmt":"2021-12-21T23:17:49","slug":"resultados-consulta","status":"publish","type":"page","link":"https:\/\/www2.iepcjalisco.org.mx\/consulta-popular-pacto-fiscal-2021\/?page_id=860","title":{"rendered":"Resultados consulta"},"content":{"rendered":"\t\t<div data-elementor-type=\"wp-page\" data-elementor-id=\"860\" class=\"elementor elementor-860\" data-elementor-settings=\"[]\">\n\t\t\t\t\t\t\t<div class=\"elementor-section-wrap\">\n\t\t\t\t\t\t\t<section class=\"elementor-section elementor-top-section elementor-element elementor-element-e24190c elementor-section-boxed elementor-section-height-default elementor-section-height-default\" data-id=\"e24190c\" data-element_type=\"section\">\n\t\t\t\t\t\t<div class=\"elementor-container elementor-column-gap-default\">\n\t\t\t\t\t<div class=\"elementor-column elementor-col-100 elementor-top-column elementor-element elementor-element-d101f73\" data-id=\"d101f73\" data-element_type=\"column\">\n\t\t\t<div class=\"elementor-widget-wrap elementor-element-populated\">\n\t\t\t\t\t\t\t\t<div class=\"elementor-element elementor-element-dcf6856 eael-dual-header-content-align-center elementor-widget elementor-widget-eael-dual-color-header\" data-id=\"dcf6856\" data-element_type=\"widget\" data-widget_type=\"eael-dual-color-header.default\">\n\t\t\t\t<div class=\"elementor-widget-container\">\n\t\t\t\n\t\t        <div class=\"eael-dual-header\">\n\t\t\t\t<h2 class=\"title\"><span  class=\"lead solid-color\">resultados de <\/span> <span>participaci\u00f3n<\/span><\/h2>\n\t\t\t\t<span class=\"subtext\"><\/span>\n\t\t\t\t\t<span class=\"eael-dch-svg-icon\"><\/span>\t\t\t\t<\/div>\n\t\n\t\t\n\t\t\n\t\t\n\t\t\t\t<\/div>\n\t\t\t\t<\/div>\n\t\t\t\t<div class=\"elementor-element elementor-element-28df809 elementor-widget elementor-widget-eael-creative-button\" data-id=\"28df809\" data-element_type=\"widget\" data-widget_type=\"eael-creative-button.default\">\n\t\t\t\t<div class=\"elementor-widget-container\">\n\t\t\t        <div class=\"eael-creative-button-wrapper\">\n\n            <a class=\"eael-creative-button eael-creative-button--default\" href=\"https:\/\/consulta.iepcjalisco.mx\/\" data-text=\"\">\n\n                <div class=\"creative-button-inner\">\n\n                    \n                    <span class=\"cretive-button-text\">C\u00d3MPUTO DE RESULTADOS DE LA CONSULTA POPULAR SOBRE LA REVISI\u00d3N DEL PACTO FISCAL<\/span>\n\n                                            <span class=\"eael-creative-button-icon-right\"><i aria-hidden=\"true\" class=\"fas fa-hand-point-up\"><\/i><\/span>                                    <\/div>\n            <\/a>\n        <\/div>\n\t\t<\/div>\n\t\t\t\t<\/div>\n\t\t\t\t<section class=\"elementor-section elementor-inner-section elementor-element elementor-element-67eb65e elementor-section-boxed elementor-section-height-default elementor-section-height-default\" data-id=\"67eb65e\" data-element_type=\"section\" data-settings=\"{&quot;background_background&quot;:&quot;classic&quot;}\">\n\t\t\t\t\t\t<div class=\"elementor-container elementor-column-gap-default\">\n\t\t\t\t\t<div class=\"elementor-column elementor-col-50 elementor-inner-column elementor-element elementor-element-7bc6fd6\" data-id=\"7bc6fd6\" data-element_type=\"column\">\n\t\t\t<div class=\"elementor-widget-wrap elementor-element-populated\">\n\t\t\t\t\t\t\t\t<div class=\"elementor-element elementor-element-7ac80ea elementor-widget elementor-widget-image\" data-id=\"7ac80ea\" data-element_type=\"widget\" data-widget_type=\"image.default\">\n\t\t\t\t<div class=\"elementor-widget-container\">\n\t\t\t\t\t\t\t\t\t\t\t\t\t\t\t<img loading=\"lazy\" decoding=\"async\" width=\"1024\" height=\"727\" src=\"https:\/\/www2.iepcjalisco.org.mx\/consulta-popular-pacto-fiscal-2021\/wp-content\/uploads\/2021\/11\/ninos-y-ninas-1024x727.png\" class=\"attachment-large size-large\" alt=\"\" srcset=\"https:\/\/www2.iepcjalisco.org.mx\/consulta-popular-pacto-fiscal-2021\/wp-content\/uploads\/2021\/11\/ninos-y-ninas-1024x727.png 1024w, https:\/\/www2.iepcjalisco.org.mx\/consulta-popular-pacto-fiscal-2021\/wp-content\/uploads\/2021\/11\/ninos-y-ninas-300x213.png 300w, https:\/\/www2.iepcjalisco.org.mx\/consulta-popular-pacto-fiscal-2021\/wp-content\/uploads\/2021\/11\/ninos-y-ninas-768x545.png 768w, https:\/\/www2.iepcjalisco.org.mx\/consulta-popular-pacto-fiscal-2021\/wp-content\/uploads\/2021\/11\/ninos-y-ninas.png 1056w\" sizes=\"auto, (max-width: 1024px) 100vw, 1024px\" \/>\t\t\t\t\t\t\t\t\t\t\t\t\t\t\t<\/div>\n\t\t\t\t<\/div>\n\t\t\t\t\t<\/div>\n\t\t<\/div>\n\t\t\t\t<div class=\"elementor-column elementor-col-50 elementor-inner-column elementor-element elementor-element-52e6ce9\" data-id=\"52e6ce9\" data-element_type=\"column\">\n\t\t\t<div class=\"elementor-widget-wrap elementor-element-populated\">\n\t\t\t\t\t\t\t\t<div class=\"elementor-element elementor-element-e94ba82 elementor-widget elementor-widget-spacer\" data-id=\"e94ba82\" data-element_type=\"widget\" data-widget_type=\"spacer.default\">\n\t\t\t\t<div class=\"elementor-widget-container\">\n\t\t\t\t\t<div class=\"elementor-spacer\">\n\t\t\t<div class=\"elementor-spacer-inner\"><\/div>\n\t\t<\/div>\n\t\t\t\t<\/div>\n\t\t\t\t<\/div>\n\t\t\t\t<div class=\"elementor-element elementor-element-6f26a01 elementor-widget elementor-widget-text-editor\" data-id=\"6f26a01\" data-element_type=\"widget\" data-widget_type=\"text-editor.default\">\n\t\t\t\t<div class=\"elementor-widget-container\">\n\t\t\t\t\t\t\t<h4>N\u00famero de ni\u00f1os y ni\u00f1as que han opinado<\/h4>\t\t\t\t\t\t<\/div>\n\t\t\t\t<\/div>\n\t\t\t\t<div class=\"elementor-element elementor-element-117759b elementor-widget elementor-widget-heading\" data-id=\"117759b\" data-element_type=\"widget\" data-widget_type=\"heading.default\">\n\t\t\t\t<div class=\"elementor-widget-container\">\n\t\t\t<h2 class=\"elementor-heading-title elementor-size-default\">61,132<\/h2>\t\t<\/div>\n\t\t\t\t<\/div>\n\t\t\t\t\t<\/div>\n\t\t<\/div>\n\t\t\t\t\t\t\t<\/div>\n\t\t<\/section>\n\t\t\t\t<section class=\"elementor-section elementor-inner-section elementor-element elementor-element-8031fb0 elementor-section-boxed elementor-section-height-default elementor-section-height-default\" data-id=\"8031fb0\" data-element_type=\"section\" data-settings=\"{&quot;background_background&quot;:&quot;classic&quot;}\">\n\t\t\t\t\t\t<div class=\"elementor-container elementor-column-gap-default\">\n\t\t\t\t\t<div class=\"elementor-column elementor-col-50 elementor-inner-column elementor-element elementor-element-087d853\" data-id=\"087d853\" data-element_type=\"column\">\n\t\t\t<div class=\"elementor-widget-wrap elementor-element-populated\">\n\t\t\t\t\t\t\t\t<div class=\"elementor-element elementor-element-b5ef117 elementor-widget elementor-widget-spacer\" data-id=\"b5ef117\" data-element_type=\"widget\" data-widget_type=\"spacer.default\">\n\t\t\t\t<div class=\"elementor-widget-container\">\n\t\t\t\t\t<div class=\"elementor-spacer\">\n\t\t\t<div class=\"elementor-spacer-inner\"><\/div>\n\t\t<\/div>\n\t\t\t\t<\/div>\n\t\t\t\t<\/div>\n\t\t\t\t<div class=\"elementor-element elementor-element-73566d1 elementor-widget elementor-widget-text-editor\" data-id=\"73566d1\" data-element_type=\"widget\" data-widget_type=\"text-editor.default\">\n\t\t\t\t<div class=\"elementor-widget-container\">\n\t\t\t\t\t\t\t<h4>N\u00famero de mayores de edad que han opinado<\/h4>\t\t\t\t\t\t<\/div>\n\t\t\t\t<\/div>\n\t\t\t\t<div class=\"elementor-element elementor-element-1137ba4 elementor-widget elementor-widget-heading\" data-id=\"1137ba4\" data-element_type=\"widget\" data-widget_type=\"heading.default\">\n\t\t\t\t<div class=\"elementor-widget-container\">\n\t\t\t<h2 class=\"elementor-heading-title elementor-size-default\">388,816<\/h2>\t\t<\/div>\n\t\t\t\t<\/div>\n\t\t\t\t\t<\/div>\n\t\t<\/div>\n\t\t\t\t<div class=\"elementor-column elementor-col-50 elementor-inner-column elementor-element elementor-element-44874fe\" data-id=\"44874fe\" data-element_type=\"column\">\n\t\t\t<div class=\"elementor-widget-wrap elementor-element-populated\">\n\t\t\t\t\t\t\t\t<div class=\"elementor-element elementor-element-b878a46 elementor-widget elementor-widget-image\" data-id=\"b878a46\" data-element_type=\"widget\" data-widget_type=\"image.default\">\n\t\t\t\t<div class=\"elementor-widget-container\">\n\t\t\t\t\t\t\t\t\t\t\t\t\t\t\t<img loading=\"lazy\" decoding=\"async\" width=\"1024\" height=\"727\" src=\"https:\/\/www2.iepcjalisco.org.mx\/consulta-popular-pacto-fiscal-2021\/wp-content\/uploads\/2021\/11\/adultos01-1024x727.png\" class=\"attachment-large size-large\" alt=\"\" srcset=\"https:\/\/www2.iepcjalisco.org.mx\/consulta-popular-pacto-fiscal-2021\/wp-content\/uploads\/2021\/11\/adultos01-1024x727.png 1024w, https:\/\/www2.iepcjalisco.org.mx\/consulta-popular-pacto-fiscal-2021\/wp-content\/uploads\/2021\/11\/adultos01-300x213.png 300w, https:\/\/www2.iepcjalisco.org.mx\/consulta-popular-pacto-fiscal-2021\/wp-content\/uploads\/2021\/11\/adultos01-768x545.png 768w, https:\/\/www2.iepcjalisco.org.mx\/consulta-popular-pacto-fiscal-2021\/wp-content\/uploads\/2021\/11\/adultos01.png 1056w\" sizes=\"auto, (max-width: 1024px) 100vw, 1024px\" \/>\t\t\t\t\t\t\t\t\t\t\t\t\t\t\t<\/div>\n\t\t\t\t<\/div>\n\t\t\t\t\t<\/div>\n\t\t<\/div>\n\t\t\t\t\t\t\t<\/div>\n\t\t<\/section>\n\t\t\t\t<section class=\"elementor-section elementor-inner-section elementor-element elementor-element-cc9a08d elementor-section-boxed elementor-section-height-default elementor-section-height-default\" data-id=\"cc9a08d\" data-element_type=\"section\" data-settings=\"{&quot;background_background&quot;:&quot;classic&quot;}\">\n\t\t\t\t\t\t<div class=\"elementor-container elementor-column-gap-default\">\n\t\t\t\t\t<div class=\"elementor-column elementor-col-100 elementor-inner-column elementor-element elementor-element-fcd37ee\" data-id=\"fcd37ee\" data-element_type=\"column\">\n\t\t\t<div class=\"elementor-widget-wrap elementor-element-populated\">\n\t\t\t\t\t\t\t\t<div class=\"elementor-element elementor-element-0af2612 elementor-widget elementor-widget-text-editor\" data-id=\"0af2612\" data-element_type=\"widget\" data-widget_type=\"text-editor.default\">\n\t\t\t\t<div class=\"elementor-widget-container\">\n\t\t\t\t\t\t\t<h4>Total de opiniones recibidas<\/h4>\t\t\t\t\t\t<\/div>\n\t\t\t\t<\/div>\n\t\t\t\t<div class=\"elementor-element elementor-element-e07a48b elementor-widget elementor-widget-heading\" data-id=\"e07a48b\" data-element_type=\"widget\" data-widget_type=\"heading.default\">\n\t\t\t\t<div class=\"elementor-widget-container\">\n\t\t\t<h2 class=\"elementor-heading-title elementor-size-default\">449,948 *<\/h2>\t\t<\/div>\n\t\t\t\t<\/div>\n\t\t\t\t<div class=\"elementor-element elementor-element-787aca0 elementor-widget elementor-widget-text-editor\" data-id=\"787aca0\" data-element_type=\"widget\" data-widget_type=\"text-editor.default\">\n\t\t\t\t<div class=\"elementor-widget-container\">\n\t\t\t\t\t\t\t<p style=\"text-align: center;\"><strong>Menores:<\/strong> 61,132<\/p><p style=\"text-align: center;\"><strong>Mayores: <\/strong>388,816<\/p>\t\t\t\t\t\t<\/div>\n\t\t\t\t<\/div>\n\t\t\t\t<div class=\"elementor-element elementor-element-7c8ec1d elementor-widget elementor-widget-eael-progress-bar\" data-id=\"7c8ec1d\" data-element_type=\"widget\" data-widget_type=\"eael-progress-bar.default\">\n\t\t\t\t<div class=\"elementor-widget-container\">\n\t\t\t<div class=\"eael-progressbar-circle-container center\">\n                <div class=\"eael-progressbar eael-progressbar-half-circle\" data-layout=\"half_circle\" data-count=\"100\" data-duration=\"1500\">\n                    <div class=\"eael-progressbar-circle\">\n                        <div class=\"eael-progressbar-circle-pie\">\n                            <div class=\"eael-progressbar-circle-half\" style=\"-webkit-transition-duration:1500ms;-o-transition-duration:1500ms;transition-duration:1500ms;\"><\/div>\n                        <\/div>\n                        <div class=\"eael-progressbar-circle-inner\"><\/div>\n                    <\/div>\n                    <div class=\"eael-progressbar-circle-inner-content\">\n                        \n                        \n                    <\/div>\n                <\/div>\n                <div class=\"eael-progressbar-half-circle-after\">\n                    \n                    \n                <\/div>\n            <\/div>\t\t<\/div>\n\t\t\t\t<\/div>\n\t\t\t\t<div class=\"elementor-element elementor-element-9669ca9 elementor-widget elementor-widget-text-editor\" data-id=\"9669ca9\" data-element_type=\"widget\" data-widget_type=\"text-editor.default\">\n\t\t\t\t<div class=\"elementor-widget-container\">\n\t\t\t\t\t\t\t<h5>100.0000 %<\/h5><p>Porcentaje de urnas capturadas**<\/p>\t\t\t\t\t\t<\/div>\n\t\t\t\t<\/div>\n\t\t\t\t<div class=\"elementor-element elementor-element-af2797f elementor-widget elementor-widget-text-editor\" data-id=\"af2797f\" data-element_type=\"widget\" data-widget_type=\"text-editor.default\">\n\t\t\t\t<div class=\"elementor-widget-container\">\n\t\t\t\t\t\t\t<p><!-- Totales Por Jornada --><\/p><table style=\"width: 100%;\"><tbody><tr style=\"margin: 10;\"><td style=\"text-align: center;\"><h3>JORNADAS 1 y 2<\/h3><p>27 y 28 de Noviembre 2021<\/p><h1>136,495<\/h1><p><strong>Menores:<\/strong> 15,852<\/p><p><strong>Mayores: <\/strong>120,643<\/p><\/td><td style=\"text-align: center;\"><h3>JORNADAS 3 y 4<\/h3><p>4 y 5 de Diciembre 2021<\/p><h1>144,882<\/h1><p><strong>Menores:<\/strong> 18,544<\/p><p><strong>Mayores: <\/strong>126,338<\/p><\/td><\/tr><tr><td>\u00a0<\/td><td>\u00a0<\/td><\/tr><tr><td style=\"text-align: center;\"><h3>JORNADAS 5 y 6<\/h3><p>11 y 12 de Diciembre 2021<\/p><h1>84,431<\/h1><p><strong>Menores:<\/strong> 13,816<\/p><p><strong>Mayores: <\/strong>70,615<\/p><\/td><td style=\"text-align: center;\"><h3>JORNADAS 7 y 8<\/h3><p>18 y 19 de Diciembre 2021<\/p><h1>84,140<\/h1><p><strong>Menores:<\/strong>\u00a012,920<\/p><p><strong>Mayores: <\/strong>71,220<\/p><\/td><\/tr><\/tbody><\/table>\t\t\t\t\t\t<\/div>\n\t\t\t\t<\/div>\n\t\t\t\t<div class=\"elementor-element elementor-element-62ae0a3 elementor-widget elementor-widget-image\" data-id=\"62ae0a3\" data-element_type=\"widget\" data-widget_type=\"image.default\">\n\t\t\t\t<div class=\"elementor-widget-container\">\n\t\t\t\t\t\t\t\t\t\t\t\t\t\t\t<img loading=\"lazy\" decoding=\"async\" width=\"1024\" height=\"537\" src=\"https:\/\/www2.iepcjalisco.org.mx\/consulta-popular-pacto-fiscal-2021\/wp-content\/uploads\/2021\/11\/Grupo01-1024x537.png\" class=\"attachment-large size-large\" alt=\"\" srcset=\"https:\/\/www2.iepcjalisco.org.mx\/consulta-popular-pacto-fiscal-2021\/wp-content\/uploads\/2021\/11\/Grupo01-1024x537.png 1024w, https:\/\/www2.iepcjalisco.org.mx\/consulta-popular-pacto-fiscal-2021\/wp-content\/uploads\/2021\/11\/Grupo01-300x157.png 300w, https:\/\/www2.iepcjalisco.org.mx\/consulta-popular-pacto-fiscal-2021\/wp-content\/uploads\/2021\/11\/Grupo01-768x403.png 768w, https:\/\/www2.iepcjalisco.org.mx\/consulta-popular-pacto-fiscal-2021\/wp-content\/uploads\/2021\/11\/Grupo01.png 1436w\" sizes=\"auto, (max-width: 1024px) 100vw, 1024px\" \/>\t\t\t\t\t\t\t\t\t\t\t\t\t\t\t<\/div>\n\t\t\t\t<\/div>\n\t\t\t\t\t<\/div>\n\t\t<\/div>\n\t\t\t\t\t\t\t<\/div>\n\t\t<\/section>\n\t\t\t\t<div class=\"elementor-element elementor-element-e790ffd elementor-widget elementor-widget-text-editor\" data-id=\"e790ffd\" data-element_type=\"widget\" data-widget_type=\"text-editor.default\">\n\t\t\t\t<div class=\"elementor-widget-container\">\n\t\t\t\t\t\t\t\t\t\t\t\t\t<\/div>\n\t\t\t\t<\/div>\n\t\t\t\t<div class=\"elementor-element elementor-element-a44931f elementor-widget elementor-widget-text-editor\" data-id=\"a44931f\" data-element_type=\"widget\" data-widget_type=\"text-editor.default\">\n\t\t\t\t<div class=\"elementor-widget-container\">\n\t\t\t\t\t\t\t<p style=\"text-align: left;\"><span style=\"color: #999999;\">Corte al 19 de diciembre a las 23:59:59 horas<\/span><\/p><p style=\"text-align: left;\"><span style=\"color: #999999; text-align: center; font-family: var(--bs-font-sans-serif); font-style: inherit; text-transform: inherit;\">* Suma de las opiniones de las jornadas realizadas el 27 y 28 de noviembre y el 4 , 5, 11, 12, 18 y 19 de diciembre.<\/span><\/p><p style=\"text-align: left;\"><span style=\"color: #999999; text-align: center; font-family: var(--bs-font-sans-serif); font-style: inherit; text-transform: inherit;\">** El Porcentaje de urnas capturadas es una referencia sobre el porcentaje de urnas de las que se ha recibido al menos un acta de resultados y es acumulativo con respecto a las jornadas que se van capturando<\/span><\/p>\t\t\t\t\t\t<\/div>\n\t\t\t\t<\/div>\n\t\t\t\t\t<\/div>\n\t\t<\/div>\n\t\t\t\t\t\t\t<\/div>\n\t\t<\/section>\n\t\t\t\t<section class=\"elementor-section elementor-top-section elementor-element elementor-element-e1a34e9 elementor-section-boxed elementor-section-height-default elementor-section-height-default\" data-id=\"e1a34e9\" data-element_type=\"section\">\n\t\t\t\t\t\t<div class=\"elementor-container elementor-column-gap-default\">\n\t\t\t\t\t<div class=\"elementor-column elementor-col-100 elementor-top-column elementor-element elementor-element-988dbf2\" data-id=\"988dbf2\" data-element_type=\"column\">\n\t\t\t<div class=\"elementor-widget-wrap elementor-element-populated\">\n\t\t\t\t\t\t\t\t<div class=\"elementor-element elementor-element-a9a0d3a elementor-widget elementor-widget-text-editor\" data-id=\"a9a0d3a\" data-element_type=\"widget\" data-widget_type=\"text-editor.default\">\n\t\t\t\t<div class=\"elementor-widget-container\">\n\t\t\t\t\t\t\t<p style=\"text-align: center;\"><span style=\"color: #212529; font-family: system-ui, -apple-system, 'Segoe UI', Roboto, 'Helvetica Neue', Arial, 'Noto Sans', 'Liberation Sans', sans-serif, 'Apple Color Emoji', 'Segoe UI Emoji', 'Segoe UI Symbol', 'Noto Color Emoji'; text-align: center; font-style: inherit; text-transform: inherit;\"><b>Los resultados presentados tienen un car\u00e1cter informativo y no son definitivos, por tanto, no tienen efectos jur\u00eddicos<\/b><\/span>.<\/p>\t\t\t\t\t\t<\/div>\n\t\t\t\t<\/div>\n\t\t\t\t\t<\/div>\n\t\t<\/div>\n\t\t\t\t\t\t\t<\/div>\n\t\t<\/section>\n\t\t\t\t\t\t<\/div>\n\t\t\t\t\t<\/div>\n\t\t","protected":false},"excerpt":{"rendered":"<p>resultados de participaci\u00f3n C\u00d3MPUTO DE RESULTADOS DE LA CONSULTA POPULAR SOBRE LA REVISI\u00d3N DEL PACTO FISCAL N\u00famero de ni\u00f1os y ni\u00f1as que han opinado 61,132 N\u00famero de mayores de edad que han opinado 388,816 Total de opiniones recibidas 449,948 * Menores: 61,132 Mayores: 388,816 100.0000 % Porcentaje de urnas capturadas** JORNADAS 1 y 2 27 [&hellip;]<\/p>\n","protected":false},"author":1,"featured_media":0,"parent":0,"menu_order":0,"comment_status":"closed","ping_status":"closed","template":"templates\/template-page-full-width.php","meta":{"footnotes":""},"class_list":["post-860","page","type-page","status-publish","hentry"],"_links":{"self":[{"href":"https:\/\/www2.iepcjalisco.org.mx\/consulta-popular-pacto-fiscal-2021\/index.php?rest_route=\/wp\/v2\/pages\/860","targetHints":{"allow":["GET"]}}],"collection":[{"href":"https:\/\/www2.iepcjalisco.org.mx\/consulta-popular-pacto-fiscal-2021\/index.php?rest_route=\/wp\/v2\/pages"}],"about":[{"href":"https:\/\/www2.iepcjalisco.org.mx\/consulta-popular-pacto-fiscal-2021\/index.php?rest_route=\/wp\/v2\/types\/page"}],"author":[{"embeddable":true,"href":"https:\/\/www2.iepcjalisco.org.mx\/consulta-popular-pacto-fiscal-2021\/index.php?rest_route=\/wp\/v2\/users\/1"}],"replies":[{"embeddable":true,"href":"https:\/\/www2.iepcjalisco.org.mx\/consulta-popular-pacto-fiscal-2021\/index.php?rest_route=%2Fwp%2Fv2%2Fcomments&post=860"}],"version-history":[{"count":176,"href":"https:\/\/www2.iepcjalisco.org.mx\/consulta-popular-pacto-fiscal-2021\/index.php?rest_route=\/wp\/v2\/pages\/860\/revisions"}],"predecessor-version":[{"id":1162,"href":"https:\/\/www2.iepcjalisco.org.mx\/consulta-popular-pacto-fiscal-2021\/index.php?rest_route=\/wp\/v2\/pages\/860\/revisions\/1162"}],"wp:attachment":[{"href":"https:\/\/www2.iepcjalisco.org.mx\/consulta-popular-pacto-fiscal-2021\/index.php?rest_route=%2Fwp%2Fv2%2Fmedia&parent=860"}],"curies":[{"name":"wp","href":"https:\/\/api.w.org\/{rel}","templated":true}]}}