{"id":50,"date":"2022-12-12T12:49:03","date_gmt":"2022-12-12T12:49:03","guid":{"rendered":"https:\/\/www2.iepcjalisco.org.mx\/consultas\/?page_id=50"},"modified":"2023-02-13T17:52:37","modified_gmt":"2023-02-13T17:52:37","slug":"consulta-indigena","status":"publish","type":"page","link":"https:\/\/www2.iepcjalisco.org.mx\/consultas\/?page_id=50","title":{"rendered":"Consulta Ind\u00edgena"},"content":{"rendered":"\t\t<div data-elementor-type=\"wp-page\" data-elementor-id=\"50\" class=\"elementor elementor-50\" data-elementor-settings=\"[]\">\n\t\t\t\t\t\t\t<div class=\"elementor-section-wrap\">\n\t\t\t\t\t\t\t<section class=\"elementor-section elementor-top-section elementor-element elementor-element-92bfd16 elementor-section-boxed elementor-section-height-default elementor-section-height-default\" data-id=\"92bfd16\" data-element_type=\"section\">\n\t\t\t\t\t\t<div class=\"elementor-container elementor-column-gap-default\">\n\t\t\t\t\t<div class=\"elementor-column elementor-col-50 elementor-top-column elementor-element elementor-element-a917efe\" data-id=\"a917efe\" data-element_type=\"column\">\n\t\t\t<div class=\"elementor-widget-wrap\">\n\t\t\t\t\t\t\t\t\t<\/div>\n\t\t<\/div>\n\t\t\t\t<div class=\"elementor-column elementor-col-50 elementor-top-column elementor-element elementor-element-c799368\" data-id=\"c799368\" data-element_type=\"column\">\n\t\t\t<div class=\"elementor-widget-wrap elementor-element-populated\">\n\t\t\t\t\t\t\t\t<div class=\"elementor-element elementor-element-76d1dac elementor-widget elementor-widget-button\" data-id=\"76d1dac\" data-element_type=\"widget\" data-widget_type=\"button.default\">\n\t\t\t\t<div class=\"elementor-widget-container\">\n\t\t\t\t\t<div class=\"elementor-button-wrapper\">\n\t\t\t<a href=\"https:\/\/www.iepcjalisco.org.mx\/sites\/default\/files\/sesiones-de-consejo\/consejo%20general\/2023-01-12\/04iepc-acg-002-2023.pdf\" class=\"elementor-button-link elementor-button elementor-size-sm\" role=\"button\">\n\t\t\t\t\t\t<span class=\"elementor-button-content-wrapper\">\n\t\t\t\t\t\t<span class=\"elementor-button-icon elementor-align-icon-left\">\n\t\t\t\t<i aria-hidden=\"true\" class=\"far fa-file-pdf\"><\/i>\t\t\t<\/span>\n\t\t\t\t\t\t<span class=\"elementor-button-text\">Acuerdo sobre el cuestionario<\/span>\n\t\t<\/span>\n\t\t\t\t\t<\/a>\n\t\t<\/div>\n\t\t\t\t<\/div>\n\t\t\t\t<\/div>\n\t\t\t\t\t<\/div>\n\t\t<\/div>\n\t\t\t\t\t\t\t<\/div>\n\t\t<\/section>\n\t\t\t\t<section class=\"elementor-section elementor-top-section elementor-element elementor-element-1e7e0380 elementor-section-boxed elementor-section-height-default elementor-section-height-default\" data-id=\"1e7e0380\" data-element_type=\"section\">\n\t\t\t\t\t\t<div class=\"elementor-container elementor-column-gap-default\">\n\t\t\t\t\t<div class=\"elementor-column elementor-col-100 elementor-top-column elementor-element elementor-element-56d45bf8\" data-id=\"56d45bf8\" data-element_type=\"column\">\n\t\t\t<div class=\"elementor-widget-wrap elementor-element-populated\">\n\t\t\t\t\t\t\t\t<div class=\"elementor-element elementor-element-3f37d4b2 elementor-widget elementor-widget-text-editor\" data-id=\"3f37d4b2\" data-element_type=\"widget\" data-widget_type=\"text-editor.default\">\n\t\t\t\t<div class=\"elementor-widget-container\">\n\t\t\t\t\t<div class=\"elementor-text-editor elementor-clearfix\"><iframe loading=\"lazy\" src=\"https:\/\/iepcjaliscoorgmx-my.sharepoint.com\/personal\/carlos_aguirre_iepcjalisco_mx\/_layouts\/15\/embed.aspx?UniqueId=0a9a1b23-7177-4cd8-951b-9099c9d7d146\" width=\"640\" height=\"360\" frameborder=\"0\" scrolling=\"no\" allowfullscreen title=\"Consulta indi\u0301gena.pdf\"><\/iframe>\n\n<!-- wp:heading {\"textAlign\":\"center\",\"level\":4,\"align\":\"wide\"} --><!-- \/wp:heading -->\n\n<!-- wp:group {\"layout\":{\"type\":\"constrained\"}} --><!-- \/wp:group -->\n\n<!-- wp:paragraph --><!-- \/wp:paragraph -->\n\n<!-- wp:paragraph --><!-- \/wp:paragraph -->\n\n<!-- wp:paragraph -->\n<p><strong>\u00bfQu\u00e9 son las acciones afirmativas?<\/strong><\/p>\n<!-- \/wp:paragraph -->\n\n<!-- wp:paragraph -->\n<p>Son medidas temporales que se toman para superar las brechas de desigualdad de un grupo de personas en particular<\/p>\n<!-- \/wp:paragraph -->\n\n<!-- wp:paragraph -->\n<p><strong>\u00bfCu\u00e1ndo ser\u00e1 la consulta?<\/strong><\/p>\n<!-- \/wp:paragraph -->\n\n<!-- wp:paragraph -->\n<p>Del 12 de diciembre hasta el 31 de marzo <strong>\u00a0<\/strong><\/p>\n<!-- \/wp:paragraph -->\n\n<!-- wp:paragraph -->\n<p><strong>Est\u00e1n invitados a participar todos los pueblos y comunidades ind\u00edgenas de Jalisco\u00a0<\/strong><\/p>\n<!-- \/wp:paragraph -->\n\n<!-- wp:paragraph -->\n<p><strong>\u00bfDe qu\u00e9 hablaremos?\u00a0<\/strong><\/p>\n<!-- \/wp:paragraph -->\n\n<!-- wp:paragraph -->\n<p>Sobre las reglas que se definir\u00e1n para que comunidades y pueblos ind\u00edgenas tengan mayores posibilidades de tener representaci\u00f3n<\/p>\n<!-- \/wp:paragraph -->\n\n<!-- wp:paragraph -->\n<p><strong>Temas de consulta\u00a0<\/strong><\/p>\n<!-- \/wp:paragraph -->\n\n<!-- wp:paragraph -->\n<p>1. Acciones afirmativas implementadas en las pasadas elecciones.<\/p>\n<!-- \/wp:paragraph -->\n\n<!-- wp:paragraph -->\n<p>2. Porcentaje de poblaci\u00f3n ind\u00edgena en Jalisco<\/p>\n<!-- \/wp:paragraph -->\n\n<!-- wp:paragraph -->\n<p>3. Documentos y autoridades para comprobar el v\u00ednculo con la comunidad ind\u00edgena.\u00a0<\/p>\n<!-- \/wp:paragraph -->\n\n<!-- wp:paragraph -->\n<p>4. Criterios para definir las reglas que faciliten a nuestras comunidades ind\u00edgenas su participaci\u00f3n en la pr\u00f3xima elecci\u00f3n\u00a0<\/p>\n<!-- \/wp:paragraph -->\n\n<!-- wp:paragraph -->\n<p>5.Herramientas para difundir de manera eficiente los resultados de la consulta.\u00a0\u00a0<\/p>\n<!-- \/wp:paragraph -->\n\n<!-- wp:paragraph -->\n<p><strong>\u00bfC\u00f3mo participar?\u00a0<\/strong><\/p>\n<!-- \/wp:paragraph -->\n\n<!-- wp:paragraph -->\n<p>Asistiendo a reuniones presenciales, v\u00eda WhatsApp o por correo electr\u00f3nico.<\/p>\n<!-- \/wp:paragraph -->\n\n<!-- wp:paragraph -->\n<p><strong>\u00bfQu\u00e9 suceder\u00e1 despu\u00e9s?<\/strong><\/p>\n<!-- \/wp:paragraph -->\n\n<!-- wp:paragraph -->\n<p>Al final y basado en la consulta, el <strong>IEPC Jalisco <\/strong>definir\u00e1 medidas para facilitar que estas comunidades participen en las siguientes elecciones.<\/p>\n<h3>Cuestionario de la Consulta<\/h3>\n<!-- \/wp:group -->\n<p><iframe loading=\"lazy\" src=\"https:\/\/drive.google.com\/file\/d\/1UTqDA9VxpHBEjTKTtIlv6HAlmgarJwoy\/preview\" width=\"640\" height=\"480\"><\/iframe><\/p><\/div>\n\t\t\t\t<\/div>\n\t\t\t\t<\/div>\n\t\t\t\t\t<\/div>\n\t\t<\/div>\n\t\t\t\t\t\t\t<\/div>\n\t\t<\/section>\n\t\t\t\t<section class=\"elementor-section elementor-top-section elementor-element elementor-element-5e32fc6 elementor-section-boxed elementor-section-height-default elementor-section-height-default\" data-id=\"5e32fc6\" data-element_type=\"section\">\n\t\t\t\t\t\t<div class=\"elementor-container elementor-column-gap-default\">\n\t\t\t\t\t<div class=\"elementor-column elementor-col-100 elementor-top-column elementor-element elementor-element-b7d37b7\" data-id=\"b7d37b7\" data-element_type=\"column\">\n\t\t\t<div class=\"elementor-widget-wrap elementor-element-populated\">\n\t\t\t\t\t\t\t\t<div class=\"elementor-element elementor-element-c2599f0 elementor-tabs-view-horizontal elementor-widget elementor-widget-tabs\" data-id=\"c2599f0\" data-element_type=\"widget\" data-widget_type=\"tabs.default\">\n\t\t\t\t<div class=\"elementor-widget-container\">\n\t\t\t\t\t<div class=\"elementor-tabs\">\n\t\t\t<div class=\"elementor-tabs-wrapper\" role=\"tablist\" >\n\t\t\t\t\t\t\t\t\t<div id=\"elementor-tab-title-2031\" class=\"elementor-tab-title elementor-tab-desktop-title\" aria-selected=\"true\" data-tab=\"1\" role=\"tab\" tabindex=\"0\" aria-controls=\"elementor-tab-content-2031\" aria-expanded=\"false\">Espa\u00f1ol<\/div>\n\t\t\t\t\t\t\t\t\t<div id=\"elementor-tab-title-2032\" class=\"elementor-tab-title elementor-tab-desktop-title\" aria-selected=\"false\" data-tab=\"2\" role=\"tab\" tabindex=\"-1\" aria-controls=\"elementor-tab-content-2032\" aria-expanded=\"false\">Nahuatl<\/div>\n\t\t\t\t\t\t\t\t\t<div id=\"elementor-tab-title-2033\" class=\"elementor-tab-title elementor-tab-desktop-title\" aria-selected=\"false\" data-tab=\"3\" role=\"tab\" tabindex=\"-1\" aria-controls=\"elementor-tab-content-2033\" aria-expanded=\"false\">Otom\u00ed<\/div>\n\t\t\t\t\t\t\t\t\t<div id=\"elementor-tab-title-2034\" class=\"elementor-tab-title elementor-tab-desktop-title\" aria-selected=\"false\" data-tab=\"4\" role=\"tab\" tabindex=\"-1\" aria-controls=\"elementor-tab-content-2034\" aria-expanded=\"false\">Pur\u00e9pecha <\/div>\n\t\t\t\t\t\t\t\t\t<div id=\"elementor-tab-title-2035\" class=\"elementor-tab-title elementor-tab-desktop-title\" aria-selected=\"false\" data-tab=\"5\" role=\"tab\" tabindex=\"-1\" aria-controls=\"elementor-tab-content-2035\" aria-expanded=\"false\">Wix\u00e1rica<\/div>\n\t\t\t\t\t\t\t\t\t<div id=\"elementor-tab-title-2036\" class=\"elementor-tab-title elementor-tab-desktop-title\" aria-selected=\"false\" data-tab=\"6\" role=\"tab\" tabindex=\"-1\" aria-controls=\"elementor-tab-content-2036\" aria-expanded=\"false\">Mixteco<\/div>\n\t\t\t\t\t\t\t<\/div>\n\t\t\t<div class=\"elementor-tabs-content-wrapper\" role=\"tablist\" aria-orientation=\"vertical\">\n\t\t\t\t\t\t\t\t\t<div class=\"elementor-tab-title elementor-tab-mobile-title\" aria-selected=\"true\" data-tab=\"1\" role=\"tab\" tabindex=\"0\" aria-controls=\"elementor-tab-content-2031\" aria-expanded=\"false\">Espa\u00f1ol<\/div>\n\t\t\t\t\t<div id=\"elementor-tab-content-2031\" class=\"elementor-tab-content elementor-clearfix\" data-tab=\"1\" role=\"tabpanel\" aria-labelledby=\"elementor-tab-title-2031\" tabindex=\"0\" hidden=\"false\"><h2>Convocatoria<\/h2>\n<iframe loading=\"lazy\" src=\"https:\/\/drive.google.com\/file\/d\/1Jr3FyGp9yH7rxayHCPTDj5a4gdjXyLHX\/preview\" width=\"640\" height=\"480\" allow=\"autoplay\"><\/iframe>\n<p>&nbsp;<\/p>\n<h2>Gu\u00eda tem\u00e1tica<\/h2>\n<p><iframe loading=\"lazy\" src=\"https:\/\/drive.google.com\/file\/d\/1ozjezqOEVTW5pYX7AqtCffblz3g4upM5\/preview\" width=\"640\" height=\"480\"><\/iframe><\/p><\/div>\n\t\t\t\t\t\t\t\t\t<div class=\"elementor-tab-title elementor-tab-mobile-title\" aria-selected=\"false\" data-tab=\"2\" role=\"tab\" tabindex=\"-1\" aria-controls=\"elementor-tab-content-2032\" aria-expanded=\"false\">Nahuatl<\/div>\n\t\t\t\t\t<div id=\"elementor-tab-content-2032\" class=\"elementor-tab-content elementor-clearfix\" data-tab=\"2\" role=\"tabpanel\" aria-labelledby=\"elementor-tab-title-2032\" tabindex=\"0\" hidden=\"hidden\"><h2>Convocatoria\u00a0<\/h2>\n<h2><iframe loading=\"lazy\" src=\"https:\/\/drive.google.com\/file\/d\/1PqKywDXy6i5HSfJ-C8cw_-pGI1PYXY7z\/preview\" width=\"640\" height=\"480\"><\/iframe>Gu\u00eda tem\u00e1tica\u00a0<\/h2>\n<p><iframe loading=\"lazy\" src=\"https:\/\/drive.google.com\/file\/d\/1TJk3wHt-EvgS5xJJg8yoFeWcpi9Meer3\/preview\" width=\"640\" height=\"480\"><\/iframe><\/p><\/div>\n\t\t\t\t\t\t\t\t\t<div class=\"elementor-tab-title elementor-tab-mobile-title\" aria-selected=\"false\" data-tab=\"3\" role=\"tab\" tabindex=\"-1\" aria-controls=\"elementor-tab-content-2033\" aria-expanded=\"false\">Otom\u00ed<\/div>\n\t\t\t\t\t<div id=\"elementor-tab-content-2033\" class=\"elementor-tab-content elementor-clearfix\" data-tab=\"3\" role=\"tabpanel\" aria-labelledby=\"elementor-tab-title-2033\" tabindex=\"0\" hidden=\"hidden\"><h2>Convocatoria<\/h2>\n<h2><iframe loading=\"lazy\" src=\"https:\/\/drive.google.com\/file\/d\/1f9DSAIFnyMVXd774VVaajCjSe5iR6-n8\/preview\" width=\"640\" height=\"480\"><\/iframe>Gu\u00eda tem\u00e1tica<\/h2>\n<p><iframe loading=\"lazy\" src=\"https:\/\/drive.google.com\/file\/d\/1e5rMsEFz2kvfyjudNWp3YDwgbfIrDhc0\/preview\" width=\"640\" height=\"480\"><\/iframe><\/p><\/div>\n\t\t\t\t\t\t\t\t\t<div class=\"elementor-tab-title elementor-tab-mobile-title\" aria-selected=\"false\" data-tab=\"4\" role=\"tab\" tabindex=\"-1\" aria-controls=\"elementor-tab-content-2034\" aria-expanded=\"false\">Pur\u00e9pecha <\/div>\n\t\t\t\t\t<div id=\"elementor-tab-content-2034\" class=\"elementor-tab-content elementor-clearfix\" data-tab=\"4\" role=\"tabpanel\" aria-labelledby=\"elementor-tab-title-2034\" tabindex=\"0\" hidden=\"hidden\"><h2>Convocatoria<\/h2>\n<h2><iframe loading=\"lazy\" src=\"https:\/\/drive.google.com\/file\/d\/1Cn0a2_frN6UlMij0hztV9ZwEuDP6hMEA\/preview\" width=\"640\" height=\"480\"><\/iframe>Gu\u00eda tem\u00e1tica<\/h2>\n<p>&nbsp;<\/p>\n<iframe loading=\"lazy\" src=\"https:\/\/drive.google.com\/file\/d\/1JrairuHvCedwG1IUt5KsCtYL9y0p0U_R\/preview\" width=\"640\" height=\"480\" allow=\"autoplay\"><\/iframe><\/div>\n\t\t\t\t\t\t\t\t\t<div class=\"elementor-tab-title elementor-tab-mobile-title\" aria-selected=\"false\" data-tab=\"5\" role=\"tab\" tabindex=\"-1\" aria-controls=\"elementor-tab-content-2035\" aria-expanded=\"false\">Wix\u00e1rica<\/div>\n\t\t\t\t\t<div id=\"elementor-tab-content-2035\" class=\"elementor-tab-content elementor-clearfix\" data-tab=\"5\" role=\"tabpanel\" aria-labelledby=\"elementor-tab-title-2035\" tabindex=\"0\" hidden=\"hidden\"><h2>Convocatoria<\/h2>\n<h2><iframe loading=\"lazy\" src=\"https:\/\/drive.google.com\/file\/d\/1JYkQ7ClI0bPGRO_jlWCwmmOUL2pruqGI\/preview\" width=\"640\" height=\"480\"><\/iframe>Gu\u00eda tem\u00e1tica<\/h2>\n<p><iframe loading=\"lazy\" src=\"https:\/\/drive.google.com\/file\/d\/1l-0LF4FVNlnmTskcwgZwO-3yYX5hWwak\/preview\" width=\"640\" height=\"480\"><\/iframe><\/p><\/div>\n\t\t\t\t\t\t\t\t\t<div class=\"elementor-tab-title elementor-tab-mobile-title\" aria-selected=\"false\" data-tab=\"6\" role=\"tab\" tabindex=\"-1\" aria-controls=\"elementor-tab-content-2036\" aria-expanded=\"false\">Mixteco<\/div>\n\t\t\t\t\t<div id=\"elementor-tab-content-2036\" class=\"elementor-tab-content elementor-clearfix\" data-tab=\"6\" role=\"tabpanel\" aria-labelledby=\"elementor-tab-title-2036\" tabindex=\"0\" hidden=\"hidden\"><h2>Convocatoria<\/h2>\n<h2><iframe loading=\"lazy\" src=\"https:\/\/drive.google.com\/file\/d\/1imWxdr7o2rlDQthqHFGu1zJ4v4r2C_Vo\/preview\" width=\"640\" height=\"480\"><\/iframe>Gu\u00eda tem\u00e1tica\u00a0<\/h2>\n<p><iframe loading=\"lazy\" src=\"https:\/\/drive.google.com\/file\/d\/11QzvdHKkER0Qc0cqFUCt3hkLMJIF_u9G\/preview\" width=\"640\" height=\"480\"><\/iframe><\/p><\/div>\n\t\t\t\t\t\t\t<\/div>\n\t\t<\/div>\n\t\t\t\t<\/div>\n\t\t\t\t<\/div>\n\t\t\t\t\t<\/div>\n\t\t<\/div>\n\t\t\t\t\t\t\t<\/div>\n\t\t<\/section>\n\t\t\t\t\t\t<\/div>\n\t\t\t\t\t<\/div>\n\t\t","protected":false},"excerpt":{"rendered":"<p>Acuerdo sobre el cuestionario \u00bfQu\u00e9 son las acciones afirmativas? Son medidas temporales que se toman para superar las brechas de desigualdad de un grupo de personas en particular \u00bfCu\u00e1ndo ser\u00e1 la consulta? Del 12 de diciembre hasta el 31 de marzo \u00a0 Est\u00e1n invitados a participar todos los pueblos y comunidades ind\u00edgenas de Jalisco\u00a0 \u00bfDe [&hellip;]<\/p>\n","protected":false},"author":1,"featured_media":29,"parent":0,"menu_order":0,"comment_status":"closed","ping_status":"closed","template":"","meta":{"footnotes":""},"class_list":["post-50","page","type-page","status-publish","has-post-thumbnail","hentry"],"_links":{"self":[{"href":"https:\/\/www2.iepcjalisco.org.mx\/consultas\/index.php?rest_route=\/wp\/v2\/pages\/50","targetHints":{"allow":["GET"]}}],"collection":[{"href":"https:\/\/www2.iepcjalisco.org.mx\/consultas\/index.php?rest_route=\/wp\/v2\/pages"}],"about":[{"href":"https:\/\/www2.iepcjalisco.org.mx\/consultas\/index.php?rest_route=\/wp\/v2\/types\/page"}],"author":[{"embeddable":true,"href":"https:\/\/www2.iepcjalisco.org.mx\/consultas\/index.php?rest_route=\/wp\/v2\/users\/1"}],"replies":[{"embeddable":true,"href":"https:\/\/www2.iepcjalisco.org.mx\/consultas\/index.php?rest_route=%2Fwp%2Fv2%2Fcomments&post=50"}],"version-history":[{"count":49,"href":"https:\/\/www2.iepcjalisco.org.mx\/consultas\/index.php?rest_route=\/wp\/v2\/pages\/50\/revisions"}],"predecessor-version":[{"id":450,"href":"https:\/\/www2.iepcjalisco.org.mx\/consultas\/index.php?rest_route=\/wp\/v2\/pages\/50\/revisions\/450"}],"wp:featuredmedia":[{"embeddable":true,"href":"https:\/\/www2.iepcjalisco.org.mx\/consultas\/index.php?rest_route=\/wp\/v2\/media\/29"}],"wp:attachment":[{"href":"https:\/\/www2.iepcjalisco.org.mx\/consultas\/index.php?rest_route=%2Fwp%2Fv2%2Fmedia&parent=50"}],"curies":[{"name":"wp","href":"https:\/\/api.w.org\/{rel}","templated":true}]}}