{"id":3354,"date":"2024-10-26T14:56:03","date_gmt":"2024-10-26T20:56:03","guid":{"rendered":"https:\/\/www2.iepcjalisco.org.mx\/contraloria\/?page_id=3354"},"modified":"2024-10-26T15:00:45","modified_gmt":"2024-10-26T21:00:45","slug":"estatutos-contraloria-general","status":"publish","type":"page","link":"https:\/\/www2.iepcjalisco.org.mx\/contraloria\/?page_id=3354","title":{"rendered":"ESTATUTOS CONTRALORIA GENERAL"},"content":{"rendered":"\t\t<div data-elementor-type=\"wp-page\" data-elementor-id=\"3354\" class=\"elementor elementor-3354\" data-elementor-settings=\"[]\">\n\t\t\t\t\t\t\t<div class=\"elementor-section-wrap\">\n\t\t\t\t\t\t\t<section class=\"elementor-section elementor-top-section elementor-element elementor-element-8ea4199 elementor-section-boxed elementor-section-height-default elementor-section-height-default\" data-id=\"8ea4199\" data-element_type=\"section\">\n\t\t\t\t\t\t<div class=\"elementor-container elementor-column-gap-default\">\n\t\t\t\t\t<div class=\"elementor-column elementor-col-100 elementor-top-column elementor-element elementor-element-67989f5\" data-id=\"67989f5\" data-element_type=\"column\">\n\t\t\t<div class=\"elementor-widget-wrap elementor-element-populated\">\n\t\t\t\t\t\t\t\t<div class=\"elementor-element elementor-element-24fca19 elementor-widget elementor-widget-heading\" data-id=\"24fca19\" data-element_type=\"widget\" data-widget_type=\"heading.default\">\n\t\t\t\t<div class=\"elementor-widget-container\">\n\t\t\t<h2 class=\"elementor-heading-title elementor-size-default\">ESTATUTO ORG\u00c1NICO DE LA CONTRALOR\u00cdA GENERAL DEL INSTITUTO ELECTORAL Y DE PARTICIPACI\u00d3N CIUDADANA DEL ESTADO DE JALISCO<\/h2>\t\t<\/div>\n\t\t\t\t<\/div>\n\t\t\t\t<div class=\"elementor-element elementor-element-07ccf5a elementor-widget-divider--view-line elementor-widget elementor-widget-divider\" data-id=\"07ccf5a\" data-element_type=\"widget\" data-widget_type=\"divider.default\">\n\t\t\t\t<div class=\"elementor-widget-container\">\n\t\t\t\t\t<div class=\"elementor-divider\">\n\t\t\t<span class=\"elementor-divider-separator\">\n\t\t\t\t\t\t<\/span>\n\t\t<\/div>\n\t\t\t\t<\/div>\n\t\t\t\t<\/div>\n\t\t\t\t<div class=\"elementor-element elementor-element-7ae8ee7 elementor-align-center elementor-widget elementor-widget-button\" data-id=\"7ae8ee7\" data-element_type=\"widget\" data-widget_type=\"button.default\">\n\t\t\t\t<div class=\"elementor-widget-container\">\n\t\t\t\t\t<div class=\"elementor-button-wrapper\">\n\t\t\t<a href=\"https:\/\/www2.iepcjalisco.org.mx\/contraloria\/wp-content\/uploads\/2021\/08\/Estatutos-organicos.pdf\" class=\"elementor-button-link elementor-button elementor-size-sm\" role=\"button\">\n\t\t\t\t\t\t<span class=\"elementor-button-content-wrapper\">\n\t\t\t\t\t\t<span class=\"elementor-button-text\">Haz clic aqu\u00ed<\/span>\n\t\t<\/span>\n\t\t\t\t\t<\/a>\n\t\t<\/div>\n\t\t\t\t<\/div>\n\t\t\t\t<\/div>\n\t\t\t\t<div class=\"elementor-element elementor-element-294fa0e elementor-widget elementor-widget-heading\" data-id=\"294fa0e\" data-element_type=\"widget\" data-widget_type=\"heading.default\">\n\t\t\t\t<div class=\"elementor-widget-container\">\n\t\t\t<h2 class=\"elementor-heading-title elementor-size-default\">ACUERDO DEL CONTRALOR GENERAL DEL INSTITUTO ELECTORAL Y DE PARTICIPACI\u00d3N CIUDADANA DEL ESTADO DE JALISCO, POR EL QUE SE MODIFICA EL HORARIO DE LABORES DEL PERSONAL ADSCRITO A LA CONTRALOR\u00cdA GENERAL DEL INSTITUTO ELECTORAL Y DE PARTICIPACI\u00d3N CIUDADANA DEL ESTADO DE JALISCO<\/h2>\t\t<\/div>\n\t\t\t\t<\/div>\n\t\t\t\t<div class=\"elementor-element elementor-element-fea4335 elementor-align-center elementor-widget elementor-widget-button\" data-id=\"fea4335\" data-element_type=\"widget\" data-widget_type=\"button.default\">\n\t\t\t\t<div class=\"elementor-widget-container\">\n\t\t\t\t\t<div class=\"elementor-button-wrapper\">\n\t\t\t<a href=\"https:\/\/www2.iepcjalisco.org.mx\/contraloria\/wp-content\/uploads\/2024\/10\/ACUERDO-DEL-CONTRALOR-GENERAL.pdf\" class=\"elementor-button-link elementor-button elementor-size-sm\" role=\"button\">\n\t\t\t\t\t\t<span class=\"elementor-button-content-wrapper\">\n\t\t\t\t\t\t<span class=\"elementor-button-text\">Haz clic aqu\u00ed<\/span>\n\t\t<\/span>\n\t\t\t\t\t<\/a>\n\t\t<\/div>\n\t\t\t\t<\/div>\n\t\t\t\t<\/div>\n\t\t\t\t\t<\/div>\n\t\t<\/div>\n\t\t\t\t\t\t\t<\/div>\n\t\t<\/section>\n\t\t\t\t\t\t<\/div>\n\t\t\t\t\t<\/div>\n\t\t","protected":false},"excerpt":{"rendered":"<p>ESTATUTO ORG\u00c1NICO DE LA CONTRALOR\u00cdA GENERAL DEL INSTITUTO ELECTORAL Y DE PARTICIPACI\u00d3N CIUDADANA DEL ESTADO DE JALISCO Haz clic aqu\u00ed ACUERDO DEL CONTRALOR GENERAL DEL INSTITUTO ELECTORAL Y DE PARTICIPACI\u00d3N CIUDADANA DEL ESTADO DE JALISCO, POR EL QUE SE MODIFICA EL HORARIO DE LABORES DEL PERSONAL ADSCRITO A LA CONTRALOR\u00cdA GENERAL DEL INSTITUTO ELECTORAL Y [&hellip;]<\/p>\n","protected":false},"author":2,"featured_media":0,"parent":0,"menu_order":0,"comment_status":"closed","ping_status":"closed","template":"","meta":{"footnotes":""},"class_list":["post-3354","page","type-page","status-publish","hentry"],"_links":{"self":[{"href":"https:\/\/www2.iepcjalisco.org.mx\/contraloria\/index.php?rest_route=\/wp\/v2\/pages\/3354","targetHints":{"allow":["GET"]}}],"collection":[{"href":"https:\/\/www2.iepcjalisco.org.mx\/contraloria\/index.php?rest_route=\/wp\/v2\/pages"}],"about":[{"href":"https:\/\/www2.iepcjalisco.org.mx\/contraloria\/index.php?rest_route=\/wp\/v2\/types\/page"}],"author":[{"embeddable":true,"href":"https:\/\/www2.iepcjalisco.org.mx\/contraloria\/index.php?rest_route=\/wp\/v2\/users\/2"}],"replies":[{"embeddable":true,"href":"https:\/\/www2.iepcjalisco.org.mx\/contraloria\/index.php?rest_route=%2Fwp%2Fv2%2Fcomments&post=3354"}],"version-history":[{"count":4,"href":"https:\/\/www2.iepcjalisco.org.mx\/contraloria\/index.php?rest_route=\/wp\/v2\/pages\/3354\/revisions"}],"predecessor-version":[{"id":3359,"href":"https:\/\/www2.iepcjalisco.org.mx\/contraloria\/index.php?rest_route=\/wp\/v2\/pages\/3354\/revisions\/3359"}],"wp:attachment":[{"href":"https:\/\/www2.iepcjalisco.org.mx\/contraloria\/index.php?rest_route=%2Fwp%2Fv2%2Fmedia&parent=3354"}],"curies":[{"name":"wp","href":"https:\/\/api.w.org\/{rel}","templated":true}]}}