{"id":965,"date":"2021-04-29T21:13:07","date_gmt":"2021-04-29T21:13:07","guid":{"rendered":"https:\/\/www2.iepcjalisco.org.mx\/contraloria\/?page_id=965"},"modified":"2024-10-26T15:02:09","modified_gmt":"2024-10-26T21:02:09","slug":"reglamentacion-interna","status":"publish","type":"page","link":"https:\/\/www2.iepcjalisco.org.mx\/contraloria\/?page_id=965","title":{"rendered":"REGLAMENTACI\u00d3N INTERNA"},"content":{"rendered":"\t\t<div data-elementor-type=\"wp-page\" data-elementor-id=\"965\" class=\"elementor elementor-965\" data-elementor-settings=\"[]\">\n\t\t\t\t\t\t\t<div class=\"elementor-section-wrap\">\n\t\t\t\t\t\t\t<section class=\"elementor-section elementor-top-section elementor-element elementor-element-bc9a7d0 elementor-section-boxed elementor-section-height-default elementor-section-height-default\" data-id=\"bc9a7d0\" data-element_type=\"section\">\n\t\t\t\t\t\t<div class=\"elementor-container elementor-column-gap-default\">\n\t\t\t\t\t<div class=\"elementor-column elementor-col-100 elementor-top-column elementor-element elementor-element-ac3cc76\" data-id=\"ac3cc76\" data-element_type=\"column\">\n\t\t\t<div class=\"elementor-widget-wrap elementor-element-populated\">\n\t\t\t\t\t\t\t\t<div class=\"elementor-element elementor-element-634128e elementor-widget elementor-widget-spacer\" data-id=\"634128e\" data-element_type=\"widget\" data-widget_type=\"spacer.default\">\n\t\t\t\t<div class=\"elementor-widget-container\">\n\t\t\t\t\t<div class=\"elementor-spacer\">\n\t\t\t<div class=\"elementor-spacer-inner\"><\/div>\n\t\t<\/div>\n\t\t\t\t<\/div>\n\t\t\t\t<\/div>\n\t\t\t\t\t<\/div>\n\t\t<\/div>\n\t\t\t\t\t\t\t<\/div>\n\t\t<\/section>\n\t\t\t\t<section class=\"elementor-section elementor-top-section elementor-element elementor-element-2692482 elementor-section-boxed elementor-section-height-default elementor-section-height-default\" data-id=\"2692482\" data-element_type=\"section\">\n\t\t\t\t\t\t<div class=\"elementor-container elementor-column-gap-default\">\n\t\t\t\t\t<div class=\"elementor-column elementor-col-50 elementor-top-column elementor-element elementor-element-e382c37\" data-id=\"e382c37\" data-element_type=\"column\">\n\t\t\t<div class=\"elementor-widget-wrap elementor-element-populated\">\n\t\t\t\t\t\t\t\t<div class=\"elementor-element elementor-element-6c30c47 elementor-align-justify elementor-widget elementor-widget-button\" data-id=\"6c30c47\" data-element_type=\"widget\" data-widget_type=\"button.default\">\n\t\t\t\t<div class=\"elementor-widget-container\">\n\t\t\t\t\t<div class=\"elementor-button-wrapper\">\n\t\t\t<a href=\"https:\/\/www2.iepcjalisco.org.mx\/contraloria\/wp-content\/uploads\/2021\/08\/Codigo-de-etica-del-IEPC-Jalisco.pdf\" target=\"_blank\" class=\"elementor-button-link elementor-button elementor-size-sm elementor-animation-grow\" role=\"button\">\n\t\t\t\t\t\t<span class=\"elementor-button-content-wrapper\">\n\t\t\t\t\t\t<span class=\"elementor-button-text\">C\u00d3DIGO DE \u00c9TICA DEL INSTITUTO ELECTORAL Y DE PARTICIPACI\u00d3N  CIUDADANA DEL ESTADO DE JALISCO <br><br>PDF<\/span>\n\t\t<\/span>\n\t\t\t\t\t<\/a>\n\t\t<\/div>\n\t\t\t\t<\/div>\n\t\t\t\t<\/div>\n\t\t\t\t\t<\/div>\n\t\t<\/div>\n\t\t\t\t<div class=\"elementor-column elementor-col-50 elementor-top-column elementor-element elementor-element-220a6bc\" data-id=\"220a6bc\" data-element_type=\"column\">\n\t\t\t<div class=\"elementor-widget-wrap elementor-element-populated\">\n\t\t\t\t\t\t\t\t<div class=\"elementor-element elementor-element-17361cc elementor-align-justify elementor-widget elementor-widget-button\" data-id=\"17361cc\" data-element_type=\"widget\" data-widget_type=\"button.default\">\n\t\t\t\t<div class=\"elementor-widget-container\">\n\t\t\t\t\t<div class=\"elementor-button-wrapper\">\n\t\t\t<a href=\"https:\/\/www2.iepcjalisco.org.mx\/contraloria\/wp-content\/uploads\/2021\/08\/Codigo-de-etica-del-IEPC-Jalisco.pdf\" target=\"_blank\" class=\"elementor-button-link elementor-button elementor-size-sm elementor-animation-grow\" role=\"button\">\n\t\t\t\t\t\t<span class=\"elementor-button-content-wrapper\">\n\t\t\t\t\t\t<span class=\"elementor-button-text\">C\u00d3DIGO DE \u00c9TICA DEL INSTITUTO ELECTORAL Y DE PARTICIPACI\u00d3N  CIUDADANA DEL ESTADO DE JALISCO <br><br>PDF<\/span>\n\t\t<\/span>\n\t\t\t\t\t<\/a>\n\t\t<\/div>\n\t\t\t\t<\/div>\n\t\t\t\t<\/div>\n\t\t\t\t\t<\/div>\n\t\t<\/div>\n\t\t\t\t\t\t\t<\/div>\n\t\t<\/section>\n\t\t\t\t<section class=\"elementor-section elementor-top-section elementor-element elementor-element-78ec995 elementor-section-boxed elementor-section-height-default elementor-section-height-default\" data-id=\"78ec995\" data-element_type=\"section\">\n\t\t\t\t\t\t<div class=\"elementor-container elementor-column-gap-default\">\n\t\t\t\t\t<div class=\"elementor-column elementor-col-50 elementor-top-column elementor-element elementor-element-cd09c5b\" data-id=\"cd09c5b\" data-element_type=\"column\">\n\t\t\t<div class=\"elementor-widget-wrap elementor-element-populated\">\n\t\t\t\t\t\t\t\t<div class=\"elementor-element elementor-element-5027d8f elementor-align-justify elementor-widget elementor-widget-button\" data-id=\"5027d8f\" data-element_type=\"widget\" data-widget_type=\"button.default\">\n\t\t\t\t<div class=\"elementor-widget-container\">\n\t\t\t\t\t<div class=\"elementor-button-wrapper\">\n\t\t\t<a href=\"https:\/\/www2.iepcjalisco.org.mx\/contraloria\/wp-content\/uploads\/2021\/08\/Codigo-de-etica-del-IEPC-Jalisco.pdf\" target=\"_blank\" class=\"elementor-button-link elementor-button elementor-size-sm elementor-animation-grow\" role=\"button\">\n\t\t\t\t\t\t<span class=\"elementor-button-content-wrapper\">\n\t\t\t\t\t\t<span class=\"elementor-button-text\">C\u00d3DIGO DE \u00c9TICA DEL INSTITUTO ELECTORAL Y DE PARTICIPACI\u00d3N  CIUDADANA DEL ESTADO DE JALISCO <br><br>PDF<\/span>\n\t\t<\/span>\n\t\t\t\t\t<\/a>\n\t\t<\/div>\n\t\t\t\t<\/div>\n\t\t\t\t<\/div>\n\t\t\t\t\t<\/div>\n\t\t<\/div>\n\t\t\t\t<div class=\"elementor-column elementor-col-50 elementor-top-column elementor-element elementor-element-079b456\" data-id=\"079b456\" data-element_type=\"column\">\n\t\t\t<div class=\"elementor-widget-wrap elementor-element-populated\">\n\t\t\t\t\t\t\t\t<div class=\"elementor-element elementor-element-e9294ee elementor-align-justify elementor-widget elementor-widget-button\" data-id=\"e9294ee\" data-element_type=\"widget\" data-widget_type=\"button.default\">\n\t\t\t\t<div class=\"elementor-widget-container\">\n\t\t\t\t\t<div class=\"elementor-button-wrapper\">\n\t\t\t<a href=\"https:\/\/www2.iepcjalisco.org.mx\/contraloria\/wp-content\/uploads\/2021\/08\/Manual-general-de-auditoria.pdf\" target=\"_blank\" class=\"elementor-button-link elementor-button elementor-size-sm elementor-animation-grow\" role=\"button\">\n\t\t\t\t\t\t<span class=\"elementor-button-content-wrapper\">\n\t\t\t\t\t\t<span class=\"elementor-button-text\">MANUAL GENERAL DE AUDITOR\u00cdA DEL INSTITUTO ELECTORAL Y DE PARTICIPACI\u00d3N CIUDADANA DEL ESTADO DE JALISCO<br><br>PDF<\/span>\n\t\t<\/span>\n\t\t\t\t\t<\/a>\n\t\t<\/div>\n\t\t\t\t<\/div>\n\t\t\t\t<\/div>\n\t\t\t\t\t<\/div>\n\t\t<\/div>\n\t\t\t\t\t\t\t<\/div>\n\t\t<\/section>\n\t\t\t\t<section class=\"elementor-section elementor-top-section elementor-element elementor-element-b28b439 elementor-section-boxed elementor-section-height-default elementor-section-height-default\" data-id=\"b28b439\" data-element_type=\"section\">\n\t\t\t\t\t\t<div class=\"elementor-container elementor-column-gap-default\">\n\t\t\t\t\t<div class=\"elementor-column elementor-col-50 elementor-top-column elementor-element elementor-element-9704ed6\" data-id=\"9704ed6\" data-element_type=\"column\">\n\t\t\t<div class=\"elementor-widget-wrap elementor-element-populated\">\n\t\t\t\t\t\t\t\t<div class=\"elementor-element elementor-element-187da87 elementor-align-justify elementor-widget elementor-widget-button\" data-id=\"187da87\" data-element_type=\"widget\" data-widget_type=\"button.default\">\n\t\t\t\t<div class=\"elementor-widget-container\">\n\t\t\t\t\t<div class=\"elementor-button-wrapper\">\n\t\t\t<a href=\"https:\/\/www2.iepcjalisco.org.mx\/contraloria\/wp-content\/uploads\/2021\/08\/Manual-de-archivo-1.pdf\" target=\"_blank\" class=\"elementor-button-link elementor-button elementor-size-sm elementor-animation-grow\" role=\"button\">\n\t\t\t\t\t\t<span class=\"elementor-button-content-wrapper\">\n\t\t\t\t\t\t<span class=\"elementor-button-text\">MANUAL DE ARCHIVO DE LA CONTRALOR\u00cdA GENERAL DEL INSTITUTO ELECTORAL Y DE PARTICIPACI\u00d3N CIUDADANA DEL ESTADO DE JALISCO <br><br>PDF<\/span>\n\t\t<\/span>\n\t\t\t\t\t<\/a>\n\t\t<\/div>\n\t\t\t\t<\/div>\n\t\t\t\t<\/div>\n\t\t\t\t\t<\/div>\n\t\t<\/div>\n\t\t\t\t<div class=\"elementor-column elementor-col-50 elementor-top-column elementor-element elementor-element-c520869\" data-id=\"c520869\" data-element_type=\"column\">\n\t\t\t<div class=\"elementor-widget-wrap elementor-element-populated\">\n\t\t\t\t\t\t\t\t<div class=\"elementor-element elementor-element-b6ba1cd elementor-align-justify elementor-widget elementor-widget-button\" data-id=\"b6ba1cd\" data-element_type=\"widget\" data-widget_type=\"button.default\">\n\t\t\t\t<div class=\"elementor-widget-container\">\n\t\t\t\t\t<div class=\"elementor-button-wrapper\">\n\t\t\t<a href=\"https:\/\/www2.iepcjalisco.org.mx\/contraloria\/wp-content\/uploads\/2021\/08\/Manual-para-la-auditoria-archivistica.pdf\" target=\"_blank\" class=\"elementor-button-link elementor-button elementor-size-sm elementor-animation-grow\" role=\"button\">\n\t\t\t\t\t\t<span class=\"elementor-button-content-wrapper\">\n\t\t\t\t\t\t<span class=\"elementor-button-text\">MANUAL PARA LA AUDITOR\u00cdA ARCHIV\u00cdSTICA DEL INSTITUTO ELECTORAL Y DE PARTICIPACI\u00d3N CIUDADANA DEL ESTADO DE JALISCO <br><br>PDF<\/span>\n\t\t<\/span>\n\t\t\t\t\t<\/a>\n\t\t<\/div>\n\t\t\t\t<\/div>\n\t\t\t\t<\/div>\n\t\t\t\t\t<\/div>\n\t\t<\/div>\n\t\t\t\t\t\t\t<\/div>\n\t\t<\/section>\n\t\t\t\t<section class=\"elementor-section elementor-top-section elementor-element elementor-element-f06f3c2 elementor-section-boxed elementor-section-height-default elementor-section-height-default\" data-id=\"f06f3c2\" data-element_type=\"section\">\n\t\t\t\t\t\t<div class=\"elementor-container elementor-column-gap-default\">\n\t\t\t\t\t<div class=\"elementor-column elementor-col-50 elementor-top-column elementor-element elementor-element-011fd34\" data-id=\"011fd34\" data-element_type=\"column\">\n\t\t\t<div class=\"elementor-widget-wrap elementor-element-populated\">\n\t\t\t\t\t\t\t\t<div class=\"elementor-element elementor-element-aed8b4b elementor-align-justify elementor-widget elementor-widget-button\" data-id=\"aed8b4b\" data-element_type=\"widget\" data-widget_type=\"button.default\">\n\t\t\t\t<div class=\"elementor-widget-container\">\n\t\t\t\t\t<div class=\"elementor-button-wrapper\">\n\t\t\t<a href=\"https:\/\/www2.iepcjalisco.org.mx\/contraloria\/wp-content\/uploads\/2021\/08\/manual_de_entrega-recepcion.pdf\" target=\"_blank\" class=\"elementor-button-link elementor-button elementor-size-sm elementor-animation-grow\" role=\"button\">\n\t\t\t\t\t\t<span class=\"elementor-button-content-wrapper\">\n\t\t\t\t\t\t<span class=\"elementor-button-text\">MANUAL DE ENTREGA  RECEPCI\u00d3N DEL INSTITUTO ELECTORAL Y DE PARTICIPACI\u00d3N CIUDADANA DEL ESTADO DE JALISCO <br><br>PDF<\/span>\n\t\t<\/span>\n\t\t\t\t\t<\/a>\n\t\t<\/div>\n\t\t\t\t<\/div>\n\t\t\t\t<\/div>\n\t\t\t\t\t<\/div>\n\t\t<\/div>\n\t\t\t\t<div class=\"elementor-column elementor-col-50 elementor-top-column elementor-element elementor-element-68fe678\" data-id=\"68fe678\" data-element_type=\"column\">\n\t\t\t<div class=\"elementor-widget-wrap elementor-element-populated\">\n\t\t\t\t\t\t\t\t<div class=\"elementor-element elementor-element-c0b4460 elementor-align-justify elementor-widget elementor-widget-button\" data-id=\"c0b4460\" data-element_type=\"widget\" data-widget_type=\"button.default\">\n\t\t\t\t<div class=\"elementor-widget-container\">\n\t\t\t\t\t<div class=\"elementor-button-wrapper\">\n\t\t\t<a href=\"https:\/\/www2.iepcjalisco.org.mx\/contraloria\/?page_id=3354\" target=\"_blank\" class=\"elementor-button-link elementor-button elementor-size-sm elementor-animation-grow\" role=\"button\">\n\t\t\t\t\t\t<span class=\"elementor-button-content-wrapper\">\n\t\t\t\t\t\t<span class=\"elementor-button-text\">ESTATUTO ORG\u00c1NICO DE LA CONTRALOR\u00cdA GENERAL DEL INSTITUTO ELECTORAL Y DE PARTICIPACI\u00d3N CIUDADANA DEL ESTADO DE JALISCO <br><br>PDF<\/span>\n\t\t<\/span>\n\t\t\t\t\t<\/a>\n\t\t<\/div>\n\t\t\t\t<\/div>\n\t\t\t\t<\/div>\n\t\t\t\t\t<\/div>\n\t\t<\/div>\n\t\t\t\t\t\t\t<\/div>\n\t\t<\/section>\n\t\t\t\t<section class=\"elementor-section elementor-top-section elementor-element elementor-element-d25c3db elementor-section-boxed elementor-section-height-default elementor-section-height-default\" data-id=\"d25c3db\" data-element_type=\"section\">\n\t\t\t\t\t\t<div class=\"elementor-container elementor-column-gap-default\">\n\t\t\t\t\t<div class=\"elementor-column elementor-col-100 elementor-top-column elementor-element elementor-element-e313c5a\" data-id=\"e313c5a\" data-element_type=\"column\">\n\t\t\t<div class=\"elementor-widget-wrap elementor-element-populated\">\n\t\t\t\t\t\t\t\t<div class=\"elementor-element elementor-element-0553166 elementor-widget elementor-widget-spacer\" data-id=\"0553166\" data-element_type=\"widget\" data-widget_type=\"spacer.default\">\n\t\t\t\t<div class=\"elementor-widget-container\">\n\t\t\t\t\t<div class=\"elementor-spacer\">\n\t\t\t<div class=\"elementor-spacer-inner\"><\/div>\n\t\t<\/div>\n\t\t\t\t<\/div>\n\t\t\t\t<\/div>\n\t\t\t\t\t<\/div>\n\t\t<\/div>\n\t\t\t\t\t\t\t<\/div>\n\t\t<\/section>\n\t\t\t\t\t\t<\/div>\n\t\t\t\t\t<\/div>\n\t\t","protected":false},"excerpt":{"rendered":"<p>C\u00d3DIGO DE \u00c9TICA DEL INSTITUTO ELECTORAL Y DE PARTICIPACI\u00d3N CIUDADANA DEL ESTADO DE JALISCO PDF C\u00d3DIGO DE \u00c9TICA DEL INSTITUTO ELECTORAL Y DE PARTICIPACI\u00d3N CIUDADANA DEL ESTADO DE JALISCO PDF C\u00d3DIGO DE \u00c9TICA DEL INSTITUTO ELECTORAL Y DE PARTICIPACI\u00d3N CIUDADANA DEL ESTADO DE JALISCO PDF MANUAL GENERAL DE AUDITOR\u00cdA DEL INSTITUTO ELECTORAL Y DE PARTICIPACI\u00d3N [&hellip;]<\/p>\n","protected":false},"author":2,"featured_media":0,"parent":0,"menu_order":0,"comment_status":"closed","ping_status":"closed","template":"elementor_header_footer","meta":{"footnotes":""},"class_list":["post-965","page","type-page","status-publish","hentry"],"_links":{"self":[{"href":"https:\/\/www2.iepcjalisco.org.mx\/contraloria\/index.php?rest_route=\/wp\/v2\/pages\/965","targetHints":{"allow":["GET"]}}],"collection":[{"href":"https:\/\/www2.iepcjalisco.org.mx\/contraloria\/index.php?rest_route=\/wp\/v2\/pages"}],"about":[{"href":"https:\/\/www2.iepcjalisco.org.mx\/contraloria\/index.php?rest_route=\/wp\/v2\/types\/page"}],"author":[{"embeddable":true,"href":"https:\/\/www2.iepcjalisco.org.mx\/contraloria\/index.php?rest_route=\/wp\/v2\/users\/2"}],"replies":[{"embeddable":true,"href":"https:\/\/www2.iepcjalisco.org.mx\/contraloria\/index.php?rest_route=%2Fwp%2Fv2%2Fcomments&post=965"}],"version-history":[{"count":100,"href":"https:\/\/www2.iepcjalisco.org.mx\/contraloria\/index.php?rest_route=\/wp\/v2\/pages\/965\/revisions"}],"predecessor-version":[{"id":3362,"href":"https:\/\/www2.iepcjalisco.org.mx\/contraloria\/index.php?rest_route=\/wp\/v2\/pages\/965\/revisions\/3362"}],"wp:attachment":[{"href":"https:\/\/www2.iepcjalisco.org.mx\/contraloria\/index.php?rest_route=%2Fwp%2Fv2%2Fmedia&parent=965"}],"curies":[{"name":"wp","href":"https:\/\/api.w.org\/{rel}","templated":true}]}}