{"id":11723,"date":"2019-02-28T10:48:56","date_gmt":"2019-02-28T16:48:56","guid":{"rendered":"https:\/\/www2.iepcjalisco.org.mx\/educacion-civica\/?page_id=11723"},"modified":"2026-01-21T13:22:09","modified_gmt":"2026-01-21T19:22:09","slug":"galerias-de-eventos","status":"publish","type":"page","link":"https:\/\/www2.iepcjalisco.org.mx\/educacion-civica\/galerias-de-eventos\/","title":{"rendered":"Galerias de eventos"},"content":{"rendered":"<p>[vc_row][vc_column][vc_custom_heading text=&#8221;Galer\u00eda de Eventos<br \/>\nDirecci\u00f3n de Educaci\u00f3n C\u00edvica&#8221; font_container=&#8221;tag:h2|font_size:55|text_align:center|color:%23651480|line_height:1.5&#8243; google_fonts=&#8221;font_family:Lato%3A100%2C100italic%2C300%2C300italic%2Cregular%2Citalic%2C700%2C700italic%2C900%2C900italic|font_style:700%20bold%20regular%3A700%3Anormal&#8221;]<style>#rp_73qcq0rkmpzr7dtvqy45 .post-attachement{border-color:#7e20cc;}#rp_73qcq0rkmpzr7dtvqy45 .rp_entry{border-top-color:#7e20cc;}#rp_73qcq0rkmpzr7dtvqy45 .post_ctn{background:#ffffff;}#rp_73qcq0rkmpzr7dtvqy45 .post-title h2 a{color:#2c3e50;}#rp_73qcq0rkmpzr7dtvqy45 .rp_post_info a,#rp_73qcq0rkmpzr7dtvqy45 .rp_post_info{color:#a1b1bc;}#rp_73qcq0rkmpzr7dtvqy45 .rp_entry{color:#a1b1bc;}#rp_73qcq0rkmpzr7dtvqy45 .post-title h2 a:hover,#rp_73qcq0rkmpzr7dtvqy45 .rp_post_info:hover,#rp_73qcq0rkmpzr7dtvqy45 .rp_post_info:hover a{color:transparent;}#rp_73qcq0rkmpzr7dtvqy45 .blog_load_more_cont {bottom:-70px;}<\/style><script>\n\n\n\njQuery.noConflict();\njQuery(document).ready(function($){\n\"use strict\";\n\n\n   \/*!!!!!!!!!!!!!!!!!!!!!!!!!!!!!!!!CONFIG!!!!!!!!!!!!!!!!!!!!!!!!!!!!!!!!!!!*\/\n\n                var html_template = \"type09\";\n                var column = \"blog_3_col\";\n                var now_open_works = 0;\n                var first_load = true;\n\n   \/*!!!!!!!!!!!!!!!!!!!!!!!!!!!!!!!!CONFIG!!!!!!!!!!!!!!!!!!!!!!!!!!!!!!!!!!!*\/\n\n                function get_blog_posts (this_obj) {\n\n                    if(typeof(this_obj)==\"undefined\") {data_option_value=\"*\";}\n                    else {var data_option_value = this_obj.attr(\"data-option-value\");}\n\n                    if (first_load == true) {\n\n                        var works_per_load = 50;\n                        first_load = false;\n\n                    } else {\n\n                        var works_per_load = 4;\n\n                    }\n\n                    $.ajax({\n\n                        type: \"POST\",\n                        url: mixajaxurl,\n                        data: \"html_template=\"+html_template+\"&now_open_works=\"+now_open_works+\"&action=get_blog_posts\"+\"&works_per_load=\"+works_per_load+\"&column=\"+column+\"&first_load=\"+first_load+\"&category=pasados\",\n                        success: function(result){\n\n\t                            if(result.length<1){\n                                $(\"#rp_73qcq0rkmpzr7dtvqy45 .blog_load_more_cont\").hide(\"fast\");\n\t                            }\n\n                            now_open_works = now_open_works + works_per_load;\n\t\t\t\t\t\t\tfirst_load = false;\n                            var $newItems = $(result);\n                            $(\"#rp_73qcq0rkmpzr7dtvqy45\").isotope( 'insert', $newItems, function() {\n                            $(\"#rp_73qcq0rkmpzr7dtvqy45\").ready(function(){\n                            $(\"#rp_73qcq0rkmpzr7dtvqy45\").isotope('layout');\n\n                            \/\/Blog\n                            $('#rp_73qcq0rkmpzr7dtvqy45 .isotope-item').each(function(){\n                            $(this).css('margin-top', Math.floor(-1*($(this).height()\/2))+'px');\n                            });\n                            });\n\n\n                               $(\"#rp_73qcq0rkmpzr7dtvqy45\").isotope('layout');\n\t\t\t\t\t\t\t   \n\t\t\t\t\t\t\t   $(window).trigger('resize');\n\t\t\t\t\t\t\t   \n\t\t\t\t\t\t\t});\n\n\n$(\".wpb_row:empty\").remove();\n$(\".wpb_column:empty\").remove();\n$(\".wpb_wrapper:empty\").remove();\n$(\".post-attachement\").fitVids();\n$(\".entry\").fitVids();\n$(\".video_sc\").fitVids();\n\n$('.flexslider').flexslider({\nanimation: \"slide\",              \/\/String: Select your animation type, \"fade\" or \"slide\"\nslideDirection: \"horizontal\",\ndirectionNav: true,\nstart: function(slider){ \/\/ init the height of the first item on start\nvar $new_height = slider.slides.eq().height();     \nslider.height($new_height);                                     \n},          \n\nbefore: function(slider){ \/\/ init the height of the next item before slide\nvar $new_height = slider.slides.eq(slider.animatingTo).height();                \nif($new_height != slider.height()){\nslider.animate({ height: $new_height  }, 400);\n\n}\n}          \n\n});\n                            $('a.prettyPhoto').prettyPhoto();\n\n\n$('.love-it').click(function() {\n\t\tvar $this = $(this);\t\n\t\tvar post_id = $this.data('post-id');\n\t\tvar user_id = $this.data('user-id');\n\t\tvar data = {\n\t\t\taction: 'love_it',\n\t\t\titem_id: post_id,\n\t\t\tuser_id: user_id,\n\t\t\tlove_it_nonce: love_it_vars.nonce\n\t\t};\n\t\t\n\t\t\/\/ don't allow the user to love the item more than once\n\t\tif($this.hasClass('loved')) {\n\t\t\treturn false;\n\t\t}\t\n\t\tif(love_it_vars.logged_in == 'false' && $.cookie('loved-' + post_id)) {\n\t\t\treturn false;\n\t\t}\n\t\t\n\t\t$.post(love_it_vars.ajaxurl, data, function(response) {\n\t\t\tif(response == 'loved') {\n\t\t\t\t$this.addClass('loved');\n\t\t\t\tvar count_wrap = $this.find('span');\n\t\t\t\tvar count = count_wrap.text();\n\t\t\t\tcount_wrap.text(parseInt(count) + 1);\n\t\t\t\tif(love_it_vars.logged_in == 'false') {\n\t\t\t\t\t$.cookie('loved-' + post_id, 'yes', { expires: 1 });\n\t\t\t\t}\n\t\t\t} else {\n\t\t\t}\n\t\t});\n\t\treturn false;\n\t});\t\n\t\n\t$('.love-it').removeClass('love-it');\n\t\n\n$('.love-it-wrapper .post_love_link').click(function () {\n\t\n\t\n$(this).parents('div[class^=\"rp_like\"]').css('background','#ef584d');\n\t\n});\n\n\n$('.loved').parents('div[class^=\"rp_like\"]').css('background','#ef584d');\n\t\t\t\t\t\t\t\n\t\t\t\t\t\t\t$(\".refresh_icn\").removeClass(\"fa-spin\");\n\t\t\t\t\t\t\t$(\".refresh_icn\").removeClass(\"fa-refresh\");\n\t\t\t\t\t\t\t$(\".refresh_icn\").addClass(\"fa-plus\");\n\n                    }   \n\n                    });\n\t\t\t\t\t\n\t\t\t\t}\n\n                $(\"#rp_73qcq0rkmpzr7dtvqy45 .get_blog_posts_btn\").click(function(){\n\t\t\t\t$(\".refresh_icn\").removeClass(\"fa-plus\");\n\t\t\t\t$(\".refresh_icn\").addClass(\"fa-refresh\");\n                $(\".refresh_icn\").addClass(\"fa-spin\");\n                get_blog_posts();\n\t\t\t\t\t$(window).trigger('resize');\t\t\t\t\t\t\t\n\t\t\t\t\t$(\".masonry_ctn\").isotope('layout');\n\n\t\t\t\treturn false;\n\n                });\n\n\n               \/* load at start *\/\n\n                $(window).load(function(){\n\n                get_blog_posts();\n\t\t\t\t\n\t\t\t\t\n\t\t\t\t\n\t\t\t\t\n\t\t\t\t\n$('.masonry_ctn').isotope({\n  \/\/ options\n  itemSelector : '.ajax_post',\n  layoutMode : 'masonry'\n});\n\n\n});});\n\n\n<\/script>\n\n<div class=\"masonry_ctn blog_3_col\" id=\"rp_73qcq0rkmpzr7dtvqy45\">\n\n<\/div>\n[\/vc_column][\/vc_row]<\/p>\n","protected":false},"excerpt":{"rendered":"<p>[vc_row][vc_column][vc_custom_heading text=&#8221;Galer\u00eda de Eventos Direcci\u00f3n de Educaci\u00f3n C\u00edvica&#8221; font_container=&#8221;tag:h2|font_size:55|text_align:center|color:%23651480|line_height:1.5&#8243; google_fonts=&#8221;font_family:Lato%3A100%2C100italic%2C300%2C300italic%2Cregular%2Citalic%2C700%2C700italic%2C900%2C900italic|font_style:700%20bold%20regular%3A700%3Anormal&#8221;] [\/vc_column][\/vc_row]<\/p>\n","protected":false},"author":2,"featured_media":0,"parent":0,"menu_order":0,"comment_status":"closed","ping_status":"closed","template":"","meta":{"footnotes":""},"class_list":["post-11723","page","type-page","status-publish","hentry"],"_links":{"self":[{"href":"https:\/\/www2.iepcjalisco.org.mx\/educacion-civica\/wp-json\/wp\/v2\/pages\/11723","targetHints":{"allow":["GET"]}}],"collection":[{"href":"https:\/\/www2.iepcjalisco.org.mx\/educacion-civica\/wp-json\/wp\/v2\/pages"}],"about":[{"href":"https:\/\/www2.iepcjalisco.org.mx\/educacion-civica\/wp-json\/wp\/v2\/types\/page"}],"author":[{"embeddable":true,"href":"https:\/\/www2.iepcjalisco.org.mx\/educacion-civica\/wp-json\/wp\/v2\/users\/2"}],"replies":[{"embeddable":true,"href":"https:\/\/www2.iepcjalisco.org.mx\/educacion-civica\/wp-json\/wp\/v2\/comments?post=11723"}],"version-history":[{"count":0,"href":"https:\/\/www2.iepcjalisco.org.mx\/educacion-civica\/wp-json\/wp\/v2\/pages\/11723\/revisions"}],"wp:attachment":[{"href":"https:\/\/www2.iepcjalisco.org.mx\/educacion-civica\/wp-json\/wp\/v2\/media?parent=11723"}],"curies":[{"name":"wp","href":"https:\/\/api.w.org\/{rel}","templated":true}]}}