{"id":7639,"date":"2016-07-04T08:32:09","date_gmt":"2016-07-04T14:32:09","guid":{"rendered":"https:\/\/www2.iepcjalisco.org.mx\/educacion-civica\/?page_id=7639"},"modified":"2026-01-21T13:25:44","modified_gmt":"2026-01-21T19:25:44","slug":"nosotros","status":"publish","type":"page","link":"https:\/\/www2.iepcjalisco.org.mx\/educacion-civica\/nosotros\/","title":{"rendered":"Nosotros"},"content":{"rendered":"<p>[vc_row type=&#8221;full-width-section&#8221; css=&#8221;.vc_custom_1467657599956{margin-bottom: 0px !important;border-top-width: 2px !important;padding-top: 70px !important;padding-bottom: 50px !important;border-top-color: #ebebeb !important;border-top-style: solid !important;}&#8221;][vc_column width=&#8221;5\/12&#8243; css=&#8221;.vc_custom_1422768980499{padding-top: 45px !important;padding-bottom: 30px !important;}&#8221;][vc_single_image image=&#8221;7685&#8243; img_size=&#8221;full&#8221; animation=&#8221;rda_fadeInLeft&#8221;][\/vc_column][vc_column width=&#8221;7\/12&#8243; animation=&#8221;rda_fadeInUp&#8221;][vc_custom_heading text=&#8221;DIRECCI\u00d3N DE EDUCACI\u00d3N C\u00cdVICA&#8221; font_container=&#8221;tag:h2|font_size:30|text_align:left&#8221; google_fonts=&#8221;font_family:Lato%3A100%2C100italic%2C300%2C300italic%2Cregular%2Citalic%2C700%2C700italic%2C900%2C900italic|font_style:900%20bold%20regular%3A900%3Anormal&#8221; css=&#8221;.vc_custom_1467657737364{margin-bottom: 17px !important;}&#8221; el_class=&#8221;letterspacing-2&#8243;][vc_column_text css=&#8221;.vc_custom_1467656766116{margin-bottom: 25px !important;}&#8221;]<strong>Es la encargada de dise\u00f1ar, elaborar y ejecutar los programas de educaci\u00f3n c\u00edvica, mediante los cuales se promueven valores y pr\u00e1cticas de la democracia.<\/strong>[\/vc_column_text]\n<!-- lists --><div class=\"rd_list_1 rd_list_left\"><style> @font-face{font-family: 'fa'; src:url('https:\/\/www2.iepcjalisco.org.mx\/educacion-civica\/wp-content\/themes\/TheFox\/includes\/4k-icons\/icons\/4k-icons-pack02\/icons\/fonts\/fa.eot'); src:url('https:\/\/www2.iepcjalisco.org.mx\/educacion-civica\/wp-content\/themes\/TheFox\/includes\/4k-icons\/icons\/4k-icons-pack02\/icons\/fonts\/fa.eot?#iefix') format('embedded-opentype'), url('https:\/\/www2.iepcjalisco.org.mx\/educacion-civica\/wp-content\/themes\/TheFox\/includes\/4k-icons\/icons\/4k-icons-pack02\/icons\/fonts\/fa.woff') format('woff'), url('https:\/\/www2.iepcjalisco.org.mx\/educacion-civica\/wp-content\/themes\/TheFox\/includes\/4k-icons\/icons\/4k-icons-pack02\/icons\/fonts\/fa.ttf') format('truetype'), url('https:\/\/www2.iepcjalisco.org.mx\/educacion-civica\/wp-content\/themes\/TheFox\/includes\/4k-icons\/icons\/4k-icons-pack02\/icons\/fonts\/fa.svg#oi') format('svg'); font-weight: normal; font-style: normal;}#rand_2n8w4ix4c5wo51cswrxz .fa-check-circle:before{font-family: 'fa'; font-weight: normal; font-style: normal;}#rand_2n8w4ix4c5wo51cswrxz .fa-check-circle:before{content: \"\\f058\";}<\/style>\n<style>.rd_list_1 .list_item_ctn { border-color:#ecf0f1}.rd_list_1 #rand_2n8w4ix4c5wo51cswrxz .list_icn i,.rd_list_1_alt #rand_2n8w4ix4c5wo51cswrxz .list_icn i{color:#2c3e50;}.rd_list_2 #rand_2n8w4ix4c5wo51cswrxz:after{background:#a1b1bc;}.rd_list_2 #rand_2n8w4ix4c5wo51cswrxz .list_icn i{color:#2c3e50;}.rd_list_3 #rand_2n8w4ix4c5wo51cswrxz .list_icn,.rd_list_5 #rand_2n8w4ix4c5wo51cswrxz .list_icn,.rd_list_6 #rand_2n8w4ix4c5wo51cswrxz .list_icn{background:#2c3e50;}.rd_list_4 #rand_2n8w4ix4c5wo51cswrxz{background:#2c3e50;}#rand_2n8w4ix4c5wo51cswrxz h3{color:#2c3e50;}#rand_2n8w4ix4c5wo51cswrxz p{color:#a1b1bc;}.rd_list_7 #rand_2n8w4ix4c5wo51cswrxz .list_icn{color:#2c3e50;}<\/style><div class=\"list_item_ctn\" id=\"rand_2n8w4ix4c5wo51cswrxz\"><div class=\"list_icn\"><i class=\"fa-check-circle\"><\/i><\/div><div class=\"list_desc\"><p>Coadyuvar en la elaboraci\u00f3n y desarrollo de los programas de educaci\u00f3n c\u00edvica del Instituto.<\/p><\/div><\/div><style> @font-face{font-family: 'fa'; src:url('https:\/\/www2.iepcjalisco.org.mx\/educacion-civica\/wp-content\/themes\/TheFox\/includes\/4k-icons\/icons\/4k-icons-pack02\/icons\/fonts\/fa.eot'); src:url('https:\/\/www2.iepcjalisco.org.mx\/educacion-civica\/wp-content\/themes\/TheFox\/includes\/4k-icons\/icons\/4k-icons-pack02\/icons\/fonts\/fa.eot?#iefix') format('embedded-opentype'), url('https:\/\/www2.iepcjalisco.org.mx\/educacion-civica\/wp-content\/themes\/TheFox\/includes\/4k-icons\/icons\/4k-icons-pack02\/icons\/fonts\/fa.woff') format('woff'), url('https:\/\/www2.iepcjalisco.org.mx\/educacion-civica\/wp-content\/themes\/TheFox\/includes\/4k-icons\/icons\/4k-icons-pack02\/icons\/fonts\/fa.ttf') format('truetype'), url('https:\/\/www2.iepcjalisco.org.mx\/educacion-civica\/wp-content\/themes\/TheFox\/includes\/4k-icons\/icons\/4k-icons-pack02\/icons\/fonts\/fa.svg#oi') format('svg'); font-weight: normal; font-style: normal;}#rand_cqe3jhvt5lzaduhokw5b .fa-check-circle:before{font-family: 'fa'; font-weight: normal; font-style: normal;}#rand_cqe3jhvt5lzaduhokw5b .fa-check-circle:before{content: \"\\f058\";}<\/style>\n<style>.rd_list_1 .list_item_ctn { border-color:#ecf0f1}.rd_list_1 #rand_cqe3jhvt5lzaduhokw5b .list_icn i,.rd_list_1_alt #rand_cqe3jhvt5lzaduhokw5b .list_icn i{color:#2c3e50;}.rd_list_2 #rand_cqe3jhvt5lzaduhokw5b:after{background:#a1b1bc;}.rd_list_2 #rand_cqe3jhvt5lzaduhokw5b .list_icn i{color:#2c3e50;}.rd_list_3 #rand_cqe3jhvt5lzaduhokw5b .list_icn,.rd_list_5 #rand_cqe3jhvt5lzaduhokw5b .list_icn,.rd_list_6 #rand_cqe3jhvt5lzaduhokw5b .list_icn{background:#2c3e50;}.rd_list_4 #rand_cqe3jhvt5lzaduhokw5b{background:#2c3e50;}#rand_cqe3jhvt5lzaduhokw5b h3{color:#2c3e50;}#rand_cqe3jhvt5lzaduhokw5b p{color:#a1b1bc;}.rd_list_7 #rand_cqe3jhvt5lzaduhokw5b .list_icn{color:#2c3e50;}<\/style><div class=\"list_item_ctn\" id=\"rand_cqe3jhvt5lzaduhokw5b\"><div class=\"list_icn\"><i class=\"fa-check-circle\"><\/i><\/div><div class=\"list_desc\"><p>Coadyuvar en la elaboraci\u00f3n y desarrollo de la estrategia de capacitaci\u00f3n de plebiscito y de refer\u00e9ndum, la cual invariablemente deber\u00e1 contener los lineamientos para la designaci\u00f3n y capacitaci\u00f3n de los funcionarios de mesas directivas de casilla de los procedimientos de participaci\u00f3n ciudadana.<\/p><\/div><\/div><style> @font-face{font-family: 'fa'; src:url('https:\/\/www2.iepcjalisco.org.mx\/educacion-civica\/wp-content\/themes\/TheFox\/includes\/4k-icons\/icons\/4k-icons-pack02\/icons\/fonts\/fa.eot'); src:url('https:\/\/www2.iepcjalisco.org.mx\/educacion-civica\/wp-content\/themes\/TheFox\/includes\/4k-icons\/icons\/4k-icons-pack02\/icons\/fonts\/fa.eot?#iefix') format('embedded-opentype'), url('https:\/\/www2.iepcjalisco.org.mx\/educacion-civica\/wp-content\/themes\/TheFox\/includes\/4k-icons\/icons\/4k-icons-pack02\/icons\/fonts\/fa.woff') format('woff'), url('https:\/\/www2.iepcjalisco.org.mx\/educacion-civica\/wp-content\/themes\/TheFox\/includes\/4k-icons\/icons\/4k-icons-pack02\/icons\/fonts\/fa.ttf') format('truetype'), url('https:\/\/www2.iepcjalisco.org.mx\/educacion-civica\/wp-content\/themes\/TheFox\/includes\/4k-icons\/icons\/4k-icons-pack02\/icons\/fonts\/fa.svg#oi') format('svg'); font-weight: normal; font-style: normal;}#rand_cw437pa1zxe9qxmn1ty2 .fa-check-circle:before{font-family: 'fa'; font-weight: normal; font-style: normal;}#rand_cw437pa1zxe9qxmn1ty2 .fa-check-circle:before{content: \"\\f058\";}<\/style>\n<style>.rd_list_1 .list_item_ctn { border-color:#ecf0f1}.rd_list_1 #rand_cw437pa1zxe9qxmn1ty2 .list_icn i,.rd_list_1_alt #rand_cw437pa1zxe9qxmn1ty2 .list_icn i{color:#2c3e50;}.rd_list_2 #rand_cw437pa1zxe9qxmn1ty2:after{background:#a1b1bc;}.rd_list_2 #rand_cw437pa1zxe9qxmn1ty2 .list_icn i{color:#2c3e50;}.rd_list_3 #rand_cw437pa1zxe9qxmn1ty2 .list_icn,.rd_list_5 #rand_cw437pa1zxe9qxmn1ty2 .list_icn,.rd_list_6 #rand_cw437pa1zxe9qxmn1ty2 .list_icn{background:#2c3e50;}.rd_list_4 #rand_cw437pa1zxe9qxmn1ty2{background:#2c3e50;}#rand_cw437pa1zxe9qxmn1ty2 h3{color:#2c3e50;}#rand_cw437pa1zxe9qxmn1ty2 p{color:#a1b1bc;}.rd_list_7 #rand_cw437pa1zxe9qxmn1ty2 .list_icn{color:#2c3e50;}<\/style><div class=\"list_item_ctn\" id=\"rand_cw437pa1zxe9qxmn1ty2\"><div class=\"list_icn\"><i class=\"fa-check-circle\"><\/i><\/div><div class=\"list_desc\"><p>Coadyuvar en la elaboraci\u00f3n e impartici\u00f3n , en su caso, de los cursos de capacitaci\u00f3n para el personal del Instituto.<\/p><\/div><\/div><style> @font-face{font-family: 'fa'; src:url('https:\/\/www2.iepcjalisco.org.mx\/educacion-civica\/wp-content\/themes\/TheFox\/includes\/4k-icons\/icons\/4k-icons-pack02\/icons\/fonts\/fa.eot'); src:url('https:\/\/www2.iepcjalisco.org.mx\/educacion-civica\/wp-content\/themes\/TheFox\/includes\/4k-icons\/icons\/4k-icons-pack02\/icons\/fonts\/fa.eot?#iefix') format('embedded-opentype'), url('https:\/\/www2.iepcjalisco.org.mx\/educacion-civica\/wp-content\/themes\/TheFox\/includes\/4k-icons\/icons\/4k-icons-pack02\/icons\/fonts\/fa.woff') format('woff'), url('https:\/\/www2.iepcjalisco.org.mx\/educacion-civica\/wp-content\/themes\/TheFox\/includes\/4k-icons\/icons\/4k-icons-pack02\/icons\/fonts\/fa.ttf') format('truetype'), url('https:\/\/www2.iepcjalisco.org.mx\/educacion-civica\/wp-content\/themes\/TheFox\/includes\/4k-icons\/icons\/4k-icons-pack02\/icons\/fonts\/fa.svg#oi') format('svg'); font-weight: normal; font-style: normal;}#rand_nr1bzcxmaxxv4pgknlkq .fa-check-circle:before{font-family: 'fa'; font-weight: normal; font-style: normal;}#rand_nr1bzcxmaxxv4pgknlkq .fa-check-circle:before{content: \"\\f058\";}<\/style>\n<style>.rd_list_1 .list_item_ctn { border-color:#ecf0f1}.rd_list_1 #rand_nr1bzcxmaxxv4pgknlkq .list_icn i,.rd_list_1_alt #rand_nr1bzcxmaxxv4pgknlkq .list_icn i{color:#2c3e50;}.rd_list_2 #rand_nr1bzcxmaxxv4pgknlkq:after{background:#a1b1bc;}.rd_list_2 #rand_nr1bzcxmaxxv4pgknlkq .list_icn i{color:#2c3e50;}.rd_list_3 #rand_nr1bzcxmaxxv4pgknlkq .list_icn,.rd_list_5 #rand_nr1bzcxmaxxv4pgknlkq .list_icn,.rd_list_6 #rand_nr1bzcxmaxxv4pgknlkq .list_icn{background:#2c3e50;}.rd_list_4 #rand_nr1bzcxmaxxv4pgknlkq{background:#2c3e50;}#rand_nr1bzcxmaxxv4pgknlkq h3{color:#2c3e50;}#rand_nr1bzcxmaxxv4pgknlkq p{color:#a1b1bc;}.rd_list_7 #rand_nr1bzcxmaxxv4pgknlkq .list_icn{color:#2c3e50;}<\/style><div class=\"list_item_ctn\" id=\"rand_nr1bzcxmaxxv4pgknlkq\"><div class=\"list_icn\"><i class=\"fa-check-circle\"><\/i><\/div><div class=\"list_desc\"><p>Planear, dise\u00f1ar y elaborar el material did\u00e1ctico que requieren los programas de educaci\u00f3n c\u00edvica.<\/p><\/div><\/div><style> @font-face{font-family: 'fa'; src:url('https:\/\/www2.iepcjalisco.org.mx\/educacion-civica\/wp-content\/themes\/TheFox\/includes\/4k-icons\/icons\/4k-icons-pack02\/icons\/fonts\/fa.eot'); src:url('https:\/\/www2.iepcjalisco.org.mx\/educacion-civica\/wp-content\/themes\/TheFox\/includes\/4k-icons\/icons\/4k-icons-pack02\/icons\/fonts\/fa.eot?#iefix') format('embedded-opentype'), url('https:\/\/www2.iepcjalisco.org.mx\/educacion-civica\/wp-content\/themes\/TheFox\/includes\/4k-icons\/icons\/4k-icons-pack02\/icons\/fonts\/fa.woff') format('woff'), url('https:\/\/www2.iepcjalisco.org.mx\/educacion-civica\/wp-content\/themes\/TheFox\/includes\/4k-icons\/icons\/4k-icons-pack02\/icons\/fonts\/fa.ttf') format('truetype'), url('https:\/\/www2.iepcjalisco.org.mx\/educacion-civica\/wp-content\/themes\/TheFox\/includes\/4k-icons\/icons\/4k-icons-pack02\/icons\/fonts\/fa.svg#oi') format('svg'); font-weight: normal; font-style: normal;}#rand_h47zd89fpgcjzbtqq201 .fa-check-circle:before{font-family: 'fa'; font-weight: normal; font-style: normal;}#rand_h47zd89fpgcjzbtqq201 .fa-check-circle:before{content: \"\\f058\";}<\/style>\n<style>.rd_list_1 .list_item_ctn { border-color:#ecf0f1}.rd_list_1 #rand_h47zd89fpgcjzbtqq201 .list_icn i,.rd_list_1_alt #rand_h47zd89fpgcjzbtqq201 .list_icn i{color:#2c3e50;}.rd_list_2 #rand_h47zd89fpgcjzbtqq201:after{background:#a1b1bc;}.rd_list_2 #rand_h47zd89fpgcjzbtqq201 .list_icn i{color:#2c3e50;}.rd_list_3 #rand_h47zd89fpgcjzbtqq201 .list_icn,.rd_list_5 #rand_h47zd89fpgcjzbtqq201 .list_icn,.rd_list_6 #rand_h47zd89fpgcjzbtqq201 .list_icn{background:#2c3e50;}.rd_list_4 #rand_h47zd89fpgcjzbtqq201{background:#2c3e50;}#rand_h47zd89fpgcjzbtqq201 h3{color:#2c3e50;}#rand_h47zd89fpgcjzbtqq201 p{color:#a1b1bc;}.rd_list_7 #rand_h47zd89fpgcjzbtqq201 .list_icn{color:#2c3e50;}<\/style><div class=\"list_item_ctn\" id=\"rand_h47zd89fpgcjzbtqq201\"><div class=\"list_icn\"><i class=\"fa-check-circle\"><\/i><\/div><div class=\"list_desc\"><p>Coordinar programas de investigaci\u00f3n que en materia de educaci\u00f3n c\u00edvica se requieran.<\/p><\/div><\/div><style> @font-face{font-family: 'fa'; src:url('https:\/\/www2.iepcjalisco.org.mx\/educacion-civica\/wp-content\/themes\/TheFox\/includes\/4k-icons\/icons\/4k-icons-pack02\/icons\/fonts\/fa.eot'); src:url('https:\/\/www2.iepcjalisco.org.mx\/educacion-civica\/wp-content\/themes\/TheFox\/includes\/4k-icons\/icons\/4k-icons-pack02\/icons\/fonts\/fa.eot?#iefix') format('embedded-opentype'), url('https:\/\/www2.iepcjalisco.org.mx\/educacion-civica\/wp-content\/themes\/TheFox\/includes\/4k-icons\/icons\/4k-icons-pack02\/icons\/fonts\/fa.woff') format('woff'), url('https:\/\/www2.iepcjalisco.org.mx\/educacion-civica\/wp-content\/themes\/TheFox\/includes\/4k-icons\/icons\/4k-icons-pack02\/icons\/fonts\/fa.ttf') format('truetype'), url('https:\/\/www2.iepcjalisco.org.mx\/educacion-civica\/wp-content\/themes\/TheFox\/includes\/4k-icons\/icons\/4k-icons-pack02\/icons\/fonts\/fa.svg#oi') format('svg'); font-weight: normal; font-style: normal;}#rand_z9grqr2jdnz6n73t48x5 .fa-check-circle:before{font-family: 'fa'; font-weight: normal; font-style: normal;}#rand_z9grqr2jdnz6n73t48x5 .fa-check-circle:before{content: \"\\f058\";}<\/style>\n<style>.rd_list_1 .list_item_ctn { border-color:#ecf0f1}.rd_list_1 #rand_z9grqr2jdnz6n73t48x5 .list_icn i,.rd_list_1_alt #rand_z9grqr2jdnz6n73t48x5 .list_icn i{color:#2c3e50;}.rd_list_2 #rand_z9grqr2jdnz6n73t48x5:after{background:#a1b1bc;}.rd_list_2 #rand_z9grqr2jdnz6n73t48x5 .list_icn i{color:#2c3e50;}.rd_list_3 #rand_z9grqr2jdnz6n73t48x5 .list_icn,.rd_list_5 #rand_z9grqr2jdnz6n73t48x5 .list_icn,.rd_list_6 #rand_z9grqr2jdnz6n73t48x5 .list_icn{background:#2c3e50;}.rd_list_4 #rand_z9grqr2jdnz6n73t48x5{background:#2c3e50;}#rand_z9grqr2jdnz6n73t48x5 h3{color:#2c3e50;}#rand_z9grqr2jdnz6n73t48x5 p{color:#a1b1bc;}.rd_list_7 #rand_z9grqr2jdnz6n73t48x5 .list_icn{color:#2c3e50;}<\/style><div class=\"list_item_ctn\" id=\"rand_z9grqr2jdnz6n73t48x5\"><div class=\"list_icn\"><i class=\"fa-check-circle\"><\/i><\/div><div class=\"list_desc\"><p>Coadyuvar en el dise\u00f1o y elaboraci\u00f3n de las campa\u00f1as de difusi\u00f3n y los programas de divulgaci\u00f3n de la cultura democr\u00e1tica.<\/p><\/div><\/div><style> @font-face{font-family: 'fa'; src:url('https:\/\/www2.iepcjalisco.org.mx\/educacion-civica\/wp-content\/themes\/TheFox\/includes\/4k-icons\/icons\/4k-icons-pack02\/icons\/fonts\/fa.eot'); src:url('https:\/\/www2.iepcjalisco.org.mx\/educacion-civica\/wp-content\/themes\/TheFox\/includes\/4k-icons\/icons\/4k-icons-pack02\/icons\/fonts\/fa.eot?#iefix') format('embedded-opentype'), url('https:\/\/www2.iepcjalisco.org.mx\/educacion-civica\/wp-content\/themes\/TheFox\/includes\/4k-icons\/icons\/4k-icons-pack02\/icons\/fonts\/fa.woff') format('woff'), url('https:\/\/www2.iepcjalisco.org.mx\/educacion-civica\/wp-content\/themes\/TheFox\/includes\/4k-icons\/icons\/4k-icons-pack02\/icons\/fonts\/fa.ttf') format('truetype'), url('https:\/\/www2.iepcjalisco.org.mx\/educacion-civica\/wp-content\/themes\/TheFox\/includes\/4k-icons\/icons\/4k-icons-pack02\/icons\/fonts\/fa.svg#oi') format('svg'); font-weight: normal; font-style: normal;}#rand_n81xwvsa1hp0lx35fbsb .fa-check-circle:before{font-family: 'fa'; font-weight: normal; font-style: normal;}#rand_n81xwvsa1hp0lx35fbsb .fa-check-circle:before{content: \"\\f058\";}<\/style>\n<style>.rd_list_1 .list_item_ctn { border-color:#ecf0f1}.rd_list_1 #rand_n81xwvsa1hp0lx35fbsb .list_icn i,.rd_list_1_alt #rand_n81xwvsa1hp0lx35fbsb .list_icn i{color:#2c3e50;}.rd_list_2 #rand_n81xwvsa1hp0lx35fbsb:after{background:#a1b1bc;}.rd_list_2 #rand_n81xwvsa1hp0lx35fbsb .list_icn i{color:#2c3e50;}.rd_list_3 #rand_n81xwvsa1hp0lx35fbsb .list_icn,.rd_list_5 #rand_n81xwvsa1hp0lx35fbsb .list_icn,.rd_list_6 #rand_n81xwvsa1hp0lx35fbsb .list_icn{background:#2c3e50;}.rd_list_4 #rand_n81xwvsa1hp0lx35fbsb{background:#2c3e50;}#rand_n81xwvsa1hp0lx35fbsb h3{color:#2c3e50;}#rand_n81xwvsa1hp0lx35fbsb p{color:#a1b1bc;}.rd_list_7 #rand_n81xwvsa1hp0lx35fbsb .list_icn{color:#2c3e50;}<\/style><div class=\"list_item_ctn\" id=\"rand_n81xwvsa1hp0lx35fbsb\"><div class=\"list_icn\"><i class=\"fa-check-circle\"><\/i><\/div><div class=\"list_desc\"><p>Coordinar los eventos y concursos de car\u00e1cter acad\u00e9mico que realice el Instituto.<\/p><\/div><\/div><style> @font-face{font-family: 'fa'; src:url('https:\/\/www2.iepcjalisco.org.mx\/educacion-civica\/wp-content\/themes\/TheFox\/includes\/4k-icons\/icons\/4k-icons-pack02\/icons\/fonts\/fa.eot'); src:url('https:\/\/www2.iepcjalisco.org.mx\/educacion-civica\/wp-content\/themes\/TheFox\/includes\/4k-icons\/icons\/4k-icons-pack02\/icons\/fonts\/fa.eot?#iefix') format('embedded-opentype'), url('https:\/\/www2.iepcjalisco.org.mx\/educacion-civica\/wp-content\/themes\/TheFox\/includes\/4k-icons\/icons\/4k-icons-pack02\/icons\/fonts\/fa.woff') format('woff'), url('https:\/\/www2.iepcjalisco.org.mx\/educacion-civica\/wp-content\/themes\/TheFox\/includes\/4k-icons\/icons\/4k-icons-pack02\/icons\/fonts\/fa.ttf') format('truetype'), url('https:\/\/www2.iepcjalisco.org.mx\/educacion-civica\/wp-content\/themes\/TheFox\/includes\/4k-icons\/icons\/4k-icons-pack02\/icons\/fonts\/fa.svg#oi') format('svg'); font-weight: normal; font-style: normal;}#rand_l4bgq6n6g0oir32ibvgs .fa-check-circle:before{font-family: 'fa'; font-weight: normal; font-style: normal;}#rand_l4bgq6n6g0oir32ibvgs .fa-check-circle:before{content: \"\\f058\";}<\/style>\n<style>.rd_list_1 .list_item_ctn { border-color:#ecf0f1}.rd_list_1 #rand_l4bgq6n6g0oir32ibvgs .list_icn i,.rd_list_1_alt #rand_l4bgq6n6g0oir32ibvgs .list_icn i{color:#2c3e50;}.rd_list_2 #rand_l4bgq6n6g0oir32ibvgs:after{background:#a1b1bc;}.rd_list_2 #rand_l4bgq6n6g0oir32ibvgs .list_icn i{color:#2c3e50;}.rd_list_3 #rand_l4bgq6n6g0oir32ibvgs .list_icn,.rd_list_5 #rand_l4bgq6n6g0oir32ibvgs .list_icn,.rd_list_6 #rand_l4bgq6n6g0oir32ibvgs .list_icn{background:#2c3e50;}.rd_list_4 #rand_l4bgq6n6g0oir32ibvgs{background:#2c3e50;}#rand_l4bgq6n6g0oir32ibvgs h3{color:#2c3e50;}#rand_l4bgq6n6g0oir32ibvgs p{color:#a1b1bc;}.rd_list_7 #rand_l4bgq6n6g0oir32ibvgs .list_icn{color:#2c3e50;}<\/style><div class=\"list_item_ctn\" id=\"rand_l4bgq6n6g0oir32ibvgs\"><div class=\"list_icn\"><i class=\"fa-check-circle\"><\/i><\/div><div class=\"list_desc\"><p>Administrar los programas de servicio social y pr\u00e1cticas profesionales que se realicen en el Instituto.<\/p><\/div><\/div><\/div>\n\n<!-- lists END-->\n[\/vc_column][\/vc_row]<\/p>\n","protected":false},"excerpt":{"rendered":"<p>[vc_row type=&#8221;full-width-section&#8221; css=&#8221;.vc_custom_1467657599956{margin-bottom: 0px !important;border-top-width: 2px !important;padding-top: 70px !important;padding-bottom: 50px !important;border-top-color: #ebebeb !important;border-top-style: solid !important;}&#8221;][vc_column width=&#8221;5\/12&#8243; css=&#8221;.vc_custom_1422768980499{padding-top: 45px !important;padding-bottom: 30px !important;}&#8221;][vc_single_image image=&#8221;7685&#8243; img_size=&#8221;full&#8221; animation=&#8221;rda_fadeInLeft&#8221;][\/vc_column][vc_column width=&#8221;7\/12&#8243; animation=&#8221;rda_fadeInUp&#8221;][vc_custom_heading text=&#8221;DIRECCI\u00d3N DE EDUCACI\u00d3N C\u00cdVICA&#8221; font_container=&#8221;tag:h2|font_size:30|text_align:left&#8221; google_fonts=&#8221;font_family:Lato%3A100%2C100italic%2C300%2C300italic%2Cregular%2Citalic%2C700%2C700italic%2C900%2C900italic|font_style:900%20bold%20regular%3A900%3Anormal&#8221; css=&#8221;.vc_custom_1467657737364{margin-bottom: 17px !important;}&#8221; el_class=&#8221;letterspacing-2&#8243;][vc_column_text css=&#8221;.vc_custom_1467656766116{margin-bottom: 25px !important;}&#8221;]Es la encargada de dise\u00f1ar, elaborar y ejecutar los programas de educaci\u00f3n c\u00edvica, mediante los cuales se<br \/><a href=\"https:\/\/www2.iepcjalisco.org.mx\/educacion-civica\/nosotros\/\" class=\"more\">Read more<\/a><\/p>\n","protected":false},"author":2,"featured_media":0,"parent":0,"menu_order":0,"comment_status":"closed","ping_status":"open","template":"","meta":{"footnotes":""},"class_list":["post-7639","page","type-page","status-publish","hentry"],"_links":{"self":[{"href":"https:\/\/www2.iepcjalisco.org.mx\/educacion-civica\/wp-json\/wp\/v2\/pages\/7639","targetHints":{"allow":["GET"]}}],"collection":[{"href":"https:\/\/www2.iepcjalisco.org.mx\/educacion-civica\/wp-json\/wp\/v2\/pages"}],"about":[{"href":"https:\/\/www2.iepcjalisco.org.mx\/educacion-civica\/wp-json\/wp\/v2\/types\/page"}],"author":[{"embeddable":true,"href":"https:\/\/www2.iepcjalisco.org.mx\/educacion-civica\/wp-json\/wp\/v2\/users\/2"}],"replies":[{"embeddable":true,"href":"https:\/\/www2.iepcjalisco.org.mx\/educacion-civica\/wp-json\/wp\/v2\/comments?post=7639"}],"version-history":[{"count":0,"href":"https:\/\/www2.iepcjalisco.org.mx\/educacion-civica\/wp-json\/wp\/v2\/pages\/7639\/revisions"}],"wp:attachment":[{"href":"https:\/\/www2.iepcjalisco.org.mx\/educacion-civica\/wp-json\/wp\/v2\/media?parent=7639"}],"curies":[{"name":"wp","href":"https:\/\/api.w.org\/{rel}","templated":true}]}}