{"id":7789,"date":"2016-07-08T10:27:07","date_gmt":"2016-07-08T16:27:07","guid":{"rendered":"https:\/\/www2.iepcjalisco.org.mx\/educacion-civica\/?page_id=7789"},"modified":"2026-01-21T13:23:27","modified_gmt":"2026-01-21T19:23:27","slug":"infografia","status":"publish","type":"page","link":"https:\/\/www2.iepcjalisco.org.mx\/educacion-civica\/infografia\/","title":{"rendered":"Infograf\u00edas"},"content":{"rendered":"<p>[vc_row type=&#8221;full-width-section&#8221; css=&#8221;.vc_custom_1420362884260{margin-bottom: 45px;}&#8221;][vc_column animation=&#8221;rda_fadeIn&#8221;][vc_custom_heading text=&#8221;INFOGRAF\u00cdAS&#8221; font_container=&#8221;tag:h2|font_size:40|text_align:center|color:%232c3e50&#8243; google_fonts=&#8221;font_family:Lato%3A100%2C100italic%2C300%2C300italic%2Cregular%2Citalic%2C700%2C700italic%2C900%2C900italic|font_style:700%20bold%20regular%3A700%3Anormal&#8221; css=&#8221;.vc_custom_1467999027120{margin-bottom: 2px !important;}&#8221;][vc_custom_heading text=&#8221;RENDICI\u00d3N DE CUENTAS&#8221; font_container=&#8221;tag:h2|font_size:30|text_align:center|color:%232c3e50&#8243; google_fonts=&#8221;font_family:Lato%3A100%2C100italic%2C300%2C300italic%2Cregular%2Citalic%2C700%2C700italic%2C900%2C900italic|font_style:400%20regular%3A400%3Anormal&#8221; css=&#8221;.vc_custom_1467996383128{margin-bottom: 2px !important;padding-top: 70px !important;}&#8221;]<style>#l_erd4rg9ivtorevgb24co{width:276px;}#l_erd4rg9ivtorevgb24co.sc_line ,#l_erd4rg9ivtorevgb24co .sc_line { height:1px; background:#a1b1bc;}#l_erd4rg9ivtorevgb24co {margin:0px 0 0px 0; padding:0;}<\/style><style> @font-face{font-family: 'oi'; src:url('https:\/\/www2.iepcjalisco.org.mx\/educacion-civica\/wp-content\/themes\/TheFox\/includes\/4k-icons\/icons\/4k-icons-pack04\/icons\/fonts\/oi.eot'); src:url('https:\/\/www2.iepcjalisco.org.mx\/educacion-civica\/wp-content\/themes\/TheFox\/includes\/4k-icons\/icons\/4k-icons-pack04\/icons\/fonts\/oi.eot?#iefix') format('embedded-opentype'), url('https:\/\/www2.iepcjalisco.org.mx\/educacion-civica\/wp-content\/themes\/TheFox\/includes\/4k-icons\/icons\/4k-icons-pack04\/icons\/fonts\/oi.woff') format('woff'), url('https:\/\/www2.iepcjalisco.org.mx\/educacion-civica\/wp-content\/themes\/TheFox\/includes\/4k-icons\/icons\/4k-icons-pack04\/icons\/fonts\/oi.ttf') format('truetype'), url('https:\/\/www2.iepcjalisco.org.mx\/educacion-civica\/wp-content\/themes\/TheFox\/includes\/4k-icons\/icons\/4k-icons-pack04\/icons\/fonts\/oi.svg#oi') format('svg'); font-weight: normal; font-style: normal;}#l_erd4rg9ivtorevgb24co .oi-matt-hakes-spectacles:before{font-family: 'oi'; font-weight: normal; font-style: normal;}#l_erd4rg9ivtorevgb24co .oi-matt-hakes-spectacles:before{content: \"\\e042\";}<\/style>\n<style>#l_erd4rg9ivtorevgb24co.rd_icon_line_c{height:42px;}#l_erd4rg9ivtorevgb24co.rd_icon_line_c i{line-height:37px; width:37px ; font-size:37px; color:#a1b1bc ; margin-left:-18.5px;}#l_erd4rg9ivtorevgb24co .sc_line_l{float:left; margin:18.5px 0 0 0; width: -moz-calc(50% - 28.5px); width: -webkit-calc(50% - 28.5px); width: -o-calc(50% - 28.5px); width: calc(50% - 28.5px);}#l_erd4rg9ivtorevgb24co .sc_line_r{float:right; margin:18.5px 0 0 0; width: -moz-calc(50% - 28.5px); width: -webkit-calc(50% - 28.5px); width: -o-calc(50% - 28.5px); width: calc(50% - 28.5px);}<\/style><div class=\"clearfix\"><\/div><div id=\"l_erd4rg9ivtorevgb24co\"  class=\"rd_icon_line_c\"><i class=\"oi-matt-hakes-spectacles\"><\/i><div class=\"sc_line_l sc_line rd_line_normal\" ><\/div><div class=\"sc_line sc_line_r rd_line_normal\" ><\/div><\/div>[\/vc_column][\/vc_row][vc_row type=&#8221;full-width-section&#8221; css=&#8221;.vc_custom_1420363309460{margin-bottom: 38px;}&#8221;][vc_column animation=&#8221;rda_flipInY&#8221;][vc_single_image image=&#8221;7815&#8243; img_size=&#8221;full&#8221; alignment=&#8221;center&#8221; onclick=&#8221;custom_link&#8221; img_link_target=&#8221;_blank&#8221; css=&#8221;.vc_custom_1467999888742{margin-bottom: 21px !important;}&#8221; link=&#8221;https:\/\/www2.iepcjalisco.org.mx\/educacion-civica\/wp-content\/uploads\/2016\/07\/rendicion_de_cuentas_0.pdf&#8221;][vc_column_text]La <strong>rendici\u00f3n de cuentas<\/strong> es un concepto cuya esencia radica en el constante esfuerzo de los ciudadanos por controlar el poder. Implica un doble proceso, primero de responsabilizaci\u00f3n de los actores estatales, y segundo de participaci\u00f3n de los ciudadanos en los asuntos p\u00fablicos.[\/vc_column_text][\/vc_column][\/vc_row][vc_row type=&#8221;full-width-section&#8221; css=&#8221;.vc_custom_1420362884260{margin-bottom: 45px;}&#8221;][vc_column animation=&#8221;rda_fadeIn&#8221;][vc_custom_heading text=&#8221;HABLEMOS DE PARIDAD ENTRE GENEROS &#8221; font_container=&#8221;tag:h2|font_size:30|text_align:center|color:%232c3e50&#8243; google_fonts=&#8221;font_family:Lato%3A100%2C100italic%2C300%2C300italic%2Cregular%2Citalic%2C700%2C700italic%2C900%2C900italic|font_style:400%20regular%3A400%3Anormal&#8221; css=&#8221;.vc_custom_1467996666875{margin-bottom: 2px !important;padding-top: 70px !important;}&#8221;]<style>#l_pnmehycd5x5rfp5f0k51{width:276px;}#l_pnmehycd5x5rfp5f0k51.sc_line ,#l_pnmehycd5x5rfp5f0k51 .sc_line { height:1px; background:#a1b1bc;}#l_pnmehycd5x5rfp5f0k51 {margin:0px 0 0px 0; padding:0;}<\/style><style> @font-face{font-family: 'ion'; src:url('https:\/\/www2.iepcjalisco.org.mx\/educacion-civica\/wp-content\/themes\/TheFox\/includes\/4k-icons\/icons\/4k-icons-pack03\/icons\/fonts\/ion.eot'); src:url('https:\/\/www2.iepcjalisco.org.mx\/educacion-civica\/wp-content\/themes\/TheFox\/includes\/4k-icons\/icons\/4k-icons-pack03\/icons\/fonts\/ion.eot?#iefix') format('embedded-opentype'), url('https:\/\/www2.iepcjalisco.org.mx\/educacion-civica\/wp-content\/themes\/TheFox\/includes\/4k-icons\/icons\/4k-icons-pack03\/icons\/fonts\/ion.woff') format('woff'), url('https:\/\/www2.iepcjalisco.org.mx\/educacion-civica\/wp-content\/themes\/TheFox\/includes\/4k-icons\/icons\/4k-icons-pack03\/icons\/fonts\/ion.ttf') format('truetype'), url('https:\/\/www2.iepcjalisco.org.mx\/educacion-civica\/wp-content\/themes\/TheFox\/includes\/4k-icons\/icons\/4k-icons-pack03\/icons\/fonts\/ion.svg#oi') format('svg'); font-weight: normal; font-style: normal;}#l_pnmehycd5x5rfp5f0k51 .ion-woman:before{font-family: 'ion'; font-weight: normal; font-style: normal;}#l_pnmehycd5x5rfp5f0k51 .ion-woman:before{content: \"\\ea0a\";}<\/style>\n<style>#l_pnmehycd5x5rfp5f0k51.rd_icon_line_c{height:42px;}#l_pnmehycd5x5rfp5f0k51.rd_icon_line_c i{line-height:37px; width:37px ; font-size:37px; color:#a1b1bc ; margin-left:-18.5px;}#l_pnmehycd5x5rfp5f0k51 .sc_line_l{float:left; margin:18.5px 0 0 0; width: -moz-calc(50% - 28.5px); width: -webkit-calc(50% - 28.5px); width: -o-calc(50% - 28.5px); width: calc(50% - 28.5px);}#l_pnmehycd5x5rfp5f0k51 .sc_line_r{float:right; margin:18.5px 0 0 0; width: -moz-calc(50% - 28.5px); width: -webkit-calc(50% - 28.5px); width: -o-calc(50% - 28.5px); width: calc(50% - 28.5px);}<\/style><div class=\"clearfix\"><\/div><div id=\"l_pnmehycd5x5rfp5f0k51\"  class=\"rd_icon_line_c\"><i class=\"ion-woman\"><\/i><div class=\"sc_line_l sc_line rd_line_normal\" ><\/div><div class=\"sc_line sc_line_r rd_line_normal\" ><\/div><\/div>[\/vc_column][\/vc_row][vc_row type=&#8221;full-width-section&#8221; css=&#8221;.vc_custom_1420363309460{margin-bottom: 38px;}&#8221;][vc_column animation=&#8221;rda_flipInY&#8221;][vc_single_image image=&#8221;7818&#8243; img_size=&#8221;full&#8221; alignment=&#8221;center&#8221; onclick=&#8221;custom_link&#8221; img_link_target=&#8221;_blank&#8221; css=&#8221;.vc_custom_1467999946917{margin-bottom: 21px !important;}&#8221; link=&#8221;https:\/\/www2.iepcjalisco.org.mx\/educacion-civica\/wp-content\/uploads\/2016\/07\/paridad_politica_12_de_agosto_3.pdf&#8221;][vc_column_text]<strong>Conoce los resultados, que en este proceso electoral 2014-2015<\/strong>, se obtuvieron en el tema de paridad de g\u00e9neros en candidaturas y electos.[\/vc_column_text][\/vc_column][\/vc_row][vc_row type=&#8221;full-width-section&#8221; css=&#8221;.vc_custom_1420362884260{margin-bottom: 45px;}&#8221;][vc_column animation=&#8221;rda_fadeIn&#8221;][vc_custom_heading text=&#8221;TU VOTO, TU EXPRESI\u00d3N&#8221; font_container=&#8221;tag:h2|font_size:30|text_align:center|color:%232c3e50&#8243; google_fonts=&#8221;font_family:Lato%3A100%2C100italic%2C300%2C300italic%2Cregular%2Citalic%2C700%2C700italic%2C900%2C900italic|font_style:400%20regular%3A400%3Anormal&#8221; css=&#8221;.vc_custom_1467998402735{margin-bottom: 2px !important;padding-top: 70px !important;}&#8221;]<style>#l_6figwol8ls6klzy6lan9{width:276px;}#l_6figwol8ls6klzy6lan9.sc_line ,#l_6figwol8ls6klzy6lan9 .sc_line { height:1px; background:#a1b1bc;}#l_6figwol8ls6klzy6lan9 {margin:0px 0 0px 0; padding:0;}<\/style><style> @font-face{font-family: 'ion'; src:url('https:\/\/www2.iepcjalisco.org.mx\/educacion-civica\/wp-content\/themes\/TheFox\/includes\/4k-icons\/icons\/4k-icons-pack03\/icons\/fonts\/ion.eot'); src:url('https:\/\/www2.iepcjalisco.org.mx\/educacion-civica\/wp-content\/themes\/TheFox\/includes\/4k-icons\/icons\/4k-icons-pack03\/icons\/fonts\/ion.eot?#iefix') format('embedded-opentype'), url('https:\/\/www2.iepcjalisco.org.mx\/educacion-civica\/wp-content\/themes\/TheFox\/includes\/4k-icons\/icons\/4k-icons-pack03\/icons\/fonts\/ion.woff') format('woff'), url('https:\/\/www2.iepcjalisco.org.mx\/educacion-civica\/wp-content\/themes\/TheFox\/includes\/4k-icons\/icons\/4k-icons-pack03\/icons\/fonts\/ion.ttf') format('truetype'), url('https:\/\/www2.iepcjalisco.org.mx\/educacion-civica\/wp-content\/themes\/TheFox\/includes\/4k-icons\/icons\/4k-icons-pack03\/icons\/fonts\/ion.svg#oi') format('svg'); font-weight: normal; font-style: normal;}#l_6figwol8ls6klzy6lan9 .ion-woman:before{font-family: 'ion'; font-weight: normal; font-style: normal;}#l_6figwol8ls6klzy6lan9 .ion-woman:before{content: \"\\ea0a\";}<\/style>\n<style>#l_6figwol8ls6klzy6lan9.rd_icon_line_c{height:42px;}#l_6figwol8ls6klzy6lan9.rd_icon_line_c i{line-height:37px; width:37px ; font-size:37px; color:#a1b1bc ; margin-left:-18.5px;}#l_6figwol8ls6klzy6lan9 .sc_line_l{float:left; margin:18.5px 0 0 0; width: -moz-calc(50% - 28.5px); width: -webkit-calc(50% - 28.5px); width: -o-calc(50% - 28.5px); width: calc(50% - 28.5px);}#l_6figwol8ls6klzy6lan9 .sc_line_r{float:right; margin:18.5px 0 0 0; width: -moz-calc(50% - 28.5px); width: -webkit-calc(50% - 28.5px); width: -o-calc(50% - 28.5px); width: calc(50% - 28.5px);}<\/style><div class=\"clearfix\"><\/div><div id=\"l_6figwol8ls6klzy6lan9\"  class=\"rd_icon_line_c\"><i class=\"ion-woman\"><\/i><div class=\"sc_line_l sc_line rd_line_normal\" ><\/div><div class=\"sc_line sc_line_r rd_line_normal\" ><\/div><\/div>[\/vc_column][\/vc_row][vc_row type=&#8221;full-width-section&#8221; css=&#8221;.vc_custom_1420363309460{margin-bottom: 38px;}&#8221;][vc_column animation=&#8221;rda_flipInY&#8221;][vc_single_image image=&#8221;7804&#8243; img_size=&#8221;full&#8221; alignment=&#8221;center&#8221; onclick=&#8221;custom_link&#8221; img_link_target=&#8221;_blank&#8221; animation=&#8221;rda_flipInY&#8221; css=&#8221;.vc_custom_1468000137891{margin-bottom: 21px !important;}&#8221; link=&#8221;https:\/\/www2.iepcjalisco.org.mx\/educacion-civica\/wp-content\/uploads\/2016\/07\/inforgrafiavoto.pdf&#8221;][vc_column_text]\u00bfSab\u00edas qu\u00e9 mientras el derecho de voto es ampliamente reconocido como derecho fundamental, este derecho no es ejercido por millones de personas en todo el mundo?[\/vc_column_text][\/vc_column][\/vc_row][vc_row type=&#8221;full-width-section&#8221; css=&#8221;.vc_custom_1420362884260{margin-bottom: 45px;}&#8221;][vc_column animation=&#8221;rda_fadeIn&#8221;][vc_custom_heading text=&#8221;D\u00cdA DEL NI\u00d1O&#8221; font_container=&#8221;tag:h2|font_size:30|text_align:center|color:%232c3e50&#8243; google_fonts=&#8221;font_family:Lato%3A100%2C100italic%2C300%2C300italic%2Cregular%2Citalic%2C700%2C700italic%2C900%2C900italic|font_style:400%20regular%3A400%3Anormal&#8221; css=&#8221;.vc_custom_1469469752459{margin-bottom: 2px !important;padding-top: 70px !important;}&#8221;]<style>#l_c2tx798x6bfw7gb7mg2z{width:276px;}#l_c2tx798x6bfw7gb7mg2z.sc_line ,#l_c2tx798x6bfw7gb7mg2z .sc_line { height:1px; background:#a1b1bc;}#l_c2tx798x6bfw7gb7mg2z {margin:0px 0 0px 0; padding:0;}<\/style><style> @font-face{font-family: 'dr'; src:url('https:\/\/www2.iepcjalisco.org.mx\/educacion-civica\/wp-content\/themes\/TheFox\/includes\/4k-icons\/icons\/4k-icons-pack01\/icons\/fonts\/dr.eot'); src:url('https:\/\/www2.iepcjalisco.org.mx\/educacion-civica\/wp-content\/themes\/TheFox\/includes\/4k-icons\/icons\/4k-icons-pack01\/icons\/fonts\/dr.eot?#iefix') format('embedded-opentype'), url('https:\/\/www2.iepcjalisco.org.mx\/educacion-civica\/wp-content\/themes\/TheFox\/includes\/4k-icons\/icons\/4k-icons-pack01\/icons\/fonts\/dr.woff') format('woff'), url('https:\/\/www2.iepcjalisco.org.mx\/educacion-civica\/wp-content\/themes\/TheFox\/includes\/4k-icons\/icons\/4k-icons-pack01\/icons\/fonts\/dr.ttf') format('truetype'), url('https:\/\/www2.iepcjalisco.org.mx\/educacion-civica\/wp-content\/themes\/TheFox\/includes\/4k-icons\/icons\/4k-icons-pack01\/icons\/fonts\/dr.svg#oi') format('svg'); font-weight: normal; font-style: normal;}#l_c2tx798x6bfw7gb7mg2z .dr-thumbup:before{font-family: 'dr'; font-weight: normal; font-style: normal;}#l_c2tx798x6bfw7gb7mg2z .dr-thumbup:before{content: \"\\e853\";}<\/style>\n<style>#l_c2tx798x6bfw7gb7mg2z.rd_icon_line_c{height:42px;}#l_c2tx798x6bfw7gb7mg2z.rd_icon_line_c i{line-height:37px; width:37px ; font-size:37px; color:#a1b1bc ; margin-left:-18.5px;}#l_c2tx798x6bfw7gb7mg2z .sc_line_l{float:left; margin:18.5px 0 0 0; width: -moz-calc(50% - 28.5px); width: -webkit-calc(50% - 28.5px); width: -o-calc(50% - 28.5px); width: calc(50% - 28.5px);}#l_c2tx798x6bfw7gb7mg2z .sc_line_r{float:right; margin:18.5px 0 0 0; width: -moz-calc(50% - 28.5px); width: -webkit-calc(50% - 28.5px); width: -o-calc(50% - 28.5px); width: calc(50% - 28.5px);}<\/style><div class=\"clearfix\"><\/div><div id=\"l_c2tx798x6bfw7gb7mg2z\"  class=\"rd_icon_line_c\"><i class=\"dr-thumbup\"><\/i><div class=\"sc_line_l sc_line rd_line_normal\" ><\/div><div class=\"sc_line sc_line_r rd_line_normal\" ><\/div><\/div>[\/vc_column][\/vc_row][vc_row type=&#8221;full-width-section&#8221; css=&#8221;.vc_custom_1420363309460{margin-bottom: 38px;}&#8221;][vc_column animation=&#8221;rda_flipInY&#8221;][vc_single_image image=&#8221;7807&#8243; img_size=&#8221;full&#8221; alignment=&#8221;center&#8221; onclick=&#8221;custom_link&#8221; img_link_target=&#8221;_blank&#8221; animation=&#8221;rda_flipInY&#8221; css=&#8221;.vc_custom_1468000076158{margin-bottom: 21px !important;}&#8221; link=&#8221;https:\/\/www2.iepcjalisco.org.mx\/educacion-civica\/wp-content\/uploads\/2016\/07\/diadelnino.pdf&#8221;][vc_column_text]<\/p>\n<p style=\"text-align: center;\">En 1954 la Asamblea General de las Naciones Unidas (ONU) recomend\u00f3 que se instituyera en todos los pa\u00edses el <strong>D\u00eda Universal del Ni\u00f1o<\/strong>.<\/p>\n<p>[\/vc_column_text][\/vc_column][\/vc_row][vc_row type=&#8221;full-width-section&#8221; css=&#8221;.vc_custom_1420362884260{margin-bottom: 45px;}&#8221;][vc_column animation=&#8221;rda_fadeIn&#8221;][vc_custom_heading text=&#8221;DERECHO A LA NO DISCRIMINACI\u00d3N&#8221; font_container=&#8221;tag:h2|font_size:30|text_align:center|color:%232c3e50&#8243; google_fonts=&#8221;font_family:Lato%3A100%2C100italic%2C300%2C300italic%2Cregular%2Citalic%2C700%2C700italic%2C900%2C900italic|font_style:400%20regular%3A400%3Anormal&#8221; css=&#8221;.vc_custom_1467998661452{margin-bottom: 2px !important;padding-top: 70px !important;}&#8221;]<style>#l_vrpm6ktv1aglexxkvzpe{width:276px;}#l_vrpm6ktv1aglexxkvzpe.sc_line ,#l_vrpm6ktv1aglexxkvzpe .sc_line { height:1px; background:#a1b1bc;}#l_vrpm6ktv1aglexxkvzpe {margin:0px 0 0px 0; padding:0;}<\/style><style> @font-face{font-family: 'dr'; src:url('https:\/\/www2.iepcjalisco.org.mx\/educacion-civica\/wp-content\/themes\/TheFox\/includes\/4k-icons\/icons\/4k-icons-pack01\/icons\/fonts\/dr.eot'); src:url('https:\/\/www2.iepcjalisco.org.mx\/educacion-civica\/wp-content\/themes\/TheFox\/includes\/4k-icons\/icons\/4k-icons-pack01\/icons\/fonts\/dr.eot?#iefix') format('embedded-opentype'), url('https:\/\/www2.iepcjalisco.org.mx\/educacion-civica\/wp-content\/themes\/TheFox\/includes\/4k-icons\/icons\/4k-icons-pack01\/icons\/fonts\/dr.woff') format('woff'), url('https:\/\/www2.iepcjalisco.org.mx\/educacion-civica\/wp-content\/themes\/TheFox\/includes\/4k-icons\/icons\/4k-icons-pack01\/icons\/fonts\/dr.ttf') format('truetype'), url('https:\/\/www2.iepcjalisco.org.mx\/educacion-civica\/wp-content\/themes\/TheFox\/includes\/4k-icons\/icons\/4k-icons-pack01\/icons\/fonts\/dr.svg#oi') format('svg'); font-weight: normal; font-style: normal;}#l_vrpm6ktv1aglexxkvzpe .dr-user15:before{font-family: 'dr'; font-weight: normal; font-style: normal;}#l_vrpm6ktv1aglexxkvzpe .dr-user15:before{content: \"\\e858\";}<\/style>\n<style>#l_vrpm6ktv1aglexxkvzpe.rd_icon_line_c{height:42px;}#l_vrpm6ktv1aglexxkvzpe.rd_icon_line_c i{line-height:37px; width:37px ; font-size:37px; color:#a1b1bc ; margin-left:-18.5px;}#l_vrpm6ktv1aglexxkvzpe .sc_line_l{float:left; margin:18.5px 0 0 0; width: -moz-calc(50% - 28.5px); width: -webkit-calc(50% - 28.5px); width: -o-calc(50% - 28.5px); width: calc(50% - 28.5px);}#l_vrpm6ktv1aglexxkvzpe .sc_line_r{float:right; margin:18.5px 0 0 0; width: -moz-calc(50% - 28.5px); width: -webkit-calc(50% - 28.5px); width: -o-calc(50% - 28.5px); width: calc(50% - 28.5px);}<\/style><div class=\"clearfix\"><\/div><div id=\"l_vrpm6ktv1aglexxkvzpe\"  class=\"rd_icon_line_c\"><i class=\"dr-user15\"><\/i><div class=\"sc_line_l sc_line rd_line_normal\" ><\/div><div class=\"sc_line sc_line_r rd_line_normal\" ><\/div><\/div>[\/vc_column][\/vc_row][vc_row type=&#8221;full-width-section&#8221; css=&#8221;.vc_custom_1420363309460{margin-bottom: 38px;}&#8221;][vc_column animation=&#8221;rda_flipInY&#8221;][vc_single_image image=&#8221;7811&#8243; img_size=&#8221;full&#8221; alignment=&#8221;center&#8221; onclick=&#8221;custom_link&#8221; img_link_target=&#8221;_blank&#8221; animation=&#8221;rda_flipInY&#8221; css=&#8221;.vc_custom_1468000178187{margin-bottom: 21px !important;}&#8221; link=&#8221;https:\/\/www2.iepcjalisco.org.mx\/educacion-civica\/wp-content\/uploads\/2016\/07\/periodico_inclusion_propuesta_final_0.pdf&#8221;][vc_column_text]El\u00a0<strong>Instituto Electoral<\/strong>\u00a0promueve e implementa acciones para impulsar la cultura no discriminatoria de las personas con discapacidad.[\/vc_column_text][\/vc_column][\/vc_row][vc_row type=&#8221;full-width-section&#8221; css=&#8221;.vc_custom_1420362884260{margin-bottom: 45px;}&#8221;][vc_column animation=&#8221;rda_fadeIn&#8221;][vc_custom_heading text=&#8221;CIUDADAN\u00cdA, DERECHOS POL\u00cdTICOS Y DEMOCRAC\u00cdA&#8221; font_container=&#8221;tag:h2|font_size:30|text_align:center|color:%232c3e50&#8243; google_fonts=&#8221;font_family:Lato%3A100%2C100italic%2C300%2C300italic%2Cregular%2Citalic%2C700%2C700italic%2C900%2C900italic|font_style:400%20regular%3A400%3Anormal&#8221; css=&#8221;.vc_custom_1488484258560{margin-bottom: 2px !important;padding-top: 70px !important;}&#8221;]<style>#l_hpx877b3jojmnz6abyka{width:276px;}#l_hpx877b3jojmnz6abyka.sc_line ,#l_hpx877b3jojmnz6abyka .sc_line { height:1px; background:#a1b1bc;}#l_hpx877b3jojmnz6abyka {margin:0px 0 0px 0; padding:0;}<\/style><style> @font-face{font-family: 'dr'; src:url('https:\/\/www2.iepcjalisco.org.mx\/educacion-civica\/wp-content\/themes\/TheFox\/includes\/4k-icons\/icons\/4k-icons-pack01\/icons\/fonts\/dr.eot'); src:url('https:\/\/www2.iepcjalisco.org.mx\/educacion-civica\/wp-content\/themes\/TheFox\/includes\/4k-icons\/icons\/4k-icons-pack01\/icons\/fonts\/dr.eot?#iefix') format('embedded-opentype'), url('https:\/\/www2.iepcjalisco.org.mx\/educacion-civica\/wp-content\/themes\/TheFox\/includes\/4k-icons\/icons\/4k-icons-pack01\/icons\/fonts\/dr.woff') format('woff'), url('https:\/\/www2.iepcjalisco.org.mx\/educacion-civica\/wp-content\/themes\/TheFox\/includes\/4k-icons\/icons\/4k-icons-pack01\/icons\/fonts\/dr.ttf') format('truetype'), url('https:\/\/www2.iepcjalisco.org.mx\/educacion-civica\/wp-content\/themes\/TheFox\/includes\/4k-icons\/icons\/4k-icons-pack01\/icons\/fonts\/dr.svg#oi') format('svg'); font-weight: normal; font-style: normal;}#l_hpx877b3jojmnz6abyka .dr-user15:before{font-family: 'dr'; font-weight: normal; font-style: normal;}#l_hpx877b3jojmnz6abyka .dr-user15:before{content: \"\\e858\";}<\/style>\n<style>#l_hpx877b3jojmnz6abyka.rd_icon_line_c{height:42px;}#l_hpx877b3jojmnz6abyka.rd_icon_line_c i{line-height:37px; width:37px ; font-size:37px; color:#a1b1bc ; margin-left:-18.5px;}#l_hpx877b3jojmnz6abyka .sc_line_l{float:left; margin:18.5px 0 0 0; width: -moz-calc(50% - 28.5px); width: -webkit-calc(50% - 28.5px); width: -o-calc(50% - 28.5px); width: calc(50% - 28.5px);}#l_hpx877b3jojmnz6abyka .sc_line_r{float:right; margin:18.5px 0 0 0; width: -moz-calc(50% - 28.5px); width: -webkit-calc(50% - 28.5px); width: -o-calc(50% - 28.5px); width: calc(50% - 28.5px);}<\/style><div class=\"clearfix\"><\/div><div id=\"l_hpx877b3jojmnz6abyka\"  class=\"rd_icon_line_c\"><i class=\"dr-user15\"><\/i><div class=\"sc_line_l sc_line rd_line_normal\" ><\/div><div class=\"sc_line sc_line_r rd_line_normal\" ><\/div><\/div>[\/vc_column][\/vc_row][vc_row type=&#8221;full-width-section&#8221; css=&#8221;.vc_custom_1420363309460{margin-bottom: 38px;}&#8221;][vc_column animation=&#8221;rda_flipInY&#8221;][vc_single_image image=&#8221;9213&#8243; img_size=&#8221;full&#8221; alignment=&#8221;center&#8221; onclick=&#8221;custom_link&#8221; img_link_target=&#8221;_blank&#8221; animation=&#8221;rda_flipInY&#8221; css=&#8221;.vc_custom_1498158049019{margin-bottom: 21px !important;}&#8221; link=&#8221;https:\/\/www2.iepcjalisco.org.mx\/educacion-civica\/wp-content\/uploads\/2017\/06\/sedena-cartel.pdf&#8221;][vc_column_text]El\u00a0<strong>Instituto Electoral<\/strong>\u00a0imparti\u00f3 \u00a0el curso-taller a los integrantes del servicio nacional militar en las instalaciones de la SEDENA.[\/vc_column_text][\/vc_column][\/vc_row]<\/p>\n","protected":false},"excerpt":{"rendered":"<p>[vc_row type=&#8221;full-width-section&#8221; css=&#8221;.vc_custom_1420362884260{margin-bottom: 45px;}&#8221;][vc_column animation=&#8221;rda_fadeIn&#8221;][vc_custom_heading text=&#8221;INFOGRAF\u00cdAS&#8221; font_container=&#8221;tag:h2|font_size:40|text_align:center|color:%232c3e50&#8243; google_fonts=&#8221;font_family:Lato%3A100%2C100italic%2C300%2C300italic%2Cregular%2Citalic%2C700%2C700italic%2C900%2C900italic|font_style:700%20bold%20regular%3A700%3Anormal&#8221; css=&#8221;.vc_custom_1467999027120{margin-bottom: 2px !important;}&#8221;][vc_custom_heading text=&#8221;RENDICI\u00d3N DE CUENTAS&#8221; font_container=&#8221;tag:h2|font_size:30|text_align:center|color:%232c3e50&#8243; google_fonts=&#8221;font_family:Lato%3A100%2C100italic%2C300%2C300italic%2Cregular%2Citalic%2C700%2C700italic%2C900%2C900italic|font_style:400%20regular%3A400%3Anormal&#8221; css=&#8221;.vc_custom_1467996383128{margin-bottom: 2px !important;padding-top: 70px !important;}&#8221;] [\/vc_column][\/vc_row][vc_row type=&#8221;full-width-section&#8221; css=&#8221;.vc_custom_1420363309460{margin-bottom: 38px;}&#8221;][vc_column animation=&#8221;rda_flipInY&#8221;][vc_single_image image=&#8221;7815&#8243; img_size=&#8221;full&#8221; alignment=&#8221;center&#8221; onclick=&#8221;custom_link&#8221; img_link_target=&#8221;_blank&#8221; css=&#8221;.vc_custom_1467999888742{margin-bottom: 21px !important;}&#8221; link=&#8221;https:\/\/www2.iepcjalisco.org.mx\/educacion-civica\/wp-content\/uploads\/2016\/07\/rendicion_de_cuentas_0.pdf&#8221;][vc_column_text]La rendici\u00f3n de cuentas es un concepto cuya esencia radica en el constante esfuerzo de los ciudadanos por controlar el poder.<br \/><a href=\"https:\/\/www2.iepcjalisco.org.mx\/educacion-civica\/infografia\/\" class=\"more\">Read more<\/a><\/p>\n","protected":false},"author":2,"featured_media":0,"parent":0,"menu_order":0,"comment_status":"closed","ping_status":"open","template":"","meta":{"footnotes":""},"class_list":["post-7789","page","type-page","status-publish","hentry"],"_links":{"self":[{"href":"https:\/\/www2.iepcjalisco.org.mx\/educacion-civica\/wp-json\/wp\/v2\/pages\/7789","targetHints":{"allow":["GET"]}}],"collection":[{"href":"https:\/\/www2.iepcjalisco.org.mx\/educacion-civica\/wp-json\/wp\/v2\/pages"}],"about":[{"href":"https:\/\/www2.iepcjalisco.org.mx\/educacion-civica\/wp-json\/wp\/v2\/types\/page"}],"author":[{"embeddable":true,"href":"https:\/\/www2.iepcjalisco.org.mx\/educacion-civica\/wp-json\/wp\/v2\/users\/2"}],"replies":[{"embeddable":true,"href":"https:\/\/www2.iepcjalisco.org.mx\/educacion-civica\/wp-json\/wp\/v2\/comments?post=7789"}],"version-history":[{"count":0,"href":"https:\/\/www2.iepcjalisco.org.mx\/educacion-civica\/wp-json\/wp\/v2\/pages\/7789\/revisions"}],"wp:attachment":[{"href":"https:\/\/www2.iepcjalisco.org.mx\/educacion-civica\/wp-json\/wp\/v2\/media?parent=7789"}],"curies":[{"name":"wp","href":"https:\/\/api.w.org\/{rel}","templated":true}]}}