{"id":8988,"date":"2017-05-17T09:52:29","date_gmt":"2017-05-17T15:52:29","guid":{"rendered":"https:\/\/www2.iepcjalisco.org.mx\/educacion-civica\/?page_id=8988"},"modified":"2026-01-21T13:28:59","modified_gmt":"2026-01-21T19:28:59","slug":"recursos-didacticos","status":"publish","type":"page","link":"https:\/\/www2.iepcjalisco.org.mx\/educacion-civica\/recursos-didacticos\/","title":{"rendered":"Recursos did\u00e1cticos"},"content":{"rendered":"<p>[vc_row type=&#8221;full-width-section&#8221; css=&#8221;.vc_custom_1495046373692{margin-bottom: 0px !important;border-top-width: 1px !important;border-bottom-width: 1px !important;padding-top: 50px !important;padding-bottom: 90px !important;background-color: #f9fafb !important;border-top-color: #ebebeb !important;border-top-style: solid !important;border-bottom-color: #ebebeb !important;border-bottom-style: solid !important;}&#8221;][vc_column][vc_custom_heading text=&#8221;SIMULACRO ELECTORAL INFANTIL Y JUVENIL&#8221; font_container=&#8221;tag:h2|font_size:30|text_align:center&#8221; google_fonts=&#8221;font_family:Lato%3A100%2C100italic%2C300%2C300italic%2Cregular%2Citalic%2C700%2C700italic%2C900%2C900italic|font_style:900%20bold%20regular%3A900%3Anormal&#8221; css=&#8221;.vc_custom_1526483873959{margin-bottom: 17px !important;}&#8221; el_class=&#8221;letterspacing-2&#8243;][vc_row_inner css=&#8221;.vc_custom_1495046271145{padding-top: 30px !important;}&#8221;][vc_column_inner width=&#8221;1\/3&#8243;][vc_single_image image=&#8221;10855&#8243; img_size=&#8221;full&#8221; alignment=&#8221;center&#8221; onclick=&#8221;custom_link&#8221; img_link_target=&#8221;_blank&#8221; hover_effect=&#8221;img_hover_title&#8221; link=&#8221;https:\/\/www2.iepcjalisco.org.mx\/educacion-civica\/wp-content\/uploads\/2021\/04\/GUION-Trompo-ma\u0301gico-2021.pdf&#8221; title=&#8221;Descarga y lee las instrucciones &#8220;][\/vc_column_inner][vc_column_inner width=&#8221;1\/3&#8243;][vc_single_image image=&#8221;10854&#8243; img_size=&#8221;full&#8221; alignment=&#8221;center&#8221; onclick=&#8221;custom_link&#8221; img_link_target=&#8221;_blank&#8221; hover_effect=&#8221;img_hover_title&#8221; link=&#8221;https:\/\/www2.iepcjalisco.org.mx\/educacion-civica\/wp-content\/uploads\/2018\/05\/FICHA-PERSONAJES.pdf&#8221; title=&#8221;Descargar Candidatos&#8221;][\/vc_column_inner][vc_column_inner width=&#8221;1\/3&#8243;][vc_single_image image=&#8221;10856&#8243; img_size=&#8221;full&#8221; alignment=&#8221;center&#8221; onclick=&#8221;custom_link&#8221; img_link_target=&#8221;_blank&#8221; hover_effect=&#8221;img_hover_title&#8221; link=&#8221;https:\/\/www2.iepcjalisco.org.mx\/educacion-civica\/wp-content\/uploads\/2018\/06\/Materiales-simulacro-electoral.zip&#8221; title=&#8221;Descargar Materiales en Zip&#8221;][\/vc_column_inner][\/vc_row_inner][\/vc_column][\/vc_row][vc_row css=&#8221;.vc_custom_1495046358108{margin-bottom: 0px !important;padding-top: 27px !important;padding-bottom: 0px !important;}&#8221;][vc_column animation=&#8221;rda_fadeInLeft&#8221; css=&#8221;.vc_custom_1468264028779{padding-top: 45px !important;padding-bottom: 30px !important;}&#8221;][vc_custom_heading text=&#8221;TODOS DIFERENTES TODOS UNICOS &#8221; font_container=&#8221;tag:h2|font_size:30|text_align:center&#8221; google_fonts=&#8221;font_family:Lato%3A100%2C100italic%2C300%2C300italic%2Cregular%2Citalic%2C700%2C700italic%2C900%2C900italic|font_style:900%20bold%20regular%3A900%3Anormal&#8221; css=&#8221;.vc_custom_1495036994061{margin-bottom: 17px !important;}&#8221; el_class=&#8221;letterspacing-2&#8243;][vc_row_inner css=&#8221;.vc_custom_1495046261608{padding-top: 30px !important;}&#8221;][vc_column_inner width=&#8221;1\/4&#8243;][vc_single_image image=&#8221;8980&#8243; img_size=&#8221;full&#8221; alignment=&#8221;center&#8221; onclick=&#8221;custom_link&#8221; img_link_target=&#8221;_blank&#8221; hover_effect=&#8221;img_hover_title&#8221; link=&#8221;https:\/\/www2.iepcjalisco.org.mx\/educacion-civica\/wp-content\/uploads\/2017\/05\/Libro_TodosDiferentestodosunicos.pdf&#8221; title=&#8221;Descarga el libro&#8221;][\/vc_column_inner][vc_column_inner width=&#8221;1\/4&#8243;][vc_single_image image=&#8221;9013&#8243; img_size=&#8221;full&#8221; alignment=&#8221;center&#8221; onclick=&#8221;custom_link&#8221; img_link_target=&#8221;_blank&#8221; hover_effect=&#8221;img_hover_title&#8221; link=&#8221;https:\/\/www2.iepcjalisco.org.mx\/educacion-civica\/wp-content\/uploads\/2018\/02\/Tarjetas_Utopia_web.pdf&#8221; title=&#8221;Fichas de personajes para jovenes 13-18 a\u00f1os&#8221;][\/vc_column_inner][vc_column_inner width=&#8221;1\/4&#8243;][vc_single_image image=&#8221;9813&#8243; img_size=&#8221;full&#8221; alignment=&#8221;center&#8221; onclick=&#8221;custom_link&#8221; img_link_target=&#8221;_blank&#8221; hover_effect=&#8221;img_hover_title&#8221; link=&#8221;https:\/\/www2.iepcjalisco.org.mx\/educacion-civica\/wp-content\/uploads\/2018\/02\/Tarjetas_Utopia_menores.pdf&#8221; title=&#8221;Fichas de personajes para ni\u00f1os de 8-12 a\u00f1os&#8221;][\/vc_column_inner][vc_column_inner width=&#8221;1\/4&#8243;][vc_single_image image=&#8221;9018&#8243; img_size=&#8221;full&#8221; alignment=&#8221;center&#8221; onclick=&#8221;custom_link&#8221; img_link_target=&#8221;_blank&#8221; hover_effect=&#8221;img_hover_title&#8221; link=&#8221;https:\/\/www2.iepcjalisco.org.mx\/educacion-civica\/wp-content\/uploads\/2018\/03\/Tarjetas_Ayuda_web-1.pdf&#8221; title=&#8221;Fichas de ayuda a los personajes &#8220;][\/vc_column_inner][\/vc_row_inner][vc_row_inner][vc_column_inner width=&#8221;1\/3&#8243;][vc_single_image image=&#8221;9009&#8243; img_size=&#8221;full&#8221; alignment=&#8221;center&#8221; onclick=&#8221;custom_link&#8221; img_link_target=&#8221;_blank&#8221; hover_effect=&#8221;img_hover_title&#8221; link=&#8221;https:\/\/www2.iepcjalisco.org.mx\/educacion-civica\/wp-content\/uploads\/2017\/05\/Tablero_Utopia_tabloide.jpg&#8221; title=&#8221;Tablero del Juego&#8221;][\/vc_column_inner][vc_column_inner width=&#8221;1\/3&#8243;][vc_single_image image=&#8221;9007&#8243; img_size=&#8221;full&#8221; alignment=&#8221;center&#8221; onclick=&#8221;custom_link&#8221; img_link_target=&#8221;_blank&#8221; hover_effect=&#8221;img_hover_title&#8221; link=&#8221;https:\/\/www2.iepcjalisco.org.mx\/educacion-civica\/wp-content\/uploads\/2017\/05\/Tipos-de-familia.pdf&#8221; title=&#8221;Informaci\u00f3n complementaria 1&#8243;][\/vc_column_inner][vc_column_inner width=&#8221;1\/3&#8243;][vc_single_image image=&#8221;9003&#8243; img_size=&#8221;full&#8221; alignment=&#8221;center&#8221; onclick=&#8221;custom_link&#8221; img_link_target=&#8221;_blank&#8221; hover_effect=&#8221;img_hover_title&#8221; link=&#8221;https:\/\/www2.iepcjalisco.org.mx\/educacion-civica\/wp-content\/uploads\/2017\/05\/Sexualidad.pdf&#8221; title=&#8221;Informaci\u00f3n complementaria 2&#8243;][\/vc_column_inner][\/vc_row_inner][\/vc_column][\/vc_row][vc_row type=&#8221;full-width-section&#8221; css=&#8221;.vc_custom_1495046373692{margin-bottom: 0px !important;border-top-width: 1px !important;border-bottom-width: 1px !important;padding-top: 50px !important;padding-bottom: 90px !important;background-color: #f9fafb !important;border-top-color: #ebebeb !important;border-top-style: solid !important;border-bottom-color: #ebebeb !important;border-bottom-style: solid !important;}&#8221;][vc_column][vc_custom_heading text=&#8221;RECURSOS DID\u00c1CTICOS DE NUESTRAS PUBLICACIONES&#8221; font_container=&#8221;tag:h2|font_size:30|text_align:center&#8221; google_fonts=&#8221;font_family:Lato%3A100%2C100italic%2C300%2C300italic%2Cregular%2Citalic%2C700%2C700italic%2C900%2C900italic|font_style:900%20bold%20regular%3A900%3Anormal&#8221; css=&#8221;.vc_custom_1548364718530{margin-bottom: 17px !important;}&#8221; el_class=&#8221;letterspacing-2&#8243;][vc_row_inner css=&#8221;.vc_custom_1495046271145{padding-top: 30px !important;}&#8221;][vc_column_inner width=&#8221;1\/4&#8243;][vc_single_image image=&#8221;7705&#8243; img_size=&#8221;full&#8221; alignment=&#8221;center&#8221; onclick=&#8221;custom_link&#8221; img_link_target=&#8221;_blank&#8221; hover_effect=&#8221;img_hover_title&#8221; link=&#8221;https:\/\/www2.iepcjalisco.org.mx\/educacion-civica\/wp-content\/uploads\/2019\/01\/01-Respeto-recursosdid\u00e1cticos_2018.pdf&#8221; title=&#8221;Recursos did\u00e1cticos&#8221;][\/vc_column_inner][vc_column_inner width=&#8221;1\/4&#8243;][vc_single_image image=&#8221;7707&#8243; img_size=&#8221;full&#8221; alignment=&#8221;center&#8221; onclick=&#8221;custom_link&#8221; img_link_target=&#8221;_blank&#8221; hover_effect=&#8221;img_hover_title&#8221; link=&#8221;https:\/\/www2.iepcjalisco.org.mx\/educacion-civica\/wp-content\/uploads\/2019\/01\/02-Tolerancia-Recursosdid\u00e1cticos_2018.pdf&#8221; title=&#8221;Recursos did\u00e1cticos&#8221;][\/vc_column_inner][vc_column_inner width=&#8221;1\/4&#8243;][vc_single_image image=&#8221;7713&#8243; img_size=&#8221;full&#8221; alignment=&#8221;center&#8221; onclick=&#8221;custom_link&#8221; img_link_target=&#8221;_blank&#8221; hover_effect=&#8221;img_hover_title&#8221; link=&#8221;https:\/\/www2.iepcjalisco.org.mx\/educacion-civica\/wp-content\/uploads\/2019\/01\/04-Pluralidad-PD_RecursosDid\u00e1cticos_2018.pdf&#8221; title=&#8221;Recursos did\u00e1cticos&#8221;][\/vc_column_inner][vc_column_inner width=&#8221;1\/4&#8243;][vc_single_image image=&#8221;11297&#8243; img_size=&#8221;full&#8221; alignment=&#8221;center&#8221; onclick=&#8221;custom_link&#8221; img_link_target=&#8221;_blank&#8221; hover_effect=&#8221;img_hover_title&#8221; link=&#8221;https:\/\/www2.iepcjalisco.org.mx\/educacion-civica\/wp-content\/uploads\/2019\/01\/Oliver.-La-cultura-de-la-paz-Recursosdida\u0301cticos-2018.pdf&#8221; title=&#8221;Recursos did\u00e1cticos&#8221;][\/vc_column_inner][\/vc_row_inner][vc_row_inner css=&#8221;.vc_custom_1495046271145{padding-top: 30px !important;}&#8221;][vc_column_inner width=&#8221;1\/4&#8243;][vc_single_image image=&#8221;10876&#8243; img_size=&#8221;full&#8221; alignment=&#8221;center&#8221; onclick=&#8221;custom_link&#8221; img_link_target=&#8221;_blank&#8221; hover_effect=&#8221;img_hover_title&#8221; link=&#8221;https:\/\/www2.iepcjalisco.org.mx\/educacion-civica\/wp-content\/uploads\/2019\/01\/MedioAmbiente-Recursosdid\u00e1cticos_2018.pdf&#8221; title=&#8221;Recursos did\u00e1cticos&#8221;][\/vc_column_inner][vc_column_inner width=&#8221;1\/4&#8243;][vc_single_image image=&#8221;7710&#8243; img_size=&#8221;full&#8221; alignment=&#8221;center&#8221; onclick=&#8221;custom_link&#8221; img_link_target=&#8221;_blank&#8221; hover_effect=&#8221;img_hover_title&#8221; link=&#8221;https:\/\/www2.iepcjalisco.org.mx\/educacion-civica\/wp-content\/uploads\/2019\/01\/03-Honestidad-Recursos-did\u00e1cticos_2018.pdf&#8221; title=&#8221;Recursos did\u00e1cticos&#8221;][\/vc_column_inner][vc_column_inner width=&#8221;1\/4&#8243;][vc_single_image image=&#8221;9818&#8243; img_size=&#8221;full&#8221; alignment=&#8221;center&#8221; onclick=&#8221;custom_link&#8221; img_link_target=&#8221;_blank&#8221; hover_effect=&#8221;img_hover_title&#8221; link=&#8221;https:\/\/www2.iepcjalisco.org.mx\/educacion-civica\/wp-content\/uploads\/2019\/01\/03-Honestidad-Recursos-did\u00e1cticos_2018.pdf&#8221; title=&#8221;Recursos did\u00e1cticos&#8221;][\/vc_column_inner][vc_column_inner width=&#8221;1\/4&#8243;][vc_single_image image=&#8221;7714&#8243; img_size=&#8221;full&#8221; alignment=&#8221;center&#8221; onclick=&#8221;custom_link&#8221; img_link_target=&#8221;_blank&#8221; hover_effect=&#8221;img_hover_title&#8221; link=&#8221;https:\/\/www2.iepcjalisco.org.mx\/educacion-civica\/wp-content\/uploads\/2019\/01\/UNA-MANA\u00d1A-CUALQUIERA_Recursosdid\u00e1cticos_2018.pdf&#8221; title=&#8221;Recursos did\u00e1cticos&#8221;][\/vc_column_inner][\/vc_row_inner][\/vc_column][\/vc_row][vc_row type=&#8221;full-width-section&#8221; css=&#8221;.vc_custom_1495046435526{margin-bottom: 0px !important;border-top-width: 2px !important;padding-top: 20px !important;padding-bottom: 50px !important;border-top-color: #ebebeb !important;border-top-style: solid !important;}&#8221;][vc_column width=&#8221;1\/2&#8243; css=&#8221;.vc_custom_1422768980499{padding-top: 45px !important;padding-bottom: 30px !important;}&#8221;][vc_custom_heading text=&#8221;MEMORAMA&#8221; font_container=&#8221;tag:h2|font_size:30|text_align:center&#8221; google_fonts=&#8221;font_family:Lato%3A100%2C100italic%2C300%2C300italic%2Cregular%2Citalic%2C700%2C700italic%2C900%2C900italic|font_style:900%20bold%20regular%3A900%3Anormal&#8221; css=&#8221;.vc_custom_1495037193555{margin-bottom: 17px !important;}&#8221; el_class=&#8221;letterspacing-2&#8243;][vc_single_image image=&#8221;12168&#8243; img_size=&#8221;full&#8221; alignment=&#8221;center&#8221; onclick=&#8221;custom_link&#8221; img_link_target=&#8221;_blank&#8221; hover_effect=&#8221;img_hover_title&#8221; link=&#8221;https:\/\/www2.iepcjalisco.org.mx\/educacion-civica\/wp-content\/uploads\/2019\/11\/Memorama-30-octubre.pdf&#8221; css=&#8221;.vc_custom_1588279531356{padding-top: 30px !important;}&#8221; title=&#8221;Descarga el memorama&#8221;][\/vc_column][vc_column width=&#8221;1\/2&#8243; css=&#8221;.vc_custom_1552077574208{padding-top: 45px !important;padding-bottom: 30px !important;}&#8221;][vc_custom_heading text=&#8221;INSTRUCTIVO&#8221; font_container=&#8221;tag:h2|font_size:30|text_align:center&#8221; google_fonts=&#8221;font_family:Lato%3A100%2C100italic%2C300%2C300italic%2Cregular%2Citalic%2C700%2C700italic%2C900%2C900italic|font_style:900%20bold%20regular%3A900%3Anormal&#8221; css=&#8221;.vc_custom_1552077623133{margin-bottom: 17px !important;}&#8221; el_class=&#8221;letterspacing-2&#8243;][vc_single_image image=&#8221;11740&#8243; img_size=&#8221;full&#8221; alignment=&#8221;center&#8221; onclick=&#8221;custom_link&#8221; img_link_target=&#8221;_blank&#8221; hover_effect=&#8221;img_hover_title&#8221; link=&#8221;https:\/\/www2.iepcjalisco.org.mx\/educacion-civica\/wp-content\/uploads\/2019\/03\/manual-de-uso-Actividad.pdf&#8221; css=&#8221;.vc_custom_1552077664643{padding-top: 30px !important;}&#8221; title=&#8221;Descarga el instructivo&#8221;][\/vc_column][\/vc_row][vc_row type=&#8221;full-width-section&#8221; css=&#8221;.vc_custom_1495046435526{margin-bottom: 0px !important;border-top-width: 2px !important;padding-top: 20px !important;padding-bottom: 50px !important;border-top-color: #ebebeb !important;border-top-style: solid !important;}&#8221;][vc_column css=&#8221;.vc_custom_1422768980499{padding-top: 45px !important;padding-bottom: 30px !important;}&#8221;][vc_row_inner][vc_column_inner width=&#8221;1\/2&#8243;][vc_custom_heading text=&#8221;LOTER\u00cdA DEL AGRADECIMIENTO&#8221; font_container=&#8221;tag:h2|font_size:30|text_align:center&#8221; google_fonts=&#8221;font_family:Lato%3A100%2C100italic%2C300%2C300italic%2Cregular%2Citalic%2C700%2C700italic%2C900%2C900italic|font_style:900%20bold%20regular%3A900%3Anormal&#8221; css=&#8221;.vc_custom_1579546195454{margin-bottom: 17px !important;}&#8221; el_class=&#8221;letterspacing-2&#8243;][vc_single_image image=&#8221;12136&#8243; img_size=&#8221;full&#8221; alignment=&#8221;center&#8221; onclick=&#8221;custom_link&#8221; img_link_target=&#8221;_blank&#8221; hover_effect=&#8221;img_hover_title&#8221; link=&#8221;https:\/\/www2.iepcjalisco.org.mx\/educacion-civica\/wp-content\/uploads\/2020\/04\/LOTERIA-CARTA-WEB.pdf&#8221; css=&#8221;.vc_custom_1588285541187{padding-top: 30px !important;}&#8221; title=&#8221;DESCARGA E IMPRIME &#8220;][\/vc_column_inner][vc_column_inner width=&#8221;1\/2&#8243;][vc_custom_heading text=&#8221;SERPIENTES Y ESCALERAS &#8221; font_container=&#8221;tag:h2|font_size:30|text_align:center&#8221; google_fonts=&#8221;font_family:Lato%3A100%2C100italic%2C300%2C300italic%2Cregular%2Citalic%2C700%2C700italic%2C900%2C900italic|font_style:900%20bold%20regular%3A900%3Anormal&#8221; css=&#8221;.vc_custom_1588273470321{margin-bottom: 17px !important;}&#8221; el_class=&#8221;letterspacing-2&#8243;][vc_single_image image=&#8221;12162&#8243; img_size=&#8221;full&#8221; alignment=&#8221;center&#8221; onclick=&#8221;custom_link&#8221; img_link_target=&#8221;_blank&#8221; hover_effect=&#8221;img_hover_title&#8221; link=&#8221;https:\/\/www2.iepcjalisco.org.mx\/educacion-civica\/wp-content\/uploads\/2020\/04\/SERPIENTES-Y-ESCALERAS-CARTA.pdf&#8221; css=&#8221;.vc_custom_1588287290388{padding-top: 30px !important;}&#8221; title=&#8221;Descarga e imprime el tablero&#8221;][\/vc_column_inner][\/vc_row_inner][\/vc_column][\/vc_row]<\/p>\n","protected":false},"excerpt":{"rendered":"<p>[vc_row type=&#8221;full-width-section&#8221; css=&#8221;.vc_custom_1495046373692{margin-bottom: 0px !important;border-top-width: 1px !important;border-bottom-width: 1px !important;padding-top: 50px !important;padding-bottom: 90px !important;background-color: #f9fafb !important;border-top-color: #ebebeb !important;border-top-style: solid !important;border-bottom-color: #ebebeb !important;border-bottom-style: solid !important;}&#8221;][vc_column][vc_custom_heading text=&#8221;SIMULACRO ELECTORAL INFANTIL Y JUVENIL&#8221; font_container=&#8221;tag:h2|font_size:30|text_align:center&#8221; google_fonts=&#8221;font_family:Lato%3A100%2C100italic%2C300%2C300italic%2Cregular%2Citalic%2C700%2C700italic%2C900%2C900italic|font_style:900%20bold%20regular%3A900%3Anormal&#8221; css=&#8221;.vc_custom_1526483873959{margin-bottom: 17px !important;}&#8221; el_class=&#8221;letterspacing-2&#8243;][vc_row_inner css=&#8221;.vc_custom_1495046271145{padding-top: 30px !important;}&#8221;][vc_column_inner width=&#8221;1\/3&#8243;][vc_single_image image=&#8221;10855&#8243; img_size=&#8221;full&#8221; alignment=&#8221;center&#8221; onclick=&#8221;custom_link&#8221; img_link_target=&#8221;_blank&#8221; hover_effect=&#8221;img_hover_title&#8221; link=&#8221;https:\/\/www2.iepcjalisco.org.mx\/educacion-civica\/wp-content\/uploads\/2021\/04\/GUION-Trompo-ma\u0301gico-2021.pdf&#8221; title=&#8221;Descarga y lee las instrucciones &#8220;][\/vc_column_inner][vc_column_inner width=&#8221;1\/3&#8243;][vc_single_image image=&#8221;10854&#8243; img_size=&#8221;full&#8221; alignment=&#8221;center&#8221;<br \/><a href=\"https:\/\/www2.iepcjalisco.org.mx\/educacion-civica\/recursos-didacticos\/\" class=\"more\">Read more<\/a><\/p>\n","protected":false},"author":2,"featured_media":0,"parent":0,"menu_order":0,"comment_status":"closed","ping_status":"open","template":"","meta":{"footnotes":""},"class_list":["post-8988","page","type-page","status-publish","hentry"],"_links":{"self":[{"href":"https:\/\/www2.iepcjalisco.org.mx\/educacion-civica\/wp-json\/wp\/v2\/pages\/8988","targetHints":{"allow":["GET"]}}],"collection":[{"href":"https:\/\/www2.iepcjalisco.org.mx\/educacion-civica\/wp-json\/wp\/v2\/pages"}],"about":[{"href":"https:\/\/www2.iepcjalisco.org.mx\/educacion-civica\/wp-json\/wp\/v2\/types\/page"}],"author":[{"embeddable":true,"href":"https:\/\/www2.iepcjalisco.org.mx\/educacion-civica\/wp-json\/wp\/v2\/users\/2"}],"replies":[{"embeddable":true,"href":"https:\/\/www2.iepcjalisco.org.mx\/educacion-civica\/wp-json\/wp\/v2\/comments?post=8988"}],"version-history":[{"count":0,"href":"https:\/\/www2.iepcjalisco.org.mx\/educacion-civica\/wp-json\/wp\/v2\/pages\/8988\/revisions"}],"wp:attachment":[{"href":"https:\/\/www2.iepcjalisco.org.mx\/educacion-civica\/wp-json\/wp\/v2\/media?parent=8988"}],"curies":[{"name":"wp","href":"https:\/\/api.w.org\/{rel}","templated":true}]}}