{"id":159,"date":"2016-11-17T21:45:17","date_gmt":"2016-11-17T21:45:17","guid":{"rendered":"https:\/\/www2.iepcjalisco.org.mx\/iepc-en-la-fil\/?page_id=159"},"modified":"2016-11-18T21:37:47","modified_gmt":"2016-11-18T21:37:47","slug":"concurso","status":"publish","type":"page","link":"https:\/\/www2.iepcjalisco.org.mx\/iepc-en-la-fil\/?page_id=159","title":{"rendered":"Concurso"},"content":{"rendered":"<p style=\"text-align: center; font-size: 25px;\"><strong>EL INSTITUTO ELECTORAL Y DE PARTICIPACI\u00d3N CIUDADANA <br \/> DEL ESTADO DE JALISCO<\/strong><\/p>\n<p style=\"text-align: center;\"><strong>a trav\u00e9s de la Unidad de Igualdad de G\u00e9nero y No Discriminaci\u00f3n te invita a participar en el <\/strong><strong>Concurso de video <\/strong><\/p>\n<p style=\"text-align: center;\"><span style=\"color: #7f4672; font-size: 20px;\"><strong>\u201cYO TE INCLUYO, YO ME INCLUYO\u201d<\/strong><\/span><\/p>\n<p><strong>BASES<\/strong><\/p>\n<p><strong>Requisitos<\/strong><\/p>\n<ol>\n<li>Podr\u00e1n participar personas de todas las edades que visiten el stand del Instituto Electoral y de Participaci\u00f3n Ciudadana del Estado de Jalisco (Instituto Electoral) en la Feria Internacional del Libro de Guadalajara 2016 (Stand I-16).<\/li>\n<li>No podr\u00e1n participar personas que laboren en el Instituto Electoral.<\/li>\n<\/ol>\n<p><strong>Caracter\u00edsticas del video<\/strong><\/p>\n<ol>\n<li>El tema \u00fanico del video ser\u00e1: <strong>Decir a trav\u00e9s Lengua de Se\u00f1as Mexicana la frase: #Yo te incluyo, #Yo me incluyo (En el stand del Instituto Electoral habr\u00e1 personal para asesorarte).<\/strong><\/li>\n<li>Se aceptar\u00e1n solamente videos producidos con la ayuda de dispositivos m\u00f3viles como t<strong>el\u00e9fonos celulares, tabletas o Smartphone.<\/strong><\/li>\n<li>No se permiten expresiones que denigren o calumnien a las instituciones y\/o a las personas.<\/li>\n<li>No se podr\u00e1n incluir en el video im\u00e1genes religiosas, emblemas de gobiernos (federal, estatal o municipal), ni logos o lemas de partidos pol\u00edticos.<\/li>\n<\/ol>\n<p><strong>Consideraciones generales <\/strong><\/p>\n<ol>\n<li>Los videos se deber\u00e1n publicar en el facebook del IEPC Jalisco e incluir los hashtags #<strong>YoTeIncluyo #YoMeIncluyo <\/strong>a partir del d\u00eda 5 de diciembre.<\/li>\n<li>A partir de la publicaci\u00f3n del video y hasta el d\u00eda 7 de diciembre los concursantes deber\u00e1n de conseguir el mayor n\u00famero de \u201clikes\u201d o \u201cme gusta\u201d.<\/li>\n<li>Los videos con m\u00e1s \u201clikes\u201d o \u201cme gusta\u201d ser\u00e1n los ganadores.<\/li>\n<li>Todos los participantes ceder\u00e1n los derechos patrimoniales de sus videos en forma exclusiva al Instituto Electoral para su posible publicaci\u00f3n, exhibici\u00f3n, reproducci\u00f3n y\/o manipulaci\u00f3n total o parcial.<\/li>\n<li>La participaci\u00f3n en este concurso implica la aceptaci\u00f3n de todas y cada una de sus bases.<\/li>\n<li>En caso de incumplimiento de las bases anteriormente se\u00f1aladas, el o los participantes ser\u00e1n descalificados.<\/li>\n<li>El Instituto Electoral atender\u00e1 cualquier controversia a la presente convocatoria<\/li>\n<\/ol>\n<p><strong>Premios a otorgar en certificados de regalo en librer\u00edas <em>GANDHI.<\/em><\/strong><\/p>\n<p><strong>Primer lugar: $ 2,500 (Dos mil quinientos pesos)<\/strong><\/p>\n<p><strong>Segundo lugar: $ 1,500 (Mil quinientos pesos)<\/strong><\/p>\n<p><strong>Tercer lugar: $ 1,000 (Mil pesos)<\/strong><\/p>\n<p><strong>RESULTADOS<\/strong><\/p>\n<p>El Instituto Electoral y de Participaci\u00f3n Ciudadana del Estado de Jalisco dar\u00e1 a conocer el nombre de los ganadores el d\u00eda lunes 12 de diciembre \u00a0de 2016, a trav\u00e9s de la p\u00e1gina electr\u00f3nica del instituto Electoral (<a href=\"http:\/\/www.iepcjalisco.org.mx\">www.iepcjalisco.org.mx<\/a>) y facebook (IEPC Jalisco).<\/p>\n<p><strong>MAYORES INFORMES:<\/strong><\/p>\n<p>Direcci\u00f3n de Igualdad de G\u00e9nero y No Discriminaci\u00f3n<\/p>\n<p>Instituto Electoral y de Participaci\u00f3n Ciudadana del Estado de Jalisco<\/p>\n<p>Tels: 01 (33) 36 41 45 07\/09\/18 Ext. 182<\/p>\n<p>&nbsp;<\/p>\n<p style=\"text-align: center;\">Te regalamos<\/p>\n<p style=\"text-align: center;\">$1, 000<\/p>\n<p style=\"text-align: center;\">$1,500 y hasta<\/p>\n<p style=\"text-align: center;\">$2,500 pesos<\/p>\n<p style=\"text-align: center;\">En certificados de regalo de librer\u00edas <em>GANDHI:<\/em><\/p>\n<p style=\"text-align: center;\">Mec\u00e1nica:<\/p>\n<ol>\n<li>Asiste al stand del Instituto Electoral y de Participaci\u00f3n Ciudadana del Estado de Jalisco en la Feria Internacional del Libro de Guadalajara 2016 (I-16).<\/li>\n<li>Aprende a decir la frase: Yo Te Incluyo, Yo Me Incluyo; en lenguaje de se\u00f1as (nosotros te asesoramos).<\/li>\n<li>Graba en video el mensaje.<\/li>\n<li>S\u00fabelo a la p\u00e1gina de facebook del IEPC Jalisco a partir del 5 de diciembre.<\/li>\n<li>Consigue el mayor n\u00famero de \u201clikes\u201d o \u201cme gusta\u201d hasta el d\u00eda 7 de diciembre y gana alguno de los tres premios.<\/li>\n<li>El 12 de diciembre entra a la p\u00e1gina del Instituto Electoral (<a href=\"http:\/\/www.iepcjalisco.org.mx\">iepcjalisco.org.mx<\/a>) o al facebook (IEPC Jalisco) y consulta a los ganadores.<\/li>\n<\/ol>\n<p>______________________________________________________________________________<\/p>\n<p><span style=\"color: #ac4d74;\"><strong>Por vez primera <\/strong><\/span>nos acompa\u00f1an organismos de participaci\u00f3n locales de distintos estados, te invitamos a que conozcas la informaci\u00f3n detallada de sus actividades en nuestro stand.<\/p>\n<p><span style=\"color: #ac4d74;\"><strong>Cuentacuentos\u00a0<\/strong><\/span>Asiste a nuestras sesiones de cuentacuentos de nuestros libros Martha, el valor de la tolerancia y Sara, el valor de la pluralidad. Todos los d\u00edas, en los distintos horarios: 13.00, 14:00, 15:00 y 16:00 hrs.<\/p>\n<p><span style=\"color: #ac4d74;\"><strong>Concurso \u201c#Yo te incluyo, #Yo me incluyo\u201d<\/strong> <\/span>Participa en nuestro concurso y gana hasta $2,500 pesos en vales para libros. Acude a nuestro stand y aprende a decir \u201c#Yo te incluyo, #Yo me incluyo\u201d en Lengua de Se\u00f1as Mexicana. Sube tu video a nuestra p\u00e1gina de Facebook (IEPC Jalisco) y los tres videos con el mayor n\u00famero de likes ser\u00e1n los ganadores. Todos los d\u00edas de la FIL en nuestro stand.<\/p>\n<p><span style=\"color: #ac4d74;\"><strong>Actividades de Educaci\u00f3n C\u00edvica <\/strong><\/span>Aprende conceptos de democracia y participaci\u00f3n mientras juegas en nuestro stand, actividad para toda la familia. Todos los d\u00edas en distintos horarios, revisa la programaci\u00f3n en las pantallas de nuestro stand.<\/p>\n<p><img loading=\"lazy\" decoding=\"async\" class=\"alignnone wp-image-20\" src=\"https:\/\/www2.iepcjalisco.org.mx\/iepc-en-la-fil\/wp-content\/uploads\/2016\/11\/cropped-Recurso-2@2x-150x150.png\" alt=\"cropped-Recurso-2@2x.png\" width=\"94\" height=\"91\" \/><\/p>\n","protected":false},"excerpt":{"rendered":"<p>EL INSTITUTO ELECTORAL Y DE PARTICIPACI\u00d3N CIUDADANA DEL ESTADO DE JALISCO a trav\u00e9s de la Unidad de Igualdad de G\u00e9nero y No Discriminaci\u00f3n te invita a participar en el Concurso de video \u201cYO TE INCLUYO, YO ME INCLUYO\u201d BASES Requisitos Podr\u00e1n participar personas de todas las edades que visiten el&#8230;<\/p>\n","protected":false},"author":1,"featured_media":0,"parent":0,"menu_order":0,"comment_status":"closed","ping_status":"closed","template":"","meta":{"footnotes":""},"class_list":["post-159","page","type-page","status-publish","hentry"],"_links":{"self":[{"href":"https:\/\/www2.iepcjalisco.org.mx\/iepc-en-la-fil\/index.php?rest_route=\/wp\/v2\/pages\/159","targetHints":{"allow":["GET"]}}],"collection":[{"href":"https:\/\/www2.iepcjalisco.org.mx\/iepc-en-la-fil\/index.php?rest_route=\/wp\/v2\/pages"}],"about":[{"href":"https:\/\/www2.iepcjalisco.org.mx\/iepc-en-la-fil\/index.php?rest_route=\/wp\/v2\/types\/page"}],"author":[{"embeddable":true,"href":"https:\/\/www2.iepcjalisco.org.mx\/iepc-en-la-fil\/index.php?rest_route=\/wp\/v2\/users\/1"}],"replies":[{"embeddable":true,"href":"https:\/\/www2.iepcjalisco.org.mx\/iepc-en-la-fil\/index.php?rest_route=%2Fwp%2Fv2%2Fcomments&post=159"}],"version-history":[{"count":19,"href":"https:\/\/www2.iepcjalisco.org.mx\/iepc-en-la-fil\/index.php?rest_route=\/wp\/v2\/pages\/159\/revisions"}],"predecessor-version":[{"id":249,"href":"https:\/\/www2.iepcjalisco.org.mx\/iepc-en-la-fil\/index.php?rest_route=\/wp\/v2\/pages\/159\/revisions\/249"}],"wp:attachment":[{"href":"https:\/\/www2.iepcjalisco.org.mx\/iepc-en-la-fil\/index.php?rest_route=%2Fwp%2Fv2%2Fmedia&parent=159"}],"curies":[{"name":"wp","href":"https:\/\/api.w.org\/{rel}","templated":true}]}}