{"id":1890,"date":"2021-08-06T15:37:51","date_gmt":"2021-08-06T21:37:51","guid":{"rendered":"https:\/\/www2.iepcjalisco.org.mx\/igualdaddegenero\/?page_id=1890"},"modified":"2024-03-13T11:17:00","modified_gmt":"2024-03-13T17:17:00","slug":"estadisticas","status":"publish","type":"page","link":"https:\/\/www2.iepcjalisco.org.mx\/igualdaddegenero\/estadisticas\/","title":{"rendered":"Estad\u00edsticas proceso 2021"},"content":{"rendered":"\t\t<div data-elementor-type=\"wp-page\" data-elementor-id=\"1890\" class=\"elementor elementor-1890 elementor-bc-flex-widget\">\n\t\t\t\t\t\t<section class=\"elementor-section elementor-top-section elementor-element elementor-element-2a575e2 elementor-section-boxed elementor-section-height-default elementor-section-height-default\" data-id=\"2a575e2\" data-element_type=\"section\" data-settings=\"{&quot;background_background&quot;:&quot;classic&quot;}\">\n\t\t\t\t\t\t<div class=\"elementor-container elementor-column-gap-default\">\n\t\t\t\t\t<div class=\"elementor-column elementor-col-100 elementor-top-column elementor-element elementor-element-7bf95bd\" data-id=\"7bf95bd\" data-element_type=\"column\" data-settings=\"{&quot;background_background&quot;:&quot;classic&quot;}\">\n\t\t\t<div class=\"elementor-widget-wrap elementor-element-populated\">\n\t\t\t\t\t\t<section class=\"elementor-section elementor-inner-section elementor-element elementor-element-46ab217 elementor-section-boxed elementor-section-height-default elementor-section-height-default\" data-id=\"46ab217\" data-element_type=\"section\">\n\t\t\t\t\t\t<div class=\"elementor-container elementor-column-gap-default\">\n\t\t\t\t\t<div class=\"elementor-column elementor-col-33 elementor-inner-column elementor-element elementor-element-9b82717\" data-id=\"9b82717\" data-element_type=\"column\">\n\t\t\t<div class=\"elementor-widget-wrap elementor-element-populated\">\n\t\t\t\t\t\t<div class=\"elementor-element elementor-element-fe918da elementor-position-top elementor-widget elementor-widget-image-box\" data-id=\"fe918da\" data-element_type=\"widget\" data-widget_type=\"image-box.default\">\n\t\t\t\t<div class=\"elementor-widget-container\">\n\t\t\t\t\t<div class=\"elementor-image-box-wrapper\"><figure class=\"elementor-image-box-img\"><a href=\"https:\/\/www2.iepcjalisco.org.mx\/igualdaddegenero\/\" tabindex=\"-1\"><img fetchpriority=\"high\" decoding=\"async\" width=\"500\" height=\"250\" src=\"https:\/\/www2.iepcjalisco.org.mx\/igualdaddegenero\/wp-content\/uploads\/2018\/03\/cropped-logo.png\" class=\"attachment-full size-full wp-image-9\" alt=\"\" srcset=\"https:\/\/www2.iepcjalisco.org.mx\/igualdaddegenero\/wp-content\/uploads\/2018\/03\/cropped-logo.png 500w, https:\/\/www2.iepcjalisco.org.mx\/igualdaddegenero\/wp-content\/uploads\/2018\/03\/cropped-logo-300x150.png 300w\" sizes=\"(max-width: 500px) 100vw, 500px\" \/><\/a><\/figure><div class=\"elementor-image-box-content\"><h1 class=\"elementor-image-box-title\"><a href=\"https:\/\/www2.iepcjalisco.org.mx\/igualdaddegenero\/\">Igualdad de G\u00e9nero y No Discriminaci\u00f3n<\/a><\/h1><\/div><\/div>\t\t\t\t<\/div>\n\t\t\t\t<\/div>\n\t\t\t\t\t<\/div>\n\t\t<\/div>\n\t\t\t\t<div class=\"elementor-column elementor-col-66 elementor-inner-column elementor-element elementor-element-1eae024\" data-id=\"1eae024\" data-element_type=\"column\">\n\t\t\t<div class=\"elementor-widget-wrap elementor-element-populated\">\n\t\t\t\t\t\t<div class=\"elementor-element elementor-element-ff568cc elementor-widget elementor-widget-html\" data-id=\"ff568cc\" data-element_type=\"widget\" data-widget_type=\"html.default\">\n\t\t\t\t<div class=\"elementor-widget-container\">\n\t\t\t\t\t<style>\n    .nav-top{\n        position: relative;\n        margin-top:30px; \n    }\n    .bg-mnu{\n        position: absolute;\n        top: 15px;\n        width: 100%;\n        height: 50px;\n        background: #8231a7;\n        background-size: contain;\n        margin: 0;\n        padding: 0;\n        -webkit-box-shadow: 0px 0px 5px 1px rgba(0,0,0,0.4);\n        -moz-box-shadow: 0px 0px 5px 1px rgba(0,0,0,0.4);\n        box-shadow: 0px 0px 5px 1px rgba(0,0,0,0.4);\n    }\n    .mnu-top{\n        list-style: none;\n        margin: 0;\n        margin-left: 20px;\n        padding: 0;\n        position: relative;\n    }\n    .mnu-top li{\n        float: left;\n        margin-right: 4px;\n    }\n    .mnu-top li a{\n        color: #fff;\n        font-size: 9px;\n    }\n    .mnu-top li a img{\n        width: 80px;\n    }\n    .mnu-top li a:hover{\n        color: #BED13B;\n    }\n<\/style>\n<nav class=\"col-lg-12 nav-top\">\n    <div class=\"bg-mnu\"><\/div>\n    <ul class=\"mnu-top\">\n        <li>\n            <a href=\"participacion-politica\">\n                <img decoding=\"async\" src=\"..\/wp-content\/uploads\/2018\/03\/boton1-1.png\"\/>\n                <span>Participaci\u00f3n pol\u00edtica de las mujeres<\/span>\n            <\/a>\n        <\/li>\n        <li>\n            <a href=\"inclusion\">\n                <img decoding=\"async\" src=\"..\/wp-content\/uploads\/2018\/04\/4Recurso-1.png\"\/>\n                <span>Inclusi\u00f3n y no discriminaci\u00f3n<\/span>\n            <\/a>\n        <\/li>\n        <li>\n            <a href=\"politicas-internas\">\n                <img decoding=\"async\" src=\"..\/wp-content\/uploads\/2018\/03\/boton3.png\"\/>\n                <span>Pol\u00edticas internas<\/span>\n            <\/a>\n        <\/li>\n        <li>\n            <a href=\"mediateca\">\n                <img decoding=\"async\" src=\"..\/wp-content\/uploads\/2018\/03\/mediateca_.png\"\/><span>Mediateca<\/span>\n            <\/a>\n        <\/li>\n    <\/ul>\n    \n<\/nav>\n   \t\t\t\t<\/div>\n\t\t\t\t<\/div>\n\t\t\t\t\t<\/div>\n\t\t<\/div>\n\t\t\t\t\t<\/div>\n\t\t<\/section>\n\t\t\t\t\t<\/div>\n\t\t<\/div>\n\t\t\t\t\t<\/div>\n\t\t<\/section>\n\t\t\t\t<section class=\"elementor-section elementor-top-section elementor-element elementor-element-985e74b elementor-section-boxed elementor-section-height-default elementor-section-height-default\" data-id=\"985e74b\" data-element_type=\"section\">\n\t\t\t\t\t\t<div class=\"elementor-container elementor-column-gap-default\">\n\t\t\t\t\t<div class=\"elementor-column elementor-col-100 elementor-top-column elementor-element elementor-element-4414cbf\" data-id=\"4414cbf\" data-element_type=\"column\" data-settings=\"{&quot;background_background&quot;:&quot;classic&quot;}\">\n\t\t\t<div class=\"elementor-widget-wrap elementor-element-populated\">\n\t\t\t\t\t\t<section class=\"elementor-section elementor-inner-section elementor-element elementor-element-c6509d4 elementor-section-boxed elementor-section-height-default elementor-section-height-default\" data-id=\"c6509d4\" data-element_type=\"section\">\n\t\t\t\t\t\t<div class=\"elementor-container elementor-column-gap-default\">\n\t\t\t\t\t<div class=\"elementor-column elementor-col-100 elementor-inner-column elementor-element elementor-element-16691de\" data-id=\"16691de\" data-element_type=\"column\">\n\t\t\t<div class=\"elementor-widget-wrap elementor-element-populated\">\n\t\t\t\t\t\t<div class=\"elementor-element elementor-element-38bb675 elementor-widget elementor-widget-image\" data-id=\"38bb675\" data-element_type=\"widget\" data-widget_type=\"image.default\">\n\t\t\t\t<div class=\"elementor-widget-container\">\n\t\t\t\t\t\t\t\t\t\t\t\t\t\t\t<img decoding=\"async\" width=\"1024\" height=\"212\" src=\"https:\/\/www2.iepcjalisco.org.mx\/igualdaddegenero\/wp-content\/uploads\/2021\/08\/boton-1024x212.jpg\" class=\"attachment-large size-large wp-image-1854\" alt=\"\" srcset=\"https:\/\/www2.iepcjalisco.org.mx\/igualdaddegenero\/wp-content\/uploads\/2021\/08\/boton-1024x212.jpg 1024w, https:\/\/www2.iepcjalisco.org.mx\/igualdaddegenero\/wp-content\/uploads\/2021\/08\/boton-300x62.jpg 300w, https:\/\/www2.iepcjalisco.org.mx\/igualdaddegenero\/wp-content\/uploads\/2021\/08\/boton-768x159.jpg 768w, https:\/\/www2.iepcjalisco.org.mx\/igualdaddegenero\/wp-content\/uploads\/2021\/08\/boton-1200x248.jpg 1200w\" sizes=\"(max-width: 1024px) 100vw, 1024px\" \/>\t\t\t\t\t\t\t\t\t\t\t\t\t\t\t<\/div>\n\t\t\t\t<\/div>\n\t\t\t\t<div class=\"elementor-element elementor-element-225a917 elementor-widget elementor-widget-image\" data-id=\"225a917\" data-element_type=\"widget\" data-widget_type=\"image.default\">\n\t\t\t\t<div class=\"elementor-widget-container\">\n\t\t\t\t\t\t\t\t\t\t\t\t\t\t\t<img decoding=\"async\" width=\"1024\" height=\"576\" src=\"https:\/\/www2.iepcjalisco.org.mx\/igualdaddegenero\/wp-content\/uploads\/2021\/08\/tabla1-1024x576.jpg\" class=\"attachment-large size-large wp-image-1842\" alt=\"\" srcset=\"https:\/\/www2.iepcjalisco.org.mx\/igualdaddegenero\/wp-content\/uploads\/2021\/08\/tabla1-1024x576.jpg 1024w, https:\/\/www2.iepcjalisco.org.mx\/igualdaddegenero\/wp-content\/uploads\/2021\/08\/tabla1-300x169.jpg 300w, https:\/\/www2.iepcjalisco.org.mx\/igualdaddegenero\/wp-content\/uploads\/2021\/08\/tabla1-768x432.jpg 768w, https:\/\/www2.iepcjalisco.org.mx\/igualdaddegenero\/wp-content\/uploads\/2021\/08\/tabla1-1200x675.jpg 1200w\" sizes=\"(max-width: 1024px) 100vw, 1024px\" \/>\t\t\t\t\t\t\t\t\t\t\t\t\t\t\t<\/div>\n\t\t\t\t<\/div>\n\t\t\t\t<div class=\"elementor-element elementor-element-d47fb1f elementor-widget elementor-widget-image\" data-id=\"d47fb1f\" data-element_type=\"widget\" data-widget_type=\"image.default\">\n\t\t\t\t<div class=\"elementor-widget-container\">\n\t\t\t\t\t\t\t\t\t\t\t\t\t\t\t<img loading=\"lazy\" decoding=\"async\" width=\"1024\" height=\"576\" src=\"https:\/\/www2.iepcjalisco.org.mx\/igualdaddegenero\/wp-content\/uploads\/2021\/08\/buena-2-1024x576.jpg\" class=\"attachment-large size-large wp-image-1838\" alt=\"\" srcset=\"https:\/\/www2.iepcjalisco.org.mx\/igualdaddegenero\/wp-content\/uploads\/2021\/08\/buena-2-1024x576.jpg 1024w, https:\/\/www2.iepcjalisco.org.mx\/igualdaddegenero\/wp-content\/uploads\/2021\/08\/buena-2-300x169.jpg 300w, https:\/\/www2.iepcjalisco.org.mx\/igualdaddegenero\/wp-content\/uploads\/2021\/08\/buena-2-768x432.jpg 768w, https:\/\/www2.iepcjalisco.org.mx\/igualdaddegenero\/wp-content\/uploads\/2021\/08\/buena-2-1200x675.jpg 1200w\" sizes=\"(max-width: 1024px) 100vw, 1024px\" \/>\t\t\t\t\t\t\t\t\t\t\t\t\t\t\t<\/div>\n\t\t\t\t<\/div>\n\t\t\t\t<div class=\"elementor-element elementor-element-6be5e93 elementor-widget elementor-widget-image\" data-id=\"6be5e93\" data-element_type=\"widget\" data-widget_type=\"image.default\">\n\t\t\t\t<div class=\"elementor-widget-container\">\n\t\t\t\t\t\t\t\t\t\t\t\t\t\t\t<img loading=\"lazy\" decoding=\"async\" width=\"1024\" height=\"576\" src=\"https:\/\/www2.iepcjalisco.org.mx\/igualdaddegenero\/wp-content\/uploads\/2021\/08\/tabla-0-1-1024x576.jpeg\" class=\"attachment-large size-large wp-image-2003\" alt=\"\" srcset=\"https:\/\/www2.iepcjalisco.org.mx\/igualdaddegenero\/wp-content\/uploads\/2021\/08\/tabla-0-1-1024x576.jpeg 1024w, https:\/\/www2.iepcjalisco.org.mx\/igualdaddegenero\/wp-content\/uploads\/2021\/08\/tabla-0-1-300x169.jpeg 300w, https:\/\/www2.iepcjalisco.org.mx\/igualdaddegenero\/wp-content\/uploads\/2021\/08\/tabla-0-1-768x432.jpeg 768w, https:\/\/www2.iepcjalisco.org.mx\/igualdaddegenero\/wp-content\/uploads\/2021\/08\/tabla-0-1-1200x675.jpeg 1200w\" sizes=\"(max-width: 1024px) 100vw, 1024px\" \/>\t\t\t\t\t\t\t\t\t\t\t\t\t\t\t<\/div>\n\t\t\t\t<\/div>\n\t\t\t\t<div class=\"elementor-element elementor-element-733e8f3 elementor-widget elementor-widget-image\" data-id=\"733e8f3\" data-element_type=\"widget\" data-widget_type=\"image.default\">\n\t\t\t\t<div class=\"elementor-widget-container\">\n\t\t\t\t\t\t\t\t\t\t\t\t\t\t\t<img loading=\"lazy\" decoding=\"async\" width=\"1024\" height=\"576\" src=\"https:\/\/www2.iepcjalisco.org.mx\/igualdaddegenero\/wp-content\/uploads\/2021\/08\/grafica-5-1024x576.jpg\" class=\"attachment-large size-large wp-image-1839\" alt=\"\" srcset=\"https:\/\/www2.iepcjalisco.org.mx\/igualdaddegenero\/wp-content\/uploads\/2021\/08\/grafica-5-1024x576.jpg 1024w, https:\/\/www2.iepcjalisco.org.mx\/igualdaddegenero\/wp-content\/uploads\/2021\/08\/grafica-5-300x169.jpg 300w, https:\/\/www2.iepcjalisco.org.mx\/igualdaddegenero\/wp-content\/uploads\/2021\/08\/grafica-5-768x432.jpg 768w, https:\/\/www2.iepcjalisco.org.mx\/igualdaddegenero\/wp-content\/uploads\/2021\/08\/grafica-5-1200x675.jpg 1200w\" sizes=\"(max-width: 1024px) 100vw, 1024px\" \/>\t\t\t\t\t\t\t\t\t\t\t\t\t\t\t<\/div>\n\t\t\t\t<\/div>\n\t\t\t\t<div class=\"elementor-element elementor-element-66c3a15 elementor-widget elementor-widget-image\" data-id=\"66c3a15\" data-element_type=\"widget\" data-widget_type=\"image.default\">\n\t\t\t\t<div class=\"elementor-widget-container\">\n\t\t\t\t\t\t\t\t\t\t\t\t\t\t\t<img loading=\"lazy\" decoding=\"async\" width=\"1024\" height=\"576\" src=\"https:\/\/www2.iepcjalisco.org.mx\/igualdaddegenero\/wp-content\/uploads\/2021\/08\/tabla-7-1024x576.jpg\" class=\"attachment-large size-large wp-image-1840\" alt=\"\" srcset=\"https:\/\/www2.iepcjalisco.org.mx\/igualdaddegenero\/wp-content\/uploads\/2021\/08\/tabla-7-1024x576.jpg 1024w, https:\/\/www2.iepcjalisco.org.mx\/igualdaddegenero\/wp-content\/uploads\/2021\/08\/tabla-7-300x169.jpg 300w, https:\/\/www2.iepcjalisco.org.mx\/igualdaddegenero\/wp-content\/uploads\/2021\/08\/tabla-7-768x432.jpg 768w, https:\/\/www2.iepcjalisco.org.mx\/igualdaddegenero\/wp-content\/uploads\/2021\/08\/tabla-7-1200x675.jpg 1200w\" sizes=\"(max-width: 1024px) 100vw, 1024px\" \/>\t\t\t\t\t\t\t\t\t\t\t\t\t\t\t<\/div>\n\t\t\t\t<\/div>\n\t\t\t\t<div class=\"elementor-element elementor-element-9afb169 elementor-widget elementor-widget-image\" data-id=\"9afb169\" data-element_type=\"widget\" data-widget_type=\"image.default\">\n\t\t\t\t<div class=\"elementor-widget-container\">\n\t\t\t\t\t\t\t\t\t\t\t\t\t\t\t<img loading=\"lazy\" decoding=\"async\" width=\"1024\" height=\"576\" src=\"https:\/\/www2.iepcjalisco.org.mx\/igualdaddegenero\/wp-content\/uploads\/2021\/08\/tabla-8-1024x576.jpg\" class=\"attachment-large size-large wp-image-1841\" alt=\"\" srcset=\"https:\/\/www2.iepcjalisco.org.mx\/igualdaddegenero\/wp-content\/uploads\/2021\/08\/tabla-8-1024x576.jpg 1024w, https:\/\/www2.iepcjalisco.org.mx\/igualdaddegenero\/wp-content\/uploads\/2021\/08\/tabla-8-300x169.jpg 300w, https:\/\/www2.iepcjalisco.org.mx\/igualdaddegenero\/wp-content\/uploads\/2021\/08\/tabla-8-768x432.jpg 768w, https:\/\/www2.iepcjalisco.org.mx\/igualdaddegenero\/wp-content\/uploads\/2021\/08\/tabla-8-1200x675.jpg 1200w\" sizes=\"(max-width: 1024px) 100vw, 1024px\" \/>\t\t\t\t\t\t\t\t\t\t\t\t\t\t\t<\/div>\n\t\t\t\t<\/div>\n\t\t\t\t\t<\/div>\n\t\t<\/div>\n\t\t\t\t\t<\/div>\n\t\t<\/section>\n\t\t\t\t\t<\/div>\n\t\t<\/div>\n\t\t\t\t\t<\/div>\n\t\t<\/section>\n\t\t\t\t<section class=\"elementor-section elementor-top-section elementor-element elementor-element-54fbbe0f elementor-section-boxed elementor-section-height-default elementor-section-height-default\" data-id=\"54fbbe0f\" data-element_type=\"section\">\n\t\t\t\t\t\t<div class=\"elementor-container elementor-column-gap-default\">\n\t\t\t\t\t<div class=\"elementor-column elementor-col-100 elementor-top-column elementor-element elementor-element-71b3034\" data-id=\"71b3034\" data-element_type=\"column\" data-settings=\"{&quot;background_background&quot;:&quot;classic&quot;}\">\n\t\t\t<div class=\"elementor-widget-wrap elementor-element-populated\">\n\t\t\t\t\t\t<section class=\"elementor-section elementor-inner-section elementor-element elementor-element-796ef5f5 elementor-section-boxed elementor-section-height-default elementor-section-height-default\" data-id=\"796ef5f5\" data-element_type=\"section\">\n\t\t\t\t\t\t<div class=\"elementor-container elementor-column-gap-default\">\n\t\t\t\t\t<div class=\"elementor-column elementor-col-20 elementor-inner-column elementor-element elementor-element-3dae151b\" data-id=\"3dae151b\" data-element_type=\"column\">\n\t\t\t<div class=\"elementor-widget-wrap elementor-element-populated\">\n\t\t\t\t\t\t<div class=\"elementor-element elementor-element-107d6526 elementor-widget elementor-widget-text-editor\" data-id=\"107d6526\" data-element_type=\"widget\" data-widget_type=\"text-editor.default\">\n\t\t\t\t<div class=\"elementor-widget-container\">\n\t\t\t\t\t\t\t\t\t<p>Igualdad de G\u00e9nero y No Discriminaci\u00f3n<\/p>\t\t\t\t\t\t\t\t<\/div>\n\t\t\t\t<\/div>\n\t\t\t\t\t<\/div>\n\t\t<\/div>\n\t\t\t\t<div class=\"elementor-column elementor-col-20 elementor-inner-column elementor-element elementor-element-7aab157a\" data-id=\"7aab157a\" data-element_type=\"column\">\n\t\t\t<div class=\"elementor-widget-wrap elementor-element-populated\">\n\t\t\t\t\t\t<div class=\"elementor-element elementor-element-22e97be0 elementor-widget elementor-widget-text-editor\" data-id=\"22e97be0\" data-element_type=\"widget\" data-widget_type=\"text-editor.default\">\n\t\t\t\t<div class=\"elementor-widget-container\">\n\t\t\t\t\t\t\t\t\t<p><img loading=\"lazy\" decoding=\"async\" class=\"wp-image-1421 alignnone\" src=\"https:\/\/www2.iepcjalisco.org.mx\/igualdaddegenero\/wp-content\/uploads\/2018\/04\/icon-157358_960_720-222x300.png\" alt=\"\" width=\"11\" height=\"15\" srcset=\"https:\/\/www2.iepcjalisco.org.mx\/igualdaddegenero\/wp-content\/uploads\/2018\/04\/icon-157358_960_720-222x300.png 222w, https:\/\/www2.iepcjalisco.org.mx\/igualdaddegenero\/wp-content\/uploads\/2018\/04\/icon-157358_960_720.png 533w\" sizes=\"(max-width: 11px) 100vw, 11px\" \/>\u00a0Ll\u00e1manos: 3344458450 ext. 3760<\/p>\t\t\t\t\t\t\t\t<\/div>\n\t\t\t\t<\/div>\n\t\t\t\t\t<\/div>\n\t\t<\/div>\n\t\t\t\t<div class=\"elementor-column elementor-col-20 elementor-inner-column elementor-element elementor-element-63afe183\" data-id=\"63afe183\" data-element_type=\"column\">\n\t\t\t<div class=\"elementor-widget-wrap elementor-element-populated\">\n\t\t\t\t\t\t<div class=\"elementor-element elementor-element-3377e4b5 elementor-widget elementor-widget-text-editor\" data-id=\"3377e4b5\" data-element_type=\"widget\" data-widget_type=\"text-editor.default\">\n\t\t\t\t<div class=\"elementor-widget-container\">\n\t\t\t\t\t\t\t\t\t<p><a href=\"mailto:unidad.genero@www2.iepcjalisco.org.mx\"><img loading=\"lazy\" decoding=\"async\" class=\"alignnone wp-image-1424\" src=\"https:\/\/www2.iepcjalisco.org.mx\/igualdaddegenero\/wp-content\/uploads\/2018\/04\/closeenvelope_87357-300x300.png\" alt=\"\" width=\"14\" height=\"14\" srcset=\"https:\/\/www2.iepcjalisco.org.mx\/igualdaddegenero\/wp-content\/uploads\/2018\/04\/closeenvelope_87357-300x300.png 300w, https:\/\/www2.iepcjalisco.org.mx\/igualdaddegenero\/wp-content\/uploads\/2018\/04\/closeenvelope_87357-150x150.png 150w, https:\/\/www2.iepcjalisco.org.mx\/igualdaddegenero\/wp-content\/uploads\/2018\/04\/closeenvelope_87357.png 512w\" sizes=\"(max-width: 14px) 100vw, 14px\" \/>\u00a0unidad.genero@www2.iepcjalisco.org.mx<\/a><\/p>\t\t\t\t\t\t\t\t<\/div>\n\t\t\t\t<\/div>\n\t\t\t\t\t<\/div>\n\t\t<\/div>\n\t\t\t\t<div class=\"elementor-column elementor-col-20 elementor-inner-column elementor-element elementor-element-751b47a3\" data-id=\"751b47a3\" data-element_type=\"column\">\n\t\t\t<div class=\"elementor-widget-wrap elementor-element-populated\">\n\t\t\t\t\t\t<div class=\"elementor-element elementor-element-61f0f534 elementor-widget elementor-widget-text-editor\" data-id=\"61f0f534\" data-element_type=\"widget\" data-widget_type=\"text-editor.default\">\n\t\t\t\t<div class=\"elementor-widget-container\">\n\t\t\t\t\t\t\t\t\t<p><a href=\"https:\/\/www2.iepcjalisco.org.mx\/igualdaddegenero\/formulario-contacto\/\">Cont\u00e1ctanos<\/a><\/p>\t\t\t\t\t\t\t\t<\/div>\n\t\t\t\t<\/div>\n\t\t\t\t\t<\/div>\n\t\t<\/div>\n\t\t\t\t<div class=\"elementor-column elementor-col-20 elementor-inner-column elementor-element elementor-element-49cc5ca2\" data-id=\"49cc5ca2\" data-element_type=\"column\">\n\t\t\t<div class=\"elementor-widget-wrap elementor-element-populated\">\n\t\t\t\t\t\t<div class=\"elementor-element elementor-element-4f767913 e-grid-align-right elementor-shape-rounded elementor-grid-0 elementor-widget elementor-widget-social-icons\" data-id=\"4f767913\" data-element_type=\"widget\" data-widget_type=\"social-icons.default\">\n\t\t\t\t<div class=\"elementor-widget-container\">\n\t\t\t\t\t\t\t<div class=\"elementor-social-icons-wrapper elementor-grid\">\n\t\t\t\t\t\t\t<span class=\"elementor-grid-item\">\n\t\t\t\t\t<a class=\"elementor-icon elementor-social-icon elementor-social-icon-facebook elementor-repeater-item-2b51eab\" href=\"https:\/\/www.facebook.com\/iepcjalisco\/\" target=\"_blank\">\n\t\t\t\t\t\t<span class=\"elementor-screen-only\">Facebook<\/span>\n\t\t\t\t\t\t\t\t\t\t\t\t\t<i class=\"fa fa-facebook\"><\/i>\n\t\t\t\t\t\t\t\t\t\t\t<\/a>\n\t\t\t\t<\/span>\n\t\t\t\t\t\t\t<span class=\"elementor-grid-item\">\n\t\t\t\t\t<a class=\"elementor-icon elementor-social-icon elementor-social-icon-twitter elementor-repeater-item-3a64dcd\" href=\"https:\/\/twitter.com\/iepcjalisco?lang=es\" target=\"_blank\">\n\t\t\t\t\t\t<span class=\"elementor-screen-only\">Twitter<\/span>\n\t\t\t\t\t\t\t\t\t\t\t\t\t<i class=\"fa fa-twitter\"><\/i>\n\t\t\t\t\t\t\t\t\t\t\t<\/a>\n\t\t\t\t<\/span>\n\t\t\t\t\t\t\t<span class=\"elementor-grid-item\">\n\t\t\t\t\t<a class=\"elementor-icon elementor-social-icon elementor-social-icon-youtube elementor-repeater-item-ab0ed92\" href=\"https:\/\/www.youtube.com\/user\/iepcjalisco\" target=\"_blank\">\n\t\t\t\t\t\t<span class=\"elementor-screen-only\">Youtube<\/span>\n\t\t\t\t\t\t\t\t\t\t\t\t\t<i class=\"fa fa-youtube\"><\/i>\n\t\t\t\t\t\t\t\t\t\t\t<\/a>\n\t\t\t\t<\/span>\n\t\t\t\t\t<\/div>\n\t\t\t\t\t\t<\/div>\n\t\t\t\t<\/div>\n\t\t\t\t\t<\/div>\n\t\t<\/div>\n\t\t\t\t\t<\/div>\n\t\t<\/section>\n\t\t\t\t\t<\/div>\n\t\t<\/div>\n\t\t\t\t\t<\/div>\n\t\t<\/section>\n\t\t\t\t<\/div>\n\t\t","protected":false},"excerpt":{"rendered":"<p>Igualdad de G\u00e9nero y No Discriminaci\u00f3n Participaci\u00f3n pol\u00edtica de las mujeres Inclusi\u00f3n y no discriminaci\u00f3n Pol\u00edticas internas Mediateca Igualdad de G\u00e9nero y No Discriminaci\u00f3n \u00a0Ll\u00e1manos: 3344458450 ext. 3760 \u00a0unidad.genero@www2.iepcjalisco.org.mx Cont\u00e1ctanos Facebook Twitter Youtube<\/p>\n","protected":false},"author":3,"featured_media":0,"parent":0,"menu_order":0,"comment_status":"closed","ping_status":"closed","template":"elementor_canvas","meta":{"footnotes":""},"class_list":["post-1890","page","type-page","status-publish","hentry"],"_links":{"self":[{"href":"https:\/\/www2.iepcjalisco.org.mx\/igualdaddegenero\/wp-json\/wp\/v2\/pages\/1890","targetHints":{"allow":["GET"]}}],"collection":[{"href":"https:\/\/www2.iepcjalisco.org.mx\/igualdaddegenero\/wp-json\/wp\/v2\/pages"}],"about":[{"href":"https:\/\/www2.iepcjalisco.org.mx\/igualdaddegenero\/wp-json\/wp\/v2\/types\/page"}],"author":[{"embeddable":true,"href":"https:\/\/www2.iepcjalisco.org.mx\/igualdaddegenero\/wp-json\/wp\/v2\/users\/3"}],"replies":[{"embeddable":true,"href":"https:\/\/www2.iepcjalisco.org.mx\/igualdaddegenero\/wp-json\/wp\/v2\/comments?post=1890"}],"version-history":[{"count":6,"href":"https:\/\/www2.iepcjalisco.org.mx\/igualdaddegenero\/wp-json\/wp\/v2\/pages\/1890\/revisions"}],"predecessor-version":[{"id":2631,"href":"https:\/\/www2.iepcjalisco.org.mx\/igualdaddegenero\/wp-json\/wp\/v2\/pages\/1890\/revisions\/2631"}],"wp:attachment":[{"href":"https:\/\/www2.iepcjalisco.org.mx\/igualdaddegenero\/wp-json\/wp\/v2\/media?parent=1890"}],"curies":[{"name":"wp","href":"https:\/\/api.w.org\/{rel}","templated":true}]}}