{"id":3067,"date":"2026-02-12T13:24:46","date_gmt":"2026-02-12T19:24:46","guid":{"rendered":"https:\/\/www2.iepcjalisco.org.mx\/igualdaddegenero\/?page_id=3067"},"modified":"2026-02-12T13:30:44","modified_gmt":"2026-02-12T19:30:44","slug":"infografias-eleccion-2026-2027","status":"publish","type":"page","link":"https:\/\/www2.iepcjalisco.org.mx\/igualdaddegenero\/acciones-afirmativas\/infografias-eleccion-2026-2027\/","title":{"rendered":"Infografias-Eleccion-2026-2027"},"content":{"rendered":"\t\t<div data-elementor-type=\"wp-page\" data-elementor-id=\"3067\" class=\"elementor elementor-3067\">\n\t\t\t\t\t\t<section class=\"elementor-section elementor-top-section elementor-element elementor-element-2659cef elementor-section-boxed elementor-section-height-default elementor-section-height-default\" data-id=\"2659cef\" data-element_type=\"section\">\n\t\t\t\t\t\t<div class=\"elementor-container elementor-column-gap-default\">\n\t\t\t\t\t<div class=\"elementor-column elementor-col-100 elementor-top-column elementor-element elementor-element-124cc13e\" data-id=\"124cc13e\" data-element_type=\"column\" data-settings=\"{&quot;background_background&quot;:&quot;classic&quot;}\">\n\t\t\t<div class=\"elementor-widget-wrap elementor-element-populated\">\n\t\t\t\t\t\t<section class=\"elementor-section elementor-inner-section elementor-element elementor-element-60a86d71 elementor-section-boxed elementor-section-height-default elementor-section-height-default\" data-id=\"60a86d71\" data-element_type=\"section\">\n\t\t\t\t\t\t<div class=\"elementor-container elementor-column-gap-default\">\n\t\t\t\t\t<div class=\"elementor-column elementor-col-33 elementor-inner-column elementor-element elementor-element-548af62\" data-id=\"548af62\" data-element_type=\"column\">\n\t\t\t<div class=\"elementor-widget-wrap elementor-element-populated\">\n\t\t\t\t\t\t<div class=\"elementor-element elementor-element-6f259d05 elementor-position-top elementor-widget elementor-widget-image-box\" data-id=\"6f259d05\" data-element_type=\"widget\" data-widget_type=\"image-box.default\">\n\t\t\t\t<div class=\"elementor-widget-container\">\n\t\t\t\t\t<div class=\"elementor-image-box-wrapper\"><figure class=\"elementor-image-box-img\"><a href=\"https:\/\/www2.iepcjalisco.org.mx\/igualdaddegenero\/\" tabindex=\"-1\"><img fetchpriority=\"high\" decoding=\"async\" width=\"506\" height=\"254\" src=\"https:\/\/www2.iepcjalisco.org.mx\/igualdaddegenero\/wp-content\/uploads\/2024\/02\/Logo-IEPC.png\" class=\"attachment-full size-full wp-image-2418\" alt=\"\" srcset=\"https:\/\/www2.iepcjalisco.org.mx\/igualdaddegenero\/wp-content\/uploads\/2024\/02\/Logo-IEPC.png 506w, https:\/\/www2.iepcjalisco.org.mx\/igualdaddegenero\/wp-content\/uploads\/2024\/02\/Logo-IEPC-300x151.png 300w\" sizes=\"(max-width: 506px) 100vw, 506px\" \/><\/a><\/figure><div class=\"elementor-image-box-content\"><h1 class=\"elementor-image-box-title\"><a href=\"https:\/\/www2.iepcjalisco.org.mx\/igualdaddegenero\/\">Igualdad de G\u00e9nero y No Discriminaci\u00f3n<\/a><\/h1><\/div><\/div>\t\t\t\t<\/div>\n\t\t\t\t<\/div>\n\t\t\t\t\t<\/div>\n\t\t<\/div>\n\t\t\t\t<div class=\"elementor-column elementor-col-66 elementor-inner-column elementor-element elementor-element-44fb0d61\" data-id=\"44fb0d61\" data-element_type=\"column\">\n\t\t\t<div class=\"elementor-widget-wrap elementor-element-populated\">\n\t\t\t\t\t\t<div class=\"elementor-element elementor-element-9edbd1d elementor-widget elementor-widget-image\" data-id=\"9edbd1d\" data-element_type=\"widget\" data-widget_type=\"image.default\">\n\t\t\t\t<div class=\"elementor-widget-container\">\n\t\t\t\t\t\t\t\t\t\t\t\t\t\t\t<img decoding=\"async\" width=\"768\" height=\"128\" src=\"https:\/\/www2.iepcjalisco.org.mx\/igualdaddegenero\/wp-content\/uploads\/2024\/03\/Igualdad-de-Ge\u0301nero-y-No-Discriminacio\u0301n.png\" class=\"attachment-full size-full wp-image-2558\" alt=\"\" srcset=\"https:\/\/www2.iepcjalisco.org.mx\/igualdaddegenero\/wp-content\/uploads\/2024\/03\/Igualdad-de-Ge\u0301nero-y-No-Discriminacio\u0301n.png 768w, https:\/\/www2.iepcjalisco.org.mx\/igualdaddegenero\/wp-content\/uploads\/2024\/03\/Igualdad-de-Ge\u0301nero-y-No-Discriminacio\u0301n-300x50.png 300w\" sizes=\"(max-width: 768px) 100vw, 768px\" \/>\t\t\t\t\t\t\t\t\t\t\t\t\t\t\t<\/div>\n\t\t\t\t<\/div>\n\t\t\t\t\t<\/div>\n\t\t<\/div>\n\t\t\t\t\t<\/div>\n\t\t<\/section>\n\t\t\t\t\t<\/div>\n\t\t<\/div>\n\t\t\t\t\t<\/div>\n\t\t<\/section>\n\t\t\t\t<section class=\"elementor-section elementor-top-section elementor-element elementor-element-4119b60e elementor-section-boxed elementor-section-height-default elementor-section-height-default\" data-id=\"4119b60e\" data-element_type=\"section\" data-settings=\"{&quot;background_background&quot;:&quot;classic&quot;}\">\n\t\t\t\t\t\t<div class=\"elementor-container elementor-column-gap-default\">\n\t\t\t\t\t<div class=\"elementor-column elementor-col-100 elementor-top-column elementor-element elementor-element-1d609f04\" data-id=\"1d609f04\" data-element_type=\"column\" data-settings=\"{&quot;background_background&quot;:&quot;classic&quot;}\">\n\t\t\t<div class=\"elementor-widget-wrap elementor-element-populated\">\n\t\t\t\t\t\t<section class=\"elementor-section elementor-inner-section elementor-element elementor-element-3e634ca3 elementor-section-boxed elementor-section-height-default elementor-section-height-default\" data-id=\"3e634ca3\" data-element_type=\"section\">\n\t\t\t\t\t\t<div class=\"elementor-container elementor-column-gap-default\">\n\t\t\t\t\t<div class=\"elementor-column elementor-col-33 elementor-inner-column elementor-element elementor-element-20d07d69\" data-id=\"20d07d69\" data-element_type=\"column\">\n\t\t\t<div class=\"elementor-widget-wrap elementor-element-populated\">\n\t\t\t\t\t\t<div class=\"elementor-element elementor-element-1d7c9346 elementor-widget elementor-widget-heading\" data-id=\"1d7c9346\" data-element_type=\"widget\" data-widget_type=\"heading.default\">\n\t\t\t\t<div class=\"elementor-widget-container\">\n\t\t\t\t\t<h4 class=\"elementor-heading-title elementor-size-default\"><a href=\"https:\/\/www.iepcjalisco.org.mx\/transparencia\/articulo-38\/comisiones\/2024?tid=538\">Comisi\u00f3n de Igualdad de G\u00e9nero y No Discriminaci\u00f3n<\/a><\/h4>\t\t\t\t<\/div>\n\t\t\t\t<\/div>\n\t\t\t\t\t<\/div>\n\t\t<\/div>\n\t\t\t\t<div class=\"elementor-column elementor-col-33 elementor-inner-column elementor-element elementor-element-6666722f\" data-id=\"6666722f\" data-element_type=\"column\">\n\t\t\t<div class=\"elementor-widget-wrap elementor-element-populated\">\n\t\t\t\t\t\t<div class=\"elementor-element elementor-element-2cc7973c elementor-widget elementor-widget-heading\" data-id=\"2cc7973c\" data-element_type=\"widget\" data-widget_type=\"heading.default\">\n\t\t\t\t<div class=\"elementor-widget-container\">\n\t\t\t\t\t<h4 class=\"elementor-heading-title elementor-size-default\"><a href=\"https:\/\/www.iepcjalisco.org.mx\/transparencia\/articulo-38\/comisiones\/2024?tid=556\">Comisi\u00f3n de Asuntos de los Pueblos Originarios<\/a><\/h4>\t\t\t\t<\/div>\n\t\t\t\t<\/div>\n\t\t\t\t\t<\/div>\n\t\t<\/div>\n\t\t\t\t<div class=\"elementor-column elementor-col-33 elementor-inner-column elementor-element elementor-element-3851b5eb\" data-id=\"3851b5eb\" data-element_type=\"column\">\n\t\t\t<div class=\"elementor-widget-wrap elementor-element-populated\">\n\t\t\t\t\t\t<div class=\"elementor-element elementor-element-39ee433a elementor-widget elementor-widget-heading\" data-id=\"39ee433a\" data-element_type=\"widget\" data-widget_type=\"heading.default\">\n\t\t\t\t<div class=\"elementor-widget-container\">\n\t\t\t\t\t<h4 class=\"elementor-heading-title elementor-size-default\"><a href=\"\/biblioteca\/\">Biblioteca<\/a><\/h4>\t\t\t\t<\/div>\n\t\t\t\t<\/div>\n\t\t\t\t\t<\/div>\n\t\t<\/div>\n\t\t\t\t\t<\/div>\n\t\t<\/section>\n\t\t\t\t\t<\/div>\n\t\t<\/div>\n\t\t\t\t\t<\/div>\n\t\t<\/section>\n\t\t<div class=\"elementor-element elementor-element-1fb6ad6 e-flex e-con-boxed e-con e-parent\" data-id=\"1fb6ad6\" data-element_type=\"container\" data-settings=\"{&quot;background_background&quot;:&quot;classic&quot;}\">\n\t\t\t\t\t<div class=\"e-con-inner\">\n\t\t<div class=\"elementor-element elementor-element-7e37f10 e-con-full e-flex e-con e-child\" data-id=\"7e37f10\" data-element_type=\"container\" data-settings=\"{&quot;background_background&quot;:&quot;classic&quot;}\">\n\t\t\t\t<div class=\"elementor-element elementor-element-bb73f96 elementor-widget elementor-widget-spacer\" data-id=\"bb73f96\" data-element_type=\"widget\" data-widget_type=\"spacer.default\">\n\t\t\t\t<div class=\"elementor-widget-container\">\n\t\t\t\t\t\t\t<div class=\"elementor-spacer\">\n\t\t\t<div class=\"elementor-spacer-inner\"><\/div>\n\t\t<\/div>\n\t\t\t\t\t\t<\/div>\n\t\t\t\t<\/div>\n\t\t\t\t<div class=\"elementor-element elementor-element-6249b23 elementor-widget elementor-widget-image\" data-id=\"6249b23\" data-element_type=\"widget\" data-widget_type=\"image.default\">\n\t\t\t\t<div class=\"elementor-widget-container\">\n\t\t\t\t\t\t\t\t\t\t\t\t\t\t\t<img decoding=\"async\" src=\"https:\/\/www2.iepcjalisco.org.mx\/igualdaddegenero\/wp-content\/uploads\/elementor\/thumbs\/Infografias-2-rj24owvqw59zelo3fejf8z5qoirsyx4cfmkcsd77r4.png\" title=\"Infograf\u00edas-2\" alt=\"Infograf\u00edas-2\" loading=\"lazy\" \/>\t\t\t\t\t\t\t\t\t\t\t\t\t\t\t<\/div>\n\t\t\t\t<\/div>\n\t\t\t\t<div class=\"elementor-element elementor-element-5d7e544 elementor-widget elementor-widget-heading\" data-id=\"5d7e544\" data-element_type=\"widget\" data-widget_type=\"heading.default\">\n\t\t\t\t<div class=\"elementor-widget-container\">\n\t\t\t\t\t<h2 class=\"elementor-heading-title elementor-size-default\">ELECCIONES 2026\/2027<\/h2>\t\t\t\t<\/div>\n\t\t\t\t<\/div>\n\t\t\t\t<div class=\"elementor-element elementor-element-bd0bc66 elementor-widget elementor-widget-image\" data-id=\"bd0bc66\" data-element_type=\"widget\" data-widget_type=\"image.default\">\n\t\t\t\t<div class=\"elementor-widget-container\">\n\t\t\t\t\t\t\t\t\t\t\t\t\t\t\t<img decoding=\"async\" width=\"109\" height=\"9\" src=\"https:\/\/www2.iepcjalisco.org.mx\/igualdaddegenero\/wp-content\/uploads\/2026\/02\/Recurso-3.png\" class=\"attachment-large size-large wp-image-3008\" alt=\"\" \/>\t\t\t\t\t\t\t\t\t\t\t\t\t\t\t<\/div>\n\t\t\t\t<\/div>\n\t\t\t\t<div class=\"elementor-element elementor-element-eae3599 elementor-widget elementor-widget-text-editor\" data-id=\"eae3599\" data-element_type=\"widget\" data-widget_type=\"text-editor.default\">\n\t\t\t\t<div class=\"elementor-widget-container\">\n\t\t\t\t\t\t\t\t\t<p><span style=\"color: #000000;\">Para el pr\u00f3ximo Proceso Electoral Local Concurrente 2026\u20132027, el <\/span><span style=\"color: #000000;\">IEPC Jalisco impuls\u00f3 un <strong>proceso participativo <\/strong>para dise\u00f1ar los Lineamientos <\/span><span style=\"color: #000000;\">de paridad e inclusi\u00f3n. Es importante se\u00f1alar que <strong>estos lineamientos <\/strong><\/span><span style=\"color: #000000;\"><strong>a\u00fan se encuentran en revisi\u00f3n dentro de la cadena <\/strong><\/span><span style=\"color: #000000;\"><strong>impugnativa<\/strong>, por lo que su contenido <strong>podr\u00eda modificarse<\/strong>. Lo que <\/span><span style=\"color: #000000;\">aqu\u00ed se presenta explica <strong>c\u00f3mo se construyeron y qu\u00e9 buscan<\/strong>. <\/span><\/p><p><span style=\"color: #a50064;\"><strong>Jornadas de trabajo: di\u00e1logo y construcci\u00f3n colectiva<\/strong><\/span><\/p><p><span style=\"color: #000000;\">El objetivo principal de las jornadas fue <strong>generar espacios de di\u00e1logo <\/strong><\/span><span style=\"color: #000000;\">entre sociedad civil organizada, partidos pol\u00edticos y autoridades electorales <\/span><span style=\"color: #000000;\">para <strong>garantizar la paridad de g\u00e9nero y fortalecer la igualdad <\/strong><\/span><span style=\"color: #000000;\"><strong>sustantiva <\/strong>de grupos hist\u00f3ricamente excluidos en el acceso a <\/span><span style=\"color: #000000;\">cargos de elecci\u00f3n popular.<\/span><\/p><p><span style=\"color: #000000;\">Se realizaron <strong>seis jornadas tem\u00e1ticas<\/strong>, cada una enfocada en un <\/span><span style=\"color: #000000;\">grupo espec\u00edfico: <em>paridad de g\u00e9nero, personas ind\u00edgenas y afromexicanas, <\/em><\/span><span style=\"color: #000000;\"><em>poblaci\u00f3n LGBTTTIQ+, personas con discapacidad, jaliscienses <\/em><\/span><span style=\"color: #000000;\"><em>residentes en el extranjero y juventudes.<\/em><\/span><\/p>\t\t\t\t\t\t\t\t<\/div>\n\t\t\t\t<\/div>\n\t\t\t\t<div class=\"elementor-element elementor-element-706b470 elementor-widget elementor-widget-image\" data-id=\"706b470\" data-element_type=\"widget\" data-widget_type=\"image.default\">\n\t\t\t\t<div class=\"elementor-widget-container\">\n\t\t\t\t\t\t\t\t\t\t\t\t\t\t\t<img decoding=\"async\" src=\"https:\/\/www2.iepcjalisco.org.mx\/igualdaddegenero\/wp-content\/uploads\/elementor\/thumbs\/Infografias3-rj24owvqw59vba78k6sxjjzqlr2ypqq3wxgsdrw83k.png\" title=\"Infograf\u00edas3\" alt=\"Infograf\u00edas3\" loading=\"lazy\" \/>\t\t\t\t\t\t\t\t\t\t\t\t\t\t\t<\/div>\n\t\t\t\t<\/div>\n\t\t\t\t<\/div>\n\t\t<div class=\"elementor-element elementor-element-e659c8f e-con-full e-flex e-con e-child\" data-id=\"e659c8f\" data-element_type=\"container\" data-settings=\"{&quot;background_background&quot;:&quot;classic&quot;}\">\n\t\t\t\t<div class=\"elementor-element elementor-element-79834e5 elementor-widget elementor-widget-image\" data-id=\"79834e5\" data-element_type=\"widget\" data-widget_type=\"image.default\">\n\t\t\t\t<div class=\"elementor-widget-container\">\n\t\t\t\t\t\t\t\t\t\t\t\t\t\t\t<img decoding=\"async\" src=\"https:\/\/www2.iepcjalisco.org.mx\/igualdaddegenero\/wp-content\/uploads\/elementor\/thumbs\/Infografias4-rj24owvqw59vba78k6sxjjzqlr2ypqq3wxgsdrw83k.png\" title=\"Infograf\u00edas4\" alt=\"Infograf\u00edas4\" loading=\"lazy\" \/>\t\t\t\t\t\t\t\t\t\t\t\t\t\t\t<\/div>\n\t\t\t\t<\/div>\n\t\t\t\t<div class=\"elementor-element elementor-element-5e3de61 elementor-widget elementor-widget-text-editor\" data-id=\"5e3de61\" data-element_type=\"widget\" data-widget_type=\"text-editor.default\">\n\t\t\t\t<div class=\"elementor-widget-container\">\n\t\t\t\t\t\t\t\t\t<p><span style=\"color: #000000;\">Las <strong>personas adultas mayores <\/strong>no tuvieron una jornada exclusiva. Su participaci\u00f3n fue <strong>transversal<\/strong>, integr\u00e1ndose en las mesas de los dem\u00e1s grupos para asegurar que su perspectiva estuviera presente en todos los temas y no de manera aislada.<\/span><\/p><p><span style=\"color: #000000;\">Cada jornada tuvo una duraci\u00f3n aproximada de <strong>cuatro horas <\/strong>y se estructur\u00f3 en dos momentos principales: un <strong>encuadre anal\u00edtico <\/strong>en el cual se present\u00f3 el marco normativo vigente y los principales retos identificados en procesos electorales anteriores; y un <strong>an\u00e1lisis t\u00e9cnico <\/strong><strong>en equipos<\/strong>. Las personas participantes trabajaron con un <strong>an\u00e1lisis <\/strong><strong>FODA<\/strong>, para identificar fortalezas, oportunidades, debilidades y amenazas de las acciones afirmativas aplicadas previamente y con la <strong>metodolog\u00eda <\/strong><strong>SMART<\/strong>, para convertir las reflexiones en propuestas <strong>claras, medibles, alcanzables, relevantes y con plazos definidos<\/strong>.<\/span><\/p><p><span style=\"color: #000000;\">Este enfoque permiti\u00f3 pasar del diagn\u00f3stico a las <strong>propuestas concretas<\/strong>.<\/span><\/p><p><span style=\"color: #000000;\">Infograf\u00edas: https:\/\/www.iepcjalisco.org.mx\/lineamientos-de-paridad-e-inclusion-<\/span><\/p><p><span style=\"color: #000000;\">para-la-postulacion-de-candidaturas-para-el-proceso-electoral<\/span><\/p>\t\t\t\t\t\t\t\t<\/div>\n\t\t\t\t<\/div>\n\t\t\t\t<\/div>\n\t\t\t\t\t<\/div>\n\t\t\t\t<\/div>\n\t\t<div class=\"elementor-element elementor-element-a30b84b e-flex e-con-boxed e-con e-parent\" data-id=\"a30b84b\" data-element_type=\"container\" data-settings=\"{&quot;background_background&quot;:&quot;classic&quot;}\">\n\t\t\t\t\t<div class=\"e-con-inner\">\n\t\t<div class=\"elementor-element elementor-element-e8f556a e-con-full e-flex e-con e-child\" data-id=\"e8f556a\" data-element_type=\"container\" data-settings=\"{&quot;background_background&quot;:&quot;classic&quot;}\">\n\t\t\t\t<div class=\"elementor-element elementor-element-4fb7d44 elementor-widget elementor-widget-image\" data-id=\"4fb7d44\" data-element_type=\"widget\" data-widget_type=\"image.default\">\n\t\t\t\t<div class=\"elementor-widget-container\">\n\t\t\t\t\t\t\t\t\t\t\t\t\t\t\t<img loading=\"lazy\" decoding=\"async\" width=\"1024\" height=\"417\" src=\"https:\/\/www2.iepcjalisco.org.mx\/igualdaddegenero\/wp-content\/uploads\/2026\/02\/Infografias2027-1024x417.png\" class=\"attachment-large size-large wp-image-3052\" alt=\"\" srcset=\"https:\/\/www2.iepcjalisco.org.mx\/igualdaddegenero\/wp-content\/uploads\/2026\/02\/Infografias2027-1024x417.png 1024w, https:\/\/www2.iepcjalisco.org.mx\/igualdaddegenero\/wp-content\/uploads\/2026\/02\/Infografias2027-300x122.png 300w, https:\/\/www2.iepcjalisco.org.mx\/igualdaddegenero\/wp-content\/uploads\/2026\/02\/Infografias2027-768x312.png 768w, https:\/\/www2.iepcjalisco.org.mx\/igualdaddegenero\/wp-content\/uploads\/2026\/02\/Infografias2027-1536x625.png 1536w, https:\/\/www2.iepcjalisco.org.mx\/igualdaddegenero\/wp-content\/uploads\/2026\/02\/Infografias2027-2048x833.png 2048w, https:\/\/www2.iepcjalisco.org.mx\/igualdaddegenero\/wp-content\/uploads\/2026\/02\/Infografias2027-1200x488.png 1200w\" sizes=\"(max-width: 1024px) 100vw, 1024px\" \/>\t\t\t\t\t\t\t\t\t\t\t\t\t\t\t<\/div>\n\t\t\t\t<\/div>\n\t\t\t\t<\/div>\n\t\t\t\t\t<\/div>\n\t\t\t\t<\/div>\n\t\t\t\t<section class=\"elementor-section elementor-top-section elementor-element elementor-element-1a4c14c0 elementor-section-boxed elementor-section-height-default elementor-section-height-default\" data-id=\"1a4c14c0\" data-element_type=\"section\">\n\t\t\t\t\t\t<div class=\"elementor-container elementor-column-gap-default\">\n\t\t\t\t\t<div class=\"elementor-column elementor-col-100 elementor-top-column elementor-element elementor-element-2b23ab70\" data-id=\"2b23ab70\" data-element_type=\"column\" data-settings=\"{&quot;background_background&quot;:&quot;classic&quot;}\">\n\t\t\t<div class=\"elementor-widget-wrap elementor-element-populated\">\n\t\t\t\t\t\t<section class=\"elementor-section elementor-inner-section elementor-element elementor-element-3b0ef9a6 elementor-section-boxed elementor-section-height-default elementor-section-height-default\" data-id=\"3b0ef9a6\" data-element_type=\"section\">\n\t\t\t\t\t\t<div class=\"elementor-container elementor-column-gap-default\">\n\t\t\t\t\t<div class=\"elementor-column elementor-col-20 elementor-inner-column elementor-element elementor-element-777df4de\" data-id=\"777df4de\" data-element_type=\"column\">\n\t\t\t<div class=\"elementor-widget-wrap elementor-element-populated\">\n\t\t\t\t\t\t<div class=\"elementor-element elementor-element-723a1f7b elementor-widget elementor-widget-text-editor\" data-id=\"723a1f7b\" data-element_type=\"widget\" data-widget_type=\"text-editor.default\">\n\t\t\t\t<div class=\"elementor-widget-container\">\n\t\t\t\t\t\t\t\t\t<p>Igualdad de G\u00e9nero y No Discriminaci\u00f3n<\/p>\t\t\t\t\t\t\t\t<\/div>\n\t\t\t\t<\/div>\n\t\t\t\t\t<\/div>\n\t\t<\/div>\n\t\t\t\t<div class=\"elementor-column elementor-col-20 elementor-inner-column elementor-element elementor-element-103e058\" data-id=\"103e058\" data-element_type=\"column\">\n\t\t\t<div class=\"elementor-widget-wrap elementor-element-populated\">\n\t\t\t\t\t\t<div class=\"elementor-element elementor-element-2784ddfe elementor-widget elementor-widget-text-editor\" data-id=\"2784ddfe\" data-element_type=\"widget\" data-widget_type=\"text-editor.default\">\n\t\t\t\t<div class=\"elementor-widget-container\">\n\t\t\t\t\t\t\t\t\t<p><img loading=\"lazy\" decoding=\"async\" class=\"wp-image-1421 alignnone\" src=\"https:\/\/www2.iepcjalisco.org.mx\/igualdaddegenero\/wp-content\/uploads\/2018\/04\/icon-157358_960_720-222x300.png\" alt=\"\" width=\"11\" height=\"15\" srcset=\"https:\/\/www2.iepcjalisco.org.mx\/igualdaddegenero\/wp-content\/uploads\/2018\/04\/icon-157358_960_720-222x300.png 222w, https:\/\/www2.iepcjalisco.org.mx\/igualdaddegenero\/wp-content\/uploads\/2018\/04\/icon-157358_960_720.png 533w\" sizes=\"(max-width: 11px) 100vw, 11px\" \/>\u00a0Ll\u00e1manos: 01(33)3642 7169 ext.124<\/p>\t\t\t\t\t\t\t\t<\/div>\n\t\t\t\t<\/div>\n\t\t\t\t\t<\/div>\n\t\t<\/div>\n\t\t\t\t<div class=\"elementor-column elementor-col-20 elementor-inner-column elementor-element elementor-element-33eb00a7\" data-id=\"33eb00a7\" data-element_type=\"column\">\n\t\t\t<div class=\"elementor-widget-wrap elementor-element-populated\">\n\t\t\t\t\t\t<div class=\"elementor-element elementor-element-f9ed692 elementor-widget elementor-widget-text-editor\" data-id=\"f9ed692\" data-element_type=\"widget\" data-widget_type=\"text-editor.default\">\n\t\t\t\t<div class=\"elementor-widget-container\">\n\t\t\t\t\t\t\t\t\t<p><a href=\"mailto:unidad.genero@www2.iepcjalisco.org.mx\"><img loading=\"lazy\" decoding=\"async\" class=\"alignnone wp-image-1424\" src=\"https:\/\/www2.iepcjalisco.org.mx\/igualdaddegenero\/wp-content\/uploads\/2018\/04\/closeenvelope_87357-300x300.png\" alt=\"\" width=\"14\" height=\"14\" srcset=\"https:\/\/www2.iepcjalisco.org.mx\/igualdaddegenero\/wp-content\/uploads\/2018\/04\/closeenvelope_87357-300x300.png 300w, https:\/\/www2.iepcjalisco.org.mx\/igualdaddegenero\/wp-content\/uploads\/2018\/04\/closeenvelope_87357-150x150.png 150w, https:\/\/www2.iepcjalisco.org.mx\/igualdaddegenero\/wp-content\/uploads\/2018\/04\/closeenvelope_87357.png 512w\" sizes=\"(max-width: 14px) 100vw, 14px\" \/> unidad.genero@iepcjalisco.org.mx<\/a><\/p>\t\t\t\t\t\t\t\t<\/div>\n\t\t\t\t<\/div>\n\t\t\t\t\t<\/div>\n\t\t<\/div>\n\t\t\t\t<div class=\"elementor-column elementor-col-20 elementor-inner-column elementor-element elementor-element-26ec3cd2\" data-id=\"26ec3cd2\" data-element_type=\"column\">\n\t\t\t<div class=\"elementor-widget-wrap elementor-element-populated\">\n\t\t\t\t\t\t<div class=\"elementor-element elementor-element-375fea74 elementor-widget elementor-widget-text-editor\" data-id=\"375fea74\" data-element_type=\"widget\" data-widget_type=\"text-editor.default\">\n\t\t\t\t<div class=\"elementor-widget-container\">\n\t\t\t\t\t\t\t\t\t<p>Cont\u00e1ctanos<\/p>\t\t\t\t\t\t\t\t<\/div>\n\t\t\t\t<\/div>\n\t\t\t\t\t<\/div>\n\t\t<\/div>\n\t\t\t\t<div class=\"elementor-column elementor-col-20 elementor-inner-column elementor-element elementor-element-501d93d8\" data-id=\"501d93d8\" data-element_type=\"column\">\n\t\t\t<div class=\"elementor-widget-wrap elementor-element-populated\">\n\t\t\t\t\t\t<div class=\"elementor-element elementor-element-54c6b05b e-grid-align-right elementor-shape-rounded elementor-grid-0 elementor-widget elementor-widget-social-icons\" data-id=\"54c6b05b\" data-element_type=\"widget\" data-widget_type=\"social-icons.default\">\n\t\t\t\t<div class=\"elementor-widget-container\">\n\t\t\t\t\t\t\t<div class=\"elementor-social-icons-wrapper elementor-grid\">\n\t\t\t\t\t\t\t<span class=\"elementor-grid-item\">\n\t\t\t\t\t<a class=\"elementor-icon elementor-social-icon elementor-social-icon-facebook elementor-repeater-item-2b51eab\" href=\"https:\/\/www.facebook.com\/iepcjalisco\/\" target=\"_blank\">\n\t\t\t\t\t\t<span class=\"elementor-screen-only\">Facebook<\/span>\n\t\t\t\t\t\t\t\t\t\t\t\t\t<i class=\"fa fa-facebook\"><\/i>\n\t\t\t\t\t\t\t\t\t\t\t<\/a>\n\t\t\t\t<\/span>\n\t\t\t\t\t\t\t<span class=\"elementor-grid-item\">\n\t\t\t\t\t<a class=\"elementor-icon elementor-social-icon elementor-social-icon-twitter elementor-repeater-item-3a64dcd\" href=\"https:\/\/twitter.com\/iepcjalisco?lang=es\" target=\"_blank\">\n\t\t\t\t\t\t<span class=\"elementor-screen-only\">Twitter<\/span>\n\t\t\t\t\t\t\t\t\t\t\t\t\t<i class=\"fa fa-twitter\"><\/i>\n\t\t\t\t\t\t\t\t\t\t\t<\/a>\n\t\t\t\t<\/span>\n\t\t\t\t\t\t\t<span class=\"elementor-grid-item\">\n\t\t\t\t\t<a class=\"elementor-icon elementor-social-icon elementor-social-icon-youtube elementor-repeater-item-ab0ed92\" href=\"https:\/\/www.youtube.com\/user\/iepcjalisco\" target=\"_blank\">\n\t\t\t\t\t\t<span class=\"elementor-screen-only\">Youtube<\/span>\n\t\t\t\t\t\t\t\t\t\t\t\t\t<i class=\"fa fa-youtube\"><\/i>\n\t\t\t\t\t\t\t\t\t\t\t<\/a>\n\t\t\t\t<\/span>\n\t\t\t\t\t<\/div>\n\t\t\t\t\t\t<\/div>\n\t\t\t\t<\/div>\n\t\t\t\t\t<\/div>\n\t\t<\/div>\n\t\t\t\t\t<\/div>\n\t\t<\/section>\n\t\t\t\t\t<\/div>\n\t\t<\/div>\n\t\t\t\t\t<\/div>\n\t\t<\/section>\n\t\t\t\t<\/div>\n\t\t","protected":false},"excerpt":{"rendered":"<p>Igualdad de G\u00e9nero y No Discriminaci\u00f3n Comisi\u00f3n de Igualdad de G\u00e9nero y No Discriminaci\u00f3n Comisi\u00f3n de Asuntos de los Pueblos Originarios Biblioteca ELECCIONES 2026\/2027 Para el pr\u00f3ximo Proceso Electoral Local Concurrente 2026\u20132027, el IEPC Jalisco impuls\u00f3 un proceso participativo para dise\u00f1ar los Lineamientos de paridad e inclusi\u00f3n. Es importante se\u00f1alar que estos lineamientos a\u00fan se [&hellip;]<\/p>\n","protected":false},"author":2,"featured_media":0,"parent":2984,"menu_order":0,"comment_status":"closed","ping_status":"closed","template":"elementor_canvas","meta":{"footnotes":""},"class_list":["post-3067","page","type-page","status-publish","hentry"],"_links":{"self":[{"href":"https:\/\/www2.iepcjalisco.org.mx\/igualdaddegenero\/wp-json\/wp\/v2\/pages\/3067","targetHints":{"allow":["GET"]}}],"collection":[{"href":"https:\/\/www2.iepcjalisco.org.mx\/igualdaddegenero\/wp-json\/wp\/v2\/pages"}],"about":[{"href":"https:\/\/www2.iepcjalisco.org.mx\/igualdaddegenero\/wp-json\/wp\/v2\/types\/page"}],"author":[{"embeddable":true,"href":"https:\/\/www2.iepcjalisco.org.mx\/igualdaddegenero\/wp-json\/wp\/v2\/users\/2"}],"replies":[{"embeddable":true,"href":"https:\/\/www2.iepcjalisco.org.mx\/igualdaddegenero\/wp-json\/wp\/v2\/comments?post=3067"}],"version-history":[{"count":4,"href":"https:\/\/www2.iepcjalisco.org.mx\/igualdaddegenero\/wp-json\/wp\/v2\/pages\/3067\/revisions"}],"predecessor-version":[{"id":3071,"href":"https:\/\/www2.iepcjalisco.org.mx\/igualdaddegenero\/wp-json\/wp\/v2\/pages\/3067\/revisions\/3071"}],"up":[{"embeddable":true,"href":"https:\/\/www2.iepcjalisco.org.mx\/igualdaddegenero\/wp-json\/wp\/v2\/pages\/2984"}],"wp:attachment":[{"href":"https:\/\/www2.iepcjalisco.org.mx\/igualdaddegenero\/wp-json\/wp\/v2\/media?parent=3067"}],"curies":[{"name":"wp","href":"https:\/\/api.w.org\/{rel}","templated":true}]}}