{"id":53,"date":"2017-04-27T08:57:26","date_gmt":"2017-04-27T14:57:26","guid":{"rendered":"https:\/\/www2.iepcjalisco.org.mx\/participacion-ciudadana\/?page_id=53"},"modified":"2026-03-12T14:44:19","modified_gmt":"2026-03-12T20:44:19","slug":"activa-mecanismo","status":"publish","type":"page","link":"https:\/\/www2.iepcjalisco.org.mx\/participacion-ciudadana\/activa-mecanismo\/","title":{"rendered":"Activa un mecanismo de participaci\u00f3n"},"content":{"rendered":"<h2>Activa un mecanismo de participaci\u00f3n<\/h2>\n<p>\t\t\t\t\t\t<a href=\"https:\/\/www.iepcjalisco.org.mx\/firmale\"><br \/>\n\t\t<img width=\"768\" height=\"402\" src=\"https:\/\/www2.iepcjalisco.org.mx\/participacion-ciudadana\/wp-content\/uploads\/2025\/09\/Boto\u0301n_Fi\u0301rmale-768x402.jpg\" alt=\"\" decoding=\"async\" loading=\"lazy\" srcset=\"https:\/\/www2.iepcjalisco.org.mx\/participacion-ciudadana\/wp-content\/uploads\/2025\/09\/Boto\u0301n_Fi\u0301rmale-768x402.jpg 768w, https:\/\/www2.iepcjalisco.org.mx\/participacion-ciudadana\/wp-content\/uploads\/2025\/09\/Boto\u0301n_Fi\u0301rmale-300x157.jpg 300w, https:\/\/www2.iepcjalisco.org.mx\/participacion-ciudadana\/wp-content\/uploads\/2025\/09\/Boto\u0301n_Fi\u0301rmale-1024x536.jpg 1024w, https:\/\/www2.iepcjalisco.org.mx\/participacion-ciudadana\/wp-content\/uploads\/2025\/09\/Boto\u0301n_Fi\u0301rmale.jpg 1459w\" sizes=\"auto, (max-width: 768px) 100vw, 768px\" \/>\t\t\t\t<\/a><\/p>\n<h3><strong>Conoce los mecanismos de participaci\u00f3n ciudadana en 10 minutos<\/strong><\/h3>\n<p><iframe loading=\"lazy\" width=\"1112\" height=\"456\" src=\"https:\/\/www.youtube.com\/embed\/2Ahx5t_sBzw\" title=\"IEPC Jalisco Mecanismos de participaci\u00f3n ciudadana\" frameborder=\"0\" allow=\"accelerometer; autoplay; clipboard-write; encrypted-media; gyroscope; picture-in-picture; web-share\" referrerpolicy=\"strict-origin-when-cross-origin\" allowfullscreen><\/iframe><br \/>\n<iframe loading=\"lazy\" title=\"YouTube video player\" src=\"https:\/\/www.youtube.com\/embed\/jD3ZL2lr_6g\" width=\"560\" height=\"315\" frameborder=\"0\" allowfullscreen=\"allowfullscreen\"><\/iframe><br \/>\n&nbsp;\t\t<\/p>\n<figure><a href=\"https:\/\/www.iepcjalisco.org.mx\/sites\/default\/files\/iep-guiaciudadana-final.pdf\"><img decoding=\"async\" src=\"https:\/\/www2.iepcjalisco.org.mx\/participacion-ciudadana\/wp-content\/uploads\/2025\/09\/guia-mecanismos-2025.png\" alt=\"guia-mecanismos-2025\" title=\"guia-mecanismos-2025\"><\/a><\/figure>\n<h3><a href=\"https:\/\/www.iepcjalisco.org.mx\/sites\/default\/files\/iep-guiaciudadana-final.pdf\">Gu\u00eda Ciudadana para la Activaci\u00f3n de Mecanismos de Participaci\u00f3n<\/a><\/h3>\n<p>Consulta la Gu\u00eda Ciudadana <\/p>\n<h2>Mecanismos de Participaci\u00f3n Ciudadana<\/h2>\n<p>Nuestra legislaci\u00f3n contempla diecis\u00e9is mecanismos de participaci\u00f3n ciudadana y popular, los cuales, por cuestiones pr\u00e1cticas y para facilitar la comprensi\u00f3n de sus din\u00e1micas, se dividen en dos categor\u00edas:<\/p>\n<p>Mecanismos de democracia directa: Son aquellos que se apoyan en el uso extraordinario del voto como medio de expresi\u00f3n de la ciudadan\u00eda en asuntos de inter\u00e9s p\u00fablico:<\/p>\n<ul>\n<li>Plebiscito<\/li>\n<li>Refer\u00e9ndum<\/li>\n<li>Ratificaci\u00f3n Constitucional<\/li>\n<li>Iniciativa ciudadana<\/li>\n<li>Ratificaci\u00f3n de mandato<\/li>\n<li>Revocaci\u00f3n de mandato<\/li>\n<li>Consulta popular<\/li>\n<li>Presupuesto participativo<\/li>\n<\/ul>\n<p>Mecanismos de gobernanza: Enfocados en la rendici\u00f3n de cuentas y la coparticipaci\u00f3n entre gobierno y ciudadan\u00eda:<\/p>\n<ul>\n<li>Comparecencia p\u00fablica<\/li>\n<li>Proyecto social<\/li>\n<li>Asamblea popular<\/li>\n<li>Ayuntamiento abierto<\/li>\n<li>Colaboraci\u00f3n popular<\/li>\n<li>Planeaci\u00f3n participativa<\/li>\n<li>Di\u00e1logo colaborativo<\/li>\n<li>Contralor\u00eda social<\/li>\n<\/ul>\n<h2><strong>Plebiscito:<\/strong><\/h2>\n<p>Es un mecanismo mediante el cual se somete a consideraci\u00f3n de la ciudadan\u00eda si se aprueban o rechazan actos o decisiones administrativas del Poder Ejecutivo estatal y de los ayuntamientos; no puede solicitarse el plebiscito en contra de nombramientos de personas funcionarias p\u00fablicas, como tampoco en contra de la determinaci\u00f3n de alg\u00fan precio, tarifa o contribuci\u00f3n. Art\u00edculos 34 &#8211; 41 de la LSPCPGEJ.<\/p>\n<p><iframe loading=\"lazy\" title=\"YouTube video player\" src=\"https:\/\/www.youtube.com\/embed\/SpcLYQ8QVgM?si=kPFmKxE5X3SNQcRy\" width=\"560\" height=\"315\" frameborder=\"0\" allowfullscreen=\"allowfullscreen\"><\/iframe><br \/><iframe loading=\"lazy\" title=\"YouTube video player\" src=\"https:\/\/www.youtube.com\/embed\/JuaKckoFDcM?si=Hah7PbGaRDTpz4Xz\" width=\"560\" height=\"315\" frameborder=\"0\" allowfullscreen=\"allowfullscreen\"><\/iframe><\/p>\n<p><strong>Descarga los formatos oficiales<\/strong><\/p>\n<ul>\n<li><a href=\"https:\/\/www2.iepcjalisco.org.mx\/participacion-ciudadana\/wp-content\/uploads\/2025\/09\/01.-Plebiscito-v2.0.docx\">Formato oficial de Plebiscito <\/a><\/li>\n<li><a href=\"https:\/\/www2.iepcjalisco.org.mx\/participacion-ciudadana\/wp-content\/uploads\/2025\/09\/01.-Firmas-plebiscito-v2.0.docx\">Formato oficial de Firmas para Plebiscito<\/a><\/li>\n<\/ul>\n<h2><strong>Refer\u00e9ndum:<\/strong><\/h2>\n<p>Es el mecanismo por el que se somete a consideraci\u00f3n de la ciudadan\u00eda si aprueban o rechazan modificaciones a leyes estatales y normas legales municipales, ya sea para dejarlas sin efecto o para suspenderlas. No se pueden someter a refer\u00e9ndum las de car\u00e1cter contributivo y leyes org\u00e1nicas de los poderes. Art\u00edculos 42 &#8211; 50 de la LSPCPGEJ.<\/p>\n<p><iframe loading=\"lazy\" title=\"YouTube video player\" src=\"https:\/\/www.youtube.com\/embed\/ppOM0-EFWt4?si=HQx2VTxQs-2rHClM\" width=\"560\" height=\"315\" frameborder=\"0\" allowfullscreen=\"allowfullscreen\"><\/iframe><br \/><iframe loading=\"lazy\" title=\"YouTube video player\" src=\"https:\/\/www.youtube.com\/embed\/P_Jd4F6Nc7E?si=_G9uVX6mCDlx0cci\" width=\"560\" height=\"315\" frameborder=\"0\" allowfullscreen=\"allowfullscreen\"><\/iframe><\/p>\n<p><strong>Descarga los formatos oficiales<\/strong><\/p>\n<ul>\n<li><a href=\"https:\/\/www2.iepcjalisco.org.mx\/participacion-ciudadana\/wp-content\/uploads\/2025\/09\/02.-Referendum-v2.0.docx\">Formato oficial de Refer\u00e9ndum\u00a0<\/a><\/li>\n<li><a href=\"https:\/\/www2.iepcjalisco.org.mx\/participacion-ciudadana\/wp-content\/uploads\/2025\/09\/02.-Firmas-referendum-v2.0.docx\">Formato oficial de Firmas para Refer\u00e9ndum<\/a><\/li>\n<\/ul>\n<h2><strong>Ratificaci\u00f3n Constitucional:<\/strong><\/h2>\n<p>Es un mecanismo mediante el cual la ciudadan\u00eda puede opinar sobre una reforma a la Constituci\u00f3n Pol\u00edtica del Estado de Jalisco. A diferencia del refer\u00e9ndum, este mecanismo es exclusivamente para aprobar modificaciones a la Constituci\u00f3n. Art\u00edculos 51 &#8211; 58 de la LSPCPGEJ.<\/p>\n<p><iframe loading=\"lazy\" title=\"YouTube video player\" src=\"https:\/\/www.youtube.com\/embed\/ayS4cZhhfo4?si=UVAuqVOaMYvpwI8K\" width=\"560\" height=\"315\" frameborder=\"0\" allowfullscreen=\"allowfullscreen\"><\/iframe><br \/><iframe loading=\"lazy\" title=\"YouTube video player\" src=\"https:\/\/www.youtube.com\/embed\/zfo8l0uP9NM?si=eZlXKRvkP_Y20nr6\" width=\"560\" height=\"315\" frameborder=\"0\" allowfullscreen=\"allowfullscreen\"><\/iframe><\/p>\n<h2><strong>Iniciativa ciudadana:<\/strong><\/h2>\n<p>Tambi\u00e9n conocida como iniciativa popular, es un mecanismo mediante el cual la ciudadan\u00eda puede proponer leyes o reglamentos, o modificar los que ya existen.<\/p>\n<p>Quedan excluidos de este mecanismo:<\/p>\n<ul>\n<li>Las leyes de ingresos y presupuestos de egresos.<\/li>\n<li>Las leyes org\u00e1nicas de los poderes del Estado y organismos p\u00fablicos aut\u00f3nomos.<\/li>\n<li>Las leyes de creaci\u00f3n de los organismos p\u00fablicos descentralizados, empresas de participaci\u00f3n estatal mayoritaria y fideicomisos p\u00fablicos del Poder Ejecutivo del Estado. Art\u00edculos 59- 67 de la LSPCPGEJ.<\/li>\n<\/ul>\n<p>Puesto que la iniciativa ciudadana es un mecanismo que incide en la propuesta de leyes o reglamentos no se realizan jornadas consultivas.<\/p>\n<p><iframe loading=\"lazy\" title=\"YouTube video player\" src=\"https:\/\/www.youtube.com\/embed\/si37V_wHAuM?si=5OweF-MkX3xbSFgm\" width=\"560\" height=\"315\" frameborder=\"0\" allowfullscreen=\"allowfullscreen\"><\/iframe><br \/><iframe loading=\"lazy\" title=\"YouTube video player\" src=\"https:\/\/www.youtube.com\/embed\/uMmVKXJl9bg?si=CVWJt_faFsKcz2Cp\" width=\"560\" height=\"315\" frameborder=\"0\" allowfullscreen=\"allowfullscreen\"><\/iframe><\/p>\n<p><strong>Descarga los formatos oficiales<\/strong><\/p>\n<ul>\n<li><a href=\"https:\/\/www2.iepcjalisco.org.mx\/participacion-ciudadana\/wp-content\/uploads\/2025\/09\/04.-Iniciativa-Ciudadana-v2.0.docx\">Formato oficial de Iniciativa Ciudadana\u00a0<\/a><\/li>\n<li><a href=\"https:\/\/www2.iepcjalisco.org.mx\/participacion-ciudadana\/wp-content\/uploads\/2025\/09\/04.-Firmas-iniciativa-ciudadana-v2.0.docx\">Formato oficial de Firmas para Iniciativa Ciudadana\u00a0<\/a><\/li>\n<\/ul>\n<p><strong>Ratificaci\u00f3n de mandato:<\/strong><\/p>\n<p>Es un mecanismo mediante el cual, las y los ciudadanos pueden evaluar el desempe\u00f1o de la gobernadora o el gobernador del estado, diputaciones, las presidencias municipales y regidur\u00edas. Art\u00edculos 68 &#8211; 81 de la LSPCPGEJ.<\/p>\n<p><iframe loading=\"lazy\" title=\"YouTube video player\" src=\"https:\/\/www.youtube.com\/embed\/rad7A5U49Cw?si=-HAXpDB7flVCyo4Y\" width=\"560\" height=\"315\" frameborder=\"0\" allowfullscreen=\"allowfullscreen\"><\/iframe><br \/><iframe loading=\"lazy\" title=\"YouTube video player\" src=\"https:\/\/www.youtube.com\/embed\/zfo8l0uP9NM?si=yAhMNMGRErKcunxy\" width=\"560\" height=\"315\" frameborder=\"0\" allowfullscreen=\"allowfullscreen\"><\/iframe><\/p>\n<p><strong>Descarga el formato oficial<\/strong><\/p>\n<ul>\n<li><a href=\"https:\/\/www2.iepcjalisco.org.mx\/participacion-ciudadana\/wp-content\/uploads\/2025\/09\/05.-Ratificacion-de-Mandato-v2.0.docx\">Formato oficial de Ratificaci\u00f3n de Mandato\u00a0<\/a><\/li>\n<\/ul>\n<h2><strong>Revocaci\u00f3n de mandato:<\/strong><\/h2>\n<p>Es un mecanismo mediante el cual las y los ciudadanos pueden concluir anticipadamente el ejercicio del cargo de una o un funcionario de elecci\u00f3n popular, siempre y cuando se configuren las causales y se cumplan los procedimientos. Art\u00edculos 82 &#8211; 96 de la LSPCPGEJ.<\/p>\n<p><iframe loading=\"lazy\" title=\"YouTube video player\" src=\"https:\/\/www.youtube.com\/embed\/28JdgTyIeEE?si=-BprQ4tRx-IJHyl6\" width=\"560\" height=\"315\" frameborder=\"0\" allowfullscreen=\"allowfullscreen\"><\/iframe><br \/><iframe loading=\"lazy\" title=\"YouTube video player\" src=\"https:\/\/www.youtube.com\/embed\/zfo8l0uP9NM?si=oDLlZHFfL-doOwd6\" width=\"560\" height=\"315\" frameborder=\"0\" allowfullscreen=\"allowfullscreen\"><\/iframe><\/p>\n<p><strong>Descarga los formatos oficiales<\/strong><\/p>\n<ul>\n<li><a href=\"https:\/\/www2.iepcjalisco.org.mx\/participacion-ciudadana\/wp-content\/uploads\/2025\/09\/06.-Revocacion-de-mandato-v2.0.docx\">Formato oficial de Revocaci\u00f3n de Mandato<\/a><\/li>\n<li><a href=\"https:\/\/www2.iepcjalisco.org.mx\/participacion-ciudadana\/wp-content\/uploads\/2025\/09\/06.-Firmas-revocacion-de-mandato-v2.0.docx\">Formato oficial de Firmas para Revocaci\u00f3n de Mandato<\/a><\/li>\n<\/ul>\n<h2><strong>Consulta popular:<\/strong><\/h2>\n<p>Es el mecanismo mediante el cual las personas habitantes del estado, municipio o demarcaci\u00f3n territorial emiten su opini\u00f3n sobre temas que les impactan. Art\u00edculos 97 &#8211; 104 de la LSPCPGEJ.<\/p>\n<p><iframe loading=\"lazy\" title=\"YouTube video player\" src=\"https:\/\/www.youtube.com\/embed\/ujv7DHWrN48?si=5VM14J_rOP-fM-tj\" width=\"560\" height=\"315\" frameborder=\"0\" allowfullscreen=\"allowfullscreen\"><\/iframe><\/p>\n<p><strong>Descarga los formatos oficiales<\/strong><\/p>\n<ul>\n<li><a href=\"https:\/\/www2.iepcjalisco.org.mx\/participacion-ciudadana\/wp-content\/uploads\/2025\/09\/07.-Consulta-Popular-v2.0.docx\">Formato oficial para Consulta Popular<\/a><\/li>\n<li><a href=\"https:\/\/www2.iepcjalisco.org.mx\/participacion-ciudadana\/wp-content\/uploads\/2025\/09\/07.-Firmas-Consulta-Popular-v2.0.docx\">Formato oficial de Firmas para Consulta Popular\u00a0<\/a><\/li>\n<\/ul>\n<h2><strong>Presupuesto participativo:<\/strong><\/h2>\n<p>Es un mecanismo mediante el cual la ciudadan\u00eda define las obras y proyectos que se llevar\u00e1n a cabo con un porcentaje de los recursos p\u00fablicos. En Jalisco, el presupuesto de egresos destina al menos 15% del presupuesto destinado a la inversi\u00f3n p\u00fablica a este mecanismo. Art\u00edculos 105 \u2013 110 de la LSPCPGEJ.<\/p>\n<h2><strong>Comparecencia p\u00fablica:<\/strong><\/h2>\n<p>Es un mecanismo mediante el cual las y los ciudadanos dialogan y debaten con los funcionarios del gobierno estatal o municipal para:<\/p>\n<ul>\n<li>Solicitar y recibir informaci\u00f3n respecto a la actuaci\u00f3n de su gobierno;<\/li>\n<li>Solicitar la rendici\u00f3n de cuentas sobre determinados actos de gobierno;<\/li>\n<li>Proponer a las personas titulares la adopci\u00f3n de medidas o la realizaci\u00f3n de determinados actos;<\/li>\n<li>Informar de sucesos relevantes que sean de su competencia o de inter\u00e9s social;<\/li>\n<li>Analizar el cumplimiento de los programas, planes y pol\u00edticas p\u00fablicas;<\/li>\n<li>Evaluar el desempe\u00f1o de la administraci\u00f3n p\u00fablica.<\/li>\n<\/ul>\n<p>Art\u00edculos 111 &#8211; 119 de la LSPCPGEJ.<\/p>\n<p><strong>Descarga los formatos oficiales<\/strong><\/p>\n<ul>\n<li><a href=\"https:\/\/www2.iepcjalisco.org.mx\/participacion-ciudadana\/wp-content\/uploads\/2025\/09\/09.-Comparecencia-publica-v2.0.docx\">Formato oficial para Comparecencia P\u00fablica<\/a><\/li>\n<li><a href=\"https:\/\/www2.iepcjalisco.org.mx\/participacion-ciudadana\/wp-content\/uploads\/2025\/09\/09.-Firmas-comparecencia-publica-v2.0.docx\">Formato oficial de Firmas para Comparecencia P\u00fablica<\/a><\/li>\n<\/ul>\n<h2><strong>Proyecto social:<\/strong><\/h2>\n<p>Es un mecanismo que se presenta a nivel municipal en el que habitantes de un municipio colaboran con el Ayuntamiento, para resolver una necesidad o problem\u00e1tica existente en los barrios, fraccionamientos o colonias, localidades. Art\u00edculos 120 &#8211; 123 de la LSPCPGEJ.<\/p>\n<p><strong>Descarga los formatos oficiales<\/strong><\/p>\n<ul>\n<li><a href=\"https:\/\/www2.iepcjalisco.org.mx\/participacion-ciudadana\/wp-content\/uploads\/2025\/09\/10.-Proyecto-Social-2.0.docx\">Formato oficial para Proyecto Social<\/a><\/li>\n<li><a href=\"https:\/\/www2.iepcjalisco.org.mx\/participacion-ciudadana\/wp-content\/uploads\/2025\/09\/10.-Firmas-Proyecto-Social-v2.0.docx\">Formato oficial de Firmas para Proyecto Social\u00a0<\/a><\/li>\n<\/ul>\n<h2><strong>Asamblea popular:<\/strong><\/h2>\n<p>Es un mecanismo en el que habitantes del estado o de un municipio construyen un espacio para la opini\u00f3n sobre temas de inter\u00e9s general, asuntos de car\u00e1cter local o de impacto en la comunidad. Art\u00edculos 124 &#8211; 127 de la LSPCPGEJ.<\/p>\n<h2><strong>Ayuntamiento abierto: <\/strong><\/h2>\n<p>Es un mecanismo en el que habitantes, a trav\u00e9s de representantes de asociaciones vecinales debidamente registradas, tienen el derecho a presentar propuestas o peticiones dentro de las sesiones ordinarias del ayuntamiento. Art\u00edculos 128 &#8211; 132 de la LSPCPGEJ.<\/p>\n<h2><strong>Colaboraci\u00f3n popular: <\/strong><\/h2>\n<p>Es un mecanismo en el que habitantes participan en la ejecuci\u00f3n de una obra o prestan un servicio, aportando recursos econ\u00f3micos, materiales o trabajo personal, en coordinaci\u00f3n con el gobierno estatal o municipal. Art\u00edculos 133 &#8211; 134 de la LSPCPGEJ.<\/p>\n<h2><strong>Planeaci\u00f3n participativa: <\/strong><\/h2>\n<p>Mediante este mecanismo, las personas servidoras p\u00fablicas, junto con la ciudadan\u00eda, toman decisiones para la creaci\u00f3n de instrumentos de planeaci\u00f3n de desarrollo estatal o municipal. Art\u00edculo 135 de la LSPCPGEJ.<\/p>\n<h2><strong>Di\u00e1logo colaborativo:<\/strong><\/h2>\n<p>Es un mecanismo mediante el cual la autoridad establece acuerdos y consensos con la ciudadan\u00eda por medio de la construcci\u00f3n de espacios de representaci\u00f3n para la toma de decisiones p\u00fablicas a trav\u00e9s de la libre expresi\u00f3n de ideas y posiciones ciudadanas.<\/p>\n<p><strong>Descarga los formatos oficiales<\/strong><\/p>\n<ul>\n<li><a href=\"https:\/\/www2.iepcjalisco.org.mx\/participacion-ciudadana\/wp-content\/uploads\/2025\/09\/15.-Dialogo-Colaborativo-v2.0.docx\">Formato oficial para Di\u00e1logo Colaborativo\u00a0<\/a><\/li>\n<li><a href=\"https:\/\/www2.iepcjalisco.org.mx\/participacion-ciudadana\/wp-content\/uploads\/2025\/09\/15.-Firmas-dialogo-colaborativo-v2.0.docx\">Formato oficial de Firmas para Di\u00e1logo Colaborativo<\/a><\/li>\n<\/ul>\n<h2><strong>Contralor\u00eda social:<\/strong><\/h2>\n<p>Es un mecanismo mediante el cual la ciudadan\u00eda y el sector social privado conforman una instancia de vigilancia y observaci\u00f3n a las actividades gubernamentales para:<\/p>\n<ul>\n<li>Solicitar informaci\u00f3n sobre el desempe\u00f1o de las funciones p\u00fablicas;<\/li>\n<li>Vigilar el ejercicio de los recursos p\u00fablicos y que las acciones se realicen conforme a la ley;<\/li>\n<li>Generar informes sobre el desempe\u00f1o de los programas y la ejecuci\u00f3n de los recursos p\u00fablicos, y<\/li>\n<li>Presentar quejas y denuncias sobre posibles responsabilidades pol\u00edticas, administrativas, civiles o penales. Art\u00edculos 144 &#8211; 151 de la LSPCPGEJ.<\/li>\n<\/ul>\n<p><strong>Descarga los formatos oficiales<\/strong><\/p>\n<ul>\n<li><a href=\"https:\/\/www2.iepcjalisco.org.mx\/participacion-ciudadana\/wp-content\/uploads\/2025\/09\/16.-Contraloria-Social-2.0.docx\">Formato oficial para Contralor\u00eda Social\u00a0<\/a><\/li>\n<li><a href=\"https:\/\/www2.iepcjalisco.org.mx\/participacion-ciudadana\/wp-content\/uploads\/2025\/09\/16.-Firmas-Contraloria-Social-v2.0.docx\">Formato oficial de Firmas para Contralor\u00eda Social<\/a><\/li>\n<\/ul>\n<figure><a href=\"https:\/\/www.iepcjalisco.org.mx\/sites\/default\/files\/firmale_manual_de_usuario.pdf\"><img decoding=\"async\" src=\"https:\/\/www2.iepcjalisco.org.mx\/participacion-ciudadana\/wp-content\/uploads\/2025\/09\/Boto\u0301n_Fi\u0301rmale.jpg\" alt=\"Boto\u0301n_Fi\u0301rmale\" title=\"Boto\u0301n_Fi\u0301rmale\"><\/a><\/figure>\n<h3><a href=\"https:\/\/www.iepcjalisco.org.mx\/sites\/default\/files\/firmale_manual_de_usuario.pdf\">Manual de Usuario \u00a1F\u00edrmale!<\/a><\/h3>\n<p>Consulta el manual<\/p>\n<h5><em>\u00a0\u00a0<\/em><\/h5>\n<h2>Firmas de apoyo ciudadano necesarias para activar<br \/>\nMecanismos de Participaci\u00f3n Ciudadana<br \/>\n<\/h2>\n<h3>Mecanismos a nivel Municipal<br \/>\n<\/h3>\n<p>\t\t\t<iframe loading=\"lazy\" src=\"https:\/\/www2.iepcjalisco.org.mx\/participacion-ciudadana\/wp-content\/uploads\/2026\/03\/PL_RF_IC_MUNICIPALES.pdf\" width=\"640\" height=\"480\"><\/iframe>\t\t<\/p>\n<h3>Mecanismos a nivel Municipal<br \/>\n<\/h3>\n<p>\t\t\t<iframe loading=\"lazy\" src=\"https:\/\/www2.iepcjalisco.org.mx\/participacion-ciudadana\/wp-content\/uploads\/2026\/03\/TABLA-FIRMAS-DE-APOYO-20-02-2026.pdf\" width=\"640\" height=\"480\"><\/iframe><br \/>\n\t\t\t<a href=\"https:\/\/www2.iepcjalisco.org.mx\/participacion-ciudadana\/historico-de-mecanismos-en-jalisco\/\"><br \/>\n\t\t\t\t\t\t\t\t\t\tHist\u00f3rico de los Mecanismos de Participaci\u00f3n Ciudadana en Jalisco<br \/>\n\t\t\t<\/a><br \/>\n\t\t\t<a href=\"https:\/\/drive.google.com\/file\/d\/10osKSNrD2ibimu7c_ppsfzgGnjoDTUod\"><br \/>\n\t\t\t\t\t\t\t\t\t\tCuadrante mecanismos 2025<br \/>\n\t\t\t<\/a><br \/>\n\t\t\t<a href=\"https:\/\/drive.google.com\/file\/d\/1meV0jaUp_A-IHxi79V-QpkHIzT1pYFEL\"><br \/>\n\t\t\t\t\t\t\t\t\t\tPorcentajes necesarios para activar un Mecanismo de Participaci\u00f3n Ciudadana por municipio y a nivel estatal 2025<br \/>\n\t\t\t<\/a><\/p>\n","protected":false},"excerpt":{"rendered":"<p>Activa un mecanismo de participaci\u00f3n Conoce los mecanismos de participaci\u00f3n ciudadana en 10 minutos &nbsp; Gu\u00eda Ciudadana para la Activaci\u00f3n de Mecanismos de Participaci\u00f3n Consulta la Gu\u00eda Ciudadana Mecanismos de [&hellip;]<\/p>\n","protected":false},"author":2,"featured_media":1296,"parent":0,"menu_order":0,"comment_status":"closed","ping_status":"closed","template":"templates\/builder-fullwidth-std.php","meta":{"footnotes":""},"class_list":["post-53","page","type-page","status-publish","has-post-thumbnail","hentry"],"_links":{"self":[{"href":"https:\/\/www2.iepcjalisco.org.mx\/participacion-ciudadana\/wp-json\/wp\/v2\/pages\/53","targetHints":{"allow":["GET"]}}],"collection":[{"href":"https:\/\/www2.iepcjalisco.org.mx\/participacion-ciudadana\/wp-json\/wp\/v2\/pages"}],"about":[{"href":"https:\/\/www2.iepcjalisco.org.mx\/participacion-ciudadana\/wp-json\/wp\/v2\/types\/page"}],"author":[{"embeddable":true,"href":"https:\/\/www2.iepcjalisco.org.mx\/participacion-ciudadana\/wp-json\/wp\/v2\/users\/2"}],"replies":[{"embeddable":true,"href":"https:\/\/www2.iepcjalisco.org.mx\/participacion-ciudadana\/wp-json\/wp\/v2\/comments?post=53"}],"version-history":[{"count":121,"href":"https:\/\/www2.iepcjalisco.org.mx\/participacion-ciudadana\/wp-json\/wp\/v2\/pages\/53\/revisions"}],"predecessor-version":[{"id":2441,"href":"https:\/\/www2.iepcjalisco.org.mx\/participacion-ciudadana\/wp-json\/wp\/v2\/pages\/53\/revisions\/2441"}],"wp:featuredmedia":[{"embeddable":true,"href":"https:\/\/www2.iepcjalisco.org.mx\/participacion-ciudadana\/wp-json\/wp\/v2\/media\/1296"}],"wp:attachment":[{"href":"https:\/\/www2.iepcjalisco.org.mx\/participacion-ciudadana\/wp-json\/wp\/v2\/media?parent=53"}],"curies":[{"name":"wp","href":"https:\/\/api.w.org\/{rel}","templated":true}]}}