{"id":939,"date":"2019-07-31T10:53:25","date_gmt":"2019-07-31T16:53:25","guid":{"rendered":"https:\/\/www2.iepcjalisco.org.mx\/participacion-ciudadana\/?page_id=939"},"modified":"2026-05-07T13:56:53","modified_gmt":"2026-05-07T19:56:53","slug":"historico-de-mecanismos-en-jalisco","status":"publish","type":"page","link":"https:\/\/www2.iepcjalisco.org.mx\/participacion-ciudadana\/historico-de-mecanismos-en-jalisco\/","title":{"rendered":"Hist\u00f3rico de mecanismos en Jalisco"},"content":{"rendered":"<p>Aqu\u00ed se puede descargar el documento en excel del hist\u00f3rico, actualizado 2026-&gt; <a href=\"https:\/\/www2.iepcjalisco.org.mx\/participacion-ciudadana\/wp-content\/uploads\/2026\/05\/Historico-de-Mecanismos-actualizado-27-04-26_BL.xlsx\">Hist\u00f3rico-de-Mecanismos actualizado2026<\/a><\/p>\n<p>En este enlace pueden consultarse los acuerdos del Consejo General que dictaminaron procedencia &#8211;&gt;\u00a0\u00a0<a href=\"http:\/\/www.iepcjalisco.org.mx\/transparencia\/articulo-38\/solicitudes-y-resultados\">Acuerdos Participaci\u00f3n Ciudadana<\/a><\/p>\n<h2>Estad\u00edsticas\u00a0<\/h2>\n<p>\u00a0<\/p>\n<p><a style=\"color: #989898!important; text-decoration: none!important;\" href=\"https:\/\/infogram.com\/c82c95e4-d6da-4fc8-8753-fca49fc6bc1d\" target=\"_blank\" rel=\"noopener noreferrer\">Estad\u00edsticas Mecanismos<\/a><br \/><a style=\"color: #989898!important; text-decoration: none!important;\" href=\"https:\/\/infogram.com\" target=\"_blank\" rel=\"nofollow noopener noreferrer\">Infogram<\/a>\t\t<\/p>\n<figure><a href=\"https:\/\/www2.iepcjalisco.org.mx\/participacion-ciudadana\/iniciativa-ciudadana-plazoleta-de-la-diversidad\/\"><img decoding=\"async\" src=\"https:\/\/www2.iepcjalisco.org.mx\/participacion-ciudadana\/wp-content\/uploads\/2023\/06\/In\u00e9s-Ciudadana.jpg\" alt=\"In\u00e9s Ciudadana\" title=\"In\u00e9s Ciudadana\"><\/a><\/figure>\n<h3><a href=\"https:\/\/www2.iepcjalisco.org.mx\/participacion-ciudadana\/iniciativa-ciudadana-plazoleta-de-la-diversidad\/\">Iniciativa Ciudadana Plazoleta de la Diversidad<\/a><\/h3>\n<p>Aqu\u00ed encontrar\u00e1s la informaci\u00f3n sobre la solicitud de Iniciativa Ciudadana Municipal para nombrar un espacio como Plazoleta de la Diversidad en el Parque Rojo<\/p>\n<figure><a href=\"https:\/\/www2.iepcjalisco.org.mx\/participacion-ciudadana\/iniciativa-ciudadana-reglamento-municipal-zapopan\/\"><img decoding=\"async\" src=\"https:\/\/www2.iepcjalisco.org.mx\/participacion-ciudadana\/wp-content\/uploads\/2019\/07\/WhatsApp-Image-2023-03-31-at-12.24.54.jpeg\" alt=\"WhatsApp Image 2023-03-31 at 12.24.54\" title=\"WhatsApp Image 2023-03-31 at 12.24.54\"><\/a><\/figure>\n<h3><a href=\"https:\/\/www2.iepcjalisco.org.mx\/participacion-ciudadana\/iniciativa-ciudadana-reglamento-municipal-zapopan\/\">Iniciativa Ciudadana Reglamento Zapopan<\/a><\/h3>\n<p>Aqu\u00ed encontrar\u00e1s la informaci\u00f3n sobre la solicitud de Iniciativa Ciudadana Municipal para reformar el reglamento de participaci\u00f3n ciudadana de Zapopan<\/p>\n<figure><a href=\"https:\/\/www2.iepcjalisco.org.mx\/participacion-ciudadana\/iniciativa-ciudadana-estatal-012022-ley-de-proteccion-a-la-maternidad\/\"><img decoding=\"async\" src=\"https:\/\/www2.iepcjalisco.org.mx\/participacion-ciudadana\/wp-content\/uploads\/2022\/09\/Posts_Mesa-de-trabajo-1-copia-4.jpg\" alt=\"Posts_Mesa de trabajo 1 copia 4\" title=\"Posts_Mesa de trabajo 1 copia 4\"><\/a><\/figure>\n<h3><a href=\"https:\/\/www2.iepcjalisco.org.mx\/participacion-ciudadana\/iniciativa-ciudadana-estatal-012022-ley-de-proteccion-a-la-maternidad\/\">Iniciativa Ciudadana Ley de Maternidad<\/a><\/h3>\n<p>Aqu\u00ed encontrar\u00e1s la informaci\u00f3n sobre la solicitud de Iniciativa Ciudadana 01\/2022 sobre una Ley de Protecci\u00f3n a la Maternidad<\/p>\n<figure><a href=\"https:\/\/www2.iepcjalisco.org.mx\/participacion-ciudadana\/solicitud-consulta-pacto-fiscal-gobernador-de-jalisco\/\"><img decoding=\"async\" src=\"https:\/\/www2.iepcjalisco.org.mx\/participacion-ciudadana\/wp-content\/uploads\/2021\/06\/Conchita-Popiular.jpg\" alt=\"Conchita Popiular\" title=\"Conchita Popiular\"><\/a><\/figure>\n<h3><a href=\"https:\/\/www2.iepcjalisco.org.mx\/participacion-ciudadana\/solicitud-consulta-pacto-fiscal-gobernador-de-jalisco\/\">Consulta Popular sobre la revisi\u00f3n del Pacto Fiscal<\/a><\/h3>\n<p>Conoce los detalles, acuerdos y resultados<\/p>\n<figure><img decoding=\"async\" src=\"https:\/\/www2.iepcjalisco.org.mx\/participacion-ciudadana\/wp-content\/uploads\/2020\/07\/WhatsApp-Image-2021-06-10-at-13.03.20.jpeg\" alt=\"WhatsApp Image 2021-06-10 at 13.03.20\" title=\"WhatsApp Image 2021-06-10 at 13.03.20\"><\/figure>\n<h3>Plebscito Zapopan<\/h3>\n<p>Conoce los acuerdos y procedimiento <\/p>\n<figure><a href=\"https:\/\/www2.iepcjalisco.org.mx\/participacion-ciudadana\/iniciativa-ciudadana-estatal-012020\/\"><img decoding=\"async\" src=\"https:\/\/www2.iepcjalisco.org.mx\/participacion-ciudadana\/wp-content\/uploads\/2020\/11\/WhatsApp-Image-2021-05-27-at-14.41.03-1.jpeg\" alt=\"WhatsApp Image 2021-05-27 at 14.41.03\" title=\"WhatsApp Image 2021-05-27 at 14.41.03\"><\/a><\/figure>\n<h3><a href=\"https:\/\/www2.iepcjalisco.org.mx\/participacion-ciudadana\/iniciativa-ciudadana-estatal-012020\/\">Iniciativa Ciudadana sin Cuotas ni Cuates<\/a><\/h3>\n<p>Conoce los acuerdos y procedimiento<\/p>\n<figure><a href=\"https:\/\/www2.iepcjalisco.org.mx\/participacion-ciudadana\/plebiscito-en-tlaquepaque\/\"><img decoding=\"async\" src=\"https:\/\/www2.iepcjalisco.org.mx\/participacion-ciudadana\/wp-content\/uploads\/2020\/07\/WhatsApp-Image-2021-06-10-at-13.08.50.jpeg\" alt=\"WhatsApp Image 2021-06-10 at 13.08.50\" title=\"WhatsApp Image 2021-06-10 at 13.08.50\"><\/a><\/figure>\n<h3><a href=\"https:\/\/www2.iepcjalisco.org.mx\/participacion-ciudadana\/plebiscito-en-tlaquepaque\/\">Plebiscito Tlaquepaque <\/a><\/h3>\n<p>Conoce los acuerdos y procedimientos<\/p>\n<figure><a href=\"https:\/\/www2.iepcjalisco.org.mx\/participacion-ciudadana\/consulta-popular-ciclovia\/\"><img decoding=\"async\" src=\"https:\/\/www2.iepcjalisco.org.mx\/participacion-ciudadana\/wp-content\/uploads\/2019\/07\/Ciclov\u00eda-MGB.jpg\" alt=\"Ciclov\u00eda MGB\" title=\"Ciclov\u00eda MGB\"><\/a><\/figure>\n<h3><a href=\"https:\/\/www2.iepcjalisco.org.mx\/participacion-ciudadana\/consulta-popular-ciclovia\/\">Consulta Ciclov\u00eda Marcelino Garc\u00eda Barrag\u00e1n<\/a><\/h3>\n<p>Conoce la metodolog\u00eda y resultados <\/p>\n<figure><a href=\"https:\/\/www2.iepcjalisco.org.mx\/participacion-ciudadana\/ciclovia-universitaria\/\"><img decoding=\"async\" src=\"https:\/\/www2.iepcjalisco.org.mx\/participacion-ciudadana\/wp-content\/uploads\/2017\/09\/banner_ciclovia_univ_300x300.png\" alt=\"banner_ciclovia_univ_300x300\" title=\"banner_ciclovia_univ_300x300\"><\/a><\/figure>\n<h3><a href=\"https:\/\/www2.iepcjalisco.org.mx\/participacion-ciudadana\/ciclovia-universitaria\/\">Conculta Ciclov\u00eda Universitaria <\/a><\/h3>\n<p>Conoce la metodolog\u00eda y resultados <\/p>\n","protected":false},"excerpt":{"rendered":"<p>Aqu\u00ed se puede descargar el documento en excel del hist\u00f3rico, actualizado 2026-&gt; Hist\u00f3rico-de-Mecanismos actualizado2026 En este enlace pueden consultarse los acuerdos del Consejo General que dictaminaron procedencia &#8211;&gt;\u00a0\u00a0Acuerdos Participaci\u00f3n Ciudadana [&hellip;]<\/p>\n","protected":false},"author":4,"featured_media":0,"parent":0,"menu_order":0,"comment_status":"closed","ping_status":"closed","template":"","meta":{"footnotes":""},"class_list":["post-939","page","type-page","status-publish","hentry"],"_links":{"self":[{"href":"https:\/\/www2.iepcjalisco.org.mx\/participacion-ciudadana\/wp-json\/wp\/v2\/pages\/939","targetHints":{"allow":["GET"]}}],"collection":[{"href":"https:\/\/www2.iepcjalisco.org.mx\/participacion-ciudadana\/wp-json\/wp\/v2\/pages"}],"about":[{"href":"https:\/\/www2.iepcjalisco.org.mx\/participacion-ciudadana\/wp-json\/wp\/v2\/types\/page"}],"author":[{"embeddable":true,"href":"https:\/\/www2.iepcjalisco.org.mx\/participacion-ciudadana\/wp-json\/wp\/v2\/users\/4"}],"replies":[{"embeddable":true,"href":"https:\/\/www2.iepcjalisco.org.mx\/participacion-ciudadana\/wp-json\/wp\/v2\/comments?post=939"}],"version-history":[{"count":39,"href":"https:\/\/www2.iepcjalisco.org.mx\/participacion-ciudadana\/wp-json\/wp\/v2\/pages\/939\/revisions"}],"predecessor-version":[{"id":2444,"href":"https:\/\/www2.iepcjalisco.org.mx\/participacion-ciudadana\/wp-json\/wp\/v2\/pages\/939\/revisions\/2444"}],"wp:attachment":[{"href":"https:\/\/www2.iepcjalisco.org.mx\/participacion-ciudadana\/wp-json\/wp\/v2\/media?parent=939"}],"curies":[{"name":"wp","href":"https:\/\/api.w.org\/{rel}","templated":true}]}}