{"id":195,"date":"2026-03-06T20:54:08","date_gmt":"2026-03-06T20:54:08","guid":{"rendered":"https:\/\/www2.iepcjalisco.org.mx\/pid\/?page_id=195"},"modified":"2026-03-09T20:34:23","modified_gmt":"2026-03-09T20:34:23","slug":"contacto","status":"publish","type":"page","link":"https:\/\/www2.iepcjalisco.org.mx\/pid\/?page_id=195","title":{"rendered":"Contacto"},"content":{"rendered":"\t\t<div data-elementor-type=\"wp-post\" data-elementor-id=\"195\" class=\"elementor elementor-195\">\n\t\t\t\t<div class=\"elementor-element elementor-element-fd4e033 e-con-full e-flex e-con e-parent\" data-id=\"fd4e033\" data-element_type=\"container\" data-e-type=\"container\" data-settings=\"{&quot;background_background&quot;:&quot;classic&quot;}\">\n\t\t\t\t<div class=\"elementor-element elementor-element-8bccb35 elementor-widget elementor-widget-spacer\" data-id=\"8bccb35\" data-element_type=\"widget\" data-e-type=\"widget\" data-widget_type=\"spacer.default\">\n\t\t\t\t<div class=\"elementor-widget-container\">\n\t\t\t\t\t\t\t<div class=\"elementor-spacer\">\n\t\t\t<div class=\"elementor-spacer-inner\"><\/div>\n\t\t<\/div>\n\t\t\t\t\t\t<\/div>\n\t\t\t\t<\/div>\n\t\t\t\t<div class=\"elementor-element elementor-element-a4bdf0b elementor-widget elementor-widget-heading\" data-id=\"a4bdf0b\" data-element_type=\"widget\" data-e-type=\"widget\" data-widget_type=\"heading.default\">\n\t\t\t\t<div class=\"elementor-widget-container\">\n\t\t\t\t\t<h1 class=\"elementor-heading-title elementor-size-default\">Contacto<\/h1>\t\t\t\t<\/div>\n\t\t\t\t<\/div>\n\t\t\t\t<div class=\"elementor-element elementor-element-44624e6 elementor-widget elementor-widget-spacer\" data-id=\"44624e6\" data-element_type=\"widget\" data-e-type=\"widget\" data-widget_type=\"spacer.default\">\n\t\t\t\t<div class=\"elementor-widget-container\">\n\t\t\t\t\t\t\t<div class=\"elementor-spacer\">\n\t\t\t<div class=\"elementor-spacer-inner\"><\/div>\n\t\t<\/div>\n\t\t\t\t\t\t<\/div>\n\t\t\t\t<\/div>\n\t\t<div class=\"elementor-element elementor-element-6f6613b e-con-full e-flex e-con e-child\" data-id=\"6f6613b\" data-element_type=\"container\" data-e-type=\"container\">\n\t\t<div class=\"elementor-element elementor-element-2190053 e-con-full e-flex e-con e-child\" data-id=\"2190053\" data-element_type=\"container\" data-e-type=\"container\">\n\t\t\t\t<\/div>\n\t\t<div class=\"elementor-element elementor-element-965cf22 e-con-full e-flex e-con e-child\" data-id=\"965cf22\" data-element_type=\"container\" data-e-type=\"container\">\n\t\t<div class=\"elementor-element elementor-element-a1f7195 e-con-full e-flex e-con e-child\" data-id=\"a1f7195\" data-element_type=\"container\" data-e-type=\"container\">\n\t\t\t\t<div class=\"elementor-element elementor-element-8e951bc elementor-widget elementor-widget-image\" data-id=\"8e951bc\" data-element_type=\"widget\" data-e-type=\"widget\" data-widget_type=\"image.default\">\n\t\t\t\t<div class=\"elementor-widget-container\">\n\t\t\t\t\t\t\t\t\t\t\t\t\t\t\t<img decoding=\"async\" src=\"https:\/\/www2.iepcjalisco.org.mx\/pid\/wp-content\/uploads\/elementor\/thumbs\/Contacto-rk4kc3l70f25me5jl6aleggb1rg7nv1kec5hrbg45c.png\" title=\"Contacto\" alt=\"Contacto\" loading=\"lazy\" \/>\t\t\t\t\t\t\t\t\t\t\t\t\t\t\t<\/div>\n\t\t\t\t<\/div>\n\t\t\t\t<div class=\"elementor-element elementor-element-aaa4b27 elementor-widget__width-initial elementor-widget elementor-widget-text-editor\" data-id=\"aaa4b27\" data-element_type=\"widget\" data-e-type=\"widget\" data-widget_type=\"text-editor.default\">\n\t\t\t\t<div class=\"elementor-widget-container\">\n\t\t\t\t\t\t\t\t\t<p style=\"text-align: center;\"><strong>H\u00e9ctor Alexis Ibarra L\u00f3pez<\/strong><\/p><p style=\"text-align: center;\"><strong>Jefe de Planeaci\u00f3n y Seguimiento<\/strong><\/p><p style=\"text-align: center;\">hector.ibarra@iepcjalisco.mx<\/p>\t\t\t\t\t\t\t\t<\/div>\n\t\t\t\t<\/div>\n\t\t\t\t<div class=\"elementor-element elementor-element-93c81af elementor-widget elementor-widget-image\" data-id=\"93c81af\" data-element_type=\"widget\" data-e-type=\"widget\" data-widget_type=\"image.default\">\n\t\t\t\t<div class=\"elementor-widget-container\">\n\t\t\t\t\t\t\t\t\t\t\t\t\t\t\t<img fetchpriority=\"high\" decoding=\"async\" width=\"1024\" height=\"163\" src=\"https:\/\/www2.iepcjalisco.org.mx\/pid\/wp-content\/uploads\/2026\/03\/Sombra_1-1024x163.png\" class=\"attachment-large size-large wp-image-120\" alt=\"\" srcset=\"https:\/\/www2.iepcjalisco.org.mx\/pid\/wp-content\/uploads\/2026\/03\/Sombra_1-1024x163.png 1024w, https:\/\/www2.iepcjalisco.org.mx\/pid\/wp-content\/uploads\/2026\/03\/Sombra_1-300x48.png 300w, https:\/\/www2.iepcjalisco.org.mx\/pid\/wp-content\/uploads\/2026\/03\/Sombra_1-768x123.png 768w, https:\/\/www2.iepcjalisco.org.mx\/pid\/wp-content\/uploads\/2026\/03\/Sombra_1-1536x245.png 1536w, https:\/\/www2.iepcjalisco.org.mx\/pid\/wp-content\/uploads\/2026\/03\/Sombra_1.png 1942w\" sizes=\"(max-width: 1024px) 100vw, 1024px\" \/>\t\t\t\t\t\t\t\t\t\t\t\t\t\t\t<\/div>\n\t\t\t\t<\/div>\n\t\t\t\t<\/div>\n\t\t\t\t<\/div>\n\t\t<div class=\"elementor-element elementor-element-afb9a17 e-con-full e-flex e-con e-child\" data-id=\"afb9a17\" data-element_type=\"container\" data-e-type=\"container\">\n\t\t\t\t<\/div>\n\t\t\t\t<\/div>\n\t\t<div class=\"elementor-element elementor-element-b7f9786 e-con-full e-flex e-con e-child\" data-id=\"b7f9786\" data-element_type=\"container\" data-e-type=\"container\">\n\t\t<div class=\"elementor-element elementor-element-41c5edf e-con-full e-flex e-con e-child\" data-id=\"41c5edf\" data-element_type=\"container\" data-e-type=\"container\">\n\t\t<div class=\"elementor-element elementor-element-16c857f e-con-full e-flex e-con e-child\" data-id=\"16c857f\" data-element_type=\"container\" data-e-type=\"container\">\n\t\t\t\t<div class=\"elementor-element elementor-element-2107cf9 elementor-widget elementor-widget-image\" data-id=\"2107cf9\" data-element_type=\"widget\" data-e-type=\"widget\" data-widget_type=\"image.default\">\n\t\t\t\t<div class=\"elementor-widget-container\">\n\t\t\t\t\t\t\t\t\t\t\t\t\t\t\t<img decoding=\"async\" src=\"https:\/\/www2.iepcjalisco.org.mx\/pid\/wp-content\/uploads\/elementor\/thumbs\/Contacto-rk4kc3l70f25me5jl6aleggb1rg7nv1kec5hrbg45c.png\" title=\"Contacto\" alt=\"Contacto\" loading=\"lazy\" \/>\t\t\t\t\t\t\t\t\t\t\t\t\t\t\t<\/div>\n\t\t\t\t<\/div>\n\t\t\t\t<div class=\"elementor-element elementor-element-b3a6dfb elementor-widget__width-initial elementor-widget elementor-widget-text-editor\" data-id=\"b3a6dfb\" data-element_type=\"widget\" data-e-type=\"widget\" data-widget_type=\"text-editor.default\">\n\t\t\t\t<div class=\"elementor-widget-container\">\n\t\t\t\t\t\t\t\t\t<p><strong>Adriana Karitina Gonz\u00e1lez Le\u00f3n<\/strong><\/p><p><strong>T\u00e9cnica de Planeaci\u00f3n y Evaluaci\u00f3n<\/strong><\/p><p>adriana.gonzalez@iepcjalisco.mx<\/p>\t\t\t\t\t\t\t\t<\/div>\n\t\t\t\t<\/div>\n\t\t\t\t<div class=\"elementor-element elementor-element-55ff2f8 elementor-widget elementor-widget-image\" data-id=\"55ff2f8\" data-element_type=\"widget\" data-e-type=\"widget\" data-widget_type=\"image.default\">\n\t\t\t\t<div class=\"elementor-widget-container\">\n\t\t\t\t\t\t\t\t\t\t\t\t\t\t\t<img fetchpriority=\"high\" decoding=\"async\" width=\"1024\" height=\"163\" src=\"https:\/\/www2.iepcjalisco.org.mx\/pid\/wp-content\/uploads\/2026\/03\/Sombra_1-1024x163.png\" class=\"attachment-large size-large wp-image-120\" alt=\"\" srcset=\"https:\/\/www2.iepcjalisco.org.mx\/pid\/wp-content\/uploads\/2026\/03\/Sombra_1-1024x163.png 1024w, https:\/\/www2.iepcjalisco.org.mx\/pid\/wp-content\/uploads\/2026\/03\/Sombra_1-300x48.png 300w, https:\/\/www2.iepcjalisco.org.mx\/pid\/wp-content\/uploads\/2026\/03\/Sombra_1-768x123.png 768w, https:\/\/www2.iepcjalisco.org.mx\/pid\/wp-content\/uploads\/2026\/03\/Sombra_1-1536x245.png 1536w, https:\/\/www2.iepcjalisco.org.mx\/pid\/wp-content\/uploads\/2026\/03\/Sombra_1.png 1942w\" sizes=\"(max-width: 1024px) 100vw, 1024px\" \/>\t\t\t\t\t\t\t\t\t\t\t\t\t\t\t<\/div>\n\t\t\t\t<\/div>\n\t\t\t\t<\/div>\n\t\t\t\t<\/div>\n\t\t<div class=\"elementor-element elementor-element-eef0e24 e-con-full e-flex e-con e-child\" data-id=\"eef0e24\" data-element_type=\"container\" data-e-type=\"container\">\n\t\t\t\t<\/div>\n\t\t<div class=\"elementor-element elementor-element-4d8e073 e-con-full e-flex e-con e-child\" data-id=\"4d8e073\" data-element_type=\"container\" data-e-type=\"container\">\n\t\t<div class=\"elementor-element elementor-element-d00173f e-con-full e-flex e-con e-child\" data-id=\"d00173f\" data-element_type=\"container\" data-e-type=\"container\">\n\t\t\t\t<div class=\"elementor-element elementor-element-86bff30 elementor-widget elementor-widget-image\" data-id=\"86bff30\" data-element_type=\"widget\" data-e-type=\"widget\" data-widget_type=\"image.default\">\n\t\t\t\t<div class=\"elementor-widget-container\">\n\t\t\t\t\t\t\t\t\t\t\t\t\t\t\t<img decoding=\"async\" src=\"https:\/\/www2.iepcjalisco.org.mx\/pid\/wp-content\/uploads\/elementor\/thumbs\/Contacto-rk4kc3l70f25me5jl6aleggb1rg7nv1kec5hrbg45c.png\" title=\"Contacto\" alt=\"Contacto\" loading=\"lazy\" \/>\t\t\t\t\t\t\t\t\t\t\t\t\t\t\t<\/div>\n\t\t\t\t<\/div>\n\t\t\t\t<div class=\"elementor-element elementor-element-4803bae elementor-widget__width-initial elementor-widget elementor-widget-text-editor\" data-id=\"4803bae\" data-element_type=\"widget\" data-e-type=\"widget\" data-widget_type=\"text-editor.default\">\n\t\t\t\t<div class=\"elementor-widget-container\">\n\t\t\t\t\t\t\t\t\t<p><strong>Blanca Vanessa Seraf\u00edn Morf\u00edn<\/strong><\/p><p><strong>Coordinadora de Seguimiento<\/strong><\/p><p>vanessa.serafin@iepcjalisco.mx<\/p>\t\t\t\t\t\t\t\t<\/div>\n\t\t\t\t<\/div>\n\t\t\t\t<div class=\"elementor-element elementor-element-9b02916 elementor-widget elementor-widget-image\" data-id=\"9b02916\" data-element_type=\"widget\" data-e-type=\"widget\" data-widget_type=\"image.default\">\n\t\t\t\t<div class=\"elementor-widget-container\">\n\t\t\t\t\t\t\t\t\t\t\t\t\t\t\t<img fetchpriority=\"high\" decoding=\"async\" width=\"1024\" height=\"163\" src=\"https:\/\/www2.iepcjalisco.org.mx\/pid\/wp-content\/uploads\/2026\/03\/Sombra_1-1024x163.png\" class=\"attachment-large size-large wp-image-120\" alt=\"\" srcset=\"https:\/\/www2.iepcjalisco.org.mx\/pid\/wp-content\/uploads\/2026\/03\/Sombra_1-1024x163.png 1024w, https:\/\/www2.iepcjalisco.org.mx\/pid\/wp-content\/uploads\/2026\/03\/Sombra_1-300x48.png 300w, https:\/\/www2.iepcjalisco.org.mx\/pid\/wp-content\/uploads\/2026\/03\/Sombra_1-768x123.png 768w, https:\/\/www2.iepcjalisco.org.mx\/pid\/wp-content\/uploads\/2026\/03\/Sombra_1-1536x245.png 1536w, https:\/\/www2.iepcjalisco.org.mx\/pid\/wp-content\/uploads\/2026\/03\/Sombra_1.png 1942w\" sizes=\"(max-width: 1024px) 100vw, 1024px\" \/>\t\t\t\t\t\t\t\t\t\t\t\t\t\t\t<\/div>\n\t\t\t\t<\/div>\n\t\t\t\t<\/div>\n\t\t\t\t<\/div>\n\t\t\t\t<\/div>\n\t\t<div class=\"elementor-element elementor-element-5a4f0d4 e-con-full e-flex e-con e-child\" data-id=\"5a4f0d4\" data-element_type=\"container\" data-e-type=\"container\">\n\t\t<div class=\"elementor-element elementor-element-cc3c104 e-con-full e-flex e-con e-child\" data-id=\"cc3c104\" data-element_type=\"container\" data-e-type=\"container\">\n\t\t\t\t<\/div>\n\t\t<div class=\"elementor-element elementor-element-f13e130 e-con-full e-flex e-con e-child\" data-id=\"f13e130\" data-element_type=\"container\" data-e-type=\"container\">\n\t\t<div class=\"elementor-element elementor-element-dfaf7c2 e-con-full e-flex e-con e-child\" data-id=\"dfaf7c2\" data-element_type=\"container\" data-e-type=\"container\">\n\t\t\t\t<div class=\"elementor-element elementor-element-b9bbdfa elementor-widget elementor-widget-image\" data-id=\"b9bbdfa\" data-element_type=\"widget\" data-e-type=\"widget\" data-widget_type=\"image.default\">\n\t\t\t\t<div class=\"elementor-widget-container\">\n\t\t\t\t\t\t\t\t\t\t\t\t\t\t\t<img decoding=\"async\" src=\"https:\/\/www2.iepcjalisco.org.mx\/pid\/wp-content\/uploads\/elementor\/thumbs\/Contacto-rk4kc3l70f25me5jl6aleggb1rg7nv1kec5hrbg45c.png\" title=\"Contacto\" alt=\"Contacto\" loading=\"lazy\" \/>\t\t\t\t\t\t\t\t\t\t\t\t\t\t\t<\/div>\n\t\t\t\t<\/div>\n\t\t\t\t<div class=\"elementor-element elementor-element-ff7f34b elementor-widget__width-initial elementor-widget elementor-widget-text-editor\" data-id=\"ff7f34b\" data-element_type=\"widget\" data-e-type=\"widget\" data-widget_type=\"text-editor.default\">\n\t\t\t\t<div class=\"elementor-widget-container\">\n\t\t\t\t\t\t\t\t\t<p><strong>Jorge Alejandro D\u00edaz Romo<\/strong><\/p><p><strong>T\u00e9cnico de Secretar\u00eda Ejecutiva<\/strong><\/p><p>jorge.diaz@iepcjalisco.mx<\/p>\t\t\t\t\t\t\t\t<\/div>\n\t\t\t\t<\/div>\n\t\t\t\t<div class=\"elementor-element elementor-element-8742018 elementor-widget elementor-widget-image\" data-id=\"8742018\" data-element_type=\"widget\" data-e-type=\"widget\" data-widget_type=\"image.default\">\n\t\t\t\t<div class=\"elementor-widget-container\">\n\t\t\t\t\t\t\t\t\t\t\t\t\t\t\t<img fetchpriority=\"high\" decoding=\"async\" width=\"1024\" height=\"163\" src=\"https:\/\/www2.iepcjalisco.org.mx\/pid\/wp-content\/uploads\/2026\/03\/Sombra_1-1024x163.png\" class=\"attachment-large size-large wp-image-120\" alt=\"\" srcset=\"https:\/\/www2.iepcjalisco.org.mx\/pid\/wp-content\/uploads\/2026\/03\/Sombra_1-1024x163.png 1024w, https:\/\/www2.iepcjalisco.org.mx\/pid\/wp-content\/uploads\/2026\/03\/Sombra_1-300x48.png 300w, https:\/\/www2.iepcjalisco.org.mx\/pid\/wp-content\/uploads\/2026\/03\/Sombra_1-768x123.png 768w, https:\/\/www2.iepcjalisco.org.mx\/pid\/wp-content\/uploads\/2026\/03\/Sombra_1-1536x245.png 1536w, https:\/\/www2.iepcjalisco.org.mx\/pid\/wp-content\/uploads\/2026\/03\/Sombra_1.png 1942w\" sizes=\"(max-width: 1024px) 100vw, 1024px\" \/>\t\t\t\t\t\t\t\t\t\t\t\t\t\t\t<\/div>\n\t\t\t\t<\/div>\n\t\t\t\t<\/div>\n\t\t\t\t<\/div>\n\t\t<div class=\"elementor-element elementor-element-98acad1 e-con-full e-flex e-con e-child\" data-id=\"98acad1\" data-element_type=\"container\" data-e-type=\"container\">\n\t\t\t\t<\/div>\n\t\t\t\t<\/div>\n\t\t\t\t<div class=\"elementor-element elementor-element-7caad26 elementor-widget elementor-widget-spacer\" data-id=\"7caad26\" data-element_type=\"widget\" data-e-type=\"widget\" data-widget_type=\"spacer.default\">\n\t\t\t\t<div class=\"elementor-widget-container\">\n\t\t\t\t\t\t\t<div class=\"elementor-spacer\">\n\t\t\t<div class=\"elementor-spacer-inner\"><\/div>\n\t\t<\/div>\n\t\t\t\t\t\t<\/div>\n\t\t\t\t<\/div>\n\t\t\t\t<\/div>\n\t\t\t\t<\/div>\n\t\t","protected":false},"excerpt":{"rendered":"<p>Contacto H\u00e9ctor Alexis Ibarra L\u00f3pez Jefe de Planeaci\u00f3n y Seguimiento hector.ibarra@iepcjalisco.mx Adriana Karitina Gonz\u00e1lez Le\u00f3n T\u00e9cnica de Planeaci\u00f3n y Evaluaci\u00f3n adriana.gonzalez@iepcjalisco.mx Blanca Vanessa Seraf\u00edn Morf\u00edn Coordinadora de Seguimiento vanessa.serafin@iepcjalisco.mx Jorge Alejandro D\u00edaz Romo T\u00e9cnico de Secretar\u00eda Ejecutiva jorge.diaz@iepcjalisco.mx<\/p>\n","protected":false},"author":1,"featured_media":0,"parent":0,"menu_order":0,"comment_status":"closed","ping_status":"closed","template":"","meta":{"footnotes":""},"class_list":["post-195","page","type-page","status-publish","hentry"],"_links":{"self":[{"href":"https:\/\/www2.iepcjalisco.org.mx\/pid\/index.php?rest_route=\/wp\/v2\/pages\/195","targetHints":{"allow":["GET"]}}],"collection":[{"href":"https:\/\/www2.iepcjalisco.org.mx\/pid\/index.php?rest_route=\/wp\/v2\/pages"}],"about":[{"href":"https:\/\/www2.iepcjalisco.org.mx\/pid\/index.php?rest_route=\/wp\/v2\/types\/page"}],"author":[{"embeddable":true,"href":"https:\/\/www2.iepcjalisco.org.mx\/pid\/index.php?rest_route=\/wp\/v2\/users\/1"}],"replies":[{"embeddable":true,"href":"https:\/\/www2.iepcjalisco.org.mx\/pid\/index.php?rest_route=%2Fwp%2Fv2%2Fcomments&post=195"}],"version-history":[{"count":115,"href":"https:\/\/www2.iepcjalisco.org.mx\/pid\/index.php?rest_route=\/wp\/v2\/pages\/195\/revisions"}],"predecessor-version":[{"id":361,"href":"https:\/\/www2.iepcjalisco.org.mx\/pid\/index.php?rest_route=\/wp\/v2\/pages\/195\/revisions\/361"}],"wp:attachment":[{"href":"https:\/\/www2.iepcjalisco.org.mx\/pid\/index.php?rest_route=%2Fwp%2Fv2%2Fmedia&parent=195"}],"curies":[{"name":"wp","href":"https:\/\/api.w.org\/{rel}","templated":true}]}}