{"id":614,"date":"2021-04-16T18:55:22","date_gmt":"2021-04-16T18:55:22","guid":{"rendered":"https:\/\/www2.iepcjalisco.org.mx\/proceso-electoral-2021\/?page_id=614"},"modified":"2021-04-16T18:55:33","modified_gmt":"2021-04-16T18:55:33","slug":"decalogo-de-voto-responsable","status":"publish","type":"page","link":"https:\/\/www2.iepcjalisco.org.mx\/proceso-electoral-2021\/?page_id=614","title":{"rendered":"Dec\u00e1logo de Voto Responsable"},"content":{"rendered":"\t\t<div data-elementor-type=\"wp-page\" data-elementor-id=\"614\" class=\"elementor elementor-614\" data-elementor-settings=\"[]\">\n\t\t\t\t\t\t\t<div class=\"elementor-section-wrap\">\n\t\t\t\t\t\t\t<section class=\"elementor-section elementor-top-section elementor-element elementor-element-5a66913 elementor-section-boxed elementor-section-height-default elementor-section-height-default\" data-id=\"5a66913\" data-element_type=\"section\">\n\t\t\t\t\t\t<div class=\"elementor-container elementor-column-gap-default\">\n\t\t\t\t\t<div class=\"elementor-column elementor-col-100 elementor-top-column elementor-element elementor-element-e0f0102\" data-id=\"e0f0102\" data-element_type=\"column\">\n\t\t\t<div class=\"elementor-widget-wrap elementor-element-populated\">\n\t\t\t\t\t\t\t\t<div class=\"elementor-element elementor-element-2dfbf4a elementor-widget elementor-widget-eael-sticky-video\" data-id=\"2dfbf4a\" data-element_type=\"widget\" data-widget_type=\"eael-sticky-video.default\">\n\t\t\t\t<div class=\"elementor-widget-container\">\n\t\t\t<div class=\"eael-sticky-video-wrapper\"><div class=\"eaelsv-overlay\" style=\"background-image:url(&#039;https:\/\/www2.iepcjalisco.org.mx\/proceso-electoral-2021\/wp-content\/plugins\/elementor\/assets\/images\/placeholder.png&#039;);\">\n\t\t\t\t\t<div class=\"eaelsv-overlay-icon\"><\/div>\n\t\t\t\t<\/div><div class=\"eael-sticky-video-player2\" data-sticky=\"yes\" data-position=\"top-left\" data-sheight=\"169\" data-swidth=\"300\" data-scroll_height=\"70\" data-autoplay=\"yes\" data-overlay=\"yes\">\n\t\t\t\t<video class=\"eaelsv-player\" id=\"eaelsv-player-2dfbf4a\" playsinline controls data-plyr-config=\"{&quot;autoplay&quot;:1, &quot;muted&quot;:0, &quot;loop&quot;: {&quot;active&quot;: true}}\">\n\t\t\t<source src=\"https:\/\/www2.iepcjalisco.org.mx\/proceso-electoral-2021\/wp-content\/uploads\/2021\/04\/Decalogo-del-voto-responsable-INE-video.mp4#t=,\" type=\"video\/mp4\" \/>\n\t\t<\/video>\n\t\t\t\t<span class=\"eaelsv-sticky-player-close\"><i class=\"fas fa-times-circle\"><\/i><\/span>\n\t\t\t<\/div>\n\t\t<\/div>\t\t<\/div>\n\t\t\t\t<\/div>\n\t\t\t\t\t<\/div>\n\t\t<\/div>\n\t\t\t\t\t\t\t<\/div>\n\t\t<\/section>\n\t\t\t\t<section class=\"elementor-section elementor-top-section elementor-element elementor-element-ffaf608 elementor-section-boxed elementor-section-height-default elementor-section-height-default\" data-id=\"ffaf608\" data-element_type=\"section\">\n\t\t\t\t\t\t<div class=\"elementor-container elementor-column-gap-default\">\n\t\t\t\t\t<div class=\"elementor-column elementor-col-100 elementor-top-column elementor-element elementor-element-7d644e1\" data-id=\"7d644e1\" data-element_type=\"column\">\n\t\t\t<div class=\"elementor-widget-wrap elementor-element-populated\">\n\t\t\t\t\t\t\t\t<div class=\"elementor-element elementor-element-5cadfcf elementor-widget elementor-widget-spacer\" data-id=\"5cadfcf\" data-element_type=\"widget\" data-widget_type=\"spacer.default\">\n\t\t\t\t<div class=\"elementor-widget-container\">\n\t\t\t\t\t<div class=\"elementor-spacer\">\n\t\t\t<div class=\"elementor-spacer-inner\"><\/div>\n\t\t<\/div>\n\t\t\t\t<\/div>\n\t\t\t\t<\/div>\n\t\t\t\t\t<\/div>\n\t\t<\/div>\n\t\t\t\t\t\t\t<\/div>\n\t\t<\/section>\n\t\t\t\t<section class=\"elementor-section elementor-top-section elementor-element elementor-element-f782720 elementor-section-boxed elementor-section-height-default elementor-section-height-default\" data-id=\"f782720\" data-element_type=\"section\">\n\t\t\t\t\t\t<div class=\"elementor-container elementor-column-gap-default\">\n\t\t\t\t\t<div class=\"elementor-column elementor-col-100 elementor-top-column elementor-element elementor-element-05257aa\" data-id=\"05257aa\" data-element_type=\"column\">\n\t\t\t<div class=\"elementor-widget-wrap elementor-element-populated\">\n\t\t\t\t\t\t\t\t<div class=\"elementor-element elementor-element-bbc0572 elementor-widget-divider--view-line elementor-widget elementor-widget-divider\" data-id=\"bbc0572\" data-element_type=\"widget\" data-widget_type=\"divider.default\">\n\t\t\t\t<div class=\"elementor-widget-container\">\n\t\t\t\t\t<div class=\"elementor-divider\">\n\t\t\t<span class=\"elementor-divider-separator\">\n\t\t\t\t\t\t<\/span>\n\t\t<\/div>\n\t\t\t\t<\/div>\n\t\t\t\t<\/div>\n\t\t\t\t<section class=\"elementor-section elementor-inner-section elementor-element elementor-element-109aa15 elementor-section-boxed elementor-section-height-default elementor-section-height-default\" data-id=\"109aa15\" data-element_type=\"section\">\n\t\t\t\t\t\t<div class=\"elementor-container elementor-column-gap-default\">\n\t\t\t\t\t<div class=\"elementor-column elementor-col-100 elementor-inner-column elementor-element elementor-element-b320b46\" data-id=\"b320b46\" data-element_type=\"column\">\n\t\t\t<div class=\"elementor-widget-wrap elementor-element-populated\">\n\t\t\t\t\t\t\t\t<div class=\"elementor-element elementor-element-5b534dc elementor-icon-list--layout-inline elementor-align-left elementor-list-item-link-full_width elementor-widget elementor-widget-icon-list\" data-id=\"5b534dc\" data-element_type=\"widget\" data-widget_type=\"icon-list.default\">\n\t\t\t\t<div class=\"elementor-widget-container\">\n\t\t\t\t\t<ul class=\"elementor-icon-list-items elementor-inline-items\">\n\t\t\t\t\t\t\t<li class=\"elementor-icon-list-item elementor-inline-item\">\n\t\t\t\t\t<a href=\"https:\/\/www2.iepcjalisco.org.mx\/proceso-electoral-2021\/wp-content\/uploads\/2021\/04\/Decalogo-Tu\u00b4un-Savi.png\">\t\t\t\t\t\t<span class=\"elementor-icon-list-icon\">\n\t\t\t\t\t\t\t<i aria-hidden=\"true\" class=\"far fa-circle\"><\/i>\t\t\t\t\t\t<\/span>\n\t\t\t\t\t\t\t\t\t\t<span class=\"elementor-icon-list-text\">Dec\u00e1logo Tu\u00b4un Savi<\/span>\n\t\t\t\t\t\t\t\t\t\t\t<\/a>\n\t\t\t\t\t\t\t\t\t<\/li>\n\t\t\t\t\t\t\t\t<li class=\"elementor-icon-list-item elementor-inline-item\">\n\t\t\t\t\t<a href=\"https:\/\/www2.iepcjalisco.org.mx\/proceso-electoral-2021\/wp-content\/uploads\/2021\/04\/Decalogo-Nomndaa.png\">\t\t\t\t\t\t<span class=\"elementor-icon-list-icon\">\n\t\t\t\t\t\t\t<i aria-hidden=\"true\" class=\"far fa-circle\"><\/i>\t\t\t\t\t\t<\/span>\n\t\t\t\t\t\t\t\t\t\t<span class=\"elementor-icon-list-text\">Dec\u00e1logo \u00d1omndaa<\/span>\n\t\t\t\t\t\t\t\t\t\t\t<\/a>\n\t\t\t\t\t\t\t\t\t<\/li>\n\t\t\t\t\t\t\t\t<li class=\"elementor-icon-list-item elementor-inline-item\">\n\t\t\t\t\t<a href=\"https:\/\/www2.iepcjalisco.org.mx\/proceso-electoral-2021\/wp-content\/uploads\/2021\/04\/Decalogo-Nahuatl.png\">\t\t\t\t\t\t<span class=\"elementor-icon-list-icon\">\n\t\t\t\t\t\t\t<i aria-hidden=\"true\" class=\"far fa-circle\"><\/i>\t\t\t\t\t\t<\/span>\n\t\t\t\t\t\t\t\t\t\t<span class=\"elementor-icon-list-text\">Dec\u00e1logo N\u00e1huatl<\/span>\n\t\t\t\t\t\t\t\t\t\t\t<\/a>\n\t\t\t\t\t\t\t\t\t<\/li>\n\t\t\t\t\t\t\t\t<li class=\"elementor-icon-list-item elementor-inline-item\">\n\t\t\t\t\t<a href=\"https:\/\/www2.iepcjalisco.org.mx\/proceso-electoral-2021\/wp-content\/uploads\/2021\/04\/Decalogo-Me\u00b4phaa.png\">\t\t\t\t\t\t<span class=\"elementor-icon-list-icon\">\n\t\t\t\t\t\t\t<i aria-hidden=\"true\" class=\"far fa-circle\"><\/i>\t\t\t\t\t\t<\/span>\n\t\t\t\t\t\t\t\t\t\t<span class=\"elementor-icon-list-text\">Dec\u00e1logo Me\u00b4phaa<\/span>\n\t\t\t\t\t\t\t\t\t\t\t<\/a>\n\t\t\t\t\t\t\t\t\t<\/li>\n\t\t\t\t\t\t<\/ul>\n\t\t\t\t<\/div>\n\t\t\t\t<\/div>\n\t\t\t\t\t<\/div>\n\t\t<\/div>\n\t\t\t\t\t\t\t<\/div>\n\t\t<\/section>\n\t\t\t\t<div class=\"elementor-element elementor-element-3d8282c elementor-arrows-position-inside elementor-pagination-position-outside elementor-widget elementor-widget-image-carousel\" data-id=\"3d8282c\" data-element_type=\"widget\" data-settings=\"{&quot;slides_to_show&quot;:&quot;1&quot;,&quot;navigation&quot;:&quot;both&quot;,&quot;autoplay&quot;:&quot;yes&quot;,&quot;pause_on_hover&quot;:&quot;yes&quot;,&quot;pause_on_interaction&quot;:&quot;yes&quot;,&quot;autoplay_speed&quot;:5000,&quot;infinite&quot;:&quot;yes&quot;,&quot;effect&quot;:&quot;slide&quot;,&quot;speed&quot;:500}\" data-widget_type=\"image-carousel.default\">\n\t\t\t\t<div class=\"elementor-widget-container\">\n\t\t\t\t\t<div class=\"elementor-image-carousel-wrapper swiper-container\" dir=\"ltr\">\n\t\t\t<div class=\"elementor-image-carousel swiper-wrapper\">\n\t\t\t\t<div class=\"swiper-slide\"><a data-elementor-open-lightbox=\"yes\" data-elementor-lightbox-slideshow=\"3d8282c\" data-elementor-lightbox-title=\"votoResponsable\" href=\"https:\/\/www2.iepcjalisco.org.mx\/proceso-electoral-2021\/wp-content\/uploads\/2021\/04\/votoResponsable.jpg\"><figure class=\"swiper-slide-inner\"><img decoding=\"async\" class=\"swiper-slide-image\" src=\"https:\/\/www2.iepcjalisco.org.mx\/proceso-electoral-2021\/wp-content\/uploads\/2021\/04\/votoResponsable-864x1536.jpg\" alt=\"Espa\u00f1ol\" \/><figcaption class=\"elementor-image-carousel-caption\">votoResponsable<\/figcaption><\/figure><\/a><\/div><div class=\"swiper-slide\"><a data-elementor-open-lightbox=\"yes\" data-elementor-lightbox-slideshow=\"3d8282c\" data-elementor-lightbox-title=\"Dec\u00e1logo Tu\u00b4un Savi\" href=\"https:\/\/www2.iepcjalisco.org.mx\/proceso-electoral-2021\/wp-content\/uploads\/2021\/04\/Decalogo-Tu\u00b4un-Savi.png\"><figure class=\"swiper-slide-inner\"><img decoding=\"async\" class=\"swiper-slide-image\" src=\"https:\/\/www2.iepcjalisco.org.mx\/proceso-electoral-2021\/wp-content\/uploads\/2021\/04\/Decalogo-Tu\u00b4un-Savi-863x1536.png\" alt=\"Dec\u00e1logo Tu\u00b4un Savi\" \/><figcaption class=\"elementor-image-carousel-caption\">Dec\u00e1logo Tu\u00b4un Savi<\/figcaption><\/figure><\/a><\/div><div class=\"swiper-slide\"><a data-elementor-open-lightbox=\"yes\" data-elementor-lightbox-slideshow=\"3d8282c\" data-elementor-lightbox-title=\"Dec\u00e1logo \u00d1omndaa\" href=\"https:\/\/www2.iepcjalisco.org.mx\/proceso-electoral-2021\/wp-content\/uploads\/2021\/04\/Decalogo-Nomndaa.png\"><figure class=\"swiper-slide-inner\"><img decoding=\"async\" class=\"swiper-slide-image\" src=\"https:\/\/www2.iepcjalisco.org.mx\/proceso-electoral-2021\/wp-content\/uploads\/2021\/04\/Decalogo-Nomndaa-864x1536.png\" alt=\"Dec\u00e1logo \u00d1omndaa\" \/><figcaption class=\"elementor-image-carousel-caption\">Dec\u00e1logo \u00d1omndaa<\/figcaption><\/figure><\/a><\/div><div class=\"swiper-slide\"><a data-elementor-open-lightbox=\"yes\" data-elementor-lightbox-slideshow=\"3d8282c\" data-elementor-lightbox-title=\"Dec\u00e1logo N\u00e1huatl\" href=\"https:\/\/www2.iepcjalisco.org.mx\/proceso-electoral-2021\/wp-content\/uploads\/2021\/04\/Decalogo-Nahuatl.png\"><figure class=\"swiper-slide-inner\"><img decoding=\"async\" class=\"swiper-slide-image\" src=\"https:\/\/www2.iepcjalisco.org.mx\/proceso-electoral-2021\/wp-content\/uploads\/2021\/04\/Decalogo-Nahuatl-864x1536.png\" alt=\"Dec\u00e1logo N\u00e1huatl\" \/><figcaption class=\"elementor-image-carousel-caption\">Dec\u00e1logo N\u00e1huatl<\/figcaption><\/figure><\/a><\/div><div class=\"swiper-slide\"><a data-elementor-open-lightbox=\"yes\" data-elementor-lightbox-slideshow=\"3d8282c\" data-elementor-lightbox-title=\"Dec\u00e1logo Me\u00b4phaa\" href=\"https:\/\/www2.iepcjalisco.org.mx\/proceso-electoral-2021\/wp-content\/uploads\/2021\/04\/Decalogo-Me\u00b4phaa.png\"><figure class=\"swiper-slide-inner\"><img decoding=\"async\" class=\"swiper-slide-image\" src=\"https:\/\/www2.iepcjalisco.org.mx\/proceso-electoral-2021\/wp-content\/uploads\/2021\/04\/Decalogo-Me\u00b4phaa-864x1536.png\" alt=\"Dec\u00e1logo Me\u00b4phaa\" \/><figcaption class=\"elementor-image-carousel-caption\">Dec\u00e1logo Me\u00b4phaa<\/figcaption><\/figure><\/a><\/div>\t\t\t<\/div>\n\t\t\t\t\t\t\t\t\t\t\t\t<div class=\"swiper-pagination\"><\/div>\n\t\t\t\t\t\t\t\t\t\t\t\t\t<div class=\"elementor-swiper-button elementor-swiper-button-prev\">\n\t\t\t\t\t\t<i class=\"eicon-chevron-left\" aria-hidden=\"true\"><\/i>\n\t\t\t\t\t\t<span class=\"elementor-screen-only\">Previo<\/span>\n\t\t\t\t\t<\/div>\n\t\t\t\t\t<div class=\"elementor-swiper-button elementor-swiper-button-next\">\n\t\t\t\t\t\t<i class=\"eicon-chevron-right\" aria-hidden=\"true\"><\/i>\n\t\t\t\t\t\t<span class=\"elementor-screen-only\">Siguiente<\/span>\n\t\t\t\t\t<\/div>\n\t\t\t\t\t\t\t\t\t<\/div>\n\t\t\t\t<\/div>\n\t\t\t\t<\/div>\n\t\t\t\t\t<\/div>\n\t\t<\/div>\n\t\t\t\t\t\t\t<\/div>\n\t\t<\/section>\n\t\t\t\t\t\t<\/div>\n\t\t\t\t\t<\/div>\n\t\t","protected":false},"excerpt":{"rendered":"<p>Dec\u00e1logo Tu\u00b4un Savi Dec\u00e1logo \u00d1omndaa Dec\u00e1logo N\u00e1huatl Dec\u00e1logo Me\u00b4phaa votoResponsable Dec\u00e1logo Tu\u00b4un Savi Dec\u00e1logo \u00d1omndaa Dec\u00e1logo N\u00e1huatl Dec\u00e1logo Me\u00b4phaa Previo Siguiente<\/p>\n","protected":false},"author":1,"featured_media":0,"parent":0,"menu_order":0,"comment_status":"closed","ping_status":"closed","template":"","meta":{"footnotes":""},"class_list":["post-614","page","type-page","status-publish","hentry"],"_links":{"self":[{"href":"https:\/\/www2.iepcjalisco.org.mx\/proceso-electoral-2021\/index.php?rest_route=\/wp\/v2\/pages\/614","targetHints":{"allow":["GET"]}}],"collection":[{"href":"https:\/\/www2.iepcjalisco.org.mx\/proceso-electoral-2021\/index.php?rest_route=\/wp\/v2\/pages"}],"about":[{"href":"https:\/\/www2.iepcjalisco.org.mx\/proceso-electoral-2021\/index.php?rest_route=\/wp\/v2\/types\/page"}],"author":[{"embeddable":true,"href":"https:\/\/www2.iepcjalisco.org.mx\/proceso-electoral-2021\/index.php?rest_route=\/wp\/v2\/users\/1"}],"replies":[{"embeddable":true,"href":"https:\/\/www2.iepcjalisco.org.mx\/proceso-electoral-2021\/index.php?rest_route=%2Fwp%2Fv2%2Fcomments&post=614"}],"version-history":[{"count":23,"href":"https:\/\/www2.iepcjalisco.org.mx\/proceso-electoral-2021\/index.php?rest_route=\/wp\/v2\/pages\/614\/revisions"}],"predecessor-version":[{"id":643,"href":"https:\/\/www2.iepcjalisco.org.mx\/proceso-electoral-2021\/index.php?rest_route=\/wp\/v2\/pages\/614\/revisions\/643"}],"wp:attachment":[{"href":"https:\/\/www2.iepcjalisco.org.mx\/proceso-electoral-2021\/index.php?rest_route=%2Fwp%2Fv2%2Fmedia&parent=614"}],"curies":[{"name":"wp","href":"https:\/\/api.w.org\/{rel}","templated":true}]}}