{"id":1618,"date":"2024-03-01T13:34:44","date_gmt":"2024-03-01T19:34:44","guid":{"rendered":"https:\/\/www2.iepcjalisco.org.mx\/proceso-electoral-2024\/?page_id=1618"},"modified":"2024-03-14T13:34:03","modified_gmt":"2024-03-14T19:34:03","slug":"debates-donde-puedo-ver-los-debates","status":"publish","type":"page","link":"https:\/\/www2.iepcjalisco.org.mx\/proceso-electoral-2024\/debates-donde-puedo-ver-los-debates\/","title":{"rendered":"Debates\/d\u00f3nde puedo ver los debates"},"content":{"rendered":"\t\t<div data-elementor-type=\"wp-page\" data-elementor-id=\"1618\" class=\"elementor elementor-1618\">\n\t\t\t\t<div class=\"elementor-element elementor-element-fbd837c e-con-full e-flex e-con e-parent\" data-id=\"fbd837c\" data-element_type=\"container\">\n\t\t\t\t<div class=\"elementor-element elementor-element-e0fc227 elementor-widget elementor-widget-image\" data-id=\"e0fc227\" data-element_type=\"widget\" data-widget_type=\"image.default\">\n\t\t\t\t<div class=\"elementor-widget-container\">\n\t\t\t\t\t\t\t\t\t\t\t\t\t\t\t<img fetchpriority=\"high\" decoding=\"async\" width=\"1920\" height=\"668\" src=\"https:\/\/www2.iepcjalisco.org.mx\/proceso-electoral-2024\/wp-content\/uploads\/2023\/12\/Debates.png\" class=\"attachment-full size-full wp-image-195\" alt=\"\" srcset=\"https:\/\/www2.iepcjalisco.org.mx\/proceso-electoral-2024\/wp-content\/uploads\/2023\/12\/Debates.png 1920w, https:\/\/www2.iepcjalisco.org.mx\/proceso-electoral-2024\/wp-content\/uploads\/2023\/12\/Debates-300x104.png 300w, https:\/\/www2.iepcjalisco.org.mx\/proceso-electoral-2024\/wp-content\/uploads\/2023\/12\/Debates-1024x356.png 1024w, https:\/\/www2.iepcjalisco.org.mx\/proceso-electoral-2024\/wp-content\/uploads\/2023\/12\/Debates-768x267.png 768w, https:\/\/www2.iepcjalisco.org.mx\/proceso-electoral-2024\/wp-content\/uploads\/2023\/12\/Debates-1536x534.png 1536w\" sizes=\"(max-width: 1920px) 100vw, 1920px\" \/>\t\t\t\t\t\t\t\t\t\t\t\t\t\t\t<\/div>\n\t\t\t\t<\/div>\n\t\t\t\t<\/div>\n\t\t<div class=\"elementor-element elementor-element-2bfcda09 e-con-full e-flex e-con e-parent\" data-id=\"2bfcda09\" data-element_type=\"container\">\n\t\t\t\t<div class=\"elementor-element elementor-element-41f539e6 eael-dual-header-content-align-center elementor-widget elementor-widget-eael-dual-color-header\" data-id=\"41f539e6\" data-element_type=\"widget\" data-widget_type=\"eael-dual-color-header.default\">\n\t\t\t\t<div class=\"elementor-widget-container\">\n\t\t\t\t\t\n\t\t        <div class=\"eael-dual-header\">\n\t\t\t\t<h2 class=\"title\"><span  class=\"lead solid-color\">\u00bfD\u00f3nde puedo ver los <\/span> <span>debates?<\/span><\/h2>\n\t\t\t\t<span class=\"subtext\"><\/span>\n\t\t\t\t\t<span class=\"eael-dch-svg-icon\"><\/span>\t\t\t\t<\/div>\n\t\n\t\t\n\t\t\n\t\t\n\t\t\t\t\t\t<\/div>\n\t\t\t\t<\/div>\n\t\t\t\t<div class=\"elementor-element elementor-element-351c3fc9 elementor-widget-divider--view-line elementor-widget elementor-widget-divider\" data-id=\"351c3fc9\" data-element_type=\"widget\" data-widget_type=\"divider.default\">\n\t\t\t\t<div class=\"elementor-widget-container\">\n\t\t\t\t\t\t\t<div class=\"elementor-divider\">\n\t\t\t<span class=\"elementor-divider-separator\">\n\t\t\t\t\t\t<\/span>\n\t\t<\/div>\n\t\t\t\t\t\t<\/div>\n\t\t\t\t<\/div>\n\t\t\t\t<div class=\"elementor-element elementor-element-4d4b5b65 elementor-widget elementor-widget-spacer\" data-id=\"4d4b5b65\" data-element_type=\"widget\" data-widget_type=\"spacer.default\">\n\t\t\t\t<div class=\"elementor-widget-container\">\n\t\t\t\t\t\t\t<div class=\"elementor-spacer\">\n\t\t\t<div class=\"elementor-spacer-inner\"><\/div>\n\t\t<\/div>\n\t\t\t\t\t\t<\/div>\n\t\t\t\t<\/div>\n\t\t\t\t<\/div>\n\t\t<div class=\"elementor-element elementor-element-cb7f275 e-flex e-con-boxed e-con e-parent\" data-id=\"cb7f275\" data-element_type=\"container\">\n\t\t\t\t\t<div class=\"e-con-inner\">\n\t\t\t\t<div class=\"elementor-element elementor-element-ba951c8 elementor-widget elementor-widget-heading\" data-id=\"ba951c8\" data-element_type=\"widget\" data-widget_type=\"heading.default\">\n\t\t\t\t<div class=\"elementor-widget-container\">\n\t\t\t\t\t<h4 class=\"elementor-heading-title elementor-size-default\">Transmisi\u00f3n en vivo de debates por radio, TV o internet<\/h4>\t\t\t\t<\/div>\n\t\t\t\t<\/div>\n\t\t\t\t<div class=\"elementor-element elementor-element-548ac00 elementor-widget elementor-widget-text-editor\" data-id=\"548ac00\" data-element_type=\"widget\" data-widget_type=\"text-editor.default\">\n\t\t\t\t<div class=\"elementor-widget-container\">\n\t\t\t\t\t\t\t\t\t<ol start=\"1\" type=\"1\"><li>Jalisco TV <a href=\"https:\/\/jaliscotv.com\/\">https:\/\/jaliscotv.com\/<\/a>\u00a0<\/li><li>Jalisco Radio<\/li><li>Canal 44\u00a0 <a href=\"https:\/\/udgtv.com\/canal44\">https:\/\/udgtv.com\/canal44<\/a>\u00a0<\/li><li>Radio Universidad<\/li><\/ol>\t\t\t\t\t\t\t\t<\/div>\n\t\t\t\t<\/div>\n\t\t\t\t<div class=\"elementor-element elementor-element-779d0bc elementor-widget elementor-widget-heading\" data-id=\"779d0bc\" data-element_type=\"widget\" data-widget_type=\"heading.default\">\n\t\t\t\t<div class=\"elementor-widget-container\">\n\t\t\t\t\t<h4 class=\"elementor-heading-title elementor-size-default\">Espacios p\u00fablicos y privados que transmitir\u00e1n los debates<\/h4>\t\t\t\t<\/div>\n\t\t\t\t<\/div>\n\t\t\t\t<div class=\"elementor-element elementor-element-5e040ff elementor-widget elementor-widget-text-editor\" data-id=\"5e040ff\" data-element_type=\"widget\" data-widget_type=\"text-editor.default\">\n\t\t\t\t<div class=\"elementor-widget-container\">\n\t\t\t\t\t\t\t\t\t<p>En este apartado podr\u00e1s conocer el listado de establecimientos p\u00fablicos y privados que transmitir\u00e1n los debates.<\/p>\t\t\t\t\t\t\t\t<\/div>\n\t\t\t\t<\/div>\n\t\t\t\t<div class=\"elementor-element elementor-element-9b27245 elementor-widget elementor-widget-spacer\" data-id=\"9b27245\" data-element_type=\"widget\" data-widget_type=\"spacer.default\">\n\t\t\t\t<div class=\"elementor-widget-container\">\n\t\t\t\t\t\t\t<div class=\"elementor-spacer\">\n\t\t\t<div class=\"elementor-spacer-inner\"><\/div>\n\t\t<\/div>\n\t\t\t\t\t\t<\/div>\n\t\t\t\t<\/div>\n\t\t\t\t\t<\/div>\n\t\t\t\t<\/div>\n\t\t<div class=\"elementor-element elementor-element-98861a4 e-flex e-con-boxed e-con e-parent\" data-id=\"98861a4\" data-element_type=\"container\">\n\t\t\t\t\t<div class=\"e-con-inner\">\n\t\t\t\t\t<\/div>\n\t\t\t\t<\/div>\n\t\t\t\t<\/div>\n\t\t","protected":false},"excerpt":{"rendered":"<p>\u00bfD\u00f3nde puedo ver los debates? Transmisi\u00f3n en vivo de debates por radio, TV o internet Jalisco TV https:\/\/jaliscotv.com\/\u00a0 Jalisco Radio Canal 44\u00a0 https:\/\/udgtv.com\/canal44\u00a0 Radio Universidad Espacios p\u00fablicos y privados que transmitir\u00e1n los debates En este apartado podr\u00e1s conocer el listado de establecimientos p\u00fablicos y privados que transmitir\u00e1n los debates.<\/p>\n","protected":false},"author":1,"featured_media":0,"parent":0,"menu_order":0,"comment_status":"closed","ping_status":"closed","template":"","meta":{"_eb_attr":"","footnotes":""},"class_list":["post-1618","page","type-page","status-publish","hentry"],"_links":{"self":[{"href":"https:\/\/www2.iepcjalisco.org.mx\/proceso-electoral-2024\/wp-json\/wp\/v2\/pages\/1618","targetHints":{"allow":["GET"]}}],"collection":[{"href":"https:\/\/www2.iepcjalisco.org.mx\/proceso-electoral-2024\/wp-json\/wp\/v2\/pages"}],"about":[{"href":"https:\/\/www2.iepcjalisco.org.mx\/proceso-electoral-2024\/wp-json\/wp\/v2\/types\/page"}],"author":[{"embeddable":true,"href":"https:\/\/www2.iepcjalisco.org.mx\/proceso-electoral-2024\/wp-json\/wp\/v2\/users\/1"}],"replies":[{"embeddable":true,"href":"https:\/\/www2.iepcjalisco.org.mx\/proceso-electoral-2024\/wp-json\/wp\/v2\/comments?post=1618"}],"version-history":[{"count":17,"href":"https:\/\/www2.iepcjalisco.org.mx\/proceso-electoral-2024\/wp-json\/wp\/v2\/pages\/1618\/revisions"}],"predecessor-version":[{"id":1806,"href":"https:\/\/www2.iepcjalisco.org.mx\/proceso-electoral-2024\/wp-json\/wp\/v2\/pages\/1618\/revisions\/1806"}],"wp:attachment":[{"href":"https:\/\/www2.iepcjalisco.org.mx\/proceso-electoral-2024\/wp-json\/wp\/v2\/media?parent=1618"}],"curies":[{"name":"wp","href":"https:\/\/api.w.org\/{rel}","templated":true}]}}