{"id":4082,"date":"2024-07-11T15:42:45","date_gmt":"2024-07-11T21:42:45","guid":{"rendered":"https:\/\/www2.iepcjalisco.org.mx\/proceso-electoral-2024\/?page_id=4082"},"modified":"2025-05-08T12:58:53","modified_gmt":"2025-05-08T18:58:53","slug":"comunicacion-social","status":"publish","type":"page","link":"https:\/\/www2.iepcjalisco.org.mx\/proceso-electoral-2024\/comunicacion-social\/","title":{"rendered":"Comunicaci\u00f3n social"},"content":{"rendered":"\t\t<div data-elementor-type=\"wp-page\" data-elementor-id=\"4082\" class=\"elementor elementor-4082\">\n\t\t\t\t<div class=\"elementor-element elementor-element-fbd837c e-con-full e-flex e-con e-parent\" data-id=\"fbd837c\" data-element_type=\"container\">\n\t\t\t\t<div class=\"elementor-element elementor-element-e0fc227 elementor-widget elementor-widget-image\" data-id=\"e0fc227\" data-element_type=\"widget\" data-widget_type=\"image.default\">\n\t\t\t\t<div class=\"elementor-widget-container\">\n\t\t\t\t\t\t\t\t\t\t\t\t\t\t\t<img fetchpriority=\"high\" decoding=\"async\" width=\"4000\" height=\"233\" src=\"https:\/\/www2.iepcjalisco.org.mx\/proceso-electoral-2024\/wp-content\/uploads\/2024\/07\/comunicacion-social.png\" class=\"attachment-full size-full wp-image-4086\" alt=\"\" srcset=\"https:\/\/www2.iepcjalisco.org.mx\/proceso-electoral-2024\/wp-content\/uploads\/2024\/07\/comunicacion-social.png 4000w, https:\/\/www2.iepcjalisco.org.mx\/proceso-electoral-2024\/wp-content\/uploads\/2024\/07\/comunicacion-social-300x17.png 300w, https:\/\/www2.iepcjalisco.org.mx\/proceso-electoral-2024\/wp-content\/uploads\/2024\/07\/comunicacion-social-1024x60.png 1024w, https:\/\/www2.iepcjalisco.org.mx\/proceso-electoral-2024\/wp-content\/uploads\/2024\/07\/comunicacion-social-768x45.png 768w, https:\/\/www2.iepcjalisco.org.mx\/proceso-electoral-2024\/wp-content\/uploads\/2024\/07\/comunicacion-social-1536x89.png 1536w, https:\/\/www2.iepcjalisco.org.mx\/proceso-electoral-2024\/wp-content\/uploads\/2024\/07\/comunicacion-social-2048x119.png 2048w\" sizes=\"(max-width: 4000px) 100vw, 4000px\" \/>\t\t\t\t\t\t\t\t\t\t\t\t\t\t\t<\/div>\n\t\t\t\t<\/div>\n\t\t\t\t<\/div>\n\t\t<div class=\"elementor-element elementor-element-736e812 e-con-full e-flex e-con e-parent\" data-id=\"736e812\" data-element_type=\"container\">\n\t\t\t\t<div class=\"elementor-element elementor-element-a8e2c3c elementor-grid-eael-col-3 elementor-widget__width-inherit elementor-grid-tablet-eael-col-2 elementor-grid-mobile-eael-col-1 elementor-widget elementor-widget-eael-post-grid\" data-id=\"a8e2c3c\" data-element_type=\"widget\" data-settings=\"{&quot;eael_post_grid_columns&quot;:&quot;eael-col-3&quot;,&quot;eael_post_grid_columns_tablet&quot;:&quot;eael-col-2&quot;,&quot;eael_post_grid_columns_mobile&quot;:&quot;eael-col-1&quot;}\" data-widget_type=\"eael-post-grid.default\">\n\t\t\t\t<div class=\"elementor-widget-container\">\n\t\t\t\t\t<div id=\"eael-post-grid-a8e2c3c\" class=\"eael-post-grid-container\">\n            <div class=\"eael-post-grid eael-post-appender eael-post-appender-a8e2c3c eael-post-grid-style-default\" data-layout-mode=\"grid\"><article class=\"eael-grid-post eael-post-grid-column\" data-id=\"8133\">\n        <div class=\"eael-grid-post-holder\">\n            <div class=\"eael-grid-post-holder-inner\"><div class=\"eael-entry-media\"><div class=\"eael-entry-overlay fade-in\"><i class=\"fas fa-long-arrow-alt-right\" aria-hidden=\"true\"><\/i><a href=\"https:\/\/www2.iepcjalisco.org.mx\/proceso-electoral-2024\/2026\/02\/03\/iepc-jalisco-informa-sobre-el-registro-de-la-candidatura-de-leonardo-almaguer\/\"><\/a><\/div><div class=\"eael-entry-thumbnail eael-image-ratio\">\n                <img decoding=\"async\" width=\"768\" height=\"512\" src=\"https:\/\/www2.iepcjalisco.org.mx\/proceso-electoral-2024\/wp-content\/uploads\/2026\/02\/53741909659_ee67d45b17_c-768x512.jpg\" class=\"attachment-medium_large size-medium_large wp-image-8134\" alt=\"\" srcset=\"https:\/\/www2.iepcjalisco.org.mx\/proceso-electoral-2024\/wp-content\/uploads\/2026\/02\/53741909659_ee67d45b17_c-768x512.jpg 768w, https:\/\/www2.iepcjalisco.org.mx\/proceso-electoral-2024\/wp-content\/uploads\/2026\/02\/53741909659_ee67d45b17_c-300x200.jpg 300w, https:\/\/www2.iepcjalisco.org.mx\/proceso-electoral-2024\/wp-content\/uploads\/2026\/02\/53741909659_ee67d45b17_c.jpg 799w\" sizes=\"(max-width: 768px) 100vw, 768px\" \/>\n            <\/div>\n        <\/div><div class=\"eael-entry-wrapper\"><header class=\"eael-entry-header\"><h2 class=\"eael-entry-title\"><a\n                        class=\"eael-grid-post-link\"\n                        href=\"https:\/\/www2.iepcjalisco.org.mx\/proceso-electoral-2024\/2026\/02\/03\/iepc-jalisco-informa-sobre-el-registro-de-la-candidatura-de-leonardo-almaguer\/\"\n                        title=\"IEPC JALISCO INFORMA SOBRE EL REGISTRO DE LA CANDIDATURA DE LEONARDO ALMAGUER\">IEPC JALISCO INFORMA SOBRE EL REGISTRO DE LA CANDIDATURA DE LEONARDO ALMAGUER<\/a><\/h2><\/header><div class=\"eael-entry-content\">\n                        <div class=\"eael-grid-post-excerpt\"><a\n                            href=\"https:\/\/www2.iepcjalisco.org.mx\/proceso-electoral-2024\/2026\/02\/03\/iepc-jalisco-informa-sobre-el-registro-de-la-candidatura-de-leonardo-almaguer\/\"\n                            class=\"eael-post-elements-readmore-btn\"target=\"_blank\">Leer m\u00e1s<\/a><\/div>\n                    <\/div><div class=\"eael-entry-footer\"><div class=\"eael-entry-meta\"><span class=\"eael-posted-on\"><time datetime=\"3 febrero, 2026\">3 febrero, 2026<\/time><\/span><\/div><\/div><\/div><\/div>\n        <\/div>\n    <\/article><article class=\"eael-grid-post eael-post-grid-column\" data-id=\"8130\">\n        <div class=\"eael-grid-post-holder\">\n            <div class=\"eael-grid-post-holder-inner\"><div class=\"eael-entry-media\"><div class=\"eael-entry-overlay fade-in\"><i class=\"fas fa-long-arrow-alt-right\" aria-hidden=\"true\"><\/i><a href=\"https:\/\/www2.iepcjalisco.org.mx\/proceso-electoral-2024\/2026\/01\/26\/recibe-iepc-jalisco-solicitud-de-plebiscito-por-el-condicionamiento-del-uso-de-la-tarjeta-unica-para-recibir-el-subsidio-a-la-tarifa-de-transporte-publico\/\"><\/a><\/div><div class=\"eael-entry-thumbnail eael-image-ratio\">\n                <img decoding=\"async\" width=\"768\" height=\"602\" src=\"https:\/\/www2.iepcjalisco.org.mx\/proceso-electoral-2024\/wp-content\/uploads\/2026\/02\/WhatsApp-Image-2026-01-26-at-2.41.22-PM-768x602.jpeg\" class=\"attachment-medium_large size-medium_large wp-image-8131\" alt=\"\" srcset=\"https:\/\/www2.iepcjalisco.org.mx\/proceso-electoral-2024\/wp-content\/uploads\/2026\/02\/WhatsApp-Image-2026-01-26-at-2.41.22-PM-768x602.jpeg 768w, https:\/\/www2.iepcjalisco.org.mx\/proceso-electoral-2024\/wp-content\/uploads\/2026\/02\/WhatsApp-Image-2026-01-26-at-2.41.22-PM-300x235.jpeg 300w, https:\/\/www2.iepcjalisco.org.mx\/proceso-electoral-2024\/wp-content\/uploads\/2026\/02\/WhatsApp-Image-2026-01-26-at-2.41.22-PM-1024x802.jpeg 1024w, https:\/\/www2.iepcjalisco.org.mx\/proceso-electoral-2024\/wp-content\/uploads\/2026\/02\/WhatsApp-Image-2026-01-26-at-2.41.22-PM.jpeg 1280w\" sizes=\"(max-width: 768px) 100vw, 768px\" \/>\n            <\/div>\n        <\/div><div class=\"eael-entry-wrapper\"><header class=\"eael-entry-header\"><h2 class=\"eael-entry-title\"><a\n                        class=\"eael-grid-post-link\"\n                        href=\"https:\/\/www2.iepcjalisco.org.mx\/proceso-electoral-2024\/2026\/01\/26\/recibe-iepc-jalisco-solicitud-de-plebiscito-por-el-condicionamiento-del-uso-de-la-tarjeta-unica-para-recibir-el-subsidio-a-la-tarifa-de-transporte-publico\/\"\n                        title=\"RECIBE IEPC JALISCO SOLICITUD DE PLEBISCITO POR EL CONDICIONAMIENTO DEL USO DE LA TARJETA \u00daNICA PARA RECIBIR EL SUBSIDIO A LA TARIFA DE TRANSPORTE P\u00daBLICO\">RECIBE IEPC JALISCO SOLICITUD DE PLEBISCITO POR EL CONDICIONAMIENTO DEL USO DE LA TARJETA \u00daNICA PARA RECIBIR EL SUBSIDIO A LA TARIFA DE TRANSPORTE P\u00daBLICO<\/a><\/h2><\/header><div class=\"eael-entry-content\">\n                        <div class=\"eael-grid-post-excerpt\"><a\n                            href=\"https:\/\/www2.iepcjalisco.org.mx\/proceso-electoral-2024\/2026\/01\/26\/recibe-iepc-jalisco-solicitud-de-plebiscito-por-el-condicionamiento-del-uso-de-la-tarjeta-unica-para-recibir-el-subsidio-a-la-tarifa-de-transporte-publico\/\"\n                            class=\"eael-post-elements-readmore-btn\"target=\"_blank\">Leer m\u00e1s<\/a><\/div>\n                    <\/div><div class=\"eael-entry-footer\"><div class=\"eael-entry-meta\"><span class=\"eael-posted-on\"><time datetime=\"26 enero, 2026\">26 enero, 2026<\/time><\/span><\/div><\/div><\/div><\/div>\n        <\/div>\n    <\/article><article class=\"eael-grid-post eael-post-grid-column\" data-id=\"8127\">\n        <div class=\"eael-grid-post-holder\">\n            <div class=\"eael-grid-post-holder-inner\"><div class=\"eael-entry-media\"><div class=\"eael-entry-overlay fade-in\"><i class=\"fas fa-long-arrow-alt-right\" aria-hidden=\"true\"><\/i><a href=\"https:\/\/www2.iepcjalisco.org.mx\/proceso-electoral-2024\/2026\/01\/23\/recibe-iepc-jalisco-solicitud-de-referendum-sobre-tarifa-de-transporte-publico\/\"><\/a><\/div><div class=\"eael-entry-thumbnail eael-image-ratio\">\n                <img loading=\"lazy\" decoding=\"async\" width=\"768\" height=\"512\" src=\"https:\/\/www2.iepcjalisco.org.mx\/proceso-electoral-2024\/wp-content\/uploads\/2026\/02\/presentacion-referendum3-23ene26-768x512.jpeg\" class=\"attachment-medium_large size-medium_large wp-image-8128\" alt=\"\" srcset=\"https:\/\/www2.iepcjalisco.org.mx\/proceso-electoral-2024\/wp-content\/uploads\/2026\/02\/presentacion-referendum3-23ene26-768x512.jpeg 768w, https:\/\/www2.iepcjalisco.org.mx\/proceso-electoral-2024\/wp-content\/uploads\/2026\/02\/presentacion-referendum3-23ene26-300x200.jpeg 300w, https:\/\/www2.iepcjalisco.org.mx\/proceso-electoral-2024\/wp-content\/uploads\/2026\/02\/presentacion-referendum3-23ene26-1024x682.jpeg 1024w, https:\/\/www2.iepcjalisco.org.mx\/proceso-electoral-2024\/wp-content\/uploads\/2026\/02\/presentacion-referendum3-23ene26-1536x1023.jpeg 1536w, https:\/\/www2.iepcjalisco.org.mx\/proceso-electoral-2024\/wp-content\/uploads\/2026\/02\/presentacion-referendum3-23ene26.jpeg 1600w\" sizes=\"(max-width: 768px) 100vw, 768px\" \/>\n            <\/div>\n        <\/div><div class=\"eael-entry-wrapper\"><header class=\"eael-entry-header\"><h2 class=\"eael-entry-title\"><a\n                        class=\"eael-grid-post-link\"\n                        href=\"https:\/\/www2.iepcjalisco.org.mx\/proceso-electoral-2024\/2026\/01\/23\/recibe-iepc-jalisco-solicitud-de-referendum-sobre-tarifa-de-transporte-publico\/\"\n                        title=\"RECIBE IEPC JALISCO SOLICITUD DE REFER\u00c9NDUM SOBRE TARIFA DE TRANSPORTE P\u00daBLICO\">RECIBE IEPC JALISCO SOLICITUD DE REFER\u00c9NDUM SOBRE TARIFA DE TRANSPORTE P\u00daBLICO<\/a><\/h2><\/header><div class=\"eael-entry-content\">\n                        <div class=\"eael-grid-post-excerpt\"><a\n                            href=\"https:\/\/www2.iepcjalisco.org.mx\/proceso-electoral-2024\/2026\/01\/23\/recibe-iepc-jalisco-solicitud-de-referendum-sobre-tarifa-de-transporte-publico\/\"\n                            class=\"eael-post-elements-readmore-btn\"target=\"_blank\">Leer m\u00e1s<\/a><\/div>\n                    <\/div><div class=\"eael-entry-footer\"><div class=\"eael-entry-meta\"><span class=\"eael-posted-on\"><time datetime=\"23 enero, 2026\">23 enero, 2026<\/time><\/span><\/div><\/div><\/div><\/div>\n        <\/div>\n    <\/article><\/div>\n            <div class=\"clearfix\"><\/div>\n        <\/div>            <div class=\"eael-load-more-button-wrap eael-force-hide\">\n                <button class=\"eael-load-more-button\" id=\"eael-load-more-btn-a8e2c3c\" data-widget-id=\"a8e2c3c\" data-widget=\"a8e2c3c\" data-page-id=\"4082\" data-template=\"{&quot;dir&quot;:&quot;lite&quot;,&quot;file_name&quot;:&quot;default.php&quot;,&quot;name&quot;:&quot;Post-Grid&quot;}\" data-class=\"Essential_Addons_Elementor\\Elements\\Post_Grid\" data-layout=\"grid\" data-page=\"1\" data-args=\"orderby=date&amp;order=desc&amp;ignore_sticky_posts=1&amp;post_status=publish&amp;posts_per_page=3&amp;offset=0&amp;post_type=post&amp;tax_query%5B0%5D%5Btaxonomy%5D=category&amp;tax_query%5B0%5D%5Bfield%5D=term_id&amp;tax_query%5B0%5D%5Bterms%5D%5B0%5D=7&amp;tax_query%5Brelation%5D=AND\" data-max-page=\"60\">\n                    <span class=\"eael-btn-loader button__loader\"><\/span>\n                    <span class=\"eael_load_more_text\">Cargar m\u00e1s<\/span>\n                <\/button>\n            <\/div>\n            \t\t\t\t<\/div>\n\t\t\t\t<\/div>\n\t\t<div class=\"elementor-element elementor-element-97b2679 e-flex e-con-boxed e-con e-child\" data-id=\"97b2679\" data-element_type=\"container\">\n\t\t\t\t\t<div class=\"e-con-inner\">\n\t\t\t\t\t<\/div>\n\t\t\t\t<\/div>\n\t\t\t\t<\/div>\n\t\t<div class=\"elementor-element elementor-element-5350868 e-con-full e-flex e-con e-parent\" data-id=\"5350868\" data-element_type=\"container\">\n\t\t\t\t<div class=\"elementor-element elementor-element-2a54d3b elementor-widget elementor-widget-image\" data-id=\"2a54d3b\" data-element_type=\"widget\" data-widget_type=\"image.default\">\n\t\t\t\t<div class=\"elementor-widget-container\">\n\t\t\t\t\t\t\t\t\t\t\t\t\t\t\t\t<a href=\"https:\/\/www2.iepcjalisco.org.mx\/proceso-electoral-2024\/comunicacion-social-boletines\/\" target=\"_blank\">\n\t\t\t\t\t\t\t<img loading=\"lazy\" decoding=\"async\" width=\"2560\" height=\"533\" src=\"https:\/\/www2.iepcjalisco.org.mx\/proceso-electoral-2024\/wp-content\/uploads\/2024\/08\/BANNER-BOLETINES-Y-SESIONES-1-scaled.jpg\" class=\"attachment-full size-full wp-image-4989\" alt=\"\" srcset=\"https:\/\/www2.iepcjalisco.org.mx\/proceso-electoral-2024\/wp-content\/uploads\/2024\/08\/BANNER-BOLETINES-Y-SESIONES-1-scaled.jpg 2560w, https:\/\/www2.iepcjalisco.org.mx\/proceso-electoral-2024\/wp-content\/uploads\/2024\/08\/BANNER-BOLETINES-Y-SESIONES-1-300x63.jpg 300w, https:\/\/www2.iepcjalisco.org.mx\/proceso-electoral-2024\/wp-content\/uploads\/2024\/08\/BANNER-BOLETINES-Y-SESIONES-1-1024x213.jpg 1024w, https:\/\/www2.iepcjalisco.org.mx\/proceso-electoral-2024\/wp-content\/uploads\/2024\/08\/BANNER-BOLETINES-Y-SESIONES-1-768x160.jpg 768w, https:\/\/www2.iepcjalisco.org.mx\/proceso-electoral-2024\/wp-content\/uploads\/2024\/08\/BANNER-BOLETINES-Y-SESIONES-1-1536x320.jpg 1536w, https:\/\/www2.iepcjalisco.org.mx\/proceso-electoral-2024\/wp-content\/uploads\/2024\/08\/BANNER-BOLETINES-Y-SESIONES-1-2048x427.jpg 2048w\" sizes=\"(max-width: 2560px) 100vw, 2560px\" \/>\t\t\t\t\t\t\t\t<\/a>\n\t\t\t\t\t\t\t\t\t\t\t\t\t\t\t<\/div>\n\t\t\t\t<\/div>\n\t\t\t\t<div class=\"elementor-element elementor-element-f245f08 elementor-widget elementor-widget-image\" data-id=\"f245f08\" data-element_type=\"widget\" data-widget_type=\"image.default\">\n\t\t\t\t<div class=\"elementor-widget-container\">\n\t\t\t\t\t\t\t\t\t\t\t\t\t\t\t\t<a href=\"https:\/\/www2.iepcjalisco.org.mx\/proceso-electoral-2024\/comunicacion-social-iepc-en-medios\/\" target=\"_blank\">\n\t\t\t\t\t\t\t<img loading=\"lazy\" decoding=\"async\" width=\"4000\" height=\"834\" src=\"https:\/\/www2.iepcjalisco.org.mx\/proceso-electoral-2024\/wp-content\/uploads\/2024\/07\/iepc-en-medios2.png\" class=\"attachment-full size-full wp-image-4695\" alt=\"\" srcset=\"https:\/\/www2.iepcjalisco.org.mx\/proceso-electoral-2024\/wp-content\/uploads\/2024\/07\/iepc-en-medios2.png 4000w, https:\/\/www2.iepcjalisco.org.mx\/proceso-electoral-2024\/wp-content\/uploads\/2024\/07\/iepc-en-medios2-300x63.png 300w, https:\/\/www2.iepcjalisco.org.mx\/proceso-electoral-2024\/wp-content\/uploads\/2024\/07\/iepc-en-medios2-1024x214.png 1024w, https:\/\/www2.iepcjalisco.org.mx\/proceso-electoral-2024\/wp-content\/uploads\/2024\/07\/iepc-en-medios2-768x160.png 768w, https:\/\/www2.iepcjalisco.org.mx\/proceso-electoral-2024\/wp-content\/uploads\/2024\/07\/iepc-en-medios2-1536x320.png 1536w, https:\/\/www2.iepcjalisco.org.mx\/proceso-electoral-2024\/wp-content\/uploads\/2024\/07\/iepc-en-medios2-2048x427.png 2048w\" sizes=\"(max-width: 4000px) 100vw, 4000px\" \/>\t\t\t\t\t\t\t\t<\/a>\n\t\t\t\t\t\t\t\t\t\t\t\t\t\t\t<\/div>\n\t\t\t\t<\/div>\n\t\t\t\t<\/div>\n\t\t<div class=\"elementor-element elementor-element-d618621 e-con-full e-flex e-con e-parent\" data-id=\"d618621\" data-element_type=\"container\">\n\t\t<div class=\"elementor-element elementor-element-dd81a28 e-con-full e-flex e-con e-child\" data-id=\"dd81a28\" data-element_type=\"container\">\n\t\t\t\t<div class=\"elementor-element elementor-element-2e9bfc4 elementor-widget elementor-widget-image\" data-id=\"2e9bfc4\" data-element_type=\"widget\" data-widget_type=\"image.default\">\n\t\t\t\t<div class=\"elementor-widget-container\">\n\t\t\t\t\t\t\t\t\t\t\t\t\t\t\t\t<a href=\"https:\/\/open.spotify.com\/show\/47jkbnWaCH3xCr2sguYmNm\" target=\"_blank\">\n\t\t\t\t\t\t\t<img loading=\"lazy\" decoding=\"async\" width=\"1024\" height=\"434\" src=\"https:\/\/www2.iepcjalisco.org.mx\/proceso-electoral-2024\/wp-content\/uploads\/2024\/07\/podcast-iepc-1024x434.png\" class=\"attachment-large size-large wp-image-4093\" alt=\"\" srcset=\"https:\/\/www2.iepcjalisco.org.mx\/proceso-electoral-2024\/wp-content\/uploads\/2024\/07\/podcast-iepc-1024x434.png 1024w, https:\/\/www2.iepcjalisco.org.mx\/proceso-electoral-2024\/wp-content\/uploads\/2024\/07\/podcast-iepc-300x127.png 300w, https:\/\/www2.iepcjalisco.org.mx\/proceso-electoral-2024\/wp-content\/uploads\/2024\/07\/podcast-iepc-768x325.png 768w, https:\/\/www2.iepcjalisco.org.mx\/proceso-electoral-2024\/wp-content\/uploads\/2024\/07\/podcast-iepc-1536x650.png 1536w, https:\/\/www2.iepcjalisco.org.mx\/proceso-electoral-2024\/wp-content\/uploads\/2024\/07\/podcast-iepc.png 1970w\" sizes=\"(max-width: 1024px) 100vw, 1024px\" \/>\t\t\t\t\t\t\t\t<\/a>\n\t\t\t\t\t\t\t\t\t\t\t\t\t\t\t<\/div>\n\t\t\t\t<\/div>\n\t\t\t\t<\/div>\n\t\t<div class=\"elementor-element elementor-element-ba4ef09 e-con-full e-flex e-con e-child\" data-id=\"ba4ef09\" data-element_type=\"container\">\n\t\t\t\t<div class=\"elementor-element elementor-element-3876d15 elementor-widget elementor-widget-image\" data-id=\"3876d15\" data-element_type=\"widget\" data-widget_type=\"image.default\">\n\t\t\t\t<div class=\"elementor-widget-container\">\n\t\t\t\t\t\t\t\t\t\t\t\t\t\t\t\t<a href=\"https:\/\/calendar.google.com\/calendar\/u\/0\/embed?src=participacionciudadana27@gmail.com&#038;ctz=America\/Mexico_City\" target=\"_blank\">\n\t\t\t\t\t\t\t<img loading=\"lazy\" decoding=\"async\" width=\"1024\" height=\"434\" src=\"https:\/\/www2.iepcjalisco.org.mx\/proceso-electoral-2024\/wp-content\/uploads\/2024\/07\/agenda-iepc-1024x434.png\" class=\"attachment-large size-large wp-image-4084\" alt=\"\" srcset=\"https:\/\/www2.iepcjalisco.org.mx\/proceso-electoral-2024\/wp-content\/uploads\/2024\/07\/agenda-iepc-1024x434.png 1024w, https:\/\/www2.iepcjalisco.org.mx\/proceso-electoral-2024\/wp-content\/uploads\/2024\/07\/agenda-iepc-300x127.png 300w, https:\/\/www2.iepcjalisco.org.mx\/proceso-electoral-2024\/wp-content\/uploads\/2024\/07\/agenda-iepc-768x325.png 768w, https:\/\/www2.iepcjalisco.org.mx\/proceso-electoral-2024\/wp-content\/uploads\/2024\/07\/agenda-iepc-1536x651.png 1536w, https:\/\/www2.iepcjalisco.org.mx\/proceso-electoral-2024\/wp-content\/uploads\/2024\/07\/agenda-iepc.png 1969w\" sizes=\"(max-width: 1024px) 100vw, 1024px\" \/>\t\t\t\t\t\t\t\t<\/a>\n\t\t\t\t\t\t\t\t\t\t\t\t\t\t\t<\/div>\n\t\t\t\t<\/div>\n\t\t\t\t<\/div>\n\t\t\t\t<\/div>\n\t\t<div class=\"elementor-element elementor-element-b51766d e-con-full e-flex e-con e-parent\" data-id=\"b51766d\" data-element_type=\"container\">\n\t\t\t\t<div class=\"elementor-element elementor-element-c7447ac elementor-widget elementor-widget-image\" data-id=\"c7447ac\" data-element_type=\"widget\" data-widget_type=\"image.default\">\n\t\t\t\t<div class=\"elementor-widget-container\">\n\t\t\t\t\t\t\t\t\t\t\t\t\t\t\t\t<a href=\"https:\/\/www.flickr.com\/photos\/iepcjalisco\/albums\/\" target=\"_blank\">\n\t\t\t\t\t\t\t<img loading=\"lazy\" decoding=\"async\" width=\"4000\" height=\"836\" src=\"https:\/\/www2.iepcjalisco.org.mx\/proceso-electoral-2024\/wp-content\/uploads\/2024\/07\/galeria-1.png\" class=\"attachment-full size-full wp-image-4693\" alt=\"\" srcset=\"https:\/\/www2.iepcjalisco.org.mx\/proceso-electoral-2024\/wp-content\/uploads\/2024\/07\/galeria-1.png 4000w, https:\/\/www2.iepcjalisco.org.mx\/proceso-electoral-2024\/wp-content\/uploads\/2024\/07\/galeria-1-300x63.png 300w, https:\/\/www2.iepcjalisco.org.mx\/proceso-electoral-2024\/wp-content\/uploads\/2024\/07\/galeria-1-1024x214.png 1024w, https:\/\/www2.iepcjalisco.org.mx\/proceso-electoral-2024\/wp-content\/uploads\/2024\/07\/galeria-1-768x161.png 768w, https:\/\/www2.iepcjalisco.org.mx\/proceso-electoral-2024\/wp-content\/uploads\/2024\/07\/galeria-1-1536x321.png 1536w, https:\/\/www2.iepcjalisco.org.mx\/proceso-electoral-2024\/wp-content\/uploads\/2024\/07\/galeria-1-2048x428.png 2048w\" sizes=\"(max-width: 4000px) 100vw, 4000px\" \/>\t\t\t\t\t\t\t\t<\/a>\n\t\t\t\t\t\t\t\t\t\t\t\t\t\t\t<\/div>\n\t\t\t\t<\/div>\n\t\t\t\t<div class=\"elementor-element elementor-element-97c3fc8 elementor-widget elementor-widget-image\" data-id=\"97c3fc8\" data-element_type=\"widget\" data-widget_type=\"image.default\">\n\t\t\t\t<div class=\"elementor-widget-container\">\n\t\t\t\t\t\t\t\t\t\t\t\t\t\t\t\t<a href=\"https:\/\/www2.iepcjalisco.org.mx\/proceso-electoral-2024\/comunicacion-social-documentos\/\" target=\"_blank\">\n\t\t\t\t\t\t\t<img loading=\"lazy\" decoding=\"async\" width=\"4000\" height=\"834\" src=\"https:\/\/www2.iepcjalisco.org.mx\/proceso-electoral-2024\/wp-content\/uploads\/2024\/07\/documentos-iepc.png\" class=\"attachment-full size-full wp-image-4087\" alt=\"\" srcset=\"https:\/\/www2.iepcjalisco.org.mx\/proceso-electoral-2024\/wp-content\/uploads\/2024\/07\/documentos-iepc.png 4000w, https:\/\/www2.iepcjalisco.org.mx\/proceso-electoral-2024\/wp-content\/uploads\/2024\/07\/documentos-iepc-300x63.png 300w, https:\/\/www2.iepcjalisco.org.mx\/proceso-electoral-2024\/wp-content\/uploads\/2024\/07\/documentos-iepc-1024x214.png 1024w, https:\/\/www2.iepcjalisco.org.mx\/proceso-electoral-2024\/wp-content\/uploads\/2024\/07\/documentos-iepc-768x160.png 768w, https:\/\/www2.iepcjalisco.org.mx\/proceso-electoral-2024\/wp-content\/uploads\/2024\/07\/documentos-iepc-1536x320.png 1536w, https:\/\/www2.iepcjalisco.org.mx\/proceso-electoral-2024\/wp-content\/uploads\/2024\/07\/documentos-iepc-2048x427.png 2048w\" sizes=\"(max-width: 4000px) 100vw, 4000px\" \/>\t\t\t\t\t\t\t\t<\/a>\n\t\t\t\t\t\t\t\t\t\t\t\t\t\t\t<\/div>\n\t\t\t\t<\/div>\n\t\t\t\t<\/div>\n\t\t<div class=\"elementor-element elementor-element-1f58321 e-flex e-con-boxed e-con e-parent\" data-id=\"1f58321\" data-element_type=\"container\">\n\t\t\t\t\t<div class=\"e-con-inner\">\n\t\t\t\t\t<\/div>\n\t\t\t\t<\/div>\n\t\t\t\t<\/div>\n\t\t","protected":false},"excerpt":{"rendered":"<p>CELEBRAN JORNADA SOBRE PARIDAD E INCLUSI\u00d3N CON ENFOQUE EN PUEBLOS IND\u00cdGENAS Y AFROMEXICANOS Leer m\u00e1s 7 mayo, 2025 INICIAN TRABAJOS PARA CONSTRUIR REGLAS\u00a0M\u00c1S IGUALITARIAS RUMBO AL PROCESO ELECTORAL 2026-2027 Leer m\u00e1s 6 mayo, 2025 LAS ASAMBLEAS INFORMATIVAS EN BOLA\u00d1OS SE REALIZARON CON NORMALIDAD Leer m\u00e1s 4 mayo, 2025 Cargar m\u00e1s<\/p>\n","protected":false},"author":1,"featured_media":0,"parent":0,"menu_order":0,"comment_status":"closed","ping_status":"closed","template":"","meta":{"_eb_attr":"","footnotes":""},"class_list":["post-4082","page","type-page","status-publish","hentry"],"_links":{"self":[{"href":"https:\/\/www2.iepcjalisco.org.mx\/proceso-electoral-2024\/wp-json\/wp\/v2\/pages\/4082","targetHints":{"allow":["GET"]}}],"collection":[{"href":"https:\/\/www2.iepcjalisco.org.mx\/proceso-electoral-2024\/wp-json\/wp\/v2\/pages"}],"about":[{"href":"https:\/\/www2.iepcjalisco.org.mx\/proceso-electoral-2024\/wp-json\/wp\/v2\/types\/page"}],"author":[{"embeddable":true,"href":"https:\/\/www2.iepcjalisco.org.mx\/proceso-electoral-2024\/wp-json\/wp\/v2\/users\/1"}],"replies":[{"embeddable":true,"href":"https:\/\/www2.iepcjalisco.org.mx\/proceso-electoral-2024\/wp-json\/wp\/v2\/comments?post=4082"}],"version-history":[{"count":52,"href":"https:\/\/www2.iepcjalisco.org.mx\/proceso-electoral-2024\/wp-json\/wp\/v2\/pages\/4082\/revisions"}],"predecessor-version":[{"id":6649,"href":"https:\/\/www2.iepcjalisco.org.mx\/proceso-electoral-2024\/wp-json\/wp\/v2\/pages\/4082\/revisions\/6649"}],"wp:attachment":[{"href":"https:\/\/www2.iepcjalisco.org.mx\/proceso-electoral-2024\/wp-json\/wp\/v2\/media?parent=4082"}],"curies":[{"name":"wp","href":"https:\/\/api.w.org\/{rel}","templated":true}]}}