{"id":572,"date":"2024-01-10T16:17:33","date_gmt":"2024-01-10T22:17:33","guid":{"rendered":"https:\/\/www2.iepcjalisco.org.mx\/proceso-electoral-2024\/?page_id=572"},"modified":"2026-02-25T13:09:53","modified_gmt":"2026-02-25T19:09:53","slug":"igualdad-registro-estatal-de-personas-sancionadas","status":"publish","type":"page","link":"https:\/\/www2.iepcjalisco.org.mx\/proceso-electoral-2024\/igualdad-registro-estatal-de-personas-sancionadas\/","title":{"rendered":"Igualdad\/registro estatal de personas sancionadas"},"content":{"rendered":"\t\t<div data-elementor-type=\"wp-page\" data-elementor-id=\"572\" class=\"elementor elementor-572\">\n\t\t\t\t<div class=\"elementor-element elementor-element-fbd837c e-con-full e-flex e-con e-parent\" data-id=\"fbd837c\" data-element_type=\"container\">\n\t\t\t\t<div class=\"elementor-element elementor-element-e0fc227 elementor-widget elementor-widget-image\" data-id=\"e0fc227\" data-element_type=\"widget\" data-widget_type=\"image.default\">\n\t\t\t\t<div class=\"elementor-widget-container\">\n\t\t\t\t\t\t\t\t\t\t\t\t\t\t\t<img fetchpriority=\"high\" decoding=\"async\" width=\"1920\" height=\"554\" src=\"https:\/\/www2.iepcjalisco.org.mx\/proceso-electoral-2024\/wp-content\/uploads\/2023\/12\/Igualdad-IEPC-2024.png\" class=\"attachment-full size-full wp-image-222\" alt=\"\" srcset=\"https:\/\/www2.iepcjalisco.org.mx\/proceso-electoral-2024\/wp-content\/uploads\/2023\/12\/Igualdad-IEPC-2024.png 1920w, https:\/\/www2.iepcjalisco.org.mx\/proceso-electoral-2024\/wp-content\/uploads\/2023\/12\/Igualdad-IEPC-2024-300x87.png 300w, https:\/\/www2.iepcjalisco.org.mx\/proceso-electoral-2024\/wp-content\/uploads\/2023\/12\/Igualdad-IEPC-2024-1024x295.png 1024w, https:\/\/www2.iepcjalisco.org.mx\/proceso-electoral-2024\/wp-content\/uploads\/2023\/12\/Igualdad-IEPC-2024-768x222.png 768w, https:\/\/www2.iepcjalisco.org.mx\/proceso-electoral-2024\/wp-content\/uploads\/2023\/12\/Igualdad-IEPC-2024-1536x443.png 1536w\" sizes=\"(max-width: 1920px) 100vw, 1920px\" \/>\t\t\t\t\t\t\t\t\t\t\t\t\t\t\t<\/div>\n\t\t\t\t<\/div>\n\t\t\t\t<div class=\"elementor-element elementor-element-dba4759 elementor-widget elementor-widget-spacer\" data-id=\"dba4759\" data-element_type=\"widget\" data-widget_type=\"spacer.default\">\n\t\t\t\t<div class=\"elementor-widget-container\">\n\t\t\t\t\t\t\t<div class=\"elementor-spacer\">\n\t\t\t<div class=\"elementor-spacer-inner\"><\/div>\n\t\t<\/div>\n\t\t\t\t\t\t<\/div>\n\t\t\t\t<\/div>\n\t\t\t\t<\/div>\n\t\t<div class=\"elementor-element elementor-element-38304b36 e-con-full e-flex e-con e-parent\" data-id=\"38304b36\" data-element_type=\"container\">\n\t\t\t\t<div class=\"elementor-element elementor-element-768eb4e5 eael-dual-header-content-align-center elementor-widget elementor-widget-eael-dual-color-header\" data-id=\"768eb4e5\" data-element_type=\"widget\" data-widget_type=\"eael-dual-color-header.default\">\n\t\t\t\t<div class=\"elementor-widget-container\">\n\t\t\t\t\t\n\t\t        <div class=\"eael-dual-header\">\n\t\t\t\t<h2 class=\"title\"><span  class=\"lead solid-color\">Registro Estatal de Personas Sancionadas por <\/span> <span>Violencia Pol\u00edtica contra las mujeres en raz\u00f3n de g\u00e9nero<\/span><\/h2>\n\t\t\t\t<span class=\"subtext\"><\/span>\n\t\t\t\t\t<span class=\"eael-dch-svg-icon\"><\/span>\t\t\t\t<\/div>\n\t\n\t\t\n\t\t\n\t\t\n\t\t\t\t\t\t<\/div>\n\t\t\t\t<\/div>\n\t\t\t\t<div class=\"elementor-element elementor-element-296165b0 elementor-widget-divider--view-line elementor-widget elementor-widget-divider\" data-id=\"296165b0\" data-element_type=\"widget\" data-widget_type=\"divider.default\">\n\t\t\t\t<div class=\"elementor-widget-container\">\n\t\t\t\t\t\t\t<div class=\"elementor-divider\">\n\t\t\t<span class=\"elementor-divider-separator\">\n\t\t\t\t\t\t<\/span>\n\t\t<\/div>\n\t\t\t\t\t\t<\/div>\n\t\t\t\t<\/div>\n\t\t\t\t<div class=\"elementor-element elementor-element-193b6836 elementor-widget elementor-widget-spacer\" data-id=\"193b6836\" data-element_type=\"widget\" data-widget_type=\"spacer.default\">\n\t\t\t\t<div class=\"elementor-widget-container\">\n\t\t\t\t\t\t\t<div class=\"elementor-spacer\">\n\t\t\t<div class=\"elementor-spacer-inner\"><\/div>\n\t\t<\/div>\n\t\t\t\t\t\t<\/div>\n\t\t\t\t<\/div>\n\t\t\t\t<\/div>\n\t\t<div class=\"elementor-element elementor-element-5350868 e-flex e-con-boxed e-con e-parent\" data-id=\"5350868\" data-element_type=\"container\">\n\t\t\t\t\t<div class=\"e-con-inner\">\n\t\t\t\t<div class=\"elementor-element elementor-element-4034f6f elementor-widget elementor-widget-text-editor\" data-id=\"4034f6f\" data-element_type=\"widget\" data-widget_type=\"text-editor.default\">\n\t\t\t\t<div class=\"elementor-widget-container\">\n\t\t\t\t\t\t\t\t\t<p>El Registro Estatal de Personas Sancionadas por Violencia Pol\u00edtica contra las mujeres en raz\u00f3n de g\u00e9nero es un registro p\u00fablico y accesible donde las personas sancionadas por VPMRG as\u00ed como los detalles del caso.<\/p>\t\t\t\t\t\t\t\t<\/div>\n\t\t\t\t<\/div>\n\t\t\t\t<div class=\"elementor-element elementor-element-3447c66 elementor-widget elementor-widget-html\" data-id=\"3447c66\" data-element_type=\"widget\" data-widget_type=\"html.default\">\n\t\t\t\t<div class=\"elementor-widget-container\">\n\t\t\t\t\t\n<div id=\"div1\">\n    <style type=\"text\/css\">\n        #div1 {\n         overflow:scroll;\n         height:265PX;\n         width:1100px;\n            \n        }\n        #div1 table {\n        width:7000px;\n        background-color:;\n        }\n        \n        th, td {\n        width: auto;\n        border: 1px solid #aaa9a9;\n        border-collapse: collapse;\n        padding:.5EM;\n        text-align:center;\n        font-size:.9em;\n        word-break: keep-all;\n        }\n        \n        tr:first-child {\n            background-color:#B7DEE8;\n            font-weight: 600;\n        }\n        \n        tr:nth-child(0n+2) {background-color:#0000; color:#;\n        }\n\n    <\/style>\n\n<table>\n    <tr>\n        <td>Nombre<\/td>\n        <td> Sexo<\/td>\n        <td>\u00c1mbito Territorial<\/td>\n        <td>Entidad Federativa<\/td>\n        <td>Municipio<\/td>\n        <td>Cargo desempe\u00f1ado por la persona infractora al momento de la sanci\u00f3n<\/td>\n        <td>Partido pol\u00edtico, coalici\u00f3n postulante o candidatura independiente<\/td>\n        <td>Relaci\u00f3n con la victima (jerarquica, pares, opositores, subordinaci\u00f3n)<\/td>\n        <td>N\u00famero De Expediente<\/td>\n        <td>Incidencia<\/td>\n        <td>\u00d3rgano Resolutor<\/td>\n        <td>Fecha De La Resoluci\u00f3n<\/td>\n        <td>Conducta<\/td>\n        <td>Sanci\u00f3n<\/td>\n        <td>Permanencia<\/td>\n        <td>Reincidencia De La Conducta<\/td>\n        <td>Resoluci\u00f3n Penal<\/td>\n        <td>Analiz\u00f3 Modo Honesto De Vivir<\/td>\n        <td>Cumple Modo Honesto De Vivir<\/td>\n        <td>Calidad del sujeto infractor <\/td>\n        <td>Documento Enlace<\/td>\n        <td>Enlace Utce Temporalidad<\/td>\n        <td>Interseccion de la v\u00edctima<\/td>\n        <td>Tipo de violencia <\/td>\n        <td>Modalidad de violencia<\/td>\n        <td>Medidas de reparacion <\/td>\n        \n    <\/tr>\n    <tr>\n        <td>ALFREDO P\u00c9REZ HERRERA<\/td>\n        <td>Hombre<\/td>\n        <td>Estatal<\/td>\n        <td>Jalisco<\/td>\n        <td>Zapotl\u00e1n el Grande<\/td>\n        <td>Director y propietario del peri\u00f3dico \"LA VOZ del Sur de Jalisco\"<\/td>\n        <td>No aplica <\/td>\n        <td>Ninguna<\/td>\n        <td>PSE-TEJ-008\/2021<\/td>\n        <td>No aplica <\/td>\n        <td>TE<\/td>\n        <td>22\/02\/2021<\/td>\n        <td>Publicaci\u00f3n en 1ra plana de dos mujeres ri\u00f1endo tomadas del cabello, con el t\u00edtulo \"Mujeres pelear\u00e1n por la alcald\u00eda de Zapotl\u00e1n, dando a entender que las contiendas entre mujeres no son racionales, desincentivando su participaci\u00f3n pol\u00edtica.<\/td>\n        <td>Amonestaci\u00f3n p\u00fablica; grave especial<\/td>\n        <td>29\/12\/2027<\/td>\n        <td>NULL<\/td>\n        <td>No<\/td>\n        <td>No<\/td>\n        <td>No aplica <\/td>\n        <td>Medio de comunicaci\u00f3n <\/td>\n        <td><a href=\"https:\/\/www.triejal.gob.mx\/pse-tej-008-2021\/\">Enlace<\/a> <\/td>\n        <td><a href=\"https:\/\/www2.iepcjalisco.org.mx\/proceso-electoral-2021\/wp-content\/uploads\/2021\/04\/Acuerdo-de-SE-materia-de-violencia-politica-contra-mujeres-en-razon-de-genero.pdf\">Enlace<\/a> <\/td>\n        <td>No aplica<\/td>\n        <td>Simb\u00f3lica<\/td>\n        <td>No lo analiza<\/td>\n        <td>Disculpa p\u00fablica,Medidas de no repetici\u00f3n<\/td>\n       \n    <\/tr><!--\n    <tr>\n        <td>C\u00c9SAR LANGARICA SANTANA<\/td>\n        <td>Hombre<\/td>\n        <td>Estatal<\/td>\n        <td>Jalisco<\/td>\n        <td>NULL<\/td>\n        <td>Periodista<\/td>\n        <td>No aplica <\/td>\n        <td>Ninguna<\/td>\n        <td>PSE-TEJ-171\/2021<\/td>\n        <td>No aplica<\/td>\n        <td>TE<\/td>\n        <td>22 de octubre de 2021<\/td>\n        <td>Publicaci\u00f3n de notas period\u00edsticas que reproducen estereotipos de g\u00e9nero con la finalidad de denostar la capacidad intelectual de la v\u00edctima, y da\u00f1ar su dignidad e integridad.<\/td>\n        <td>Amonestaci\u00f3n p\u00fablica; leve<\/td>\n        <td>07\/11\/2025<\/td>\n        <td>No<\/td>\n        <td>No<\/td>\n        <td>No<\/td>\n        <td>No aplica <\/td>\n        <td>Propietario de la p\u00e1gina \"Reporte Diario\"<\/td>\n        <td><a href=\"https:\/\/www.triejal.gob.mx\/pse-tej-171-2021\/\">Enlace<\/a> <\/td>\n        <td><a href=\"https:\/\/www2.iepcjalisco.org.mx\/proceso-electoral-2021\/wp-content\/uploads\/2021\/11\/Ac.-Aprobado-Temporalidad-171-2021.pdf\">Enlace<\/a> <\/td>\n        <td>No aplica<\/td>\n        <td>Simb\u00f3lica<\/td>\n        <td>No lo analiza<\/td>\n        <td>Medidas de no repetici\u00f3n<\/td>\n        \n    <\/tr>-->\n    \n    <tr>\n        <td>MAR\u00cdA DEL CARMEN V\u00c1ZQUEZ AMADOR<\/td>\n        <td>Mujer<\/td>\n        <td>Municipal<\/td>\n        <td>Jalisco<\/td>\n        <td>Tlajomulco de Z\u00fa\u00f1iga<\/td>\n        <td>Periodista <\/td>\n        <td>No aplica <\/td>\n        <td>Ninguna<\/td>\n        <td> PSE-TEJ-034\/2021<\/td>\n        <td>No aplica <\/td>\n        <td>TE<\/td>\n        <td>13\/05\/2021<\/td>\n        <td>Expresiones realizadas en 5 videos publicados en Facebook, que da\u00f1an la dignidad e integridad de la victima, en el ejercicio de sus derechos pol\u00edticos y electorales<\/td>\n        <td>Amonestaci\u00f3n p\u00fablica, leve<\/td>\n        <td>03\/02\/2027<\/td>\n        <td>No<\/td>\n        <td>No<\/td>\n        <td>No<\/td>\n        <td>No aplica <\/td>\n        <td>Medio de comunicaci\u00f3n<\/td>\n        <td><a href=\"https:\/\/www.triejal.gob.mx\/pse-tej-034-2021\/\">Enlace<\/a> <\/td>\n        <td><a href=\"https:\/\/www2.iepcjalisco.org.mx\/proceso-electoral-2021\/wp-content\/uploads\/2021\/08\/2-CASO-Acuerdo-SE-Temporalidad-Registro-Violencia-Maria-del-Carmen-Vazquez-Amador-1.pdf\">Enlace<\/a> <\/td>\n        <td>Persona con discapacidad<\/td>\n        <td>Verbal<\/td>\n        <td>No lo analiza<\/td>\n        <td>Medidas de no repetici\u00f3n<\/td>\n       \n    <\/tr>\n    <tr>\n        <td>TV ZAC SOCIEDAD AN\u00d3NIMA DE CAPITAL VARIABLE<\/td>\n        <td>Persona Moral<\/td>\n        <td>Estatal<\/td>\n        <td>Jalisco<\/td>\n        <td>No aplica <\/td>\n        <td>Responsable del medio de comunicaci\u00f3n \"El Diario NTR, Periodismo Cr\u00edtico\"<\/td>\n        <td>No aplica <\/td>\n        <td>No aplica <\/td>\n        <td>PSE-TEJ-054\/2024<\/td>\n        <td>No aplica <\/td>\n        <td>TE<\/td>\n        <td>10\/09\/2024<\/td>\n        <td>Difusi\u00f3n y publicaci\u00f3n de de una caricatura en un medio de comunicaci\u00f3n, cuyo contenido minimizaba y denostaba las capacidades de una candidata, as\u00ed como sexualizando su imagen, mediante mensajes de naturaleza sublimina.<\/td>\n        <td>Amonestaci\u00f3n p\u00fablica; leve<\/td>\n        <td>29\/11\/2027<\/td>\n        <td>No<\/td>\n        <td>No<\/td>\n        <td>No<\/td>\n        <td>No aplica <\/td>\n        <td>Medio de Comunicaci\u00f3n<\/td>\n        <td><a href=\"https:\/\/www.triejal.gob.mx\/wp-content\/uploads\/2024\/09\/PSE-TEJ-054-2024-VP.pdf\">Enlace<\/a> <\/td>\n        <td><a href=\"https:\/\/www.triejal.gob.mx\/wp-content\/uploads\/2024\/09\/PSE-TEJ-054-2024-VP.pdf\">Enlace<\/a> <\/td>\n        <td>No aplica<\/td>\n        <td>Simb\u00f3lica<\/td>\n        <td>Digital<\/td>\n        <td>Disculpa p\u00fablica; Medidas de no repetici\u00f3n<\/td>\n        \n    <\/tr>\n    <tr>\n        <td>AGUSTIN PABLO QUEZADA G\u00c1MEZ<\/td>\n        <td>Hombre<\/td>\n        <td>Estatal<\/td>\n        <td>Jalisco<\/td>\n        <td>No aplica <\/td>\n        <td>Periodista<\/td>\n        <td>No aplica <\/td>\n        <td>No aplica <\/td>\n        <td>PSE-TEJ-054\/2025<\/td>\n        <td>No aplica <\/td>\n        <td>TE<\/td>\n        <td>10\/09\/2024<\/td>\n        <td>Elaboraci\u00f3n de de una caricatura en un medio de comunicaci\u00f3n, cuyo contenido minimizaba y denostaba las capacidades de una candidata, as\u00ed como sexualizando su imagen, mediante mensajes de naturaleza sublimina.<\/td>\n        <td>Amonestaci\u00f3n p\u00fablica; leve<\/td>\n        <td>30\/11\/2027<\/td>\n        <td>No<\/td>\n        <td>No<\/td>\n        <td>No<\/td>\n        <td>No aplica <\/td>\n        <td>Medio de Comunicaci\u00f3n<\/td>\n        <td><a href=\"https:\/\/www.triejal.gob.mx\/wp-content\/uploads\/2024\/09\/PSE-TEJ-054-2024-VP.pdf\">Enlace<\/a> <\/td>\n        <td><a href=\"https:\/\/www.triejal.gob.mx\/wp-content\/uploads\/2024\/09\/PSE-TEJ-054-2024-VP.pdf\">Enlace<\/a> <\/td>\n        <td>No aplica<\/td>\n        <td>Simb\u00f3lica<\/td>\n        <td>Digital<\/td>\n        <td>Disculpa p\u00fablica; Medidas de no repetici\u00f3n. Deber\u00e1 asistir a un curso-taller para adquirir herramientas metodol\u00f3gicas para la prevenci\u00f3n de cualquier tipo de violencia contra las mujeres<\/td>\n        \n    <\/tr>    \n      <tr>\n        <td>BERNARDO JAUREGUI VALDIVIA<\/td>\n        <td>Hombre<\/td>\n        <td>Estatal<\/td>\n        <td>Jalisco<\/td>\n        <td>No aplica <\/td>\n        <td>Funcionario p\u00fablico municipal<\/td>\n        <td>No aplica <\/td>\n        <td>No aplica <\/td>\n        <td>PSE-TEJ-003\/2025<\/td>\n        <td>No aplica <\/td>\n        <td>TE<\/td>\n        <td>29\/11\/2025<\/td>\n        <td>Publicaci\u00f3n de video en Facebook emitiendo mensajes cargados de violencia verbal y simb\u00f3lica, basados en estereotipos de g\u00e9nero, minimizando sus capacidades y trayectoria pol\u00edtica.<\/td>\n        <td>Amonestaci\u00f3n p\u00fablica, lev\u00edsima.<\/td>\n        <td>11\/12\/2026<\/td>\n        <td>No<\/td>\n        <td>No<\/td>\n        <td>No<\/td>\n        <td>No aplica <\/td>\n        <td>Ciudadano<\/td>\n        <td><a href=\"https:\/\/www.triejal.gob.mx\/pse-tej-003-2025\/\">Enlace<\/a> <\/td>\n        <td><a href=\"https:\/\/www.triejal.gob.mx\/pse-tej-003-2025\/\">Enlace<\/a> <\/td>\n        <td>No aplica<\/td>\n        <td>Somb\u00f3lica y verbal<\/td>\n        <td>Digital<\/td>\n        <td>Medidas de no repetici\u00f3n y disculpa p\u00fablica.<\/td>\n        \n    <\/tr>    \n\n<\/table>\n\n<\/div>\t\t\t\t<\/div>\n\t\t\t\t<\/div>\n\t\t\t\t<div class=\"elementor-element elementor-element-a090e24 elementor-widget elementor-widget-spacer\" data-id=\"a090e24\" data-element_type=\"widget\" data-widget_type=\"spacer.default\">\n\t\t\t\t<div class=\"elementor-widget-container\">\n\t\t\t\t\t\t\t<div class=\"elementor-spacer\">\n\t\t\t<div class=\"elementor-spacer-inner\"><\/div>\n\t\t<\/div>\n\t\t\t\t\t\t<\/div>\n\t\t\t\t<\/div>\n\t\t\t\t<div class=\"elementor-element elementor-element-4f74314 elementor-icon-list--layout-traditional elementor-list-item-link-full_width elementor-widget elementor-widget-icon-list\" data-id=\"4f74314\" data-element_type=\"widget\" data-widget_type=\"icon-list.default\">\n\t\t\t\t<div class=\"elementor-widget-container\">\n\t\t\t\t\t\t\t<ul class=\"elementor-icon-list-items\">\n\t\t\t\t\t\t\t<li class=\"elementor-icon-list-item\">\n\t\t\t\t\t\t\t\t\t\t\t<a href=\"https:\/\/www2.iepcjalisco.org.mx\/proceso-electoral-2024\/wp-content\/uploads\/2024\/06\/LineamientoREPS.docx\" target=\"_blank\">\n\n\t\t\t\t\t\t\t\t\t\t\t\t<span class=\"elementor-icon-list-icon\">\n\t\t\t\t\t\t\t<svg aria-hidden=\"true\" class=\"e-font-icon-svg e-far-file-word\" viewBox=\"0 0 384 512\" xmlns=\"http:\/\/www.w3.org\/2000\/svg\"><path d=\"M369.9 97.9L286 14C277 5 264.8-.1 252.1-.1H48C21.5 0 0 21.5 0 48v416c0 26.5 21.5 48 48 48h288c26.5 0 48-21.5 48-48V131.9c0-12.7-5.1-25-14.1-34zM332.1 128H256V51.9l76.1 76.1zM48 464V48h160v104c0 13.3 10.7 24 24 24h104v288H48zm220.1-208c-5.7 0-10.6 4-11.7 9.5-20.6 97.7-20.4 95.4-21 103.5-.2-1.2-.4-2.6-.7-4.3-.8-5.1.3.2-23.6-99.5-1.3-5.4-6.1-9.2-11.7-9.2h-13.3c-5.5 0-10.3 3.8-11.7 9.1-24.4 99-24 96.2-24.8 103.7-.1-1.1-.2-2.5-.5-4.2-.7-5.2-14.1-73.3-19.1-99-1.1-5.6-6-9.7-11.8-9.7h-16.8c-7.8 0-13.5 7.3-11.7 14.8 8 32.6 26.7 109.5 33.2 136 1.3 5.4 6.1 9.1 11.7 9.1h25.2c5.5 0 10.3-3.7 11.6-9.1l17.9-71.4c1.5-6.2 2.5-12 3-17.3l2.9 17.3c.1.4 12.6 50.5 17.9 71.4 1.3 5.3 6.1 9.1 11.6 9.1h24.7c5.5 0 10.3-3.7 11.6-9.1 20.8-81.9 30.2-119 34.5-136 1.9-7.6-3.8-14.9-11.6-14.9h-15.8z\"><\/path><\/svg>\t\t\t\t\t\t<\/span>\n\t\t\t\t\t\t\t\t\t\t<span class=\"elementor-icon-list-text\">LineamientoREPS<\/span>\n\t\t\t\t\t\t\t\t\t\t\t<\/a>\n\t\t\t\t\t\t\t\t\t<\/li>\n\t\t\t\t\t\t<\/ul>\n\t\t\t\t\t\t<\/div>\n\t\t\t\t<\/div>\n\t\t\t\t<div class=\"elementor-element elementor-element-2c1f66f elementor-widget elementor-widget-spacer\" data-id=\"2c1f66f\" data-element_type=\"widget\" data-widget_type=\"spacer.default\">\n\t\t\t\t<div class=\"elementor-widget-container\">\n\t\t\t\t\t\t\t<div class=\"elementor-spacer\">\n\t\t\t<div class=\"elementor-spacer-inner\"><\/div>\n\t\t<\/div>\n\t\t\t\t\t\t<\/div>\n\t\t\t\t<\/div>\n\t\t\t\t\t<\/div>\n\t\t\t\t<\/div>\n\t\t\t\t<\/div>\n\t\t","protected":false},"excerpt":{"rendered":"<p>Registro Estatal de Personas Sancionadas por Violencia Pol\u00edtica contra las mujeres en raz\u00f3n de g\u00e9nero El Registro Estatal de Personas Sancionadas por Violencia Pol\u00edtica contra las mujeres en raz\u00f3n de g\u00e9nero es un registro p\u00fablico y accesible donde las personas sancionadas por VPMRG as\u00ed como los detalles del caso. Nombre Sexo \u00c1mbito Territorial Entidad Federativa [&hellip;]<\/p>\n","protected":false},"author":1,"featured_media":0,"parent":0,"menu_order":0,"comment_status":"closed","ping_status":"closed","template":"","meta":{"_eb_attr":"","footnotes":""},"class_list":["post-572","page","type-page","status-publish","hentry"],"_links":{"self":[{"href":"https:\/\/www2.iepcjalisco.org.mx\/proceso-electoral-2024\/wp-json\/wp\/v2\/pages\/572","targetHints":{"allow":["GET"]}}],"collection":[{"href":"https:\/\/www2.iepcjalisco.org.mx\/proceso-electoral-2024\/wp-json\/wp\/v2\/pages"}],"about":[{"href":"https:\/\/www2.iepcjalisco.org.mx\/proceso-electoral-2024\/wp-json\/wp\/v2\/types\/page"}],"author":[{"embeddable":true,"href":"https:\/\/www2.iepcjalisco.org.mx\/proceso-electoral-2024\/wp-json\/wp\/v2\/users\/1"}],"replies":[{"embeddable":true,"href":"https:\/\/www2.iepcjalisco.org.mx\/proceso-electoral-2024\/wp-json\/wp\/v2\/comments?post=572"}],"version-history":[{"count":43,"href":"https:\/\/www2.iepcjalisco.org.mx\/proceso-electoral-2024\/wp-json\/wp\/v2\/pages\/572\/revisions"}],"predecessor-version":[{"id":8152,"href":"https:\/\/www2.iepcjalisco.org.mx\/proceso-electoral-2024\/wp-json\/wp\/v2\/pages\/572\/revisions\/8152"}],"wp:attachment":[{"href":"https:\/\/www2.iepcjalisco.org.mx\/proceso-electoral-2024\/wp-json\/wp\/v2\/media?parent=572"}],"curies":[{"name":"wp","href":"https:\/\/api.w.org\/{rel}","templated":true}]}}