{"id":602,"date":"2024-01-11T11:24:14","date_gmt":"2024-01-11T17:24:14","guid":{"rendered":"https:\/\/www2.iepcjalisco.org.mx\/proceso-electoral-2024\/?page_id=602"},"modified":"2024-03-14T13:40:52","modified_gmt":"2024-03-14T19:40:52","slug":"debates-integracion-de-la-comision","status":"publish","type":"page","link":"https:\/\/www2.iepcjalisco.org.mx\/proceso-electoral-2024\/debates-integracion-de-la-comision\/","title":{"rendered":"Debates\/integraci\u00f3n de la comisi\u00f3n"},"content":{"rendered":"\t\t<div data-elementor-type=\"wp-page\" data-elementor-id=\"602\" class=\"elementor elementor-602\">\n\t\t\t\t<div class=\"elementor-element elementor-element-fbd837c e-con-full e-flex e-con e-parent\" data-id=\"fbd837c\" data-element_type=\"container\">\n\t\t\t\t<div class=\"elementor-element elementor-element-e0fc227 elementor-widget elementor-widget-image\" data-id=\"e0fc227\" data-element_type=\"widget\" data-widget_type=\"image.default\">\n\t\t\t\t<div class=\"elementor-widget-container\">\n\t\t\t\t\t\t\t\t\t\t\t\t\t\t\t<img fetchpriority=\"high\" decoding=\"async\" width=\"1920\" height=\"668\" src=\"https:\/\/www2.iepcjalisco.org.mx\/proceso-electoral-2024\/wp-content\/uploads\/2023\/12\/Debates.png\" class=\"attachment-full size-full wp-image-195\" alt=\"\" srcset=\"https:\/\/www2.iepcjalisco.org.mx\/proceso-electoral-2024\/wp-content\/uploads\/2023\/12\/Debates.png 1920w, https:\/\/www2.iepcjalisco.org.mx\/proceso-electoral-2024\/wp-content\/uploads\/2023\/12\/Debates-300x104.png 300w, https:\/\/www2.iepcjalisco.org.mx\/proceso-electoral-2024\/wp-content\/uploads\/2023\/12\/Debates-1024x356.png 1024w, https:\/\/www2.iepcjalisco.org.mx\/proceso-electoral-2024\/wp-content\/uploads\/2023\/12\/Debates-768x267.png 768w, https:\/\/www2.iepcjalisco.org.mx\/proceso-electoral-2024\/wp-content\/uploads\/2023\/12\/Debates-1536x534.png 1536w\" sizes=\"(max-width: 1920px) 100vw, 1920px\" \/>\t\t\t\t\t\t\t\t\t\t\t\t\t\t\t<\/div>\n\t\t\t\t<\/div>\n\t\t\t\t<\/div>\n\t\t<div class=\"elementor-element elementor-element-2bfcda09 e-con-full e-flex e-con e-parent\" data-id=\"2bfcda09\" data-element_type=\"container\">\n\t\t\t\t<div class=\"elementor-element elementor-element-41f539e6 eael-dual-header-content-align-center elementor-widget elementor-widget-eael-dual-color-header\" data-id=\"41f539e6\" data-element_type=\"widget\" data-widget_type=\"eael-dual-color-header.default\">\n\t\t\t\t<div class=\"elementor-widget-container\">\n\t\t\t\t\t\n\t\t        <div class=\"eael-dual-header\">\n\t\t\t\t<h2 class=\"title\"><span  class=\"lead solid-color\">Integraci\u00f3n de la Comisi\u00f3n de<\/span> <span>Debates<\/span><\/h2>\n\t\t\t\t<span class=\"subtext\"><\/span>\n\t\t\t\t\t<span class=\"eael-dch-svg-icon\"><\/span>\t\t\t\t<\/div>\n\t\n\t\t\n\t\t\n\t\t\n\t\t\t\t\t\t<\/div>\n\t\t\t\t<\/div>\n\t\t\t\t<div class=\"elementor-element elementor-element-351c3fc9 elementor-widget-divider--view-line elementor-widget elementor-widget-divider\" data-id=\"351c3fc9\" data-element_type=\"widget\" data-widget_type=\"divider.default\">\n\t\t\t\t<div class=\"elementor-widget-container\">\n\t\t\t\t\t\t\t<div class=\"elementor-divider\">\n\t\t\t<span class=\"elementor-divider-separator\">\n\t\t\t\t\t\t<\/span>\n\t\t<\/div>\n\t\t\t\t\t\t<\/div>\n\t\t\t\t<\/div>\n\t\t\t\t<div class=\"elementor-element elementor-element-4d4b5b65 elementor-widget elementor-widget-spacer\" data-id=\"4d4b5b65\" data-element_type=\"widget\" data-widget_type=\"spacer.default\">\n\t\t\t\t<div class=\"elementor-widget-container\">\n\t\t\t\t\t\t\t<div class=\"elementor-spacer\">\n\t\t\t<div class=\"elementor-spacer-inner\"><\/div>\n\t\t<\/div>\n\t\t\t\t\t\t<\/div>\n\t\t\t\t<\/div>\n\t\t\t\t<\/div>\n\t\t<div class=\"elementor-element elementor-element-626352a e-flex e-con-boxed e-con e-parent\" data-id=\"626352a\" data-element_type=\"container\">\n\t\t\t\t\t<div class=\"e-con-inner\">\n\t\t<div class=\"elementor-element elementor-element-57d7ad4 e-con-full e-flex e-con e-child\" data-id=\"57d7ad4\" data-element_type=\"container\">\n\t\t\t\t<div class=\"elementor-element elementor-element-6ad2b53 eael-team-align-eael-team-align-default elementor-widget elementor-widget-eael-team-member\" data-id=\"6ad2b53\" data-element_type=\"widget\" data-widget_type=\"eael-team-member.default\">\n\t\t\t\t<div class=\"elementor-widget-container\">\n\t\t\t\t\t\n\n\t<div id=\"eael-team-member-6ad2b53\" class=\"eael-team-item eael-team-members-simple \">\n\t\t<div class=\"eael-team-item-inner\">\n\t\t\t<div class=\"eael-team-image\">\n\t\t\t\t<figure>\n\t\t\t\t\t<img decoding=\"async\" src=\"https:\/\/www2.iepcjalisco.org.mx\/proceso-electoral-2024\/wp-content\/uploads\/2024\/01\/Claudia-Vargas.png\" alt=\"\">\n\t\t\t\t<\/figure>\n\t\t\t\t\n\t\t\t\t\n\t\t\t<\/div>\n\n\t\t\t<div class=\"eael-team-content\">\n\t\t\t\t<h3 class=\"eael-team-member-name\">Claudia Alejandra Vargas Bautista (presidenta)<\/h3>\n\t\t\t\t<h4 class=\"eael-team-member-position\">Consejera Electoral<\/h4>\n\n\t\t\t\t\t\t\t\t\t\t\t\t\t\t<p class=\"eael-team-text\"><\/p>\n\t\t\t\t\t\t\t<\/div>\n\t\t<\/div>\n\t<\/div>\n\t\t\t\t\t<\/div>\n\t\t\t\t<\/div>\n\t\t\t\t<\/div>\n\t\t<div class=\"elementor-element elementor-element-041d826 e-con-full e-flex e-con e-child\" data-id=\"041d826\" data-element_type=\"container\">\n\t\t\t\t<div class=\"elementor-element elementor-element-1411d7e eael-team-align-eael-team-align-default elementor-widget elementor-widget-eael-team-member\" data-id=\"1411d7e\" data-element_type=\"widget\" data-widget_type=\"eael-team-member.default\">\n\t\t\t\t<div class=\"elementor-widget-container\">\n\t\t\t\t\t\n\n\t<div id=\"eael-team-member-1411d7e\" class=\"eael-team-item eael-team-members-simple \">\n\t\t<div class=\"eael-team-item-inner\">\n\t\t\t<div class=\"eael-team-image\">\n\t\t\t\t<figure>\n\t\t\t\t\t<img decoding=\"async\" src=\"https:\/\/www2.iepcjalisco.org.mx\/proceso-electoral-2024\/wp-content\/uploads\/2024\/01\/Brenda-Judith-Serafin.png\" alt=\"\">\n\t\t\t\t<\/figure>\n\t\t\t\t\n\t\t\t\t\n\t\t\t<\/div>\n\n\t\t\t<div class=\"eael-team-content\">\n\t\t\t\t<h3 class=\"eael-team-member-name\">Brenda Judith Seraf\u00edn Morf\u00edn<\/h3>\n\t\t\t\t<h4 class=\"eael-team-member-position\">Consejera Electoral<\/h4>\n\n\t\t\t\t\t\t\t\t\t\t\t\t\t\t<p class=\"eael-team-text\"><\/p>\n\t\t\t\t\t\t\t<\/div>\n\t\t<\/div>\n\t<\/div>\n\t\t\t\t\t<\/div>\n\t\t\t\t<\/div>\n\t\t\t\t<\/div>\n\t\t<div class=\"elementor-element elementor-element-25a6d8e e-con-full e-flex e-con e-child\" data-id=\"25a6d8e\" data-element_type=\"container\">\n\t\t\t\t<div class=\"elementor-element elementor-element-81df35a eael-team-align-eael-team-align-default elementor-widget elementor-widget-eael-team-member\" data-id=\"81df35a\" data-element_type=\"widget\" data-widget_type=\"eael-team-member.default\">\n\t\t\t\t<div class=\"elementor-widget-container\">\n\t\t\t\t\t\n\n\t<div id=\"eael-team-member-81df35a\" class=\"eael-team-item eael-team-members-simple \">\n\t\t<div class=\"eael-team-item-inner\">\n\t\t\t<div class=\"eael-team-image\">\n\t\t\t\t<figure>\n\t\t\t\t\t<img decoding=\"async\" src=\"https:\/\/www2.iepcjalisco.org.mx\/proceso-electoral-2024\/wp-content\/uploads\/2024\/01\/Miguel-Godinez.png\" alt=\"\">\n\t\t\t\t<\/figure>\n\t\t\t\t\n\t\t\t\t\n\t\t\t<\/div>\n\n\t\t\t<div class=\"eael-team-content\">\n\t\t\t\t<h3 class=\"eael-team-member-name\">Miguel God\u00ednez Terr\u00edquez<\/h3>\n\t\t\t\t<h4 class=\"eael-team-member-position\">Consejero Electoral<\/h4>\n\n\t\t\t\t\t\t\t\t\t\t\t\t\t\t<p class=\"eael-team-text\"><\/p>\n\t\t\t\t\t\t\t<\/div>\n\t\t<\/div>\n\t<\/div>\n\t\t\t\t\t<\/div>\n\t\t\t\t<\/div>\n\t\t\t\t<\/div>\n\t\t\t\t\t<\/div>\n\t\t\t\t<\/div>\n\t\t<div class=\"elementor-element elementor-element-cb7f275 e-flex e-con-boxed e-con e-parent\" data-id=\"cb7f275\" data-element_type=\"container\">\n\t\t\t\t\t<div class=\"e-con-inner\">\n\t\t\t\t<div class=\"elementor-element elementor-element-fa5311a elementor-align-justify elementor-widget__width-initial elementor-widget elementor-widget-button\" data-id=\"fa5311a\" data-element_type=\"widget\" data-widget_type=\"button.default\">\n\t\t\t\t<div class=\"elementor-widget-container\">\n\t\t\t\t\t\t\t\t\t<div class=\"elementor-button-wrapper\">\n\t\t\t\t\t<a class=\"elementor-button elementor-button-link elementor-size-xl\" href=\"https:\/\/www.iepcjalisco.org.mx\/transparencia\/articulo-38\/comisiones\/2024?tid=192\" target=\"_blank\">\n\t\t\t\t\t\t<span class=\"elementor-button-content-wrapper\">\n\t\t\t\t\t\t\t\t\t<span class=\"elementor-button-text\">Sesiones de la comisi\u00f3n<\/span>\n\t\t\t\t\t<\/span>\n\t\t\t\t\t<\/a>\n\t\t\t\t<\/div>\n\t\t\t\t\t\t\t\t<\/div>\n\t\t\t\t<\/div>\n\t\t\t\t<div class=\"elementor-element elementor-element-6dcf43f elementor-widget elementor-widget-spacer\" data-id=\"6dcf43f\" data-element_type=\"widget\" data-widget_type=\"spacer.default\">\n\t\t\t\t<div class=\"elementor-widget-container\">\n\t\t\t\t\t\t\t<div class=\"elementor-spacer\">\n\t\t\t<div class=\"elementor-spacer-inner\"><\/div>\n\t\t<\/div>\n\t\t\t\t\t\t<\/div>\n\t\t\t\t<\/div>\n\t\t\t\t\t<\/div>\n\t\t\t\t<\/div>\n\t\t<div class=\"elementor-element elementor-element-1ff7622 e-flex e-con-boxed e-con e-parent\" data-id=\"1ff7622\" data-element_type=\"container\">\n\t\t\t\t\t<div class=\"e-con-inner\">\n\t\t\t\t<div class=\"elementor-element elementor-element-d74211e elementor-widget elementor-widget-heading\" data-id=\"d74211e\" data-element_type=\"widget\" data-widget_type=\"heading.default\">\n\t\t\t\t<div class=\"elementor-widget-container\">\n\t\t\t\t\t<h4 class=\"elementor-heading-title elementor-size-default\">\u00bfQu\u00e9 es la Comisi\u00f3n Temporal de Debates?<\/h4>\t\t\t\t<\/div>\n\t\t\t\t<\/div>\n\t\t\t\t<div class=\"elementor-element elementor-element-68019b2 elementor-widget elementor-widget-text-editor\" data-id=\"68019b2\" data-element_type=\"widget\" data-widget_type=\"text-editor.default\">\n\t\t\t\t<div class=\"elementor-widget-container\">\n\t\t\t\t\t\t\t\t\t<p>Dentro de cada proceso electoral el Consejo General constituye una Comisi\u00f3n Temporal de Debates integrada por tres personas consejeras electorales, la persona titular de la Secretar\u00eda T\u00e9cnica; una persona representante propietaria o suplente designada por cada partido pol\u00edtico, coalici\u00f3n o candidatura independiente.<\/p>\t\t\t\t\t\t\t\t<\/div>\n\t\t\t\t<\/div>\n\t\t\t\t<div class=\"elementor-element elementor-element-4d75be4 elementor-widget elementor-widget-spacer\" data-id=\"4d75be4\" data-element_type=\"widget\" data-widget_type=\"spacer.default\">\n\t\t\t\t<div class=\"elementor-widget-container\">\n\t\t\t\t\t\t\t<div class=\"elementor-spacer\">\n\t\t\t<div class=\"elementor-spacer-inner\"><\/div>\n\t\t<\/div>\n\t\t\t\t\t\t<\/div>\n\t\t\t\t<\/div>\n\t\t\t\t<div class=\"elementor-element elementor-element-f11a6af elementor-widget elementor-widget-heading\" data-id=\"f11a6af\" data-element_type=\"widget\" data-widget_type=\"heading.default\">\n\t\t\t\t<div class=\"elementor-widget-container\">\n\t\t\t\t\t<h4 class=\"elementor-heading-title elementor-size-default\">Creaci\u00f3n e Integraci\u00f3n<\/h4>\t\t\t\t<\/div>\n\t\t\t\t<\/div>\n\t\t\t\t<div class=\"elementor-element elementor-element-9b5955f elementor-widget elementor-widget-text-editor\" data-id=\"9b5955f\" data-element_type=\"widget\" data-widget_type=\"text-editor.default\">\n\t\t\t\t<div class=\"elementor-widget-container\">\n\t\t\t\t\t\t\t\t\t<p>El primero de noviembre del 2023 mediante el acuerdo identificado con clave alfanum\u00e9rica <a href=\"https:\/\/www.iepcjalisco.org.mx\/sites\/default\/files\/sesiones-de-consejo\/consejo%20general\/2023-11-01\/6iepc-acg-076-2023.pdf\">IEPC-ACG-076\/2023<\/a>, el consejo General de este Instituto aprob\u00f3 la creaci\u00f3n e integraci\u00f3n de la Comisi\u00f3n Temporal de Debates.<\/p>\t\t\t\t\t\t\t\t<\/div>\n\t\t\t\t<\/div>\n\t\t\t\t\t<\/div>\n\t\t\t\t<\/div>\n\t\t<div class=\"elementor-element elementor-element-1c0f118 e-flex e-con-boxed e-con e-parent\" data-id=\"1c0f118\" data-element_type=\"container\">\n\t\t\t\t\t<div class=\"e-con-inner\">\n\t\t\t\t<div class=\"elementor-element elementor-element-0cb6fde elementor-widget-divider--view-line elementor-widget elementor-widget-divider\" data-id=\"0cb6fde\" data-element_type=\"widget\" data-widget_type=\"divider.default\">\n\t\t\t\t<div class=\"elementor-widget-container\">\n\t\t\t\t\t\t\t<div class=\"elementor-divider\">\n\t\t\t<span class=\"elementor-divider-separator\">\n\t\t\t\t\t\t<\/span>\n\t\t<\/div>\n\t\t\t\t\t\t<\/div>\n\t\t\t\t<\/div>\n\t\t\t\t<div class=\"elementor-element elementor-element-0bcf8a4 eael-dual-header-content-align-center elementor-widget elementor-widget-eael-dual-color-header\" data-id=\"0bcf8a4\" data-element_type=\"widget\" data-widget_type=\"eael-dual-color-header.default\">\n\t\t\t\t<div class=\"elementor-widget-container\">\n\t\t\t\t\t\n\t\t        <div class=\"eael-dual-header\">\n\t\t\t\t<h3 class=\"title\"><span  class=\"lead solid-color\">Consejos Distritales<\/span> <span> y Municipales<\/span><\/h3>\n\t\t\t\t<span class=\"subtext\"><\/span>\n\t\t\t\t\t<span class=\"eael-dch-svg-icon\"><\/span>\t\t\t\t<\/div>\n\t\n\t\t\n\t\t\n\t\t\n\t\t\t\t\t\t<\/div>\n\t\t\t\t<\/div>\n\t\t\t\t<div class=\"elementor-element elementor-element-103e023 elementor-widget elementor-widget-text-editor\" data-id=\"103e023\" data-element_type=\"widget\" data-widget_type=\"text-editor.default\">\n\t\t\t\t<div class=\"elementor-widget-container\">\n\t\t\t\t\t\t\t\t\t<p>La Comisi\u00f3n en coordinaci\u00f3n con los Consejos Distritales, son los encargados de organizar los debates entre diputaciones por el principio de mayor\u00eda relativa del distrito que les corresponda, as\u00ed como los debates solicitados entre candidaturas por el principio de mayor\u00eda relativa y las candidaturas a presidencias municipales de los municipios que integren el distrito.<\/p><p>En el caso de los municipios integrados por dos o m\u00e1s distritos electorales, los Consejos Municipales se encargar\u00e1n de organizar los debates.<\/p><p>Las solicitudes de debate presentadas ante el Consejo Municipal o Distrital correspondiente por partidos pol\u00edticos, coaliciones y candidaturas independientes registradas, deber\u00e1n cumplir con los siguientes requisitos:<\/p><ul><li>Nombre de la persona candidata y de la persona representante<\/li><li>Cargo para el que se postulan<\/li><li>En su caso, el partido pol\u00edtico o coalici\u00f3n que realiz\u00f3 el registro<\/li><li>Tipo de intervenci\u00f3n que se requiere del Instituto<\/li><li>Domicilio o correo electr\u00f3nico para recibir notificaciones<\/li><\/ul><p>Dichas solicitudes deber\u00e1n ser presentadas a partir de los tres d\u00edas siguientes a la fecha en la que el Consejo General apruebe el registro de las candidaturas y hasta veinte d\u00edas previos al cierre de la campa\u00f1a electoral, seg\u00fan lo estipulado en el art\u00edculo 6, fracci\u00f3n 3 del Reglamento de Debates de este Instituto.<\/p><p>Aqu\u00ed se puede consultar el <a href=\"https:\/\/www2.iepcjalisco.org.mx\/proceso-electoral-2024\/wp-content\/uploads\/2024\/03\/1-Formato-de-solicitud-de-debate.-IEPC-Jalisco.docx\">Formato de Solicitud de Debate<\/a><\/p><p>Los acuerdos realizados por la Comisi\u00f3n de debates del \u00d3rgano Desconcentrado y las personas representantes de las candidaturas o en su caso, las candidaturas, deber\u00e1n notificarse a este Instituto.<\/p><p>Aqu\u00ed se puede consultar el <a href=\"https:\/\/www2.iepcjalisco.org.mx\/proceso-electoral-2024\/wp-content\/uploads\/2024\/03\/3-Informe-tecnico-para-la-realizacion-de-debates.-IEPC-Jalisco-2024.docx\">Formato de Informe T\u00e9cnico de Debate<\/a><\/p><p>Una vez realizado el debate, los \u00d3rganos Desconcentrados deber\u00e1n presentar un Informe Final ante este Instituto.<\/p><p>Aqu\u00ed se puede consultar el <a href=\"https:\/\/www2.iepcjalisco.org.mx\/proceso-electoral-2024\/wp-content\/uploads\/2024\/03\/4-Informe-final-sobre-la-realizacion-de-debates.-IEPC-Jalisco-2024.docx\">Formato de Informe Final de Debate<\/a><\/p>\t\t\t\t\t\t\t\t<\/div>\n\t\t\t\t<\/div>\n\t\t\t\t<div class=\"elementor-element elementor-element-e74415b elementor-widget elementor-widget-spacer\" data-id=\"e74415b\" data-element_type=\"widget\" data-widget_type=\"spacer.default\">\n\t\t\t\t<div class=\"elementor-widget-container\">\n\t\t\t\t\t\t\t<div class=\"elementor-spacer\">\n\t\t\t<div class=\"elementor-spacer-inner\"><\/div>\n\t\t<\/div>\n\t\t\t\t\t\t<\/div>\n\t\t\t\t<\/div>\n\t\t\t\t\t<\/div>\n\t\t\t\t<\/div>\n\t\t\t\t<\/div>\n\t\t","protected":false},"excerpt":{"rendered":"<p>Integraci\u00f3n de la Comisi\u00f3n de Debates Claudia Alejandra Vargas Bautista (presidenta) Consejera Electoral Brenda Judith Seraf\u00edn Morf\u00edn Consejera Electoral Miguel God\u00ednez Terr\u00edquez Consejero Electoral Sesiones de la comisi\u00f3n \u00bfQu\u00e9 es la Comisi\u00f3n Temporal de Debates? Dentro de cada proceso electoral el Consejo General constituye una Comisi\u00f3n Temporal de Debates integrada por tres personas consejeras electorales, [&hellip;]<\/p>\n","protected":false},"author":1,"featured_media":0,"parent":0,"menu_order":0,"comment_status":"closed","ping_status":"closed","template":"","meta":{"_eb_attr":"","footnotes":""},"class_list":["post-602","page","type-page","status-publish","hentry"],"_links":{"self":[{"href":"https:\/\/www2.iepcjalisco.org.mx\/proceso-electoral-2024\/wp-json\/wp\/v2\/pages\/602","targetHints":{"allow":["GET"]}}],"collection":[{"href":"https:\/\/www2.iepcjalisco.org.mx\/proceso-electoral-2024\/wp-json\/wp\/v2\/pages"}],"about":[{"href":"https:\/\/www2.iepcjalisco.org.mx\/proceso-electoral-2024\/wp-json\/wp\/v2\/types\/page"}],"author":[{"embeddable":true,"href":"https:\/\/www2.iepcjalisco.org.mx\/proceso-electoral-2024\/wp-json\/wp\/v2\/users\/1"}],"replies":[{"embeddable":true,"href":"https:\/\/www2.iepcjalisco.org.mx\/proceso-electoral-2024\/wp-json\/wp\/v2\/comments?post=602"}],"version-history":[{"count":25,"href":"https:\/\/www2.iepcjalisco.org.mx\/proceso-electoral-2024\/wp-json\/wp\/v2\/pages\/602\/revisions"}],"predecessor-version":[{"id":1809,"href":"https:\/\/www2.iepcjalisco.org.mx\/proceso-electoral-2024\/wp-json\/wp\/v2\/pages\/602\/revisions\/1809"}],"wp:attachment":[{"href":"https:\/\/www2.iepcjalisco.org.mx\/proceso-electoral-2024\/wp-json\/wp\/v2\/media?parent=602"}],"curies":[{"name":"wp","href":"https:\/\/api.w.org\/{rel}","templated":true}]}}