{"id":6302,"date":"2025-02-01T12:49:38","date_gmt":"2025-02-01T18:49:38","guid":{"rendered":"https:\/\/www2.iepcjalisco.org.mx\/proceso-electoral-2024\/?page_id=6302"},"modified":"2025-10-28T14:40:46","modified_gmt":"2025-10-28T20:40:46","slug":"conformacion-ape","status":"publish","type":"page","link":"https:\/\/www2.iepcjalisco.org.mx\/proceso-electoral-2024\/conformacion-ape\/","title":{"rendered":"Conformaci\u00f3n de Agrupaciones Pol\u00edticas Estatales"},"content":{"rendered":"\t\t<div data-elementor-type=\"wp-page\" data-elementor-id=\"6302\" class=\"elementor elementor-6302\">\n\t\t\t\t<div class=\"elementor-element elementor-element-5879a0c7 e-con-full e-flex e-con e-parent\" data-id=\"5879a0c7\" data-element_type=\"container\">\n\t\t\t\t<div class=\"elementor-element elementor-element-22ebc6ae eael-dual-header-content-align-center elementor-widget elementor-widget-eael-dual-color-header\" data-id=\"22ebc6ae\" data-element_type=\"widget\" data-widget_type=\"eael-dual-color-header.default\">\n\t\t\t\t<div class=\"elementor-widget-container\">\n\t\t\t\t\t\n\t\t        <div class=\"eael-dual-header\">\n\t\t\t\t<h2 class=\"title\"><span  class=\"lead solid-color\">Conformaci\u00f3n de<\/span> <span>Agrupaciones pol\u00edticas Estatales<\/span><\/h2>\n\t\t\t\t<span class=\"subtext\"><\/span>\n\t\t\t\t\t<span class=\"eael-dch-svg-icon\"><\/span>\t\t\t\t<\/div>\n\t\n\t\t\n\t\t\n\t\t\n\t\t\t\t\t\t<\/div>\n\t\t\t\t<\/div>\n\t\t\t\t<div class=\"elementor-element elementor-element-582f18a2 elementor-widget-divider--view-line elementor-widget elementor-widget-divider\" data-id=\"582f18a2\" data-element_type=\"widget\" data-widget_type=\"divider.default\">\n\t\t\t\t<div class=\"elementor-widget-container\">\n\t\t\t\t\t\t\t<div class=\"elementor-divider\">\n\t\t\t<span class=\"elementor-divider-separator\">\n\t\t\t\t\t\t<\/span>\n\t\t<\/div>\n\t\t\t\t\t\t<\/div>\n\t\t\t\t<\/div>\n\t\t\t\t<div class=\"elementor-element elementor-element-21951808 elementor-widget elementor-widget-spacer\" data-id=\"21951808\" data-element_type=\"widget\" data-widget_type=\"spacer.default\">\n\t\t\t\t<div class=\"elementor-widget-container\">\n\t\t\t\t\t\t\t<div class=\"elementor-spacer\">\n\t\t\t<div class=\"elementor-spacer-inner\"><\/div>\n\t\t<\/div>\n\t\t\t\t\t\t<\/div>\n\t\t\t\t<\/div>\n\t\t\t\t<\/div>\n\t\t<div class=\"elementor-element elementor-element-099a490 e-flex e-con-boxed e-con e-parent\" data-id=\"099a490\" data-element_type=\"container\">\n\t\t\t\t\t<div class=\"e-con-inner\">\n\t\t<div class=\"elementor-element elementor-element-b3426a3 e-grid e-con-boxed e-con e-child\" data-id=\"b3426a3\" data-element_type=\"container\">\n\t\t\t\t\t<div class=\"e-con-inner\">\n\t\t\t\t<div class=\"elementor-element elementor-element-290d6e0 elementor-widget elementor-widget-image\" data-id=\"290d6e0\" data-element_type=\"widget\" data-widget_type=\"image.default\">\n\t\t\t\t<div class=\"elementor-widget-container\">\n\t\t\t\t\t\t\t\t\t\t\t\t\t\t\t<img decoding=\"async\" src=\"https:\/\/www2.iepcjalisco.org.mx\/proceso-electoral-2024\/wp-content\/uploads\/elementor\/thumbs\/POR-LEALTAD-A-LA-PATRIA-rcyx9p75p7uhi60p30x42kbn45vlrvntqwglq3v3sw.jpeg\" title=\"POR LEALTAD A LA PATRIA\" alt=\"POR LEALTAD A LA PATRIA\" loading=\"lazy\" \/>\t\t\t\t\t\t\t\t\t\t\t\t\t\t\t<\/div>\n\t\t\t\t<\/div>\n\t\t\t\t<div class=\"elementor-element elementor-element-b7ac367 elementor-widget elementor-widget-image\" data-id=\"b7ac367\" data-element_type=\"widget\" data-widget_type=\"image.default\">\n\t\t\t\t<div class=\"elementor-widget-container\">\n\t\t\t\t\t\t\t\t\t\t\t\t\t\t\t<img decoding=\"async\" src=\"https:\/\/www2.iepcjalisco.org.mx\/proceso-electoral-2024\/wp-content\/uploads\/elementor\/thumbs\/Contigo-Jalisco-Logo-rcyx9q4zw1vrtrzbxjbqn233pjqyzkrk31437dtpmo.jpg\" title=\"Contigo Jalisco &#8211; Logo\" alt=\"Contigo Jalisco - Logo\" loading=\"lazy\" \/>\t\t\t\t\t\t\t\t\t\t\t\t\t\t\t<\/div>\n\t\t\t\t<\/div>\n\t\t\t\t<div class=\"elementor-element elementor-element-4b9bd8f elementor-widget elementor-widget-image\" data-id=\"4b9bd8f\" data-element_type=\"widget\" data-widget_type=\"image.default\">\n\t\t\t\t<div class=\"elementor-widget-container\">\n\t\t\t\t\t\t\t\t\t\t\t\t\t\t\t<img decoding=\"async\" src=\"https:\/\/www2.iepcjalisco.org.mx\/proceso-electoral-2024\/wp-content\/uploads\/elementor\/thumbs\/ALTERNAVIA-PNG-rdvzy6i3au37v6ywmflckv1ciwb44iofqds6mk9rls.jpeg\" title=\"ALTERNAVIA PNG\" alt=\"ALTERNAVIA PNG\" loading=\"lazy\" \/>\t\t\t\t\t\t\t\t\t\t\t\t\t\t\t<\/div>\n\t\t\t\t<\/div>\n\t\t\t\t\t<\/div>\n\t\t\t\t<\/div>\n\t\t\t\t<div class=\"elementor-element elementor-element-4417372 elementor-widget__width-initial elementor-widget elementor-widget-eael-adv-accordion\" data-id=\"4417372\" data-element_type=\"widget\" data-widget_type=\"eael-adv-accordion.default\">\n\t\t\t\t<div class=\"elementor-widget-container\">\n\t\t\t\t\t        <div class=\"eael-adv-accordion\" id=\"eael-adv-accordion-4417372\" data-accordion-id=\"4417372\" data-accordion-type=\"accordion\" data-toogle-speed=\"300\">\n    <div class=\"eael-accordion-list\">\n                <div id=\"avisos-de-intencin\" class=\"elementor-tab-title eael-accordion-header\" tabindex=\"0\" data-tab=\"1\" aria-controls=\"elementor-tab-content-7131\"><span class=\"eael-advanced-accordion-icon-closed\"><svg aria-hidden=\"true\" class=\"fa-accordion-icon e-font-icon-svg e-fas-plus\" viewBox=\"0 0 448 512\" xmlns=\"http:\/\/www.w3.org\/2000\/svg\"><path d=\"M416 208H272V64c0-17.67-14.33-32-32-32h-32c-17.67 0-32 14.33-32 32v144H32c-17.67 0-32 14.33-32 32v32c0 17.67 14.33 32 32 32h144v144c0 17.67 14.33 32 32 32h32c17.67 0 32-14.33 32-32V304h144c17.67 0 32-14.33 32-32v-32c0-17.67-14.33-32-32-32z\"><\/path><\/svg><\/span><span class=\"eael-advanced-accordion-icon-opened\"><svg aria-hidden=\"true\" class=\"fa-accordion-icon e-font-icon-svg e-fas-minus\" viewBox=\"0 0 448 512\" xmlns=\"http:\/\/www.w3.org\/2000\/svg\"><path d=\"M416 208H32c-17.67 0-32 14.33-32 32v32c0 17.67 14.33 32 32 32h384c17.67 0 32-14.33 32-32v-32c0-17.67-14.33-32-32-32z\"><\/path><\/svg><\/span><span class=\"eael-accordion-tab-title\">Avisos de Intenci\u00f3n<\/span><svg aria-hidden=\"true\" class=\"fa-toggle e-font-icon-svg e-fas-angle-right\" viewBox=\"0 0 256 512\" xmlns=\"http:\/\/www.w3.org\/2000\/svg\"><path d=\"M224.3 273l-136 136c-9.4 9.4-24.6 9.4-33.9 0l-22.6-22.6c-9.4-9.4-9.4-24.6 0-33.9l96.4-96.4-96.4-96.4c-9.4-9.4-9.4-24.6 0-33.9L54.3 103c9.4-9.4 24.6-9.4 33.9 0l136 136c9.5 9.4 9.5 24.6.1 34z\"><\/path><\/svg><\/div><div id=\"elementor-tab-content-7131\" class=\"eael-accordion-content clearfix\" data-tab=\"1\" aria-labelledby=\"avisos-de-intencin\"><p><ul><li><a href=\"https:\/\/www2.iepcjalisco.org.mx\/proceso-electoral-2024\/wp-content\/uploads\/2025\/08\/IEPC-ACG-040-2025-Por-Lealtad-a-la-Patria.pdf\"><img decoding=\"async\" class=\"alignnone wp-image-2779\" src=\"https:\/\/www2.iepcjalisco.org.mx\/proceso-electoral-2024\/wp-content\/uploads\/2024\/04\/icono-pdf.png\" alt=\"\" width=\"16\" height=\"21\" \/> IEPC-ACG-040-2025 Por Lealtad a la Patria<\/a><\/li><li><a href=\"https:\/\/www2.iepcjalisco.org.mx\/proceso-electoral-2024\/wp-content\/uploads\/2025\/10\/1iepc-acg-062-2025.docx\"><img decoding=\"async\" class=\"alignnone wp-image-2779\" src=\"https:\/\/www2.iepcjalisco.org.mx\/proceso-electoral-2024\/wp-content\/uploads\/2024\/04\/icono-docx.png\" alt=\"\" width=\"16\" height=\"21\" \/><\/a> <a href=\"https:\/\/www2.iepcjalisco.org.mx\/proceso-electoral-2024\/wp-content\/uploads\/2025\/10\/1iepc-acg-062-2025.pdf\"><img decoding=\"async\" class=\"alignnone wp-image-2779\" src=\"https:\/\/www2.iepcjalisco.org.mx\/proceso-electoral-2024\/wp-content\/uploads\/2024\/04\/icono-pdf.png\" alt=\"\" width=\"16\" height=\"21\" \/> IEPC-ACG-062\/2025 &#8211; Contigo Jalisco<\/a><\/li><li><a href=\"https:\/\/www2.iepcjalisco.org.mx\/proceso-electoral-2024\/wp-content\/uploads\/2025\/10\/Dictamen-Contigo-Jalisco.pdf\"><img decoding=\"async\" class=\"alignnone wp-image-2779\" src=\"https:\/\/www2.iepcjalisco.org.mx\/proceso-electoral-2024\/wp-content\/uploads\/2024\/04\/icono-pdf.png\" alt=\"\" width=\"16\" height=\"21\" \/> Dictamen Contigo Jalisco<\/a><\/li><li><a href=\"https:\/\/www2.iepcjalisco.org.mx\/proceso-electoral-2024\/wp-content\/uploads\/2025\/10\/2.-Dictamen-Alternavia-CPPP.pdf\"><img decoding=\"async\" class=\"alignnone wp-image-2779\" src=\"https:\/\/www2.iepcjalisco.org.mx\/proceso-electoral-2024\/wp-content\/uploads\/2024\/04\/icono-pdf.png\" alt=\"\" width=\"16\" height=\"21\" \/> D<span data-olk-copy-source=\"MessageBody\">ictamen AlternaV\u00eda<\/span><\/a><\/li><\/ul><\/p><\/div>\n                <\/div><div class=\"eael-accordion-list\">\n                <div id=\"convocatoria\" class=\"elementor-tab-title eael-accordion-header\" tabindex=\"0\" data-tab=\"2\" aria-controls=\"elementor-tab-content-7132\"><span class=\"eael-advanced-accordion-icon-closed\"><svg aria-hidden=\"true\" class=\"fa-accordion-icon e-font-icon-svg e-fas-plus\" viewBox=\"0 0 448 512\" xmlns=\"http:\/\/www.w3.org\/2000\/svg\"><path d=\"M416 208H272V64c0-17.67-14.33-32-32-32h-32c-17.67 0-32 14.33-32 32v144H32c-17.67 0-32 14.33-32 32v32c0 17.67 14.33 32 32 32h144v144c0 17.67 14.33 32 32 32h32c17.67 0 32-14.33 32-32V304h144c17.67 0 32-14.33 32-32v-32c0-17.67-14.33-32-32-32z\"><\/path><\/svg><\/span><span class=\"eael-advanced-accordion-icon-opened\"><svg aria-hidden=\"true\" class=\"fa-accordion-icon e-font-icon-svg e-fas-minus\" viewBox=\"0 0 448 512\" xmlns=\"http:\/\/www.w3.org\/2000\/svg\"><path d=\"M416 208H32c-17.67 0-32 14.33-32 32v32c0 17.67 14.33 32 32 32h384c17.67 0 32-14.33 32-32v-32c0-17.67-14.33-32-32-32z\"><\/path><\/svg><\/span><span class=\"eael-accordion-tab-title\">Convocatoria<\/span><svg aria-hidden=\"true\" class=\"fa-toggle e-font-icon-svg e-fas-angle-right\" viewBox=\"0 0 256 512\" xmlns=\"http:\/\/www.w3.org\/2000\/svg\"><path d=\"M224.3 273l-136 136c-9.4 9.4-24.6 9.4-33.9 0l-22.6-22.6c-9.4-9.4-9.4-24.6 0-33.9l96.4-96.4-96.4-96.4c-9.4-9.4-9.4-24.6 0-33.9L54.3 103c9.4-9.4 24.6-9.4 33.9 0l136 136c9.5 9.4 9.5 24.6.1 34z\"><\/path><\/svg><\/div><div id=\"elementor-tab-content-7132\" class=\"eael-accordion-content clearfix\" data-tab=\"2\" aria-labelledby=\"convocatoria\"><p><ul><li><a href=\"https:\/\/www2.iepcjalisco.org.mx\/proceso-electoral-2024\/wp-content\/uploads\/2025\/02\/2.1.-CONVOCATORIA-APE.pdf\"><img decoding=\"async\" class=\"alignnone wp-image-2779\" src=\"https:\/\/www2.iepcjalisco.org.mx\/proceso-electoral-2024\/wp-content\/uploads\/2024\/04\/icono-pdf.png\" alt=\"\" width=\"16\" height=\"21\" \/>\u00a0<\/a><a href=\"https:\/\/www2.iepcjalisco.org.mx\/proceso-electoral-2024\/wp-content\/uploads\/2025\/02\/2.1.-CONVOCATORIA-APE.pdf\">Convocatoria<\/a><\/li><\/ul><\/p><\/div>\n                <\/div><div class=\"eael-accordion-list\">\n                <div id=\"formatos\" class=\"elementor-tab-title eael-accordion-header\" tabindex=\"0\" data-tab=\"3\" aria-controls=\"elementor-tab-content-7133\"><span class=\"eael-advanced-accordion-icon-closed\"><svg aria-hidden=\"true\" class=\"fa-accordion-icon e-font-icon-svg e-fas-plus\" viewBox=\"0 0 448 512\" xmlns=\"http:\/\/www.w3.org\/2000\/svg\"><path d=\"M416 208H272V64c0-17.67-14.33-32-32-32h-32c-17.67 0-32 14.33-32 32v144H32c-17.67 0-32 14.33-32 32v32c0 17.67 14.33 32 32 32h144v144c0 17.67 14.33 32 32 32h32c17.67 0 32-14.33 32-32V304h144c17.67 0 32-14.33 32-32v-32c0-17.67-14.33-32-32-32z\"><\/path><\/svg><\/span><span class=\"eael-advanced-accordion-icon-opened\"><svg aria-hidden=\"true\" class=\"fa-accordion-icon e-font-icon-svg e-fas-minus\" viewBox=\"0 0 448 512\" xmlns=\"http:\/\/www.w3.org\/2000\/svg\"><path d=\"M416 208H32c-17.67 0-32 14.33-32 32v32c0 17.67 14.33 32 32 32h384c17.67 0 32-14.33 32-32v-32c0-17.67-14.33-32-32-32z\"><\/path><\/svg><\/span><span class=\"eael-accordion-tab-title\">Formatos<\/span><svg aria-hidden=\"true\" class=\"fa-toggle e-font-icon-svg e-fas-angle-right\" viewBox=\"0 0 256 512\" xmlns=\"http:\/\/www.w3.org\/2000\/svg\"><path d=\"M224.3 273l-136 136c-9.4 9.4-24.6 9.4-33.9 0l-22.6-22.6c-9.4-9.4-9.4-24.6 0-33.9l96.4-96.4-96.4-96.4c-9.4-9.4-9.4-24.6 0-33.9L54.3 103c9.4-9.4 24.6-9.4 33.9 0l136 136c9.5 9.4 9.5 24.6.1 34z\"><\/path><\/svg><\/div><div id=\"elementor-tab-content-7133\" class=\"eael-accordion-content clearfix\" data-tab=\"3\" aria-labelledby=\"formatos\"><p><ul><li><a href=\"https:\/\/www2.iepcjalisco.org.mx\/proceso-electoral-2024\/wp-content\/uploads\/2025\/02\/2.2.-IEPC-AI.docx\"><img decoding=\"async\" class=\"alignnone wp-image-2779\" src=\"https:\/\/www2.iepcjalisco.org.mx\/proceso-electoral-2024\/wp-content\/uploads\/2024\/04\/icono-docx.png\" alt=\"\" width=\"16\" height=\"21\" \/> 2.2. IEPC-AI<\/a><\/li><li><a href=\"https:\/\/www2.iepcjalisco.org.mx\/proceso-electoral-2024\/wp-content\/uploads\/2025\/02\/2.4.-IEPC-SIARE.docx\"><img decoding=\"async\" class=\"alignnone wp-image-2779\" src=\"https:\/\/www2.iepcjalisco.org.mx\/proceso-electoral-2024\/wp-content\/uploads\/2024\/04\/icono-docx.png\" alt=\"\" width=\"16\" height=\"21\" \/> 2<\/a><a href=\"https:\/\/www2.iepcjalisco.org.mx\/proceso-electoral-2024\/wp-content\/uploads\/2025\/02\/2.4.-IEPC-SIARE.docx\">.3. IEPC-SIARE<\/a><\/li><li><a href=\"https:\/\/www2.iepcjalisco.org.mx\/proceso-electoral-2024\/wp-content\/uploads\/2025\/02\/2.3.-IEPC-SR.docx\"><img decoding=\"async\" class=\"alignnone wp-image-2779\" src=\"https:\/\/www2.iepcjalisco.org.mx\/proceso-electoral-2024\/wp-content\/uploads\/2024\/04\/icono-docx.png\" alt=\"\" width=\"16\" height=\"21\" \/><\/a> <a href=\"https:\/\/www2.iepcjalisco.org.mx\/proceso-electoral-2024\/wp-content\/uploads\/2025\/02\/2.3.-IEPC-SR.docx\">2.4. IEPC-SR<\/a><\/li><li data-wp-editing=\"1\"><a href=\"https:\/\/www2.iepcjalisco.org.mx\/proceso-electoral-2024\/wp-content\/uploads\/2025\/02\/2.6-Formato-de-Afiliados-a-APES.xlsx\" data-wp-editing=\"1\"><img decoding=\"async\" class=\"alignnone wp-image-2779\" src=\"https:\/\/www2.iepcjalisco.org.mx\/proceso-electoral-2024\/wp-content\/uploads\/2024\/04\/icono-xlsx.png\" alt=\"\" width=\"16\" height=\"21\" \/> <\/a><a href=\"https:\/\/www2.iepcjalisco.org.mx\/proceso-electoral-2024\/wp-content\/uploads\/2025\/02\/2.6-Formato-de-Afiliados-a-APES.xlsx\">2.6 Lista Afiliacion APE-3<\/a><\/li><\/ul><\/p><\/div>\n                <\/div><\/div>\t\t\t\t<\/div>\n\t\t\t\t<\/div>\n\t\t\t\t<div class=\"elementor-element elementor-element-cf7ff45 elementor-widget elementor-widget-text-editor\" data-id=\"cf7ff45\" data-element_type=\"widget\" data-widget_type=\"text-editor.default\">\n\t\t\t\t<div class=\"elementor-widget-container\">\n\t\t\t\t\t\t\t\t\t<p data-wp-editing=\"1\"><a href=\"https:\/\/www2.iepcjalisco.org.mx\/proceso-electoral-2024\/wp-content\/uploads\/2025\/02\/2.5.-Porcentaje-provisional-requerido-para-APE.xlsx\" data-wp-editing=\"1\"><img decoding=\"async\" class=\"alignnone wp-image-2779\" src=\"https:\/\/www2.iepcjalisco.org.mx\/proceso-electoral-2024\/wp-content\/uploads\/2024\/04\/icono-xlsx.png\" alt=\"\" width=\"16\" height=\"21\" \/> <\/a><a href=\"https:\/\/www2.iepcjalisco.org.mx\/proceso-electoral-2024\/wp-content\/uploads\/2025\/02\/2.5.-Porcentaje-provisional-requerido-para-APE.xlsx\">Porcentajes equivalentes al padro\u0301n electoral requerido para APELista Afiliacion APE-3<\/a><\/p>\t\t\t\t\t\t\t\t<\/div>\n\t\t\t\t<\/div>\n\t\t\t\t<div class=\"elementor-element elementor-element-65a35b9 elementor-widget elementor-widget-spacer\" data-id=\"65a35b9\" data-element_type=\"widget\" data-widget_type=\"spacer.default\">\n\t\t\t\t<div class=\"elementor-widget-container\">\n\t\t\t\t\t\t\t<div class=\"elementor-spacer\">\n\t\t\t<div class=\"elementor-spacer-inner\"><\/div>\n\t\t<\/div>\n\t\t\t\t\t\t<\/div>\n\t\t\t\t<\/div>\n\t\t<div class=\"elementor-element elementor-element-15db154 e-con-full e-flex e-con e-child\" data-id=\"15db154\" data-element_type=\"container\">\n\t\t\t\t<div class=\"elementor-element elementor-element-f1f7571 elementor-widget elementor-widget-spacer\" data-id=\"f1f7571\" data-element_type=\"widget\" data-widget_type=\"spacer.default\">\n\t\t\t\t<div class=\"elementor-widget-container\">\n\t\t\t\t\t\t\t<div class=\"elementor-spacer\">\n\t\t\t<div class=\"elementor-spacer-inner\"><\/div>\n\t\t<\/div>\n\t\t\t\t\t\t<\/div>\n\t\t\t\t<\/div>\n\t\t\t\t<\/div>\n\t\t\t\t\t<\/div>\n\t\t\t\t<\/div>\n\t\t\t\t<\/div>\n\t\t","protected":false},"excerpt":{"rendered":"<p>Conformaci\u00f3n de Agrupaciones pol\u00edticas Estatales Avisos de Intenci\u00f3n IEPC-ACG-040-2025 Por Lealtad a la Patria IEPC-ACG-062\/2025 &#8211; Contigo Jalisco Dictamen Contigo Jalisco Dictamen AlternaV\u00eda Convocatoria \u00a0Convocatoria Formatos 2.2. IEPC-AI 2.3. IEPC-SIARE 2.4. IEPC-SR 2.6 Lista Afiliacion APE-3 Porcentajes equivalentes al padro\u0301n electoral requerido para APELista Afiliacion APE-3<\/p>\n","protected":false},"author":1,"featured_media":0,"parent":0,"menu_order":0,"comment_status":"closed","ping_status":"closed","template":"","meta":{"_eb_attr":"","footnotes":""},"class_list":["post-6302","page","type-page","status-publish","hentry"],"_links":{"self":[{"href":"https:\/\/www2.iepcjalisco.org.mx\/proceso-electoral-2024\/wp-json\/wp\/v2\/pages\/6302","targetHints":{"allow":["GET"]}}],"collection":[{"href":"https:\/\/www2.iepcjalisco.org.mx\/proceso-electoral-2024\/wp-json\/wp\/v2\/pages"}],"about":[{"href":"https:\/\/www2.iepcjalisco.org.mx\/proceso-electoral-2024\/wp-json\/wp\/v2\/types\/page"}],"author":[{"embeddable":true,"href":"https:\/\/www2.iepcjalisco.org.mx\/proceso-electoral-2024\/wp-json\/wp\/v2\/users\/1"}],"replies":[{"embeddable":true,"href":"https:\/\/www2.iepcjalisco.org.mx\/proceso-electoral-2024\/wp-json\/wp\/v2\/comments?post=6302"}],"version-history":[{"count":28,"href":"https:\/\/www2.iepcjalisco.org.mx\/proceso-electoral-2024\/wp-json\/wp\/v2\/pages\/6302\/revisions"}],"predecessor-version":[{"id":7760,"href":"https:\/\/www2.iepcjalisco.org.mx\/proceso-electoral-2024\/wp-json\/wp\/v2\/pages\/6302\/revisions\/7760"}],"wp:attachment":[{"href":"https:\/\/www2.iepcjalisco.org.mx\/proceso-electoral-2024\/wp-json\/wp\/v2\/media?parent=6302"}],"curies":[{"name":"wp","href":"https:\/\/api.w.org\/{rel}","templated":true}]}}