{"id":712,"date":"2024-01-11T13:28:29","date_gmt":"2024-01-11T19:28:29","guid":{"rendered":"https:\/\/www2.iepcjalisco.org.mx\/proceso-electoral-2024\/?page_id=712"},"modified":"2024-07-15T17:04:01","modified_gmt":"2024-07-15T23:04:01","slug":"tablero-electoral-cargos-de-eleccion-popular","status":"publish","type":"page","link":"https:\/\/www2.iepcjalisco.org.mx\/proceso-electoral-2024\/tablero-electoral-cargos-de-eleccion-popular\/","title":{"rendered":"Tablero Electoral \/ cargos de elecci\u00f3n popular"},"content":{"rendered":"\t\t<div data-elementor-type=\"wp-page\" data-elementor-id=\"712\" class=\"elementor elementor-712\">\n\t\t\t\t<div class=\"elementor-element elementor-element-fbd837c e-con-full e-flex e-con e-parent\" data-id=\"fbd837c\" data-element_type=\"container\">\n\t\t\t\t<div class=\"elementor-element elementor-element-e0fc227 elementor-widget elementor-widget-image\" data-id=\"e0fc227\" data-element_type=\"widget\" data-widget_type=\"image.default\">\n\t\t\t\t<div class=\"elementor-widget-container\">\n\t\t\t\t\t\t\t\t\t\t\t\t\t\t\t<img fetchpriority=\"high\" decoding=\"async\" width=\"1920\" height=\"669\" src=\"https:\/\/www2.iepcjalisco.org.mx\/proceso-electoral-2024\/wp-content\/uploads\/2023\/12\/Tablero-Electoral.png\" class=\"attachment-full size-full wp-image-238\" alt=\"\" srcset=\"https:\/\/www2.iepcjalisco.org.mx\/proceso-electoral-2024\/wp-content\/uploads\/2023\/12\/Tablero-Electoral.png 1920w, https:\/\/www2.iepcjalisco.org.mx\/proceso-electoral-2024\/wp-content\/uploads\/2023\/12\/Tablero-Electoral-300x105.png 300w, https:\/\/www2.iepcjalisco.org.mx\/proceso-electoral-2024\/wp-content\/uploads\/2023\/12\/Tablero-Electoral-1024x357.png 1024w, https:\/\/www2.iepcjalisco.org.mx\/proceso-electoral-2024\/wp-content\/uploads\/2023\/12\/Tablero-Electoral-768x268.png 768w, https:\/\/www2.iepcjalisco.org.mx\/proceso-electoral-2024\/wp-content\/uploads\/2023\/12\/Tablero-Electoral-1536x535.png 1536w\" sizes=\"(max-width: 1920px) 100vw, 1920px\" \/>\t\t\t\t\t\t\t\t\t\t\t\t\t\t\t<\/div>\n\t\t\t\t<\/div>\n\t\t\t\t<\/div>\n\t\t<div class=\"elementor-element elementor-element-72daf52 e-con-full e-flex e-con e-parent\" data-id=\"72daf52\" data-element_type=\"container\">\n\t\t\t\t<div class=\"elementor-element elementor-element-ed86fd5 eael-dual-header-content-align-center elementor-widget elementor-widget-eael-dual-color-header\" data-id=\"ed86fd5\" data-element_type=\"widget\" data-widget_type=\"eael-dual-color-header.default\">\n\t\t\t\t<div class=\"elementor-widget-container\">\n\t\t\t\t\t\n\t\t        <div class=\"eael-dual-header\">\n\t\t\t\t<h2 class=\"title\"><span  class=\"lead solid-color\">Cargos de elecci\u00f3n <\/span> <span>popular <\/span><\/h2>\n\t\t\t\t<span class=\"subtext\"><\/span>\n\t\t\t\t\t<span class=\"eael-dch-svg-icon\"><\/span>\t\t\t\t<\/div>\n\t\n\t\t\n\t\t\n\t\t\n\t\t\t\t\t\t<\/div>\n\t\t\t\t<\/div>\n\t\t\t\t<div class=\"elementor-element elementor-element-ac944a6 elementor-widget-divider--view-line elementor-widget elementor-widget-divider\" data-id=\"ac944a6\" data-element_type=\"widget\" data-widget_type=\"divider.default\">\n\t\t\t\t<div class=\"elementor-widget-container\">\n\t\t\t\t\t\t\t<div class=\"elementor-divider\">\n\t\t\t<span class=\"elementor-divider-separator\">\n\t\t\t\t\t\t<\/span>\n\t\t<\/div>\n\t\t\t\t\t\t<\/div>\n\t\t\t\t<\/div>\n\t\t\t\t<div class=\"elementor-element elementor-element-d971d73 elementor-widget elementor-widget-spacer\" data-id=\"d971d73\" data-element_type=\"widget\" data-widget_type=\"spacer.default\">\n\t\t\t\t<div class=\"elementor-widget-container\">\n\t\t\t\t\t\t\t<div class=\"elementor-spacer\">\n\t\t\t<div class=\"elementor-spacer-inner\"><\/div>\n\t\t<\/div>\n\t\t\t\t\t\t<\/div>\n\t\t\t\t<\/div>\n\t\t\t\t<\/div>\n\t\t<div class=\"elementor-element elementor-element-9cb5b1c e-flex e-con-boxed e-con e-parent\" data-id=\"9cb5b1c\" data-element_type=\"container\">\n\t\t\t\t\t<div class=\"e-con-inner\">\n\t\t\t\t<div class=\"elementor-element elementor-element-5171df4 elementor-widget elementor-widget-text-editor\" data-id=\"5171df4\" data-element_type=\"widget\" data-widget_type=\"text-editor.default\">\n\t\t\t\t<div class=\"elementor-widget-container\">\n\t\t\t\t\t\t\t\t\t<p><strong>\u00bfConoces las funciones de las personas que, con nuestro voto, ocupan los cargos de representaci\u00f3n p\u00fablica? <\/strong><\/p><p>Tenemos derecho a conocer cu\u00e1les son las tareas, las obligaciones y las responsabilidades de quienes pasar\u00e1n a ocupar puestos de representaci\u00f3n p\u00fablica mediante nuestro voto.<\/p><p>\u00a0<\/p><p><strong>\u00bfPor qu\u00e9 es importante que conozcamos esto? <\/strong><\/p><p>La relevancia de conocer las funciones de los distintos cargos de elecci\u00f3n popular, como son la presidencia municipal, las regidur\u00edas, la diputaci\u00f3n local y la gubernatura, es que la ciudadan\u00eda pueda identificar si las propuestas que plantean quienes aspiran a ocupar los puestos de representaci\u00f3n p\u00fablica corresponden con el cargo por el cual contienden. Pasadas las elecciones, el saber sus funciones permitir\u00e1 que identifiquemos qu\u00e9 exigencias y solicitudes debemos dirigir a los diferentes puestos de gobierno.<\/p>\t\t\t\t\t\t\t\t<\/div>\n\t\t\t\t<\/div>\n\t\t\t\t<div class=\"elementor-element elementor-element-6eb47fc elementor-widget elementor-widget-heading\" data-id=\"6eb47fc\" data-element_type=\"widget\" data-widget_type=\"heading.default\">\n\t\t\t\t<div class=\"elementor-widget-container\">\n\t\t\t\t\t<h4 class=\"elementor-heading-title elementor-size-default\">El Gobierno del Estado <\/h4>\t\t\t\t<\/div>\n\t\t\t\t<\/div>\n\t\t\t\t<div class=\"elementor-element elementor-element-3e9c004 elementor-widget elementor-widget-text-editor\" data-id=\"3e9c004\" data-element_type=\"widget\" data-widget_type=\"text-editor.default\">\n\t\t\t\t<div class=\"elementor-widget-container\">\n\t\t\t\t\t\t\t\t\t<p>El Poder Ejecutivo del estado de Jalisco se deposita sobre una sola persona que ser\u00e1 denominada Gobernador\/a del estado de Jalisco.\u00a0 En sus tareas y actividades, recibe la ayuda de la Administraci\u00f3n P\u00fablica del Estado que son el conjunto de dependencias y entidades p\u00fablicas.<\/p><p>\u00a0<\/p><table style=\"height: 346px;\" border=\"1\" width=\"1000\" cellspacing=\"0\" cellpadding=\"0\"><tbody><tr><td valign=\"top\" width=\"602\"><p align=\"center\"><span lang=\"es-419\"><strong>\u00bfQu\u00e9 tareas realiza?<\/strong> <\/span><\/p><\/td><\/tr><tr><td valign=\"top\" width=\"602\"><p align=\"center\"><span style=\"color: #00758d;\"><strong><span lang=\"es-419\">El gobernador \/ La gobernadora<\/span><\/strong><\/span><\/p><\/td><\/tr><tr><td valign=\"top\" width=\"602\"><ul><li><span lang=\"es-419\">Representa y conduce las relaciones con el Gobierno Federal, otros poderes del estado de Jalisco y los gobiernos municipales. <\/span><\/li><li><span lang=\"es-419\">Puede nombrar y remover a quienes encabezan las dependencias y los organismos p\u00fablicos descentralizados, as\u00ed como las empresas de participaci\u00f3n estatal. <\/span><\/li><li><span lang=\"es-419\">Crear, fundar o extinguir dependencias, as\u00ed como modificar reglamentos o promover acuerdos para que funcionen adecuadamente.<\/span><\/li><li><span lang=\"es-419\">Realizar convenios con entidades p\u00fablicas y privadas.<\/span><\/li><li><span lang=\"es-419\">Aprobar instrumentos de planeaci\u00f3n o programas que involucren a dos o m\u00e1s dependencias o entidades del estado.<\/span><\/li><li><span lang=\"es-419\">Administrar las finanzas y los recursos p\u00fablicos de Jalisco.<\/span><\/li><li><span lang=\"es-419\">Involucrar a especialistas, organizaciones y sociedad civil en el dise\u00f1o, aprobaci\u00f3n y ejecuci\u00f3n de pol\u00edticas p\u00fablicas.<\/span><\/li><\/ul><\/td><\/tr><\/tbody><\/table><p>\u00a0<\/p><p><strong>\u00bfTe gustar\u00eda saber un poco m\u00e1s?<\/strong><\/p>\t\t\t\t\t\t\t\t<\/div>\n\t\t\t\t<\/div>\n\t\t\t\t<div class=\"elementor-element elementor-element-d121fa1 elementor-align-justify elementor-widget__width-initial elementor-widget elementor-widget-button\" data-id=\"d121fa1\" data-element_type=\"widget\" data-widget_type=\"button.default\">\n\t\t\t\t<div class=\"elementor-widget-container\">\n\t\t\t\t\t\t\t\t\t<div class=\"elementor-button-wrapper\">\n\t\t\t\t\t<a class=\"elementor-button elementor-button-link elementor-size-xl\" href=\"https:\/\/bit.ly\/43tmxe0\" target=\"_blank\">\n\t\t\t\t\t\t<span class=\"elementor-button-content-wrapper\">\n\t\t\t\t\t\t\t\t\t<span class=\"elementor-button-text\">Consulta la Ley Org\u00e1nica del Poder Ejecutivo del Estado de Jalisco <\/span>\n\t\t\t\t\t<\/span>\n\t\t\t\t\t<\/a>\n\t\t\t\t<\/div>\n\t\t\t\t\t\t\t\t<\/div>\n\t\t\t\t<\/div>\n\t\t\t\t<div class=\"elementor-element elementor-element-543c2cd elementor-widget elementor-widget-spacer\" data-id=\"543c2cd\" data-element_type=\"widget\" data-widget_type=\"spacer.default\">\n\t\t\t\t<div class=\"elementor-widget-container\">\n\t\t\t\t\t\t\t<div class=\"elementor-spacer\">\n\t\t\t<div class=\"elementor-spacer-inner\"><\/div>\n\t\t<\/div>\n\t\t\t\t\t\t<\/div>\n\t\t\t\t<\/div>\n\t\t\t\t<div class=\"elementor-element elementor-element-08896e7 elementor-widget elementor-widget-heading\" data-id=\"08896e7\" data-element_type=\"widget\" data-widget_type=\"heading.default\">\n\t\t\t\t<div class=\"elementor-widget-container\">\n\t\t\t\t\t<h4 class=\"elementor-heading-title elementor-size-default\">El Congreso Local<\/h4>\t\t\t\t<\/div>\n\t\t\t\t<\/div>\n\t\t\t\t<div class=\"elementor-element elementor-element-23a73d7 elementor-widget elementor-widget-text-editor\" data-id=\"23a73d7\" data-element_type=\"widget\" data-widget_type=\"text-editor.default\">\n\t\t\t\t<div class=\"elementor-widget-container\">\n\t\t\t\t\t\t\t\t\t<p>La sede del Poder Legislativo del Estado de Jalisco es la ciudad de Guadalajara. El edificio donde se asienta el Congreso del Estado de Jalisco es el Palacio del Poder Legislativo. Una legislatura es el periodo de funciones que cumplen aquellas personas que llegan a ser diputadas.<\/p><p>El Congreso Local funciona en Asamblea y est\u00e1 integrado por: una Mesa Directiva, una Junta de coordinaci\u00f3n pol\u00edtica, diferentes comisiones legislativas, comit\u00e9s y \u00f3rganos administrativos y t\u00e9cnicos.<\/p><p>\u00a0<\/p><table border=\"1\" width=\"1000\" cellspacing=\"0\" cellpadding=\"0\"><tbody><tr><td valign=\"top\" width=\"602\"><p align=\"center\"><strong><span lang=\"es-419\">\u00bfQu\u00e9 tareas realiza? <\/span><\/strong><\/p><\/td><\/tr><tr><td valign=\"top\" width=\"602\"><p align=\"center\"><span style=\"color: #00758d;\"><strong><span lang=\"es-419\">Diputado\/a local<\/span><\/strong><\/span><\/p><\/td><\/tr><tr><td valign=\"top\" width=\"602\"><ul><li><!-- [if !supportLists]--><span lang=\"es-419\">Presentan iniciativas de ley, decreto o acuerdo legislativo a nivel estatal. <\/span><\/li><li><span lang=\"es-419\">Eligen a quienes integran la Mesa Directiva, las comisiones y los comit\u00e9s del Congreso del Estado.<\/span><\/li><li><span lang=\"es-419\">Participan en discusiones y votaciones de iniciativas o dict\u00e1menes presentados.<\/span><\/li><li><span lang=\"es-419\">Proponen a la Asamblea el an\u00e1lisis, la evaluaci\u00f3n y el seguimiento de las acciones de gobierno como: obras p\u00fablicas y la prestaci\u00f3n de servicios p\u00fablicos.<\/span><\/li><li><span lang=\"es-419\">Aprueban el Presupuesto de Egresos del Estado de Jalisco. <\/span><\/li><li><span lang=\"es-419\">Convocar a las y los titulares de dependencias del estado o los municipios a comparecer para que realicen un adecuado desempe\u00f1o de sus funciones.<\/span><\/li><\/ul><\/td><\/tr><\/tbody><\/table><p><strong>\u00a0<\/strong><\/p><p><strong>\u00bfTe gustar\u00eda saber un poco m\u00e1s?<\/strong><\/p>\t\t\t\t\t\t\t\t<\/div>\n\t\t\t\t<\/div>\n\t\t\t\t<div class=\"elementor-element elementor-element-d72b503 elementor-align-justify elementor-widget__width-initial elementor-widget elementor-widget-button\" data-id=\"d72b503\" data-element_type=\"widget\" data-widget_type=\"button.default\">\n\t\t\t\t<div class=\"elementor-widget-container\">\n\t\t\t\t\t\t\t\t\t<div class=\"elementor-button-wrapper\">\n\t\t\t\t\t<a class=\"elementor-button elementor-button-link elementor-size-xl\" href=\"https:\/\/bit.ly\/43rRejL\" target=\"_blank\">\n\t\t\t\t\t\t<span class=\"elementor-button-content-wrapper\">\n\t\t\t\t\t\t\t\t\t<span class=\"elementor-button-text\">Consulta la Ley Org\u00e1nica del Poder Legislativo del Estado de Jalisco <\/span>\n\t\t\t\t\t<\/span>\n\t\t\t\t\t<\/a>\n\t\t\t\t<\/div>\n\t\t\t\t\t\t\t\t<\/div>\n\t\t\t\t<\/div>\n\t\t\t\t<div class=\"elementor-element elementor-element-fb768c8 elementor-widget elementor-widget-spacer\" data-id=\"fb768c8\" data-element_type=\"widget\" data-widget_type=\"spacer.default\">\n\t\t\t\t<div class=\"elementor-widget-container\">\n\t\t\t\t\t\t\t<div class=\"elementor-spacer\">\n\t\t\t<div class=\"elementor-spacer-inner\"><\/div>\n\t\t<\/div>\n\t\t\t\t\t\t<\/div>\n\t\t\t\t<\/div>\n\t\t\t\t<div class=\"elementor-element elementor-element-78bfa67 elementor-widget elementor-widget-heading\" data-id=\"78bfa67\" data-element_type=\"widget\" data-widget_type=\"heading.default\">\n\t\t\t\t<div class=\"elementor-widget-container\">\n\t\t\t\t\t<h4 class=\"elementor-heading-title elementor-size-default\">El Ayuntamiento<\/h4>\t\t\t\t<\/div>\n\t\t\t\t<\/div>\n\t\t\t\t<div class=\"elementor-element elementor-element-3867f67 elementor-widget elementor-widget-text-editor\" data-id=\"3867f67\" data-element_type=\"widget\" data-widget_type=\"text-editor.default\">\n\t\t\t\t<div class=\"elementor-widget-container\">\n\t\t\t\t\t\t\t\t\t<p>Los Ayuntamientos de cada municipio del estado de Jalisco se integran por las siguientes funciones: Presidencia municipal, sindicatura y regidur\u00edas.<\/p><p>En Jalisco, la asignaci\u00f3n de regidur\u00edas se realiza por mayor\u00eda relativa y representaci\u00f3n proporcional. A cada partido pol\u00edtico se le atribuye un n\u00famero de esca\u00f1os dependiendo de los resultados electorales que tengan las personas que encabezan la candidatura a la Presidencia Municipal.<\/p><p>Por tal raz\u00f3n, cada candidato\/a a la Presidencia Municipal debe presentar una planilla de candidatos\/as que se ordena de forma progresiva a quienes aspiran a las regidur\u00edas y a la sindicatura. Las personas que encabezan la lista ser\u00e1n las primeras convocadas para ocupar las funciones de regidur\u00eda de acuerdo con el n\u00famero de puestos que le sea asignado en proporci\u00f3n a los resultados de la votaci\u00f3n a cada partido pol\u00edtico.<\/p><p>\u00a0<\/p><table border=\"1\" width=\"1000\" cellspacing=\"0\" cellpadding=\"0\"><tbody><tr><td colspan=\"3\" valign=\"top\" width=\"602\"><p align=\"center\"><strong><span lang=\"es-419\">\u00bfQu\u00e9 tareas realiza? <\/span><\/strong><\/p><\/td><\/tr><tr><td valign=\"top\" width=\"201\"><p align=\"center\"><span style=\"color: #00758d;\"><strong><span lang=\"es-419\">Presidente\/a Municipal<\/span><\/strong><\/span><\/p><\/td><td valign=\"top\" width=\"201\"><p align=\"center\"><span style=\"color: #00758d;\"><strong><span lang=\"es-419\">S\u00edndico\/a<\/span><\/strong><\/span><\/p><\/td><td valign=\"top\" width=\"201\"><p align=\"center\"><span style=\"color: #00758d;\"><strong><span lang=\"es-419\">Regidores\/as<\/span><\/strong><\/span><\/p><\/td><\/tr><tr><td valign=\"top\" width=\"201\"><ul><li><!-- [if !supportLists]--><span lang=\"es-419\">Ejecuta las decisiones del Ayuntamiento <\/span><\/li><li><span lang=\"es-419\">Planifica y dirige el funcionamiento de los servicios municipales\u00a0 (agua potable y alcantarillado, alumbrado p\u00fablico, seguridad p\u00fablica, vialidad y tr\u00e1nsito, parques y jardines, mercados, rastros y recolecci\u00f3n de residuos.\u00a0 <\/span><\/li><li><span lang=\"es-419\">Se encarga del orden y la seguridad en el municipio.<\/span><\/li><li><span lang=\"es-419\">Cuida de los bienes y la infraestructura del municipio. <\/span><\/li><li><span lang=\"es-419\">Administra el dinero del municipio y rinde cuentas de su gasto ante el Gobierno del Estado y la ciudadan\u00eda.<\/span><\/li><\/ul><\/td><td valign=\"top\" width=\"201\"><ul><li><!-- [if !supportLists]--><span lang=\"es-419\">Representa al municipio en los contratos que realice.<\/span><\/li><li><!-- [if !supportLists]--><span lang=\"es-419\">Contratar servicios o personal a nombre del Ayuntamiento. <\/span><\/li><li><!-- [if !supportLists]--><span lang=\"es-419\">Presenta iniciativas de ordenamientos municipales.<\/span><\/li><li><span lang=\"es-419\">Puede solicitar sesiones ordinarias y extraordinarias al Ayuntamiento.<\/span><\/li><li><span lang=\"es-419\">Asiste a las visitas de inspecci\u00f3n en la oficina de Hacienda Municipal. <\/span><\/li><\/ul><\/td><td valign=\"top\" width=\"201\"><ul><li><span lang=\"es-419\">Asisten a las sesiones del Ayuntamiento y a las reuniones de las comisiones de las que forma parte.<\/span><\/li><li><span lang=\"es-419\">Informa al Ayuntamiento y a la sociedad sobre sus actividades.<\/span><\/li><li><span lang=\"es-419\">Presentan iniciativas de pol\u00edticas p\u00fablicas y programas para el municipio.<\/span><\/li><li><span lang=\"es-419\">Intervienen y votan en las discusiones de las sesiones del Ayuntamiento. <\/span><\/li><li><span lang=\"es-419\">Solicitan a<\/span><\/li><\/ul><\/td><\/tr><\/tbody><\/table><p>\u00a0<\/p><p><strong>\u00bfTe gustar\u00eda saber un poco m\u00e1s?<\/strong><\/p>\t\t\t\t\t\t\t\t<\/div>\n\t\t\t\t<\/div>\n\t\t\t\t<div class=\"elementor-element elementor-element-986e6cc elementor-align-justify elementor-widget__width-initial elementor-widget elementor-widget-button\" data-id=\"986e6cc\" data-element_type=\"widget\" data-widget_type=\"button.default\">\n\t\t\t\t<div class=\"elementor-widget-container\">\n\t\t\t\t\t\t\t\t\t<div class=\"elementor-button-wrapper\">\n\t\t\t\t\t<a class=\"elementor-button elementor-button-link elementor-size-xl\" href=\"https:\/\/bit.ly\/3PyyeKO\" target=\"_blank\">\n\t\t\t\t\t\t<span class=\"elementor-button-content-wrapper\">\n\t\t\t\t\t\t\t\t\t<span class=\"elementor-button-text\">Consulta la Ley del Gobierno y la Administraci\u00f3n P\u00fablica Municipal del Estado de Jalisco <\/span>\n\t\t\t\t\t<\/span>\n\t\t\t\t\t<\/a>\n\t\t\t\t<\/div>\n\t\t\t\t\t\t\t\t<\/div>\n\t\t\t\t<\/div>\n\t\t\t\t<div class=\"elementor-element elementor-element-95d10d8 elementor-widget elementor-widget-text-editor\" data-id=\"95d10d8\" data-element_type=\"widget\" data-widget_type=\"text-editor.default\">\n\t\t\t\t<div class=\"elementor-widget-container\">\n\t\t\t\t\t\t\t\t\t<p><a href=\"\/comunicacion-social\/\"><span style=\"color: #ffffff;\">Com soc<\/span><\/a><\/p><p><span style=\"color: #ffffff;\"><a style=\"color: #ffffff;\" href=\"\/comunicacion-social-notas-del-dia\/\">Notas del dia<\/a><\/span><\/p>\t\t\t\t\t\t\t\t<\/div>\n\t\t\t\t<\/div>\n\t\t\t\t<div class=\"elementor-element elementor-element-5b05181 elementor-widget elementor-widget-spacer\" data-id=\"5b05181\" data-element_type=\"widget\" data-widget_type=\"spacer.default\">\n\t\t\t\t<div class=\"elementor-widget-container\">\n\t\t\t\t\t\t\t<div class=\"elementor-spacer\">\n\t\t\t<div class=\"elementor-spacer-inner\"><\/div>\n\t\t<\/div>\n\t\t\t\t\t\t<\/div>\n\t\t\t\t<\/div>\n\t\t\t\t\t<\/div>\n\t\t\t\t<\/div>\n\t\t\t\t<\/div>\n\t\t","protected":false},"excerpt":{"rendered":"<p>Cargos de elecci\u00f3n popular \u00bfConoces las funciones de las personas que, con nuestro voto, ocupan los cargos de representaci\u00f3n p\u00fablica? Tenemos derecho a conocer cu\u00e1les son las tareas, las obligaciones y las responsabilidades de quienes pasar\u00e1n a ocupar puestos de representaci\u00f3n p\u00fablica mediante nuestro voto. \u00a0 \u00bfPor qu\u00e9 es importante que conozcamos esto? La relevancia [&hellip;]<\/p>\n","protected":false},"author":1,"featured_media":0,"parent":0,"menu_order":0,"comment_status":"closed","ping_status":"closed","template":"","meta":{"_eb_attr":"","footnotes":""},"class_list":["post-712","page","type-page","status-publish","hentry"],"_links":{"self":[{"href":"https:\/\/www2.iepcjalisco.org.mx\/proceso-electoral-2024\/wp-json\/wp\/v2\/pages\/712","targetHints":{"allow":["GET"]}}],"collection":[{"href":"https:\/\/www2.iepcjalisco.org.mx\/proceso-electoral-2024\/wp-json\/wp\/v2\/pages"}],"about":[{"href":"https:\/\/www2.iepcjalisco.org.mx\/proceso-electoral-2024\/wp-json\/wp\/v2\/types\/page"}],"author":[{"embeddable":true,"href":"https:\/\/www2.iepcjalisco.org.mx\/proceso-electoral-2024\/wp-json\/wp\/v2\/users\/1"}],"replies":[{"embeddable":true,"href":"https:\/\/www2.iepcjalisco.org.mx\/proceso-electoral-2024\/wp-json\/wp\/v2\/comments?post=712"}],"version-history":[{"count":67,"href":"https:\/\/www2.iepcjalisco.org.mx\/proceso-electoral-2024\/wp-json\/wp\/v2\/pages\/712\/revisions"}],"predecessor-version":[{"id":4218,"href":"https:\/\/www2.iepcjalisco.org.mx\/proceso-electoral-2024\/wp-json\/wp\/v2\/pages\/712\/revisions\/4218"}],"wp:attachment":[{"href":"https:\/\/www2.iepcjalisco.org.mx\/proceso-electoral-2024\/wp-json\/wp\/v2\/media?parent=712"}],"curies":[{"name":"wp","href":"https:\/\/api.w.org\/{rel}","templated":true}]}}