{"id":307,"date":"2021-10-14T15:16:16","date_gmt":"2021-10-14T20:16:16","guid":{"rendered":"https:\/\/www2.iepcjalisco.org.mx\/proceso-electoral-extraordinario-tlaquepaque-2021\/?page_id=307"},"modified":"2021-10-16T12:45:50","modified_gmt":"2021-10-16T17:45:50","slug":"integracion-consejero-municipal","status":"publish","type":"page","link":"https:\/\/www2.iepcjalisco.org.mx\/proceso-electoral-extraordinario-tlaquepaque-2021\/?page_id=307","title":{"rendered":"Integraci\u00f3n Consejo Municipal"},"content":{"rendered":"\t\t<div data-elementor-type=\"wp-page\" data-elementor-id=\"307\" class=\"elementor elementor-307\" data-elementor-settings=\"[]\">\n\t\t\t\t\t\t\t<div class=\"elementor-section-wrap\">\n\t\t\t\t\t\t\t<section class=\"elementor-section elementor-top-section elementor-element elementor-element-f001ac4 elementor-section-boxed elementor-section-height-default elementor-section-height-default\" data-id=\"f001ac4\" data-element_type=\"section\">\n\t\t\t\t\t\t<div class=\"elementor-container elementor-column-gap-default\">\n\t\t\t\t\t<div class=\"elementor-column elementor-col-100 elementor-top-column elementor-element elementor-element-26c1401\" data-id=\"26c1401\" data-element_type=\"column\">\n\t\t\t<div class=\"elementor-widget-wrap elementor-element-populated\">\n\t\t\t\t\t\t\t\t<div class=\"elementor-element elementor-element-a9ff522 elementor-widget elementor-widget-text-editor\" data-id=\"a9ff522\" data-element_type=\"widget\" data-widget_type=\"text-editor.default\">\n\t\t\t\t<div class=\"elementor-widget-container\">\n\t\t\t\t\t\t\t<h2 style=\"text-align: center;\"><span style=\"color: #3366ff;\"><strong>San Pedro Tlaquepaque<\/strong><\/span><\/h2><p>Calle Hidalgo n\u00famero 310, Colonia Centro, c\u00f3digo postal 45500, en el municipio de San Pedro, Tlaquepaque, Jalisco.<\/p><p>Sesi\u00f3n de instalaci\u00f3n: s\u00e1bado 16 de octubre a las 10:00 AM<\/p>\t\t\t\t\t\t<\/div>\n\t\t\t\t<\/div>\n\t\t\t\t<div class=\"elementor-element elementor-element-4c6a1a1 elementor-widget elementor-widget-shortcode\" data-id=\"4c6a1a1\" data-element_type=\"widget\" data-widget_type=\"shortcode.default\">\n\t\t\t\t<div class=\"elementor-widget-container\">\n\t\t\t\t\t<div class=\"elementor-shortcode\"><div>Attention: The internal data of table &#8220;4&#8221; is corrupted!<\/div><\/div>\n\t\t\t\t<\/div>\n\t\t\t\t<\/div>\n\t\t\t\t<div class=\"elementor-element elementor-element-321376f elementor-widget elementor-widget-text-editor\" data-id=\"321376f\" data-element_type=\"widget\" data-widget_type=\"text-editor.default\">\n\t\t\t\t<div class=\"elementor-widget-container\">\n\t\t\t\t\t\t\t<p><a href=\"http:\/\/www.iepcjalisco.org.mx\/sites\/default\/files\/sesiones-de-consejo\/consejo%20general\/2021-10-15\/03-iepc-acg-340-2021-acu-integra-consejomunicipal-tlaquepaque.pdf\">Acuerdo del Consejo General<\/a><\/p>\t\t\t\t\t\t<\/div>\n\t\t\t\t<\/div>\n\t\t\t\t\t<\/div>\n\t\t<\/div>\n\t\t\t\t\t\t\t<\/div>\n\t\t<\/section>\n\t\t\t\t\t\t<\/div>\n\t\t\t\t\t<\/div>\n\t\t","protected":false},"excerpt":{"rendered":"<p>San Pedro Tlaquepaque Calle Hidalgo n\u00famero 310, Colonia Centro, c\u00f3digo postal 45500, en el municipio de San Pedro, Tlaquepaque, Jalisco. Sesi\u00f3n de instalaci\u00f3n: s\u00e1bado 16 de octubre a las 10:00 AM Acuerdo del Consejo General<\/p>\n","protected":false},"author":1,"featured_media":0,"parent":0,"menu_order":0,"comment_status":"closed","ping_status":"closed","template":"elementor_header_footer","meta":[],"_links":{"self":[{"href":"https:\/\/www2.iepcjalisco.org.mx\/proceso-electoral-extraordinario-tlaquepaque-2021\/index.php?rest_route=\/wp\/v2\/pages\/307"}],"collection":[{"href":"https:\/\/www2.iepcjalisco.org.mx\/proceso-electoral-extraordinario-tlaquepaque-2021\/index.php?rest_route=\/wp\/v2\/pages"}],"about":[{"href":"https:\/\/www2.iepcjalisco.org.mx\/proceso-electoral-extraordinario-tlaquepaque-2021\/index.php?rest_route=\/wp\/v2\/types\/page"}],"author":[{"embeddable":true,"href":"https:\/\/www2.iepcjalisco.org.mx\/proceso-electoral-extraordinario-tlaquepaque-2021\/index.php?rest_route=\/wp\/v2\/users\/1"}],"replies":[{"embeddable":true,"href":"https:\/\/www2.iepcjalisco.org.mx\/proceso-electoral-extraordinario-tlaquepaque-2021\/index.php?rest_route=%2Fwp%2Fv2%2Fcomments&post=307"}],"version-history":[{"count":20,"href":"https:\/\/www2.iepcjalisco.org.mx\/proceso-electoral-extraordinario-tlaquepaque-2021\/index.php?rest_route=\/wp\/v2\/pages\/307\/revisions"}],"predecessor-version":[{"id":331,"href":"https:\/\/www2.iepcjalisco.org.mx\/proceso-electoral-extraordinario-tlaquepaque-2021\/index.php?rest_route=\/wp\/v2\/pages\/307\/revisions\/331"}],"wp:attachment":[{"href":"https:\/\/www2.iepcjalisco.org.mx\/proceso-electoral-extraordinario-tlaquepaque-2021\/index.php?rest_route=%2Fwp%2Fv2%2Fmedia&parent=307"}],"curies":[{"name":"wp","href":"https:\/\/api.w.org\/{rel}","templated":true}]}}