{"id":83,"date":"2021-10-09T19:46:44","date_gmt":"2021-10-09T19:46:44","guid":{"rendered":"https:\/\/www2.iepcjalisco.org.mx\/proceso-electoral-extraordinario-tlaquepaque-2021\/?page_id=83"},"modified":"2021-10-27T12:11:46","modified_gmt":"2021-10-27T17:11:46","slug":"candidaturas-independientes","status":"publish","type":"page","link":"https:\/\/www2.iepcjalisco.org.mx\/proceso-electoral-extraordinario-tlaquepaque-2021\/?page_id=83","title":{"rendered":"Candidaturas Independientes"},"content":{"rendered":"\t\t<div data-elementor-type=\"wp-page\" data-elementor-id=\"83\" class=\"elementor elementor-83\" data-elementor-settings=\"[]\">\n\t\t\t\t\t\t\t<div class=\"elementor-section-wrap\">\n\t\t\t\t\t\t\t<section class=\"elementor-section elementor-top-section elementor-element elementor-element-b368137 elementor-section-full_width elementor-section-height-default elementor-section-height-default\" data-id=\"b368137\" data-element_type=\"section\">\n\t\t\t\t\t\t<div class=\"elementor-container elementor-column-gap-default\">\n\t\t\t\t\t<div class=\"elementor-column elementor-col-100 elementor-top-column elementor-element elementor-element-d8a4b18\" data-id=\"d8a4b18\" data-element_type=\"column\">\n\t\t\t<div class=\"elementor-widget-wrap elementor-element-populated\">\n\t\t\t\t\t\t\t\t<div class=\"elementor-element elementor-element-432ea7f elementor-widget elementor-widget-spacer\" data-id=\"432ea7f\" data-element_type=\"widget\" data-widget_type=\"spacer.default\">\n\t\t\t\t<div class=\"elementor-widget-container\">\n\t\t\t\t\t<div class=\"elementor-spacer\">\n\t\t\t<div class=\"elementor-spacer-inner\"><\/div>\n\t\t<\/div>\n\t\t\t\t<\/div>\n\t\t\t\t<\/div>\n\t\t\t\t<div class=\"elementor-element elementor-element-e1dbfd9 elementor-widget elementor-widget-heading\" data-id=\"e1dbfd9\" data-element_type=\"widget\" data-widget_type=\"heading.default\">\n\t\t\t\t<div class=\"elementor-widget-container\">\n\t\t\t<h4 class=\"elementor-heading-title elementor-size-default\">Convocatoria para Candidaturas Independientes<\/h4>\t\t<\/div>\n\t\t\t\t<\/div>\n\t\t\t\t<div class=\"elementor-element elementor-element-0e1e9c9 elementor-align-center elementor-widget elementor-widget-embedpres_document\" data-id=\"0e1e9c9\" data-element_type=\"widget\" data-widget_type=\"embedpres_document.default\">\n\t\t\t\t<div class=\"elementor-widget-container\">\n\t\t\t        <div class=\"embedpress-document-embed ep-doc-94c10fd56f00de767376419f3f53feb5 ose-document\" style=\"width: 844px;height: 1000px; max-width:100%; display: inline-block\">\n\t                                        <div class=\"embedpress-embed-document-pdf embedpress-pdf-0e1e9c9\" data-emid=\"embedpress-pdf-0e1e9c9\" data-emsrc=\"https:\/\/www2.iepcjalisco.org.mx\/proceso-electoral-extraordinario-tlaquepaque-2021\/wp-content\/uploads\/2021\/10\/Convocatoria-CIUDADANAS-INTERESADAS.pdf\">\n                    <\/div>\n                            <\/div>\n        \n        \t\t<\/div>\n\t\t\t\t<\/div>\n\t\t\t\t\t<\/div>\n\t\t<\/div>\n\t\t\t\t\t\t\t<\/div>\n\t\t<\/section>\n\t\t\t\t<section class=\"elementor-section elementor-top-section elementor-element elementor-element-3c89483 elementor-section-boxed elementor-section-height-default elementor-section-height-default\" data-id=\"3c89483\" data-element_type=\"section\">\n\t\t\t\t\t\t<div class=\"elementor-container elementor-column-gap-default\">\n\t\t\t\t\t<div class=\"elementor-column elementor-col-100 elementor-top-column elementor-element elementor-element-55f868b\" data-id=\"55f868b\" data-element_type=\"column\">\n\t\t\t<div class=\"elementor-widget-wrap elementor-element-populated\">\n\t\t\t\t\t\t\t\t<div class=\"elementor-element elementor-element-fe68046 elementor-widget elementor-widget-spacer\" data-id=\"fe68046\" data-element_type=\"widget\" data-widget_type=\"spacer.default\">\n\t\t\t\t<div class=\"elementor-widget-container\">\n\t\t\t\t\t<div class=\"elementor-spacer\">\n\t\t\t<div class=\"elementor-spacer-inner\"><\/div>\n\t\t<\/div>\n\t\t\t\t<\/div>\n\t\t\t\t<\/div>\n\t\t\t\t\t<\/div>\n\t\t<\/div>\n\t\t\t\t\t\t\t<\/div>\n\t\t<\/section>\n\t\t\t\t<section class=\"elementor-section elementor-top-section elementor-element elementor-element-30e4bae elementor-section-boxed elementor-section-height-default elementor-section-height-default\" data-id=\"30e4bae\" data-element_type=\"section\">\n\t\t\t\t\t\t<div class=\"elementor-container elementor-column-gap-default\">\n\t\t\t\t\t<div class=\"elementor-column elementor-col-100 elementor-top-column elementor-element elementor-element-abd65ca\" data-id=\"abd65ca\" data-element_type=\"column\">\n\t\t\t<div class=\"elementor-widget-wrap elementor-element-populated\">\n\t\t\t\t\t\t\t\t<div class=\"elementor-element elementor-element-279f981 elementor-widget elementor-widget-text-editor\" data-id=\"279f981\" data-element_type=\"widget\" data-widget_type=\"text-editor.default\">\n\t\t\t\t<div class=\"elementor-widget-container\">\n\t\t\t\t\t\t\t<h5>M\u00e1s documentos para consultar.<\/h5>\t\t\t\t\t\t<\/div>\n\t\t\t\t<\/div>\n\t\t\t\t<section class=\"elementor-section elementor-inner-section elementor-element elementor-element-e9af1d2 elementor-section-boxed elementor-section-height-default elementor-section-height-default\" data-id=\"e9af1d2\" data-element_type=\"section\">\n\t\t\t\t\t\t<div class=\"elementor-container elementor-column-gap-default\">\n\t\t\t\t\t<div class=\"elementor-column elementor-col-33 elementor-inner-column elementor-element elementor-element-cf8ec3b\" data-id=\"cf8ec3b\" data-element_type=\"column\">\n\t\t\t<div class=\"elementor-widget-wrap elementor-element-populated\">\n\t\t\t\t\t\t\t\t<div class=\"elementor-element elementor-element-0da9574 elementor-widget elementor-widget-heading\" data-id=\"0da9574\" data-element_type=\"widget\" data-widget_type=\"heading.default\">\n\t\t\t\t<div class=\"elementor-widget-container\">\n\t\t\t<h6 class=\"elementor-heading-title elementor-size-default\"><a href=\"https:\/\/www2.iepcjalisco.org.mx\/proceso-electoral-extraordinario-tlaquepaque-2021\/wp-content\/uploads\/2021\/10\/ANEXO-2-MANIFESTACION-INTENCION-CAND-INDEP-1.docx\">Manifestaci\u00f3n de intenci\u00f3n candidatura independiente<\/a><\/h6>\t\t<\/div>\n\t\t\t\t<\/div>\n\t\t\t\t\t<\/div>\n\t\t<\/div>\n\t\t\t\t<div class=\"elementor-column elementor-col-33 elementor-inner-column elementor-element elementor-element-727b4ee\" data-id=\"727b4ee\" data-element_type=\"column\">\n\t\t\t<div class=\"elementor-widget-wrap elementor-element-populated\">\n\t\t\t\t\t\t\t\t<div class=\"elementor-element elementor-element-e0a7164 elementor-widget elementor-widget-heading\" data-id=\"e0a7164\" data-element_type=\"widget\" data-widget_type=\"heading.default\">\n\t\t\t\t<div class=\"elementor-widget-container\">\n\t\t\t<h6 class=\"elementor-heading-title elementor-size-default\"><a href=\"https:\/\/www2.iepcjalisco.org.mx\/proceso-electoral-extraordinario-tlaquepaque-2021\/wp-content\/uploads\/2021\/10\/Modelo_de_estatutos_de_AC.pdf\">Modelo \u00fanico de estatutos<\/a><\/h6>\t\t<\/div>\n\t\t\t\t<\/div>\n\t\t\t\t\t<\/div>\n\t\t<\/div>\n\t\t\t\t<div class=\"elementor-column elementor-col-33 elementor-inner-column elementor-element elementor-element-a998b1d\" data-id=\"a998b1d\" data-element_type=\"column\">\n\t\t\t<div class=\"elementor-widget-wrap elementor-element-populated\">\n\t\t\t\t\t\t\t\t<div class=\"elementor-element elementor-element-615032a elementor-widget elementor-widget-heading\" data-id=\"615032a\" data-element_type=\"widget\" data-widget_type=\"heading.default\">\n\t\t\t\t<div class=\"elementor-widget-container\">\n\t\t\t<h6 class=\"elementor-heading-title elementor-size-default\"><a href=\"https:\/\/www2.iepcjalisco.org.mx\/proceso-electoral-extraordinario-tlaquepaque-2021\/wp-content\/uploads\/2021\/10\/PORCENTAJE_APOYO_CIUDADANO_CAND_INDEP.pdf\">Porcentajes a contemplar para el apoyo ciudadano para las candidaturas independientes<\/a><\/h6>\t\t<\/div>\n\t\t\t\t<\/div>\n\t\t\t\t\t<\/div>\n\t\t<\/div>\n\t\t\t\t\t\t\t<\/div>\n\t\t<\/section>\n\t\t\t\t<div class=\"elementor-element elementor-element-6ed9e42 elementor-widget elementor-widget-spacer\" data-id=\"6ed9e42\" data-element_type=\"widget\" data-widget_type=\"spacer.default\">\n\t\t\t\t<div class=\"elementor-widget-container\">\n\t\t\t\t\t<div class=\"elementor-spacer\">\n\t\t\t<div class=\"elementor-spacer-inner\"><\/div>\n\t\t<\/div>\n\t\t\t\t<\/div>\n\t\t\t\t<\/div>\n\t\t\t\t\t<\/div>\n\t\t<\/div>\n\t\t\t\t\t\t\t<\/div>\n\t\t<\/section>\n\t\t\t\t\t\t<\/div>\n\t\t\t\t\t<\/div>\n\t\t","protected":false},"excerpt":{"rendered":"<p>Convocatoria para Candidaturas Independientes M\u00e1s documentos para consultar. Manifestaci\u00f3n de intenci\u00f3n candidatura independiente Modelo \u00fanico de estatutos Porcentajes a contemplar para el apoyo ciudadano para las candidaturas independientes<\/p>\n","protected":false},"author":1,"featured_media":0,"parent":0,"menu_order":0,"comment_status":"closed","ping_status":"closed","template":"elementor_header_footer","meta":[],"_links":{"self":[{"href":"https:\/\/www2.iepcjalisco.org.mx\/proceso-electoral-extraordinario-tlaquepaque-2021\/index.php?rest_route=\/wp\/v2\/pages\/83"}],"collection":[{"href":"https:\/\/www2.iepcjalisco.org.mx\/proceso-electoral-extraordinario-tlaquepaque-2021\/index.php?rest_route=\/wp\/v2\/pages"}],"about":[{"href":"https:\/\/www2.iepcjalisco.org.mx\/proceso-electoral-extraordinario-tlaquepaque-2021\/index.php?rest_route=\/wp\/v2\/types\/page"}],"author":[{"embeddable":true,"href":"https:\/\/www2.iepcjalisco.org.mx\/proceso-electoral-extraordinario-tlaquepaque-2021\/index.php?rest_route=\/wp\/v2\/users\/1"}],"replies":[{"embeddable":true,"href":"https:\/\/www2.iepcjalisco.org.mx\/proceso-electoral-extraordinario-tlaquepaque-2021\/index.php?rest_route=%2Fwp%2Fv2%2Fcomments&post=83"}],"version-history":[{"count":39,"href":"https:\/\/www2.iepcjalisco.org.mx\/proceso-electoral-extraordinario-tlaquepaque-2021\/index.php?rest_route=\/wp\/v2\/pages\/83\/revisions"}],"predecessor-version":[{"id":487,"href":"https:\/\/www2.iepcjalisco.org.mx\/proceso-electoral-extraordinario-tlaquepaque-2021\/index.php?rest_route=\/wp\/v2\/pages\/83\/revisions\/487"}],"wp:attachment":[{"href":"https:\/\/www2.iepcjalisco.org.mx\/proceso-electoral-extraordinario-tlaquepaque-2021\/index.php?rest_route=%2Fwp%2Fv2%2Fmedia&parent=83"}],"curies":[{"name":"wp","href":"https:\/\/api.w.org\/{rel}","templated":true}]}}