{"id":19457,"date":"2024-12-18T19:37:53","date_gmt":"2024-12-18T19:37:53","guid":{"rendered":"https:\/\/www2.iepcjalisco.org.mx\/publicaciones\/?page_id=19457"},"modified":"2025-11-30T19:24:34","modified_gmt":"2025-11-30T19:24:34","slug":"coleccion-institucional","status":"publish","type":"page","link":"https:\/\/www2.iepcjalisco.org.mx\/publicaciones\/?page_id=19457","title":{"rendered":"Colecci\u00f3n Institucional"},"content":{"rendered":"\t\t<div data-elementor-type=\"wp-page\" data-elementor-id=\"19457\" class=\"elementor elementor-19457\" data-elementor-settings=\"[]\">\n\t\t\t\t\t\t\t<div class=\"elementor-section-wrap\">\n\t\t\t\t\t\t\t<section class=\"elementor-section elementor-top-section elementor-element elementor-element-ecde06b elementor-section-full_width elementor-section-height-min-height elementor-section-height-default elementor-section-items-middle\" data-id=\"ecde06b\" data-element_type=\"section\" data-settings=\"{&quot;background_background&quot;:&quot;classic&quot;}\">\n\t\t\t\t\t\t<div class=\"elementor-container elementor-column-gap-default\">\n\t\t\t\t\t<div class=\"elementor-column elementor-col-100 elementor-top-column elementor-element elementor-element-3e8d493\" data-id=\"3e8d493\" data-element_type=\"column\">\n\t\t\t<div class=\"elementor-widget-wrap elementor-element-populated\">\n\t\t\t\t\t\t\t\t<div class=\"elementor-element elementor-element-47b257a elementor-widget elementor-widget-heading\" data-id=\"47b257a\" data-element_type=\"widget\" data-widget_type=\"heading.default\">\n\t\t\t\t<div class=\"elementor-widget-container\">\n\t\t\t<h1 class=\"elementor-heading-title elementor-size-default\">Colecci\u00f3n Institucional<\/h1>\t\t<\/div>\n\t\t\t\t<\/div>\n\t\t\t\t\t<\/div>\n\t\t<\/div>\n\t\t\t\t\t\t\t<\/div>\n\t\t<\/section>\n\t\t\t\t<section class=\"elementor-section elementor-top-section elementor-element elementor-element-172dd08 elementor-section-full_width elementor-section-height-default elementor-section-height-default\" data-id=\"172dd08\" data-element_type=\"section\" data-settings=\"{&quot;background_background&quot;:&quot;classic&quot;}\">\n\t\t\t\t\t\t<div class=\"elementor-container elementor-column-gap-default\">\n\t\t\t\t\t<div class=\"elementor-column elementor-col-100 elementor-top-column elementor-element elementor-element-314d4f0\" data-id=\"314d4f0\" data-element_type=\"column\">\n\t\t\t<div class=\"elementor-widget-wrap elementor-element-populated\">\n\t\t\t\t\t\t\t\t<div class=\"elementor-element elementor-element-250f000 elementor-widget elementor-widget-image\" data-id=\"250f000\" data-element_type=\"widget\" data-widget_type=\"image.default\">\n\t\t\t\t<div class=\"elementor-widget-container\">\n\t\t\t\t\t\t\t\t\t\t\t\t\t\t\t<img loading=\"lazy\" decoding=\"async\" width=\"3193\" height=\"253\" src=\"https:\/\/www2.iepcjalisco.org.mx\/publicaciones\/wp-content\/uploads\/2025\/07\/S_MEMORIA_Mesa-de-trabajo-1.png\" class=\"attachment-full size-full\" alt=\"\" srcset=\"https:\/\/www2.iepcjalisco.org.mx\/publicaciones\/wp-content\/uploads\/2025\/07\/S_MEMORIA_Mesa-de-trabajo-1.png 3193w, https:\/\/www2.iepcjalisco.org.mx\/publicaciones\/wp-content\/uploads\/2025\/07\/S_MEMORIA_Mesa-de-trabajo-1-300x24.png 300w, https:\/\/www2.iepcjalisco.org.mx\/publicaciones\/wp-content\/uploads\/2025\/07\/S_MEMORIA_Mesa-de-trabajo-1-1024x81.png 1024w, https:\/\/www2.iepcjalisco.org.mx\/publicaciones\/wp-content\/uploads\/2025\/07\/S_MEMORIA_Mesa-de-trabajo-1-768x61.png 768w, https:\/\/www2.iepcjalisco.org.mx\/publicaciones\/wp-content\/uploads\/2025\/07\/S_MEMORIA_Mesa-de-trabajo-1-1536x122.png 1536w, https:\/\/www2.iepcjalisco.org.mx\/publicaciones\/wp-content\/uploads\/2025\/07\/S_MEMORIA_Mesa-de-trabajo-1-2048x162.png 2048w, https:\/\/www2.iepcjalisco.org.mx\/publicaciones\/wp-content\/uploads\/2025\/07\/S_MEMORIA_Mesa-de-trabajo-1-580x46.png 580w, https:\/\/www2.iepcjalisco.org.mx\/publicaciones\/wp-content\/uploads\/2025\/07\/S_MEMORIA_Mesa-de-trabajo-1-860x68.png 860w, https:\/\/www2.iepcjalisco.org.mx\/publicaciones\/wp-content\/uploads\/2025\/07\/S_MEMORIA_Mesa-de-trabajo-1-1160x92.png 1160w, https:\/\/www2.iepcjalisco.org.mx\/publicaciones\/wp-content\/uploads\/2025\/07\/S_MEMORIA_Mesa-de-trabajo-1-1320x105.png 1320w, https:\/\/www2.iepcjalisco.org.mx\/publicaciones\/wp-content\/uploads\/2025\/07\/S_MEMORIA_Mesa-de-trabajo-1-540x43.png 540w, https:\/\/www2.iepcjalisco.org.mx\/publicaciones\/wp-content\/uploads\/2025\/07\/S_MEMORIA_Mesa-de-trabajo-1-600x48.png 600w\" sizes=\"auto, (max-width: 3193px) 100vw, 3193px\" \/>\t\t\t\t\t\t\t\t\t\t\t\t\t\t\t<\/div>\n\t\t\t\t<\/div>\n\t\t\t\t\t<\/div>\n\t\t<\/div>\n\t\t\t\t\t\t\t<\/div>\n\t\t<\/section>\n\t\t\t\t<section class=\"elementor-section elementor-top-section elementor-element elementor-element-b9066bd elementor-section-content-bottom elementor-section-boxed elementor-section-height-default elementor-section-height-default\" data-id=\"b9066bd\" data-element_type=\"section\" data-settings=\"{&quot;background_background&quot;:&quot;classic&quot;}\">\n\t\t\t\t\t\t<div class=\"elementor-container elementor-column-gap-wider\">\n\t\t\t\t\t<div class=\"elementor-column elementor-col-33 elementor-top-column elementor-element elementor-element-2d202f3\" data-id=\"2d202f3\" data-element_type=\"column\">\n\t\t\t<div class=\"elementor-widget-wrap elementor-element-populated\">\n\t\t\t\t\t\t\t\t<div class=\"elementor-element elementor-element-7700179 elementor-widget elementor-widget-image\" data-id=\"7700179\" data-element_type=\"widget\" data-widget_type=\"image.default\">\n\t\t\t\t<div class=\"elementor-widget-container\">\n\t\t\t\t\t\t\t\t\t\t\t\t<figure class=\"wp-caption\">\n\t\t\t\t\t\t\t\t\t\t\t<a href=\"https:\/\/www2.iepcjalisco.org.mx\/publicaciones\/?page_id=21697\">\n\t\t\t\t\t\t\t<img loading=\"lazy\" decoding=\"async\" width=\"1024\" height=\"784\" src=\"https:\/\/www2.iepcjalisco.org.mx\/publicaciones\/wp-content\/uploads\/2025\/10\/Captura-de-Pantalla-2025-10-28-a-las-14.04.41-1024x784.png\" class=\"attachment-large size-large\" alt=\"\" srcset=\"https:\/\/www2.iepcjalisco.org.mx\/publicaciones\/wp-content\/uploads\/2025\/10\/Captura-de-Pantalla-2025-10-28-a-las-14.04.41-1024x784.png 1024w, https:\/\/www2.iepcjalisco.org.mx\/publicaciones\/wp-content\/uploads\/2025\/10\/Captura-de-Pantalla-2025-10-28-a-las-14.04.41-300x230.png 300w, https:\/\/www2.iepcjalisco.org.mx\/publicaciones\/wp-content\/uploads\/2025\/10\/Captura-de-Pantalla-2025-10-28-a-las-14.04.41-768x588.png 768w, https:\/\/www2.iepcjalisco.org.mx\/publicaciones\/wp-content\/uploads\/2025\/10\/Captura-de-Pantalla-2025-10-28-a-las-14.04.41-1536x1175.png 1536w, https:\/\/www2.iepcjalisco.org.mx\/publicaciones\/wp-content\/uploads\/2025\/10\/Captura-de-Pantalla-2025-10-28-a-las-14.04.41-2048x1567.png 2048w\" sizes=\"auto, (max-width: 1024px) 100vw, 1024px\" \/>\t\t\t\t\t\t\t\t<\/a>\n\t\t\t\t\t\t\t\t\t\t\t<figcaption class=\"widget-image-caption wp-caption-text\">Memoria  Bola\u00f1os 2025<\/figcaption>\n\t\t\t\t\t\t\t\t\t\t<\/figure>\n\t\t\t\t\t\t\t\t\t<\/div>\n\t\t\t\t<\/div>\n\t\t\t\t\t<\/div>\n\t\t<\/div>\n\t\t\t\t<div class=\"elementor-column elementor-col-33 elementor-top-column elementor-element elementor-element-a9f4d5a\" data-id=\"a9f4d5a\" data-element_type=\"column\">\n\t\t\t<div class=\"elementor-widget-wrap elementor-element-populated\">\n\t\t\t\t\t\t\t\t<div class=\"elementor-element elementor-element-5a4f08f elementor-widget elementor-widget-image\" data-id=\"5a4f08f\" data-element_type=\"widget\" data-widget_type=\"image.default\">\n\t\t\t\t<div class=\"elementor-widget-container\">\n\t\t\t\t\t\t\t\t\t\t\t\t<figure class=\"wp-caption\">\n\t\t\t\t\t\t\t\t\t\t\t<a href=\"https:\/\/www2.iepcjalisco.org.mx\/publicaciones\/?page_id=21765\">\n\t\t\t\t\t\t\t<img loading=\"lazy\" decoding=\"async\" width=\"1024\" height=\"791\" src=\"https:\/\/www2.iepcjalisco.org.mx\/publicaciones\/wp-content\/uploads\/2025\/11\/Portada_Debates-1024x791.jpg\" class=\"attachment-large size-large\" alt=\"\" srcset=\"https:\/\/www2.iepcjalisco.org.mx\/publicaciones\/wp-content\/uploads\/2025\/11\/Portada_Debates-1024x791.jpg 1024w, https:\/\/www2.iepcjalisco.org.mx\/publicaciones\/wp-content\/uploads\/2025\/11\/Portada_Debates-300x232.jpg 300w, https:\/\/www2.iepcjalisco.org.mx\/publicaciones\/wp-content\/uploads\/2025\/11\/Portada_Debates-768x593.jpg 768w, https:\/\/www2.iepcjalisco.org.mx\/publicaciones\/wp-content\/uploads\/2025\/11\/Portada_Debates-1536x1187.jpg 1536w, https:\/\/www2.iepcjalisco.org.mx\/publicaciones\/wp-content\/uploads\/2025\/11\/Portada_Debates.jpg 1650w\" sizes=\"auto, (max-width: 1024px) 100vw, 1024px\" \/>\t\t\t\t\t\t\t\t<\/a>\n\t\t\t\t\t\t\t\t\t\t\t<figcaption class=\"widget-image-caption wp-caption-text\">Memoria de Debates<\/figcaption>\n\t\t\t\t\t\t\t\t\t\t<\/figure>\n\t\t\t\t\t\t\t\t\t<\/div>\n\t\t\t\t<\/div>\n\t\t\t\t\t<\/div>\n\t\t<\/div>\n\t\t\t\t<div class=\"elementor-column elementor-col-33 elementor-top-column elementor-element elementor-element-4f4c320\" data-id=\"4f4c320\" data-element_type=\"column\">\n\t\t\t<div class=\"elementor-widget-wrap elementor-element-populated\">\n\t\t\t\t\t\t\t\t<div class=\"elementor-element elementor-element-8feba1c elementor-widget elementor-widget-image\" data-id=\"8feba1c\" data-element_type=\"widget\" data-widget_type=\"image.default\">\n\t\t\t\t<div class=\"elementor-widget-container\">\n\t\t\t\t\t\t\t\t\t\t\t\t<figure class=\"wp-caption\">\n\t\t\t\t\t\t\t\t\t\t\t<a href=\"https:\/\/www2.iepcjalisco.org.mx\/publicaciones\/?page_id=19971\">\n\t\t\t\t\t\t\t<img loading=\"lazy\" decoding=\"async\" width=\"1024\" height=\"817\" src=\"https:\/\/www2.iepcjalisco.org.mx\/publicaciones\/wp-content\/uploads\/2024\/12\/Memoria-2023-2024-1024x817.png\" class=\"attachment-large size-large\" alt=\"\" srcset=\"https:\/\/www2.iepcjalisco.org.mx\/publicaciones\/wp-content\/uploads\/2024\/12\/Memoria-2023-2024-1024x817.png 1024w, https:\/\/www2.iepcjalisco.org.mx\/publicaciones\/wp-content\/uploads\/2024\/12\/Memoria-2023-2024-300x239.png 300w, https:\/\/www2.iepcjalisco.org.mx\/publicaciones\/wp-content\/uploads\/2024\/12\/Memoria-2023-2024-768x612.png 768w, https:\/\/www2.iepcjalisco.org.mx\/publicaciones\/wp-content\/uploads\/2024\/12\/Memoria-2023-2024-580x462.png 580w, https:\/\/www2.iepcjalisco.org.mx\/publicaciones\/wp-content\/uploads\/2024\/12\/Memoria-2023-2024-860x686.png 860w, https:\/\/www2.iepcjalisco.org.mx\/publicaciones\/wp-content\/uploads\/2024\/12\/Memoria-2023-2024-540x431.png 540w, https:\/\/www2.iepcjalisco.org.mx\/publicaciones\/wp-content\/uploads\/2024\/12\/Memoria-2023-2024-600x478.png 600w, https:\/\/www2.iepcjalisco.org.mx\/publicaciones\/wp-content\/uploads\/2024\/12\/Memoria-2023-2024.png 1081w\" sizes=\"auto, (max-width: 1024px) 100vw, 1024px\" \/>\t\t\t\t\t\t\t\t<\/a>\n\t\t\t\t\t\t\t\t\t\t\t<figcaption class=\"widget-image-caption wp-caption-text\">Memoria 2023-2024<\/figcaption>\n\t\t\t\t\t\t\t\t\t\t<\/figure>\n\t\t\t\t\t\t\t\t\t<\/div>\n\t\t\t\t<\/div>\n\t\t\t\t\t<\/div>\n\t\t<\/div>\n\t\t\t\t\t\t\t<\/div>\n\t\t<\/section>\n\t\t\t\t<section class=\"elementor-section elementor-top-section elementor-element elementor-element-5e763fb elementor-section-full_width elementor-section-height-default elementor-section-height-default\" data-id=\"5e763fb\" data-element_type=\"section\" data-settings=\"{&quot;background_background&quot;:&quot;classic&quot;}\">\n\t\t\t\t\t\t<div class=\"elementor-container elementor-column-gap-default\">\n\t\t\t\t\t<div class=\"elementor-column elementor-col-100 elementor-top-column elementor-element elementor-element-a16d35e\" data-id=\"a16d35e\" data-element_type=\"column\">\n\t\t\t<div class=\"elementor-widget-wrap elementor-element-populated\">\n\t\t\t\t\t\t\t\t<div class=\"elementor-element elementor-element-2da493a elementor-widget elementor-widget-image\" data-id=\"2da493a\" data-element_type=\"widget\" data-widget_type=\"image.default\">\n\t\t\t\t<div class=\"elementor-widget-container\">\n\t\t\t\t\t\t\t\t\t\t\t\t\t\t\t\t<a href=\"https:\/\/www2.iepcjalisco.org.mx\/publicaciones\/?page_id=19555\">\n\t\t\t\t\t\t\t<img decoding=\"async\" src=\"https:\/\/www2.iepcjalisco.org.mx\/publicaciones\/wp-content\/uploads\/elementor\/thumbs\/boton-ver-mas-r0ck3ioin9ios4xcpy20e4d1csn4reeh0022l4mss8.png\" title=\"boton ver mas\" alt=\"boton ver mas\" \/>\t\t\t\t\t\t\t\t<\/a>\n\t\t\t\t\t\t\t\t\t\t\t\t\t\t\t<\/div>\n\t\t\t\t<\/div>\n\t\t\t\t\t<\/div>\n\t\t<\/div>\n\t\t\t\t\t\t\t<\/div>\n\t\t<\/section>\n\t\t\t\t<section class=\"elementor-section elementor-top-section elementor-element elementor-element-29e6c2b elementor-section-full_width elementor-section-height-default elementor-section-height-default\" data-id=\"29e6c2b\" data-element_type=\"section\" data-settings=\"{&quot;background_background&quot;:&quot;classic&quot;}\">\n\t\t\t\t\t\t<div class=\"elementor-container elementor-column-gap-default\">\n\t\t\t\t\t<div class=\"elementor-column elementor-col-100 elementor-top-column elementor-element elementor-element-14977b7\" data-id=\"14977b7\" data-element_type=\"column\">\n\t\t\t<div class=\"elementor-widget-wrap elementor-element-populated\">\n\t\t\t\t\t\t\t\t<div class=\"elementor-element elementor-element-f3fd0d9 elementor-widget elementor-widget-image\" data-id=\"f3fd0d9\" data-element_type=\"widget\" data-widget_type=\"image.default\">\n\t\t\t\t<div class=\"elementor-widget-container\">\n\t\t\t\t\t\t\t\t\t\t\t\t\t\t\t<img loading=\"lazy\" decoding=\"async\" width=\"3193\" height=\"253\" src=\"https:\/\/www2.iepcjalisco.org.mx\/publicaciones\/wp-content\/uploads\/2025\/07\/S_LEX_Mesa-de-trabajo-1.png\" class=\"attachment-full size-full\" alt=\"\" srcset=\"https:\/\/www2.iepcjalisco.org.mx\/publicaciones\/wp-content\/uploads\/2025\/07\/S_LEX_Mesa-de-trabajo-1.png 3193w, https:\/\/www2.iepcjalisco.org.mx\/publicaciones\/wp-content\/uploads\/2025\/07\/S_LEX_Mesa-de-trabajo-1-300x24.png 300w, https:\/\/www2.iepcjalisco.org.mx\/publicaciones\/wp-content\/uploads\/2025\/07\/S_LEX_Mesa-de-trabajo-1-1024x81.png 1024w, https:\/\/www2.iepcjalisco.org.mx\/publicaciones\/wp-content\/uploads\/2025\/07\/S_LEX_Mesa-de-trabajo-1-768x61.png 768w, https:\/\/www2.iepcjalisco.org.mx\/publicaciones\/wp-content\/uploads\/2025\/07\/S_LEX_Mesa-de-trabajo-1-1536x122.png 1536w, https:\/\/www2.iepcjalisco.org.mx\/publicaciones\/wp-content\/uploads\/2025\/07\/S_LEX_Mesa-de-trabajo-1-2048x162.png 2048w, https:\/\/www2.iepcjalisco.org.mx\/publicaciones\/wp-content\/uploads\/2025\/07\/S_LEX_Mesa-de-trabajo-1-580x46.png 580w, https:\/\/www2.iepcjalisco.org.mx\/publicaciones\/wp-content\/uploads\/2025\/07\/S_LEX_Mesa-de-trabajo-1-860x68.png 860w, https:\/\/www2.iepcjalisco.org.mx\/publicaciones\/wp-content\/uploads\/2025\/07\/S_LEX_Mesa-de-trabajo-1-1160x92.png 1160w, https:\/\/www2.iepcjalisco.org.mx\/publicaciones\/wp-content\/uploads\/2025\/07\/S_LEX_Mesa-de-trabajo-1-1320x105.png 1320w, https:\/\/www2.iepcjalisco.org.mx\/publicaciones\/wp-content\/uploads\/2025\/07\/S_LEX_Mesa-de-trabajo-1-540x43.png 540w, https:\/\/www2.iepcjalisco.org.mx\/publicaciones\/wp-content\/uploads\/2025\/07\/S_LEX_Mesa-de-trabajo-1-600x48.png 600w\" sizes=\"auto, (max-width: 3193px) 100vw, 3193px\" \/>\t\t\t\t\t\t\t\t\t\t\t\t\t\t\t<\/div>\n\t\t\t\t<\/div>\n\t\t\t\t\t<\/div>\n\t\t<\/div>\n\t\t\t\t\t\t\t<\/div>\n\t\t<\/section>\n\t\t\t\t<section class=\"elementor-section elementor-top-section elementor-element elementor-element-86d8f68 elementor-section-content-bottom elementor-section-boxed elementor-section-height-default elementor-section-height-default\" data-id=\"86d8f68\" data-element_type=\"section\" data-settings=\"{&quot;background_background&quot;:&quot;classic&quot;}\">\n\t\t\t\t\t\t<div class=\"elementor-container elementor-column-gap-wider\">\n\t\t\t\t\t<div class=\"elementor-column elementor-col-33 elementor-top-column elementor-element elementor-element-9cb92c5\" data-id=\"9cb92c5\" data-element_type=\"column\">\n\t\t\t<div class=\"elementor-widget-wrap elementor-element-populated\">\n\t\t\t\t\t\t\t\t<div class=\"elementor-element elementor-element-aeb79b6 elementor-widget elementor-widget-image\" data-id=\"aeb79b6\" data-element_type=\"widget\" data-widget_type=\"image.default\">\n\t\t\t\t<div class=\"elementor-widget-container\">\n\t\t\t\t\t\t\t\t\t\t\t\t<figure class=\"wp-caption\">\n\t\t\t\t\t\t\t\t\t\t\t<a href=\"https:\/\/www2.iepcjalisco.org.mx\/publicaciones\/?page_id=19994\">\n\t\t\t\t\t\t\t<img loading=\"lazy\" decoding=\"async\" width=\"765\" height=\"1024\" src=\"https:\/\/www2.iepcjalisco.org.mx\/publicaciones\/wp-content\/uploads\/2024\/12\/Marco-Juridico-I-765x1024.png\" class=\"attachment-large size-large\" alt=\"\" srcset=\"https:\/\/www2.iepcjalisco.org.mx\/publicaciones\/wp-content\/uploads\/2024\/12\/Marco-Juridico-I-765x1024.png 765w, https:\/\/www2.iepcjalisco.org.mx\/publicaciones\/wp-content\/uploads\/2024\/12\/Marco-Juridico-I-224x300.png 224w, https:\/\/www2.iepcjalisco.org.mx\/publicaciones\/wp-content\/uploads\/2024\/12\/Marco-Juridico-I-768x1028.png 768w, https:\/\/www2.iepcjalisco.org.mx\/publicaciones\/wp-content\/uploads\/2024\/12\/Marco-Juridico-I-580x777.png 580w, https:\/\/www2.iepcjalisco.org.mx\/publicaciones\/wp-content\/uploads\/2024\/12\/Marco-Juridico-I-860x1151.png 860w, https:\/\/www2.iepcjalisco.org.mx\/publicaciones\/wp-content\/uploads\/2024\/12\/Marco-Juridico-I-540x723.png 540w, https:\/\/www2.iepcjalisco.org.mx\/publicaciones\/wp-content\/uploads\/2024\/12\/Marco-Juridico-I-600x803.png 600w, https:\/\/www2.iepcjalisco.org.mx\/publicaciones\/wp-content\/uploads\/2024\/12\/Marco-Juridico-I.png 903w\" sizes=\"auto, (max-width: 765px) 100vw, 765px\" \/>\t\t\t\t\t\t\t\t<\/a>\n\t\t\t\t\t\t\t\t\t\t\t<figcaption class=\"widget-image-caption wp-caption-text\">Marco J\u00faridico l<\/figcaption>\n\t\t\t\t\t\t\t\t\t\t<\/figure>\n\t\t\t\t\t\t\t\t\t<\/div>\n\t\t\t\t<\/div>\n\t\t\t\t\t<\/div>\n\t\t<\/div>\n\t\t\t\t<div class=\"elementor-column elementor-col-33 elementor-top-column elementor-element elementor-element-f05e778\" data-id=\"f05e778\" data-element_type=\"column\">\n\t\t\t<div class=\"elementor-widget-wrap elementor-element-populated\">\n\t\t\t\t\t\t\t\t<div class=\"elementor-element elementor-element-d611f11 elementor-widget elementor-widget-image\" data-id=\"d611f11\" data-element_type=\"widget\" data-settings=\"{&quot;_animation&quot;:&quot;none&quot;}\" data-widget_type=\"image.default\">\n\t\t\t\t<div class=\"elementor-widget-container\">\n\t\t\t\t\t\t\t\t\t\t\t\t<figure class=\"wp-caption\">\n\t\t\t\t\t\t\t\t\t\t\t<a href=\"https:\/\/www2.iepcjalisco.org.mx\/publicaciones\/?page_id=20005\">\n\t\t\t\t\t\t\t<img loading=\"lazy\" decoding=\"async\" width=\"765\" height=\"1024\" src=\"https:\/\/www2.iepcjalisco.org.mx\/publicaciones\/wp-content\/uploads\/2024\/12\/Marco-Juridico-II-765x1024.png\" class=\"attachment-large size-large\" alt=\"\" srcset=\"https:\/\/www2.iepcjalisco.org.mx\/publicaciones\/wp-content\/uploads\/2024\/12\/Marco-Juridico-II-765x1024.png 765w, https:\/\/www2.iepcjalisco.org.mx\/publicaciones\/wp-content\/uploads\/2024\/12\/Marco-Juridico-II-224x300.png 224w, https:\/\/www2.iepcjalisco.org.mx\/publicaciones\/wp-content\/uploads\/2024\/12\/Marco-Juridico-II-768x1028.png 768w, https:\/\/www2.iepcjalisco.org.mx\/publicaciones\/wp-content\/uploads\/2024\/12\/Marco-Juridico-II-580x777.png 580w, https:\/\/www2.iepcjalisco.org.mx\/publicaciones\/wp-content\/uploads\/2024\/12\/Marco-Juridico-II-860x1151.png 860w, https:\/\/www2.iepcjalisco.org.mx\/publicaciones\/wp-content\/uploads\/2024\/12\/Marco-Juridico-II-540x723.png 540w, https:\/\/www2.iepcjalisco.org.mx\/publicaciones\/wp-content\/uploads\/2024\/12\/Marco-Juridico-II-600x803.png 600w, https:\/\/www2.iepcjalisco.org.mx\/publicaciones\/wp-content\/uploads\/2024\/12\/Marco-Juridico-II.png 903w\" sizes=\"auto, (max-width: 765px) 100vw, 765px\" \/>\t\t\t\t\t\t\t\t<\/a>\n\t\t\t\t\t\t\t\t\t\t\t<figcaption class=\"widget-image-caption wp-caption-text\">Marco J\u00faridico lI<\/figcaption>\n\t\t\t\t\t\t\t\t\t\t<\/figure>\n\t\t\t\t\t\t\t\t\t<\/div>\n\t\t\t\t<\/div>\n\t\t\t\t\t<\/div>\n\t\t<\/div>\n\t\t\t\t<div class=\"elementor-column elementor-col-33 elementor-top-column elementor-element elementor-element-8064214\" data-id=\"8064214\" data-element_type=\"column\">\n\t\t\t<div class=\"elementor-widget-wrap elementor-element-populated\">\n\t\t\t\t\t\t\t\t<div class=\"elementor-element elementor-element-36c428c elementor-widget elementor-widget-image\" data-id=\"36c428c\" data-element_type=\"widget\" data-widget_type=\"image.default\">\n\t\t\t\t<div class=\"elementor-widget-container\">\n\t\t\t\t\t\t\t\t\t\t\t\t<figure class=\"wp-caption\">\n\t\t\t\t\t\t\t\t\t\t\t<a href=\"https:\/\/www2.iepcjalisco.org.mx\/publicaciones\/?page_id=20022\">\n\t\t\t\t\t\t\t<img loading=\"lazy\" decoding=\"async\" width=\"765\" height=\"1024\" src=\"https:\/\/www2.iepcjalisco.org.mx\/publicaciones\/wp-content\/uploads\/2024\/12\/Marco-Juridico-III-765x1024.png\" class=\"attachment-large size-large\" alt=\"\" srcset=\"https:\/\/www2.iepcjalisco.org.mx\/publicaciones\/wp-content\/uploads\/2024\/12\/Marco-Juridico-III-765x1024.png 765w, https:\/\/www2.iepcjalisco.org.mx\/publicaciones\/wp-content\/uploads\/2024\/12\/Marco-Juridico-III-224x300.png 224w, https:\/\/www2.iepcjalisco.org.mx\/publicaciones\/wp-content\/uploads\/2024\/12\/Marco-Juridico-III-768x1028.png 768w, https:\/\/www2.iepcjalisco.org.mx\/publicaciones\/wp-content\/uploads\/2024\/12\/Marco-Juridico-III-580x777.png 580w, https:\/\/www2.iepcjalisco.org.mx\/publicaciones\/wp-content\/uploads\/2024\/12\/Marco-Juridico-III-860x1151.png 860w, https:\/\/www2.iepcjalisco.org.mx\/publicaciones\/wp-content\/uploads\/2024\/12\/Marco-Juridico-III-540x723.png 540w, https:\/\/www2.iepcjalisco.org.mx\/publicaciones\/wp-content\/uploads\/2024\/12\/Marco-Juridico-III-600x803.png 600w, https:\/\/www2.iepcjalisco.org.mx\/publicaciones\/wp-content\/uploads\/2024\/12\/Marco-Juridico-III.png 903w\" sizes=\"auto, (max-width: 765px) 100vw, 765px\" \/>\t\t\t\t\t\t\t\t<\/a>\n\t\t\t\t\t\t\t\t\t\t\t<figcaption class=\"widget-image-caption wp-caption-text\">Marco J\u00faridico lII<\/figcaption>\n\t\t\t\t\t\t\t\t\t\t<\/figure>\n\t\t\t\t\t\t\t\t\t<\/div>\n\t\t\t\t<\/div>\n\t\t\t\t\t<\/div>\n\t\t<\/div>\n\t\t\t\t\t\t\t<\/div>\n\t\t<\/section>\n\t\t\t\t<section class=\"elementor-section elementor-top-section elementor-element elementor-element-8ad6bb9 elementor-section-full_width elementor-section-height-default elementor-section-height-default\" data-id=\"8ad6bb9\" data-element_type=\"section\" data-settings=\"{&quot;background_background&quot;:&quot;classic&quot;}\">\n\t\t\t\t\t\t<div class=\"elementor-container elementor-column-gap-default\">\n\t\t\t\t\t<div class=\"elementor-column elementor-col-100 elementor-top-column elementor-element elementor-element-acacbf3\" data-id=\"acacbf3\" data-element_type=\"column\">\n\t\t\t<div class=\"elementor-widget-wrap elementor-element-populated\">\n\t\t\t\t\t\t\t\t<div class=\"elementor-element elementor-element-e69a7d8 elementor-widget elementor-widget-image\" data-id=\"e69a7d8\" data-element_type=\"widget\" data-widget_type=\"image.default\">\n\t\t\t\t<div class=\"elementor-widget-container\">\n\t\t\t\t\t\t\t\t\t\t\t\t\t\t\t\t<a href=\"https:\/\/www2.iepcjalisco.org.mx\/publicaciones\/?page_id=21416\">\n\t\t\t\t\t\t\t<img decoding=\"async\" src=\"https:\/\/www2.iepcjalisco.org.mx\/publicaciones\/wp-content\/uploads\/elementor\/thumbs\/boton-ver-mas-r0ck3ioin9ios4xcpy20e4d1csn4reeh0022l4mss8.png\" title=\"boton ver mas\" alt=\"boton ver mas\" \/>\t\t\t\t\t\t\t\t<\/a>\n\t\t\t\t\t\t\t\t\t\t\t\t\t\t\t<\/div>\n\t\t\t\t<\/div>\n\t\t\t\t\t<\/div>\n\t\t<\/div>\n\t\t\t\t\t\t\t<\/div>\n\t\t<\/section>\n\t\t\t\t\t\t<\/div>\n\t\t\t\t\t<\/div>\n\t\t","protected":false},"excerpt":{"rendered":"<p>Colecci\u00f3n Institucional Memoria Bola\u00f1os 2025 Memoria de Debates Memoria 2023-2024 Marco J\u00faridico l Marco J\u00faridico lI Marco J\u00faridico lII<\/p>\n","protected":false},"author":1,"featured_media":0,"parent":0,"menu_order":0,"comment_status":"closed","ping_status":"closed","template":"","meta":{"footnotes":""},"class_list":["post-19457","page","type-page","status-publish","hentry"],"_links":{"self":[{"href":"https:\/\/www2.iepcjalisco.org.mx\/publicaciones\/index.php?rest_route=\/wp\/v2\/pages\/19457","targetHints":{"allow":["GET"]}}],"collection":[{"href":"https:\/\/www2.iepcjalisco.org.mx\/publicaciones\/index.php?rest_route=\/wp\/v2\/pages"}],"about":[{"href":"https:\/\/www2.iepcjalisco.org.mx\/publicaciones\/index.php?rest_route=\/wp\/v2\/types\/page"}],"author":[{"embeddable":true,"href":"https:\/\/www2.iepcjalisco.org.mx\/publicaciones\/index.php?rest_route=\/wp\/v2\/users\/1"}],"replies":[{"embeddable":true,"href":"https:\/\/www2.iepcjalisco.org.mx\/publicaciones\/index.php?rest_route=%2Fwp%2Fv2%2Fcomments&post=19457"}],"version-history":[{"count":109,"href":"https:\/\/www2.iepcjalisco.org.mx\/publicaciones\/index.php?rest_route=\/wp\/v2\/pages\/19457\/revisions"}],"predecessor-version":[{"id":21777,"href":"https:\/\/www2.iepcjalisco.org.mx\/publicaciones\/index.php?rest_route=\/wp\/v2\/pages\/19457\/revisions\/21777"}],"wp:attachment":[{"href":"https:\/\/www2.iepcjalisco.org.mx\/publicaciones\/index.php?rest_route=%2Fwp%2Fv2%2Fmedia&parent=19457"}],"curies":[{"name":"wp","href":"https:\/\/api.w.org\/{rel}","templated":true}]}}