{"id":19800,"date":"2025-01-22T18:45:57","date_gmt":"2025-01-22T18:45:57","guid":{"rendered":"https:\/\/www2.iepcjalisco.org.mx\/publicaciones\/?page_id=19800"},"modified":"2025-10-02T17:05:41","modified_gmt":"2025-10-02T17:05:41","slug":"tecnologia-y-participacion-ciudadana-en-la-construccion-democratica-edicion-en-espanol","status":"publish","type":"page","link":"https:\/\/www2.iepcjalisco.org.mx\/publicaciones\/?page_id=19800","title":{"rendered":"Tecnolog\u00eda y participaci\u00f3n ciudadana en la construcci\u00f3n democr\u00e1tica (Edici\u00f3n en espa\u00f1ol)"},"content":{"rendered":"\t\t<div data-elementor-type=\"wp-page\" data-elementor-id=\"19800\" class=\"elementor elementor-19800\" data-elementor-settings=\"[]\">\n\t\t\t\t\t\t\t<div class=\"elementor-section-wrap\">\n\t\t\t\t\t\t\t<section class=\"elementor-section elementor-top-section elementor-element elementor-element-b9066bd elementor-section-content-bottom elementor-section-full_width elementor-section-height-default elementor-section-height-default\" data-id=\"b9066bd\" data-element_type=\"section\" data-settings=\"{&quot;background_background&quot;:&quot;classic&quot;}\">\n\t\t\t\t\t\t<div class=\"elementor-container elementor-column-gap-wider\">\n\t\t\t\t\t<div class=\"elementor-column elementor-col-50 elementor-top-column elementor-element elementor-element-2d202f3\" data-id=\"2d202f3\" data-element_type=\"column\">\n\t\t\t<div class=\"elementor-widget-wrap elementor-element-populated\">\n\t\t\t\t\t\t\t\t<div class=\"elementor-element elementor-element-7700179 elementor-widget elementor-widget-image\" data-id=\"7700179\" data-element_type=\"widget\" data-widget_type=\"image.default\">\n\t\t\t\t<div class=\"elementor-widget-container\">\n\t\t\t\t\t\t\t\t\t\t\t\t\t\t\t<img loading=\"lazy\" decoding=\"async\" width=\"768\" height=\"882\" src=\"https:\/\/www2.iepcjalisco.org.mx\/publicaciones\/wp-content\/uploads\/2025\/08\/16-Tecnologia-y_participacion-ciudadana_caleidoscopio-768x882.png\" class=\"attachment-medium_large size-medium_large\" alt=\"\" srcset=\"https:\/\/www2.iepcjalisco.org.mx\/publicaciones\/wp-content\/uploads\/2025\/08\/16-Tecnologia-y_participacion-ciudadana_caleidoscopio-768x882.png 768w, https:\/\/www2.iepcjalisco.org.mx\/publicaciones\/wp-content\/uploads\/2025\/08\/16-Tecnologia-y_participacion-ciudadana_caleidoscopio-261x300.png 261w, https:\/\/www2.iepcjalisco.org.mx\/publicaciones\/wp-content\/uploads\/2025\/08\/16-Tecnologia-y_participacion-ciudadana_caleidoscopio-892x1024.png 892w, https:\/\/www2.iepcjalisco.org.mx\/publicaciones\/wp-content\/uploads\/2025\/08\/16-Tecnologia-y_participacion-ciudadana_caleidoscopio-1338x1536.png 1338w, https:\/\/www2.iepcjalisco.org.mx\/publicaciones\/wp-content\/uploads\/2025\/08\/16-Tecnologia-y_participacion-ciudadana_caleidoscopio-1784x2048.png 1784w, https:\/\/www2.iepcjalisco.org.mx\/publicaciones\/wp-content\/uploads\/2025\/08\/16-Tecnologia-y_participacion-ciudadana_caleidoscopio-1320x1516.png 1320w, https:\/\/www2.iepcjalisco.org.mx\/publicaciones\/wp-content\/uploads\/2025\/08\/16-Tecnologia-y_participacion-ciudadana_caleidoscopio-300x344.png 300w, https:\/\/www2.iepcjalisco.org.mx\/publicaciones\/wp-content\/uploads\/2025\/08\/16-Tecnologia-y_participacion-ciudadana_caleidoscopio-600x689.png 600w\" sizes=\"auto, (max-width: 768px) 100vw, 768px\" \/>\t\t\t\t\t\t\t\t\t\t\t\t\t\t\t<\/div>\n\t\t\t\t<\/div>\n\t\t\t\t\t<\/div>\n\t\t<\/div>\n\t\t\t\t<div class=\"elementor-column elementor-col-50 elementor-top-column elementor-element elementor-element-1992bbd\" data-id=\"1992bbd\" data-element_type=\"column\">\n\t\t\t<div class=\"elementor-widget-wrap elementor-element-populated\">\n\t\t\t\t\t\t\t\t<div class=\"elementor-element elementor-element-6f3873e elementor-widget elementor-widget-text-editor\" data-id=\"6f3873e\" data-element_type=\"widget\" data-widget_type=\"text-editor.default\">\n\t\t\t\t<div class=\"elementor-widget-container\">\n\t\t\t\t\t\t\t<h3><strong>Tecnolog\u00eda y participaci\u00f3n<\/strong><br \/><strong>ciudadana en la construcci\u00f3n<\/strong><br \/><strong>democr\u00e1tica (Edici\u00f3n en espa\u00f1ol)<\/strong><\/h3><p style=\"text-align: left;\">Autor (es): Ravneet Singh, Salvador Romero Ballivi\u00e1n, Pablo Guti\u00e9rrez, Ezra Chiloba Fernando Barrientos del Monte, Marco Antonio Vargas, Aldair de Almeida Anhaia Jos\u00e9 Tom\u00e1s Figueroa Padilla, Ra\u00fal Zambrano, David Sasaki y Jorge Soto<\/p>\t\t\t\t\t\t<\/div>\n\t\t\t\t<\/div>\n\t\t\t\t<div class=\"elementor-element elementor-element-6f034aa elementor-widget-divider--view-line elementor-widget elementor-widget-divider\" data-id=\"6f034aa\" data-element_type=\"widget\" data-widget_type=\"divider.default\">\n\t\t\t\t<div class=\"elementor-widget-container\">\n\t\t\t\t\t<div class=\"elementor-divider\">\n\t\t\t<span class=\"elementor-divider-separator\">\n\t\t\t\t\t\t<\/span>\n\t\t<\/div>\n\t\t\t\t<\/div>\n\t\t\t\t<\/div>\n\t\t\t\t<div class=\"elementor-element elementor-element-d5cfed0 elementor-widget elementor-widget-text-editor\" data-id=\"d5cfed0\" data-element_type=\"widget\" data-widget_type=\"text-editor.default\">\n\t\t\t\t<div class=\"elementor-widget-container\">\n\t\t\t\t\t\t\t<p>Este libro aborda, desde distintos \u00e1ngulos, un tema de gran<br \/>actualidad: la contribuci\u00f3n de las nuevas tecnolog\u00edas de la<br \/>informaci\u00f3n y la comunicaci\u00f3n (TIC) al desarrollo de las<br \/>instituciones y de las pr\u00e1cticas democr\u00e1ticas.<\/p>\t\t\t\t\t\t<\/div>\n\t\t\t\t<\/div>\n\t\t\t\t<div class=\"elementor-element elementor-element-8b3886b elementor-widget-divider--view-line elementor-widget elementor-widget-divider\" data-id=\"8b3886b\" data-element_type=\"widget\" data-widget_type=\"divider.default\">\n\t\t\t\t<div class=\"elementor-widget-container\">\n\t\t\t\t\t<div class=\"elementor-divider\">\n\t\t\t<span class=\"elementor-divider-separator\">\n\t\t\t\t\t\t<\/span>\n\t\t<\/div>\n\t\t\t\t<\/div>\n\t\t\t\t<\/div>\n\t\t\t\t<section class=\"elementor-section elementor-inner-section elementor-element elementor-element-af2922f elementor-section-boxed elementor-section-height-default elementor-section-height-default\" data-id=\"af2922f\" data-element_type=\"section\">\n\t\t\t\t\t\t<div class=\"elementor-container elementor-column-gap-no\">\n\t\t\t\t\t<div class=\"elementor-column elementor-col-100 elementor-inner-column elementor-element elementor-element-0ad8e50\" data-id=\"0ad8e50\" data-element_type=\"column\">\n\t\t\t<div class=\"elementor-widget-wrap elementor-element-populated\">\n\t\t\t\t\t\t\t\t<div class=\"elementor-element elementor-element-f4b2f4a elementor-widget elementor-widget-html\" data-id=\"f4b2f4a\" data-element_type=\"widget\" data-widget_type=\"html.default\">\n\t\t\t\t<div class=\"elementor-widget-container\">\n\t\t\t<a href=\"https:\/\/www2.iepcjalisco.org.mx\/publicaciones\/wp-content\/uploads\/2021\/11\/tecnologia_y_participacion_ciudadana_en_la_construccion_democratica.pdf\"><img decoding=\"async\" src=\"https:\/\/www2.iepcjalisco.org.mx\/publicaciones\/wp-content\/uploads\/2025\/09\/Boto\u0301n_Vista_previa.png\" width=\"220px\"><\/a><a href=\"https:\/\/www2.iepcjalisco.org.mx\/publicaciones\/wp-content\/uploads\/2021\/11\/tecnologia_y_participacion_ciudadana_en_la_construccion_democratica.pdf\" download><img decoding=\"async\" src=\"https:\/\/www2.iepcjalisco.org.mx\/publicaciones\/wp-content\/uploads\/2025\/09\/Boto\u0301n_Descarga.png\" width=\"220px\"><\/a>\r\n\r\n\t\t<\/div>\n\t\t\t\t<\/div>\n\t\t\t\t\t<\/div>\n\t\t<\/div>\n\t\t\t\t\t\t\t<\/div>\n\t\t<\/section>\n\t\t\t\t\t<\/div>\n\t\t<\/div>\n\t\t\t\t\t\t\t<\/div>\n\t\t<\/section>\n\t\t\t\t\t\t<\/div>\n\t\t\t\t\t<\/div>\n\t\t","protected":false},"excerpt":{"rendered":"<p>Tecnolog\u00eda y participaci\u00f3nciudadana en la construcci\u00f3ndemocr\u00e1tica (Edici\u00f3n en espa\u00f1ol) Autor (es): Ravneet Singh, Salvador Romero Ballivi\u00e1n, Pablo Guti\u00e9rrez, Ezra Chiloba Fernando Barrientos del Monte, Marco Antonio Vargas, Aldair de Almeida Anhaia Jos\u00e9 Tom\u00e1s Figueroa Padilla, Ra\u00fal Zambrano, David Sasaki y Jorge Soto Este libro aborda, desde distintos \u00e1ngulos, un tema de granactualidad: la contribuci\u00f3n de [&hellip;]<\/p>\n","protected":false},"author":1,"featured_media":0,"parent":19561,"menu_order":0,"comment_status":"closed","ping_status":"closed","template":"","meta":{"footnotes":""},"class_list":["post-19800","page","type-page","status-publish","hentry"],"_links":{"self":[{"href":"https:\/\/www2.iepcjalisco.org.mx\/publicaciones\/index.php?rest_route=\/wp\/v2\/pages\/19800","targetHints":{"allow":["GET"]}}],"collection":[{"href":"https:\/\/www2.iepcjalisco.org.mx\/publicaciones\/index.php?rest_route=\/wp\/v2\/pages"}],"about":[{"href":"https:\/\/www2.iepcjalisco.org.mx\/publicaciones\/index.php?rest_route=\/wp\/v2\/types\/page"}],"author":[{"embeddable":true,"href":"https:\/\/www2.iepcjalisco.org.mx\/publicaciones\/index.php?rest_route=\/wp\/v2\/users\/1"}],"replies":[{"embeddable":true,"href":"https:\/\/www2.iepcjalisco.org.mx\/publicaciones\/index.php?rest_route=%2Fwp%2Fv2%2Fcomments&post=19800"}],"version-history":[{"count":13,"href":"https:\/\/www2.iepcjalisco.org.mx\/publicaciones\/index.php?rest_route=\/wp\/v2\/pages\/19800\/revisions"}],"predecessor-version":[{"id":21588,"href":"https:\/\/www2.iepcjalisco.org.mx\/publicaciones\/index.php?rest_route=\/wp\/v2\/pages\/19800\/revisions\/21588"}],"up":[{"embeddable":true,"href":"https:\/\/www2.iepcjalisco.org.mx\/publicaciones\/index.php?rest_route=\/wp\/v2\/pages\/19561"}],"wp:attachment":[{"href":"https:\/\/www2.iepcjalisco.org.mx\/publicaciones\/index.php?rest_route=%2Fwp%2Fv2%2Fmedia&parent=19800"}],"curies":[{"name":"wp","href":"https:\/\/api.w.org\/{rel}","templated":true}]}}