{"id":19854,"date":"2025-01-22T19:04:51","date_gmt":"2025-01-22T19:04:51","guid":{"rendered":"https:\/\/www2.iepcjalisco.org.mx\/publicaciones\/?page_id=19854"},"modified":"2026-01-29T16:37:09","modified_gmt":"2026-01-29T16:37:09","slug":"la-jornada-de-un-escrutador","status":"publish","type":"page","link":"https:\/\/www2.iepcjalisco.org.mx\/publicaciones\/?page_id=19854","title":{"rendered":"La jornada de un escrutador"},"content":{"rendered":"\t\t<div data-elementor-type=\"wp-page\" data-elementor-id=\"19854\" class=\"elementor elementor-19854\" data-elementor-settings=\"[]\">\n\t\t\t\t\t\t\t<div class=\"elementor-section-wrap\">\n\t\t\t\t\t\t\t<section class=\"elementor-section elementor-top-section elementor-element elementor-element-b9066bd elementor-section-content-bottom elementor-section-full_width elementor-section-height-default elementor-section-height-default\" data-id=\"b9066bd\" data-element_type=\"section\" data-settings=\"{&quot;background_background&quot;:&quot;classic&quot;}\">\n\t\t\t\t\t\t<div class=\"elementor-container elementor-column-gap-wider\">\n\t\t\t\t\t<div class=\"elementor-column elementor-col-50 elementor-top-column elementor-element elementor-element-2d202f3\" data-id=\"2d202f3\" data-element_type=\"column\">\n\t\t\t<div class=\"elementor-widget-wrap elementor-element-populated\">\n\t\t\t\t\t\t\t\t<div class=\"elementor-element elementor-element-7700179 elementor-widget elementor-widget-image\" data-id=\"7700179\" data-element_type=\"widget\" data-widget_type=\"image.default\">\n\t\t\t\t<div class=\"elementor-widget-container\">\n\t\t\t\t\t\t\t\t\t\t\t\t\t\t\t<img loading=\"lazy\" decoding=\"async\" width=\"768\" height=\"941\" src=\"https:\/\/www2.iepcjalisco.org.mx\/publicaciones\/wp-content\/uploads\/2025\/08\/23-La-jornada-de-un-escrutador-768x941.png\" class=\"attachment-medium_large size-medium_large\" alt=\"\" srcset=\"https:\/\/www2.iepcjalisco.org.mx\/publicaciones\/wp-content\/uploads\/2025\/08\/23-La-jornada-de-un-escrutador-768x941.png 768w, https:\/\/www2.iepcjalisco.org.mx\/publicaciones\/wp-content\/uploads\/2025\/08\/23-La-jornada-de-un-escrutador-245x300.png 245w, https:\/\/www2.iepcjalisco.org.mx\/publicaciones\/wp-content\/uploads\/2025\/08\/23-La-jornada-de-un-escrutador-836x1024.png 836w, https:\/\/www2.iepcjalisco.org.mx\/publicaciones\/wp-content\/uploads\/2025\/08\/23-La-jornada-de-un-escrutador-1254x1536.png 1254w, https:\/\/www2.iepcjalisco.org.mx\/publicaciones\/wp-content\/uploads\/2025\/08\/23-La-jornada-de-un-escrutador-1671x2048.png 1671w, https:\/\/www2.iepcjalisco.org.mx\/publicaciones\/wp-content\/uploads\/2025\/08\/23-La-jornada-de-un-escrutador-1320x1617.png 1320w, https:\/\/www2.iepcjalisco.org.mx\/publicaciones\/wp-content\/uploads\/2025\/08\/23-La-jornada-de-un-escrutador-300x368.png 300w, https:\/\/www2.iepcjalisco.org.mx\/publicaciones\/wp-content\/uploads\/2025\/08\/23-La-jornada-de-un-escrutador-600x735.png 600w\" sizes=\"auto, (max-width: 768px) 100vw, 768px\" \/>\t\t\t\t\t\t\t\t\t\t\t\t\t\t\t<\/div>\n\t\t\t\t<\/div>\n\t\t\t\t\t<\/div>\n\t\t<\/div>\n\t\t\t\t<div class=\"elementor-column elementor-col-50 elementor-top-column elementor-element elementor-element-1992bbd\" data-id=\"1992bbd\" data-element_type=\"column\">\n\t\t\t<div class=\"elementor-widget-wrap elementor-element-populated\">\n\t\t\t\t\t\t\t\t<div class=\"elementor-element elementor-element-6f3873e elementor-widget elementor-widget-text-editor\" data-id=\"6f3873e\" data-element_type=\"widget\" data-widget_type=\"text-editor.default\">\n\t\t\t\t<div class=\"elementor-widget-container\">\n\t\t\t\t\t\t\t<h3><strong>La jornada de un escrutador<\/strong><\/h3><p style=\"text-align: left;\">Autor (es): Italo Calvino<\/p>\t\t\t\t\t\t<\/div>\n\t\t\t\t<\/div>\n\t\t\t\t<div class=\"elementor-element elementor-element-6f034aa elementor-widget-divider--view-line elementor-widget elementor-widget-divider\" data-id=\"6f034aa\" data-element_type=\"widget\" data-widget_type=\"divider.default\">\n\t\t\t\t<div class=\"elementor-widget-container\">\n\t\t\t\t\t<div class=\"elementor-divider\">\n\t\t\t<span class=\"elementor-divider-separator\">\n\t\t\t\t\t\t<\/span>\n\t\t<\/div>\n\t\t\t\t<\/div>\n\t\t\t\t<\/div>\n\t\t\t\t<div class=\"elementor-element elementor-element-d5cfed0 elementor-widget elementor-widget-text-editor\" data-id=\"d5cfed0\" data-element_type=\"widget\" data-widget_type=\"text-editor.default\">\n\t\t\t\t<div class=\"elementor-widget-container\">\n\t\t\t\t\t\t\t<p>La jornada de un escrutador es el libro m\u00e1s atormentado y<br \/>empe\u00f1oso de Italo Calvino, pero es tambi\u00e9n en el que se muestra<br \/>que a\u00fan en medio del infierno aparece la chispa, el instante de<br \/>perfecci\u00f3n al que debemos aspirar. Un libro obligatorio para<br \/>formarnos como ciudadanos.<\/p>\t\t\t\t\t\t<\/div>\n\t\t\t\t<\/div>\n\t\t\t\t<div class=\"elementor-element elementor-element-8b3886b elementor-widget-divider--view-line elementor-widget elementor-widget-divider\" data-id=\"8b3886b\" data-element_type=\"widget\" data-widget_type=\"divider.default\">\n\t\t\t\t<div class=\"elementor-widget-container\">\n\t\t\t\t\t<div class=\"elementor-divider\">\n\t\t\t<span class=\"elementor-divider-separator\">\n\t\t\t\t\t\t<\/span>\n\t\t<\/div>\n\t\t\t\t<\/div>\n\t\t\t\t<\/div>\n\t\t\t\t<section class=\"elementor-section elementor-inner-section elementor-element elementor-element-fb4ea65 elementor-section-boxed elementor-section-height-default elementor-section-height-default\" data-id=\"fb4ea65\" data-element_type=\"section\">\n\t\t\t\t\t\t<div class=\"elementor-container elementor-column-gap-no\">\n\t\t\t\t\t<div class=\"elementor-column elementor-col-100 elementor-inner-column elementor-element elementor-element-34cca93\" data-id=\"34cca93\" data-element_type=\"column\">\n\t\t\t<div class=\"elementor-widget-wrap elementor-element-populated\">\n\t\t\t\t\t\t\t\t<div class=\"elementor-element elementor-element-d557531 elementor-widget elementor-widget-html\" data-id=\"d557531\" data-element_type=\"widget\" data-widget_type=\"html.default\">\n\t\t\t\t<div class=\"elementor-widget-container\">\n\t\t\t<a href=\"https:\/\/www2.iepcjalisco.org.mx\/publicaciones\/wp-content\/uploads\/2021\/11\/la_jornada_de_un_escrutador.pdf\"><img decoding=\"async\" src=\"https:\/\/www2.iepcjalisco.org.mx\/publicaciones\/wp-content\/uploads\/2025\/09\/Boto\u0301n_Vista_previa.png\" width=\"220px\"><\/a><a href=\"https:\/\/www2.iepcjalisco.org.mx\/publicaciones\/wp-content\/uploads\/2021\/11\/la_jornada_de_un_escrutador.pdf\" download><img decoding=\"async\" src=\"https:\/\/www2.iepcjalisco.org.mx\/publicaciones\/wp-content\/uploads\/2025\/09\/Boto\u0301n_Descarga.png\" width=\"220px\"><\/a>\r\n\r\n\t\t<\/div>\n\t\t\t\t<\/div>\n\t\t\t\t\t<\/div>\n\t\t<\/div>\n\t\t\t\t\t\t\t<\/div>\n\t\t<\/section>\n\t\t\t\t\t<\/div>\n\t\t<\/div>\n\t\t\t\t\t\t\t<\/div>\n\t\t<\/section>\n\t\t\t\t\t\t<\/div>\n\t\t\t\t\t<\/div>\n\t\t","protected":false},"excerpt":{"rendered":"<p>La jornada de un escrutador Autor (es): Italo Calvino La jornada de un escrutador es el libro m\u00e1s atormentado yempe\u00f1oso de Italo Calvino, pero es tambi\u00e9n en el que se muestraque a\u00fan en medio del infierno aparece la chispa, el instante deperfecci\u00f3n al que debemos aspirar. Un libro obligatorio paraformarnos como ciudadanos.<\/p>\n","protected":false},"author":1,"featured_media":0,"parent":19561,"menu_order":0,"comment_status":"closed","ping_status":"closed","template":"","meta":{"footnotes":""},"class_list":["post-19854","page","type-page","status-publish","hentry"],"_links":{"self":[{"href":"https:\/\/www2.iepcjalisco.org.mx\/publicaciones\/index.php?rest_route=\/wp\/v2\/pages\/19854","targetHints":{"allow":["GET"]}}],"collection":[{"href":"https:\/\/www2.iepcjalisco.org.mx\/publicaciones\/index.php?rest_route=\/wp\/v2\/pages"}],"about":[{"href":"https:\/\/www2.iepcjalisco.org.mx\/publicaciones\/index.php?rest_route=\/wp\/v2\/types\/page"}],"author":[{"embeddable":true,"href":"https:\/\/www2.iepcjalisco.org.mx\/publicaciones\/index.php?rest_route=\/wp\/v2\/users\/1"}],"replies":[{"embeddable":true,"href":"https:\/\/www2.iepcjalisco.org.mx\/publicaciones\/index.php?rest_route=%2Fwp%2Fv2%2Fcomments&post=19854"}],"version-history":[{"count":13,"href":"https:\/\/www2.iepcjalisco.org.mx\/publicaciones\/index.php?rest_route=\/wp\/v2\/pages\/19854\/revisions"}],"predecessor-version":[{"id":21922,"href":"https:\/\/www2.iepcjalisco.org.mx\/publicaciones\/index.php?rest_route=\/wp\/v2\/pages\/19854\/revisions\/21922"}],"up":[{"embeddable":true,"href":"https:\/\/www2.iepcjalisco.org.mx\/publicaciones\/index.php?rest_route=\/wp\/v2\/pages\/19561"}],"wp:attachment":[{"href":"https:\/\/www2.iepcjalisco.org.mx\/publicaciones\/index.php?rest_route=%2Fwp%2Fv2%2Fmedia&parent=19854"}],"curies":[{"name":"wp","href":"https:\/\/api.w.org\/{rel}","templated":true}]}}