{"id":20363,"date":"2025-02-24T19:48:57","date_gmt":"2025-02-24T19:48:57","guid":{"rendered":"https:\/\/www2.iepcjalisco.org.mx\/publicaciones\/?page_id=20363"},"modified":"2026-02-11T18:03:26","modified_gmt":"2026-02-11T18:03:26","slug":"marco-juridico-electoral-compendio-2011","status":"publish","type":"page","link":"https:\/\/www2.iepcjalisco.org.mx\/publicaciones\/?page_id=20363","title":{"rendered":"Marco jur\u00eddico electoral (compendio) 2011"},"content":{"rendered":"\t\t<div data-elementor-type=\"wp-page\" data-elementor-id=\"20363\" class=\"elementor elementor-20363\" data-elementor-settings=\"[]\">\n\t\t\t\t\t\t\t<div class=\"elementor-section-wrap\">\n\t\t\t\t\t\t\t<section class=\"elementor-section elementor-top-section elementor-element elementor-element-b9066bd elementor-section-content-bottom elementor-section-full_width elementor-section-height-default elementor-section-height-default\" data-id=\"b9066bd\" data-element_type=\"section\" data-settings=\"{&quot;background_background&quot;:&quot;classic&quot;}\">\n\t\t\t\t\t\t<div class=\"elementor-container elementor-column-gap-wider\">\n\t\t\t\t\t<div class=\"elementor-column elementor-col-50 elementor-top-column elementor-element elementor-element-2d202f3\" data-id=\"2d202f3\" data-element_type=\"column\">\n\t\t\t<div class=\"elementor-widget-wrap elementor-element-populated\">\n\t\t\t\t\t\t\t\t<div class=\"elementor-element elementor-element-7700179 elementor-widget elementor-widget-image\" data-id=\"7700179\" data-element_type=\"widget\" data-widget_type=\"image.default\">\n\t\t\t\t<div class=\"elementor-widget-container\">\n\t\t\t\t\t\t\t\t\t\t\t\t\t\t\t<img loading=\"lazy\" decoding=\"async\" width=\"768\" height=\"844\" src=\"https:\/\/www2.iepcjalisco.org.mx\/publicaciones\/wp-content\/uploads\/2025\/08\/37MARC1-768x844.png\" class=\"attachment-medium_large size-medium_large\" alt=\"\" srcset=\"https:\/\/www2.iepcjalisco.org.mx\/publicaciones\/wp-content\/uploads\/2025\/08\/37MARC1-768x844.png 768w, https:\/\/www2.iepcjalisco.org.mx\/publicaciones\/wp-content\/uploads\/2025\/08\/37MARC1-273x300.png 273w, https:\/\/www2.iepcjalisco.org.mx\/publicaciones\/wp-content\/uploads\/2025\/08\/37MARC1-932x1024.png 932w, https:\/\/www2.iepcjalisco.org.mx\/publicaciones\/wp-content\/uploads\/2025\/08\/37MARC1-1398x1536.png 1398w, https:\/\/www2.iepcjalisco.org.mx\/publicaciones\/wp-content\/uploads\/2025\/08\/37MARC1-1864x2048.png 1864w, https:\/\/www2.iepcjalisco.org.mx\/publicaciones\/wp-content\/uploads\/2025\/08\/37MARC1-1320x1451.png 1320w, https:\/\/www2.iepcjalisco.org.mx\/publicaciones\/wp-content\/uploads\/2025\/08\/37MARC1-300x330.png 300w, https:\/\/www2.iepcjalisco.org.mx\/publicaciones\/wp-content\/uploads\/2025\/08\/37MARC1-600x659.png 600w\" sizes=\"auto, (max-width: 768px) 100vw, 768px\" \/>\t\t\t\t\t\t\t\t\t\t\t\t\t\t\t<\/div>\n\t\t\t\t<\/div>\n\t\t\t\t\t<\/div>\n\t\t<\/div>\n\t\t\t\t<div class=\"elementor-column elementor-col-50 elementor-top-column elementor-element elementor-element-1992bbd\" data-id=\"1992bbd\" data-element_type=\"column\">\n\t\t\t<div class=\"elementor-widget-wrap elementor-element-populated\">\n\t\t\t\t\t\t\t\t<div class=\"elementor-element elementor-element-6f3873e elementor-widget elementor-widget-text-editor\" data-id=\"6f3873e\" data-element_type=\"widget\" data-widget_type=\"text-editor.default\">\n\t\t\t\t<div class=\"elementor-widget-container\">\n\t\t\t\t\t\t\t<h3><strong>Marco jur\u00eddico electoral (compendio) 2011<\/strong><\/h3><p style=\"text-align: left;\">Autor (es): IEPC Jalisco<\/p>\t\t\t\t\t\t<\/div>\n\t\t\t\t<\/div>\n\t\t\t\t<div class=\"elementor-element elementor-element-6f034aa elementor-widget-divider--view-line elementor-widget elementor-widget-divider\" data-id=\"6f034aa\" data-element_type=\"widget\" data-widget_type=\"divider.default\">\n\t\t\t\t<div class=\"elementor-widget-container\">\n\t\t\t\t\t<div class=\"elementor-divider\">\n\t\t\t<span class=\"elementor-divider-separator\">\n\t\t\t\t\t\t<\/span>\n\t\t<\/div>\n\t\t\t\t<\/div>\n\t\t\t\t<\/div>\n\t\t\t\t<div class=\"elementor-element elementor-element-d5cfed0 elementor-widget elementor-widget-text-editor\" data-id=\"d5cfed0\" data-element_type=\"widget\" data-widget_type=\"text-editor.default\">\n\t\t\t\t<div class=\"elementor-widget-container\">\n\t\t\t\t\t\t\t<p>El presente material editado por el Instituto Electoral y de Participaci\u00f3n Ciudadana del Estado de Jalisco, fue impreso con motivo del proceso electoral concurrente 2011-2012 y re\u00fane en una sola edici\u00f3n a la Constituci\u00f3n Pol\u00edtica de los Estados Unidos Mexicanos (en lo concerniente a la materia electoral), la Constituci\u00f3n Pol\u00edtica del Estado de Jalisco, el C\u00f3digo Electoral y de Participaci\u00f3n Ciudadana del Estado de Jalisco y el C\u00f3digo Penal del Estado de Jalisco.<\/p>\t\t\t\t\t\t<\/div>\n\t\t\t\t<\/div>\n\t\t\t\t<div class=\"elementor-element elementor-element-8b3886b elementor-widget-divider--view-line elementor-widget elementor-widget-divider\" data-id=\"8b3886b\" data-element_type=\"widget\" data-widget_type=\"divider.default\">\n\t\t\t\t<div class=\"elementor-widget-container\">\n\t\t\t\t\t<div class=\"elementor-divider\">\n\t\t\t<span class=\"elementor-divider-separator\">\n\t\t\t\t\t\t<\/span>\n\t\t<\/div>\n\t\t\t\t<\/div>\n\t\t\t\t<\/div>\n\t\t\t\t<section class=\"elementor-section elementor-inner-section elementor-element elementor-element-57fab9b elementor-section-boxed elementor-section-height-default elementor-section-height-default\" data-id=\"57fab9b\" data-element_type=\"section\">\n\t\t\t\t\t\t<div class=\"elementor-container elementor-column-gap-no\">\n\t\t\t\t\t<div class=\"elementor-column elementor-col-100 elementor-inner-column elementor-element elementor-element-0c888fd\" data-id=\"0c888fd\" data-element_type=\"column\">\n\t\t\t<div class=\"elementor-widget-wrap elementor-element-populated\">\n\t\t\t\t\t\t\t\t<div class=\"elementor-element elementor-element-be59380 elementor-widget elementor-widget-html\" data-id=\"be59380\" data-element_type=\"widget\" data-widget_type=\"html.default\">\n\t\t\t\t<div class=\"elementor-widget-container\">\n\t\t\t<a href=\"https:\/\/www2.iepcjalisco.org.mx\/publicaciones\/wp-content\/uploads\/2021\/11\/marco_juridico_electoral_compendio.pdf\"><img decoding=\"async\" src=\"https:\/\/www2.iepcjalisco.org.mx\/publicaciones\/wp-content\/uploads\/2025\/09\/Boto\u0301n_Vista_previa.png\" width=\"220px\"><\/a><a href=\"https:\/\/www2.iepcjalisco.org.mx\/publicaciones\/wp-content\/uploads\/2021\/11\/marco_juridico_electoral_compendio.pdf\" download><img decoding=\"async\" src=\"https:\/\/www2.iepcjalisco.org.mx\/publicaciones\/wp-content\/uploads\/2025\/09\/Boto\u0301n_Descarga.png\" width=\"220px\"><\/a>\r\n\r\n\t\t<\/div>\n\t\t\t\t<\/div>\n\t\t\t\t\t<\/div>\n\t\t<\/div>\n\t\t\t\t\t\t\t<\/div>\n\t\t<\/section>\n\t\t\t\t\t<\/div>\n\t\t<\/div>\n\t\t\t\t\t\t\t<\/div>\n\t\t<\/section>\n\t\t\t\t\t\t<\/div>\n\t\t\t\t\t<\/div>\n\t\t","protected":false},"excerpt":{"rendered":"<p>Marco jur\u00eddico electoral (compendio) 2011 Autor (es): IEPC Jalisco El presente material editado por el Instituto Electoral y de Participaci\u00f3n Ciudadana del Estado de Jalisco, fue impreso con motivo del proceso electoral concurrente 2011-2012 y re\u00fane en una sola edici\u00f3n a la Constituci\u00f3n Pol\u00edtica de los Estados Unidos Mexicanos (en lo concerniente a la materia [&hellip;]<\/p>\n","protected":false},"author":1,"featured_media":0,"parent":19457,"menu_order":0,"comment_status":"closed","ping_status":"closed","template":"","meta":{"footnotes":""},"class_list":["post-20363","page","type-page","status-publish","hentry"],"_links":{"self":[{"href":"https:\/\/www2.iepcjalisco.org.mx\/publicaciones\/index.php?rest_route=\/wp\/v2\/pages\/20363","targetHints":{"allow":["GET"]}}],"collection":[{"href":"https:\/\/www2.iepcjalisco.org.mx\/publicaciones\/index.php?rest_route=\/wp\/v2\/pages"}],"about":[{"href":"https:\/\/www2.iepcjalisco.org.mx\/publicaciones\/index.php?rest_route=\/wp\/v2\/types\/page"}],"author":[{"embeddable":true,"href":"https:\/\/www2.iepcjalisco.org.mx\/publicaciones\/index.php?rest_route=\/wp\/v2\/users\/1"}],"replies":[{"embeddable":true,"href":"https:\/\/www2.iepcjalisco.org.mx\/publicaciones\/index.php?rest_route=%2Fwp%2Fv2%2Fcomments&post=20363"}],"version-history":[{"count":10,"href":"https:\/\/www2.iepcjalisco.org.mx\/publicaciones\/index.php?rest_route=\/wp\/v2\/pages\/20363\/revisions"}],"predecessor-version":[{"id":22104,"href":"https:\/\/www2.iepcjalisco.org.mx\/publicaciones\/index.php?rest_route=\/wp\/v2\/pages\/20363\/revisions\/22104"}],"up":[{"embeddable":true,"href":"https:\/\/www2.iepcjalisco.org.mx\/publicaciones\/index.php?rest_route=\/wp\/v2\/pages\/19457"}],"wp:attachment":[{"href":"https:\/\/www2.iepcjalisco.org.mx\/publicaciones\/index.php?rest_route=%2Fwp%2Fv2%2Fmedia&parent=20363"}],"curies":[{"name":"wp","href":"https:\/\/api.w.org\/{rel}","templated":true}]}}