{"id":21366,"date":"2025-09-18T20:12:59","date_gmt":"2025-09-18T20:12:59","guid":{"rendered":"https:\/\/www2.iepcjalisco.org.mx\/publicaciones\/?page_id=21366"},"modified":"2025-09-30T16:52:03","modified_gmt":"2025-09-30T16:52:03","slug":"educar-para-la-democracia","status":"publish","type":"page","link":"https:\/\/www2.iepcjalisco.org.mx\/publicaciones\/?page_id=21366","title":{"rendered":"Educar para la democracia"},"content":{"rendered":"\t\t<div data-elementor-type=\"wp-page\" data-elementor-id=\"21366\" class=\"elementor elementor-21366\" data-elementor-settings=\"[]\">\n\t\t\t\t\t\t\t<div class=\"elementor-section-wrap\">\n\t\t\t\t\t\t\t<section class=\"elementor-section elementor-top-section elementor-element elementor-element-b9066bd elementor-section-content-bottom elementor-section-full_width elementor-section-height-default elementor-section-height-default\" data-id=\"b9066bd\" data-element_type=\"section\" data-settings=\"{&quot;background_background&quot;:&quot;classic&quot;}\">\n\t\t\t\t\t\t<div class=\"elementor-container elementor-column-gap-wider\">\n\t\t\t\t\t<div class=\"elementor-column elementor-col-50 elementor-top-column elementor-element elementor-element-2d202f3\" data-id=\"2d202f3\" data-element_type=\"column\">\n\t\t\t<div class=\"elementor-widget-wrap elementor-element-populated\">\n\t\t\t\t\t\t\t\t<div class=\"elementor-element elementor-element-7700179 elementor-widget elementor-widget-image\" data-id=\"7700179\" data-element_type=\"widget\" data-widget_type=\"image.default\">\n\t\t\t\t<div class=\"elementor-widget-container\">\n\t\t\t\t\t\t\t\t\t\t\t\t\t\t\t<img loading=\"lazy\" decoding=\"async\" width=\"768\" height=\"907\" src=\"https:\/\/www2.iepcjalisco.org.mx\/publicaciones\/wp-content\/uploads\/2025\/09\/24-Educar-para-la-democracia-768x907.png\" class=\"attachment-medium_large size-medium_large\" alt=\"\" srcset=\"https:\/\/www2.iepcjalisco.org.mx\/publicaciones\/wp-content\/uploads\/2025\/09\/24-Educar-para-la-democracia-768x907.png 768w, https:\/\/www2.iepcjalisco.org.mx\/publicaciones\/wp-content\/uploads\/2025\/09\/24-Educar-para-la-democracia-254x300.png 254w, https:\/\/www2.iepcjalisco.org.mx\/publicaciones\/wp-content\/uploads\/2025\/09\/24-Educar-para-la-democracia-867x1024.png 867w, https:\/\/www2.iepcjalisco.org.mx\/publicaciones\/wp-content\/uploads\/2025\/09\/24-Educar-para-la-democracia-1300x1536.png 1300w, https:\/\/www2.iepcjalisco.org.mx\/publicaciones\/wp-content\/uploads\/2025\/09\/24-Educar-para-la-democracia-1734x2048.png 1734w\" sizes=\"auto, (max-width: 768px) 100vw, 768px\" \/>\t\t\t\t\t\t\t\t\t\t\t\t\t\t\t<\/div>\n\t\t\t\t<\/div>\n\t\t\t\t\t<\/div>\n\t\t<\/div>\n\t\t\t\t<div class=\"elementor-column elementor-col-50 elementor-top-column elementor-element elementor-element-1992bbd\" data-id=\"1992bbd\" data-element_type=\"column\">\n\t\t\t<div class=\"elementor-widget-wrap elementor-element-populated\">\n\t\t\t\t\t\t\t\t<div class=\"elementor-element elementor-element-6f3873e elementor-widget elementor-widget-text-editor\" data-id=\"6f3873e\" data-element_type=\"widget\" data-widget_type=\"text-editor.default\">\n\t\t\t\t<div class=\"elementor-widget-container\">\n\t\t\t\t\t\t\t<h3><strong>Educar para la democracia<\/strong><\/h3><p style=\"text-align: left;\">Autor (es): \u00c1lvaro Arag\u00f3n Rivera<\/p>\t\t\t\t\t\t<\/div>\n\t\t\t\t<\/div>\n\t\t\t\t<div class=\"elementor-element elementor-element-6f034aa elementor-widget-divider--view-line elementor-widget elementor-widget-divider\" data-id=\"6f034aa\" data-element_type=\"widget\" data-widget_type=\"divider.default\">\n\t\t\t\t<div class=\"elementor-widget-container\">\n\t\t\t\t\t<div class=\"elementor-divider\">\n\t\t\t<span class=\"elementor-divider-separator\">\n\t\t\t\t\t\t<\/span>\n\t\t<\/div>\n\t\t\t\t<\/div>\n\t\t\t\t<\/div>\n\t\t\t\t<div class=\"elementor-element elementor-element-d5cfed0 elementor-widget elementor-widget-text-editor\" data-id=\"d5cfed0\" data-element_type=\"widget\" data-widget_type=\"text-editor.default\">\n\t\t\t\t<div class=\"elementor-widget-container\">\n\t\t\t\t\t\t\t<p>En este ensayo, \u00c1lvaro Arag\u00f3n ahonda en la manera en que los<br \/>saberes democr\u00e1ticos han sido transmitidos de generaci\u00f3n en<br \/>generaci\u00f3n a trav\u00e9s de un breve repaso de los proyectos<br \/>educativos mexicanos del \u00faltimo siglo y medio y la manera en<br \/>que asignaturas como Formaci\u00f3n c\u00edvica y \u00e9tica han incidido en la<br \/>educaci\u00f3n ciudadana del pa\u00eds.<\/p>\t\t\t\t\t\t<\/div>\n\t\t\t\t<\/div>\n\t\t\t\t<div class=\"elementor-element elementor-element-8b3886b elementor-widget-divider--view-line elementor-widget elementor-widget-divider\" data-id=\"8b3886b\" data-element_type=\"widget\" data-widget_type=\"divider.default\">\n\t\t\t\t<div class=\"elementor-widget-container\">\n\t\t\t\t\t<div class=\"elementor-divider\">\n\t\t\t<span class=\"elementor-divider-separator\">\n\t\t\t\t\t\t<\/span>\n\t\t<\/div>\n\t\t\t\t<\/div>\n\t\t\t\t<\/div>\n\t\t\t\t<section class=\"elementor-section elementor-inner-section elementor-element elementor-element-0bf0169 elementor-section-boxed elementor-section-height-default elementor-section-height-default\" data-id=\"0bf0169\" data-element_type=\"section\">\n\t\t\t\t\t\t<div class=\"elementor-container elementor-column-gap-no\">\n\t\t\t\t\t<div class=\"elementor-column elementor-col-100 elementor-inner-column elementor-element elementor-element-422539c\" data-id=\"422539c\" data-element_type=\"column\">\n\t\t\t<div class=\"elementor-widget-wrap elementor-element-populated\">\n\t\t\t\t\t\t\t\t<div class=\"elementor-element elementor-element-81a64b9 elementor-widget elementor-widget-html\" data-id=\"81a64b9\" data-element_type=\"widget\" data-widget_type=\"html.default\">\n\t\t\t\t<div class=\"elementor-widget-container\">\n\t\t\t<a href=\"https:\/\/www2.iepcjalisco.org.mx\/publicaciones\/wp-content\/uploads\/2025\/09\/formacion_civica_y_etica_educar_para_la_democracia.pdf\"><img decoding=\"async\" src=\"https:\/\/www2.iepcjalisco.org.mx\/publicaciones\/wp-content\/uploads\/2025\/09\/Boto\u0301n_Vista_previa.png\" width=\"220px\"><\/a><a href=\"https:\/\/www2.iepcjalisco.org.mx\/publicaciones\/wp-content\/uploads\/2025\/09\/formacion_civica_y_etica_educar_para_la_democracia.pdf\" download><img decoding=\"async\" src=\"https:\/\/www2.iepcjalisco.org.mx\/publicaciones\/wp-content\/uploads\/2025\/09\/Boto\u0301n_Descarga.png\" width=\"220px\"><\/a>\r\n\r\n\t\t<\/div>\n\t\t\t\t<\/div>\n\t\t\t\t\t<\/div>\n\t\t<\/div>\n\t\t\t\t\t\t\t<\/div>\n\t\t<\/section>\n\t\t\t\t\t<\/div>\n\t\t<\/div>\n\t\t\t\t\t\t\t<\/div>\n\t\t<\/section>\n\t\t\t\t\t\t<\/div>\n\t\t\t\t\t<\/div>\n\t\t","protected":false},"excerpt":{"rendered":"<p>Educar para la democracia Autor (es): \u00c1lvaro Arag\u00f3n Rivera En este ensayo, \u00c1lvaro Arag\u00f3n ahonda en la manera en que lossaberes democr\u00e1ticos han sido transmitidos de generaci\u00f3n engeneraci\u00f3n a trav\u00e9s de un breve repaso de los proyectoseducativos mexicanos del \u00faltimo siglo y medio y la manera enque asignaturas como Formaci\u00f3n c\u00edvica y \u00e9tica han incidido [&hellip;]<\/p>\n","protected":false},"author":1,"featured_media":0,"parent":19561,"menu_order":0,"comment_status":"closed","ping_status":"closed","template":"","meta":{"footnotes":""},"class_list":["post-21366","page","type-page","status-publish","hentry"],"_links":{"self":[{"href":"https:\/\/www2.iepcjalisco.org.mx\/publicaciones\/index.php?rest_route=\/wp\/v2\/pages\/21366","targetHints":{"allow":["GET"]}}],"collection":[{"href":"https:\/\/www2.iepcjalisco.org.mx\/publicaciones\/index.php?rest_route=\/wp\/v2\/pages"}],"about":[{"href":"https:\/\/www2.iepcjalisco.org.mx\/publicaciones\/index.php?rest_route=\/wp\/v2\/types\/page"}],"author":[{"embeddable":true,"href":"https:\/\/www2.iepcjalisco.org.mx\/publicaciones\/index.php?rest_route=\/wp\/v2\/users\/1"}],"replies":[{"embeddable":true,"href":"https:\/\/www2.iepcjalisco.org.mx\/publicaciones\/index.php?rest_route=%2Fwp%2Fv2%2Fcomments&post=21366"}],"version-history":[{"count":10,"href":"https:\/\/www2.iepcjalisco.org.mx\/publicaciones\/index.php?rest_route=\/wp\/v2\/pages\/21366\/revisions"}],"predecessor-version":[{"id":21585,"href":"https:\/\/www2.iepcjalisco.org.mx\/publicaciones\/index.php?rest_route=\/wp\/v2\/pages\/21366\/revisions\/21585"}],"up":[{"embeddable":true,"href":"https:\/\/www2.iepcjalisco.org.mx\/publicaciones\/index.php?rest_route=\/wp\/v2\/pages\/19561"}],"wp:attachment":[{"href":"https:\/\/www2.iepcjalisco.org.mx\/publicaciones\/index.php?rest_route=%2Fwp%2Fv2%2Fmedia&parent=21366"}],"curies":[{"name":"wp","href":"https:\/\/api.w.org\/{rel}","templated":true}]}}