{"id":21742,"date":"2025-11-30T04:46:11","date_gmt":"2025-11-30T04:46:11","guid":{"rendered":"https:\/\/www2.iepcjalisco.org.mx\/publicaciones\/?page_id=21742"},"modified":"2025-12-01T01:29:28","modified_gmt":"2025-12-01T01:29:28","slug":"los-avatares-de-la-democracia","status":"publish","type":"page","link":"https:\/\/www2.iepcjalisco.org.mx\/publicaciones\/?page_id=21742","title":{"rendered":"Los avatares de la democracia"},"content":{"rendered":"\t\t<div data-elementor-type=\"wp-page\" data-elementor-id=\"21742\" class=\"elementor elementor-21742\" data-elementor-settings=\"[]\">\n\t\t\t\t\t\t\t<div class=\"elementor-section-wrap\">\n\t\t\t\t\t\t\t<section class=\"elementor-section elementor-top-section elementor-element elementor-element-b9066bd elementor-section-content-bottom elementor-section-full_width elementor-section-height-default elementor-section-height-default\" data-id=\"b9066bd\" data-element_type=\"section\" data-settings=\"{&quot;background_background&quot;:&quot;classic&quot;}\">\n\t\t\t\t\t\t<div class=\"elementor-container elementor-column-gap-wider\">\n\t\t\t\t\t<div class=\"elementor-column elementor-col-50 elementor-top-column elementor-element elementor-element-2d202f3\" data-id=\"2d202f3\" data-element_type=\"column\">\n\t\t\t<div class=\"elementor-widget-wrap elementor-element-populated\">\n\t\t\t\t\t\t\t\t<div class=\"elementor-element elementor-element-e9c8661 elementor-widget elementor-widget-image\" data-id=\"e9c8661\" data-element_type=\"widget\" data-widget_type=\"image.default\">\n\t\t\t\t<div class=\"elementor-widget-container\">\n\t\t\t\t\t\t\t\t\t\t\t\t\t\t\t<img loading=\"lazy\" decoding=\"async\" width=\"548\" height=\"643\" src=\"https:\/\/www2.iepcjalisco.org.mx\/publicaciones\/wp-content\/uploads\/2025\/12\/avatares-2.png\" class=\"attachment-full size-full\" alt=\"\" srcset=\"https:\/\/www2.iepcjalisco.org.mx\/publicaciones\/wp-content\/uploads\/2025\/12\/avatares-2.png 548w, https:\/\/www2.iepcjalisco.org.mx\/publicaciones\/wp-content\/uploads\/2025\/12\/avatares-2-256x300.png 256w\" sizes=\"auto, (max-width: 548px) 100vw, 548px\" \/>\t\t\t\t\t\t\t\t\t\t\t\t\t\t\t<\/div>\n\t\t\t\t<\/div>\n\t\t\t\t\t<\/div>\n\t\t<\/div>\n\t\t\t\t<div class=\"elementor-column elementor-col-50 elementor-top-column elementor-element elementor-element-1992bbd\" data-id=\"1992bbd\" data-element_type=\"column\">\n\t\t\t<div class=\"elementor-widget-wrap elementor-element-populated\">\n\t\t\t\t\t\t\t\t<div class=\"elementor-element elementor-element-6f3873e elementor-widget elementor-widget-text-editor\" data-id=\"6f3873e\" data-element_type=\"widget\" data-widget_type=\"text-editor.default\">\n\t\t\t\t<div class=\"elementor-widget-container\">\n\t\t\t\t\t\t\t<h3><strong>Los avatares de la<\/strong><br \/><strong>democracia<\/strong><\/h3><p style=\"text-align: left;\">Autor (es): Judit Bokser Liwerant<\/p>\t\t\t\t\t\t<\/div>\n\t\t\t\t<\/div>\n\t\t\t\t<div class=\"elementor-element elementor-element-6f034aa elementor-widget-divider--view-line elementor-widget elementor-widget-divider\" data-id=\"6f034aa\" data-element_type=\"widget\" data-widget_type=\"divider.default\">\n\t\t\t\t<div class=\"elementor-widget-container\">\n\t\t\t\t\t<div class=\"elementor-divider\">\n\t\t\t<span class=\"elementor-divider-separator\">\n\t\t\t\t\t\t<\/span>\n\t\t<\/div>\n\t\t\t\t<\/div>\n\t\t\t\t<\/div>\n\t\t\t\t<div class=\"elementor-element elementor-element-d5cfed0 elementor-widget elementor-widget-text-editor\" data-id=\"d5cfed0\" data-element_type=\"widget\" data-widget_type=\"text-editor.default\">\n\t\t\t\t<div class=\"elementor-widget-container\">\n\t\t\t\t\t\t\t<p>Judit Bokser invita a una reflexi\u00f3n profunda sobre los retos que enfrenta la democracia contempor\u00e1nea. En su conferencia en el marco de la FIL 2024, analiza las transformaciones y tensiones que atraviesan los sistemas democr\u00e1ticos en Am\u00e9rica Latina y el mundo. Se\u00f1ala que el desarrollo democr\u00e1tico no es lineal, sino un proceso lleno de avances y retrocesos que revelan tanto esperanzas como desilusiones. Bokser explora la intrincada relaci\u00f3n entre Estado, sociedad civil y ciudadan\u00eda, trilog\u00eda que puede fortalecer o debilitar la vida democr\u00e1tica, especialmente ante el auge de liderazgos autoritarios, desigualdades persistentes y cambios tecnol\u00f3gicos que redefinen lo p\u00fablico. Con una prosa rigurosa y sensible, propone mirar m\u00e1s all\u00e1 y reconocer las oportunidades para fortalecer principios democr\u00e1ticos. El IEPC Jalisco presenta este libro para motivar la reflexi\u00f3n colectiva sobre imaginar y cuidar la democracia.<\/p>\t\t\t\t\t\t<\/div>\n\t\t\t\t<\/div>\n\t\t\t\t<div class=\"elementor-element elementor-element-8b3886b elementor-widget-divider--view-line elementor-widget elementor-widget-divider\" data-id=\"8b3886b\" data-element_type=\"widget\" data-widget_type=\"divider.default\">\n\t\t\t\t<div class=\"elementor-widget-container\">\n\t\t\t\t\t<div class=\"elementor-divider\">\n\t\t\t<span class=\"elementor-divider-separator\">\n\t\t\t\t\t\t<\/span>\n\t\t<\/div>\n\t\t\t\t<\/div>\n\t\t\t\t<\/div>\n\t\t\t\t<section class=\"elementor-section elementor-inner-section elementor-element elementor-element-6c84ce4 elementor-section-boxed elementor-section-height-default elementor-section-height-default\" data-id=\"6c84ce4\" data-element_type=\"section\">\n\t\t\t\t\t\t<div class=\"elementor-container elementor-column-gap-no\">\n\t\t\t\t\t<div class=\"elementor-column elementor-col-100 elementor-inner-column elementor-element elementor-element-73baa03\" data-id=\"73baa03\" data-element_type=\"column\">\n\t\t\t<div class=\"elementor-widget-wrap elementor-element-populated\">\n\t\t\t\t\t\t\t\t<div class=\"elementor-element elementor-element-f4d02bd elementor-widget elementor-widget-html\" data-id=\"f4d02bd\" data-element_type=\"widget\" data-widget_type=\"html.default\">\n\t\t\t\t<div class=\"elementor-widget-container\">\n\t\t\t<a href=\"https:\/\/www2.iepcjalisco.org.mx\/publicaciones\/wp-content\/uploads\/2025\/11\/Libro-Los-Avatares-de-la-democracia-hoy20.pdf\"><img decoding=\"async\" src=\"https:\/\/www2.iepcjalisco.org.mx\/publicaciones\/wp-content\/uploads\/2025\/09\/Boto\u0301n_Vista_previa.png\" width=\"220px\"><\/a><a href=\"https:\/\/www2.iepcjalisco.org.mx\/publicaciones\/wp-content\/uploads\/2025\/11\/Libro-Los-Avatares-de-la-democracia-hoy20.pdf\" download><img decoding=\"async\" src=\"https:\/\/www2.iepcjalisco.org.mx\/publicaciones\/wp-content\/uploads\/2025\/09\/Boto\u0301n_Descarga.png\" width=\"220px\"><\/a>\r\n\r\n\t\t<\/div>\n\t\t\t\t<\/div>\n\t\t\t\t\t<\/div>\n\t\t<\/div>\n\t\t\t\t\t\t\t<\/div>\n\t\t<\/section>\n\t\t\t\t\t<\/div>\n\t\t<\/div>\n\t\t\t\t\t\t\t<\/div>\n\t\t<\/section>\n\t\t\t\t\t\t<\/div>\n\t\t\t\t\t<\/div>\n\t\t","protected":false},"excerpt":{"rendered":"<p>Los avatares de lademocracia Autor (es): Judit Bokser Liwerant Judit Bokser invita a una reflexi\u00f3n profunda sobre los retos que enfrenta la democracia contempor\u00e1nea. En su conferencia en el marco de la FIL 2024, analiza las transformaciones y tensiones que atraviesan los sistemas democr\u00e1ticos en Am\u00e9rica Latina y el mundo. Se\u00f1ala que el desarrollo democr\u00e1tico [&hellip;]<\/p>\n","protected":false},"author":1,"featured_media":0,"parent":19561,"menu_order":0,"comment_status":"closed","ping_status":"closed","template":"","meta":{"footnotes":""},"class_list":["post-21742","page","type-page","status-publish","hentry"],"_links":{"self":[{"href":"https:\/\/www2.iepcjalisco.org.mx\/publicaciones\/index.php?rest_route=\/wp\/v2\/pages\/21742","targetHints":{"allow":["GET"]}}],"collection":[{"href":"https:\/\/www2.iepcjalisco.org.mx\/publicaciones\/index.php?rest_route=\/wp\/v2\/pages"}],"about":[{"href":"https:\/\/www2.iepcjalisco.org.mx\/publicaciones\/index.php?rest_route=\/wp\/v2\/types\/page"}],"author":[{"embeddable":true,"href":"https:\/\/www2.iepcjalisco.org.mx\/publicaciones\/index.php?rest_route=\/wp\/v2\/users\/1"}],"replies":[{"embeddable":true,"href":"https:\/\/www2.iepcjalisco.org.mx\/publicaciones\/index.php?rest_route=%2Fwp%2Fv2%2Fcomments&post=21742"}],"version-history":[{"count":29,"href":"https:\/\/www2.iepcjalisco.org.mx\/publicaciones\/index.php?rest_route=\/wp\/v2\/pages\/21742\/revisions"}],"predecessor-version":[{"id":21858,"href":"https:\/\/www2.iepcjalisco.org.mx\/publicaciones\/index.php?rest_route=\/wp\/v2\/pages\/21742\/revisions\/21858"}],"up":[{"embeddable":true,"href":"https:\/\/www2.iepcjalisco.org.mx\/publicaciones\/index.php?rest_route=\/wp\/v2\/pages\/19561"}],"wp:attachment":[{"href":"https:\/\/www2.iepcjalisco.org.mx\/publicaciones\/index.php?rest_route=%2Fwp%2Fv2%2Fmedia&parent=21742"}],"curies":[{"name":"wp","href":"https:\/\/api.w.org\/{rel}","templated":true}]}}