{"id":3075,"date":"2021-09-06T21:48:21","date_gmt":"2021-09-06T21:48:21","guid":{"rendered":"https:\/\/www2.iepcjalisco.org.mx\/tablero-electoral-2021\/?page_id=3075"},"modified":"2021-10-13T19:18:52","modified_gmt":"2021-10-13T19:18:52","slug":"detalles-de-participacion-ciudadana","status":"publish","type":"page","link":"https:\/\/www2.iepcjalisco.org.mx\/tablero-electoral-2021\/?page_id=3075","title":{"rendered":"Detalles de participaci\u00f3n ciudadana"},"content":{"rendered":"\r\n\r\n\n<p>En este apartado podr\u00e1s consultar datos acerca de la participaci\u00f3n ciudadana en el Proceso Electoral Concurrente 2020-2021.<\/p>\n\t\t\n                Participaci\u00f3n distrital en el proceso electoral 2020-2021<p><p>[table id=12 \/]<\/p><\/p>\n                Participaci\u00f3n municipal en el proceso electoral 2020-2021<p><p>[table id=11 \/]<\/p><\/p>\n                Participaci\u00f3n por tipo de elecci\u00f3n en el proceso electoral 2020-2021<p><p>[table id=16 \/]<\/p><\/p>\n                Participaci\u00f3n de voto en el extranjero en el proceso electoral 2020-2021<p><p>[table id=13 \/]<\/p><\/p>\n                Comparativo de participaci\u00f3n por a\u00f1os<p><p>[table id=15 \/]<\/p>\n<p>*Elecci\u00f3n de diputaciones<\/p><\/p>\n                Comparativo de participaci\u00f3n municipal por a\u00f1os<p><p>[table id=14 \/]<\/p><\/p>\n\t\t\t<a href=\"https:\/\/www2.iepcjalisco.org.mx\/tablero-electoral-2021\/wp-content\/uploads\/2021\/09\/Participacio\u0301n-Ciudadana-Eleccio\u0301n-2021.xlsx\" role=\"button\">\n\t\t\t\t\t\tDescargar informaci\u00f3n\n\t\t\t\t\t<\/a>\n\t\t\t<a href=\"https:\/\/www2.iepcjalisco.org.mx\/tablero-electoral-2021\/wp-content\/uploads\/2021\/10\/RESULTADOS-MUNICIPES.xlsx\" role=\"button\">\n\t\t\t\t\t\tDetalle participaci\u00f3n por secci\u00f3n\n\t\t\t\t\t<\/a>\r\n","protected":false},"excerpt":{"rendered":"<p>En este apartado podr\u00e1s consultar datos acerca de la participaci\u00f3n ciudadana en el Proceso Electoral Concurrente 2020-2021. Participaci\u00f3n distrital en el proceso electoral 2020-2021 [table id=12 \/] Participaci\u00f3n municipal en el proceso electoral 2020-2021 [table id=11 \/] Participaci\u00f3n por tipo de elecci\u00f3n en el proceso electoral 2020-2021 [table id=16 \/] Participaci\u00f3n de voto en el [&hellip;]<\/p>\n","protected":false},"author":3,"featured_media":0,"parent":0,"menu_order":0,"comment_status":"closed","ping_status":"closed","template":"templates\/template-page-full-width.php","meta":[],"_links":{"self":[{"href":"https:\/\/www2.iepcjalisco.org.mx\/tablero-electoral-2021\/index.php?rest_route=\/wp\/v2\/pages\/3075"}],"collection":[{"href":"https:\/\/www2.iepcjalisco.org.mx\/tablero-electoral-2021\/index.php?rest_route=\/wp\/v2\/pages"}],"about":[{"href":"https:\/\/www2.iepcjalisco.org.mx\/tablero-electoral-2021\/index.php?rest_route=\/wp\/v2\/types\/page"}],"author":[{"embeddable":true,"href":"https:\/\/www2.iepcjalisco.org.mx\/tablero-electoral-2021\/index.php?rest_route=\/wp\/v2\/users\/3"}],"replies":[{"embeddable":true,"href":"https:\/\/www2.iepcjalisco.org.mx\/tablero-electoral-2021\/index.php?rest_route=%2Fwp%2Fv2%2Fcomments&post=3075"}],"version-history":[{"count":10,"href":"https:\/\/www2.iepcjalisco.org.mx\/tablero-electoral-2021\/index.php?rest_route=\/wp\/v2\/pages\/3075\/revisions"}],"predecessor-version":[{"id":3154,"href":"https:\/\/www2.iepcjalisco.org.mx\/tablero-electoral-2021\/index.php?rest_route=\/wp\/v2\/pages\/3075\/revisions\/3154"}],"wp:attachment":[{"href":"https:\/\/www2.iepcjalisco.org.mx\/tablero-electoral-2021\/index.php?rest_route=%2Fwp%2Fv2%2Fmedia&parent=3075"}],"curies":[{"name":"wp","href":"https:\/\/api.w.org\/{rel}","templated":true}]}}